{"id":7731,"date":"2019-01-21T11:56:21","date_gmt":"2019-01-21T10:56:21","guid":{"rendered":"http:\/\/eurotrail.info\/producten\/faltbarer-ventilator-230v-12v\/"},"modified":"2021-04-22T12:09:58","modified_gmt":"2021-04-22T11:09:58","slug":"faltbarer-ventilator-230v","status":"publish","type":"product","link":"https:\/\/eurotrail.info\/de\/producten\/haushaltartikel\/ventilatoren\/faltbarer-ventilator-230v\/","title":{"rendered":"Faltbarer Ventilator  230V"},"content":{"rendered":"<p>Trendiger faltbarer Ventilator mit einer praktischen und stabilen Klemme. Der Ventilator ist Fl\u00fcsterleise bei hohem Luftdurchsatz und zu einer kleinen handlichen Packma\u00df faltbar, die Sie fast \u00fcberall verstauen k\u00f6nnen. Die abnehmbaren Silicon Bl\u00e4tter mit 32cm Durchmesser sind weich und ungef\u00e4hrlich. Die starke Klammer sorgt daf\u00fcr, dass der Ventilator an fast jedem Ort befestigt werden kann, zum Beispiel an einem Zeltstock im Vorzelt oder Schrank im Wohnwagen, also \u00fcberall dort, wo Frischluft erw\u00fcnscht ist. Auch erh\u00e4ltlich mit\u00a0 12V Leistung.<\/p>\n<p>Gr\u00f6\u03b2e: 40x15x32cm<br \/>\nGefaltet: 10x12x25cm<br \/>\nDiameter: 32 cm<br \/>\nEinstellung: 1<br \/>\nFan kraft: 6W L\u00fcfterleistung<br \/>\nRotation: 600 r\/m<br \/>\nGer\u00e4uschpegel : 50\/60Hz<br \/>\nMaterial: ABS\/PP<br \/>\nVoltage : 220V or 12v<br \/>\nGewicht: 0.465 kg.<br \/>\nFarbe: 230V Gr\u00fcn<\/p>\n","protected":false},"excerpt":{"rendered":"<p>Trendiger faltbarer Ventilator mit einer praktischen und stabilen Klemme. Der Ventilator ist Fl\u00fcsterleise bei hohem Luftdurchsatz und zu einer kleinen handlichen Packma\u00df faltbar, die Sie&hellip;<\/p>\n","protected":false},"featured_media":7729,"comment_status":"open","ping_status":"closed","template":"","meta":{"_acf_changed":false},"product_brand":[],"product_cat":[78,205],"product_tag":[],"class_list":{"0":"post-7731","1":"product","2":"type-product","3":"status-publish","4":"has-post-thumbnail","6":"product_cat-haushaltartikel","7":"product_cat-ventilatoren","9":"first","10":"instock","11":"shipping-taxable","12":"product-type-simple"},"acf":[],"yoast_head":"<!-- This site is optimized with the Yoast SEO plugin v27.4 - https:\/\/yoast.com\/product\/yoast-seo-wordpress\/ -->\n<title>Faltbarer Ventilator 230V - Eurotrail<\/title>\n<meta name=\"description\" content=\"Trendiger faltbarer Ventilator mit einer praktischen und stabilen Klemme. Der Ventilator ist Fl\u00fcsterleise bei hohem Luftdurchsatz und zu einer kleinen handlichen Packma\u00df faltbar, die Sie fast \u00fcberall verstauen k\u00f6nnen.\" \/>\n<meta name=\"robots\" content=\"index, follow, max-snippet:-1, max-image-preview:large, max-video-preview:-1\" \/>\n<link rel=\"canonical\" href=\"https:\/\/eurotrail.info\/de\/producten\/haushaltartikel\/ventilatoren\/faltbarer-ventilator-230v\/\" \/>\n<meta property=\"og:locale\" content=\"de_DE\" \/>\n<meta property=\"og:type\" content=\"article\" \/>\n<meta property=\"og:title\" content=\"Faltbarer Ventilator 230V - Eurotrail\" \/>\n<meta property=\"og:description\" content=\"Trendiger faltbarer Ventilator mit einer praktischen und stabilen Klemme. Der Ventilator ist Fl\u00fcsterleise bei hohem Luftdurchsatz und zu einer kleinen handlichen Packma\u00df faltbar, die Sie fast \u00fcberall verstauen k\u00f6nnen.\" \/>\n<meta property=\"og:url\" content=\"https:\/\/eurotrail.info\/de\/producten\/haushaltartikel\/ventilatoren\/faltbarer-ventilator-230v\/\" \/>\n<meta property=\"og:site_name\" content=\"Eurotrail\" \/>\n<meta property=\"article:modified_time\" content=\"2021-04-22T11:09:58+00:00\" \/>\n<meta property=\"og:image\" content=\"https:\/\/eurotrail.info\/wp\/wp-content\/uploads\/2019\/01\/ETLT1401-Fan-S-1.jpg\" \/>\n\t<meta property=\"og:image:width\" content=\"1114\" \/>\n\t<meta property=\"og:image:height\" content=\"1772\" \/>\n\t<meta property=\"og:image:type\" content=\"image\/jpeg\" \/>\n<meta name=\"twitter:card\" content=\"summary_large_image\" \/>\n<meta name=\"twitter:label1\" content=\"Gesch\u00e4tzte Lesezeit\" \/>\n\t<meta name=\"twitter:data1\" content=\"1\u00a0Minute\" \/>\n<script type=\"application\/ld+json\" class=\"yoast-schema-graph\">{\"@context\":\"https:\\\/\\\/schema.org\",\"@graph\":[{\"@type\":\"WebPage\",\"@id\":\"https:\\\/\\\/eurotrail.info\\\/de\\\/producten\\\/haushaltartikel\\\/ventilatoren\\\/faltbarer-ventilator-230v\\\/\",\"url\":\"https:\\\/\\\/eurotrail.info\\\/de\\\/producten\\\/haushaltartikel\\\/ventilatoren\\\/faltbarer-ventilator-230v\\\/\",\"name\":\"Faltbarer Ventilator 230V - Eurotrail\",\"isPartOf\":{\"@id\":\"https:\\\/\\\/eurotrail.info\\\/#website\"},\"primaryImageOfPage\":{\"@id\":\"https:\\\/\\\/eurotrail.info\\\/de\\\/producten\\\/haushaltartikel\\\/ventilatoren\\\/faltbarer-ventilator-230v\\\/#primaryimage\"},\"image\":{\"@id\":\"https:\\\/\\\/eurotrail.info\\\/de\\\/producten\\\/haushaltartikel\\\/ventilatoren\\\/faltbarer-ventilator-230v\\\/#primaryimage\"},\"thumbnailUrl\":\"https:\\\/\\\/eurotrail.info\\\/wp\\\/wp-content\\\/uploads\\\/2019\\\/01\\\/ETLT1401-Fan-S-1.jpg\",\"datePublished\":\"2019-01-21T10:56:21+00:00\",\"dateModified\":\"2021-04-22T11:09:58+00:00\",\"description\":\"Trendiger faltbarer Ventilator mit einer praktischen und stabilen Klemme. Der Ventilator ist Fl\u00fcsterleise bei hohem Luftdurchsatz und zu einer kleinen handlichen Packma\u00df faltbar, die Sie fast \u00fcberall verstauen k\u00f6nnen.\",\"breadcrumb\":{\"@id\":\"https:\\\/\\\/eurotrail.info\\\/de\\\/producten\\\/haushaltartikel\\\/ventilatoren\\\/faltbarer-ventilator-230v\\\/#breadcrumb\"},\"inLanguage\":\"de\",\"potentialAction\":[{\"@type\":\"ReadAction\",\"target\":[\"https:\\\/\\\/eurotrail.info\\\/de\\\/producten\\\/haushaltartikel\\\/ventilatoren\\\/faltbarer-ventilator-230v\\\/\"]}]},{\"@type\":\"ImageObject\",\"inLanguage\":\"de\",\"@id\":\"https:\\\/\\\/eurotrail.info\\\/de\\\/producten\\\/haushaltartikel\\\/ventilatoren\\\/faltbarer-ventilator-230v\\\/#primaryimage\",\"url\":\"https:\\\/\\\/eurotrail.info\\\/wp\\\/wp-content\\\/uploads\\\/2019\\\/01\\\/ETLT1401-Fan-S-1.jpg\",\"contentUrl\":\"https:\\\/\\\/eurotrail.info\\\/wp\\\/wp-content\\\/uploads\\\/2019\\\/01\\\/ETLT1401-Fan-S-1.jpg\",\"width\":1114,\"height\":1772,\"caption\":\"230V Trendiger faltbarer Ventilator mit einer praktischen und stabilen Klemme.\"},{\"@type\":\"BreadcrumbList\",\"@id\":\"https:\\\/\\\/eurotrail.info\\\/de\\\/producten\\\/haushaltartikel\\\/ventilatoren\\\/faltbarer-ventilator-230v\\\/#breadcrumb\",\"itemListElement\":[{\"@type\":\"ListItem\",\"position\":1,\"name\":\"Home\",\"item\":\"https:\\\/\\\/eurotrail.info\\\/de\\\/\"},{\"@type\":\"ListItem\",\"position\":2,\"name\":\"Produkte\",\"item\":\"https:\\\/\\\/eurotrail.info\\\/de\\\/produkte\\\/\"},{\"@type\":\"ListItem\",\"position\":3,\"name\":\"Faltbarer Ventilator 230V\"}]},{\"@type\":\"WebSite\",\"@id\":\"https:\\\/\\\/eurotrail.info\\\/#website\",\"url\":\"https:\\\/\\\/eurotrail.info\\\/\",\"name\":\"Eurotrail\",\"description\":\"\",\"publisher\":{\"@id\":\"https:\\\/\\\/eurotrail.info\\\/#organization\"},\"potentialAction\":[{\"@type\":\"SearchAction\",\"target\":{\"@type\":\"EntryPoint\",\"urlTemplate\":\"https:\\\/\\\/eurotrail.info\\\/?s={search_term_string}\"},\"query-input\":{\"@type\":\"PropertyValueSpecification\",\"valueRequired\":true,\"valueName\":\"search_term_string\"}}],\"inLanguage\":\"de\"},{\"@type\":\"Organization\",\"@id\":\"https:\\\/\\\/eurotrail.info\\\/#organization\",\"name\":\"Eurotrail\",\"url\":\"https:\\\/\\\/eurotrail.info\\\/\",\"logo\":{\"@type\":\"ImageObject\",\"inLanguage\":\"de\",\"@id\":\"https:\\\/\\\/eurotrail.info\\\/#\\\/schema\\\/logo\\\/image\\\/\",\"url\":\"https:\\\/\\\/eurotrail.info\\\/wp\\\/wp-content\\\/uploads\\\/2023\\\/07\\\/ET-logo-quote_NL-scaled.jpg\",\"contentUrl\":\"https:\\\/\\\/eurotrail.info\\\/wp\\\/wp-content\\\/uploads\\\/2023\\\/07\\\/ET-logo-quote_NL-scaled.jpg\",\"width\":2560,\"height\":675,\"caption\":\"Eurotrail\"},\"image\":{\"@id\":\"https:\\\/\\\/eurotrail.info\\\/#\\\/schema\\\/logo\\\/image\\\/\"}}]}<\/script>\n<!-- \/ Yoast SEO plugin. -->","yoast_head_json":{"title":"Faltbarer Ventilator 230V - Eurotrail","description":"Trendiger faltbarer Ventilator mit einer praktischen und stabilen Klemme. Der Ventilator ist Fl\u00fcsterleise bei hohem Luftdurchsatz und zu einer kleinen handlichen Packma\u00df faltbar, die Sie fast \u00fcberall verstauen k\u00f6nnen.","robots":{"index":"index","follow":"follow","max-snippet":"max-snippet:-1","max-image-preview":"max-image-preview:large","max-video-preview":"max-video-preview:-1"},"canonical":"https:\/\/eurotrail.info\/de\/producten\/haushaltartikel\/ventilatoren\/faltbarer-ventilator-230v\/","og_locale":"de_DE","og_type":"article","og_title":"Faltbarer Ventilator 230V - Eurotrail","og_description":"Trendiger faltbarer Ventilator mit einer praktischen und stabilen Klemme. Der Ventilator ist Fl\u00fcsterleise bei hohem Luftdurchsatz und zu einer kleinen handlichen Packma\u00df faltbar, die Sie fast \u00fcberall verstauen k\u00f6nnen.","og_url":"https:\/\/eurotrail.info\/de\/producten\/haushaltartikel\/ventilatoren\/faltbarer-ventilator-230v\/","og_site_name":"Eurotrail","article_modified_time":"2021-04-22T11:09:58+00:00","og_image":[{"width":1114,"height":1772,"url":"https:\/\/eurotrail.info\/wp\/wp-content\/uploads\/2019\/01\/ETLT1401-Fan-S-1.jpg","type":"image\/jpeg"}],"twitter_card":"summary_large_image","twitter_misc":{"Gesch\u00e4tzte Lesezeit":"1\u00a0Minute"},"schema":{"@context":"https:\/\/schema.org","@graph":[{"@type":"WebPage","@id":"https:\/\/eurotrail.info\/de\/producten\/haushaltartikel\/ventilatoren\/faltbarer-ventilator-230v\/","url":"https:\/\/eurotrail.info\/de\/producten\/haushaltartikel\/ventilatoren\/faltbarer-ventilator-230v\/","name":"Faltbarer Ventilator 230V - Eurotrail","isPartOf":{"@id":"https:\/\/eurotrail.info\/#website"},"primaryImageOfPage":{"@id":"https:\/\/eurotrail.info\/de\/producten\/haushaltartikel\/ventilatoren\/faltbarer-ventilator-230v\/#primaryimage"},"image":{"@id":"https:\/\/eurotrail.info\/de\/producten\/haushaltartikel\/ventilatoren\/faltbarer-ventilator-230v\/#primaryimage"},"thumbnailUrl":"https:\/\/eurotrail.info\/wp\/wp-content\/uploads\/2019\/01\/ETLT1401-Fan-S-1.jpg","datePublished":"2019-01-21T10:56:21+00:00","dateModified":"2021-04-22T11:09:58+00:00","description":"Trendiger faltbarer Ventilator mit einer praktischen und stabilen Klemme. Der Ventilator ist Fl\u00fcsterleise bei hohem Luftdurchsatz und zu einer kleinen handlichen Packma\u00df faltbar, die Sie fast \u00fcberall verstauen k\u00f6nnen.","breadcrumb":{"@id":"https:\/\/eurotrail.info\/de\/producten\/haushaltartikel\/ventilatoren\/faltbarer-ventilator-230v\/#breadcrumb"},"inLanguage":"de","potentialAction":[{"@type":"ReadAction","target":["https:\/\/eurotrail.info\/de\/producten\/haushaltartikel\/ventilatoren\/faltbarer-ventilator-230v\/"]}]},{"@type":"ImageObject","inLanguage":"de","@id":"https:\/\/eurotrail.info\/de\/producten\/haushaltartikel\/ventilatoren\/faltbarer-ventilator-230v\/#primaryimage","url":"https:\/\/eurotrail.info\/wp\/wp-content\/uploads\/2019\/01\/ETLT1401-Fan-S-1.jpg","contentUrl":"https:\/\/eurotrail.info\/wp\/wp-content\/uploads\/2019\/01\/ETLT1401-Fan-S-1.jpg","width":1114,"height":1772,"caption":"230V Trendiger faltbarer Ventilator mit einer praktischen und stabilen Klemme."},{"@type":"BreadcrumbList","@id":"https:\/\/eurotrail.info\/de\/producten\/haushaltartikel\/ventilatoren\/faltbarer-ventilator-230v\/#breadcrumb","itemListElement":[{"@type":"ListItem","position":1,"name":"Home","item":"https:\/\/eurotrail.info\/de\/"},{"@type":"ListItem","position":2,"name":"Produkte","item":"https:\/\/eurotrail.info\/de\/produkte\/"},{"@type":"ListItem","position":3,"name":"Faltbarer Ventilator 230V"}]},{"@type":"WebSite","@id":"https:\/\/eurotrail.info\/#website","url":"https:\/\/eurotrail.info\/","name":"Eurotrail","description":"","publisher":{"@id":"https:\/\/eurotrail.info\/#organization"},"potentialAction":[{"@type":"SearchAction","target":{"@type":"EntryPoint","urlTemplate":"https:\/\/eurotrail.info\/?s={search_term_string}"},"query-input":{"@type":"PropertyValueSpecification","valueRequired":true,"valueName":"search_term_string"}}],"inLanguage":"de"},{"@type":"Organization","@id":"https:\/\/eurotrail.info\/#organization","name":"Eurotrail","url":"https:\/\/eurotrail.info\/","logo":{"@type":"ImageObject","inLanguage":"de","@id":"https:\/\/eurotrail.info\/#\/schema\/logo\/image\/","url":"https:\/\/eurotrail.info\/wp\/wp-content\/uploads\/2023\/07\/ET-logo-quote_NL-scaled.jpg","contentUrl":"https:\/\/eurotrail.info\/wp\/wp-content\/uploads\/2023\/07\/ET-logo-quote_NL-scaled.jpg","width":2560,"height":675,"caption":"Eurotrail"},"image":{"@id":"https:\/\/eurotrail.info\/#\/schema\/logo\/image\/"}}]}},"_links":{"self":[{"href":"https:\/\/eurotrail.info\/de\/wp-json\/wp\/v2\/product\/7731","targetHints":{"allow":["GET"]}}],"collection":[{"href":"https:\/\/eurotrail.info\/de\/wp-json\/wp\/v2\/product"}],"about":[{"href":"https:\/\/eurotrail.info\/de\/wp-json\/wp\/v2\/types\/product"}],"replies":[{"embeddable":true,"href":"https:\/\/eurotrail.info\/de\/wp-json\/wp\/v2\/comments?post=7731"}],"wp:featuredmedia":[{"embeddable":true,"href":"https:\/\/eurotrail.info\/de\/wp-json\/wp\/v2\/media\/7729"}],"wp:attachment":[{"href":"https:\/\/eurotrail.info\/de\/wp-json\/wp\/v2\/media?parent=7731"}],"wp:term":[{"taxonomy":"product_brand","embeddable":true,"href":"https:\/\/eurotrail.info\/de\/wp-json\/wp\/v2\/product_brand?post=7731"},{"taxonomy":"product_cat","embeddable":true,"href":"https:\/\/eurotrail.info\/de\/wp-json\/wp\/v2\/product_cat?post=7731"},{"taxonomy":"product_tag","embeddable":true,"href":"https:\/\/eurotrail.info\/de\/wp-json\/wp\/v2\/product_tag?post=7731"}],"curies":[{"name":"wp","href":"https:\/\/api.w.org\/{rel}","templated":true}]}}