{"id":7755,"date":"2019-01-21T12:23:20","date_gmt":"2019-01-21T11:23:20","guid":{"rendered":"http:\/\/eurotrail.info\/producten\/neu-kulturbeutel\/"},"modified":"2020-01-30T12:34:45","modified_gmt":"2020-01-30T11:34:45","slug":"kulturbeutel","status":"publish","type":"product","link":"https:\/\/eurotrail.info\/de\/producten\/zubehoer\/utensilientasche\/kulturbeutel\/","title":{"rendered":"Kulturbeutel"},"content":{"rendered":"<p>Praktischer Kulturbeutel, der genug Platz f\u00fcr alle Ihre Toilettenartikel bietet. Der Kulturbeutel besteht aus wasserabweisendem PVC-Material und hat ein ger\u00e4umiges Hauptfach f\u00fcr Ihre gr\u00f6\u00dferen Toilettenartikel und mehrere kleine Netztaschen f\u00fcr die anderen Gegenst\u00e4nde. Der Kulturbeutel ist mit einem Aufh\u00e4ngehaken ausgestattet, damit Sie den Kulturbeutel \u00fcberall trocken h\u00e4ngen k\u00f6nnen, ohne ihn auf einen nassen Boden stellen zu m\u00fcssen. Die perfekte Kulturtasche f\u00fcr den t\u00e4glichen Gebrauch auf dem Campingplatz oder auf Reisen.<\/p>\n<p>Gr\u00f6\u03b2e: 26x14x12cm<br \/>\nMaterial: 100% polyester PVC<br \/>\nGewicht: 295 gr.<br \/>\nFarbe: Schwarz<\/p>\n","protected":false},"excerpt":{"rendered":"<p>Praktischer Kulturbeutel, der genug Platz f\u00fcr alle Ihre Toilettenartikel bietet. Der Kulturbeutel besteht aus wasserabweisendem PVC-Material und hat ein ger\u00e4umiges Hauptfach f\u00fcr Ihre gr\u00f6\u00dferen Toilettenartikel&hellip;<\/p>\n","protected":false},"featured_media":7750,"comment_status":"open","ping_status":"closed","template":"","meta":{"_acf_changed":false},"product_brand":[],"product_cat":[181,66],"product_tag":[],"class_list":{"0":"post-7755","1":"product","2":"type-product","3":"status-publish","4":"has-post-thumbnail","6":"product_cat-utensilientasche","7":"product_cat-zubehoer","9":"first","10":"instock","11":"shipping-taxable","12":"product-type-simple"},"acf":[],"yoast_head":"<!-- This site is optimized with the Yoast SEO plugin v27.4 - https:\/\/yoast.com\/product\/yoast-seo-wordpress\/ -->\n<title>Kulturbeutel - Eurotrail<\/title>\n<meta name=\"robots\" content=\"index, follow, max-snippet:-1, max-image-preview:large, max-video-preview:-1\" \/>\n<link rel=\"canonical\" href=\"https:\/\/eurotrail.info\/de\/producten\/zubehoer\/utensilientasche\/kulturbeutel\/\" \/>\n<meta property=\"og:locale\" content=\"de_DE\" \/>\n<meta property=\"og:type\" content=\"article\" \/>\n<meta property=\"og:title\" content=\"Kulturbeutel - Eurotrail\" \/>\n<meta property=\"og:description\" content=\"Praktischer Kulturbeutel, der genug Platz f\u00fcr alle Ihre Toilettenartikel bietet. Der Kulturbeutel besteht aus wasserabweisendem PVC-Material und hat ein ger\u00e4umiges Hauptfach f\u00fcr Ihre gr\u00f6\u00dferen Toilettenartikel&hellip;\" \/>\n<meta property=\"og:url\" content=\"https:\/\/eurotrail.info\/de\/producten\/zubehoer\/utensilientasche\/kulturbeutel\/\" \/>\n<meta property=\"og:site_name\" content=\"Eurotrail\" \/>\n<meta property=\"article:modified_time\" content=\"2020-01-30T11:34:45+00:00\" \/>\n<meta property=\"og:image\" content=\"https:\/\/eurotrail.info\/wp\/wp-content\/uploads\/2019\/01\/ETAC0302-Toilet-bag-InUse-19-02.jpg\" \/>\n\t<meta property=\"og:image:width\" content=\"1076\" \/>\n\t<meta property=\"og:image:height\" content=\"1772\" \/>\n\t<meta property=\"og:image:type\" content=\"image\/jpeg\" \/>\n<meta name=\"twitter:card\" content=\"summary_large_image\" \/>\n<script type=\"application\/ld+json\" class=\"yoast-schema-graph\">{\"@context\":\"https:\\\/\\\/schema.org\",\"@graph\":[{\"@type\":\"WebPage\",\"@id\":\"https:\\\/\\\/eurotrail.info\\\/de\\\/producten\\\/zubehoer\\\/utensilientasche\\\/kulturbeutel\\\/\",\"url\":\"https:\\\/\\\/eurotrail.info\\\/de\\\/producten\\\/zubehoer\\\/utensilientasche\\\/kulturbeutel\\\/\",\"name\":\"Kulturbeutel - Eurotrail\",\"isPartOf\":{\"@id\":\"https:\\\/\\\/eurotrail.info\\\/#website\"},\"primaryImageOfPage\":{\"@id\":\"https:\\\/\\\/eurotrail.info\\\/de\\\/producten\\\/zubehoer\\\/utensilientasche\\\/kulturbeutel\\\/#primaryimage\"},\"image\":{\"@id\":\"https:\\\/\\\/eurotrail.info\\\/de\\\/producten\\\/zubehoer\\\/utensilientasche\\\/kulturbeutel\\\/#primaryimage\"},\"thumbnailUrl\":\"https:\\\/\\\/eurotrail.info\\\/wp\\\/wp-content\\\/uploads\\\/2019\\\/01\\\/ETAC0302-Toilet-bag-InUse-19-02.jpg\",\"datePublished\":\"2019-01-21T11:23:20+00:00\",\"dateModified\":\"2020-01-30T11:34:45+00:00\",\"breadcrumb\":{\"@id\":\"https:\\\/\\\/eurotrail.info\\\/de\\\/producten\\\/zubehoer\\\/utensilientasche\\\/kulturbeutel\\\/#breadcrumb\"},\"inLanguage\":\"de\",\"potentialAction\":[{\"@type\":\"ReadAction\",\"target\":[\"https:\\\/\\\/eurotrail.info\\\/de\\\/producten\\\/zubehoer\\\/utensilientasche\\\/kulturbeutel\\\/\"]}]},{\"@type\":\"ImageObject\",\"inLanguage\":\"de\",\"@id\":\"https:\\\/\\\/eurotrail.info\\\/de\\\/producten\\\/zubehoer\\\/utensilientasche\\\/kulturbeutel\\\/#primaryimage\",\"url\":\"https:\\\/\\\/eurotrail.info\\\/wp\\\/wp-content\\\/uploads\\\/2019\\\/01\\\/ETAC0302-Toilet-bag-InUse-19-02.jpg\",\"contentUrl\":\"https:\\\/\\\/eurotrail.info\\\/wp\\\/wp-content\\\/uploads\\\/2019\\\/01\\\/ETAC0302-Toilet-bag-InUse-19-02.jpg\",\"width\":1076,\"height\":1772,\"caption\":\"Praktischer Kulturbeutel f\u00fcr alle Ihre Toilettenartikel\"},{\"@type\":\"BreadcrumbList\",\"@id\":\"https:\\\/\\\/eurotrail.info\\\/de\\\/producten\\\/zubehoer\\\/utensilientasche\\\/kulturbeutel\\\/#breadcrumb\",\"itemListElement\":[{\"@type\":\"ListItem\",\"position\":1,\"name\":\"Home\",\"item\":\"https:\\\/\\\/eurotrail.info\\\/de\\\/\"},{\"@type\":\"ListItem\",\"position\":2,\"name\":\"Produkte\",\"item\":\"https:\\\/\\\/eurotrail.info\\\/de\\\/produkte\\\/\"},{\"@type\":\"ListItem\",\"position\":3,\"name\":\"Kulturbeutel\"}]},{\"@type\":\"WebSite\",\"@id\":\"https:\\\/\\\/eurotrail.info\\\/#website\",\"url\":\"https:\\\/\\\/eurotrail.info\\\/\",\"name\":\"Eurotrail\",\"description\":\"\",\"publisher\":{\"@id\":\"https:\\\/\\\/eurotrail.info\\\/#organization\"},\"potentialAction\":[{\"@type\":\"SearchAction\",\"target\":{\"@type\":\"EntryPoint\",\"urlTemplate\":\"https:\\\/\\\/eurotrail.info\\\/?s={search_term_string}\"},\"query-input\":{\"@type\":\"PropertyValueSpecification\",\"valueRequired\":true,\"valueName\":\"search_term_string\"}}],\"inLanguage\":\"de\"},{\"@type\":\"Organization\",\"@id\":\"https:\\\/\\\/eurotrail.info\\\/#organization\",\"name\":\"Eurotrail\",\"url\":\"https:\\\/\\\/eurotrail.info\\\/\",\"logo\":{\"@type\":\"ImageObject\",\"inLanguage\":\"de\",\"@id\":\"https:\\\/\\\/eurotrail.info\\\/#\\\/schema\\\/logo\\\/image\\\/\",\"url\":\"https:\\\/\\\/eurotrail.info\\\/wp\\\/wp-content\\\/uploads\\\/2023\\\/07\\\/ET-logo-quote_NL-scaled.jpg\",\"contentUrl\":\"https:\\\/\\\/eurotrail.info\\\/wp\\\/wp-content\\\/uploads\\\/2023\\\/07\\\/ET-logo-quote_NL-scaled.jpg\",\"width\":2560,\"height\":675,\"caption\":\"Eurotrail\"},\"image\":{\"@id\":\"https:\\\/\\\/eurotrail.info\\\/#\\\/schema\\\/logo\\\/image\\\/\"}}]}<\/script>\n<!-- \/ Yoast SEO plugin. -->","yoast_head_json":{"title":"Kulturbeutel - Eurotrail","robots":{"index":"index","follow":"follow","max-snippet":"max-snippet:-1","max-image-preview":"max-image-preview:large","max-video-preview":"max-video-preview:-1"},"canonical":"https:\/\/eurotrail.info\/de\/producten\/zubehoer\/utensilientasche\/kulturbeutel\/","og_locale":"de_DE","og_type":"article","og_title":"Kulturbeutel - Eurotrail","og_description":"Praktischer Kulturbeutel, der genug Platz f\u00fcr alle Ihre Toilettenartikel bietet. Der Kulturbeutel besteht aus wasserabweisendem PVC-Material und hat ein ger\u00e4umiges Hauptfach f\u00fcr Ihre gr\u00f6\u00dferen Toilettenartikel&hellip;","og_url":"https:\/\/eurotrail.info\/de\/producten\/zubehoer\/utensilientasche\/kulturbeutel\/","og_site_name":"Eurotrail","article_modified_time":"2020-01-30T11:34:45+00:00","og_image":[{"width":1076,"height":1772,"url":"https:\/\/eurotrail.info\/wp\/wp-content\/uploads\/2019\/01\/ETAC0302-Toilet-bag-InUse-19-02.jpg","type":"image\/jpeg"}],"twitter_card":"summary_large_image","schema":{"@context":"https:\/\/schema.org","@graph":[{"@type":"WebPage","@id":"https:\/\/eurotrail.info\/de\/producten\/zubehoer\/utensilientasche\/kulturbeutel\/","url":"https:\/\/eurotrail.info\/de\/producten\/zubehoer\/utensilientasche\/kulturbeutel\/","name":"Kulturbeutel - Eurotrail","isPartOf":{"@id":"https:\/\/eurotrail.info\/#website"},"primaryImageOfPage":{"@id":"https:\/\/eurotrail.info\/de\/producten\/zubehoer\/utensilientasche\/kulturbeutel\/#primaryimage"},"image":{"@id":"https:\/\/eurotrail.info\/de\/producten\/zubehoer\/utensilientasche\/kulturbeutel\/#primaryimage"},"thumbnailUrl":"https:\/\/eurotrail.info\/wp\/wp-content\/uploads\/2019\/01\/ETAC0302-Toilet-bag-InUse-19-02.jpg","datePublished":"2019-01-21T11:23:20+00:00","dateModified":"2020-01-30T11:34:45+00:00","breadcrumb":{"@id":"https:\/\/eurotrail.info\/de\/producten\/zubehoer\/utensilientasche\/kulturbeutel\/#breadcrumb"},"inLanguage":"de","potentialAction":[{"@type":"ReadAction","target":["https:\/\/eurotrail.info\/de\/producten\/zubehoer\/utensilientasche\/kulturbeutel\/"]}]},{"@type":"ImageObject","inLanguage":"de","@id":"https:\/\/eurotrail.info\/de\/producten\/zubehoer\/utensilientasche\/kulturbeutel\/#primaryimage","url":"https:\/\/eurotrail.info\/wp\/wp-content\/uploads\/2019\/01\/ETAC0302-Toilet-bag-InUse-19-02.jpg","contentUrl":"https:\/\/eurotrail.info\/wp\/wp-content\/uploads\/2019\/01\/ETAC0302-Toilet-bag-InUse-19-02.jpg","width":1076,"height":1772,"caption":"Praktischer Kulturbeutel f\u00fcr alle Ihre Toilettenartikel"},{"@type":"BreadcrumbList","@id":"https:\/\/eurotrail.info\/de\/producten\/zubehoer\/utensilientasche\/kulturbeutel\/#breadcrumb","itemListElement":[{"@type":"ListItem","position":1,"name":"Home","item":"https:\/\/eurotrail.info\/de\/"},{"@type":"ListItem","position":2,"name":"Produkte","item":"https:\/\/eurotrail.info\/de\/produkte\/"},{"@type":"ListItem","position":3,"name":"Kulturbeutel"}]},{"@type":"WebSite","@id":"https:\/\/eurotrail.info\/#website","url":"https:\/\/eurotrail.info\/","name":"Eurotrail","description":"","publisher":{"@id":"https:\/\/eurotrail.info\/#organization"},"potentialAction":[{"@type":"SearchAction","target":{"@type":"EntryPoint","urlTemplate":"https:\/\/eurotrail.info\/?s={search_term_string}"},"query-input":{"@type":"PropertyValueSpecification","valueRequired":true,"valueName":"search_term_string"}}],"inLanguage":"de"},{"@type":"Organization","@id":"https:\/\/eurotrail.info\/#organization","name":"Eurotrail","url":"https:\/\/eurotrail.info\/","logo":{"@type":"ImageObject","inLanguage":"de","@id":"https:\/\/eurotrail.info\/#\/schema\/logo\/image\/","url":"https:\/\/eurotrail.info\/wp\/wp-content\/uploads\/2023\/07\/ET-logo-quote_NL-scaled.jpg","contentUrl":"https:\/\/eurotrail.info\/wp\/wp-content\/uploads\/2023\/07\/ET-logo-quote_NL-scaled.jpg","width":2560,"height":675,"caption":"Eurotrail"},"image":{"@id":"https:\/\/eurotrail.info\/#\/schema\/logo\/image\/"}}]}},"_links":{"self":[{"href":"https:\/\/eurotrail.info\/de\/wp-json\/wp\/v2\/product\/7755","targetHints":{"allow":["GET"]}}],"collection":[{"href":"https:\/\/eurotrail.info\/de\/wp-json\/wp\/v2\/product"}],"about":[{"href":"https:\/\/eurotrail.info\/de\/wp-json\/wp\/v2\/types\/product"}],"replies":[{"embeddable":true,"href":"https:\/\/eurotrail.info\/de\/wp-json\/wp\/v2\/comments?post=7755"}],"wp:featuredmedia":[{"embeddable":true,"href":"https:\/\/eurotrail.info\/de\/wp-json\/wp\/v2\/media\/7750"}],"wp:attachment":[{"href":"https:\/\/eurotrail.info\/de\/wp-json\/wp\/v2\/media?parent=7755"}],"wp:term":[{"taxonomy":"product_brand","embeddable":true,"href":"https:\/\/eurotrail.info\/de\/wp-json\/wp\/v2\/product_brand?post=7755"},{"taxonomy":"product_cat","embeddable":true,"href":"https:\/\/eurotrail.info\/de\/wp-json\/wp\/v2\/product_cat?post=7755"},{"taxonomy":"product_tag","embeddable":true,"href":"https:\/\/eurotrail.info\/de\/wp-json\/wp\/v2\/product_tag?post=7755"}],"curies":[{"name":"wp","href":"https:\/\/api.w.org\/{rel}","templated":true}]}}