{"id":7779,"date":"2019-01-21T12:37:40","date_gmt":"2019-01-21T11:37:40","guid":{"rendered":"http:\/\/eurotrail.info\/producten\/neu-duschbeutel-mit-haken\/"},"modified":"2020-01-30T12:09:51","modified_gmt":"2020-01-30T11:09:51","slug":"neu-duschbeutel-mit-haken","status":"publish","type":"product","link":"https:\/\/eurotrail.info\/de\/producten\/zubehoer\/utensilientasche\/neu-duschbeutel-mit-haken\/","title":{"rendered":"Duschbeutel mit Haken."},"content":{"rendered":"<p>Duschbeutel mit Haken. Diese Dusch-Organizer-Tasche bietet viel Stauraum f\u00fcr alle Ihre Toiletten- und Duschutensilien. Die Tasche besteht aus wasserabweisendem PVC-Gewebe und kommt mit einer herausnehmbaren Netzinnentasche, die Sie in der Dusche verwenden k\u00f6nnen. Mit dem Haken k\u00f6nnen Sie die Duschbeutel \u00fcberall aufh\u00e4ngen, so dass die Tasche trocken und sauber bleibt, anstatt sie auf den nassen Boden zu stellen. Die Netztaschen erleichtern das Aufbewahren aller Toilettenartikel. Ideal f\u00fcr den Einsatz auf dem Campingplatz oder Wochenendausflug!<\/p>\n<p>Gr\u00f6\u03b2e: 24x25x10cm<br \/>\nMaterial: 100% Polyester PVC<br \/>\nGewicht: 383 gr.<br \/>\nFarbe: Schwarz<\/p>\n","protected":false},"excerpt":{"rendered":"<p>Duschbeutel mit Haken. Diese Dusch-Organizer-Tasche bietet viel Stauraum f\u00fcr alle Ihre Toiletten- und Duschutensilien. Die Tasche besteht aus wasserabweisendem PVC-Gewebe und kommt mit einer herausnehmbaren&hellip;<\/p>\n","protected":false},"featured_media":7771,"comment_status":"open","ping_status":"closed","template":"","meta":{"_acf_changed":false},"product_brand":[],"product_cat":[181,66],"product_tag":[],"class_list":{"0":"post-7779","1":"product","2":"type-product","3":"status-publish","4":"has-post-thumbnail","6":"product_cat-utensilientasche","7":"product_cat-zubehoer","9":"first","10":"instock","11":"shipping-taxable","12":"product-type-simple"},"acf":[],"yoast_head":"<!-- This site is optimized with the Yoast SEO plugin v27.4 - https:\/\/yoast.com\/product\/yoast-seo-wordpress\/ -->\n<title>Duschbeutel mit Haken. - Eurotrail<\/title>\n<meta name=\"robots\" content=\"index, follow, max-snippet:-1, max-image-preview:large, max-video-preview:-1\" \/>\n<link rel=\"canonical\" href=\"https:\/\/eurotrail.info\/de\/producten\/zubehoer\/utensilientasche\/neu-duschbeutel-mit-haken\/\" \/>\n<meta property=\"og:locale\" content=\"de_DE\" \/>\n<meta property=\"og:type\" content=\"article\" \/>\n<meta property=\"og:title\" content=\"Duschbeutel mit Haken. - Eurotrail\" \/>\n<meta property=\"og:description\" content=\"Duschbeutel mit Haken. Diese Dusch-Organizer-Tasche bietet viel Stauraum f\u00fcr alle Ihre Toiletten- und Duschutensilien. Die Tasche besteht aus wasserabweisendem PVC-Gewebe und kommt mit einer herausnehmbaren&hellip;\" \/>\n<meta property=\"og:url\" content=\"https:\/\/eurotrail.info\/de\/producten\/zubehoer\/utensilientasche\/neu-duschbeutel-mit-haken\/\" \/>\n<meta property=\"og:site_name\" content=\"Eurotrail\" \/>\n<meta property=\"article:modified_time\" content=\"2020-01-30T11:09:51+00:00\" \/>\n<meta property=\"og:image\" content=\"https:\/\/eurotrail.info\/wp\/wp-content\/uploads\/2019\/01\/ETAC0303-Shower-bag-In-use-19-02.jpg\" \/>\n\t<meta property=\"og:image:width\" content=\"630\" \/>\n\t<meta property=\"og:image:height\" content=\"1772\" \/>\n\t<meta property=\"og:image:type\" content=\"image\/jpeg\" \/>\n<meta name=\"twitter:card\" content=\"summary_large_image\" \/>\n<script type=\"application\/ld+json\" class=\"yoast-schema-graph\">{\"@context\":\"https:\\\/\\\/schema.org\",\"@graph\":[{\"@type\":\"WebPage\",\"@id\":\"https:\\\/\\\/eurotrail.info\\\/de\\\/producten\\\/zubehoer\\\/utensilientasche\\\/neu-duschbeutel-mit-haken\\\/\",\"url\":\"https:\\\/\\\/eurotrail.info\\\/de\\\/producten\\\/zubehoer\\\/utensilientasche\\\/neu-duschbeutel-mit-haken\\\/\",\"name\":\"Duschbeutel mit Haken. - Eurotrail\",\"isPartOf\":{\"@id\":\"https:\\\/\\\/eurotrail.info\\\/#website\"},\"primaryImageOfPage\":{\"@id\":\"https:\\\/\\\/eurotrail.info\\\/de\\\/producten\\\/zubehoer\\\/utensilientasche\\\/neu-duschbeutel-mit-haken\\\/#primaryimage\"},\"image\":{\"@id\":\"https:\\\/\\\/eurotrail.info\\\/de\\\/producten\\\/zubehoer\\\/utensilientasche\\\/neu-duschbeutel-mit-haken\\\/#primaryimage\"},\"thumbnailUrl\":\"https:\\\/\\\/eurotrail.info\\\/wp\\\/wp-content\\\/uploads\\\/2019\\\/01\\\/ETAC0303-Shower-bag-In-use-19-02.jpg\",\"datePublished\":\"2019-01-21T11:37:40+00:00\",\"dateModified\":\"2020-01-30T11:09:51+00:00\",\"breadcrumb\":{\"@id\":\"https:\\\/\\\/eurotrail.info\\\/de\\\/producten\\\/zubehoer\\\/utensilientasche\\\/neu-duschbeutel-mit-haken\\\/#breadcrumb\"},\"inLanguage\":\"de\",\"potentialAction\":[{\"@type\":\"ReadAction\",\"target\":[\"https:\\\/\\\/eurotrail.info\\\/de\\\/producten\\\/zubehoer\\\/utensilientasche\\\/neu-duschbeutel-mit-haken\\\/\"]}]},{\"@type\":\"ImageObject\",\"inLanguage\":\"de\",\"@id\":\"https:\\\/\\\/eurotrail.info\\\/de\\\/producten\\\/zubehoer\\\/utensilientasche\\\/neu-duschbeutel-mit-haken\\\/#primaryimage\",\"url\":\"https:\\\/\\\/eurotrail.info\\\/wp\\\/wp-content\\\/uploads\\\/2019\\\/01\\\/ETAC0303-Shower-bag-In-use-19-02.jpg\",\"contentUrl\":\"https:\\\/\\\/eurotrail.info\\\/wp\\\/wp-content\\\/uploads\\\/2019\\\/01\\\/ETAC0303-Shower-bag-In-use-19-02.jpg\",\"width\":630,\"height\":1772,\"caption\":\"Duschbeutel mit viel Stauraum f\u00fcr alle Ihre Toiletten- und Duschutensilien.\"},{\"@type\":\"BreadcrumbList\",\"@id\":\"https:\\\/\\\/eurotrail.info\\\/de\\\/producten\\\/zubehoer\\\/utensilientasche\\\/neu-duschbeutel-mit-haken\\\/#breadcrumb\",\"itemListElement\":[{\"@type\":\"ListItem\",\"position\":1,\"name\":\"Home\",\"item\":\"https:\\\/\\\/eurotrail.info\\\/de\\\/\"},{\"@type\":\"ListItem\",\"position\":2,\"name\":\"Produkte\",\"item\":\"https:\\\/\\\/eurotrail.info\\\/de\\\/produkte\\\/\"},{\"@type\":\"ListItem\",\"position\":3,\"name\":\"Duschbeutel mit Haken.\"}]},{\"@type\":\"WebSite\",\"@id\":\"https:\\\/\\\/eurotrail.info\\\/#website\",\"url\":\"https:\\\/\\\/eurotrail.info\\\/\",\"name\":\"Eurotrail\",\"description\":\"\",\"publisher\":{\"@id\":\"https:\\\/\\\/eurotrail.info\\\/#organization\"},\"potentialAction\":[{\"@type\":\"SearchAction\",\"target\":{\"@type\":\"EntryPoint\",\"urlTemplate\":\"https:\\\/\\\/eurotrail.info\\\/?s={search_term_string}\"},\"query-input\":{\"@type\":\"PropertyValueSpecification\",\"valueRequired\":true,\"valueName\":\"search_term_string\"}}],\"inLanguage\":\"de\"},{\"@type\":\"Organization\",\"@id\":\"https:\\\/\\\/eurotrail.info\\\/#organization\",\"name\":\"Eurotrail\",\"url\":\"https:\\\/\\\/eurotrail.info\\\/\",\"logo\":{\"@type\":\"ImageObject\",\"inLanguage\":\"de\",\"@id\":\"https:\\\/\\\/eurotrail.info\\\/#\\\/schema\\\/logo\\\/image\\\/\",\"url\":\"https:\\\/\\\/eurotrail.info\\\/wp\\\/wp-content\\\/uploads\\\/2023\\\/07\\\/ET-logo-quote_NL-scaled.jpg\",\"contentUrl\":\"https:\\\/\\\/eurotrail.info\\\/wp\\\/wp-content\\\/uploads\\\/2023\\\/07\\\/ET-logo-quote_NL-scaled.jpg\",\"width\":2560,\"height\":675,\"caption\":\"Eurotrail\"},\"image\":{\"@id\":\"https:\\\/\\\/eurotrail.info\\\/#\\\/schema\\\/logo\\\/image\\\/\"}}]}<\/script>\n<!-- \/ Yoast SEO plugin. -->","yoast_head_json":{"title":"Duschbeutel mit Haken. - Eurotrail","robots":{"index":"index","follow":"follow","max-snippet":"max-snippet:-1","max-image-preview":"max-image-preview:large","max-video-preview":"max-video-preview:-1"},"canonical":"https:\/\/eurotrail.info\/de\/producten\/zubehoer\/utensilientasche\/neu-duschbeutel-mit-haken\/","og_locale":"de_DE","og_type":"article","og_title":"Duschbeutel mit Haken. - Eurotrail","og_description":"Duschbeutel mit Haken. Diese Dusch-Organizer-Tasche bietet viel Stauraum f\u00fcr alle Ihre Toiletten- und Duschutensilien. Die Tasche besteht aus wasserabweisendem PVC-Gewebe und kommt mit einer herausnehmbaren&hellip;","og_url":"https:\/\/eurotrail.info\/de\/producten\/zubehoer\/utensilientasche\/neu-duschbeutel-mit-haken\/","og_site_name":"Eurotrail","article_modified_time":"2020-01-30T11:09:51+00:00","og_image":[{"width":630,"height":1772,"url":"https:\/\/eurotrail.info\/wp\/wp-content\/uploads\/2019\/01\/ETAC0303-Shower-bag-In-use-19-02.jpg","type":"image\/jpeg"}],"twitter_card":"summary_large_image","schema":{"@context":"https:\/\/schema.org","@graph":[{"@type":"WebPage","@id":"https:\/\/eurotrail.info\/de\/producten\/zubehoer\/utensilientasche\/neu-duschbeutel-mit-haken\/","url":"https:\/\/eurotrail.info\/de\/producten\/zubehoer\/utensilientasche\/neu-duschbeutel-mit-haken\/","name":"Duschbeutel mit Haken. - Eurotrail","isPartOf":{"@id":"https:\/\/eurotrail.info\/#website"},"primaryImageOfPage":{"@id":"https:\/\/eurotrail.info\/de\/producten\/zubehoer\/utensilientasche\/neu-duschbeutel-mit-haken\/#primaryimage"},"image":{"@id":"https:\/\/eurotrail.info\/de\/producten\/zubehoer\/utensilientasche\/neu-duschbeutel-mit-haken\/#primaryimage"},"thumbnailUrl":"https:\/\/eurotrail.info\/wp\/wp-content\/uploads\/2019\/01\/ETAC0303-Shower-bag-In-use-19-02.jpg","datePublished":"2019-01-21T11:37:40+00:00","dateModified":"2020-01-30T11:09:51+00:00","breadcrumb":{"@id":"https:\/\/eurotrail.info\/de\/producten\/zubehoer\/utensilientasche\/neu-duschbeutel-mit-haken\/#breadcrumb"},"inLanguage":"de","potentialAction":[{"@type":"ReadAction","target":["https:\/\/eurotrail.info\/de\/producten\/zubehoer\/utensilientasche\/neu-duschbeutel-mit-haken\/"]}]},{"@type":"ImageObject","inLanguage":"de","@id":"https:\/\/eurotrail.info\/de\/producten\/zubehoer\/utensilientasche\/neu-duschbeutel-mit-haken\/#primaryimage","url":"https:\/\/eurotrail.info\/wp\/wp-content\/uploads\/2019\/01\/ETAC0303-Shower-bag-In-use-19-02.jpg","contentUrl":"https:\/\/eurotrail.info\/wp\/wp-content\/uploads\/2019\/01\/ETAC0303-Shower-bag-In-use-19-02.jpg","width":630,"height":1772,"caption":"Duschbeutel mit viel Stauraum f\u00fcr alle Ihre Toiletten- und Duschutensilien."},{"@type":"BreadcrumbList","@id":"https:\/\/eurotrail.info\/de\/producten\/zubehoer\/utensilientasche\/neu-duschbeutel-mit-haken\/#breadcrumb","itemListElement":[{"@type":"ListItem","position":1,"name":"Home","item":"https:\/\/eurotrail.info\/de\/"},{"@type":"ListItem","position":2,"name":"Produkte","item":"https:\/\/eurotrail.info\/de\/produkte\/"},{"@type":"ListItem","position":3,"name":"Duschbeutel mit Haken."}]},{"@type":"WebSite","@id":"https:\/\/eurotrail.info\/#website","url":"https:\/\/eurotrail.info\/","name":"Eurotrail","description":"","publisher":{"@id":"https:\/\/eurotrail.info\/#organization"},"potentialAction":[{"@type":"SearchAction","target":{"@type":"EntryPoint","urlTemplate":"https:\/\/eurotrail.info\/?s={search_term_string}"},"query-input":{"@type":"PropertyValueSpecification","valueRequired":true,"valueName":"search_term_string"}}],"inLanguage":"de"},{"@type":"Organization","@id":"https:\/\/eurotrail.info\/#organization","name":"Eurotrail","url":"https:\/\/eurotrail.info\/","logo":{"@type":"ImageObject","inLanguage":"de","@id":"https:\/\/eurotrail.info\/#\/schema\/logo\/image\/","url":"https:\/\/eurotrail.info\/wp\/wp-content\/uploads\/2023\/07\/ET-logo-quote_NL-scaled.jpg","contentUrl":"https:\/\/eurotrail.info\/wp\/wp-content\/uploads\/2023\/07\/ET-logo-quote_NL-scaled.jpg","width":2560,"height":675,"caption":"Eurotrail"},"image":{"@id":"https:\/\/eurotrail.info\/#\/schema\/logo\/image\/"}}]}},"_links":{"self":[{"href":"https:\/\/eurotrail.info\/de\/wp-json\/wp\/v2\/product\/7779","targetHints":{"allow":["GET"]}}],"collection":[{"href":"https:\/\/eurotrail.info\/de\/wp-json\/wp\/v2\/product"}],"about":[{"href":"https:\/\/eurotrail.info\/de\/wp-json\/wp\/v2\/types\/product"}],"replies":[{"embeddable":true,"href":"https:\/\/eurotrail.info\/de\/wp-json\/wp\/v2\/comments?post=7779"}],"wp:featuredmedia":[{"embeddable":true,"href":"https:\/\/eurotrail.info\/de\/wp-json\/wp\/v2\/media\/7771"}],"wp:attachment":[{"href":"https:\/\/eurotrail.info\/de\/wp-json\/wp\/v2\/media?parent=7779"}],"wp:term":[{"taxonomy":"product_brand","embeddable":true,"href":"https:\/\/eurotrail.info\/de\/wp-json\/wp\/v2\/product_brand?post=7779"},{"taxonomy":"product_cat","embeddable":true,"href":"https:\/\/eurotrail.info\/de\/wp-json\/wp\/v2\/product_cat?post=7779"},{"taxonomy":"product_tag","embeddable":true,"href":"https:\/\/eurotrail.info\/de\/wp-json\/wp\/v2\/product_tag?post=7779"}],"curies":[{"name":"wp","href":"https:\/\/api.w.org\/{rel}","templated":true}]}}