{"id":7801,"date":"2019-01-21T13:03:27","date_gmt":"2019-01-21T12:03:27","guid":{"rendered":"http:\/\/eurotrail.info\/producten\/neu-anti-mucken-lampe-mit-einer-2-1-funktion\/"},"modified":"2021-04-22T12:18:00","modified_gmt":"2021-04-22T11:18:00","slug":"anti-mucken-lampe-mit-einer-2-1-funktion","status":"publish","type":"product","link":"https:\/\/eurotrail.info\/de\/producten\/haushaltartikel\/anti-muecken-lampe\/anti-mucken-lampe-mit-einer-2-1-funktion\/","title":{"rendered":"Anti-M\u00fccken-Lampe mit einer 2-1 Funktion"},"content":{"rendered":"<p>Wiederaufladbare Anti-M\u00fccken-Lampe mit einer 2-1 Funktion. Die Lampe gibt ein helles Licht und mit dem speziellen ultravioletten Licht fungiert sie auch als M\u00fcckenfalle. Das violette UV-LED-Licht zieht die M\u00fccken in einem Umkreis von 5 Metern an, die dann automatisch von der Spirale abget\u00f6tet werden. Die Lampe arbeitet ohne Chemikalien oder Fl\u00fcssigkeiten und ist 100% sicher f\u00fcr Kinder und Tiere. Mit Haken ausgestattet, spritzwassergesch\u00fctzt (IP44) und leicht zu reinigen. Perfekt f\u00fcr den Au\u00dfeneinsatz in kleineren Bereichen wie kleinen Zelten oder Innenzelten. Einsatzdauer: mit Lampe 7 Stunden, mit Violett M\u00fccken Lampe 8 Stunden. Ladezeit 3 Stunden.<\/p>\n<p>Power: lighting 3W, Mosquito UV-LED 365-395nm, 2W<br \/>\nCharge: USB DC5v 1000MA<br \/>\nGitter: voltage 2000V<br \/>\nWirkungsbereich: 5 mtr. diamter<br \/>\nMaterial: ABS with silicone cap<br \/>\nLampe: SMD 2835<br \/>\nLumen: 70LM<br \/>\nAccu: 2000MAH<\/p>\n<p><strong>WEEE-Reg-Nr.: DE 61423574<\/strong><\/p>\n","protected":false},"excerpt":{"rendered":"<p>Wiederaufladbare Anti-M\u00fccken-Lampe mit einer 2-1 Funktion. Die Lampe gibt ein helles Licht und mit dem speziellen ultravioletten Licht fungiert sie auch als M\u00fcckenfalle. Das violette&hellip;<\/p>\n","protected":false},"featured_media":7796,"comment_status":"open","ping_status":"closed","template":"","meta":{"_acf_changed":false},"product_brand":[],"product_cat":[208,78],"product_tag":[],"class_list":{"0":"post-7801","1":"product","2":"type-product","3":"status-publish","4":"has-post-thumbnail","6":"product_cat-anti-muecken-lampe","7":"product_cat-haushaltartikel","9":"first","10":"instock","11":"shipping-taxable","12":"product-type-simple"},"acf":[],"yoast_head":"<!-- This site is optimized with the Yoast SEO plugin v27.4 - https:\/\/yoast.com\/product\/yoast-seo-wordpress\/ -->\n<title>Anti-M\u00fccken-Lampe mit einer 2-1 Funktion - Eurotrail<\/title>\n<meta name=\"description\" content=\"Wiederaufladbare Anti-M\u00fccken-Lampe mit einer 2-1 Funktion. Die Lampe gibt ein helles Licht und mit dem speziellen ultravioletten Licht fungiert sie auch als M\u00fcckenfalle.\" \/>\n<meta name=\"robots\" content=\"index, follow, max-snippet:-1, max-image-preview:large, max-video-preview:-1\" \/>\n<link rel=\"canonical\" href=\"https:\/\/eurotrail.info\/de\/producten\/haushaltartikel\/anti-muecken-lampe\/anti-mucken-lampe-mit-einer-2-1-funktion\/\" \/>\n<meta property=\"og:locale\" content=\"de_DE\" \/>\n<meta property=\"og:type\" content=\"article\" \/>\n<meta property=\"og:title\" content=\"Anti-M\u00fccken-Lampe mit einer 2-1 Funktion - Eurotrail\" \/>\n<meta property=\"og:description\" content=\"Wiederaufladbare Anti-M\u00fccken-Lampe mit einer 2-1 Funktion. Die Lampe gibt ein helles Licht und mit dem speziellen ultravioletten Licht fungiert sie auch als M\u00fcckenfalle.\" \/>\n<meta property=\"og:url\" content=\"https:\/\/eurotrail.info\/de\/producten\/haushaltartikel\/anti-muecken-lampe\/anti-mucken-lampe-mit-einer-2-1-funktion\/\" \/>\n<meta property=\"og:site_name\" content=\"Eurotrail\" \/>\n<meta property=\"article:modified_time\" content=\"2021-04-22T11:18:00+00:00\" \/>\n<meta property=\"og:image\" content=\"https:\/\/eurotrail.info\/wp\/wp-content\/uploads\/2019\/01\/ETLT1511-Mosquito-killer-UV-on.jpg\" \/>\n\t<meta property=\"og:image:width\" content=\"633\" \/>\n\t<meta property=\"og:image:height\" content=\"993\" \/>\n\t<meta property=\"og:image:type\" content=\"image\/jpeg\" \/>\n<meta name=\"twitter:card\" content=\"summary_large_image\" \/>\n<meta name=\"twitter:label1\" content=\"Gesch\u00e4tzte Lesezeit\" \/>\n\t<meta name=\"twitter:data1\" content=\"1\u00a0Minute\" \/>\n<script type=\"application\/ld+json\" class=\"yoast-schema-graph\">{\"@context\":\"https:\\\/\\\/schema.org\",\"@graph\":[{\"@type\":\"WebPage\",\"@id\":\"https:\\\/\\\/eurotrail.info\\\/de\\\/producten\\\/haushaltartikel\\\/anti-muecken-lampe\\\/anti-mucken-lampe-mit-einer-2-1-funktion\\\/\",\"url\":\"https:\\\/\\\/eurotrail.info\\\/de\\\/producten\\\/haushaltartikel\\\/anti-muecken-lampe\\\/anti-mucken-lampe-mit-einer-2-1-funktion\\\/\",\"name\":\"Anti-M\u00fccken-Lampe mit einer 2-1 Funktion - Eurotrail\",\"isPartOf\":{\"@id\":\"https:\\\/\\\/eurotrail.info\\\/#website\"},\"primaryImageOfPage\":{\"@id\":\"https:\\\/\\\/eurotrail.info\\\/de\\\/producten\\\/haushaltartikel\\\/anti-muecken-lampe\\\/anti-mucken-lampe-mit-einer-2-1-funktion\\\/#primaryimage\"},\"image\":{\"@id\":\"https:\\\/\\\/eurotrail.info\\\/de\\\/producten\\\/haushaltartikel\\\/anti-muecken-lampe\\\/anti-mucken-lampe-mit-einer-2-1-funktion\\\/#primaryimage\"},\"thumbnailUrl\":\"https:\\\/\\\/eurotrail.info\\\/wp\\\/wp-content\\\/uploads\\\/2019\\\/01\\\/ETLT1511-Mosquito-killer-UV-on.jpg\",\"datePublished\":\"2019-01-21T12:03:27+00:00\",\"dateModified\":\"2021-04-22T11:18:00+00:00\",\"description\":\"Wiederaufladbare Anti-M\u00fccken-Lampe mit einer 2-1 Funktion. Die Lampe gibt ein helles Licht und mit dem speziellen ultravioletten Licht fungiert sie auch als M\u00fcckenfalle.\",\"breadcrumb\":{\"@id\":\"https:\\\/\\\/eurotrail.info\\\/de\\\/producten\\\/haushaltartikel\\\/anti-muecken-lampe\\\/anti-mucken-lampe-mit-einer-2-1-funktion\\\/#breadcrumb\"},\"inLanguage\":\"de\",\"potentialAction\":[{\"@type\":\"ReadAction\",\"target\":[\"https:\\\/\\\/eurotrail.info\\\/de\\\/producten\\\/haushaltartikel\\\/anti-muecken-lampe\\\/anti-mucken-lampe-mit-einer-2-1-funktion\\\/\"]}]},{\"@type\":\"ImageObject\",\"inLanguage\":\"de\",\"@id\":\"https:\\\/\\\/eurotrail.info\\\/de\\\/producten\\\/haushaltartikel\\\/anti-muecken-lampe\\\/anti-mucken-lampe-mit-einer-2-1-funktion\\\/#primaryimage\",\"url\":\"https:\\\/\\\/eurotrail.info\\\/wp\\\/wp-content\\\/uploads\\\/2019\\\/01\\\/ETLT1511-Mosquito-killer-UV-on.jpg\",\"contentUrl\":\"https:\\\/\\\/eurotrail.info\\\/wp\\\/wp-content\\\/uploads\\\/2019\\\/01\\\/ETLT1511-Mosquito-killer-UV-on.jpg\",\"width\":633,\"height\":993,\"caption\":\"Das violette UV-LED-Licht zieht die M\u00fccken in einem Umkreis von 5 Metern an\"},{\"@type\":\"BreadcrumbList\",\"@id\":\"https:\\\/\\\/eurotrail.info\\\/de\\\/producten\\\/haushaltartikel\\\/anti-muecken-lampe\\\/anti-mucken-lampe-mit-einer-2-1-funktion\\\/#breadcrumb\",\"itemListElement\":[{\"@type\":\"ListItem\",\"position\":1,\"name\":\"Home\",\"item\":\"https:\\\/\\\/eurotrail.info\\\/de\\\/\"},{\"@type\":\"ListItem\",\"position\":2,\"name\":\"Produkte\",\"item\":\"https:\\\/\\\/eurotrail.info\\\/de\\\/produkte\\\/\"},{\"@type\":\"ListItem\",\"position\":3,\"name\":\"Anti-M\u00fccken-Lampe mit einer 2-1 Funktion\"}]},{\"@type\":\"WebSite\",\"@id\":\"https:\\\/\\\/eurotrail.info\\\/#website\",\"url\":\"https:\\\/\\\/eurotrail.info\\\/\",\"name\":\"Eurotrail\",\"description\":\"\",\"publisher\":{\"@id\":\"https:\\\/\\\/eurotrail.info\\\/#organization\"},\"potentialAction\":[{\"@type\":\"SearchAction\",\"target\":{\"@type\":\"EntryPoint\",\"urlTemplate\":\"https:\\\/\\\/eurotrail.info\\\/?s={search_term_string}\"},\"query-input\":{\"@type\":\"PropertyValueSpecification\",\"valueRequired\":true,\"valueName\":\"search_term_string\"}}],\"inLanguage\":\"de\"},{\"@type\":\"Organization\",\"@id\":\"https:\\\/\\\/eurotrail.info\\\/#organization\",\"name\":\"Eurotrail\",\"url\":\"https:\\\/\\\/eurotrail.info\\\/\",\"logo\":{\"@type\":\"ImageObject\",\"inLanguage\":\"de\",\"@id\":\"https:\\\/\\\/eurotrail.info\\\/#\\\/schema\\\/logo\\\/image\\\/\",\"url\":\"https:\\\/\\\/eurotrail.info\\\/wp\\\/wp-content\\\/uploads\\\/2023\\\/07\\\/ET-logo-quote_NL-scaled.jpg\",\"contentUrl\":\"https:\\\/\\\/eurotrail.info\\\/wp\\\/wp-content\\\/uploads\\\/2023\\\/07\\\/ET-logo-quote_NL-scaled.jpg\",\"width\":2560,\"height\":675,\"caption\":\"Eurotrail\"},\"image\":{\"@id\":\"https:\\\/\\\/eurotrail.info\\\/#\\\/schema\\\/logo\\\/image\\\/\"}}]}<\/script>\n<!-- \/ Yoast SEO plugin. -->","yoast_head_json":{"title":"Anti-M\u00fccken-Lampe mit einer 2-1 Funktion - Eurotrail","description":"Wiederaufladbare Anti-M\u00fccken-Lampe mit einer 2-1 Funktion. Die Lampe gibt ein helles Licht und mit dem speziellen ultravioletten Licht fungiert sie auch als M\u00fcckenfalle.","robots":{"index":"index","follow":"follow","max-snippet":"max-snippet:-1","max-image-preview":"max-image-preview:large","max-video-preview":"max-video-preview:-1"},"canonical":"https:\/\/eurotrail.info\/de\/producten\/haushaltartikel\/anti-muecken-lampe\/anti-mucken-lampe-mit-einer-2-1-funktion\/","og_locale":"de_DE","og_type":"article","og_title":"Anti-M\u00fccken-Lampe mit einer 2-1 Funktion - Eurotrail","og_description":"Wiederaufladbare Anti-M\u00fccken-Lampe mit einer 2-1 Funktion. Die Lampe gibt ein helles Licht und mit dem speziellen ultravioletten Licht fungiert sie auch als M\u00fcckenfalle.","og_url":"https:\/\/eurotrail.info\/de\/producten\/haushaltartikel\/anti-muecken-lampe\/anti-mucken-lampe-mit-einer-2-1-funktion\/","og_site_name":"Eurotrail","article_modified_time":"2021-04-22T11:18:00+00:00","og_image":[{"width":633,"height":993,"url":"https:\/\/eurotrail.info\/wp\/wp-content\/uploads\/2019\/01\/ETLT1511-Mosquito-killer-UV-on.jpg","type":"image\/jpeg"}],"twitter_card":"summary_large_image","twitter_misc":{"Gesch\u00e4tzte Lesezeit":"1\u00a0Minute"},"schema":{"@context":"https:\/\/schema.org","@graph":[{"@type":"WebPage","@id":"https:\/\/eurotrail.info\/de\/producten\/haushaltartikel\/anti-muecken-lampe\/anti-mucken-lampe-mit-einer-2-1-funktion\/","url":"https:\/\/eurotrail.info\/de\/producten\/haushaltartikel\/anti-muecken-lampe\/anti-mucken-lampe-mit-einer-2-1-funktion\/","name":"Anti-M\u00fccken-Lampe mit einer 2-1 Funktion - Eurotrail","isPartOf":{"@id":"https:\/\/eurotrail.info\/#website"},"primaryImageOfPage":{"@id":"https:\/\/eurotrail.info\/de\/producten\/haushaltartikel\/anti-muecken-lampe\/anti-mucken-lampe-mit-einer-2-1-funktion\/#primaryimage"},"image":{"@id":"https:\/\/eurotrail.info\/de\/producten\/haushaltartikel\/anti-muecken-lampe\/anti-mucken-lampe-mit-einer-2-1-funktion\/#primaryimage"},"thumbnailUrl":"https:\/\/eurotrail.info\/wp\/wp-content\/uploads\/2019\/01\/ETLT1511-Mosquito-killer-UV-on.jpg","datePublished":"2019-01-21T12:03:27+00:00","dateModified":"2021-04-22T11:18:00+00:00","description":"Wiederaufladbare Anti-M\u00fccken-Lampe mit einer 2-1 Funktion. Die Lampe gibt ein helles Licht und mit dem speziellen ultravioletten Licht fungiert sie auch als M\u00fcckenfalle.","breadcrumb":{"@id":"https:\/\/eurotrail.info\/de\/producten\/haushaltartikel\/anti-muecken-lampe\/anti-mucken-lampe-mit-einer-2-1-funktion\/#breadcrumb"},"inLanguage":"de","potentialAction":[{"@type":"ReadAction","target":["https:\/\/eurotrail.info\/de\/producten\/haushaltartikel\/anti-muecken-lampe\/anti-mucken-lampe-mit-einer-2-1-funktion\/"]}]},{"@type":"ImageObject","inLanguage":"de","@id":"https:\/\/eurotrail.info\/de\/producten\/haushaltartikel\/anti-muecken-lampe\/anti-mucken-lampe-mit-einer-2-1-funktion\/#primaryimage","url":"https:\/\/eurotrail.info\/wp\/wp-content\/uploads\/2019\/01\/ETLT1511-Mosquito-killer-UV-on.jpg","contentUrl":"https:\/\/eurotrail.info\/wp\/wp-content\/uploads\/2019\/01\/ETLT1511-Mosquito-killer-UV-on.jpg","width":633,"height":993,"caption":"Das violette UV-LED-Licht zieht die M\u00fccken in einem Umkreis von 5 Metern an"},{"@type":"BreadcrumbList","@id":"https:\/\/eurotrail.info\/de\/producten\/haushaltartikel\/anti-muecken-lampe\/anti-mucken-lampe-mit-einer-2-1-funktion\/#breadcrumb","itemListElement":[{"@type":"ListItem","position":1,"name":"Home","item":"https:\/\/eurotrail.info\/de\/"},{"@type":"ListItem","position":2,"name":"Produkte","item":"https:\/\/eurotrail.info\/de\/produkte\/"},{"@type":"ListItem","position":3,"name":"Anti-M\u00fccken-Lampe mit einer 2-1 Funktion"}]},{"@type":"WebSite","@id":"https:\/\/eurotrail.info\/#website","url":"https:\/\/eurotrail.info\/","name":"Eurotrail","description":"","publisher":{"@id":"https:\/\/eurotrail.info\/#organization"},"potentialAction":[{"@type":"SearchAction","target":{"@type":"EntryPoint","urlTemplate":"https:\/\/eurotrail.info\/?s={search_term_string}"},"query-input":{"@type":"PropertyValueSpecification","valueRequired":true,"valueName":"search_term_string"}}],"inLanguage":"de"},{"@type":"Organization","@id":"https:\/\/eurotrail.info\/#organization","name":"Eurotrail","url":"https:\/\/eurotrail.info\/","logo":{"@type":"ImageObject","inLanguage":"de","@id":"https:\/\/eurotrail.info\/#\/schema\/logo\/image\/","url":"https:\/\/eurotrail.info\/wp\/wp-content\/uploads\/2023\/07\/ET-logo-quote_NL-scaled.jpg","contentUrl":"https:\/\/eurotrail.info\/wp\/wp-content\/uploads\/2023\/07\/ET-logo-quote_NL-scaled.jpg","width":2560,"height":675,"caption":"Eurotrail"},"image":{"@id":"https:\/\/eurotrail.info\/#\/schema\/logo\/image\/"}}]}},"_links":{"self":[{"href":"https:\/\/eurotrail.info\/de\/wp-json\/wp\/v2\/product\/7801","targetHints":{"allow":["GET"]}}],"collection":[{"href":"https:\/\/eurotrail.info\/de\/wp-json\/wp\/v2\/product"}],"about":[{"href":"https:\/\/eurotrail.info\/de\/wp-json\/wp\/v2\/types\/product"}],"replies":[{"embeddable":true,"href":"https:\/\/eurotrail.info\/de\/wp-json\/wp\/v2\/comments?post=7801"}],"wp:featuredmedia":[{"embeddable":true,"href":"https:\/\/eurotrail.info\/de\/wp-json\/wp\/v2\/media\/7796"}],"wp:attachment":[{"href":"https:\/\/eurotrail.info\/de\/wp-json\/wp\/v2\/media?parent=7801"}],"wp:term":[{"taxonomy":"product_brand","embeddable":true,"href":"https:\/\/eurotrail.info\/de\/wp-json\/wp\/v2\/product_brand?post=7801"},{"taxonomy":"product_cat","embeddable":true,"href":"https:\/\/eurotrail.info\/de\/wp-json\/wp\/v2\/product_cat?post=7801"},{"taxonomy":"product_tag","embeddable":true,"href":"https:\/\/eurotrail.info\/de\/wp-json\/wp\/v2\/product_tag?post=7801"}],"curies":[{"name":"wp","href":"https:\/\/api.w.org\/{rel}","templated":true}]}}