{"id":7853,"date":"2019-01-21T16:29:37","date_gmt":"2019-01-21T15:29:37","guid":{"rendered":"http:\/\/eurotrail.info\/producten\/rocky-2-3-4-polyester-zelt\/"},"modified":"2019-01-21T16:29:37","modified_gmt":"2019-01-21T15:29:37","slug":"rocky-2-3-4-polyester-zelt","status":"publish","type":"product","link":"https:\/\/eurotrail.info\/de\/producten\/zelte\/zelte-de\/rocky-2-3-4-polyester-zelt\/","title":{"rendered":"Rocky 2-3-4 Polyester Zelt"},"content":{"rendered":"<p>Vielseitiges Kuppelzelt mit festen Boden im Absis.<br \/>\nDas Zelt hat innenliegendem Gest\u00e4nge und verf\u00fcgt \u00fcber eine zus\u00e4tzliche Zeltstange f\u00fcr den gro\u00dfen Vorraum mit festgen\u00e4hten Boden, in dem reichlich Ausr\u00fcstung untergebracht werden kann.<br \/>\nDie Kuppelkonstruktion sorgt f\u00fcr eine angenehme H\u00f6he im gesamten Zelt und somit auch f\u00fcr eine gro\u00dfe Nutzfl\u00e4che.<br \/>\nDieses Zelt ist in 3 verschiedene Gro\u00dfen erh\u00e4ltlich: 2, 3 oder 4 Personen.<br \/>\nDer Rocky ist eine kosteng\u00fcnstige vielseitiges Zelt und ist die perfekte L\u00f6sung f\u00fcr Paare, die die Einfachheit und Vielseitigkeit eines Kuppelzelts zu sch\u00e4tzen wissen, aber gerne etwas mehr Platz h\u00e4tten f\u00fcr Bagage oder eine dritte Person. Besonders der Rocky 4 ist einen Zelt geeignet f\u00fcr 3 bis 4 Personen mit Bagage. Praktische Organizer und Moskito-T\u00fcr an der Schlafkabine. Kleine Packma\u00df und Gewicht. Lieferbar in Gr\u00fcn\/Grau, Marine\/Grau.<\/p>\n<p>Au\u00dfentuch: 185T 100% Polyester 2000mm<br \/>\nInnenzelt: Atmungsaktives Polyester mit PE-Boden<br \/>\nBoden: fest angen\u00e4htes Boden im Wohnraum<br \/>\nSt\u00f6cke: Fiberglas \u00d8 8,5 mm<br \/>\nRocky 2: H\u00f6he 120cm, Gewicht 3,6 kg, Packungsgr\u00f6\u00dfe 58x\u00d818cm<br \/>\nRocky 3: H\u00f6he 130cm, Gewicht 4,1 kg, Packungsgr\u00f6\u00dfe 58x\u00d818cm<br \/>\nRocky 4: H\u00f6he 130cm, Gewicht 5,8 kg, Packungsgr\u00f6\u00dfe 60x\u00d820cm<\/p>\n","protected":false},"excerpt":{"rendered":"<p>Vielseitiges Kuppelzelt mit festen Boden im Absis. Das Zelt hat innenliegendem Gest\u00e4nge und verf\u00fcgt \u00fcber eine zus\u00e4tzliche Zeltstange f\u00fcr den gro\u00dfen Vorraum mit festgen\u00e4hten Boden,&hellip;<\/p>\n","protected":false},"featured_media":7842,"comment_status":"open","ping_status":"closed","template":"","meta":{"_acf_changed":false},"product_brand":[],"product_cat":[101,98],"product_tag":[],"class_list":{"0":"post-7853","1":"product","2":"type-product","3":"status-publish","4":"has-post-thumbnail","6":"product_cat-zelte-de","7":"product_cat-zelte","9":"first","10":"instock","11":"shipping-taxable","12":"product-type-simple"},"acf":[],"yoast_head":"<!-- This site is optimized with the Yoast SEO plugin v27.4 - https:\/\/yoast.com\/product\/yoast-seo-wordpress\/ -->\n<title>Rocky 2-3-4 Polyester Zelt - Eurotrail<\/title>\n<meta name=\"robots\" content=\"index, follow, max-snippet:-1, max-image-preview:large, max-video-preview:-1\" \/>\n<link rel=\"canonical\" href=\"https:\/\/eurotrail.info\/de\/producten\/zelte\/zelte-de\/rocky-2-3-4-polyester-zelt\/\" \/>\n<meta property=\"og:locale\" content=\"de_DE\" \/>\n<meta property=\"og:type\" content=\"article\" \/>\n<meta property=\"og:title\" content=\"Rocky 2-3-4 Polyester Zelt - Eurotrail\" \/>\n<meta property=\"og:description\" content=\"Vielseitiges Kuppelzelt mit festen Boden im Absis. Das Zelt hat innenliegendem Gest\u00e4nge und verf\u00fcgt \u00fcber eine zus\u00e4tzliche Zeltstange f\u00fcr den gro\u00dfen Vorraum mit festgen\u00e4hten Boden,&hellip;\" \/>\n<meta property=\"og:url\" content=\"https:\/\/eurotrail.info\/de\/producten\/zelte\/zelte-de\/rocky-2-3-4-polyester-zelt\/\" \/>\n<meta property=\"og:site_name\" content=\"Eurotrail\" \/>\n<meta property=\"og:image\" content=\"https:\/\/eurotrail.info\/wp\/wp-content\/uploads\/2019\/01\/ETTE0806-Rocky-3-Blue-Closed-19.jpg\" \/>\n\t<meta property=\"og:image:width\" content=\"2126\" \/>\n\t<meta property=\"og:image:height\" content=\"1067\" \/>\n\t<meta property=\"og:image:type\" content=\"image\/jpeg\" \/>\n<meta name=\"twitter:card\" content=\"summary_large_image\" \/>\n<meta name=\"twitter:label1\" content=\"Gesch\u00e4tzte Lesezeit\" \/>\n\t<meta name=\"twitter:data1\" content=\"1\u00a0Minute\" \/>\n<script type=\"application\/ld+json\" class=\"yoast-schema-graph\">{\"@context\":\"https:\\\/\\\/schema.org\",\"@graph\":[{\"@type\":\"WebPage\",\"@id\":\"https:\\\/\\\/eurotrail.info\\\/de\\\/producten\\\/zelte\\\/zelte-de\\\/rocky-2-3-4-polyester-zelt\\\/\",\"url\":\"https:\\\/\\\/eurotrail.info\\\/de\\\/producten\\\/zelte\\\/zelte-de\\\/rocky-2-3-4-polyester-zelt\\\/\",\"name\":\"Rocky 2-3-4 Polyester Zelt - Eurotrail\",\"isPartOf\":{\"@id\":\"https:\\\/\\\/eurotrail.info\\\/#website\"},\"primaryImageOfPage\":{\"@id\":\"https:\\\/\\\/eurotrail.info\\\/de\\\/producten\\\/zelte\\\/zelte-de\\\/rocky-2-3-4-polyester-zelt\\\/#primaryimage\"},\"image\":{\"@id\":\"https:\\\/\\\/eurotrail.info\\\/de\\\/producten\\\/zelte\\\/zelte-de\\\/rocky-2-3-4-polyester-zelt\\\/#primaryimage\"},\"thumbnailUrl\":\"https:\\\/\\\/eurotrail.info\\\/wp\\\/wp-content\\\/uploads\\\/2019\\\/01\\\/ETTE0806-Rocky-3-Blue-Closed-19.jpg\",\"datePublished\":\"2019-01-21T15:29:37+00:00\",\"breadcrumb\":{\"@id\":\"https:\\\/\\\/eurotrail.info\\\/de\\\/producten\\\/zelte\\\/zelte-de\\\/rocky-2-3-4-polyester-zelt\\\/#breadcrumb\"},\"inLanguage\":\"de\",\"potentialAction\":[{\"@type\":\"ReadAction\",\"target\":[\"https:\\\/\\\/eurotrail.info\\\/de\\\/producten\\\/zelte\\\/zelte-de\\\/rocky-2-3-4-polyester-zelt\\\/\"]}]},{\"@type\":\"ImageObject\",\"inLanguage\":\"de\",\"@id\":\"https:\\\/\\\/eurotrail.info\\\/de\\\/producten\\\/zelte\\\/zelte-de\\\/rocky-2-3-4-polyester-zelt\\\/#primaryimage\",\"url\":\"https:\\\/\\\/eurotrail.info\\\/wp\\\/wp-content\\\/uploads\\\/2019\\\/01\\\/ETTE0806-Rocky-3-Blue-Closed-19.jpg\",\"contentUrl\":\"https:\\\/\\\/eurotrail.info\\\/wp\\\/wp-content\\\/uploads\\\/2019\\\/01\\\/ETTE0806-Rocky-3-Blue-Closed-19.jpg\",\"width\":2126,\"height\":1067,\"caption\":\"Vielseitiges Kuppelzelt mit festen Boden im Absis.\"},{\"@type\":\"BreadcrumbList\",\"@id\":\"https:\\\/\\\/eurotrail.info\\\/de\\\/producten\\\/zelte\\\/zelte-de\\\/rocky-2-3-4-polyester-zelt\\\/#breadcrumb\",\"itemListElement\":[{\"@type\":\"ListItem\",\"position\":1,\"name\":\"Home\",\"item\":\"https:\\\/\\\/eurotrail.info\\\/de\\\/\"},{\"@type\":\"ListItem\",\"position\":2,\"name\":\"Produkte\",\"item\":\"https:\\\/\\\/eurotrail.info\\\/de\\\/produkte\\\/\"},{\"@type\":\"ListItem\",\"position\":3,\"name\":\"Rocky 2-3-4 Polyester Zelt\"}]},{\"@type\":\"WebSite\",\"@id\":\"https:\\\/\\\/eurotrail.info\\\/#website\",\"url\":\"https:\\\/\\\/eurotrail.info\\\/\",\"name\":\"Eurotrail\",\"description\":\"\",\"publisher\":{\"@id\":\"https:\\\/\\\/eurotrail.info\\\/#organization\"},\"potentialAction\":[{\"@type\":\"SearchAction\",\"target\":{\"@type\":\"EntryPoint\",\"urlTemplate\":\"https:\\\/\\\/eurotrail.info\\\/?s={search_term_string}\"},\"query-input\":{\"@type\":\"PropertyValueSpecification\",\"valueRequired\":true,\"valueName\":\"search_term_string\"}}],\"inLanguage\":\"de\"},{\"@type\":\"Organization\",\"@id\":\"https:\\\/\\\/eurotrail.info\\\/#organization\",\"name\":\"Eurotrail\",\"url\":\"https:\\\/\\\/eurotrail.info\\\/\",\"logo\":{\"@type\":\"ImageObject\",\"inLanguage\":\"de\",\"@id\":\"https:\\\/\\\/eurotrail.info\\\/#\\\/schema\\\/logo\\\/image\\\/\",\"url\":\"https:\\\/\\\/eurotrail.info\\\/wp\\\/wp-content\\\/uploads\\\/2023\\\/07\\\/ET-logo-quote_NL-scaled.jpg\",\"contentUrl\":\"https:\\\/\\\/eurotrail.info\\\/wp\\\/wp-content\\\/uploads\\\/2023\\\/07\\\/ET-logo-quote_NL-scaled.jpg\",\"width\":2560,\"height\":675,\"caption\":\"Eurotrail\"},\"image\":{\"@id\":\"https:\\\/\\\/eurotrail.info\\\/#\\\/schema\\\/logo\\\/image\\\/\"}}]}<\/script>\n<!-- \/ Yoast SEO plugin. -->","yoast_head_json":{"title":"Rocky 2-3-4 Polyester Zelt - Eurotrail","robots":{"index":"index","follow":"follow","max-snippet":"max-snippet:-1","max-image-preview":"max-image-preview:large","max-video-preview":"max-video-preview:-1"},"canonical":"https:\/\/eurotrail.info\/de\/producten\/zelte\/zelte-de\/rocky-2-3-4-polyester-zelt\/","og_locale":"de_DE","og_type":"article","og_title":"Rocky 2-3-4 Polyester Zelt - Eurotrail","og_description":"Vielseitiges Kuppelzelt mit festen Boden im Absis. Das Zelt hat innenliegendem Gest\u00e4nge und verf\u00fcgt \u00fcber eine zus\u00e4tzliche Zeltstange f\u00fcr den gro\u00dfen Vorraum mit festgen\u00e4hten Boden,&hellip;","og_url":"https:\/\/eurotrail.info\/de\/producten\/zelte\/zelte-de\/rocky-2-3-4-polyester-zelt\/","og_site_name":"Eurotrail","og_image":[{"width":2126,"height":1067,"url":"https:\/\/eurotrail.info\/wp\/wp-content\/uploads\/2019\/01\/ETTE0806-Rocky-3-Blue-Closed-19.jpg","type":"image\/jpeg"}],"twitter_card":"summary_large_image","twitter_misc":{"Gesch\u00e4tzte Lesezeit":"1\u00a0Minute"},"schema":{"@context":"https:\/\/schema.org","@graph":[{"@type":"WebPage","@id":"https:\/\/eurotrail.info\/de\/producten\/zelte\/zelte-de\/rocky-2-3-4-polyester-zelt\/","url":"https:\/\/eurotrail.info\/de\/producten\/zelte\/zelte-de\/rocky-2-3-4-polyester-zelt\/","name":"Rocky 2-3-4 Polyester Zelt - Eurotrail","isPartOf":{"@id":"https:\/\/eurotrail.info\/#website"},"primaryImageOfPage":{"@id":"https:\/\/eurotrail.info\/de\/producten\/zelte\/zelte-de\/rocky-2-3-4-polyester-zelt\/#primaryimage"},"image":{"@id":"https:\/\/eurotrail.info\/de\/producten\/zelte\/zelte-de\/rocky-2-3-4-polyester-zelt\/#primaryimage"},"thumbnailUrl":"https:\/\/eurotrail.info\/wp\/wp-content\/uploads\/2019\/01\/ETTE0806-Rocky-3-Blue-Closed-19.jpg","datePublished":"2019-01-21T15:29:37+00:00","breadcrumb":{"@id":"https:\/\/eurotrail.info\/de\/producten\/zelte\/zelte-de\/rocky-2-3-4-polyester-zelt\/#breadcrumb"},"inLanguage":"de","potentialAction":[{"@type":"ReadAction","target":["https:\/\/eurotrail.info\/de\/producten\/zelte\/zelte-de\/rocky-2-3-4-polyester-zelt\/"]}]},{"@type":"ImageObject","inLanguage":"de","@id":"https:\/\/eurotrail.info\/de\/producten\/zelte\/zelte-de\/rocky-2-3-4-polyester-zelt\/#primaryimage","url":"https:\/\/eurotrail.info\/wp\/wp-content\/uploads\/2019\/01\/ETTE0806-Rocky-3-Blue-Closed-19.jpg","contentUrl":"https:\/\/eurotrail.info\/wp\/wp-content\/uploads\/2019\/01\/ETTE0806-Rocky-3-Blue-Closed-19.jpg","width":2126,"height":1067,"caption":"Vielseitiges Kuppelzelt mit festen Boden im Absis."},{"@type":"BreadcrumbList","@id":"https:\/\/eurotrail.info\/de\/producten\/zelte\/zelte-de\/rocky-2-3-4-polyester-zelt\/#breadcrumb","itemListElement":[{"@type":"ListItem","position":1,"name":"Home","item":"https:\/\/eurotrail.info\/de\/"},{"@type":"ListItem","position":2,"name":"Produkte","item":"https:\/\/eurotrail.info\/de\/produkte\/"},{"@type":"ListItem","position":3,"name":"Rocky 2-3-4 Polyester Zelt"}]},{"@type":"WebSite","@id":"https:\/\/eurotrail.info\/#website","url":"https:\/\/eurotrail.info\/","name":"Eurotrail","description":"","publisher":{"@id":"https:\/\/eurotrail.info\/#organization"},"potentialAction":[{"@type":"SearchAction","target":{"@type":"EntryPoint","urlTemplate":"https:\/\/eurotrail.info\/?s={search_term_string}"},"query-input":{"@type":"PropertyValueSpecification","valueRequired":true,"valueName":"search_term_string"}}],"inLanguage":"de"},{"@type":"Organization","@id":"https:\/\/eurotrail.info\/#organization","name":"Eurotrail","url":"https:\/\/eurotrail.info\/","logo":{"@type":"ImageObject","inLanguage":"de","@id":"https:\/\/eurotrail.info\/#\/schema\/logo\/image\/","url":"https:\/\/eurotrail.info\/wp\/wp-content\/uploads\/2023\/07\/ET-logo-quote_NL-scaled.jpg","contentUrl":"https:\/\/eurotrail.info\/wp\/wp-content\/uploads\/2023\/07\/ET-logo-quote_NL-scaled.jpg","width":2560,"height":675,"caption":"Eurotrail"},"image":{"@id":"https:\/\/eurotrail.info\/#\/schema\/logo\/image\/"}}]}},"_links":{"self":[{"href":"https:\/\/eurotrail.info\/de\/wp-json\/wp\/v2\/product\/7853","targetHints":{"allow":["GET"]}}],"collection":[{"href":"https:\/\/eurotrail.info\/de\/wp-json\/wp\/v2\/product"}],"about":[{"href":"https:\/\/eurotrail.info\/de\/wp-json\/wp\/v2\/types\/product"}],"replies":[{"embeddable":true,"href":"https:\/\/eurotrail.info\/de\/wp-json\/wp\/v2\/comments?post=7853"}],"wp:featuredmedia":[{"embeddable":true,"href":"https:\/\/eurotrail.info\/de\/wp-json\/wp\/v2\/media\/7842"}],"wp:attachment":[{"href":"https:\/\/eurotrail.info\/de\/wp-json\/wp\/v2\/media?parent=7853"}],"wp:term":[{"taxonomy":"product_brand","embeddable":true,"href":"https:\/\/eurotrail.info\/de\/wp-json\/wp\/v2\/product_brand?post=7853"},{"taxonomy":"product_cat","embeddable":true,"href":"https:\/\/eurotrail.info\/de\/wp-json\/wp\/v2\/product_cat?post=7853"},{"taxonomy":"product_tag","embeddable":true,"href":"https:\/\/eurotrail.info\/de\/wp-json\/wp\/v2\/product_tag?post=7853"}],"curies":[{"name":"wp","href":"https:\/\/api.w.org\/{rel}","templated":true}]}}