{"id":7985,"date":"2019-01-24T08:42:14","date_gmt":"2019-01-24T07:42:14","guid":{"rendered":"http:\/\/eurotrail.info\/producten\/blasebalg-3-5ltr\/"},"modified":"2019-01-24T08:42:14","modified_gmt":"2019-01-24T07:42:14","slug":"blasebalg-3-5ltr","status":"publish","type":"product","link":"https:\/\/eurotrail.info\/de\/producten\/zubehoer\/luftpumpe-de\/blasebalg-3-5ltr\/","title":{"rendered":"Blasebalg 3 \/ 5Ltr."},"content":{"rendered":"<p>Fu\u00dfpumpe mit einer Kapazit\u00e4t von 3l order 5 Ltr. erh\u00e4ltlich. 3 L. f\u00fcr kleine aufblasbare Gegenst\u00e4nde wie Armbinden, Luftmatratzen oder die gr\u00f6\u00dferen 5 L. mit mehr Luftstrom f\u00fcr Schwimmb\u00e4der oder Schlauchboote geeignet. Ausgestattet mit einem Schlauch und Universalbefestigungen.<\/p>\n<p>Gr\u00f6\u00dfe:<br \/>\n3 Ltr .: 28x19x8 cm<br \/>\n5 Ltr .: 30x22x8 cm<\/p>\n","protected":false},"excerpt":{"rendered":"<p>Fu\u00dfpumpe mit einer Kapazit\u00e4t von 3l order 5 Ltr. erh\u00e4ltlich. 3 L. f\u00fcr kleine aufblasbare Gegenst\u00e4nde wie Armbinden, Luftmatratzen oder die gr\u00f6\u00dferen 5 L. mit&hellip;<\/p>\n","protected":false},"featured_media":7974,"comment_status":"open","ping_status":"closed","template":"","meta":{"_acf_changed":false},"product_brand":[],"product_cat":[213,66],"product_tag":[],"class_list":{"0":"post-7985","1":"product","2":"type-product","3":"status-publish","4":"has-post-thumbnail","6":"product_cat-luftpumpe-de","7":"product_cat-zubehoer","9":"first","10":"instock","11":"shipping-taxable","12":"product-type-simple"},"acf":[],"yoast_head":"<!-- This site is optimized with the Yoast SEO plugin v27.4 - https:\/\/yoast.com\/product\/yoast-seo-wordpress\/ -->\n<title>Blasebalg 3 \/ 5Ltr. - Eurotrail<\/title>\n<meta name=\"robots\" content=\"index, follow, max-snippet:-1, max-image-preview:large, max-video-preview:-1\" \/>\n<link rel=\"canonical\" href=\"https:\/\/eurotrail.info\/de\/producten\/zubehoer\/luftpumpe-de\/blasebalg-3-5ltr\/\" \/>\n<meta property=\"og:locale\" content=\"de_DE\" \/>\n<meta property=\"og:type\" content=\"article\" \/>\n<meta property=\"og:title\" content=\"Blasebalg 3 \/ 5Ltr. - Eurotrail\" \/>\n<meta property=\"og:description\" content=\"Fu\u00dfpumpe mit einer Kapazit\u00e4t von 3l order 5 Ltr. erh\u00e4ltlich. 3 L. f\u00fcr kleine aufblasbare Gegenst\u00e4nde wie Armbinden, Luftmatratzen oder die gr\u00f6\u00dferen 5 L. mit&hellip;\" \/>\n<meta property=\"og:url\" content=\"https:\/\/eurotrail.info\/de\/producten\/zubehoer\/luftpumpe-de\/blasebalg-3-5ltr\/\" \/>\n<meta property=\"og:site_name\" content=\"Eurotrail\" \/>\n<meta property=\"og:image\" content=\"https:\/\/eurotrail.info\/wp\/wp-content\/uploads\/2019\/01\/ETIC2001-voetpomp-3ltr-18.jpg\" \/>\n\t<meta property=\"og:image:width\" content=\"1772\" \/>\n\t<meta property=\"og:image:height\" content=\"1542\" \/>\n\t<meta property=\"og:image:type\" content=\"image\/jpeg\" \/>\n<meta name=\"twitter:card\" content=\"summary_large_image\" \/>\n<script type=\"application\/ld+json\" class=\"yoast-schema-graph\">{\"@context\":\"https:\\\/\\\/schema.org\",\"@graph\":[{\"@type\":\"WebPage\",\"@id\":\"https:\\\/\\\/eurotrail.info\\\/de\\\/producten\\\/zubehoer\\\/luftpumpe-de\\\/blasebalg-3-5ltr\\\/\",\"url\":\"https:\\\/\\\/eurotrail.info\\\/de\\\/producten\\\/zubehoer\\\/luftpumpe-de\\\/blasebalg-3-5ltr\\\/\",\"name\":\"Blasebalg 3 \\\/ 5Ltr. - Eurotrail\",\"isPartOf\":{\"@id\":\"https:\\\/\\\/eurotrail.info\\\/#website\"},\"primaryImageOfPage\":{\"@id\":\"https:\\\/\\\/eurotrail.info\\\/de\\\/producten\\\/zubehoer\\\/luftpumpe-de\\\/blasebalg-3-5ltr\\\/#primaryimage\"},\"image\":{\"@id\":\"https:\\\/\\\/eurotrail.info\\\/de\\\/producten\\\/zubehoer\\\/luftpumpe-de\\\/blasebalg-3-5ltr\\\/#primaryimage\"},\"thumbnailUrl\":\"https:\\\/\\\/eurotrail.info\\\/wp\\\/wp-content\\\/uploads\\\/2019\\\/01\\\/ETIC2001-voetpomp-3ltr-18.jpg\",\"datePublished\":\"2019-01-24T07:42:14+00:00\",\"breadcrumb\":{\"@id\":\"https:\\\/\\\/eurotrail.info\\\/de\\\/producten\\\/zubehoer\\\/luftpumpe-de\\\/blasebalg-3-5ltr\\\/#breadcrumb\"},\"inLanguage\":\"de\",\"potentialAction\":[{\"@type\":\"ReadAction\",\"target\":[\"https:\\\/\\\/eurotrail.info\\\/de\\\/producten\\\/zubehoer\\\/luftpumpe-de\\\/blasebalg-3-5ltr\\\/\"]}]},{\"@type\":\"ImageObject\",\"inLanguage\":\"de\",\"@id\":\"https:\\\/\\\/eurotrail.info\\\/de\\\/producten\\\/zubehoer\\\/luftpumpe-de\\\/blasebalg-3-5ltr\\\/#primaryimage\",\"url\":\"https:\\\/\\\/eurotrail.info\\\/wp\\\/wp-content\\\/uploads\\\/2019\\\/01\\\/ETIC2001-voetpomp-3ltr-18.jpg\",\"contentUrl\":\"https:\\\/\\\/eurotrail.info\\\/wp\\\/wp-content\\\/uploads\\\/2019\\\/01\\\/ETIC2001-voetpomp-3ltr-18.jpg\",\"width\":1772,\"height\":1542,\"caption\":\"Fu\u00dfpumpe f\u00fcr aufblasbare Gegenst\u00e4nde wie Armbinden, Luftmatratzen oder Schwimmb\u00e4der geeignet\"},{\"@type\":\"BreadcrumbList\",\"@id\":\"https:\\\/\\\/eurotrail.info\\\/de\\\/producten\\\/zubehoer\\\/luftpumpe-de\\\/blasebalg-3-5ltr\\\/#breadcrumb\",\"itemListElement\":[{\"@type\":\"ListItem\",\"position\":1,\"name\":\"Home\",\"item\":\"https:\\\/\\\/eurotrail.info\\\/de\\\/\"},{\"@type\":\"ListItem\",\"position\":2,\"name\":\"Produkte\",\"item\":\"https:\\\/\\\/eurotrail.info\\\/de\\\/produkte\\\/\"},{\"@type\":\"ListItem\",\"position\":3,\"name\":\"Blasebalg 3 \\\/ 5Ltr.\"}]},{\"@type\":\"WebSite\",\"@id\":\"https:\\\/\\\/eurotrail.info\\\/#website\",\"url\":\"https:\\\/\\\/eurotrail.info\\\/\",\"name\":\"Eurotrail\",\"description\":\"\",\"publisher\":{\"@id\":\"https:\\\/\\\/eurotrail.info\\\/#organization\"},\"potentialAction\":[{\"@type\":\"SearchAction\",\"target\":{\"@type\":\"EntryPoint\",\"urlTemplate\":\"https:\\\/\\\/eurotrail.info\\\/?s={search_term_string}\"},\"query-input\":{\"@type\":\"PropertyValueSpecification\",\"valueRequired\":true,\"valueName\":\"search_term_string\"}}],\"inLanguage\":\"de\"},{\"@type\":\"Organization\",\"@id\":\"https:\\\/\\\/eurotrail.info\\\/#organization\",\"name\":\"Eurotrail\",\"url\":\"https:\\\/\\\/eurotrail.info\\\/\",\"logo\":{\"@type\":\"ImageObject\",\"inLanguage\":\"de\",\"@id\":\"https:\\\/\\\/eurotrail.info\\\/#\\\/schema\\\/logo\\\/image\\\/\",\"url\":\"https:\\\/\\\/eurotrail.info\\\/wp\\\/wp-content\\\/uploads\\\/2023\\\/07\\\/ET-logo-quote_NL-scaled.jpg\",\"contentUrl\":\"https:\\\/\\\/eurotrail.info\\\/wp\\\/wp-content\\\/uploads\\\/2023\\\/07\\\/ET-logo-quote_NL-scaled.jpg\",\"width\":2560,\"height\":675,\"caption\":\"Eurotrail\"},\"image\":{\"@id\":\"https:\\\/\\\/eurotrail.info\\\/#\\\/schema\\\/logo\\\/image\\\/\"}}]}<\/script>\n<!-- \/ Yoast SEO plugin. -->","yoast_head_json":{"title":"Blasebalg 3 \/ 5Ltr. - Eurotrail","robots":{"index":"index","follow":"follow","max-snippet":"max-snippet:-1","max-image-preview":"max-image-preview:large","max-video-preview":"max-video-preview:-1"},"canonical":"https:\/\/eurotrail.info\/de\/producten\/zubehoer\/luftpumpe-de\/blasebalg-3-5ltr\/","og_locale":"de_DE","og_type":"article","og_title":"Blasebalg 3 \/ 5Ltr. - Eurotrail","og_description":"Fu\u00dfpumpe mit einer Kapazit\u00e4t von 3l order 5 Ltr. erh\u00e4ltlich. 3 L. f\u00fcr kleine aufblasbare Gegenst\u00e4nde wie Armbinden, Luftmatratzen oder die gr\u00f6\u00dferen 5 L. mit&hellip;","og_url":"https:\/\/eurotrail.info\/de\/producten\/zubehoer\/luftpumpe-de\/blasebalg-3-5ltr\/","og_site_name":"Eurotrail","og_image":[{"width":1772,"height":1542,"url":"https:\/\/eurotrail.info\/wp\/wp-content\/uploads\/2019\/01\/ETIC2001-voetpomp-3ltr-18.jpg","type":"image\/jpeg"}],"twitter_card":"summary_large_image","schema":{"@context":"https:\/\/schema.org","@graph":[{"@type":"WebPage","@id":"https:\/\/eurotrail.info\/de\/producten\/zubehoer\/luftpumpe-de\/blasebalg-3-5ltr\/","url":"https:\/\/eurotrail.info\/de\/producten\/zubehoer\/luftpumpe-de\/blasebalg-3-5ltr\/","name":"Blasebalg 3 \/ 5Ltr. - Eurotrail","isPartOf":{"@id":"https:\/\/eurotrail.info\/#website"},"primaryImageOfPage":{"@id":"https:\/\/eurotrail.info\/de\/producten\/zubehoer\/luftpumpe-de\/blasebalg-3-5ltr\/#primaryimage"},"image":{"@id":"https:\/\/eurotrail.info\/de\/producten\/zubehoer\/luftpumpe-de\/blasebalg-3-5ltr\/#primaryimage"},"thumbnailUrl":"https:\/\/eurotrail.info\/wp\/wp-content\/uploads\/2019\/01\/ETIC2001-voetpomp-3ltr-18.jpg","datePublished":"2019-01-24T07:42:14+00:00","breadcrumb":{"@id":"https:\/\/eurotrail.info\/de\/producten\/zubehoer\/luftpumpe-de\/blasebalg-3-5ltr\/#breadcrumb"},"inLanguage":"de","potentialAction":[{"@type":"ReadAction","target":["https:\/\/eurotrail.info\/de\/producten\/zubehoer\/luftpumpe-de\/blasebalg-3-5ltr\/"]}]},{"@type":"ImageObject","inLanguage":"de","@id":"https:\/\/eurotrail.info\/de\/producten\/zubehoer\/luftpumpe-de\/blasebalg-3-5ltr\/#primaryimage","url":"https:\/\/eurotrail.info\/wp\/wp-content\/uploads\/2019\/01\/ETIC2001-voetpomp-3ltr-18.jpg","contentUrl":"https:\/\/eurotrail.info\/wp\/wp-content\/uploads\/2019\/01\/ETIC2001-voetpomp-3ltr-18.jpg","width":1772,"height":1542,"caption":"Fu\u00dfpumpe f\u00fcr aufblasbare Gegenst\u00e4nde wie Armbinden, Luftmatratzen oder Schwimmb\u00e4der geeignet"},{"@type":"BreadcrumbList","@id":"https:\/\/eurotrail.info\/de\/producten\/zubehoer\/luftpumpe-de\/blasebalg-3-5ltr\/#breadcrumb","itemListElement":[{"@type":"ListItem","position":1,"name":"Home","item":"https:\/\/eurotrail.info\/de\/"},{"@type":"ListItem","position":2,"name":"Produkte","item":"https:\/\/eurotrail.info\/de\/produkte\/"},{"@type":"ListItem","position":3,"name":"Blasebalg 3 \/ 5Ltr."}]},{"@type":"WebSite","@id":"https:\/\/eurotrail.info\/#website","url":"https:\/\/eurotrail.info\/","name":"Eurotrail","description":"","publisher":{"@id":"https:\/\/eurotrail.info\/#organization"},"potentialAction":[{"@type":"SearchAction","target":{"@type":"EntryPoint","urlTemplate":"https:\/\/eurotrail.info\/?s={search_term_string}"},"query-input":{"@type":"PropertyValueSpecification","valueRequired":true,"valueName":"search_term_string"}}],"inLanguage":"de"},{"@type":"Organization","@id":"https:\/\/eurotrail.info\/#organization","name":"Eurotrail","url":"https:\/\/eurotrail.info\/","logo":{"@type":"ImageObject","inLanguage":"de","@id":"https:\/\/eurotrail.info\/#\/schema\/logo\/image\/","url":"https:\/\/eurotrail.info\/wp\/wp-content\/uploads\/2023\/07\/ET-logo-quote_NL-scaled.jpg","contentUrl":"https:\/\/eurotrail.info\/wp\/wp-content\/uploads\/2023\/07\/ET-logo-quote_NL-scaled.jpg","width":2560,"height":675,"caption":"Eurotrail"},"image":{"@id":"https:\/\/eurotrail.info\/#\/schema\/logo\/image\/"}}]}},"_links":{"self":[{"href":"https:\/\/eurotrail.info\/de\/wp-json\/wp\/v2\/product\/7985","targetHints":{"allow":["GET"]}}],"collection":[{"href":"https:\/\/eurotrail.info\/de\/wp-json\/wp\/v2\/product"}],"about":[{"href":"https:\/\/eurotrail.info\/de\/wp-json\/wp\/v2\/types\/product"}],"replies":[{"embeddable":true,"href":"https:\/\/eurotrail.info\/de\/wp-json\/wp\/v2\/comments?post=7985"}],"wp:featuredmedia":[{"embeddable":true,"href":"https:\/\/eurotrail.info\/de\/wp-json\/wp\/v2\/media\/7974"}],"wp:attachment":[{"href":"https:\/\/eurotrail.info\/de\/wp-json\/wp\/v2\/media?parent=7985"}],"wp:term":[{"taxonomy":"product_brand","embeddable":true,"href":"https:\/\/eurotrail.info\/de\/wp-json\/wp\/v2\/product_brand?post=7985"},{"taxonomy":"product_cat","embeddable":true,"href":"https:\/\/eurotrail.info\/de\/wp-json\/wp\/v2\/product_cat?post=7985"},{"taxonomy":"product_tag","embeddable":true,"href":"https:\/\/eurotrail.info\/de\/wp-json\/wp\/v2\/product_tag?post=7985"}],"curies":[{"name":"wp","href":"https:\/\/api.w.org\/{rel}","templated":true}]}}