{"id":8131,"date":"2019-02-06T13:27:39","date_gmt":"2019-02-06T12:27:39","guid":{"rendered":"http:\/\/eurotrail.info\/producten\/schatentuch-mesh\/"},"modified":"2019-02-06T13:50:04","modified_gmt":"2019-02-06T12:50:04","slug":"schatentuch-mesh","status":"publish","type":"product","link":"https:\/\/eurotrail.info\/de\/producten\/wohnwagenwohnmobilebus\/sonnendaecher\/schatentuch-mesh\/","title":{"rendered":"Schatentuch Mesh"},"content":{"rendered":"<p>Das Eurotrail Schatentuch aus Meshgewebe kann wie eine Plane \u00fcber Ihrem Wohnwagen oder Zelt gespannt werden, sodass Sie an den Stellen, an denen dies erforderlich ist, Schatten spenden k\u00f6nnen. Das Gewebe besteht aus einem robusten Netzmaterial aus 100% Polyester. Mesh sorgt daf\u00fcr, dass der Regen durchflie\u00dfen kann, so dass Sie ihn bei schlechtem Wetter nicht jedes Mal brechen m\u00fcssen. Die Ecken sind mit stabilen Spannringen versehen und die Seiten sind mit einem Nylonband verst\u00e4rkt.<\/p>\n<p>Gest\u00e4nge sind optional Lieferbar und nicht im Lieferumfang einbegriffen.<\/p>\n<p>Verf\u00fcgbar in 2 Gr\u00f6\u00dfen:<br \/>\n400 x 400 cm, 750 gr.<br \/>\n600 x 400 cm., 1050 g<\/p>\n<p>Material: 100% Mesh Polyester<\/p>\n","protected":false},"excerpt":{"rendered":"<p>Das Eurotrail Schatentuch aus Meshgewebe kann wie eine Plane \u00fcber Ihrem Wohnwagen oder Zelt gespannt werden, sodass Sie an den Stellen, an denen dies erforderlich&hellip;<\/p>\n","protected":false},"featured_media":8129,"comment_status":"open","ping_status":"closed","template":"","meta":{"_acf_changed":false},"product_brand":[],"product_cat":[75,71],"product_tag":[],"class_list":{"0":"post-8131","1":"product","2":"type-product","3":"status-publish","4":"has-post-thumbnail","6":"product_cat-sonnendaecher","7":"product_cat-wohnwagenwohnmobilebus","9":"first","10":"instock","11":"shipping-taxable","12":"product-type-simple"},"acf":[],"yoast_head":"<!-- This site is optimized with the Yoast SEO plugin v27.4 - https:\/\/yoast.com\/product\/yoast-seo-wordpress\/ -->\n<title>Schatentuch Mesh - Eurotrail<\/title>\n<meta name=\"robots\" content=\"index, follow, max-snippet:-1, max-image-preview:large, max-video-preview:-1\" \/>\n<link rel=\"canonical\" href=\"https:\/\/eurotrail.info\/de\/producten\/wohnwagenwohnmobilebus\/sonnendaecher\/schatentuch-mesh\/\" \/>\n<meta property=\"og:locale\" content=\"de_DE\" \/>\n<meta property=\"og:type\" content=\"article\" \/>\n<meta property=\"og:title\" content=\"Schatentuch Mesh - Eurotrail\" \/>\n<meta property=\"og:description\" content=\"Das Eurotrail Schatentuch aus Meshgewebe kann wie eine Plane \u00fcber Ihrem Wohnwagen oder Zelt gespannt werden, sodass Sie an den Stellen, an denen dies erforderlich&hellip;\" \/>\n<meta property=\"og:url\" content=\"https:\/\/eurotrail.info\/de\/producten\/wohnwagenwohnmobilebus\/sonnendaecher\/schatentuch-mesh\/\" \/>\n<meta property=\"og:site_name\" content=\"Eurotrail\" \/>\n<meta property=\"article:modified_time\" content=\"2019-02-06T12:50:04+00:00\" \/>\n<meta property=\"og:image\" content=\"https:\/\/eurotrail.info\/wp\/wp-content\/uploads\/2019\/02\/ETCT0020.04-1280x928.jpg\" \/>\n\t<meta property=\"og:image:width\" content=\"1280\" \/>\n\t<meta property=\"og:image:height\" content=\"928\" \/>\n\t<meta property=\"og:image:type\" content=\"image\/jpeg\" \/>\n<meta name=\"twitter:card\" content=\"summary_large_image\" \/>\n<meta name=\"twitter:label1\" content=\"Gesch\u00e4tzte Lesezeit\" \/>\n\t<meta name=\"twitter:data1\" content=\"1\u00a0Minute\" \/>\n<script type=\"application\/ld+json\" class=\"yoast-schema-graph\">{\"@context\":\"https:\\\/\\\/schema.org\",\"@graph\":[{\"@type\":\"WebPage\",\"@id\":\"https:\\\/\\\/eurotrail.info\\\/de\\\/producten\\\/wohnwagenwohnmobilebus\\\/sonnendaecher\\\/schatentuch-mesh\\\/\",\"url\":\"https:\\\/\\\/eurotrail.info\\\/de\\\/producten\\\/wohnwagenwohnmobilebus\\\/sonnendaecher\\\/schatentuch-mesh\\\/\",\"name\":\"Schatentuch Mesh - Eurotrail\",\"isPartOf\":{\"@id\":\"https:\\\/\\\/eurotrail.info\\\/#website\"},\"primaryImageOfPage\":{\"@id\":\"https:\\\/\\\/eurotrail.info\\\/de\\\/producten\\\/wohnwagenwohnmobilebus\\\/sonnendaecher\\\/schatentuch-mesh\\\/#primaryimage\"},\"image\":{\"@id\":\"https:\\\/\\\/eurotrail.info\\\/de\\\/producten\\\/wohnwagenwohnmobilebus\\\/sonnendaecher\\\/schatentuch-mesh\\\/#primaryimage\"},\"thumbnailUrl\":\"https:\\\/\\\/eurotrail.info\\\/wp\\\/wp-content\\\/uploads\\\/2019\\\/02\\\/ETCT0020.04.jpg\",\"datePublished\":\"2019-02-06T12:27:39+00:00\",\"dateModified\":\"2019-02-06T12:50:04+00:00\",\"breadcrumb\":{\"@id\":\"https:\\\/\\\/eurotrail.info\\\/de\\\/producten\\\/wohnwagenwohnmobilebus\\\/sonnendaecher\\\/schatentuch-mesh\\\/#breadcrumb\"},\"inLanguage\":\"de\",\"potentialAction\":[{\"@type\":\"ReadAction\",\"target\":[\"https:\\\/\\\/eurotrail.info\\\/de\\\/producten\\\/wohnwagenwohnmobilebus\\\/sonnendaecher\\\/schatentuch-mesh\\\/\"]}]},{\"@type\":\"ImageObject\",\"inLanguage\":\"de\",\"@id\":\"https:\\\/\\\/eurotrail.info\\\/de\\\/producten\\\/wohnwagenwohnmobilebus\\\/sonnendaecher\\\/schatentuch-mesh\\\/#primaryimage\",\"url\":\"https:\\\/\\\/eurotrail.info\\\/wp\\\/wp-content\\\/uploads\\\/2019\\\/02\\\/ETCT0020.04.jpg\",\"contentUrl\":\"https:\\\/\\\/eurotrail.info\\\/wp\\\/wp-content\\\/uploads\\\/2019\\\/02\\\/ETCT0020.04.jpg\",\"width\":2667,\"height\":1933,\"caption\":\"Das Eurotrail Schatentuch aus Meshgewebe kann wie eine Plane \u00fcber Ihrem Wohnwagen oder Zelt gespannt werden\"},{\"@type\":\"BreadcrumbList\",\"@id\":\"https:\\\/\\\/eurotrail.info\\\/de\\\/producten\\\/wohnwagenwohnmobilebus\\\/sonnendaecher\\\/schatentuch-mesh\\\/#breadcrumb\",\"itemListElement\":[{\"@type\":\"ListItem\",\"position\":1,\"name\":\"Home\",\"item\":\"https:\\\/\\\/eurotrail.info\\\/de\\\/\"},{\"@type\":\"ListItem\",\"position\":2,\"name\":\"Produkte\",\"item\":\"https:\\\/\\\/eurotrail.info\\\/de\\\/produkte\\\/\"},{\"@type\":\"ListItem\",\"position\":3,\"name\":\"Schatentuch Mesh\"}]},{\"@type\":\"WebSite\",\"@id\":\"https:\\\/\\\/eurotrail.info\\\/#website\",\"url\":\"https:\\\/\\\/eurotrail.info\\\/\",\"name\":\"Eurotrail\",\"description\":\"\",\"publisher\":{\"@id\":\"https:\\\/\\\/eurotrail.info\\\/#organization\"},\"potentialAction\":[{\"@type\":\"SearchAction\",\"target\":{\"@type\":\"EntryPoint\",\"urlTemplate\":\"https:\\\/\\\/eurotrail.info\\\/?s={search_term_string}\"},\"query-input\":{\"@type\":\"PropertyValueSpecification\",\"valueRequired\":true,\"valueName\":\"search_term_string\"}}],\"inLanguage\":\"de\"},{\"@type\":\"Organization\",\"@id\":\"https:\\\/\\\/eurotrail.info\\\/#organization\",\"name\":\"Eurotrail\",\"url\":\"https:\\\/\\\/eurotrail.info\\\/\",\"logo\":{\"@type\":\"ImageObject\",\"inLanguage\":\"de\",\"@id\":\"https:\\\/\\\/eurotrail.info\\\/#\\\/schema\\\/logo\\\/image\\\/\",\"url\":\"https:\\\/\\\/eurotrail.info\\\/wp\\\/wp-content\\\/uploads\\\/2023\\\/07\\\/ET-logo-quote_NL-scaled.jpg\",\"contentUrl\":\"https:\\\/\\\/eurotrail.info\\\/wp\\\/wp-content\\\/uploads\\\/2023\\\/07\\\/ET-logo-quote_NL-scaled.jpg\",\"width\":2560,\"height\":675,\"caption\":\"Eurotrail\"},\"image\":{\"@id\":\"https:\\\/\\\/eurotrail.info\\\/#\\\/schema\\\/logo\\\/image\\\/\"}}]}<\/script>\n<!-- \/ Yoast SEO plugin. -->","yoast_head_json":{"title":"Schatentuch Mesh - Eurotrail","robots":{"index":"index","follow":"follow","max-snippet":"max-snippet:-1","max-image-preview":"max-image-preview:large","max-video-preview":"max-video-preview:-1"},"canonical":"https:\/\/eurotrail.info\/de\/producten\/wohnwagenwohnmobilebus\/sonnendaecher\/schatentuch-mesh\/","og_locale":"de_DE","og_type":"article","og_title":"Schatentuch Mesh - Eurotrail","og_description":"Das Eurotrail Schatentuch aus Meshgewebe kann wie eine Plane \u00fcber Ihrem Wohnwagen oder Zelt gespannt werden, sodass Sie an den Stellen, an denen dies erforderlich&hellip;","og_url":"https:\/\/eurotrail.info\/de\/producten\/wohnwagenwohnmobilebus\/sonnendaecher\/schatentuch-mesh\/","og_site_name":"Eurotrail","article_modified_time":"2019-02-06T12:50:04+00:00","og_image":[{"width":1280,"height":928,"url":"https:\/\/eurotrail.info\/wp\/wp-content\/uploads\/2019\/02\/ETCT0020.04-1280x928.jpg","type":"image\/jpeg"}],"twitter_card":"summary_large_image","twitter_misc":{"Gesch\u00e4tzte Lesezeit":"1\u00a0Minute"},"schema":{"@context":"https:\/\/schema.org","@graph":[{"@type":"WebPage","@id":"https:\/\/eurotrail.info\/de\/producten\/wohnwagenwohnmobilebus\/sonnendaecher\/schatentuch-mesh\/","url":"https:\/\/eurotrail.info\/de\/producten\/wohnwagenwohnmobilebus\/sonnendaecher\/schatentuch-mesh\/","name":"Schatentuch Mesh - Eurotrail","isPartOf":{"@id":"https:\/\/eurotrail.info\/#website"},"primaryImageOfPage":{"@id":"https:\/\/eurotrail.info\/de\/producten\/wohnwagenwohnmobilebus\/sonnendaecher\/schatentuch-mesh\/#primaryimage"},"image":{"@id":"https:\/\/eurotrail.info\/de\/producten\/wohnwagenwohnmobilebus\/sonnendaecher\/schatentuch-mesh\/#primaryimage"},"thumbnailUrl":"https:\/\/eurotrail.info\/wp\/wp-content\/uploads\/2019\/02\/ETCT0020.04.jpg","datePublished":"2019-02-06T12:27:39+00:00","dateModified":"2019-02-06T12:50:04+00:00","breadcrumb":{"@id":"https:\/\/eurotrail.info\/de\/producten\/wohnwagenwohnmobilebus\/sonnendaecher\/schatentuch-mesh\/#breadcrumb"},"inLanguage":"de","potentialAction":[{"@type":"ReadAction","target":["https:\/\/eurotrail.info\/de\/producten\/wohnwagenwohnmobilebus\/sonnendaecher\/schatentuch-mesh\/"]}]},{"@type":"ImageObject","inLanguage":"de","@id":"https:\/\/eurotrail.info\/de\/producten\/wohnwagenwohnmobilebus\/sonnendaecher\/schatentuch-mesh\/#primaryimage","url":"https:\/\/eurotrail.info\/wp\/wp-content\/uploads\/2019\/02\/ETCT0020.04.jpg","contentUrl":"https:\/\/eurotrail.info\/wp\/wp-content\/uploads\/2019\/02\/ETCT0020.04.jpg","width":2667,"height":1933,"caption":"Das Eurotrail Schatentuch aus Meshgewebe kann wie eine Plane \u00fcber Ihrem Wohnwagen oder Zelt gespannt werden"},{"@type":"BreadcrumbList","@id":"https:\/\/eurotrail.info\/de\/producten\/wohnwagenwohnmobilebus\/sonnendaecher\/schatentuch-mesh\/#breadcrumb","itemListElement":[{"@type":"ListItem","position":1,"name":"Home","item":"https:\/\/eurotrail.info\/de\/"},{"@type":"ListItem","position":2,"name":"Produkte","item":"https:\/\/eurotrail.info\/de\/produkte\/"},{"@type":"ListItem","position":3,"name":"Schatentuch Mesh"}]},{"@type":"WebSite","@id":"https:\/\/eurotrail.info\/#website","url":"https:\/\/eurotrail.info\/","name":"Eurotrail","description":"","publisher":{"@id":"https:\/\/eurotrail.info\/#organization"},"potentialAction":[{"@type":"SearchAction","target":{"@type":"EntryPoint","urlTemplate":"https:\/\/eurotrail.info\/?s={search_term_string}"},"query-input":{"@type":"PropertyValueSpecification","valueRequired":true,"valueName":"search_term_string"}}],"inLanguage":"de"},{"@type":"Organization","@id":"https:\/\/eurotrail.info\/#organization","name":"Eurotrail","url":"https:\/\/eurotrail.info\/","logo":{"@type":"ImageObject","inLanguage":"de","@id":"https:\/\/eurotrail.info\/#\/schema\/logo\/image\/","url":"https:\/\/eurotrail.info\/wp\/wp-content\/uploads\/2023\/07\/ET-logo-quote_NL-scaled.jpg","contentUrl":"https:\/\/eurotrail.info\/wp\/wp-content\/uploads\/2023\/07\/ET-logo-quote_NL-scaled.jpg","width":2560,"height":675,"caption":"Eurotrail"},"image":{"@id":"https:\/\/eurotrail.info\/#\/schema\/logo\/image\/"}}]}},"_links":{"self":[{"href":"https:\/\/eurotrail.info\/de\/wp-json\/wp\/v2\/product\/8131","targetHints":{"allow":["GET"]}}],"collection":[{"href":"https:\/\/eurotrail.info\/de\/wp-json\/wp\/v2\/product"}],"about":[{"href":"https:\/\/eurotrail.info\/de\/wp-json\/wp\/v2\/types\/product"}],"replies":[{"embeddable":true,"href":"https:\/\/eurotrail.info\/de\/wp-json\/wp\/v2\/comments?post=8131"}],"wp:featuredmedia":[{"embeddable":true,"href":"https:\/\/eurotrail.info\/de\/wp-json\/wp\/v2\/media\/8129"}],"wp:attachment":[{"href":"https:\/\/eurotrail.info\/de\/wp-json\/wp\/v2\/media?parent=8131"}],"wp:term":[{"taxonomy":"product_brand","embeddable":true,"href":"https:\/\/eurotrail.info\/de\/wp-json\/wp\/v2\/product_brand?post=8131"},{"taxonomy":"product_cat","embeddable":true,"href":"https:\/\/eurotrail.info\/de\/wp-json\/wp\/v2\/product_cat?post=8131"},{"taxonomy":"product_tag","embeddable":true,"href":"https:\/\/eurotrail.info\/de\/wp-json\/wp\/v2\/product_tag?post=8131"}],"curies":[{"name":"wp","href":"https:\/\/api.w.org\/{rel}","templated":true}]}}