{"id":8297,"date":"2020-01-23T09:24:00","date_gmt":"2020-01-23T08:24:00","guid":{"rendered":"http:\/\/eurotrail.info\/producten\/neue-genve-campingstuhl-2d-mesh\/"},"modified":"2020-01-23T10:20:15","modified_gmt":"2020-01-23T09:20:15","slug":"neue-genve-campingstuhl-2d-mesh","status":"publish","type":"product","link":"https:\/\/eurotrail.info\/de\/producten\/campingmoebel\/campingstuhlen-relaxstuhlen-eurotrail\/neue-genve-campingstuhl-2d-mesh\/","title":{"rendered":"NEU!  Genve Campingstuhl 2D Mesh"},"content":{"rendered":"<p>Bequemer Campingstuhl mit separatem Kissen aus neuen gepolsterten 2D-Polyestergewebe. Der Stuhl wird mit dem neuen Aluminium-D-Gestell geliefert und kann sehr flach zusammengeklappt werden. Das lose Kissen l\u00e4sst sich in beliebiger H\u00f6he befestigen und bietet so jedem auf der am richtigen Stelle optimale Unterst\u00fctzung. 2D-Gewebe ist wasserdurchl\u00e4ssig und trocknet schnell. Das Aluminiumscharnier bietet Stabilit\u00e4t und eine maximale Tragf\u00e4higkeit von 140 kg. R\u00fcckenlehne ist 7 x verstellbar. Fu\u00dfhocker ist optional erh\u00e4ltlich.<\/p>\n<p>&nbsp;<\/p>\n<p>Material: 100% 2D Mesh Polyester<br \/>\nGestell: Aluminium D-Gestell mit Alu Scharnier<br \/>\nFarben: Schwarz, Grau<br \/>\nGr\u00f6sse: 51x42x48x122cm<br \/>\nIngeklapt: 106\u00d766.5x10cm<br \/>\nMax. belasting: 140 kg.<br \/>\nGewicht: 5.4 kg<\/p>\n","protected":false},"excerpt":{"rendered":"<p>Bequemer Campingstuhl mit separatem Kissen aus neuen gepolsterten 2D-Polyestergewebe. Der Stuhl wird mit dem neuen Aluminium-D-Gestell geliefert und kann sehr flach zusammengeklappt werden. Das lose&hellip;<\/p>\n","protected":false},"featured_media":8268,"comment_status":"open","ping_status":"closed","template":"","meta":{"_acf_changed":false},"product_brand":[],"product_cat":[82,84],"product_tag":[],"class_list":{"0":"post-8297","1":"product","2":"type-product","3":"status-publish","4":"has-post-thumbnail","6":"product_cat-campingmoebel","7":"product_cat-campingstuhlen-relaxstuhlen-eurotrail","9":"first","10":"instock","11":"shipping-taxable","12":"product-type-simple"},"acf":[],"yoast_head":"<!-- This site is optimized with the Yoast SEO plugin v27.4 - https:\/\/yoast.com\/product\/yoast-seo-wordpress\/ -->\n<title>NEU! Genve Campingstuhl 2D Mesh - Eurotrail<\/title>\n<meta name=\"robots\" content=\"index, follow, max-snippet:-1, max-image-preview:large, max-video-preview:-1\" \/>\n<link rel=\"canonical\" href=\"https:\/\/eurotrail.info\/de\/producten\/campingmoebel\/campingstuhlen-relaxstuhlen-eurotrail\/neue-genve-campingstuhl-2d-mesh\/\" \/>\n<meta property=\"og:locale\" content=\"de_DE\" \/>\n<meta property=\"og:type\" content=\"article\" \/>\n<meta property=\"og:title\" content=\"NEU! Genve Campingstuhl 2D Mesh - Eurotrail\" \/>\n<meta property=\"og:description\" content=\"Bequemer Campingstuhl mit separatem Kissen aus neuen gepolsterten 2D-Polyestergewebe. Der Stuhl wird mit dem neuen Aluminium-D-Gestell geliefert und kann sehr flach zusammengeklappt werden. Das lose&hellip;\" \/>\n<meta property=\"og:url\" content=\"https:\/\/eurotrail.info\/de\/producten\/campingmoebel\/campingstuhlen-relaxstuhlen-eurotrail\/neue-genve-campingstuhl-2d-mesh\/\" \/>\n<meta property=\"og:site_name\" content=\"Eurotrail\" \/>\n<meta property=\"article:modified_time\" content=\"2020-01-23T09:20:15+00:00\" \/>\n<meta property=\"og:image\" content=\"https:\/\/eurotrail.info\/wp\/wp-content\/uploads\/2020\/01\/ETCF1411_0400_1.jpg\" \/>\n\t<meta property=\"og:image:width\" content=\"1112\" \/>\n\t<meta property=\"og:image:height\" content=\"1772\" \/>\n\t<meta property=\"og:image:type\" content=\"image\/jpeg\" \/>\n<meta name=\"twitter:card\" content=\"summary_large_image\" \/>\n<meta name=\"twitter:label1\" content=\"Gesch\u00e4tzte Lesezeit\" \/>\n\t<meta name=\"twitter:data1\" content=\"1\u00a0Minute\" \/>\n<script type=\"application\/ld+json\" class=\"yoast-schema-graph\">{\"@context\":\"https:\\\/\\\/schema.org\",\"@graph\":[{\"@type\":\"WebPage\",\"@id\":\"https:\\\/\\\/eurotrail.info\\\/de\\\/producten\\\/campingmoebel\\\/campingstuhlen-relaxstuhlen-eurotrail\\\/neue-genve-campingstuhl-2d-mesh\\\/\",\"url\":\"https:\\\/\\\/eurotrail.info\\\/de\\\/producten\\\/campingmoebel\\\/campingstuhlen-relaxstuhlen-eurotrail\\\/neue-genve-campingstuhl-2d-mesh\\\/\",\"name\":\"NEU! Genve Campingstuhl 2D Mesh - Eurotrail\",\"isPartOf\":{\"@id\":\"https:\\\/\\\/eurotrail.info\\\/#website\"},\"primaryImageOfPage\":{\"@id\":\"https:\\\/\\\/eurotrail.info\\\/de\\\/producten\\\/campingmoebel\\\/campingstuhlen-relaxstuhlen-eurotrail\\\/neue-genve-campingstuhl-2d-mesh\\\/#primaryimage\"},\"image\":{\"@id\":\"https:\\\/\\\/eurotrail.info\\\/de\\\/producten\\\/campingmoebel\\\/campingstuhlen-relaxstuhlen-eurotrail\\\/neue-genve-campingstuhl-2d-mesh\\\/#primaryimage\"},\"thumbnailUrl\":\"https:\\\/\\\/eurotrail.info\\\/wp\\\/wp-content\\\/uploads\\\/2020\\\/01\\\/ETCF1411_0400_1.jpg\",\"datePublished\":\"2020-01-23T08:24:00+00:00\",\"dateModified\":\"2020-01-23T09:20:15+00:00\",\"breadcrumb\":{\"@id\":\"https:\\\/\\\/eurotrail.info\\\/de\\\/producten\\\/campingmoebel\\\/campingstuhlen-relaxstuhlen-eurotrail\\\/neue-genve-campingstuhl-2d-mesh\\\/#breadcrumb\"},\"inLanguage\":\"de\",\"potentialAction\":[{\"@type\":\"ReadAction\",\"target\":[\"https:\\\/\\\/eurotrail.info\\\/de\\\/producten\\\/campingmoebel\\\/campingstuhlen-relaxstuhlen-eurotrail\\\/neue-genve-campingstuhl-2d-mesh\\\/\"]}]},{\"@type\":\"ImageObject\",\"inLanguage\":\"de\",\"@id\":\"https:\\\/\\\/eurotrail.info\\\/de\\\/producten\\\/campingmoebel\\\/campingstuhlen-relaxstuhlen-eurotrail\\\/neue-genve-campingstuhl-2d-mesh\\\/#primaryimage\",\"url\":\"https:\\\/\\\/eurotrail.info\\\/wp\\\/wp-content\\\/uploads\\\/2020\\\/01\\\/ETCF1411_0400_1.jpg\",\"contentUrl\":\"https:\\\/\\\/eurotrail.info\\\/wp\\\/wp-content\\\/uploads\\\/2020\\\/01\\\/ETCF1411_0400_1.jpg\",\"width\":1112,\"height\":1772,\"caption\":\"Bequemer Campingstuhl mit separatem Kissen aus neuen gepolsterten 2D-Polyestergewebe\"},{\"@type\":\"BreadcrumbList\",\"@id\":\"https:\\\/\\\/eurotrail.info\\\/de\\\/producten\\\/campingmoebel\\\/campingstuhlen-relaxstuhlen-eurotrail\\\/neue-genve-campingstuhl-2d-mesh\\\/#breadcrumb\",\"itemListElement\":[{\"@type\":\"ListItem\",\"position\":1,\"name\":\"Home\",\"item\":\"https:\\\/\\\/eurotrail.info\\\/de\\\/\"},{\"@type\":\"ListItem\",\"position\":2,\"name\":\"Produkte\",\"item\":\"https:\\\/\\\/eurotrail.info\\\/de\\\/produkte\\\/\"},{\"@type\":\"ListItem\",\"position\":3,\"name\":\"NEU! Genve Campingstuhl 2D Mesh\"}]},{\"@type\":\"WebSite\",\"@id\":\"https:\\\/\\\/eurotrail.info\\\/#website\",\"url\":\"https:\\\/\\\/eurotrail.info\\\/\",\"name\":\"Eurotrail\",\"description\":\"\",\"publisher\":{\"@id\":\"https:\\\/\\\/eurotrail.info\\\/#organization\"},\"potentialAction\":[{\"@type\":\"SearchAction\",\"target\":{\"@type\":\"EntryPoint\",\"urlTemplate\":\"https:\\\/\\\/eurotrail.info\\\/?s={search_term_string}\"},\"query-input\":{\"@type\":\"PropertyValueSpecification\",\"valueRequired\":true,\"valueName\":\"search_term_string\"}}],\"inLanguage\":\"de\"},{\"@type\":\"Organization\",\"@id\":\"https:\\\/\\\/eurotrail.info\\\/#organization\",\"name\":\"Eurotrail\",\"url\":\"https:\\\/\\\/eurotrail.info\\\/\",\"logo\":{\"@type\":\"ImageObject\",\"inLanguage\":\"de\",\"@id\":\"https:\\\/\\\/eurotrail.info\\\/#\\\/schema\\\/logo\\\/image\\\/\",\"url\":\"https:\\\/\\\/eurotrail.info\\\/wp\\\/wp-content\\\/uploads\\\/2023\\\/07\\\/ET-logo-quote_NL-scaled.jpg\",\"contentUrl\":\"https:\\\/\\\/eurotrail.info\\\/wp\\\/wp-content\\\/uploads\\\/2023\\\/07\\\/ET-logo-quote_NL-scaled.jpg\",\"width\":2560,\"height\":675,\"caption\":\"Eurotrail\"},\"image\":{\"@id\":\"https:\\\/\\\/eurotrail.info\\\/#\\\/schema\\\/logo\\\/image\\\/\"}}]}<\/script>\n<!-- \/ Yoast SEO plugin. -->","yoast_head_json":{"title":"NEU! Genve Campingstuhl 2D Mesh - Eurotrail","robots":{"index":"index","follow":"follow","max-snippet":"max-snippet:-1","max-image-preview":"max-image-preview:large","max-video-preview":"max-video-preview:-1"},"canonical":"https:\/\/eurotrail.info\/de\/producten\/campingmoebel\/campingstuhlen-relaxstuhlen-eurotrail\/neue-genve-campingstuhl-2d-mesh\/","og_locale":"de_DE","og_type":"article","og_title":"NEU! Genve Campingstuhl 2D Mesh - Eurotrail","og_description":"Bequemer Campingstuhl mit separatem Kissen aus neuen gepolsterten 2D-Polyestergewebe. Der Stuhl wird mit dem neuen Aluminium-D-Gestell geliefert und kann sehr flach zusammengeklappt werden. Das lose&hellip;","og_url":"https:\/\/eurotrail.info\/de\/producten\/campingmoebel\/campingstuhlen-relaxstuhlen-eurotrail\/neue-genve-campingstuhl-2d-mesh\/","og_site_name":"Eurotrail","article_modified_time":"2020-01-23T09:20:15+00:00","og_image":[{"width":1112,"height":1772,"url":"https:\/\/eurotrail.info\/wp\/wp-content\/uploads\/2020\/01\/ETCF1411_0400_1.jpg","type":"image\/jpeg"}],"twitter_card":"summary_large_image","twitter_misc":{"Gesch\u00e4tzte Lesezeit":"1\u00a0Minute"},"schema":{"@context":"https:\/\/schema.org","@graph":[{"@type":"WebPage","@id":"https:\/\/eurotrail.info\/de\/producten\/campingmoebel\/campingstuhlen-relaxstuhlen-eurotrail\/neue-genve-campingstuhl-2d-mesh\/","url":"https:\/\/eurotrail.info\/de\/producten\/campingmoebel\/campingstuhlen-relaxstuhlen-eurotrail\/neue-genve-campingstuhl-2d-mesh\/","name":"NEU! Genve Campingstuhl 2D Mesh - Eurotrail","isPartOf":{"@id":"https:\/\/eurotrail.info\/#website"},"primaryImageOfPage":{"@id":"https:\/\/eurotrail.info\/de\/producten\/campingmoebel\/campingstuhlen-relaxstuhlen-eurotrail\/neue-genve-campingstuhl-2d-mesh\/#primaryimage"},"image":{"@id":"https:\/\/eurotrail.info\/de\/producten\/campingmoebel\/campingstuhlen-relaxstuhlen-eurotrail\/neue-genve-campingstuhl-2d-mesh\/#primaryimage"},"thumbnailUrl":"https:\/\/eurotrail.info\/wp\/wp-content\/uploads\/2020\/01\/ETCF1411_0400_1.jpg","datePublished":"2020-01-23T08:24:00+00:00","dateModified":"2020-01-23T09:20:15+00:00","breadcrumb":{"@id":"https:\/\/eurotrail.info\/de\/producten\/campingmoebel\/campingstuhlen-relaxstuhlen-eurotrail\/neue-genve-campingstuhl-2d-mesh\/#breadcrumb"},"inLanguage":"de","potentialAction":[{"@type":"ReadAction","target":["https:\/\/eurotrail.info\/de\/producten\/campingmoebel\/campingstuhlen-relaxstuhlen-eurotrail\/neue-genve-campingstuhl-2d-mesh\/"]}]},{"@type":"ImageObject","inLanguage":"de","@id":"https:\/\/eurotrail.info\/de\/producten\/campingmoebel\/campingstuhlen-relaxstuhlen-eurotrail\/neue-genve-campingstuhl-2d-mesh\/#primaryimage","url":"https:\/\/eurotrail.info\/wp\/wp-content\/uploads\/2020\/01\/ETCF1411_0400_1.jpg","contentUrl":"https:\/\/eurotrail.info\/wp\/wp-content\/uploads\/2020\/01\/ETCF1411_0400_1.jpg","width":1112,"height":1772,"caption":"Bequemer Campingstuhl mit separatem Kissen aus neuen gepolsterten 2D-Polyestergewebe"},{"@type":"BreadcrumbList","@id":"https:\/\/eurotrail.info\/de\/producten\/campingmoebel\/campingstuhlen-relaxstuhlen-eurotrail\/neue-genve-campingstuhl-2d-mesh\/#breadcrumb","itemListElement":[{"@type":"ListItem","position":1,"name":"Home","item":"https:\/\/eurotrail.info\/de\/"},{"@type":"ListItem","position":2,"name":"Produkte","item":"https:\/\/eurotrail.info\/de\/produkte\/"},{"@type":"ListItem","position":3,"name":"NEU! Genve Campingstuhl 2D Mesh"}]},{"@type":"WebSite","@id":"https:\/\/eurotrail.info\/#website","url":"https:\/\/eurotrail.info\/","name":"Eurotrail","description":"","publisher":{"@id":"https:\/\/eurotrail.info\/#organization"},"potentialAction":[{"@type":"SearchAction","target":{"@type":"EntryPoint","urlTemplate":"https:\/\/eurotrail.info\/?s={search_term_string}"},"query-input":{"@type":"PropertyValueSpecification","valueRequired":true,"valueName":"search_term_string"}}],"inLanguage":"de"},{"@type":"Organization","@id":"https:\/\/eurotrail.info\/#organization","name":"Eurotrail","url":"https:\/\/eurotrail.info\/","logo":{"@type":"ImageObject","inLanguage":"de","@id":"https:\/\/eurotrail.info\/#\/schema\/logo\/image\/","url":"https:\/\/eurotrail.info\/wp\/wp-content\/uploads\/2023\/07\/ET-logo-quote_NL-scaled.jpg","contentUrl":"https:\/\/eurotrail.info\/wp\/wp-content\/uploads\/2023\/07\/ET-logo-quote_NL-scaled.jpg","width":2560,"height":675,"caption":"Eurotrail"},"image":{"@id":"https:\/\/eurotrail.info\/#\/schema\/logo\/image\/"}}]}},"_links":{"self":[{"href":"https:\/\/eurotrail.info\/de\/wp-json\/wp\/v2\/product\/8297","targetHints":{"allow":["GET"]}}],"collection":[{"href":"https:\/\/eurotrail.info\/de\/wp-json\/wp\/v2\/product"}],"about":[{"href":"https:\/\/eurotrail.info\/de\/wp-json\/wp\/v2\/types\/product"}],"replies":[{"embeddable":true,"href":"https:\/\/eurotrail.info\/de\/wp-json\/wp\/v2\/comments?post=8297"}],"wp:featuredmedia":[{"embeddable":true,"href":"https:\/\/eurotrail.info\/de\/wp-json\/wp\/v2\/media\/8268"}],"wp:attachment":[{"href":"https:\/\/eurotrail.info\/de\/wp-json\/wp\/v2\/media?parent=8297"}],"wp:term":[{"taxonomy":"product_brand","embeddable":true,"href":"https:\/\/eurotrail.info\/de\/wp-json\/wp\/v2\/product_brand?post=8297"},{"taxonomy":"product_cat","embeddable":true,"href":"https:\/\/eurotrail.info\/de\/wp-json\/wp\/v2\/product_cat?post=8297"},{"taxonomy":"product_tag","embeddable":true,"href":"https:\/\/eurotrail.info\/de\/wp-json\/wp\/v2\/product_tag?post=8297"}],"curies":[{"name":"wp","href":"https:\/\/api.w.org\/{rel}","templated":true}]}}