{"id":8376,"date":"2020-01-23T10:26:53","date_gmt":"2020-01-23T09:26:53","guid":{"rendered":"http:\/\/eurotrail.info\/producten\/neu-arras\/"},"modified":"2021-11-22T11:49:28","modified_gmt":"2021-11-22T10:49:28","slug":"neu-arras","status":"publish","type":"product","link":"https:\/\/eurotrail.info\/de\/producten\/campingmoebel\/faltmoebel\/neu-arras\/","title":{"rendered":"Arras Klappstuhl"},"content":{"rendered":"<p>Bequemer Klappstuhl mit stabilen Armlehnen und breiter Sitzfl\u00e4che. Der Stuhl hat ein stabiles Stahlgestell und l\u00e4sst sich leicht zusammenklappen. Der Stoff besteht aus einem stabilen 600D Polyester. Der ger\u00e4umige Sitz und die hohe R\u00fcckenlehne bieten optimalen Sitzkomfort. Praktischer Getr\u00e4nkehalter, der innen zusammengeklappt werden kann. Die Armlehnen k\u00f6nnen hochgeklappt werden, so dass Sie diese Stuhl einfach unter demm Tisch stellen k\u00f6nnen. Inkl. Tragetasche. Verf\u00fcgbare Farben: Taupe\/Schwarz, Petrol\/Schwarz, Oliv\/Schwarz.<\/p>\n<p>Material: 100% 600D Polyester<br \/>\nGeastell : Stahl<br \/>\nGr\u00f6sse: 91x64x64cm<br \/>\nSitzflach: 55x43x48cm<br \/>\nGefaltet: 107x20x20cm<br \/>\nGewicht: 5.2 kg.<br \/>\nMax. Belastung: 120 kg.<\/p>\n","protected":false},"excerpt":{"rendered":"<p>Bequemer Klappstuhl mit stabilen Armlehnen und breiter Sitzfl\u00e4che. Der Stuhl hat ein stabiles Stahlgestell und l\u00e4sst sich leicht zusammenklappen. Der Stoff besteht aus einem stabilen&hellip;<\/p>\n","protected":false},"featured_media":8358,"comment_status":"open","ping_status":"closed","template":"","meta":{"_acf_changed":false},"product_brand":[],"product_cat":[82,89],"product_tag":[],"class_list":{"0":"post-8376","1":"product","2":"type-product","3":"status-publish","4":"has-post-thumbnail","6":"product_cat-campingmoebel","7":"product_cat-faltmoebel","9":"first","10":"instock","11":"shipping-taxable","12":"product-type-simple"},"acf":[],"yoast_head":"<!-- This site is optimized with the Yoast SEO plugin v27.4 - https:\/\/yoast.com\/product\/yoast-seo-wordpress\/ -->\n<title>Arras Klappstuhl - Eurotrail<\/title>\n<meta name=\"robots\" content=\"index, follow, max-snippet:-1, max-image-preview:large, max-video-preview:-1\" \/>\n<link rel=\"canonical\" href=\"https:\/\/eurotrail.info\/de\/producten\/campingmoebel\/faltmoebel\/neu-arras\/\" \/>\n<meta property=\"og:locale\" content=\"de_DE\" \/>\n<meta property=\"og:type\" content=\"article\" \/>\n<meta property=\"og:title\" content=\"Arras Klappstuhl - Eurotrail\" \/>\n<meta property=\"og:description\" content=\"Bequemer Klappstuhl mit stabilen Armlehnen und breiter Sitzfl\u00e4che. Der Stuhl hat ein stabiles Stahlgestell und l\u00e4sst sich leicht zusammenklappen. Der Stoff besteht aus einem stabilen&hellip;\" \/>\n<meta property=\"og:url\" content=\"https:\/\/eurotrail.info\/de\/producten\/campingmoebel\/faltmoebel\/neu-arras\/\" \/>\n<meta property=\"og:site_name\" content=\"Eurotrail\" \/>\n<meta property=\"article:modified_time\" content=\"2021-11-22T10:49:28+00:00\" \/>\n<meta property=\"og:image\" content=\"https:\/\/eurotrail.info\/wp\/wp-content\/uploads\/2020\/01\/ETCF1431_4201_1.jpg\" \/>\n\t<meta property=\"og:image:width\" content=\"1413\" \/>\n\t<meta property=\"og:image:height\" content=\"1772\" \/>\n\t<meta property=\"og:image:type\" content=\"image\/jpeg\" \/>\n<meta name=\"twitter:card\" content=\"summary_large_image\" \/>\n<meta name=\"twitter:label1\" content=\"Gesch\u00e4tzte Lesezeit\" \/>\n\t<meta name=\"twitter:data1\" content=\"1\u00a0Minute\" \/>\n<script type=\"application\/ld+json\" class=\"yoast-schema-graph\">{\"@context\":\"https:\\\/\\\/schema.org\",\"@graph\":[{\"@type\":\"WebPage\",\"@id\":\"https:\\\/\\\/eurotrail.info\\\/de\\\/producten\\\/campingmoebel\\\/faltmoebel\\\/neu-arras\\\/\",\"url\":\"https:\\\/\\\/eurotrail.info\\\/de\\\/producten\\\/campingmoebel\\\/faltmoebel\\\/neu-arras\\\/\",\"name\":\"Arras Klappstuhl - Eurotrail\",\"isPartOf\":{\"@id\":\"https:\\\/\\\/eurotrail.info\\\/#website\"},\"primaryImageOfPage\":{\"@id\":\"https:\\\/\\\/eurotrail.info\\\/de\\\/producten\\\/campingmoebel\\\/faltmoebel\\\/neu-arras\\\/#primaryimage\"},\"image\":{\"@id\":\"https:\\\/\\\/eurotrail.info\\\/de\\\/producten\\\/campingmoebel\\\/faltmoebel\\\/neu-arras\\\/#primaryimage\"},\"thumbnailUrl\":\"https:\\\/\\\/eurotrail.info\\\/wp\\\/wp-content\\\/uploads\\\/2020\\\/01\\\/ETCF1431_4201_1.jpg\",\"datePublished\":\"2020-01-23T09:26:53+00:00\",\"dateModified\":\"2021-11-22T10:49:28+00:00\",\"breadcrumb\":{\"@id\":\"https:\\\/\\\/eurotrail.info\\\/de\\\/producten\\\/campingmoebel\\\/faltmoebel\\\/neu-arras\\\/#breadcrumb\"},\"inLanguage\":\"de\",\"potentialAction\":[{\"@type\":\"ReadAction\",\"target\":[\"https:\\\/\\\/eurotrail.info\\\/de\\\/producten\\\/campingmoebel\\\/faltmoebel\\\/neu-arras\\\/\"]}]},{\"@type\":\"ImageObject\",\"inLanguage\":\"de\",\"@id\":\"https:\\\/\\\/eurotrail.info\\\/de\\\/producten\\\/campingmoebel\\\/faltmoebel\\\/neu-arras\\\/#primaryimage\",\"url\":\"https:\\\/\\\/eurotrail.info\\\/wp\\\/wp-content\\\/uploads\\\/2020\\\/01\\\/ETCF1431_4201_1.jpg\",\"contentUrl\":\"https:\\\/\\\/eurotrail.info\\\/wp\\\/wp-content\\\/uploads\\\/2020\\\/01\\\/ETCF1431_4201_1.jpg\",\"width\":1413,\"height\":1772,\"caption\":\"Bequemer Klappstuhl mit stabilen Armlehnen und breiter Sitzfl\u00e4che\"},{\"@type\":\"BreadcrumbList\",\"@id\":\"https:\\\/\\\/eurotrail.info\\\/de\\\/producten\\\/campingmoebel\\\/faltmoebel\\\/neu-arras\\\/#breadcrumb\",\"itemListElement\":[{\"@type\":\"ListItem\",\"position\":1,\"name\":\"Home\",\"item\":\"https:\\\/\\\/eurotrail.info\\\/de\\\/\"},{\"@type\":\"ListItem\",\"position\":2,\"name\":\"Produkte\",\"item\":\"https:\\\/\\\/eurotrail.info\\\/de\\\/produkte\\\/\"},{\"@type\":\"ListItem\",\"position\":3,\"name\":\"Arras Klappstuhl\"}]},{\"@type\":\"WebSite\",\"@id\":\"https:\\\/\\\/eurotrail.info\\\/#website\",\"url\":\"https:\\\/\\\/eurotrail.info\\\/\",\"name\":\"Eurotrail\",\"description\":\"\",\"publisher\":{\"@id\":\"https:\\\/\\\/eurotrail.info\\\/#organization\"},\"potentialAction\":[{\"@type\":\"SearchAction\",\"target\":{\"@type\":\"EntryPoint\",\"urlTemplate\":\"https:\\\/\\\/eurotrail.info\\\/?s={search_term_string}\"},\"query-input\":{\"@type\":\"PropertyValueSpecification\",\"valueRequired\":true,\"valueName\":\"search_term_string\"}}],\"inLanguage\":\"de\"},{\"@type\":\"Organization\",\"@id\":\"https:\\\/\\\/eurotrail.info\\\/#organization\",\"name\":\"Eurotrail\",\"url\":\"https:\\\/\\\/eurotrail.info\\\/\",\"logo\":{\"@type\":\"ImageObject\",\"inLanguage\":\"de\",\"@id\":\"https:\\\/\\\/eurotrail.info\\\/#\\\/schema\\\/logo\\\/image\\\/\",\"url\":\"https:\\\/\\\/eurotrail.info\\\/wp\\\/wp-content\\\/uploads\\\/2023\\\/07\\\/ET-logo-quote_NL-scaled.jpg\",\"contentUrl\":\"https:\\\/\\\/eurotrail.info\\\/wp\\\/wp-content\\\/uploads\\\/2023\\\/07\\\/ET-logo-quote_NL-scaled.jpg\",\"width\":2560,\"height\":675,\"caption\":\"Eurotrail\"},\"image\":{\"@id\":\"https:\\\/\\\/eurotrail.info\\\/#\\\/schema\\\/logo\\\/image\\\/\"}}]}<\/script>\n<!-- \/ Yoast SEO plugin. -->","yoast_head_json":{"title":"Arras Klappstuhl - Eurotrail","robots":{"index":"index","follow":"follow","max-snippet":"max-snippet:-1","max-image-preview":"max-image-preview:large","max-video-preview":"max-video-preview:-1"},"canonical":"https:\/\/eurotrail.info\/de\/producten\/campingmoebel\/faltmoebel\/neu-arras\/","og_locale":"de_DE","og_type":"article","og_title":"Arras Klappstuhl - Eurotrail","og_description":"Bequemer Klappstuhl mit stabilen Armlehnen und breiter Sitzfl\u00e4che. Der Stuhl hat ein stabiles Stahlgestell und l\u00e4sst sich leicht zusammenklappen. Der Stoff besteht aus einem stabilen&hellip;","og_url":"https:\/\/eurotrail.info\/de\/producten\/campingmoebel\/faltmoebel\/neu-arras\/","og_site_name":"Eurotrail","article_modified_time":"2021-11-22T10:49:28+00:00","og_image":[{"width":1413,"height":1772,"url":"https:\/\/eurotrail.info\/wp\/wp-content\/uploads\/2020\/01\/ETCF1431_4201_1.jpg","type":"image\/jpeg"}],"twitter_card":"summary_large_image","twitter_misc":{"Gesch\u00e4tzte Lesezeit":"1\u00a0Minute"},"schema":{"@context":"https:\/\/schema.org","@graph":[{"@type":"WebPage","@id":"https:\/\/eurotrail.info\/de\/producten\/campingmoebel\/faltmoebel\/neu-arras\/","url":"https:\/\/eurotrail.info\/de\/producten\/campingmoebel\/faltmoebel\/neu-arras\/","name":"Arras Klappstuhl - Eurotrail","isPartOf":{"@id":"https:\/\/eurotrail.info\/#website"},"primaryImageOfPage":{"@id":"https:\/\/eurotrail.info\/de\/producten\/campingmoebel\/faltmoebel\/neu-arras\/#primaryimage"},"image":{"@id":"https:\/\/eurotrail.info\/de\/producten\/campingmoebel\/faltmoebel\/neu-arras\/#primaryimage"},"thumbnailUrl":"https:\/\/eurotrail.info\/wp\/wp-content\/uploads\/2020\/01\/ETCF1431_4201_1.jpg","datePublished":"2020-01-23T09:26:53+00:00","dateModified":"2021-11-22T10:49:28+00:00","breadcrumb":{"@id":"https:\/\/eurotrail.info\/de\/producten\/campingmoebel\/faltmoebel\/neu-arras\/#breadcrumb"},"inLanguage":"de","potentialAction":[{"@type":"ReadAction","target":["https:\/\/eurotrail.info\/de\/producten\/campingmoebel\/faltmoebel\/neu-arras\/"]}]},{"@type":"ImageObject","inLanguage":"de","@id":"https:\/\/eurotrail.info\/de\/producten\/campingmoebel\/faltmoebel\/neu-arras\/#primaryimage","url":"https:\/\/eurotrail.info\/wp\/wp-content\/uploads\/2020\/01\/ETCF1431_4201_1.jpg","contentUrl":"https:\/\/eurotrail.info\/wp\/wp-content\/uploads\/2020\/01\/ETCF1431_4201_1.jpg","width":1413,"height":1772,"caption":"Bequemer Klappstuhl mit stabilen Armlehnen und breiter Sitzfl\u00e4che"},{"@type":"BreadcrumbList","@id":"https:\/\/eurotrail.info\/de\/producten\/campingmoebel\/faltmoebel\/neu-arras\/#breadcrumb","itemListElement":[{"@type":"ListItem","position":1,"name":"Home","item":"https:\/\/eurotrail.info\/de\/"},{"@type":"ListItem","position":2,"name":"Produkte","item":"https:\/\/eurotrail.info\/de\/produkte\/"},{"@type":"ListItem","position":3,"name":"Arras Klappstuhl"}]},{"@type":"WebSite","@id":"https:\/\/eurotrail.info\/#website","url":"https:\/\/eurotrail.info\/","name":"Eurotrail","description":"","publisher":{"@id":"https:\/\/eurotrail.info\/#organization"},"potentialAction":[{"@type":"SearchAction","target":{"@type":"EntryPoint","urlTemplate":"https:\/\/eurotrail.info\/?s={search_term_string}"},"query-input":{"@type":"PropertyValueSpecification","valueRequired":true,"valueName":"search_term_string"}}],"inLanguage":"de"},{"@type":"Organization","@id":"https:\/\/eurotrail.info\/#organization","name":"Eurotrail","url":"https:\/\/eurotrail.info\/","logo":{"@type":"ImageObject","inLanguage":"de","@id":"https:\/\/eurotrail.info\/#\/schema\/logo\/image\/","url":"https:\/\/eurotrail.info\/wp\/wp-content\/uploads\/2023\/07\/ET-logo-quote_NL-scaled.jpg","contentUrl":"https:\/\/eurotrail.info\/wp\/wp-content\/uploads\/2023\/07\/ET-logo-quote_NL-scaled.jpg","width":2560,"height":675,"caption":"Eurotrail"},"image":{"@id":"https:\/\/eurotrail.info\/#\/schema\/logo\/image\/"}}]}},"_links":{"self":[{"href":"https:\/\/eurotrail.info\/de\/wp-json\/wp\/v2\/product\/8376","targetHints":{"allow":["GET"]}}],"collection":[{"href":"https:\/\/eurotrail.info\/de\/wp-json\/wp\/v2\/product"}],"about":[{"href":"https:\/\/eurotrail.info\/de\/wp-json\/wp\/v2\/types\/product"}],"replies":[{"embeddable":true,"href":"https:\/\/eurotrail.info\/de\/wp-json\/wp\/v2\/comments?post=8376"}],"wp:featuredmedia":[{"embeddable":true,"href":"https:\/\/eurotrail.info\/de\/wp-json\/wp\/v2\/media\/8358"}],"wp:attachment":[{"href":"https:\/\/eurotrail.info\/de\/wp-json\/wp\/v2\/media?parent=8376"}],"wp:term":[{"taxonomy":"product_brand","embeddable":true,"href":"https:\/\/eurotrail.info\/de\/wp-json\/wp\/v2\/product_brand?post=8376"},{"taxonomy":"product_cat","embeddable":true,"href":"https:\/\/eurotrail.info\/de\/wp-json\/wp\/v2\/product_cat?post=8376"},{"taxonomy":"product_tag","embeddable":true,"href":"https:\/\/eurotrail.info\/de\/wp-json\/wp\/v2\/product_tag?post=8376"}],"curies":[{"name":"wp","href":"https:\/\/api.w.org\/{rel}","templated":true}]}}