{"id":8397,"date":"2020-01-23T10:50:47","date_gmt":"2020-01-23T09:50:47","guid":{"rendered":"http:\/\/eurotrail.info\/producten\/neu-royal-liege\/"},"modified":"2026-02-10T14:50:00","modified_gmt":"2026-02-10T13:50:00","slug":"neu-royal-liege","status":"publish","type":"product","link":"https:\/\/eurotrail.info\/de\/producten\/campingmoebel\/campngbett\/neu-royal-liege\/","title":{"rendered":"Royal Liege"},"content":{"rendered":"<p><strong>Ultimative Entspannung mit Stil<\/strong><\/p>\n<p>Diese luxuri\u00f6se Liege ist ideal f\u00fcr alle, die sich im Garten, auf dem Campingplatz oder am Pool komfortabel entspannen m\u00f6chten. Dank der verstellbaren R\u00fcckenlehne finden Sie immer die perfekte Position \u2013 vom aufrechten Lesen bis zum entspannten Liegen in der Sonne.<\/p>\n<p>Der robuste Stahlrahmen bietet hervorragende Stabilit\u00e4t und Langlebigkeit. F\u00fcr zus\u00e4tzlichen Komfort verf\u00fcgt die R\u00fcckenlehne \u00fcber ein verstellbares St\u00fctzbein, das in jeder Position optimale Unterst\u00fctzung gew\u00e4hrleistet.<\/p>\n<p>Die Liegefl\u00e4che aus strapazierf\u00e4higem, gepolstertem Polyester f\u00fchlt sich wunderbar weich an. Das integrierte Kopfkissen erh\u00f6ht den Komfort zus\u00e4tzlich und l\u00e4dt zum vollkommenen Abschalten ein.<\/p>\n<p>Nach Gebrauch l\u00e4sst sich die Liege einfach und kompakt zusammenklappen \u2013 ideal zum Verstauen oder Transportieren.<\/p>\n<p>Gr\u00f6sse: 200x75x35cm<br \/>\nGefaltet : 80x68x18cm<br \/>\nMaterial: 100% Polyester mit Polsterung<br \/>\nGestell: Stahl powder coated<br \/>\nMax Belastung: 120 kg.<br \/>\nGewicht: 7.4 kg.:<\/p>\n","protected":false},"excerpt":{"rendered":"<p>Ultimative Entspannung mit Stil Diese luxuri\u00f6se Liege ist ideal f\u00fcr alle, die sich im Garten, auf dem Campingplatz oder am Pool komfortabel entspannen m\u00f6chten. Dank&hellip;<\/p>\n","protected":false},"featured_media":10038,"comment_status":"open","ping_status":"closed","template":"","meta":{"_acf_changed":false},"product_brand":[],"product_cat":[87,82],"product_tag":[],"class_list":{"0":"post-8397","1":"product","2":"type-product","3":"status-publish","4":"has-post-thumbnail","6":"product_cat-campngbett","7":"product_cat-campingmoebel","9":"first","10":"instock","11":"shipping-taxable","12":"product-type-simple"},"acf":[],"yoast_head":"<!-- This site is optimized with the Yoast SEO plugin v27.4 - https:\/\/yoast.com\/product\/yoast-seo-wordpress\/ -->\n<title>Royal Liege - Eurotrail<\/title>\n<meta name=\"robots\" content=\"index, follow, max-snippet:-1, max-image-preview:large, max-video-preview:-1\" \/>\n<link rel=\"canonical\" href=\"https:\/\/eurotrail.info\/de\/producten\/campingmoebel\/campngbett\/neu-royal-liege\/\" \/>\n<meta property=\"og:locale\" content=\"de_DE\" \/>\n<meta property=\"og:type\" content=\"article\" \/>\n<meta property=\"og:title\" content=\"Royal Liege - Eurotrail\" \/>\n<meta property=\"og:description\" content=\"Ultimative Entspannung mit Stil Diese luxuri\u00f6se Liege ist ideal f\u00fcr alle, die sich im Garten, auf dem Campingplatz oder am Pool komfortabel entspannen m\u00f6chten. Dank&hellip;\" \/>\n<meta property=\"og:url\" content=\"https:\/\/eurotrail.info\/de\/producten\/campingmoebel\/campngbett\/neu-royal-liege\/\" \/>\n<meta property=\"og:site_name\" content=\"Eurotrail\" \/>\n<meta property=\"article:modified_time\" content=\"2026-02-10T13:50:00+00:00\" \/>\n<meta property=\"og:image\" content=\"https:\/\/eurotrail.info\/wp\/wp-content\/uploads\/2020\/01\/ETCF0085_0201_1-2.jpg\" \/>\n\t<meta property=\"og:image:width\" content=\"2560\" \/>\n\t<meta property=\"og:image:height\" content=\"1291\" \/>\n\t<meta property=\"og:image:type\" content=\"image\/jpeg\" \/>\n<meta name=\"twitter:card\" content=\"summary_large_image\" \/>\n<meta name=\"twitter:label1\" content=\"Gesch\u00e4tzte Lesezeit\" \/>\n\t<meta name=\"twitter:data1\" content=\"1\u00a0Minute\" \/>\n<script type=\"application\/ld+json\" class=\"yoast-schema-graph\">{\"@context\":\"https:\\\/\\\/schema.org\",\"@graph\":[{\"@type\":\"WebPage\",\"@id\":\"https:\\\/\\\/eurotrail.info\\\/de\\\/producten\\\/campingmoebel\\\/campngbett\\\/neu-royal-liege\\\/\",\"url\":\"https:\\\/\\\/eurotrail.info\\\/de\\\/producten\\\/campingmoebel\\\/campngbett\\\/neu-royal-liege\\\/\",\"name\":\"Royal Liege - Eurotrail\",\"isPartOf\":{\"@id\":\"https:\\\/\\\/eurotrail.info\\\/#website\"},\"primaryImageOfPage\":{\"@id\":\"https:\\\/\\\/eurotrail.info\\\/de\\\/producten\\\/campingmoebel\\\/campngbett\\\/neu-royal-liege\\\/#primaryimage\"},\"image\":{\"@id\":\"https:\\\/\\\/eurotrail.info\\\/de\\\/producten\\\/campingmoebel\\\/campngbett\\\/neu-royal-liege\\\/#primaryimage\"},\"thumbnailUrl\":\"https:\\\/\\\/eurotrail.info\\\/wp\\\/wp-content\\\/uploads\\\/2020\\\/01\\\/ETCF0085_0201_1-2.jpg\",\"datePublished\":\"2020-01-23T09:50:47+00:00\",\"dateModified\":\"2026-02-10T13:50:00+00:00\",\"breadcrumb\":{\"@id\":\"https:\\\/\\\/eurotrail.info\\\/de\\\/producten\\\/campingmoebel\\\/campngbett\\\/neu-royal-liege\\\/#breadcrumb\"},\"inLanguage\":\"de\",\"potentialAction\":[{\"@type\":\"ReadAction\",\"target\":[\"https:\\\/\\\/eurotrail.info\\\/de\\\/producten\\\/campingmoebel\\\/campngbett\\\/neu-royal-liege\\\/\"]}]},{\"@type\":\"ImageObject\",\"inLanguage\":\"de\",\"@id\":\"https:\\\/\\\/eurotrail.info\\\/de\\\/producten\\\/campingmoebel\\\/campngbett\\\/neu-royal-liege\\\/#primaryimage\",\"url\":\"https:\\\/\\\/eurotrail.info\\\/wp\\\/wp-content\\\/uploads\\\/2020\\\/01\\\/ETCF0085_0201_1-2.jpg\",\"contentUrl\":\"https:\\\/\\\/eurotrail.info\\\/wp\\\/wp-content\\\/uploads\\\/2020\\\/01\\\/ETCF0085_0201_1-2.jpg\",\"width\":2560,\"height\":1291,\"caption\":\"Materiaal: 100% polycarbonaat Inhoud: 340 ml Gewicht: 115 gr.\"},{\"@type\":\"BreadcrumbList\",\"@id\":\"https:\\\/\\\/eurotrail.info\\\/de\\\/producten\\\/campingmoebel\\\/campngbett\\\/neu-royal-liege\\\/#breadcrumb\",\"itemListElement\":[{\"@type\":\"ListItem\",\"position\":1,\"name\":\"Home\",\"item\":\"https:\\\/\\\/eurotrail.info\\\/de\\\/\"},{\"@type\":\"ListItem\",\"position\":2,\"name\":\"Produkte\",\"item\":\"https:\\\/\\\/eurotrail.info\\\/de\\\/produkte\\\/\"},{\"@type\":\"ListItem\",\"position\":3,\"name\":\"Royal Liege\"}]},{\"@type\":\"WebSite\",\"@id\":\"https:\\\/\\\/eurotrail.info\\\/#website\",\"url\":\"https:\\\/\\\/eurotrail.info\\\/\",\"name\":\"Eurotrail\",\"description\":\"\",\"publisher\":{\"@id\":\"https:\\\/\\\/eurotrail.info\\\/#organization\"},\"potentialAction\":[{\"@type\":\"SearchAction\",\"target\":{\"@type\":\"EntryPoint\",\"urlTemplate\":\"https:\\\/\\\/eurotrail.info\\\/?s={search_term_string}\"},\"query-input\":{\"@type\":\"PropertyValueSpecification\",\"valueRequired\":true,\"valueName\":\"search_term_string\"}}],\"inLanguage\":\"de\"},{\"@type\":\"Organization\",\"@id\":\"https:\\\/\\\/eurotrail.info\\\/#organization\",\"name\":\"Eurotrail\",\"url\":\"https:\\\/\\\/eurotrail.info\\\/\",\"logo\":{\"@type\":\"ImageObject\",\"inLanguage\":\"de\",\"@id\":\"https:\\\/\\\/eurotrail.info\\\/#\\\/schema\\\/logo\\\/image\\\/\",\"url\":\"https:\\\/\\\/eurotrail.info\\\/wp\\\/wp-content\\\/uploads\\\/2023\\\/07\\\/ET-logo-quote_NL-scaled.jpg\",\"contentUrl\":\"https:\\\/\\\/eurotrail.info\\\/wp\\\/wp-content\\\/uploads\\\/2023\\\/07\\\/ET-logo-quote_NL-scaled.jpg\",\"width\":2560,\"height\":675,\"caption\":\"Eurotrail\"},\"image\":{\"@id\":\"https:\\\/\\\/eurotrail.info\\\/#\\\/schema\\\/logo\\\/image\\\/\"}}]}<\/script>\n<!-- \/ Yoast SEO plugin. -->","yoast_head_json":{"title":"Royal Liege - Eurotrail","robots":{"index":"index","follow":"follow","max-snippet":"max-snippet:-1","max-image-preview":"max-image-preview:large","max-video-preview":"max-video-preview:-1"},"canonical":"https:\/\/eurotrail.info\/de\/producten\/campingmoebel\/campngbett\/neu-royal-liege\/","og_locale":"de_DE","og_type":"article","og_title":"Royal Liege - Eurotrail","og_description":"Ultimative Entspannung mit Stil Diese luxuri\u00f6se Liege ist ideal f\u00fcr alle, die sich im Garten, auf dem Campingplatz oder am Pool komfortabel entspannen m\u00f6chten. Dank&hellip;","og_url":"https:\/\/eurotrail.info\/de\/producten\/campingmoebel\/campngbett\/neu-royal-liege\/","og_site_name":"Eurotrail","article_modified_time":"2026-02-10T13:50:00+00:00","og_image":[{"width":2560,"height":1291,"url":"https:\/\/eurotrail.info\/wp\/wp-content\/uploads\/2020\/01\/ETCF0085_0201_1-2.jpg","type":"image\/jpeg"}],"twitter_card":"summary_large_image","twitter_misc":{"Gesch\u00e4tzte Lesezeit":"1\u00a0Minute"},"schema":{"@context":"https:\/\/schema.org","@graph":[{"@type":"WebPage","@id":"https:\/\/eurotrail.info\/de\/producten\/campingmoebel\/campngbett\/neu-royal-liege\/","url":"https:\/\/eurotrail.info\/de\/producten\/campingmoebel\/campngbett\/neu-royal-liege\/","name":"Royal Liege - Eurotrail","isPartOf":{"@id":"https:\/\/eurotrail.info\/#website"},"primaryImageOfPage":{"@id":"https:\/\/eurotrail.info\/de\/producten\/campingmoebel\/campngbett\/neu-royal-liege\/#primaryimage"},"image":{"@id":"https:\/\/eurotrail.info\/de\/producten\/campingmoebel\/campngbett\/neu-royal-liege\/#primaryimage"},"thumbnailUrl":"https:\/\/eurotrail.info\/wp\/wp-content\/uploads\/2020\/01\/ETCF0085_0201_1-2.jpg","datePublished":"2020-01-23T09:50:47+00:00","dateModified":"2026-02-10T13:50:00+00:00","breadcrumb":{"@id":"https:\/\/eurotrail.info\/de\/producten\/campingmoebel\/campngbett\/neu-royal-liege\/#breadcrumb"},"inLanguage":"de","potentialAction":[{"@type":"ReadAction","target":["https:\/\/eurotrail.info\/de\/producten\/campingmoebel\/campngbett\/neu-royal-liege\/"]}]},{"@type":"ImageObject","inLanguage":"de","@id":"https:\/\/eurotrail.info\/de\/producten\/campingmoebel\/campngbett\/neu-royal-liege\/#primaryimage","url":"https:\/\/eurotrail.info\/wp\/wp-content\/uploads\/2020\/01\/ETCF0085_0201_1-2.jpg","contentUrl":"https:\/\/eurotrail.info\/wp\/wp-content\/uploads\/2020\/01\/ETCF0085_0201_1-2.jpg","width":2560,"height":1291,"caption":"Materiaal: 100% polycarbonaat Inhoud: 340 ml Gewicht: 115 gr."},{"@type":"BreadcrumbList","@id":"https:\/\/eurotrail.info\/de\/producten\/campingmoebel\/campngbett\/neu-royal-liege\/#breadcrumb","itemListElement":[{"@type":"ListItem","position":1,"name":"Home","item":"https:\/\/eurotrail.info\/de\/"},{"@type":"ListItem","position":2,"name":"Produkte","item":"https:\/\/eurotrail.info\/de\/produkte\/"},{"@type":"ListItem","position":3,"name":"Royal Liege"}]},{"@type":"WebSite","@id":"https:\/\/eurotrail.info\/#website","url":"https:\/\/eurotrail.info\/","name":"Eurotrail","description":"","publisher":{"@id":"https:\/\/eurotrail.info\/#organization"},"potentialAction":[{"@type":"SearchAction","target":{"@type":"EntryPoint","urlTemplate":"https:\/\/eurotrail.info\/?s={search_term_string}"},"query-input":{"@type":"PropertyValueSpecification","valueRequired":true,"valueName":"search_term_string"}}],"inLanguage":"de"},{"@type":"Organization","@id":"https:\/\/eurotrail.info\/#organization","name":"Eurotrail","url":"https:\/\/eurotrail.info\/","logo":{"@type":"ImageObject","inLanguage":"de","@id":"https:\/\/eurotrail.info\/#\/schema\/logo\/image\/","url":"https:\/\/eurotrail.info\/wp\/wp-content\/uploads\/2023\/07\/ET-logo-quote_NL-scaled.jpg","contentUrl":"https:\/\/eurotrail.info\/wp\/wp-content\/uploads\/2023\/07\/ET-logo-quote_NL-scaled.jpg","width":2560,"height":675,"caption":"Eurotrail"},"image":{"@id":"https:\/\/eurotrail.info\/#\/schema\/logo\/image\/"}}]}},"_links":{"self":[{"href":"https:\/\/eurotrail.info\/de\/wp-json\/wp\/v2\/product\/8397","targetHints":{"allow":["GET"]}}],"collection":[{"href":"https:\/\/eurotrail.info\/de\/wp-json\/wp\/v2\/product"}],"about":[{"href":"https:\/\/eurotrail.info\/de\/wp-json\/wp\/v2\/types\/product"}],"replies":[{"embeddable":true,"href":"https:\/\/eurotrail.info\/de\/wp-json\/wp\/v2\/comments?post=8397"}],"wp:featuredmedia":[{"embeddable":true,"href":"https:\/\/eurotrail.info\/de\/wp-json\/wp\/v2\/media\/10038"}],"wp:attachment":[{"href":"https:\/\/eurotrail.info\/de\/wp-json\/wp\/v2\/media?parent=8397"}],"wp:term":[{"taxonomy":"product_brand","embeddable":true,"href":"https:\/\/eurotrail.info\/de\/wp-json\/wp\/v2\/product_brand?post=8397"},{"taxonomy":"product_cat","embeddable":true,"href":"https:\/\/eurotrail.info\/de\/wp-json\/wp\/v2\/product_cat?post=8397"},{"taxonomy":"product_tag","embeddable":true,"href":"https:\/\/eurotrail.info\/de\/wp-json\/wp\/v2\/product_tag?post=8397"}],"curies":[{"name":"wp","href":"https:\/\/api.w.org\/{rel}","templated":true}]}}