{"id":8511,"date":"2020-01-23T12:16:53","date_gmt":"2020-01-23T11:16:53","guid":{"rendered":"http:\/\/eurotrail.info\/producten\/neu-rochefort-campingtisch\/"},"modified":"2026-05-06T15:52:44","modified_gmt":"2026-05-06T14:52:44","slug":"neu-rochefort-campingtisch","status":"publish","type":"product","link":"https:\/\/eurotrail.info\/de\/producten\/campingmoebel\/campingtische\/neu-rochefort-campingtisch\/","title":{"rendered":"Rochefort Composite Tisch"},"content":{"rendered":"<div class=\"n4sEPd\">\n<div class=\"QFw9Te BLojaf\">\n<div id=\"ow14\" class=\"NQSJo\">\n<p><strong>Rochefort Campingtische \u2013 Ultraleicht, extrem stabil und bereit f\u00fcr jedes Abenteuer<\/strong><\/p>\n<p>Die Rochefort Tische verf\u00fcgen \u00fcber eine innovative Honey-Composite-Tischplatte, die absolut wetterfest, wasserabweisend und hitzebest\u00e4ndig ist. Dank dieser hochwertigen Tischplatte ist der Tisch perfekt f\u00fcr den intensiven Einsatz im Freien geeignet \u2013 Saison f\u00fcr Saison.<\/p>\n<p>Das ultraleichte Topplatte ist mit einer robusten Aluminium-Sto\u00dfkante ausgestattet, um Besch\u00e4digungen w\u00e4hrend Ihres Urlaubs zu vermeiden. Das verstellbare Aluminiumgestell mit patentierten, quervernetzten Stabilisierungsstangen bietet au\u00dfergew\u00f6hnliche Stabilit\u00e4t ohne zus\u00e4tzliches Gewicht. Dadurch geh\u00f6ren die Rochefort Tische zu den stabilsten und leichtesten Campingtischen auf dem Markt.<\/p>\n<p>Ideal f\u00fcr Reisende, die keine Kompromisse beim Komfort eingehen m\u00f6chten, aber Wert auf geringes Gewicht und maximale Zuverl\u00e4ssigkeit legen.<\/p>\n<p><strong>Clever designt, leicht und \u00fcberraschend robust \u2013 Rochefort steht f\u00fcr erstklassigen Campingkomfort.<\/strong> \ud83c\udfd5\ufe0f\u2728<\/p>\n<\/div>\n<\/div>\n<\/div>\n<div class=\"QcsUad BDJ8fb BLojaf sMVRZe hCXDsb wneUed\">\n<div class=\"usGWQd\">\n<div class=\"KkbLmb\">\n<div class=\"lRu31\" dir=\"ltr\"><strong style=\"font-size: 1rem;\">Rochefort M,<\/strong><\/div>\n<\/div>\n<\/div>\n<\/div>\n<p>80x60x55\/71cm,<br \/>\nGewicht: 3.2 kg,<br \/>\nGefaltet: 80x60x6cm<\/p>\n<p><strong>Rochefort L<\/strong><br \/>\n100x68x55\/71cm<br \/>\nGewicht: 4.2 kg.<br \/>\nGefaltet: 100x68x6cm<\/p>\n<p>&nbsp;<\/p>\n","protected":false},"excerpt":{"rendered":"<p>Rochefort Campingtische \u2013 Ultraleicht, extrem stabil und bereit f\u00fcr jedes Abenteuer Die Rochefort Tische verf\u00fcgen \u00fcber eine innovative Honey-Composite-Tischplatte, die absolut wetterfest, wasserabweisend und hitzebest\u00e4ndig&hellip;<\/p>\n","protected":false},"featured_media":32029,"comment_status":"open","ping_status":"closed","template":"","meta":{"_acf_changed":false},"product_brand":[],"product_cat":[82,85],"product_tag":[],"class_list":{"0":"post-8511","1":"product","2":"type-product","3":"status-publish","4":"has-post-thumbnail","6":"product_cat-campingmoebel","7":"product_cat-campingtische","9":"first","10":"instock","11":"shipping-taxable","12":"product-type-simple"},"acf":[],"yoast_head":"<!-- This site is optimized with the Yoast SEO plugin v27.5 - https:\/\/yoast.com\/product\/yoast-seo-wordpress\/ -->\n<title>Rochefort Composite Tisch - Eurotrail<\/title>\n<meta name=\"description\" content=\"Rochefort Campingtische mit Honey-Composite-Tischplatte: 100 % wasser- und hitzebest\u00e4ndig, ultraleichtes Aluminiumgestell und patentierte Stabilisierungsstangen.\" \/>\n<meta name=\"robots\" content=\"index, follow, max-snippet:-1, max-image-preview:large, max-video-preview:-1\" \/>\n<link rel=\"canonical\" href=\"https:\/\/eurotrail.info\/de\/producten\/campingmoebel\/campingtische\/neu-rochefort-campingtisch\/\" \/>\n<meta property=\"og:locale\" content=\"de_DE\" \/>\n<meta property=\"og:type\" content=\"article\" \/>\n<meta property=\"og:title\" content=\"Rochefort Composite Tisch - Eurotrail\" \/>\n<meta property=\"og:description\" content=\"Rochefort Campingtische mit Honey-Composite-Tischplatte: 100 % wasser- und hitzebest\u00e4ndig, ultraleichtes Aluminiumgestell und patentierte Stabilisierungsstangen.\" \/>\n<meta property=\"og:url\" content=\"https:\/\/eurotrail.info\/de\/producten\/campingmoebel\/campingtische\/neu-rochefort-campingtisch\/\" \/>\n<meta property=\"og:site_name\" content=\"Eurotrail\" \/>\n<meta property=\"article:modified_time\" content=\"2026-05-06T14:52:44+00:00\" \/>\n<meta property=\"og:image\" content=\"https:\/\/eurotrail.info\/wp\/wp-content\/uploads\/2020\/01\/ETCF1391-Rochefort-Set-25.jpg\" \/>\n\t<meta property=\"og:image:width\" content=\"2177\" \/>\n\t<meta property=\"og:image:height\" content=\"2332\" \/>\n\t<meta property=\"og:image:type\" content=\"image\/jpeg\" \/>\n<meta name=\"twitter:card\" content=\"summary_large_image\" \/>\n<meta name=\"twitter:label1\" content=\"Gesch\u00e4tzte Lesezeit\" \/>\n\t<meta name=\"twitter:data1\" content=\"1\u00a0Minute\" \/>\n<script type=\"application\/ld+json\" class=\"yoast-schema-graph\">{\"@context\":\"https:\\\/\\\/schema.org\",\"@graph\":[{\"@type\":\"WebPage\",\"@id\":\"https:\\\/\\\/eurotrail.info\\\/de\\\/producten\\\/campingmoebel\\\/campingtische\\\/neu-rochefort-campingtisch\\\/\",\"url\":\"https:\\\/\\\/eurotrail.info\\\/de\\\/producten\\\/campingmoebel\\\/campingtische\\\/neu-rochefort-campingtisch\\\/\",\"name\":\"Rochefort Composite Tisch - Eurotrail\",\"isPartOf\":{\"@id\":\"https:\\\/\\\/eurotrail.info\\\/#website\"},\"primaryImageOfPage\":{\"@id\":\"https:\\\/\\\/eurotrail.info\\\/de\\\/producten\\\/campingmoebel\\\/campingtische\\\/neu-rochefort-campingtisch\\\/#primaryimage\"},\"image\":{\"@id\":\"https:\\\/\\\/eurotrail.info\\\/de\\\/producten\\\/campingmoebel\\\/campingtische\\\/neu-rochefort-campingtisch\\\/#primaryimage\"},\"thumbnailUrl\":\"https:\\\/\\\/eurotrail.info\\\/wp\\\/wp-content\\\/uploads\\\/2020\\\/01\\\/ETCF1391-Rochefort-Set-25.jpg\",\"datePublished\":\"2020-01-23T11:16:53+00:00\",\"dateModified\":\"2026-05-06T14:52:44+00:00\",\"description\":\"Rochefort Campingtische mit Honey-Composite-Tischplatte: 100 % wasser- und hitzebest\u00e4ndig, ultraleichtes Aluminiumgestell und patentierte Stabilisierungsstangen.\",\"breadcrumb\":{\"@id\":\"https:\\\/\\\/eurotrail.info\\\/de\\\/producten\\\/campingmoebel\\\/campingtische\\\/neu-rochefort-campingtisch\\\/#breadcrumb\"},\"inLanguage\":\"de\",\"potentialAction\":[{\"@type\":\"ReadAction\",\"target\":[\"https:\\\/\\\/eurotrail.info\\\/de\\\/producten\\\/campingmoebel\\\/campingtische\\\/neu-rochefort-campingtisch\\\/\"]}]},{\"@type\":\"ImageObject\",\"inLanguage\":\"de\",\"@id\":\"https:\\\/\\\/eurotrail.info\\\/de\\\/producten\\\/campingmoebel\\\/campingtische\\\/neu-rochefort-campingtisch\\\/#primaryimage\",\"url\":\"https:\\\/\\\/eurotrail.info\\\/wp\\\/wp-content\\\/uploads\\\/2020\\\/01\\\/ETCF1391-Rochefort-Set-25.jpg\",\"contentUrl\":\"https:\\\/\\\/eurotrail.info\\\/wp\\\/wp-content\\\/uploads\\\/2020\\\/01\\\/ETCF1391-Rochefort-Set-25.jpg\",\"width\":2177,\"height\":2332},{\"@type\":\"BreadcrumbList\",\"@id\":\"https:\\\/\\\/eurotrail.info\\\/de\\\/producten\\\/campingmoebel\\\/campingtische\\\/neu-rochefort-campingtisch\\\/#breadcrumb\",\"itemListElement\":[{\"@type\":\"ListItem\",\"position\":1,\"name\":\"Home\",\"item\":\"https:\\\/\\\/eurotrail.info\\\/de\\\/\"},{\"@type\":\"ListItem\",\"position\":2,\"name\":\"Produkte\",\"item\":\"https:\\\/\\\/eurotrail.info\\\/de\\\/produkte\\\/\"},{\"@type\":\"ListItem\",\"position\":3,\"name\":\"Rochefort Composite Tisch\"}]},{\"@type\":\"WebSite\",\"@id\":\"https:\\\/\\\/eurotrail.info\\\/#website\",\"url\":\"https:\\\/\\\/eurotrail.info\\\/\",\"name\":\"Eurotrail\",\"description\":\"\",\"publisher\":{\"@id\":\"https:\\\/\\\/eurotrail.info\\\/#organization\"},\"potentialAction\":[{\"@type\":\"SearchAction\",\"target\":{\"@type\":\"EntryPoint\",\"urlTemplate\":\"https:\\\/\\\/eurotrail.info\\\/?s={search_term_string}\"},\"query-input\":{\"@type\":\"PropertyValueSpecification\",\"valueRequired\":true,\"valueName\":\"search_term_string\"}}],\"inLanguage\":\"de\"},{\"@type\":\"Organization\",\"@id\":\"https:\\\/\\\/eurotrail.info\\\/#organization\",\"name\":\"Eurotrail\",\"url\":\"https:\\\/\\\/eurotrail.info\\\/\",\"logo\":{\"@type\":\"ImageObject\",\"inLanguage\":\"de\",\"@id\":\"https:\\\/\\\/eurotrail.info\\\/#\\\/schema\\\/logo\\\/image\\\/\",\"url\":\"https:\\\/\\\/eurotrail.info\\\/wp\\\/wp-content\\\/uploads\\\/2023\\\/07\\\/ET-logo-quote_NL-scaled.jpg\",\"contentUrl\":\"https:\\\/\\\/eurotrail.info\\\/wp\\\/wp-content\\\/uploads\\\/2023\\\/07\\\/ET-logo-quote_NL-scaled.jpg\",\"width\":2560,\"height\":675,\"caption\":\"Eurotrail\"},\"image\":{\"@id\":\"https:\\\/\\\/eurotrail.info\\\/#\\\/schema\\\/logo\\\/image\\\/\"}}]}<\/script>\n<!-- \/ Yoast SEO plugin. -->","yoast_head_json":{"title":"Rochefort Composite Tisch - Eurotrail","description":"Rochefort Campingtische mit Honey-Composite-Tischplatte: 100 % wasser- und hitzebest\u00e4ndig, ultraleichtes Aluminiumgestell und patentierte Stabilisierungsstangen.","robots":{"index":"index","follow":"follow","max-snippet":"max-snippet:-1","max-image-preview":"max-image-preview:large","max-video-preview":"max-video-preview:-1"},"canonical":"https:\/\/eurotrail.info\/de\/producten\/campingmoebel\/campingtische\/neu-rochefort-campingtisch\/","og_locale":"de_DE","og_type":"article","og_title":"Rochefort Composite Tisch - Eurotrail","og_description":"Rochefort Campingtische mit Honey-Composite-Tischplatte: 100 % wasser- und hitzebest\u00e4ndig, ultraleichtes Aluminiumgestell und patentierte Stabilisierungsstangen.","og_url":"https:\/\/eurotrail.info\/de\/producten\/campingmoebel\/campingtische\/neu-rochefort-campingtisch\/","og_site_name":"Eurotrail","article_modified_time":"2026-05-06T14:52:44+00:00","og_image":[{"width":2177,"height":2332,"url":"https:\/\/eurotrail.info\/wp\/wp-content\/uploads\/2020\/01\/ETCF1391-Rochefort-Set-25.jpg","type":"image\/jpeg"}],"twitter_card":"summary_large_image","twitter_misc":{"Gesch\u00e4tzte Lesezeit":"1\u00a0Minute"},"schema":{"@context":"https:\/\/schema.org","@graph":[{"@type":"WebPage","@id":"https:\/\/eurotrail.info\/de\/producten\/campingmoebel\/campingtische\/neu-rochefort-campingtisch\/","url":"https:\/\/eurotrail.info\/de\/producten\/campingmoebel\/campingtische\/neu-rochefort-campingtisch\/","name":"Rochefort Composite Tisch - Eurotrail","isPartOf":{"@id":"https:\/\/eurotrail.info\/#website"},"primaryImageOfPage":{"@id":"https:\/\/eurotrail.info\/de\/producten\/campingmoebel\/campingtische\/neu-rochefort-campingtisch\/#primaryimage"},"image":{"@id":"https:\/\/eurotrail.info\/de\/producten\/campingmoebel\/campingtische\/neu-rochefort-campingtisch\/#primaryimage"},"thumbnailUrl":"https:\/\/eurotrail.info\/wp\/wp-content\/uploads\/2020\/01\/ETCF1391-Rochefort-Set-25.jpg","datePublished":"2020-01-23T11:16:53+00:00","dateModified":"2026-05-06T14:52:44+00:00","description":"Rochefort Campingtische mit Honey-Composite-Tischplatte: 100 % wasser- und hitzebest\u00e4ndig, ultraleichtes Aluminiumgestell und patentierte Stabilisierungsstangen.","breadcrumb":{"@id":"https:\/\/eurotrail.info\/de\/producten\/campingmoebel\/campingtische\/neu-rochefort-campingtisch\/#breadcrumb"},"inLanguage":"de","potentialAction":[{"@type":"ReadAction","target":["https:\/\/eurotrail.info\/de\/producten\/campingmoebel\/campingtische\/neu-rochefort-campingtisch\/"]}]},{"@type":"ImageObject","inLanguage":"de","@id":"https:\/\/eurotrail.info\/de\/producten\/campingmoebel\/campingtische\/neu-rochefort-campingtisch\/#primaryimage","url":"https:\/\/eurotrail.info\/wp\/wp-content\/uploads\/2020\/01\/ETCF1391-Rochefort-Set-25.jpg","contentUrl":"https:\/\/eurotrail.info\/wp\/wp-content\/uploads\/2020\/01\/ETCF1391-Rochefort-Set-25.jpg","width":2177,"height":2332},{"@type":"BreadcrumbList","@id":"https:\/\/eurotrail.info\/de\/producten\/campingmoebel\/campingtische\/neu-rochefort-campingtisch\/#breadcrumb","itemListElement":[{"@type":"ListItem","position":1,"name":"Home","item":"https:\/\/eurotrail.info\/de\/"},{"@type":"ListItem","position":2,"name":"Produkte","item":"https:\/\/eurotrail.info\/de\/produkte\/"},{"@type":"ListItem","position":3,"name":"Rochefort Composite Tisch"}]},{"@type":"WebSite","@id":"https:\/\/eurotrail.info\/#website","url":"https:\/\/eurotrail.info\/","name":"Eurotrail","description":"","publisher":{"@id":"https:\/\/eurotrail.info\/#organization"},"potentialAction":[{"@type":"SearchAction","target":{"@type":"EntryPoint","urlTemplate":"https:\/\/eurotrail.info\/?s={search_term_string}"},"query-input":{"@type":"PropertyValueSpecification","valueRequired":true,"valueName":"search_term_string"}}],"inLanguage":"de"},{"@type":"Organization","@id":"https:\/\/eurotrail.info\/#organization","name":"Eurotrail","url":"https:\/\/eurotrail.info\/","logo":{"@type":"ImageObject","inLanguage":"de","@id":"https:\/\/eurotrail.info\/#\/schema\/logo\/image\/","url":"https:\/\/eurotrail.info\/wp\/wp-content\/uploads\/2023\/07\/ET-logo-quote_NL-scaled.jpg","contentUrl":"https:\/\/eurotrail.info\/wp\/wp-content\/uploads\/2023\/07\/ET-logo-quote_NL-scaled.jpg","width":2560,"height":675,"caption":"Eurotrail"},"image":{"@id":"https:\/\/eurotrail.info\/#\/schema\/logo\/image\/"}}]}},"_links":{"self":[{"href":"https:\/\/eurotrail.info\/de\/wp-json\/wp\/v2\/product\/8511","targetHints":{"allow":["GET"]}}],"collection":[{"href":"https:\/\/eurotrail.info\/de\/wp-json\/wp\/v2\/product"}],"about":[{"href":"https:\/\/eurotrail.info\/de\/wp-json\/wp\/v2\/types\/product"}],"replies":[{"embeddable":true,"href":"https:\/\/eurotrail.info\/de\/wp-json\/wp\/v2\/comments?post=8511"}],"wp:featuredmedia":[{"embeddable":true,"href":"https:\/\/eurotrail.info\/de\/wp-json\/wp\/v2\/media\/32029"}],"wp:attachment":[{"href":"https:\/\/eurotrail.info\/de\/wp-json\/wp\/v2\/media?parent=8511"}],"wp:term":[{"taxonomy":"product_brand","embeddable":true,"href":"https:\/\/eurotrail.info\/de\/wp-json\/wp\/v2\/product_brand?post=8511"},{"taxonomy":"product_cat","embeddable":true,"href":"https:\/\/eurotrail.info\/de\/wp-json\/wp\/v2\/product_cat?post=8511"},{"taxonomy":"product_tag","embeddable":true,"href":"https:\/\/eurotrail.info\/de\/wp-json\/wp\/v2\/product_tag?post=8511"}],"curies":[{"name":"wp","href":"https:\/\/api.w.org\/{rel}","templated":true}]}}