{"id":8586,"date":"2020-01-23T13:31:34","date_gmt":"2020-01-23T12:31:34","guid":{"rendered":"http:\/\/eurotrail.info\/producten\/neu-wein\/"},"modified":"2026-01-23T14:13:43","modified_gmt":"2026-01-23T13:13:43","slug":"neu-wein","status":"publish","type":"product","link":"https:\/\/eurotrail.info\/de\/producten\/haushaltartikel\/glaeser\/neu-wein\/","title":{"rendered":"Weinglas 290\/380 ml"},"content":{"rendered":"<p>Elegantes Weinglas \u2013 Tritan | 290 ml &amp; 380 ml<\/p>\n<p>Dieses schicke Weinglas vereint elegantes Design mit praktischer Funktionalit\u00e4t. Seine originelle, schlanke Form erm\u00f6glicht die stilvolle Pr\u00e4sentation von Rot- und Wei\u00dfweinen, w\u00e4hrend das kristallklare Tritan-Material Farbe und Klarheit des Weins optimal zur Geltung bringt.<\/p>\n<p>Erh\u00e4ltlich in zwei Gr\u00f6\u00dfen: 290 ml f\u00fcr ein klassisches Glas oder das gro\u00dfz\u00fcgige 380-ml-Bordeauxglas f\u00fcr wahre Weinliebhaber. Dank des hochwertigen Tritan-Kunststoffs ist dieses Glas leicht, nahezu unzerbrechlich und sp\u00fclmaschinenfest. Ideal f\u00fcr zu Hause, auf dem Boot, im Garten oder auf dem Campingplatz \u2013 ohne Kompromisse beim Stil.<\/p>\n<p>Eigenschaften:<\/p>\n<p>* \u2714 Schickes und elegantes Design<br \/>\n* \u2714 Einzigartige Kelchform<br \/>\n* \u2714 Kristallklares Tritan-Material<br \/>\n* \u2714 Leicht und nahezu unzerbrechlich<br \/>\n* \u2714 Sp\u00fclmaschinenfest<br \/>\n* \u2714 Erh\u00e4ltlich in 290 ml und 380 ml<\/p>\n<p>Genie\u00dfen Sie Wein mit Stil \u2013 wo immer Sie sind \u2728\ud83c\udf77<\/p>\n","protected":false},"excerpt":{"rendered":"<p>Elegantes Weinglas \u2013 Tritan | 290 ml &amp; 380 ml Dieses schicke Weinglas vereint elegantes Design mit praktischer Funktionalit\u00e4t. Seine originelle, schlanke Form erm\u00f6glicht die&hellip;<\/p>\n","protected":false},"featured_media":8581,"comment_status":"open","ping_status":"closed","template":"","meta":{"_acf_changed":false},"product_brand":[],"product_cat":[79],"product_tag":[],"class_list":{"0":"post-8586","1":"product","2":"type-product","3":"status-publish","4":"has-post-thumbnail","6":"product_cat-glaeser","8":"first","9":"instock","10":"shipping-taxable","11":"product-type-simple"},"acf":[],"yoast_head":"<!-- This site is optimized with the Yoast SEO plugin v27.4 - https:\/\/yoast.com\/product\/yoast-seo-wordpress\/ -->\n<title>Weinglas 290\/380 ml - Eurotrail<\/title>\n<meta name=\"description\" content=\"Trendiges Weinglas aus kristallklarem Kunststoff.Wundersch\u00f6nes Weinglas f\u00fcr Rot- oder Wei\u00dfwein. Leicht und nahezu unzerbrechlich. Sp\u00fclmaschinenfest.\" \/>\n<meta name=\"robots\" content=\"index, follow, max-snippet:-1, max-image-preview:large, max-video-preview:-1\" \/>\n<link rel=\"canonical\" href=\"https:\/\/eurotrail.info\/de\/producten\/haushaltartikel\/glaeser\/neu-wein\/\" \/>\n<meta property=\"og:locale\" content=\"de_DE\" \/>\n<meta property=\"og:type\" content=\"article\" \/>\n<meta property=\"og:title\" content=\"Weinglas 290\/380 ml - Eurotrail\" \/>\n<meta property=\"og:description\" content=\"Trendiges Weinglas aus kristallklarem Kunststoff.Wundersch\u00f6nes Weinglas f\u00fcr Rot- oder Wei\u00dfwein. Leicht und nahezu unzerbrechlich. Sp\u00fclmaschinenfest.\" \/>\n<meta property=\"og:url\" content=\"https:\/\/eurotrail.info\/de\/producten\/haushaltartikel\/glaeser\/neu-wein\/\" \/>\n<meta property=\"og:site_name\" content=\"Eurotrail\" \/>\n<meta property=\"article:modified_time\" content=\"2026-01-23T13:13:43+00:00\" \/>\n<meta property=\"og:image\" content=\"https:\/\/eurotrail.info\/wp\/wp-content\/uploads\/2020\/01\/glas-klein-040-1.jpg\" \/>\n\t<meta property=\"og:image:width\" content=\"1371\" \/>\n\t<meta property=\"og:image:height\" content=\"3095\" \/>\n\t<meta property=\"og:image:type\" content=\"image\/jpeg\" \/>\n<meta name=\"twitter:card\" content=\"summary_large_image\" \/>\n<meta name=\"twitter:label1\" content=\"Gesch\u00e4tzte Lesezeit\" \/>\n\t<meta name=\"twitter:data1\" content=\"1\u00a0Minute\" \/>\n<script type=\"application\/ld+json\" class=\"yoast-schema-graph\">{\"@context\":\"https:\\\/\\\/schema.org\",\"@graph\":[{\"@type\":\"WebPage\",\"@id\":\"https:\\\/\\\/eurotrail.info\\\/de\\\/producten\\\/haushaltartikel\\\/glaeser\\\/neu-wein\\\/\",\"url\":\"https:\\\/\\\/eurotrail.info\\\/de\\\/producten\\\/haushaltartikel\\\/glaeser\\\/neu-wein\\\/\",\"name\":\"Weinglas 290\\\/380 ml - Eurotrail\",\"isPartOf\":{\"@id\":\"https:\\\/\\\/eurotrail.info\\\/#website\"},\"primaryImageOfPage\":{\"@id\":\"https:\\\/\\\/eurotrail.info\\\/de\\\/producten\\\/haushaltartikel\\\/glaeser\\\/neu-wein\\\/#primaryimage\"},\"image\":{\"@id\":\"https:\\\/\\\/eurotrail.info\\\/de\\\/producten\\\/haushaltartikel\\\/glaeser\\\/neu-wein\\\/#primaryimage\"},\"thumbnailUrl\":\"https:\\\/\\\/eurotrail.info\\\/wp\\\/wp-content\\\/uploads\\\/2020\\\/01\\\/glas-klein-040-1.jpg\",\"datePublished\":\"2020-01-23T12:31:34+00:00\",\"dateModified\":\"2026-01-23T13:13:43+00:00\",\"description\":\"Trendiges Weinglas aus kristallklarem Kunststoff.Wundersch\u00f6nes Weinglas f\u00fcr Rot- oder Wei\u00dfwein. Leicht und nahezu unzerbrechlich. Sp\u00fclmaschinenfest.\",\"breadcrumb\":{\"@id\":\"https:\\\/\\\/eurotrail.info\\\/de\\\/producten\\\/haushaltartikel\\\/glaeser\\\/neu-wein\\\/#breadcrumb\"},\"inLanguage\":\"de\",\"potentialAction\":[{\"@type\":\"ReadAction\",\"target\":[\"https:\\\/\\\/eurotrail.info\\\/de\\\/producten\\\/haushaltartikel\\\/glaeser\\\/neu-wein\\\/\"]}]},{\"@type\":\"ImageObject\",\"inLanguage\":\"de\",\"@id\":\"https:\\\/\\\/eurotrail.info\\\/de\\\/producten\\\/haushaltartikel\\\/glaeser\\\/neu-wein\\\/#primaryimage\",\"url\":\"https:\\\/\\\/eurotrail.info\\\/wp\\\/wp-content\\\/uploads\\\/2020\\\/01\\\/glas-klein-040-1.jpg\",\"contentUrl\":\"https:\\\/\\\/eurotrail.info\\\/wp\\\/wp-content\\\/uploads\\\/2020\\\/01\\\/glas-klein-040-1.jpg\",\"width\":1371,\"height\":3095,\"caption\":\"Weinglas 380ml aus glasklarem Polycarbonat.\"},{\"@type\":\"BreadcrumbList\",\"@id\":\"https:\\\/\\\/eurotrail.info\\\/de\\\/producten\\\/haushaltartikel\\\/glaeser\\\/neu-wein\\\/#breadcrumb\",\"itemListElement\":[{\"@type\":\"ListItem\",\"position\":1,\"name\":\"Home\",\"item\":\"https:\\\/\\\/eurotrail.info\\\/de\\\/\"},{\"@type\":\"ListItem\",\"position\":2,\"name\":\"Produkte\",\"item\":\"https:\\\/\\\/eurotrail.info\\\/de\\\/produkte\\\/\"},{\"@type\":\"ListItem\",\"position\":3,\"name\":\"Weinglas 290\\\/380 ml\"}]},{\"@type\":\"WebSite\",\"@id\":\"https:\\\/\\\/eurotrail.info\\\/#website\",\"url\":\"https:\\\/\\\/eurotrail.info\\\/\",\"name\":\"Eurotrail\",\"description\":\"\",\"publisher\":{\"@id\":\"https:\\\/\\\/eurotrail.info\\\/#organization\"},\"potentialAction\":[{\"@type\":\"SearchAction\",\"target\":{\"@type\":\"EntryPoint\",\"urlTemplate\":\"https:\\\/\\\/eurotrail.info\\\/?s={search_term_string}\"},\"query-input\":{\"@type\":\"PropertyValueSpecification\",\"valueRequired\":true,\"valueName\":\"search_term_string\"}}],\"inLanguage\":\"de\"},{\"@type\":\"Organization\",\"@id\":\"https:\\\/\\\/eurotrail.info\\\/#organization\",\"name\":\"Eurotrail\",\"url\":\"https:\\\/\\\/eurotrail.info\\\/\",\"logo\":{\"@type\":\"ImageObject\",\"inLanguage\":\"de\",\"@id\":\"https:\\\/\\\/eurotrail.info\\\/#\\\/schema\\\/logo\\\/image\\\/\",\"url\":\"https:\\\/\\\/eurotrail.info\\\/wp\\\/wp-content\\\/uploads\\\/2023\\\/07\\\/ET-logo-quote_NL-scaled.jpg\",\"contentUrl\":\"https:\\\/\\\/eurotrail.info\\\/wp\\\/wp-content\\\/uploads\\\/2023\\\/07\\\/ET-logo-quote_NL-scaled.jpg\",\"width\":2560,\"height\":675,\"caption\":\"Eurotrail\"},\"image\":{\"@id\":\"https:\\\/\\\/eurotrail.info\\\/#\\\/schema\\\/logo\\\/image\\\/\"}}]}<\/script>\n<!-- \/ Yoast SEO plugin. -->","yoast_head_json":{"title":"Weinglas 290\/380 ml - Eurotrail","description":"Trendiges Weinglas aus kristallklarem Kunststoff.Wundersch\u00f6nes Weinglas f\u00fcr Rot- oder Wei\u00dfwein. Leicht und nahezu unzerbrechlich. Sp\u00fclmaschinenfest.","robots":{"index":"index","follow":"follow","max-snippet":"max-snippet:-1","max-image-preview":"max-image-preview:large","max-video-preview":"max-video-preview:-1"},"canonical":"https:\/\/eurotrail.info\/de\/producten\/haushaltartikel\/glaeser\/neu-wein\/","og_locale":"de_DE","og_type":"article","og_title":"Weinglas 290\/380 ml - Eurotrail","og_description":"Trendiges Weinglas aus kristallklarem Kunststoff.Wundersch\u00f6nes Weinglas f\u00fcr Rot- oder Wei\u00dfwein. Leicht und nahezu unzerbrechlich. Sp\u00fclmaschinenfest.","og_url":"https:\/\/eurotrail.info\/de\/producten\/haushaltartikel\/glaeser\/neu-wein\/","og_site_name":"Eurotrail","article_modified_time":"2026-01-23T13:13:43+00:00","og_image":[{"width":1371,"height":3095,"url":"https:\/\/eurotrail.info\/wp\/wp-content\/uploads\/2020\/01\/glas-klein-040-1.jpg","type":"image\/jpeg"}],"twitter_card":"summary_large_image","twitter_misc":{"Gesch\u00e4tzte Lesezeit":"1\u00a0Minute"},"schema":{"@context":"https:\/\/schema.org","@graph":[{"@type":"WebPage","@id":"https:\/\/eurotrail.info\/de\/producten\/haushaltartikel\/glaeser\/neu-wein\/","url":"https:\/\/eurotrail.info\/de\/producten\/haushaltartikel\/glaeser\/neu-wein\/","name":"Weinglas 290\/380 ml - Eurotrail","isPartOf":{"@id":"https:\/\/eurotrail.info\/#website"},"primaryImageOfPage":{"@id":"https:\/\/eurotrail.info\/de\/producten\/haushaltartikel\/glaeser\/neu-wein\/#primaryimage"},"image":{"@id":"https:\/\/eurotrail.info\/de\/producten\/haushaltartikel\/glaeser\/neu-wein\/#primaryimage"},"thumbnailUrl":"https:\/\/eurotrail.info\/wp\/wp-content\/uploads\/2020\/01\/glas-klein-040-1.jpg","datePublished":"2020-01-23T12:31:34+00:00","dateModified":"2026-01-23T13:13:43+00:00","description":"Trendiges Weinglas aus kristallklarem Kunststoff.Wundersch\u00f6nes Weinglas f\u00fcr Rot- oder Wei\u00dfwein. Leicht und nahezu unzerbrechlich. Sp\u00fclmaschinenfest.","breadcrumb":{"@id":"https:\/\/eurotrail.info\/de\/producten\/haushaltartikel\/glaeser\/neu-wein\/#breadcrumb"},"inLanguage":"de","potentialAction":[{"@type":"ReadAction","target":["https:\/\/eurotrail.info\/de\/producten\/haushaltartikel\/glaeser\/neu-wein\/"]}]},{"@type":"ImageObject","inLanguage":"de","@id":"https:\/\/eurotrail.info\/de\/producten\/haushaltartikel\/glaeser\/neu-wein\/#primaryimage","url":"https:\/\/eurotrail.info\/wp\/wp-content\/uploads\/2020\/01\/glas-klein-040-1.jpg","contentUrl":"https:\/\/eurotrail.info\/wp\/wp-content\/uploads\/2020\/01\/glas-klein-040-1.jpg","width":1371,"height":3095,"caption":"Weinglas 380ml aus glasklarem Polycarbonat."},{"@type":"BreadcrumbList","@id":"https:\/\/eurotrail.info\/de\/producten\/haushaltartikel\/glaeser\/neu-wein\/#breadcrumb","itemListElement":[{"@type":"ListItem","position":1,"name":"Home","item":"https:\/\/eurotrail.info\/de\/"},{"@type":"ListItem","position":2,"name":"Produkte","item":"https:\/\/eurotrail.info\/de\/produkte\/"},{"@type":"ListItem","position":3,"name":"Weinglas 290\/380 ml"}]},{"@type":"WebSite","@id":"https:\/\/eurotrail.info\/#website","url":"https:\/\/eurotrail.info\/","name":"Eurotrail","description":"","publisher":{"@id":"https:\/\/eurotrail.info\/#organization"},"potentialAction":[{"@type":"SearchAction","target":{"@type":"EntryPoint","urlTemplate":"https:\/\/eurotrail.info\/?s={search_term_string}"},"query-input":{"@type":"PropertyValueSpecification","valueRequired":true,"valueName":"search_term_string"}}],"inLanguage":"de"},{"@type":"Organization","@id":"https:\/\/eurotrail.info\/#organization","name":"Eurotrail","url":"https:\/\/eurotrail.info\/","logo":{"@type":"ImageObject","inLanguage":"de","@id":"https:\/\/eurotrail.info\/#\/schema\/logo\/image\/","url":"https:\/\/eurotrail.info\/wp\/wp-content\/uploads\/2023\/07\/ET-logo-quote_NL-scaled.jpg","contentUrl":"https:\/\/eurotrail.info\/wp\/wp-content\/uploads\/2023\/07\/ET-logo-quote_NL-scaled.jpg","width":2560,"height":675,"caption":"Eurotrail"},"image":{"@id":"https:\/\/eurotrail.info\/#\/schema\/logo\/image\/"}}]}},"_links":{"self":[{"href":"https:\/\/eurotrail.info\/de\/wp-json\/wp\/v2\/product\/8586","targetHints":{"allow":["GET"]}}],"collection":[{"href":"https:\/\/eurotrail.info\/de\/wp-json\/wp\/v2\/product"}],"about":[{"href":"https:\/\/eurotrail.info\/de\/wp-json\/wp\/v2\/types\/product"}],"replies":[{"embeddable":true,"href":"https:\/\/eurotrail.info\/de\/wp-json\/wp\/v2\/comments?post=8586"}],"wp:featuredmedia":[{"embeddable":true,"href":"https:\/\/eurotrail.info\/de\/wp-json\/wp\/v2\/media\/8581"}],"wp:attachment":[{"href":"https:\/\/eurotrail.info\/de\/wp-json\/wp\/v2\/media?parent=8586"}],"wp:term":[{"taxonomy":"product_brand","embeddable":true,"href":"https:\/\/eurotrail.info\/de\/wp-json\/wp\/v2\/product_brand?post=8586"},{"taxonomy":"product_cat","embeddable":true,"href":"https:\/\/eurotrail.info\/de\/wp-json\/wp\/v2\/product_cat?post=8586"},{"taxonomy":"product_tag","embeddable":true,"href":"https:\/\/eurotrail.info\/de\/wp-json\/wp\/v2\/product_tag?post=8586"}],"curies":[{"name":"wp","href":"https:\/\/api.w.org\/{rel}","templated":true}]}}