{"id":8608,"date":"2020-01-23T16:07:31","date_gmt":"2020-01-23T15:07:31","guid":{"rendered":"http:\/\/eurotrail.info\/producten\/deckenventilator\/"},"modified":"2026-01-14T10:52:32","modified_gmt":"2026-01-14T09:52:32","slug":"deckenventilator-faltbare-wohnwagenzelt","status":"publish","type":"product","link":"https:\/\/eurotrail.info\/de\/producten\/haushaltartikel\/ventilatoren\/deckenventilator-faltbare-wohnwagenzelt\/","title":{"rendered":"Deckenventilator"},"content":{"rendered":"<p>Faltbarer Deckenventilator \u2013 fl\u00fcsterleise und leistungsstarke K\u00fchlung<\/p>\n<p>Dieser faltbare Deckenventilator ist die ideale L\u00f6sung f\u00fcr die K\u00fchlung in Ihrem Zelt, Vorzelt, Wohnwagen, Wohnmobil oder zu Hause. Dank seines fl\u00fcsterleisen Betriebs und des hohen Luftdurchsatzes sorgt er f\u00fcr ein angenehmes Raumklima, selbst an hei\u00dfen Tagen und lauen Abenden.<\/p>\n<p>Der Ventilator ist mit 5 abnehmbaren Fl\u00fcgeln ausgestattet und l\u00e4sst sich nach Gebrauch kompakt zusammenfalten. So ben\u00f6tigt er beim Transport oder der Lagerung nur minimalen Platz. Das macht diesen kompakten Zeltventilator perfekt f\u00fcr Camper, die effizient packen m\u00f6chten. Die einfache Montage und der praktische Aufh\u00e4ngehaken sorgen daf\u00fcr, dass der Ventilator in wenigen Minuten einsatzbereit ist.<\/p>\n<p>Mit seinem 3 Meter langen Netzkabel l\u00e4sst sich der Ventilator flexibel an nahezu jedem gew\u00fcnschten Ort positionieren. Neben der K\u00fchlung h\u00e4lt die Luftzirkulation auch M\u00fccken und Fliegen fern, da Insekten Zugluft meiden. So genie\u00dfen Sie frische Luft ohne l\u00e4stige Insekten.<\/p>\n<p>Dieser fl\u00fcsterleise Deckenventilator vereint Komfort, Benutzerfreundlichkeit und Kompaktheit und ist damit die ideale Wahl f\u00fcr jeden Camper oder f\u00fcr den Innenbereich.<\/p>\n<p>Gr\u00f6sse: \u00d8 60cm<br \/>\nVoltage: 230V<br \/>\nFan Power: 10W<br \/>\nRotation: 272 r\/m<br \/>\nSound level: 50\/60 Hz<br \/>\nMaterial:\u00a0 ABS\/PP<br \/>\nGewicht: 420 gr.<\/p>\n","protected":false},"excerpt":{"rendered":"<p>Faltbarer Deckenventilator \u2013 fl\u00fcsterleise und leistungsstarke K\u00fchlung Dieser faltbare Deckenventilator ist die ideale L\u00f6sung f\u00fcr die K\u00fchlung in Ihrem Zelt, Vorzelt, Wohnwagen, Wohnmobil oder zu&hellip;<\/p>\n","protected":false},"featured_media":8594,"comment_status":"open","ping_status":"closed","template":"","meta":{"_acf_changed":false},"product_brand":[],"product_cat":[78,205],"product_tag":[],"class_list":{"0":"post-8608","1":"product","2":"type-product","3":"status-publish","4":"has-post-thumbnail","6":"product_cat-haushaltartikel","7":"product_cat-ventilatoren","9":"first","10":"instock","11":"shipping-taxable","12":"product-type-simple"},"acf":[],"yoast_head":"<!-- This site is optimized with the Yoast SEO plugin v27.4 - https:\/\/yoast.com\/product\/yoast-seo-wordpress\/ -->\n<title>Deckenventilator - Eurotrail<\/title>\n<meta name=\"description\" content=\"Faltbarer Deckenventilator. Fl\u00fcsterleise mit einem hohen Luftstrom. Bl\u00e4tter \u00a0sind abnehmbar und das Ganze hat daher ein kleines Packvolumen.\" \/>\n<meta name=\"robots\" content=\"index, follow, max-snippet:-1, max-image-preview:large, max-video-preview:-1\" \/>\n<link rel=\"canonical\" href=\"https:\/\/eurotrail.info\/de\/producten\/haushaltartikel\/ventilatoren\/deckenventilator-faltbare-wohnwagenzelt\/\" \/>\n<meta property=\"og:locale\" content=\"de_DE\" \/>\n<meta property=\"og:type\" content=\"article\" \/>\n<meta property=\"og:title\" content=\"Deckenventilator - Eurotrail\" \/>\n<meta property=\"og:description\" content=\"Faltbarer Deckenventilator. Fl\u00fcsterleise mit einem hohen Luftstrom. Bl\u00e4tter \u00a0sind abnehmbar und das Ganze hat daher ein kleines Packvolumen.\" \/>\n<meta property=\"og:url\" content=\"https:\/\/eurotrail.info\/de\/producten\/haushaltartikel\/ventilatoren\/deckenventilator-faltbare-wohnwagenzelt\/\" \/>\n<meta property=\"og:site_name\" content=\"Eurotrail\" \/>\n<meta property=\"article:modified_time\" content=\"2026-01-14T09:52:32+00:00\" \/>\n<meta property=\"og:image\" content=\"https:\/\/eurotrail.info\/wp\/wp-content\/uploads\/2020\/01\/ETLT1411_0400_1-1280x897.jpg\" \/>\n\t<meta property=\"og:image:width\" content=\"1280\" \/>\n\t<meta property=\"og:image:height\" content=\"897\" \/>\n\t<meta property=\"og:image:type\" content=\"image\/jpeg\" \/>\n<meta name=\"twitter:card\" content=\"summary_large_image\" \/>\n<meta name=\"twitter:label1\" content=\"Gesch\u00e4tzte Lesezeit\" \/>\n\t<meta name=\"twitter:data1\" content=\"2\u00a0Minuten\" \/>\n<script type=\"application\/ld+json\" class=\"yoast-schema-graph\">{\"@context\":\"https:\\\/\\\/schema.org\",\"@graph\":[{\"@type\":\"WebPage\",\"@id\":\"https:\\\/\\\/eurotrail.info\\\/de\\\/producten\\\/haushaltartikel\\\/ventilatoren\\\/deckenventilator-faltbare-wohnwagenzelt\\\/\",\"url\":\"https:\\\/\\\/eurotrail.info\\\/de\\\/producten\\\/haushaltartikel\\\/ventilatoren\\\/deckenventilator-faltbare-wohnwagenzelt\\\/\",\"name\":\"Deckenventilator - Eurotrail\",\"isPartOf\":{\"@id\":\"https:\\\/\\\/eurotrail.info\\\/#website\"},\"primaryImageOfPage\":{\"@id\":\"https:\\\/\\\/eurotrail.info\\\/de\\\/producten\\\/haushaltartikel\\\/ventilatoren\\\/deckenventilator-faltbare-wohnwagenzelt\\\/#primaryimage\"},\"image\":{\"@id\":\"https:\\\/\\\/eurotrail.info\\\/de\\\/producten\\\/haushaltartikel\\\/ventilatoren\\\/deckenventilator-faltbare-wohnwagenzelt\\\/#primaryimage\"},\"thumbnailUrl\":\"https:\\\/\\\/eurotrail.info\\\/wp\\\/wp-content\\\/uploads\\\/2020\\\/01\\\/ETLT1411_0400_1.jpg\",\"datePublished\":\"2020-01-23T15:07:31+00:00\",\"dateModified\":\"2026-01-14T09:52:32+00:00\",\"description\":\"Faltbarer Deckenventilator. Fl\u00fcsterleise mit einem hohen Luftstrom. Bl\u00e4tter \u00a0sind abnehmbar und das Ganze hat daher ein kleines Packvolumen.\",\"breadcrumb\":{\"@id\":\"https:\\\/\\\/eurotrail.info\\\/de\\\/producten\\\/haushaltartikel\\\/ventilatoren\\\/deckenventilator-faltbare-wohnwagenzelt\\\/#breadcrumb\"},\"inLanguage\":\"de\",\"potentialAction\":[{\"@type\":\"ReadAction\",\"target\":[\"https:\\\/\\\/eurotrail.info\\\/de\\\/producten\\\/haushaltartikel\\\/ventilatoren\\\/deckenventilator-faltbare-wohnwagenzelt\\\/\"]}]},{\"@type\":\"ImageObject\",\"inLanguage\":\"de\",\"@id\":\"https:\\\/\\\/eurotrail.info\\\/de\\\/producten\\\/haushaltartikel\\\/ventilatoren\\\/deckenventilator-faltbare-wohnwagenzelt\\\/#primaryimage\",\"url\":\"https:\\\/\\\/eurotrail.info\\\/wp\\\/wp-content\\\/uploads\\\/2020\\\/01\\\/ETLT1411_0400_1.jpg\",\"contentUrl\":\"https:\\\/\\\/eurotrail.info\\\/wp\\\/wp-content\\\/uploads\\\/2020\\\/01\\\/ETLT1411_0400_1.jpg\",\"width\":3263,\"height\":2286,\"caption\":\"Opvouwbare plafond ventilator\"},{\"@type\":\"BreadcrumbList\",\"@id\":\"https:\\\/\\\/eurotrail.info\\\/de\\\/producten\\\/haushaltartikel\\\/ventilatoren\\\/deckenventilator-faltbare-wohnwagenzelt\\\/#breadcrumb\",\"itemListElement\":[{\"@type\":\"ListItem\",\"position\":1,\"name\":\"Home\",\"item\":\"https:\\\/\\\/eurotrail.info\\\/de\\\/\"},{\"@type\":\"ListItem\",\"position\":2,\"name\":\"Produkte\",\"item\":\"https:\\\/\\\/eurotrail.info\\\/de\\\/produkte\\\/\"},{\"@type\":\"ListItem\",\"position\":3,\"name\":\"Deckenventilator\"}]},{\"@type\":\"WebSite\",\"@id\":\"https:\\\/\\\/eurotrail.info\\\/#website\",\"url\":\"https:\\\/\\\/eurotrail.info\\\/\",\"name\":\"Eurotrail\",\"description\":\"\",\"publisher\":{\"@id\":\"https:\\\/\\\/eurotrail.info\\\/#organization\"},\"potentialAction\":[{\"@type\":\"SearchAction\",\"target\":{\"@type\":\"EntryPoint\",\"urlTemplate\":\"https:\\\/\\\/eurotrail.info\\\/?s={search_term_string}\"},\"query-input\":{\"@type\":\"PropertyValueSpecification\",\"valueRequired\":true,\"valueName\":\"search_term_string\"}}],\"inLanguage\":\"de\"},{\"@type\":\"Organization\",\"@id\":\"https:\\\/\\\/eurotrail.info\\\/#organization\",\"name\":\"Eurotrail\",\"url\":\"https:\\\/\\\/eurotrail.info\\\/\",\"logo\":{\"@type\":\"ImageObject\",\"inLanguage\":\"de\",\"@id\":\"https:\\\/\\\/eurotrail.info\\\/#\\\/schema\\\/logo\\\/image\\\/\",\"url\":\"https:\\\/\\\/eurotrail.info\\\/wp\\\/wp-content\\\/uploads\\\/2023\\\/07\\\/ET-logo-quote_NL-scaled.jpg\",\"contentUrl\":\"https:\\\/\\\/eurotrail.info\\\/wp\\\/wp-content\\\/uploads\\\/2023\\\/07\\\/ET-logo-quote_NL-scaled.jpg\",\"width\":2560,\"height\":675,\"caption\":\"Eurotrail\"},\"image\":{\"@id\":\"https:\\\/\\\/eurotrail.info\\\/#\\\/schema\\\/logo\\\/image\\\/\"}}]}<\/script>\n<!-- \/ Yoast SEO plugin. -->","yoast_head_json":{"title":"Deckenventilator - Eurotrail","description":"Faltbarer Deckenventilator. Fl\u00fcsterleise mit einem hohen Luftstrom. Bl\u00e4tter \u00a0sind abnehmbar und das Ganze hat daher ein kleines Packvolumen.","robots":{"index":"index","follow":"follow","max-snippet":"max-snippet:-1","max-image-preview":"max-image-preview:large","max-video-preview":"max-video-preview:-1"},"canonical":"https:\/\/eurotrail.info\/de\/producten\/haushaltartikel\/ventilatoren\/deckenventilator-faltbare-wohnwagenzelt\/","og_locale":"de_DE","og_type":"article","og_title":"Deckenventilator - Eurotrail","og_description":"Faltbarer Deckenventilator. Fl\u00fcsterleise mit einem hohen Luftstrom. Bl\u00e4tter \u00a0sind abnehmbar und das Ganze hat daher ein kleines Packvolumen.","og_url":"https:\/\/eurotrail.info\/de\/producten\/haushaltartikel\/ventilatoren\/deckenventilator-faltbare-wohnwagenzelt\/","og_site_name":"Eurotrail","article_modified_time":"2026-01-14T09:52:32+00:00","og_image":[{"width":1280,"height":897,"url":"https:\/\/eurotrail.info\/wp\/wp-content\/uploads\/2020\/01\/ETLT1411_0400_1-1280x897.jpg","type":"image\/jpeg"}],"twitter_card":"summary_large_image","twitter_misc":{"Gesch\u00e4tzte Lesezeit":"2\u00a0Minuten"},"schema":{"@context":"https:\/\/schema.org","@graph":[{"@type":"WebPage","@id":"https:\/\/eurotrail.info\/de\/producten\/haushaltartikel\/ventilatoren\/deckenventilator-faltbare-wohnwagenzelt\/","url":"https:\/\/eurotrail.info\/de\/producten\/haushaltartikel\/ventilatoren\/deckenventilator-faltbare-wohnwagenzelt\/","name":"Deckenventilator - Eurotrail","isPartOf":{"@id":"https:\/\/eurotrail.info\/#website"},"primaryImageOfPage":{"@id":"https:\/\/eurotrail.info\/de\/producten\/haushaltartikel\/ventilatoren\/deckenventilator-faltbare-wohnwagenzelt\/#primaryimage"},"image":{"@id":"https:\/\/eurotrail.info\/de\/producten\/haushaltartikel\/ventilatoren\/deckenventilator-faltbare-wohnwagenzelt\/#primaryimage"},"thumbnailUrl":"https:\/\/eurotrail.info\/wp\/wp-content\/uploads\/2020\/01\/ETLT1411_0400_1.jpg","datePublished":"2020-01-23T15:07:31+00:00","dateModified":"2026-01-14T09:52:32+00:00","description":"Faltbarer Deckenventilator. Fl\u00fcsterleise mit einem hohen Luftstrom. Bl\u00e4tter \u00a0sind abnehmbar und das Ganze hat daher ein kleines Packvolumen.","breadcrumb":{"@id":"https:\/\/eurotrail.info\/de\/producten\/haushaltartikel\/ventilatoren\/deckenventilator-faltbare-wohnwagenzelt\/#breadcrumb"},"inLanguage":"de","potentialAction":[{"@type":"ReadAction","target":["https:\/\/eurotrail.info\/de\/producten\/haushaltartikel\/ventilatoren\/deckenventilator-faltbare-wohnwagenzelt\/"]}]},{"@type":"ImageObject","inLanguage":"de","@id":"https:\/\/eurotrail.info\/de\/producten\/haushaltartikel\/ventilatoren\/deckenventilator-faltbare-wohnwagenzelt\/#primaryimage","url":"https:\/\/eurotrail.info\/wp\/wp-content\/uploads\/2020\/01\/ETLT1411_0400_1.jpg","contentUrl":"https:\/\/eurotrail.info\/wp\/wp-content\/uploads\/2020\/01\/ETLT1411_0400_1.jpg","width":3263,"height":2286,"caption":"Opvouwbare plafond ventilator"},{"@type":"BreadcrumbList","@id":"https:\/\/eurotrail.info\/de\/producten\/haushaltartikel\/ventilatoren\/deckenventilator-faltbare-wohnwagenzelt\/#breadcrumb","itemListElement":[{"@type":"ListItem","position":1,"name":"Home","item":"https:\/\/eurotrail.info\/de\/"},{"@type":"ListItem","position":2,"name":"Produkte","item":"https:\/\/eurotrail.info\/de\/produkte\/"},{"@type":"ListItem","position":3,"name":"Deckenventilator"}]},{"@type":"WebSite","@id":"https:\/\/eurotrail.info\/#website","url":"https:\/\/eurotrail.info\/","name":"Eurotrail","description":"","publisher":{"@id":"https:\/\/eurotrail.info\/#organization"},"potentialAction":[{"@type":"SearchAction","target":{"@type":"EntryPoint","urlTemplate":"https:\/\/eurotrail.info\/?s={search_term_string}"},"query-input":{"@type":"PropertyValueSpecification","valueRequired":true,"valueName":"search_term_string"}}],"inLanguage":"de"},{"@type":"Organization","@id":"https:\/\/eurotrail.info\/#organization","name":"Eurotrail","url":"https:\/\/eurotrail.info\/","logo":{"@type":"ImageObject","inLanguage":"de","@id":"https:\/\/eurotrail.info\/#\/schema\/logo\/image\/","url":"https:\/\/eurotrail.info\/wp\/wp-content\/uploads\/2023\/07\/ET-logo-quote_NL-scaled.jpg","contentUrl":"https:\/\/eurotrail.info\/wp\/wp-content\/uploads\/2023\/07\/ET-logo-quote_NL-scaled.jpg","width":2560,"height":675,"caption":"Eurotrail"},"image":{"@id":"https:\/\/eurotrail.info\/#\/schema\/logo\/image\/"}}]}},"_links":{"self":[{"href":"https:\/\/eurotrail.info\/de\/wp-json\/wp\/v2\/product\/8608","targetHints":{"allow":["GET"]}}],"collection":[{"href":"https:\/\/eurotrail.info\/de\/wp-json\/wp\/v2\/product"}],"about":[{"href":"https:\/\/eurotrail.info\/de\/wp-json\/wp\/v2\/types\/product"}],"replies":[{"embeddable":true,"href":"https:\/\/eurotrail.info\/de\/wp-json\/wp\/v2\/comments?post=8608"}],"wp:featuredmedia":[{"embeddable":true,"href":"https:\/\/eurotrail.info\/de\/wp-json\/wp\/v2\/media\/8594"}],"wp:attachment":[{"href":"https:\/\/eurotrail.info\/de\/wp-json\/wp\/v2\/media?parent=8608"}],"wp:term":[{"taxonomy":"product_brand","embeddable":true,"href":"https:\/\/eurotrail.info\/de\/wp-json\/wp\/v2\/product_brand?post=8608"},{"taxonomy":"product_cat","embeddable":true,"href":"https:\/\/eurotrail.info\/de\/wp-json\/wp\/v2\/product_cat?post=8608"},{"taxonomy":"product_tag","embeddable":true,"href":"https:\/\/eurotrail.info\/de\/wp-json\/wp\/v2\/product_tag?post=8608"}],"curies":[{"name":"wp","href":"https:\/\/api.w.org\/{rel}","templated":true}]}}