{"id":8654,"date":"2020-01-30T09:06:11","date_gmt":"2020-01-30T08:06:11","guid":{"rendered":"http:\/\/eurotrail.info\/producten\/neu-heckzelt-offroad-t5-t6\/"},"modified":"2021-12-10T15:29:30","modified_gmt":"2021-12-10T14:29:30","slug":"neu-heckzelt-offroad-t5-t6","status":"publish","type":"product","link":"https:\/\/eurotrail.info\/de\/producten\/wohnwagenwohnmobilebus\/busvorzelt-air\/neu-heckzelt-offroad-t5-t6\/","title":{"rendered":"Heckzelt Offroad T5\/T6"},"content":{"rendered":"<p>Das Offroad Heckzelt bittet Ihnen viel nutzbaren Platz mit Stehh\u00f6he, direkt am Fahrzeug. Es bittet Ihnen mehr Raum, der nicht \u00fcber Ihre Fahrzeuggr\u00f6\u00dfe hinaus gehen muss. Heckklappenzelte sind die ideale L\u00f6sung f\u00fcr Park- und kleine Campingpl\u00e4tze.\u00a0Kein Gest\u00e4nge, geringes Packma\u00df und einfacher Aufbau machen das Heckzelt der perfekten Wahl aller Kastenwagenfahrer. Einfach \u00fcber die Heckklappe gest\u00fclpt und nach unter Abspannen. Es bittet zus\u00e4tzlichen Platz im Heck f\u00fcr ein Fahrrad, Gep\u00e4ck, oder zum Duschen, Umziehen, Kochen oder Schlafen. Die gro\u00dfen Fenster in der Heckklappe sorgen f\u00fcr Licht und Bel\u00fcftung. Das Offroad Heckzelt hat eine hintere und seitliche T\u00fcr. Inklusiv Tragetasche und Vordachstangen. Geeignet f\u00fcr VW T-5\/6 und Citroen P\u00f6ssl\/Campsater Modellen.<\/p>\n<p>Material: 100% 185 T Polyester, 3000mm Wassers\u00e4ule<br \/>\nGr\u00f6sse: 200x150x200 (BxDxH)<br \/>\nPackmass: \u00d8 18 x 70cm<br \/>\nGewicht\u00a0: 4.3 kg.<\/p>\n","protected":false},"excerpt":{"rendered":"<p>Das Offroad Heckzelt bittet Ihnen viel nutzbaren Platz mit Stehh\u00f6he, direkt am Fahrzeug. Es bittet Ihnen mehr Raum, der nicht \u00fcber Ihre Fahrzeuggr\u00f6\u00dfe hinaus gehen&hellip;<\/p>\n","protected":false},"featured_media":14816,"comment_status":"open","ping_status":"closed","template":"","meta":{"_acf_changed":false},"product_brand":[],"product_cat":[74,71],"product_tag":[],"class_list":{"0":"post-8654","1":"product","2":"type-product","3":"status-publish","4":"has-post-thumbnail","6":"product_cat-busvorzelt-air","7":"product_cat-wohnwagenwohnmobilebus","9":"first","10":"instock","11":"shipping-taxable","12":"product-type-simple"},"acf":[],"yoast_head":"<!-- This site is optimized with the Yoast SEO plugin v27.4 - https:\/\/yoast.com\/product\/yoast-seo-wordpress\/ -->\n<title>Heckzelt Offroad T5\/T6 - Eurotrail<\/title>\n<meta name=\"description\" content=\"Heckzelt f\u00fcr VW T5 \/ Citroen P\u00f6ssl\/Campster. Einfach \u00fcber die Heckklappe legen und abspannen. Ohne Gest\u00e4nge!\" \/>\n<meta name=\"robots\" content=\"index, follow, max-snippet:-1, max-image-preview:large, max-video-preview:-1\" \/>\n<link rel=\"canonical\" href=\"https:\/\/eurotrail.info\/de\/producten\/wohnwagenwohnmobilebus\/busvorzelt-air\/neu-heckzelt-offroad-t5-t6\/\" \/>\n<meta property=\"og:locale\" content=\"de_DE\" \/>\n<meta property=\"og:type\" content=\"article\" \/>\n<meta property=\"og:title\" content=\"Heckzelt Offroad T5\/T6 - Eurotrail\" \/>\n<meta property=\"og:description\" content=\"Heckzelt f\u00fcr VW T5 \/ Citroen P\u00f6ssl\/Campster. Einfach \u00fcber die Heckklappe legen und abspannen. Ohne Gest\u00e4nge!\" \/>\n<meta property=\"og:url\" content=\"https:\/\/eurotrail.info\/de\/producten\/wohnwagenwohnmobilebus\/busvorzelt-air\/neu-heckzelt-offroad-t5-t6\/\" \/>\n<meta property=\"og:site_name\" content=\"Eurotrail\" \/>\n<meta property=\"article:modified_time\" content=\"2021-12-10T14:29:30+00:00\" \/>\n<meta property=\"og:image\" content=\"https:\/\/eurotrail.info\/wp\/wp-content\/uploads\/2020\/01\/ETCT0171-new-2022.jpg\" \/>\n\t<meta property=\"og:image:width\" content=\"640\" \/>\n\t<meta property=\"og:image:height\" content=\"427\" \/>\n\t<meta property=\"og:image:type\" content=\"image\/jpeg\" \/>\n<meta name=\"twitter:card\" content=\"summary_large_image\" \/>\n<meta name=\"twitter:label1\" content=\"Gesch\u00e4tzte Lesezeit\" \/>\n\t<meta name=\"twitter:data1\" content=\"1\u00a0Minute\" \/>\n<script type=\"application\/ld+json\" class=\"yoast-schema-graph\">{\"@context\":\"https:\\\/\\\/schema.org\",\"@graph\":[{\"@type\":\"WebPage\",\"@id\":\"https:\\\/\\\/eurotrail.info\\\/de\\\/producten\\\/wohnwagenwohnmobilebus\\\/busvorzelt-air\\\/neu-heckzelt-offroad-t5-t6\\\/\",\"url\":\"https:\\\/\\\/eurotrail.info\\\/de\\\/producten\\\/wohnwagenwohnmobilebus\\\/busvorzelt-air\\\/neu-heckzelt-offroad-t5-t6\\\/\",\"name\":\"Heckzelt Offroad T5\\\/T6 - Eurotrail\",\"isPartOf\":{\"@id\":\"https:\\\/\\\/eurotrail.info\\\/#website\"},\"primaryImageOfPage\":{\"@id\":\"https:\\\/\\\/eurotrail.info\\\/de\\\/producten\\\/wohnwagenwohnmobilebus\\\/busvorzelt-air\\\/neu-heckzelt-offroad-t5-t6\\\/#primaryimage\"},\"image\":{\"@id\":\"https:\\\/\\\/eurotrail.info\\\/de\\\/producten\\\/wohnwagenwohnmobilebus\\\/busvorzelt-air\\\/neu-heckzelt-offroad-t5-t6\\\/#primaryimage\"},\"thumbnailUrl\":\"https:\\\/\\\/eurotrail.info\\\/wp\\\/wp-content\\\/uploads\\\/2020\\\/01\\\/ETCT0171-new-2022.jpg\",\"datePublished\":\"2020-01-30T08:06:11+00:00\",\"dateModified\":\"2021-12-10T14:29:30+00:00\",\"description\":\"Heckzelt f\u00fcr VW T5 \\\/ Citroen P\u00f6ssl\\\/Campster. Einfach \u00fcber die Heckklappe legen und abspannen. Ohne Gest\u00e4nge!\",\"breadcrumb\":{\"@id\":\"https:\\\/\\\/eurotrail.info\\\/de\\\/producten\\\/wohnwagenwohnmobilebus\\\/busvorzelt-air\\\/neu-heckzelt-offroad-t5-t6\\\/#breadcrumb\"},\"inLanguage\":\"de\",\"potentialAction\":[{\"@type\":\"ReadAction\",\"target\":[\"https:\\\/\\\/eurotrail.info\\\/de\\\/producten\\\/wohnwagenwohnmobilebus\\\/busvorzelt-air\\\/neu-heckzelt-offroad-t5-t6\\\/\"]}]},{\"@type\":\"ImageObject\",\"inLanguage\":\"de\",\"@id\":\"https:\\\/\\\/eurotrail.info\\\/de\\\/producten\\\/wohnwagenwohnmobilebus\\\/busvorzelt-air\\\/neu-heckzelt-offroad-t5-t6\\\/#primaryimage\",\"url\":\"https:\\\/\\\/eurotrail.info\\\/wp\\\/wp-content\\\/uploads\\\/2020\\\/01\\\/ETCT0171-new-2022.jpg\",\"contentUrl\":\"https:\\\/\\\/eurotrail.info\\\/wp\\\/wp-content\\\/uploads\\\/2020\\\/01\\\/ETCT0171-new-2022.jpg\",\"width\":640,\"height\":427,\"caption\":\"Offroad achterklep tent is geschikt voor de VW T5 \\\/ Citroen P\u00f6ssl\\\/Campster\"},{\"@type\":\"BreadcrumbList\",\"@id\":\"https:\\\/\\\/eurotrail.info\\\/de\\\/producten\\\/wohnwagenwohnmobilebus\\\/busvorzelt-air\\\/neu-heckzelt-offroad-t5-t6\\\/#breadcrumb\",\"itemListElement\":[{\"@type\":\"ListItem\",\"position\":1,\"name\":\"Home\",\"item\":\"https:\\\/\\\/eurotrail.info\\\/de\\\/\"},{\"@type\":\"ListItem\",\"position\":2,\"name\":\"Produkte\",\"item\":\"https:\\\/\\\/eurotrail.info\\\/de\\\/produkte\\\/\"},{\"@type\":\"ListItem\",\"position\":3,\"name\":\"Heckzelt Offroad T5\\\/T6\"}]},{\"@type\":\"WebSite\",\"@id\":\"https:\\\/\\\/eurotrail.info\\\/#website\",\"url\":\"https:\\\/\\\/eurotrail.info\\\/\",\"name\":\"Eurotrail\",\"description\":\"\",\"publisher\":{\"@id\":\"https:\\\/\\\/eurotrail.info\\\/#organization\"},\"potentialAction\":[{\"@type\":\"SearchAction\",\"target\":{\"@type\":\"EntryPoint\",\"urlTemplate\":\"https:\\\/\\\/eurotrail.info\\\/?s={search_term_string}\"},\"query-input\":{\"@type\":\"PropertyValueSpecification\",\"valueRequired\":true,\"valueName\":\"search_term_string\"}}],\"inLanguage\":\"de\"},{\"@type\":\"Organization\",\"@id\":\"https:\\\/\\\/eurotrail.info\\\/#organization\",\"name\":\"Eurotrail\",\"url\":\"https:\\\/\\\/eurotrail.info\\\/\",\"logo\":{\"@type\":\"ImageObject\",\"inLanguage\":\"de\",\"@id\":\"https:\\\/\\\/eurotrail.info\\\/#\\\/schema\\\/logo\\\/image\\\/\",\"url\":\"https:\\\/\\\/eurotrail.info\\\/wp\\\/wp-content\\\/uploads\\\/2023\\\/07\\\/ET-logo-quote_NL-scaled.jpg\",\"contentUrl\":\"https:\\\/\\\/eurotrail.info\\\/wp\\\/wp-content\\\/uploads\\\/2023\\\/07\\\/ET-logo-quote_NL-scaled.jpg\",\"width\":2560,\"height\":675,\"caption\":\"Eurotrail\"},\"image\":{\"@id\":\"https:\\\/\\\/eurotrail.info\\\/#\\\/schema\\\/logo\\\/image\\\/\"}}]}<\/script>\n<!-- \/ Yoast SEO plugin. -->","yoast_head_json":{"title":"Heckzelt Offroad T5\/T6 - Eurotrail","description":"Heckzelt f\u00fcr VW T5 \/ Citroen P\u00f6ssl\/Campster. Einfach \u00fcber die Heckklappe legen und abspannen. Ohne Gest\u00e4nge!","robots":{"index":"index","follow":"follow","max-snippet":"max-snippet:-1","max-image-preview":"max-image-preview:large","max-video-preview":"max-video-preview:-1"},"canonical":"https:\/\/eurotrail.info\/de\/producten\/wohnwagenwohnmobilebus\/busvorzelt-air\/neu-heckzelt-offroad-t5-t6\/","og_locale":"de_DE","og_type":"article","og_title":"Heckzelt Offroad T5\/T6 - Eurotrail","og_description":"Heckzelt f\u00fcr VW T5 \/ Citroen P\u00f6ssl\/Campster. Einfach \u00fcber die Heckklappe legen und abspannen. Ohne Gest\u00e4nge!","og_url":"https:\/\/eurotrail.info\/de\/producten\/wohnwagenwohnmobilebus\/busvorzelt-air\/neu-heckzelt-offroad-t5-t6\/","og_site_name":"Eurotrail","article_modified_time":"2021-12-10T14:29:30+00:00","og_image":[{"width":640,"height":427,"url":"https:\/\/eurotrail.info\/wp\/wp-content\/uploads\/2020\/01\/ETCT0171-new-2022.jpg","type":"image\/jpeg"}],"twitter_card":"summary_large_image","twitter_misc":{"Gesch\u00e4tzte Lesezeit":"1\u00a0Minute"},"schema":{"@context":"https:\/\/schema.org","@graph":[{"@type":"WebPage","@id":"https:\/\/eurotrail.info\/de\/producten\/wohnwagenwohnmobilebus\/busvorzelt-air\/neu-heckzelt-offroad-t5-t6\/","url":"https:\/\/eurotrail.info\/de\/producten\/wohnwagenwohnmobilebus\/busvorzelt-air\/neu-heckzelt-offroad-t5-t6\/","name":"Heckzelt Offroad T5\/T6 - Eurotrail","isPartOf":{"@id":"https:\/\/eurotrail.info\/#website"},"primaryImageOfPage":{"@id":"https:\/\/eurotrail.info\/de\/producten\/wohnwagenwohnmobilebus\/busvorzelt-air\/neu-heckzelt-offroad-t5-t6\/#primaryimage"},"image":{"@id":"https:\/\/eurotrail.info\/de\/producten\/wohnwagenwohnmobilebus\/busvorzelt-air\/neu-heckzelt-offroad-t5-t6\/#primaryimage"},"thumbnailUrl":"https:\/\/eurotrail.info\/wp\/wp-content\/uploads\/2020\/01\/ETCT0171-new-2022.jpg","datePublished":"2020-01-30T08:06:11+00:00","dateModified":"2021-12-10T14:29:30+00:00","description":"Heckzelt f\u00fcr VW T5 \/ Citroen P\u00f6ssl\/Campster. Einfach \u00fcber die Heckklappe legen und abspannen. Ohne Gest\u00e4nge!","breadcrumb":{"@id":"https:\/\/eurotrail.info\/de\/producten\/wohnwagenwohnmobilebus\/busvorzelt-air\/neu-heckzelt-offroad-t5-t6\/#breadcrumb"},"inLanguage":"de","potentialAction":[{"@type":"ReadAction","target":["https:\/\/eurotrail.info\/de\/producten\/wohnwagenwohnmobilebus\/busvorzelt-air\/neu-heckzelt-offroad-t5-t6\/"]}]},{"@type":"ImageObject","inLanguage":"de","@id":"https:\/\/eurotrail.info\/de\/producten\/wohnwagenwohnmobilebus\/busvorzelt-air\/neu-heckzelt-offroad-t5-t6\/#primaryimage","url":"https:\/\/eurotrail.info\/wp\/wp-content\/uploads\/2020\/01\/ETCT0171-new-2022.jpg","contentUrl":"https:\/\/eurotrail.info\/wp\/wp-content\/uploads\/2020\/01\/ETCT0171-new-2022.jpg","width":640,"height":427,"caption":"Offroad achterklep tent is geschikt voor de VW T5 \/ Citroen P\u00f6ssl\/Campster"},{"@type":"BreadcrumbList","@id":"https:\/\/eurotrail.info\/de\/producten\/wohnwagenwohnmobilebus\/busvorzelt-air\/neu-heckzelt-offroad-t5-t6\/#breadcrumb","itemListElement":[{"@type":"ListItem","position":1,"name":"Home","item":"https:\/\/eurotrail.info\/de\/"},{"@type":"ListItem","position":2,"name":"Produkte","item":"https:\/\/eurotrail.info\/de\/produkte\/"},{"@type":"ListItem","position":3,"name":"Heckzelt Offroad T5\/T6"}]},{"@type":"WebSite","@id":"https:\/\/eurotrail.info\/#website","url":"https:\/\/eurotrail.info\/","name":"Eurotrail","description":"","publisher":{"@id":"https:\/\/eurotrail.info\/#organization"},"potentialAction":[{"@type":"SearchAction","target":{"@type":"EntryPoint","urlTemplate":"https:\/\/eurotrail.info\/?s={search_term_string}"},"query-input":{"@type":"PropertyValueSpecification","valueRequired":true,"valueName":"search_term_string"}}],"inLanguage":"de"},{"@type":"Organization","@id":"https:\/\/eurotrail.info\/#organization","name":"Eurotrail","url":"https:\/\/eurotrail.info\/","logo":{"@type":"ImageObject","inLanguage":"de","@id":"https:\/\/eurotrail.info\/#\/schema\/logo\/image\/","url":"https:\/\/eurotrail.info\/wp\/wp-content\/uploads\/2023\/07\/ET-logo-quote_NL-scaled.jpg","contentUrl":"https:\/\/eurotrail.info\/wp\/wp-content\/uploads\/2023\/07\/ET-logo-quote_NL-scaled.jpg","width":2560,"height":675,"caption":"Eurotrail"},"image":{"@id":"https:\/\/eurotrail.info\/#\/schema\/logo\/image\/"}}]}},"_links":{"self":[{"href":"https:\/\/eurotrail.info\/de\/wp-json\/wp\/v2\/product\/8654","targetHints":{"allow":["GET"]}}],"collection":[{"href":"https:\/\/eurotrail.info\/de\/wp-json\/wp\/v2\/product"}],"about":[{"href":"https:\/\/eurotrail.info\/de\/wp-json\/wp\/v2\/types\/product"}],"replies":[{"embeddable":true,"href":"https:\/\/eurotrail.info\/de\/wp-json\/wp\/v2\/comments?post=8654"}],"wp:featuredmedia":[{"embeddable":true,"href":"https:\/\/eurotrail.info\/de\/wp-json\/wp\/v2\/media\/14816"}],"wp:attachment":[{"href":"https:\/\/eurotrail.info\/de\/wp-json\/wp\/v2\/media?parent=8654"}],"wp:term":[{"taxonomy":"product_brand","embeddable":true,"href":"https:\/\/eurotrail.info\/de\/wp-json\/wp\/v2\/product_brand?post=8654"},{"taxonomy":"product_cat","embeddable":true,"href":"https:\/\/eurotrail.info\/de\/wp-json\/wp\/v2\/product_cat?post=8654"},{"taxonomy":"product_tag","embeddable":true,"href":"https:\/\/eurotrail.info\/de\/wp-json\/wp\/v2\/product_tag?post=8654"}],"curies":[{"name":"wp","href":"https:\/\/api.w.org\/{rel}","templated":true}]}}