{"id":8712,"date":"2020-01-30T11:25:22","date_gmt":"2020-01-30T10:25:22","guid":{"rendered":"http:\/\/eurotrail.info\/producten\/neu-multi-teppich\/"},"modified":"2025-06-18T15:02:16","modified_gmt":"2025-06-18T14:02:16","slug":"neu-multi-teppich","status":"publish","type":"product","link":"https:\/\/eurotrail.info\/de\/producten\/zeltteppich\/neu-multi-teppich\/","title":{"rendered":"NEU! Multi Teppich"},"content":{"rendered":"<p>Der Multi-Teppich von Eurotrail kann \u00fcberall eingesetzt werden. Nicht nur in der Wohnwagenmarkise, sondern auch vor dem Zelt, im Garten als (Spiel-) Teppich oder auch als Schattentuch. Das Material ist 2-farbig Blau\/Grau und passt daher fast in jede Markise. Das Netz ist atmungsaktiv, isolierend, UV-best\u00e4ndig und durch die feine Webstruktur rutschfest und es dringen fast keine Insekten durch. Es gibt Augen an den Ecken und das macht es einfach, den Teppich perfekt zu dehnen. In verschiedenen Gr\u00f6\u00dfen erh\u00e4ltlich.<\/p>\n<p>Material: 225 g\/m\u00b2 Polypropylen<br \/>\nMa\u00dfe: z. B. 250 x 200 cm<br \/>\nGewicht: 1,2 kg<br \/>\nVerpackung: ca. 50x40x15cm<\/p>\n<p>Verf\u00fcgbare Gr\u00f6\u00dfen:<br \/>\n250&#215;200\/300\/400\/450\/500\/600cm<br \/>\n300&#215;300\/400\/500\/600cm<br \/>\n400&#215;400\/600cm<\/p>\n","protected":false},"excerpt":{"rendered":"<p>Der Multi-Teppich von Eurotrail kann \u00fcberall eingesetzt werden. Nicht nur in der Wohnwagenmarkise, sondern auch vor dem Zelt, im Garten als (Spiel-) Teppich oder auch&hellip;<\/p>\n","protected":false},"featured_media":8710,"comment_status":"open","ping_status":"closed","template":"","meta":{"_acf_changed":false},"product_brand":[],"product_cat":[70],"product_tag":[],"class_list":{"0":"post-8712","1":"product","2":"type-product","3":"status-publish","4":"has-post-thumbnail","6":"product_cat-zeltteppich","8":"first","9":"instock","10":"shipping-taxable","11":"product-type-simple"},"acf":[],"yoast_head":"<!-- This site is optimized with the Yoast SEO plugin v27.4 - https:\/\/yoast.com\/product\/yoast-seo-wordpress\/ -->\n<title>NEU! Multi Teppich - Eurotrail<\/title>\n<meta name=\"robots\" content=\"index, follow, max-snippet:-1, max-image-preview:large, max-video-preview:-1\" \/>\n<link rel=\"canonical\" href=\"https:\/\/eurotrail.info\/de\/producten\/zeltteppich\/neu-multi-teppich\/\" \/>\n<meta property=\"og:locale\" content=\"de_DE\" \/>\n<meta property=\"og:type\" content=\"article\" \/>\n<meta property=\"og:title\" content=\"NEU! Multi Teppich - Eurotrail\" \/>\n<meta property=\"og:description\" content=\"Der Multi-Teppich von Eurotrail kann \u00fcberall eingesetzt werden. Nicht nur in der Wohnwagenmarkise, sondern auch vor dem Zelt, im Garten als (Spiel-) Teppich oder auch&hellip;\" \/>\n<meta property=\"og:url\" content=\"https:\/\/eurotrail.info\/de\/producten\/zeltteppich\/neu-multi-teppich\/\" \/>\n<meta property=\"og:site_name\" content=\"Eurotrail\" \/>\n<meta property=\"article:modified_time\" content=\"2025-06-18T14:02:16+00:00\" \/>\n<meta property=\"og:image\" content=\"https:\/\/eurotrail.info\/wp\/wp-content\/uploads\/2020\/01\/Multicarpet-klein-768x541.png\" \/>\n\t<meta property=\"og:image:width\" content=\"768\" \/>\n\t<meta property=\"og:image:height\" content=\"541\" \/>\n\t<meta property=\"og:image:type\" content=\"image\/png\" \/>\n<meta name=\"twitter:card\" content=\"summary_large_image\" \/>\n<meta name=\"twitter:label1\" content=\"Gesch\u00e4tzte Lesezeit\" \/>\n\t<meta name=\"twitter:data1\" content=\"1\u00a0Minute\" \/>\n<script type=\"application\/ld+json\" class=\"yoast-schema-graph\">{\"@context\":\"https:\\\/\\\/schema.org\",\"@graph\":[{\"@type\":\"WebPage\",\"@id\":\"https:\\\/\\\/eurotrail.info\\\/de\\\/producten\\\/zeltteppich\\\/neu-multi-teppich\\\/\",\"url\":\"https:\\\/\\\/eurotrail.info\\\/de\\\/producten\\\/zeltteppich\\\/neu-multi-teppich\\\/\",\"name\":\"NEU! Multi Teppich - Eurotrail\",\"isPartOf\":{\"@id\":\"https:\\\/\\\/eurotrail.info\\\/#website\"},\"primaryImageOfPage\":{\"@id\":\"https:\\\/\\\/eurotrail.info\\\/de\\\/producten\\\/zeltteppich\\\/neu-multi-teppich\\\/#primaryimage\"},\"image\":{\"@id\":\"https:\\\/\\\/eurotrail.info\\\/de\\\/producten\\\/zeltteppich\\\/neu-multi-teppich\\\/#primaryimage\"},\"thumbnailUrl\":\"https:\\\/\\\/eurotrail.info\\\/wp\\\/wp-content\\\/uploads\\\/2020\\\/01\\\/Multicarpet-klein.png\",\"datePublished\":\"2020-01-30T10:25:22+00:00\",\"dateModified\":\"2025-06-18T14:02:16+00:00\",\"breadcrumb\":{\"@id\":\"https:\\\/\\\/eurotrail.info\\\/de\\\/producten\\\/zeltteppich\\\/neu-multi-teppich\\\/#breadcrumb\"},\"inLanguage\":\"de\",\"potentialAction\":[{\"@type\":\"ReadAction\",\"target\":[\"https:\\\/\\\/eurotrail.info\\\/de\\\/producten\\\/zeltteppich\\\/neu-multi-teppich\\\/\"]}]},{\"@type\":\"ImageObject\",\"inLanguage\":\"de\",\"@id\":\"https:\\\/\\\/eurotrail.info\\\/de\\\/producten\\\/zeltteppich\\\/neu-multi-teppich\\\/#primaryimage\",\"url\":\"https:\\\/\\\/eurotrail.info\\\/wp\\\/wp-content\\\/uploads\\\/2020\\\/01\\\/Multicarpet-klein.png\",\"contentUrl\":\"https:\\\/\\\/eurotrail.info\\\/wp\\\/wp-content\\\/uploads\\\/2020\\\/01\\\/Multicarpet-klein.png\",\"width\":1500,\"height\":1056,\"caption\":\"Der Multi-Teppich ist geeignet f\u00fcr im Vorzelt, auch vor dem Zelt, im Garten als (Spiel-) Teppich oder auch als Schattentuch\"},{\"@type\":\"BreadcrumbList\",\"@id\":\"https:\\\/\\\/eurotrail.info\\\/de\\\/producten\\\/zeltteppich\\\/neu-multi-teppich\\\/#breadcrumb\",\"itemListElement\":[{\"@type\":\"ListItem\",\"position\":1,\"name\":\"Home\",\"item\":\"https:\\\/\\\/eurotrail.info\\\/de\\\/\"},{\"@type\":\"ListItem\",\"position\":2,\"name\":\"Produkte\",\"item\":\"https:\\\/\\\/eurotrail.info\\\/de\\\/produkte\\\/\"},{\"@type\":\"ListItem\",\"position\":3,\"name\":\"NEU! Multi Teppich\"}]},{\"@type\":\"WebSite\",\"@id\":\"https:\\\/\\\/eurotrail.info\\\/#website\",\"url\":\"https:\\\/\\\/eurotrail.info\\\/\",\"name\":\"Eurotrail\",\"description\":\"\",\"publisher\":{\"@id\":\"https:\\\/\\\/eurotrail.info\\\/#organization\"},\"potentialAction\":[{\"@type\":\"SearchAction\",\"target\":{\"@type\":\"EntryPoint\",\"urlTemplate\":\"https:\\\/\\\/eurotrail.info\\\/?s={search_term_string}\"},\"query-input\":{\"@type\":\"PropertyValueSpecification\",\"valueRequired\":true,\"valueName\":\"search_term_string\"}}],\"inLanguage\":\"de\"},{\"@type\":\"Organization\",\"@id\":\"https:\\\/\\\/eurotrail.info\\\/#organization\",\"name\":\"Eurotrail\",\"url\":\"https:\\\/\\\/eurotrail.info\\\/\",\"logo\":{\"@type\":\"ImageObject\",\"inLanguage\":\"de\",\"@id\":\"https:\\\/\\\/eurotrail.info\\\/#\\\/schema\\\/logo\\\/image\\\/\",\"url\":\"https:\\\/\\\/eurotrail.info\\\/wp\\\/wp-content\\\/uploads\\\/2023\\\/07\\\/ET-logo-quote_NL-scaled.jpg\",\"contentUrl\":\"https:\\\/\\\/eurotrail.info\\\/wp\\\/wp-content\\\/uploads\\\/2023\\\/07\\\/ET-logo-quote_NL-scaled.jpg\",\"width\":2560,\"height\":675,\"caption\":\"Eurotrail\"},\"image\":{\"@id\":\"https:\\\/\\\/eurotrail.info\\\/#\\\/schema\\\/logo\\\/image\\\/\"}}]}<\/script>\n<!-- \/ Yoast SEO plugin. -->","yoast_head_json":{"title":"NEU! Multi Teppich - Eurotrail","robots":{"index":"index","follow":"follow","max-snippet":"max-snippet:-1","max-image-preview":"max-image-preview:large","max-video-preview":"max-video-preview:-1"},"canonical":"https:\/\/eurotrail.info\/de\/producten\/zeltteppich\/neu-multi-teppich\/","og_locale":"de_DE","og_type":"article","og_title":"NEU! Multi Teppich - Eurotrail","og_description":"Der Multi-Teppich von Eurotrail kann \u00fcberall eingesetzt werden. Nicht nur in der Wohnwagenmarkise, sondern auch vor dem Zelt, im Garten als (Spiel-) Teppich oder auch&hellip;","og_url":"https:\/\/eurotrail.info\/de\/producten\/zeltteppich\/neu-multi-teppich\/","og_site_name":"Eurotrail","article_modified_time":"2025-06-18T14:02:16+00:00","og_image":[{"width":768,"height":541,"url":"https:\/\/eurotrail.info\/wp\/wp-content\/uploads\/2020\/01\/Multicarpet-klein-768x541.png","type":"image\/png"}],"twitter_card":"summary_large_image","twitter_misc":{"Gesch\u00e4tzte Lesezeit":"1\u00a0Minute"},"schema":{"@context":"https:\/\/schema.org","@graph":[{"@type":"WebPage","@id":"https:\/\/eurotrail.info\/de\/producten\/zeltteppich\/neu-multi-teppich\/","url":"https:\/\/eurotrail.info\/de\/producten\/zeltteppich\/neu-multi-teppich\/","name":"NEU! Multi Teppich - Eurotrail","isPartOf":{"@id":"https:\/\/eurotrail.info\/#website"},"primaryImageOfPage":{"@id":"https:\/\/eurotrail.info\/de\/producten\/zeltteppich\/neu-multi-teppich\/#primaryimage"},"image":{"@id":"https:\/\/eurotrail.info\/de\/producten\/zeltteppich\/neu-multi-teppich\/#primaryimage"},"thumbnailUrl":"https:\/\/eurotrail.info\/wp\/wp-content\/uploads\/2020\/01\/Multicarpet-klein.png","datePublished":"2020-01-30T10:25:22+00:00","dateModified":"2025-06-18T14:02:16+00:00","breadcrumb":{"@id":"https:\/\/eurotrail.info\/de\/producten\/zeltteppich\/neu-multi-teppich\/#breadcrumb"},"inLanguage":"de","potentialAction":[{"@type":"ReadAction","target":["https:\/\/eurotrail.info\/de\/producten\/zeltteppich\/neu-multi-teppich\/"]}]},{"@type":"ImageObject","inLanguage":"de","@id":"https:\/\/eurotrail.info\/de\/producten\/zeltteppich\/neu-multi-teppich\/#primaryimage","url":"https:\/\/eurotrail.info\/wp\/wp-content\/uploads\/2020\/01\/Multicarpet-klein.png","contentUrl":"https:\/\/eurotrail.info\/wp\/wp-content\/uploads\/2020\/01\/Multicarpet-klein.png","width":1500,"height":1056,"caption":"Der Multi-Teppich ist geeignet f\u00fcr im Vorzelt, auch vor dem Zelt, im Garten als (Spiel-) Teppich oder auch als Schattentuch"},{"@type":"BreadcrumbList","@id":"https:\/\/eurotrail.info\/de\/producten\/zeltteppich\/neu-multi-teppich\/#breadcrumb","itemListElement":[{"@type":"ListItem","position":1,"name":"Home","item":"https:\/\/eurotrail.info\/de\/"},{"@type":"ListItem","position":2,"name":"Produkte","item":"https:\/\/eurotrail.info\/de\/produkte\/"},{"@type":"ListItem","position":3,"name":"NEU! Multi Teppich"}]},{"@type":"WebSite","@id":"https:\/\/eurotrail.info\/#website","url":"https:\/\/eurotrail.info\/","name":"Eurotrail","description":"","publisher":{"@id":"https:\/\/eurotrail.info\/#organization"},"potentialAction":[{"@type":"SearchAction","target":{"@type":"EntryPoint","urlTemplate":"https:\/\/eurotrail.info\/?s={search_term_string}"},"query-input":{"@type":"PropertyValueSpecification","valueRequired":true,"valueName":"search_term_string"}}],"inLanguage":"de"},{"@type":"Organization","@id":"https:\/\/eurotrail.info\/#organization","name":"Eurotrail","url":"https:\/\/eurotrail.info\/","logo":{"@type":"ImageObject","inLanguage":"de","@id":"https:\/\/eurotrail.info\/#\/schema\/logo\/image\/","url":"https:\/\/eurotrail.info\/wp\/wp-content\/uploads\/2023\/07\/ET-logo-quote_NL-scaled.jpg","contentUrl":"https:\/\/eurotrail.info\/wp\/wp-content\/uploads\/2023\/07\/ET-logo-quote_NL-scaled.jpg","width":2560,"height":675,"caption":"Eurotrail"},"image":{"@id":"https:\/\/eurotrail.info\/#\/schema\/logo\/image\/"}}]}},"_links":{"self":[{"href":"https:\/\/eurotrail.info\/de\/wp-json\/wp\/v2\/product\/8712","targetHints":{"allow":["GET"]}}],"collection":[{"href":"https:\/\/eurotrail.info\/de\/wp-json\/wp\/v2\/product"}],"about":[{"href":"https:\/\/eurotrail.info\/de\/wp-json\/wp\/v2\/types\/product"}],"replies":[{"embeddable":true,"href":"https:\/\/eurotrail.info\/de\/wp-json\/wp\/v2\/comments?post=8712"}],"wp:featuredmedia":[{"embeddable":true,"href":"https:\/\/eurotrail.info\/de\/wp-json\/wp\/v2\/media\/8710"}],"wp:attachment":[{"href":"https:\/\/eurotrail.info\/de\/wp-json\/wp\/v2\/media?parent=8712"}],"wp:term":[{"taxonomy":"product_brand","embeddable":true,"href":"https:\/\/eurotrail.info\/de\/wp-json\/wp\/v2\/product_brand?post=8712"},{"taxonomy":"product_cat","embeddable":true,"href":"https:\/\/eurotrail.info\/de\/wp-json\/wp\/v2\/product_cat?post=8712"},{"taxonomy":"product_tag","embeddable":true,"href":"https:\/\/eurotrail.info\/de\/wp-json\/wp\/v2\/product_tag?post=8712"}],"curies":[{"name":"wp","href":"https:\/\/api.w.org\/{rel}","templated":true}]}}