{"id":8730,"date":"2020-01-30T12:20:33","date_gmt":"2020-01-30T11:20:33","guid":{"rendered":"http:\/\/eurotrail.info\/producten\/neu-georgia-btc\/"},"modified":"2022-05-02T16:18:34","modified_gmt":"2022-05-02T15:18:34","slug":"neu-georgia-btc","status":"publish","type":"product","link":"https:\/\/eurotrail.info\/de\/producten\/zelte\/atmungsaktive-baumwolle-mischgewebe\/neu-georgia-btc\/","title":{"rendered":"Georgia BTC"},"content":{"rendered":"<p>Familienzelt aus atmungsaktives Baumwoll\/Mischgewebe und geeignet f\u00fcr 4 bis 5 Personen. Gro\u00dfen Wohnbereich bietet genug Platz f\u00fcr Tische und Stuhlen, gro\u00dfen Klarsichtfenster rundum f\u00fcr einen sch\u00f6ne Panoramablick. Die Frontplatte ist eine praktische D-T\u00fcr (das Bild zeigt eine gerade T\u00fcr) und hat gro\u00dfe, durchsichtige Fenster. Die Seitent\u00fcr mit Wetterdach und hat einem Moskitonetz T\u00fcr um frische Luft hereinzulassen.<\/p>\n<p>Das Zelt hat eine tiefe feste Vordermarkise mit gro\u00dfen klaren Fenstern auf beiden Seiten und sch\u00fctzt vor schlechtem Wetter, aber bietet Ihnen auch einen perfekten Schatten Platz zum Sitzen und Entspannen. Innenzelt mit RV Trennwand, kann als ein gro\u00dfer Raum von 280&#215;220 cm eingerichtet werden oder 2 ger\u00e4umige R\u00e4ume Schlafkabine von 140x220cm. Das voll eingen\u00e4hte Bodenplane sch\u00fctz gegen Wasser und Schmutz.<\/p>\n<p>Material Aussen: atmungsaktives Baumwoll-Mischgewebe )65% Polyester 35% Baumwolle)<br \/>\nInnenzelt: atmungsaktives Baumwoll-Mischgewebe T\/C<br \/>\nBoden: PE Material<br \/>\nGest\u00e4nge: Aluminium \u00d8 12.7m<br \/>\nGewicht: 24.5 kg.<\/p>\n","protected":false},"excerpt":{"rendered":"<p>Familienzelt aus atmungsaktives Baumwoll\/Mischgewebe und geeignet f\u00fcr 4 bis 5 Personen. Gro\u00dfen Wohnbereich bietet genug Platz f\u00fcr Tische und Stuhlen, gro\u00dfen Klarsichtfenster rundum f\u00fcr einen&hellip;<\/p>\n","protected":false},"featured_media":15363,"comment_status":"open","ping_status":"closed","template":"","meta":{"_acf_changed":false},"product_brand":[],"product_cat":[219,98],"product_tag":[],"class_list":{"0":"post-8730","1":"product","2":"type-product","3":"status-publish","4":"has-post-thumbnail","6":"product_cat-atmungsaktive-baumwolle-mischgewebe","7":"product_cat-zelte","9":"first","10":"instock","11":"shipping-taxable","12":"product-type-simple"},"acf":[],"yoast_head":"<!-- This site is optimized with the Yoast SEO plugin v27.4 - https:\/\/yoast.com\/product\/yoast-seo-wordpress\/ -->\n<title>Georgia BTC - Eurotrail<\/title>\n<meta name=\"robots\" content=\"index, follow, max-snippet:-1, max-image-preview:large, max-video-preview:-1\" \/>\n<link rel=\"canonical\" href=\"https:\/\/eurotrail.info\/de\/producten\/zelte\/atmungsaktive-baumwolle-mischgewebe\/neu-georgia-btc\/\" \/>\n<meta property=\"og:locale\" content=\"de_DE\" \/>\n<meta property=\"og:type\" content=\"article\" \/>\n<meta property=\"og:title\" content=\"Georgia BTC - Eurotrail\" \/>\n<meta property=\"og:description\" content=\"Familienzelt aus atmungsaktives Baumwoll\/Mischgewebe und geeignet f\u00fcr 4 bis 5 Personen. Gro\u00dfen Wohnbereich bietet genug Platz f\u00fcr Tische und Stuhlen, gro\u00dfen Klarsichtfenster rundum f\u00fcr einen&hellip;\" \/>\n<meta property=\"og:url\" content=\"https:\/\/eurotrail.info\/de\/producten\/zelte\/atmungsaktive-baumwolle-mischgewebe\/neu-georgia-btc\/\" \/>\n<meta property=\"og:site_name\" content=\"Eurotrail\" \/>\n<meta property=\"article:modified_time\" content=\"2022-05-02T15:18:34+00:00\" \/>\n<meta property=\"og:image\" content=\"https:\/\/eurotrail.info\/wp\/wp-content\/uploads\/2020\/01\/ETTE0888_2704_1-1280x924.jpg\" \/>\n\t<meta property=\"og:image:width\" content=\"1280\" \/>\n\t<meta property=\"og:image:height\" content=\"924\" \/>\n\t<meta property=\"og:image:type\" content=\"image\/jpeg\" \/>\n<meta name=\"twitter:card\" content=\"summary_large_image\" \/>\n<meta name=\"twitter:label1\" content=\"Gesch\u00e4tzte Lesezeit\" \/>\n\t<meta name=\"twitter:data1\" content=\"1\u00a0Minute\" \/>\n<script type=\"application\/ld+json\" class=\"yoast-schema-graph\">{\"@context\":\"https:\\\/\\\/schema.org\",\"@graph\":[{\"@type\":\"WebPage\",\"@id\":\"https:\\\/\\\/eurotrail.info\\\/de\\\/producten\\\/zelte\\\/atmungsaktive-baumwolle-mischgewebe\\\/neu-georgia-btc\\\/\",\"url\":\"https:\\\/\\\/eurotrail.info\\\/de\\\/producten\\\/zelte\\\/atmungsaktive-baumwolle-mischgewebe\\\/neu-georgia-btc\\\/\",\"name\":\"Georgia BTC - Eurotrail\",\"isPartOf\":{\"@id\":\"https:\\\/\\\/eurotrail.info\\\/#website\"},\"primaryImageOfPage\":{\"@id\":\"https:\\\/\\\/eurotrail.info\\\/de\\\/producten\\\/zelte\\\/atmungsaktive-baumwolle-mischgewebe\\\/neu-georgia-btc\\\/#primaryimage\"},\"image\":{\"@id\":\"https:\\\/\\\/eurotrail.info\\\/de\\\/producten\\\/zelte\\\/atmungsaktive-baumwolle-mischgewebe\\\/neu-georgia-btc\\\/#primaryimage\"},\"thumbnailUrl\":\"https:\\\/\\\/eurotrail.info\\\/wp\\\/wp-content\\\/uploads\\\/2020\\\/01\\\/ETTE0888_2704_1.jpg\",\"datePublished\":\"2020-01-30T11:20:33+00:00\",\"dateModified\":\"2022-05-02T15:18:34+00:00\",\"breadcrumb\":{\"@id\":\"https:\\\/\\\/eurotrail.info\\\/de\\\/producten\\\/zelte\\\/atmungsaktive-baumwolle-mischgewebe\\\/neu-georgia-btc\\\/#breadcrumb\"},\"inLanguage\":\"de\",\"potentialAction\":[{\"@type\":\"ReadAction\",\"target\":[\"https:\\\/\\\/eurotrail.info\\\/de\\\/producten\\\/zelte\\\/atmungsaktive-baumwolle-mischgewebe\\\/neu-georgia-btc\\\/\"]}]},{\"@type\":\"ImageObject\",\"inLanguage\":\"de\",\"@id\":\"https:\\\/\\\/eurotrail.info\\\/de\\\/producten\\\/zelte\\\/atmungsaktive-baumwolle-mischgewebe\\\/neu-georgia-btc\\\/#primaryimage\",\"url\":\"https:\\\/\\\/eurotrail.info\\\/wp\\\/wp-content\\\/uploads\\\/2020\\\/01\\\/ETTE0888_2704_1.jpg\",\"contentUrl\":\"https:\\\/\\\/eurotrail.info\\\/wp\\\/wp-content\\\/uploads\\\/2020\\\/01\\\/ETTE0888_2704_1.jpg\",\"width\":1772,\"height\":1279,\"caption\":\"Eurotrail Georgia BTC\"},{\"@type\":\"BreadcrumbList\",\"@id\":\"https:\\\/\\\/eurotrail.info\\\/de\\\/producten\\\/zelte\\\/atmungsaktive-baumwolle-mischgewebe\\\/neu-georgia-btc\\\/#breadcrumb\",\"itemListElement\":[{\"@type\":\"ListItem\",\"position\":1,\"name\":\"Home\",\"item\":\"https:\\\/\\\/eurotrail.info\\\/de\\\/\"},{\"@type\":\"ListItem\",\"position\":2,\"name\":\"Produkte\",\"item\":\"https:\\\/\\\/eurotrail.info\\\/de\\\/produkte\\\/\"},{\"@type\":\"ListItem\",\"position\":3,\"name\":\"Georgia BTC\"}]},{\"@type\":\"WebSite\",\"@id\":\"https:\\\/\\\/eurotrail.info\\\/#website\",\"url\":\"https:\\\/\\\/eurotrail.info\\\/\",\"name\":\"Eurotrail\",\"description\":\"\",\"publisher\":{\"@id\":\"https:\\\/\\\/eurotrail.info\\\/#organization\"},\"potentialAction\":[{\"@type\":\"SearchAction\",\"target\":{\"@type\":\"EntryPoint\",\"urlTemplate\":\"https:\\\/\\\/eurotrail.info\\\/?s={search_term_string}\"},\"query-input\":{\"@type\":\"PropertyValueSpecification\",\"valueRequired\":true,\"valueName\":\"search_term_string\"}}],\"inLanguage\":\"de\"},{\"@type\":\"Organization\",\"@id\":\"https:\\\/\\\/eurotrail.info\\\/#organization\",\"name\":\"Eurotrail\",\"url\":\"https:\\\/\\\/eurotrail.info\\\/\",\"logo\":{\"@type\":\"ImageObject\",\"inLanguage\":\"de\",\"@id\":\"https:\\\/\\\/eurotrail.info\\\/#\\\/schema\\\/logo\\\/image\\\/\",\"url\":\"https:\\\/\\\/eurotrail.info\\\/wp\\\/wp-content\\\/uploads\\\/2023\\\/07\\\/ET-logo-quote_NL-scaled.jpg\",\"contentUrl\":\"https:\\\/\\\/eurotrail.info\\\/wp\\\/wp-content\\\/uploads\\\/2023\\\/07\\\/ET-logo-quote_NL-scaled.jpg\",\"width\":2560,\"height\":675,\"caption\":\"Eurotrail\"},\"image\":{\"@id\":\"https:\\\/\\\/eurotrail.info\\\/#\\\/schema\\\/logo\\\/image\\\/\"}}]}<\/script>\n<!-- \/ Yoast SEO plugin. -->","yoast_head_json":{"title":"Georgia BTC - Eurotrail","robots":{"index":"index","follow":"follow","max-snippet":"max-snippet:-1","max-image-preview":"max-image-preview:large","max-video-preview":"max-video-preview:-1"},"canonical":"https:\/\/eurotrail.info\/de\/producten\/zelte\/atmungsaktive-baumwolle-mischgewebe\/neu-georgia-btc\/","og_locale":"de_DE","og_type":"article","og_title":"Georgia BTC - Eurotrail","og_description":"Familienzelt aus atmungsaktives Baumwoll\/Mischgewebe und geeignet f\u00fcr 4 bis 5 Personen. Gro\u00dfen Wohnbereich bietet genug Platz f\u00fcr Tische und Stuhlen, gro\u00dfen Klarsichtfenster rundum f\u00fcr einen&hellip;","og_url":"https:\/\/eurotrail.info\/de\/producten\/zelte\/atmungsaktive-baumwolle-mischgewebe\/neu-georgia-btc\/","og_site_name":"Eurotrail","article_modified_time":"2022-05-02T15:18:34+00:00","og_image":[{"width":1280,"height":924,"url":"https:\/\/eurotrail.info\/wp\/wp-content\/uploads\/2020\/01\/ETTE0888_2704_1-1280x924.jpg","type":"image\/jpeg"}],"twitter_card":"summary_large_image","twitter_misc":{"Gesch\u00e4tzte Lesezeit":"1\u00a0Minute"},"schema":{"@context":"https:\/\/schema.org","@graph":[{"@type":"WebPage","@id":"https:\/\/eurotrail.info\/de\/producten\/zelte\/atmungsaktive-baumwolle-mischgewebe\/neu-georgia-btc\/","url":"https:\/\/eurotrail.info\/de\/producten\/zelte\/atmungsaktive-baumwolle-mischgewebe\/neu-georgia-btc\/","name":"Georgia BTC - Eurotrail","isPartOf":{"@id":"https:\/\/eurotrail.info\/#website"},"primaryImageOfPage":{"@id":"https:\/\/eurotrail.info\/de\/producten\/zelte\/atmungsaktive-baumwolle-mischgewebe\/neu-georgia-btc\/#primaryimage"},"image":{"@id":"https:\/\/eurotrail.info\/de\/producten\/zelte\/atmungsaktive-baumwolle-mischgewebe\/neu-georgia-btc\/#primaryimage"},"thumbnailUrl":"https:\/\/eurotrail.info\/wp\/wp-content\/uploads\/2020\/01\/ETTE0888_2704_1.jpg","datePublished":"2020-01-30T11:20:33+00:00","dateModified":"2022-05-02T15:18:34+00:00","breadcrumb":{"@id":"https:\/\/eurotrail.info\/de\/producten\/zelte\/atmungsaktive-baumwolle-mischgewebe\/neu-georgia-btc\/#breadcrumb"},"inLanguage":"de","potentialAction":[{"@type":"ReadAction","target":["https:\/\/eurotrail.info\/de\/producten\/zelte\/atmungsaktive-baumwolle-mischgewebe\/neu-georgia-btc\/"]}]},{"@type":"ImageObject","inLanguage":"de","@id":"https:\/\/eurotrail.info\/de\/producten\/zelte\/atmungsaktive-baumwolle-mischgewebe\/neu-georgia-btc\/#primaryimage","url":"https:\/\/eurotrail.info\/wp\/wp-content\/uploads\/2020\/01\/ETTE0888_2704_1.jpg","contentUrl":"https:\/\/eurotrail.info\/wp\/wp-content\/uploads\/2020\/01\/ETTE0888_2704_1.jpg","width":1772,"height":1279,"caption":"Eurotrail Georgia BTC"},{"@type":"BreadcrumbList","@id":"https:\/\/eurotrail.info\/de\/producten\/zelte\/atmungsaktive-baumwolle-mischgewebe\/neu-georgia-btc\/#breadcrumb","itemListElement":[{"@type":"ListItem","position":1,"name":"Home","item":"https:\/\/eurotrail.info\/de\/"},{"@type":"ListItem","position":2,"name":"Produkte","item":"https:\/\/eurotrail.info\/de\/produkte\/"},{"@type":"ListItem","position":3,"name":"Georgia BTC"}]},{"@type":"WebSite","@id":"https:\/\/eurotrail.info\/#website","url":"https:\/\/eurotrail.info\/","name":"Eurotrail","description":"","publisher":{"@id":"https:\/\/eurotrail.info\/#organization"},"potentialAction":[{"@type":"SearchAction","target":{"@type":"EntryPoint","urlTemplate":"https:\/\/eurotrail.info\/?s={search_term_string}"},"query-input":{"@type":"PropertyValueSpecification","valueRequired":true,"valueName":"search_term_string"}}],"inLanguage":"de"},{"@type":"Organization","@id":"https:\/\/eurotrail.info\/#organization","name":"Eurotrail","url":"https:\/\/eurotrail.info\/","logo":{"@type":"ImageObject","inLanguage":"de","@id":"https:\/\/eurotrail.info\/#\/schema\/logo\/image\/","url":"https:\/\/eurotrail.info\/wp\/wp-content\/uploads\/2023\/07\/ET-logo-quote_NL-scaled.jpg","contentUrl":"https:\/\/eurotrail.info\/wp\/wp-content\/uploads\/2023\/07\/ET-logo-quote_NL-scaled.jpg","width":2560,"height":675,"caption":"Eurotrail"},"image":{"@id":"https:\/\/eurotrail.info\/#\/schema\/logo\/image\/"}}]}},"_links":{"self":[{"href":"https:\/\/eurotrail.info\/de\/wp-json\/wp\/v2\/product\/8730","targetHints":{"allow":["GET"]}}],"collection":[{"href":"https:\/\/eurotrail.info\/de\/wp-json\/wp\/v2\/product"}],"about":[{"href":"https:\/\/eurotrail.info\/de\/wp-json\/wp\/v2\/types\/product"}],"replies":[{"embeddable":true,"href":"https:\/\/eurotrail.info\/de\/wp-json\/wp\/v2\/comments?post=8730"}],"wp:featuredmedia":[{"embeddable":true,"href":"https:\/\/eurotrail.info\/de\/wp-json\/wp\/v2\/media\/15363"}],"wp:attachment":[{"href":"https:\/\/eurotrail.info\/de\/wp-json\/wp\/v2\/media?parent=8730"}],"wp:term":[{"taxonomy":"product_brand","embeddable":true,"href":"https:\/\/eurotrail.info\/de\/wp-json\/wp\/v2\/product_brand?post=8730"},{"taxonomy":"product_cat","embeddable":true,"href":"https:\/\/eurotrail.info\/de\/wp-json\/wp\/v2\/product_cat?post=8730"},{"taxonomy":"product_tag","embeddable":true,"href":"https:\/\/eurotrail.info\/de\/wp-json\/wp\/v2\/product_tag?post=8730"}],"curies":[{"name":"wp","href":"https:\/\/api.w.org\/{rel}","templated":true}]}}