{"id":8970,"date":"2020-02-04T08:24:04","date_gmt":"2020-02-04T07:24:04","guid":{"rendered":"http:\/\/eurotrail.info\/producten\/relax-si-schlafmatratze-15cm\/"},"modified":"2025-08-12T16:17:38","modified_gmt":"2025-08-12T15:17:38","slug":"relax-si-schlafmatratze-15cm","status":"publish","type":"product","link":"https:\/\/eurotrail.info\/de\/producten\/schlafmatten\/thermomatten-de\/relax-si-schlafmatratze-15cm\/","title":{"rendered":"Relax SI Schlafmatratze 15cm"},"content":{"rendered":"<p>Super dicke und bequeme Schlafmatte von 15 cm Dicke! Die Matratze ist mit dehnbarem 30D Gewebe an der Oberseite und ein strapazierf\u00e4higes Nylon am Unterseite..<\/p>\n<p>Das Stretch Material ist sehr angenehm f\u00fcr die Haut und f\u00fchlt weich an. Die Matte ist selbstaufblasend und das spezielle Ventil sorgt daf\u00fcr das die Matratze in nur wenigen Sekunden fertig ist. Die Matte ist 15 cm dick und bietet eine perfekte Unterst\u00fctzung und zus\u00e4tzlichen Komfort, genau wie zu Hause!<\/p>\n<p>Material: 100 % 30D-Polyester \/ 150D-Polyoxford<br \/>\nGr\u00f6\u00dfe: 200 x 77 x 15 cm<br \/>\nPackma\u00df: 77x\u00d840cm<br \/>\nGewicht: 4,2 kg.<br \/>\nIsolierung (R-Wert): 10,7<\/p>\n","protected":false},"excerpt":{"rendered":"<p>Super dicke und bequeme Schlafmatte von 15 cm Dicke! Die Matratze ist mit dehnbarem 30D Gewebe an der Oberseite und ein strapazierf\u00e4higes Nylon am Unterseite..&hellip;<\/p>\n","protected":false},"featured_media":23133,"comment_status":"open","ping_status":"closed","template":"","meta":{"_acf_changed":false},"product_brand":[],"product_cat":[111,95],"product_tag":[],"class_list":{"0":"post-8970","1":"product","2":"type-product","3":"status-publish","4":"has-post-thumbnail","6":"product_cat-schlafmatten","7":"product_cat-thermomatten-de","9":"first","10":"instock","11":"shipping-taxable","12":"product-type-simple"},"acf":[],"yoast_head":"<!-- This site is optimized with the Yoast SEO plugin v27.4 - https:\/\/yoast.com\/product\/yoast-seo-wordpress\/ -->\n<title>Relax SI Schlafmatratze 15cm - Eurotrail<\/title>\n<meta name=\"robots\" content=\"index, follow, max-snippet:-1, max-image-preview:large, max-video-preview:-1\" \/>\n<link rel=\"canonical\" href=\"https:\/\/eurotrail.info\/de\/producten\/schlafmatten\/thermomatten-de\/relax-si-schlafmatratze-15cm\/\" \/>\n<meta property=\"og:locale\" content=\"de_DE\" \/>\n<meta property=\"og:type\" content=\"article\" \/>\n<meta property=\"og:title\" content=\"Relax SI Schlafmatratze 15cm - Eurotrail\" \/>\n<meta property=\"og:description\" content=\"Super dicke und bequeme Schlafmatte von 15 cm Dicke! Die Matratze ist mit dehnbarem 30D Gewebe an der Oberseite und ein strapazierf\u00e4higes Nylon am Unterseite..&hellip;\" \/>\n<meta property=\"og:url\" content=\"https:\/\/eurotrail.info\/de\/producten\/schlafmatten\/thermomatten-de\/relax-si-schlafmatratze-15cm\/\" \/>\n<meta property=\"og:site_name\" content=\"Eurotrail\" \/>\n<meta property=\"article:modified_time\" content=\"2025-08-12T15:17:38+00:00\" \/>\n<meta property=\"og:image\" content=\"https:\/\/eurotrail.info\/wp\/wp-content\/uploads\/2020\/02\/ETIC0200-ETIC0201.jpg\" \/>\n\t<meta property=\"og:image:width\" content=\"997\" \/>\n\t<meta property=\"og:image:height\" content=\"719\" \/>\n\t<meta property=\"og:image:type\" content=\"image\/jpeg\" \/>\n<meta name=\"twitter:card\" content=\"summary_large_image\" \/>\n<meta name=\"twitter:label1\" content=\"Gesch\u00e4tzte Lesezeit\" \/>\n\t<meta name=\"twitter:data1\" content=\"1\u00a0Minute\" \/>\n<script type=\"application\/ld+json\" class=\"yoast-schema-graph\">{\"@context\":\"https:\\\/\\\/schema.org\",\"@graph\":[{\"@type\":\"WebPage\",\"@id\":\"https:\\\/\\\/eurotrail.info\\\/de\\\/producten\\\/schlafmatten\\\/thermomatten-de\\\/relax-si-schlafmatratze-15cm\\\/\",\"url\":\"https:\\\/\\\/eurotrail.info\\\/de\\\/producten\\\/schlafmatten\\\/thermomatten-de\\\/relax-si-schlafmatratze-15cm\\\/\",\"name\":\"Relax SI Schlafmatratze 15cm - Eurotrail\",\"isPartOf\":{\"@id\":\"https:\\\/\\\/eurotrail.info\\\/#website\"},\"primaryImageOfPage\":{\"@id\":\"https:\\\/\\\/eurotrail.info\\\/de\\\/producten\\\/schlafmatten\\\/thermomatten-de\\\/relax-si-schlafmatratze-15cm\\\/#primaryimage\"},\"image\":{\"@id\":\"https:\\\/\\\/eurotrail.info\\\/de\\\/producten\\\/schlafmatten\\\/thermomatten-de\\\/relax-si-schlafmatratze-15cm\\\/#primaryimage\"},\"thumbnailUrl\":\"https:\\\/\\\/eurotrail.info\\\/wp\\\/wp-content\\\/uploads\\\/2020\\\/02\\\/ETIC0200-ETIC0201.jpg\",\"datePublished\":\"2020-02-04T07:24:04+00:00\",\"dateModified\":\"2025-08-12T15:17:38+00:00\",\"breadcrumb\":{\"@id\":\"https:\\\/\\\/eurotrail.info\\\/de\\\/producten\\\/schlafmatten\\\/thermomatten-de\\\/relax-si-schlafmatratze-15cm\\\/#breadcrumb\"},\"inLanguage\":\"de\",\"potentialAction\":[{\"@type\":\"ReadAction\",\"target\":[\"https:\\\/\\\/eurotrail.info\\\/de\\\/producten\\\/schlafmatten\\\/thermomatten-de\\\/relax-si-schlafmatratze-15cm\\\/\"]}]},{\"@type\":\"ImageObject\",\"inLanguage\":\"de\",\"@id\":\"https:\\\/\\\/eurotrail.info\\\/de\\\/producten\\\/schlafmatten\\\/thermomatten-de\\\/relax-si-schlafmatratze-15cm\\\/#primaryimage\",\"url\":\"https:\\\/\\\/eurotrail.info\\\/wp\\\/wp-content\\\/uploads\\\/2020\\\/02\\\/ETIC0200-ETIC0201.jpg\",\"contentUrl\":\"https:\\\/\\\/eurotrail.info\\\/wp\\\/wp-content\\\/uploads\\\/2020\\\/02\\\/ETIC0200-ETIC0201.jpg\",\"width\":997,\"height\":719,\"caption\":\"Eurotrail Relax SI slaapmat 15cm\"},{\"@type\":\"BreadcrumbList\",\"@id\":\"https:\\\/\\\/eurotrail.info\\\/de\\\/producten\\\/schlafmatten\\\/thermomatten-de\\\/relax-si-schlafmatratze-15cm\\\/#breadcrumb\",\"itemListElement\":[{\"@type\":\"ListItem\",\"position\":1,\"name\":\"Home\",\"item\":\"https:\\\/\\\/eurotrail.info\\\/de\\\/\"},{\"@type\":\"ListItem\",\"position\":2,\"name\":\"Produkte\",\"item\":\"https:\\\/\\\/eurotrail.info\\\/de\\\/produkte\\\/\"},{\"@type\":\"ListItem\",\"position\":3,\"name\":\"Relax SI Schlafmatratze 15cm\"}]},{\"@type\":\"WebSite\",\"@id\":\"https:\\\/\\\/eurotrail.info\\\/#website\",\"url\":\"https:\\\/\\\/eurotrail.info\\\/\",\"name\":\"Eurotrail\",\"description\":\"\",\"publisher\":{\"@id\":\"https:\\\/\\\/eurotrail.info\\\/#organization\"},\"potentialAction\":[{\"@type\":\"SearchAction\",\"target\":{\"@type\":\"EntryPoint\",\"urlTemplate\":\"https:\\\/\\\/eurotrail.info\\\/?s={search_term_string}\"},\"query-input\":{\"@type\":\"PropertyValueSpecification\",\"valueRequired\":true,\"valueName\":\"search_term_string\"}}],\"inLanguage\":\"de\"},{\"@type\":\"Organization\",\"@id\":\"https:\\\/\\\/eurotrail.info\\\/#organization\",\"name\":\"Eurotrail\",\"url\":\"https:\\\/\\\/eurotrail.info\\\/\",\"logo\":{\"@type\":\"ImageObject\",\"inLanguage\":\"de\",\"@id\":\"https:\\\/\\\/eurotrail.info\\\/#\\\/schema\\\/logo\\\/image\\\/\",\"url\":\"https:\\\/\\\/eurotrail.info\\\/wp\\\/wp-content\\\/uploads\\\/2023\\\/07\\\/ET-logo-quote_NL-scaled.jpg\",\"contentUrl\":\"https:\\\/\\\/eurotrail.info\\\/wp\\\/wp-content\\\/uploads\\\/2023\\\/07\\\/ET-logo-quote_NL-scaled.jpg\",\"width\":2560,\"height\":675,\"caption\":\"Eurotrail\"},\"image\":{\"@id\":\"https:\\\/\\\/eurotrail.info\\\/#\\\/schema\\\/logo\\\/image\\\/\"}}]}<\/script>\n<!-- \/ Yoast SEO plugin. -->","yoast_head_json":{"title":"Relax SI Schlafmatratze 15cm - Eurotrail","robots":{"index":"index","follow":"follow","max-snippet":"max-snippet:-1","max-image-preview":"max-image-preview:large","max-video-preview":"max-video-preview:-1"},"canonical":"https:\/\/eurotrail.info\/de\/producten\/schlafmatten\/thermomatten-de\/relax-si-schlafmatratze-15cm\/","og_locale":"de_DE","og_type":"article","og_title":"Relax SI Schlafmatratze 15cm - Eurotrail","og_description":"Super dicke und bequeme Schlafmatte von 15 cm Dicke! Die Matratze ist mit dehnbarem 30D Gewebe an der Oberseite und ein strapazierf\u00e4higes Nylon am Unterseite..&hellip;","og_url":"https:\/\/eurotrail.info\/de\/producten\/schlafmatten\/thermomatten-de\/relax-si-schlafmatratze-15cm\/","og_site_name":"Eurotrail","article_modified_time":"2025-08-12T15:17:38+00:00","og_image":[{"width":997,"height":719,"url":"https:\/\/eurotrail.info\/wp\/wp-content\/uploads\/2020\/02\/ETIC0200-ETIC0201.jpg","type":"image\/jpeg"}],"twitter_card":"summary_large_image","twitter_misc":{"Gesch\u00e4tzte Lesezeit":"1\u00a0Minute"},"schema":{"@context":"https:\/\/schema.org","@graph":[{"@type":"WebPage","@id":"https:\/\/eurotrail.info\/de\/producten\/schlafmatten\/thermomatten-de\/relax-si-schlafmatratze-15cm\/","url":"https:\/\/eurotrail.info\/de\/producten\/schlafmatten\/thermomatten-de\/relax-si-schlafmatratze-15cm\/","name":"Relax SI Schlafmatratze 15cm - Eurotrail","isPartOf":{"@id":"https:\/\/eurotrail.info\/#website"},"primaryImageOfPage":{"@id":"https:\/\/eurotrail.info\/de\/producten\/schlafmatten\/thermomatten-de\/relax-si-schlafmatratze-15cm\/#primaryimage"},"image":{"@id":"https:\/\/eurotrail.info\/de\/producten\/schlafmatten\/thermomatten-de\/relax-si-schlafmatratze-15cm\/#primaryimage"},"thumbnailUrl":"https:\/\/eurotrail.info\/wp\/wp-content\/uploads\/2020\/02\/ETIC0200-ETIC0201.jpg","datePublished":"2020-02-04T07:24:04+00:00","dateModified":"2025-08-12T15:17:38+00:00","breadcrumb":{"@id":"https:\/\/eurotrail.info\/de\/producten\/schlafmatten\/thermomatten-de\/relax-si-schlafmatratze-15cm\/#breadcrumb"},"inLanguage":"de","potentialAction":[{"@type":"ReadAction","target":["https:\/\/eurotrail.info\/de\/producten\/schlafmatten\/thermomatten-de\/relax-si-schlafmatratze-15cm\/"]}]},{"@type":"ImageObject","inLanguage":"de","@id":"https:\/\/eurotrail.info\/de\/producten\/schlafmatten\/thermomatten-de\/relax-si-schlafmatratze-15cm\/#primaryimage","url":"https:\/\/eurotrail.info\/wp\/wp-content\/uploads\/2020\/02\/ETIC0200-ETIC0201.jpg","contentUrl":"https:\/\/eurotrail.info\/wp\/wp-content\/uploads\/2020\/02\/ETIC0200-ETIC0201.jpg","width":997,"height":719,"caption":"Eurotrail Relax SI slaapmat 15cm"},{"@type":"BreadcrumbList","@id":"https:\/\/eurotrail.info\/de\/producten\/schlafmatten\/thermomatten-de\/relax-si-schlafmatratze-15cm\/#breadcrumb","itemListElement":[{"@type":"ListItem","position":1,"name":"Home","item":"https:\/\/eurotrail.info\/de\/"},{"@type":"ListItem","position":2,"name":"Produkte","item":"https:\/\/eurotrail.info\/de\/produkte\/"},{"@type":"ListItem","position":3,"name":"Relax SI Schlafmatratze 15cm"}]},{"@type":"WebSite","@id":"https:\/\/eurotrail.info\/#website","url":"https:\/\/eurotrail.info\/","name":"Eurotrail","description":"","publisher":{"@id":"https:\/\/eurotrail.info\/#organization"},"potentialAction":[{"@type":"SearchAction","target":{"@type":"EntryPoint","urlTemplate":"https:\/\/eurotrail.info\/?s={search_term_string}"},"query-input":{"@type":"PropertyValueSpecification","valueRequired":true,"valueName":"search_term_string"}}],"inLanguage":"de"},{"@type":"Organization","@id":"https:\/\/eurotrail.info\/#organization","name":"Eurotrail","url":"https:\/\/eurotrail.info\/","logo":{"@type":"ImageObject","inLanguage":"de","@id":"https:\/\/eurotrail.info\/#\/schema\/logo\/image\/","url":"https:\/\/eurotrail.info\/wp\/wp-content\/uploads\/2023\/07\/ET-logo-quote_NL-scaled.jpg","contentUrl":"https:\/\/eurotrail.info\/wp\/wp-content\/uploads\/2023\/07\/ET-logo-quote_NL-scaled.jpg","width":2560,"height":675,"caption":"Eurotrail"},"image":{"@id":"https:\/\/eurotrail.info\/#\/schema\/logo\/image\/"}}]}},"_links":{"self":[{"href":"https:\/\/eurotrail.info\/de\/wp-json\/wp\/v2\/product\/8970","targetHints":{"allow":["GET"]}}],"collection":[{"href":"https:\/\/eurotrail.info\/de\/wp-json\/wp\/v2\/product"}],"about":[{"href":"https:\/\/eurotrail.info\/de\/wp-json\/wp\/v2\/types\/product"}],"replies":[{"embeddable":true,"href":"https:\/\/eurotrail.info\/de\/wp-json\/wp\/v2\/comments?post=8970"}],"wp:featuredmedia":[{"embeddable":true,"href":"https:\/\/eurotrail.info\/de\/wp-json\/wp\/v2\/media\/23133"}],"wp:attachment":[{"href":"https:\/\/eurotrail.info\/de\/wp-json\/wp\/v2\/media?parent=8970"}],"wp:term":[{"taxonomy":"product_brand","embeddable":true,"href":"https:\/\/eurotrail.info\/de\/wp-json\/wp\/v2\/product_brand?post=8970"},{"taxonomy":"product_cat","embeddable":true,"href":"https:\/\/eurotrail.info\/de\/wp-json\/wp\/v2\/product_cat?post=8970"},{"taxonomy":"product_tag","embeddable":true,"href":"https:\/\/eurotrail.info\/de\/wp-json\/wp\/v2\/product_tag?post=8970"}],"curies":[{"name":"wp","href":"https:\/\/api.w.org\/{rel}","templated":true}]}}