{"id":9018,"date":"2020-02-20T14:20:00","date_gmt":"2020-02-20T13:20:00","guid":{"rendered":"http:\/\/eurotrail.info\/producten\/neu-ancona-air-buszelt\/"},"modified":"2026-02-10T11:15:05","modified_gmt":"2026-02-10T10:15:05","slug":"neu-ancona-air-buszelt","status":"publish","type":"product","link":"https:\/\/eurotrail.info\/de\/producten\/wohnwagenwohnmobilebus\/busvorzelt-air\/neu-ancona-air-buszelt\/","title":{"rendered":"Ancona Air Buszelt VW (Angebot!)"},"content":{"rendered":"<p>Das Ancona Air ist ein freistehendes Zelt mit dem AirTube Luftkan\u00e4len System f\u00fcr schnelle und einfache Aufbau. Das Zelt wird mit 3 zus\u00e4tzlichen Stabilisierungs- oder Sturm Luftkan\u00e4len geliefert, die zwischen den Basis-Luftschl\u00e4uchen platziert werden und zus\u00e4tzliche Stabilit\u00e4t bieten. Die Ancona Air kann leicht vom Bus getrennt werden, ohne das Zelt abzubauen. So k\u00f6nnen Sie losfahren und alles im Zelt hinterlassen. Eine Seite des Wohnraums hat ein gro\u00dfes Sichtfenster mit Moskitonetzes. Die andere Seite kann komplett aufgerollt werden, um eine kleine Markise und zus\u00e4tzlichen Platz zum Entspannen zu schaffen. Die Vorderwand mit Eingangst\u00fcr hat ein gro\u00dfes Fenster mit Abdeckung und ist vollst\u00e4ndig abnehmbar. Die feste Markise sch\u00fctzt Sie vor Regen beim Betreten des Zeltes und bietet zus\u00e4tzlich Schatten. Die R\u00fcckwand ist abnehmbar. Der fest eingen\u00e4htem Boden sorgt daf\u00fcr, dass Wasser und Ungeziefer keine Chance haben.<\/p>\n<p>Befestigung. Das Zelt hat eine abnehmbaren doppelte Keder von 7,5 mm und 6 mm. Eine wird f\u00fcr die Multi-rail verwendet und die 6 mm Keder ist f\u00fcr in die Kassettenmarkise. Das Zelt kann auch mit einer Dachstange\/Klammern (im Lieferumfang enthalten) und Saugn\u00e4pfen (nicht im Lieferumfang enthalten) auf dem Dach oder nur mit einem Dachstange und Klettverschluss an der Dach Reling des Autos befestigt werden. Das Ancona Air ist das ideale Zelt f\u00fcr Wochenenden oder Kurzurlaube. Inkl. AirTube Pumpe, Heringe, Abspannseile, Dachstang, Klammern und eine Tragetasche. Kederl\u00e4nge 230 cm, Anschlu\u00dfh\u00f6he bis 180 &#8211; 210 cm.<\/p>\n<p><a href=\"https:\/\/www.youtube.com\/watch?v=Q1y9gpYVM_I\">Aufbauanleitung Ancona Air Buszelt<\/a><\/p>\n<p><strong><span style=\"color: #ff0000;\">Dieses Zelt ist im Angebot, fragen Sie \u00fcber das Kontaktformular nach unseren g\u00fcnstigen Preisen!<\/span><\/strong><\/p>\n<p>Material Dach 210D, Wassers\u00e4ule 5000mm.<br \/>\nMaterial W\u00e4nde:\u00a0185T Polyester, Wassers\u00e4ule 3000mm<br \/>\nBoden: PE Material<br \/>\nGr\u00f6sse: 250x200x200cm,<br \/>\nPackmass:\u00a0 75x40x30cm.<br \/>\nGewicht: 21.5 kg<\/p>\n","protected":false},"excerpt":{"rendered":"<p>Das Ancona Air ist ein freistehendes Zelt mit dem AirTube Luftkan\u00e4len System f\u00fcr schnelle und einfache Aufbau. Das Zelt wird mit 3 zus\u00e4tzlichen Stabilisierungs- oder&hellip;<\/p>\n","protected":false},"featured_media":8992,"comment_status":"open","ping_status":"closed","template":"","meta":{"_acf_changed":false},"product_brand":[],"product_cat":[74,71],"product_tag":[],"class_list":{"0":"post-9018","1":"product","2":"type-product","3":"status-publish","4":"has-post-thumbnail","6":"product_cat-busvorzelt-air","7":"product_cat-wohnwagenwohnmobilebus","9":"first","10":"instock","11":"shipping-taxable","12":"product-type-simple"},"acf":[],"yoast_head":"<!-- This site is optimized with the Yoast SEO plugin v27.4 - https:\/\/yoast.com\/product\/yoast-seo-wordpress\/ -->\n<title>Ancona Air Buszelt VW (Angebot!) - Eurotrail<\/title>\n<meta name=\"description\" content=\"Freistehendes Buszelt ausgestattet mit dem AirTube-System f\u00fcr einen schnellen Aufbau. inkl. 3 extra Stabilisierungs- oder Sturmrohre.\" \/>\n<meta name=\"robots\" content=\"index, follow, max-snippet:-1, max-image-preview:large, max-video-preview:-1\" \/>\n<link rel=\"canonical\" href=\"https:\/\/eurotrail.info\/de\/producten\/wohnwagenwohnmobilebus\/busvorzelt-air\/neu-ancona-air-buszelt\/\" \/>\n<meta property=\"og:locale\" content=\"de_DE\" \/>\n<meta property=\"og:type\" content=\"article\" \/>\n<meta property=\"og:title\" content=\"Ancona Air Buszelt VW (Angebot!) - Eurotrail\" \/>\n<meta property=\"og:description\" content=\"Freistehendes Buszelt ausgestattet mit dem AirTube-System f\u00fcr einen schnellen Aufbau. inkl. 3 extra Stabilisierungs- oder Sturmrohre.\" \/>\n<meta property=\"og:url\" content=\"https:\/\/eurotrail.info\/de\/producten\/wohnwagenwohnmobilebus\/busvorzelt-air\/neu-ancona-air-buszelt\/\" \/>\n<meta property=\"og:site_name\" content=\"Eurotrail\" \/>\n<meta property=\"article:modified_time\" content=\"2026-02-10T10:15:05+00:00\" \/>\n<meta property=\"og:image\" content=\"https:\/\/eurotrail.info\/wp\/wp-content\/uploads\/2020\/02\/ETCT0170-Ancona-19.jpg\" \/>\n\t<meta property=\"og:image:width\" content=\"1772\" \/>\n\t<meta property=\"og:image:height\" content=\"1182\" \/>\n\t<meta property=\"og:image:type\" content=\"image\/jpeg\" \/>\n<meta name=\"twitter:card\" content=\"summary_large_image\" \/>\n<meta name=\"twitter:label1\" content=\"Gesch\u00e4tzte Lesezeit\" \/>\n\t<meta name=\"twitter:data1\" content=\"2\u00a0Minuten\" \/>\n<script type=\"application\/ld+json\" class=\"yoast-schema-graph\">{\"@context\":\"https:\\\/\\\/schema.org\",\"@graph\":[{\"@type\":\"WebPage\",\"@id\":\"https:\\\/\\\/eurotrail.info\\\/de\\\/producten\\\/wohnwagenwohnmobilebus\\\/busvorzelt-air\\\/neu-ancona-air-buszelt\\\/\",\"url\":\"https:\\\/\\\/eurotrail.info\\\/de\\\/producten\\\/wohnwagenwohnmobilebus\\\/busvorzelt-air\\\/neu-ancona-air-buszelt\\\/\",\"name\":\"Ancona Air Buszelt VW (Angebot!) - Eurotrail\",\"isPartOf\":{\"@id\":\"https:\\\/\\\/eurotrail.info\\\/#website\"},\"primaryImageOfPage\":{\"@id\":\"https:\\\/\\\/eurotrail.info\\\/de\\\/producten\\\/wohnwagenwohnmobilebus\\\/busvorzelt-air\\\/neu-ancona-air-buszelt\\\/#primaryimage\"},\"image\":{\"@id\":\"https:\\\/\\\/eurotrail.info\\\/de\\\/producten\\\/wohnwagenwohnmobilebus\\\/busvorzelt-air\\\/neu-ancona-air-buszelt\\\/#primaryimage\"},\"thumbnailUrl\":\"https:\\\/\\\/eurotrail.info\\\/wp\\\/wp-content\\\/uploads\\\/2020\\\/02\\\/ETCT0170-Ancona-19.jpg\",\"datePublished\":\"2020-02-20T13:20:00+00:00\",\"dateModified\":\"2026-02-10T10:15:05+00:00\",\"description\":\"Freistehendes Buszelt ausgestattet mit dem AirTube-System f\u00fcr einen schnellen Aufbau. inkl. 3 extra Stabilisierungs- oder Sturmrohre.\",\"breadcrumb\":{\"@id\":\"https:\\\/\\\/eurotrail.info\\\/de\\\/producten\\\/wohnwagenwohnmobilebus\\\/busvorzelt-air\\\/neu-ancona-air-buszelt\\\/#breadcrumb\"},\"inLanguage\":\"de\",\"potentialAction\":[{\"@type\":\"ReadAction\",\"target\":[\"https:\\\/\\\/eurotrail.info\\\/de\\\/producten\\\/wohnwagenwohnmobilebus\\\/busvorzelt-air\\\/neu-ancona-air-buszelt\\\/\"]}]},{\"@type\":\"ImageObject\",\"inLanguage\":\"de\",\"@id\":\"https:\\\/\\\/eurotrail.info\\\/de\\\/producten\\\/wohnwagenwohnmobilebus\\\/busvorzelt-air\\\/neu-ancona-air-buszelt\\\/#primaryimage\",\"url\":\"https:\\\/\\\/eurotrail.info\\\/wp\\\/wp-content\\\/uploads\\\/2020\\\/02\\\/ETCT0170-Ancona-19.jpg\",\"contentUrl\":\"https:\\\/\\\/eurotrail.info\\\/wp\\\/wp-content\\\/uploads\\\/2020\\\/02\\\/ETCT0170-Ancona-19.jpg\",\"width\":1772,\"height\":1182,\"caption\":\"freistehendes Zelt mit dem AirTube Luftkan\u00e4len System f\u00fcr schnelle und einfache Aufbau.\"},{\"@type\":\"BreadcrumbList\",\"@id\":\"https:\\\/\\\/eurotrail.info\\\/de\\\/producten\\\/wohnwagenwohnmobilebus\\\/busvorzelt-air\\\/neu-ancona-air-buszelt\\\/#breadcrumb\",\"itemListElement\":[{\"@type\":\"ListItem\",\"position\":1,\"name\":\"Home\",\"item\":\"https:\\\/\\\/eurotrail.info\\\/de\\\/\"},{\"@type\":\"ListItem\",\"position\":2,\"name\":\"Produkte\",\"item\":\"https:\\\/\\\/eurotrail.info\\\/de\\\/produkte\\\/\"},{\"@type\":\"ListItem\",\"position\":3,\"name\":\"Ancona Air Buszelt VW (Angebot!)\"}]},{\"@type\":\"WebSite\",\"@id\":\"https:\\\/\\\/eurotrail.info\\\/#website\",\"url\":\"https:\\\/\\\/eurotrail.info\\\/\",\"name\":\"Eurotrail\",\"description\":\"\",\"publisher\":{\"@id\":\"https:\\\/\\\/eurotrail.info\\\/#organization\"},\"potentialAction\":[{\"@type\":\"SearchAction\",\"target\":{\"@type\":\"EntryPoint\",\"urlTemplate\":\"https:\\\/\\\/eurotrail.info\\\/?s={search_term_string}\"},\"query-input\":{\"@type\":\"PropertyValueSpecification\",\"valueRequired\":true,\"valueName\":\"search_term_string\"}}],\"inLanguage\":\"de\"},{\"@type\":\"Organization\",\"@id\":\"https:\\\/\\\/eurotrail.info\\\/#organization\",\"name\":\"Eurotrail\",\"url\":\"https:\\\/\\\/eurotrail.info\\\/\",\"logo\":{\"@type\":\"ImageObject\",\"inLanguage\":\"de\",\"@id\":\"https:\\\/\\\/eurotrail.info\\\/#\\\/schema\\\/logo\\\/image\\\/\",\"url\":\"https:\\\/\\\/eurotrail.info\\\/wp\\\/wp-content\\\/uploads\\\/2023\\\/07\\\/ET-logo-quote_NL-scaled.jpg\",\"contentUrl\":\"https:\\\/\\\/eurotrail.info\\\/wp\\\/wp-content\\\/uploads\\\/2023\\\/07\\\/ET-logo-quote_NL-scaled.jpg\",\"width\":2560,\"height\":675,\"caption\":\"Eurotrail\"},\"image\":{\"@id\":\"https:\\\/\\\/eurotrail.info\\\/#\\\/schema\\\/logo\\\/image\\\/\"}}]}<\/script>\n<!-- \/ Yoast SEO plugin. -->","yoast_head_json":{"title":"Ancona Air Buszelt VW (Angebot!) - Eurotrail","description":"Freistehendes Buszelt ausgestattet mit dem AirTube-System f\u00fcr einen schnellen Aufbau. inkl. 3 extra Stabilisierungs- oder Sturmrohre.","robots":{"index":"index","follow":"follow","max-snippet":"max-snippet:-1","max-image-preview":"max-image-preview:large","max-video-preview":"max-video-preview:-1"},"canonical":"https:\/\/eurotrail.info\/de\/producten\/wohnwagenwohnmobilebus\/busvorzelt-air\/neu-ancona-air-buszelt\/","og_locale":"de_DE","og_type":"article","og_title":"Ancona Air Buszelt VW (Angebot!) - Eurotrail","og_description":"Freistehendes Buszelt ausgestattet mit dem AirTube-System f\u00fcr einen schnellen Aufbau. inkl. 3 extra Stabilisierungs- oder Sturmrohre.","og_url":"https:\/\/eurotrail.info\/de\/producten\/wohnwagenwohnmobilebus\/busvorzelt-air\/neu-ancona-air-buszelt\/","og_site_name":"Eurotrail","article_modified_time":"2026-02-10T10:15:05+00:00","og_image":[{"width":1772,"height":1182,"url":"https:\/\/eurotrail.info\/wp\/wp-content\/uploads\/2020\/02\/ETCT0170-Ancona-19.jpg","type":"image\/jpeg"}],"twitter_card":"summary_large_image","twitter_misc":{"Gesch\u00e4tzte Lesezeit":"2\u00a0Minuten"},"schema":{"@context":"https:\/\/schema.org","@graph":[{"@type":"WebPage","@id":"https:\/\/eurotrail.info\/de\/producten\/wohnwagenwohnmobilebus\/busvorzelt-air\/neu-ancona-air-buszelt\/","url":"https:\/\/eurotrail.info\/de\/producten\/wohnwagenwohnmobilebus\/busvorzelt-air\/neu-ancona-air-buszelt\/","name":"Ancona Air Buszelt VW (Angebot!) - Eurotrail","isPartOf":{"@id":"https:\/\/eurotrail.info\/#website"},"primaryImageOfPage":{"@id":"https:\/\/eurotrail.info\/de\/producten\/wohnwagenwohnmobilebus\/busvorzelt-air\/neu-ancona-air-buszelt\/#primaryimage"},"image":{"@id":"https:\/\/eurotrail.info\/de\/producten\/wohnwagenwohnmobilebus\/busvorzelt-air\/neu-ancona-air-buszelt\/#primaryimage"},"thumbnailUrl":"https:\/\/eurotrail.info\/wp\/wp-content\/uploads\/2020\/02\/ETCT0170-Ancona-19.jpg","datePublished":"2020-02-20T13:20:00+00:00","dateModified":"2026-02-10T10:15:05+00:00","description":"Freistehendes Buszelt ausgestattet mit dem AirTube-System f\u00fcr einen schnellen Aufbau. inkl. 3 extra Stabilisierungs- oder Sturmrohre.","breadcrumb":{"@id":"https:\/\/eurotrail.info\/de\/producten\/wohnwagenwohnmobilebus\/busvorzelt-air\/neu-ancona-air-buszelt\/#breadcrumb"},"inLanguage":"de","potentialAction":[{"@type":"ReadAction","target":["https:\/\/eurotrail.info\/de\/producten\/wohnwagenwohnmobilebus\/busvorzelt-air\/neu-ancona-air-buszelt\/"]}]},{"@type":"ImageObject","inLanguage":"de","@id":"https:\/\/eurotrail.info\/de\/producten\/wohnwagenwohnmobilebus\/busvorzelt-air\/neu-ancona-air-buszelt\/#primaryimage","url":"https:\/\/eurotrail.info\/wp\/wp-content\/uploads\/2020\/02\/ETCT0170-Ancona-19.jpg","contentUrl":"https:\/\/eurotrail.info\/wp\/wp-content\/uploads\/2020\/02\/ETCT0170-Ancona-19.jpg","width":1772,"height":1182,"caption":"freistehendes Zelt mit dem AirTube Luftkan\u00e4len System f\u00fcr schnelle und einfache Aufbau."},{"@type":"BreadcrumbList","@id":"https:\/\/eurotrail.info\/de\/producten\/wohnwagenwohnmobilebus\/busvorzelt-air\/neu-ancona-air-buszelt\/#breadcrumb","itemListElement":[{"@type":"ListItem","position":1,"name":"Home","item":"https:\/\/eurotrail.info\/de\/"},{"@type":"ListItem","position":2,"name":"Produkte","item":"https:\/\/eurotrail.info\/de\/produkte\/"},{"@type":"ListItem","position":3,"name":"Ancona Air Buszelt VW (Angebot!)"}]},{"@type":"WebSite","@id":"https:\/\/eurotrail.info\/#website","url":"https:\/\/eurotrail.info\/","name":"Eurotrail","description":"","publisher":{"@id":"https:\/\/eurotrail.info\/#organization"},"potentialAction":[{"@type":"SearchAction","target":{"@type":"EntryPoint","urlTemplate":"https:\/\/eurotrail.info\/?s={search_term_string}"},"query-input":{"@type":"PropertyValueSpecification","valueRequired":true,"valueName":"search_term_string"}}],"inLanguage":"de"},{"@type":"Organization","@id":"https:\/\/eurotrail.info\/#organization","name":"Eurotrail","url":"https:\/\/eurotrail.info\/","logo":{"@type":"ImageObject","inLanguage":"de","@id":"https:\/\/eurotrail.info\/#\/schema\/logo\/image\/","url":"https:\/\/eurotrail.info\/wp\/wp-content\/uploads\/2023\/07\/ET-logo-quote_NL-scaled.jpg","contentUrl":"https:\/\/eurotrail.info\/wp\/wp-content\/uploads\/2023\/07\/ET-logo-quote_NL-scaled.jpg","width":2560,"height":675,"caption":"Eurotrail"},"image":{"@id":"https:\/\/eurotrail.info\/#\/schema\/logo\/image\/"}}]}},"_links":{"self":[{"href":"https:\/\/eurotrail.info\/de\/wp-json\/wp\/v2\/product\/9018","targetHints":{"allow":["GET"]}}],"collection":[{"href":"https:\/\/eurotrail.info\/de\/wp-json\/wp\/v2\/product"}],"about":[{"href":"https:\/\/eurotrail.info\/de\/wp-json\/wp\/v2\/types\/product"}],"replies":[{"embeddable":true,"href":"https:\/\/eurotrail.info\/de\/wp-json\/wp\/v2\/comments?post=9018"}],"wp:featuredmedia":[{"embeddable":true,"href":"https:\/\/eurotrail.info\/de\/wp-json\/wp\/v2\/media\/8992"}],"wp:attachment":[{"href":"https:\/\/eurotrail.info\/de\/wp-json\/wp\/v2\/media?parent=9018"}],"wp:term":[{"taxonomy":"product_brand","embeddable":true,"href":"https:\/\/eurotrail.info\/de\/wp-json\/wp\/v2\/product_brand?post=9018"},{"taxonomy":"product_cat","embeddable":true,"href":"https:\/\/eurotrail.info\/de\/wp-json\/wp\/v2\/product_cat?post=9018"},{"taxonomy":"product_tag","embeddable":true,"href":"https:\/\/eurotrail.info\/de\/wp-json\/wp\/v2\/product_tag?post=9018"}],"curies":[{"name":"wp","href":"https:\/\/api.w.org\/{rel}","templated":true}]}}