{"id":9057,"date":"2020-04-06T13:54:42","date_gmt":"2020-04-06T12:54:42","guid":{"rendered":"http:\/\/eurotrail.info\/producten\/faltbarer-ventilator-12v\/"},"modified":"2021-04-22T12:04:41","modified_gmt":"2021-04-22T11:04:41","slug":"faltbarer-ventilator-12v","status":"publish","type":"product","link":"https:\/\/eurotrail.info\/de\/producten\/haushaltartikel\/ventilatoren\/faltbarer-ventilator-12v\/","title":{"rendered":"Faltbarer Ventilator  12V"},"content":{"rendered":"<p>Komfortable K\u00fchlung mit diesem Ventilator. Der 12V-Anschluss erm\u00f6glicht den Einsatz des L\u00fcfters \u00fcberall, z. B. im Auto, im Wohnmobil oder auf dem Boot. Der Ventilator ist Fl\u00fcsterleise bei hohem Luftdurchsatz und zu einer kleinen handlichen Packma\u00df faltbar, die Sie fast \u00fcberall verstauen k\u00f6nnen. Die abnehmbaren Silicon Bl\u00e4tter mit 32cm Durchmesser sind weich und ungef\u00e4hrlich. Die starke Klammer sorgt daf\u00fcr, dass der Ventilator an fast jedem Ort befestigt werden kann, zum Beispiel an einem Zeltstock im Vorzelt oder Schrank im Wohnwagen, also \u00fcberall dort, wo Frischluft erw\u00fcnscht ist. Auch erh\u00e4ltlich mit 220V Stecker.<\/p>\n<p>Gr\u00f6\u03b2e: 40x15x32cm<br \/>\nGefaltet: 10x12x25cm<br \/>\nDiameter: 32 cm<br \/>\nEinstellung: 1<br \/>\nFan kraft: 6W L\u00fcfterleistung<br \/>\nRotation: 600 r\/m<br \/>\nGer\u00e4uschpegel : 50\/60Hz<br \/>\nMaterial: ABS\/PP<br \/>\nVoltage : 12v<br \/>\nGewicht: 0.465 kg.<br \/>\nFarbe: 12V Helles Blau<\/p>\n","protected":false},"excerpt":{"rendered":"<p>Komfortable K\u00fchlung mit diesem Ventilator. Der 12V-Anschluss erm\u00f6glicht den Einsatz des L\u00fcfters \u00fcberall, z. B. im Auto, im Wohnmobil oder auf dem Boot. Der Ventilator&hellip;<\/p>\n","protected":false},"featured_media":7734,"comment_status":"open","ping_status":"closed","template":"","meta":{"_acf_changed":false},"product_brand":[],"product_cat":[78,205],"product_tag":[],"class_list":{"0":"post-9057","1":"product","2":"type-product","3":"status-publish","4":"has-post-thumbnail","6":"product_cat-haushaltartikel","7":"product_cat-ventilatoren","9":"first","10":"instock","11":"shipping-taxable","12":"product-type-simple"},"acf":[],"yoast_head":"<!-- This site is optimized with the Yoast SEO plugin v27.4 - https:\/\/yoast.com\/product\/yoast-seo-wordpress\/ -->\n<title>Faltbarer Ventilator 12V - Eurotrail<\/title>\n<meta name=\"description\" content=\"Komfortable K\u00fchlung mit diesem Ventilator. Der 12V-Anschluss erm\u00f6glicht den Einsatz des L\u00fcfters \u00fcberall, z. B. im Auto, im Wohnmobil oder auf dem Boot.\" \/>\n<meta name=\"robots\" content=\"index, follow, max-snippet:-1, max-image-preview:large, max-video-preview:-1\" \/>\n<link rel=\"canonical\" href=\"https:\/\/eurotrail.info\/de\/producten\/haushaltartikel\/ventilatoren\/faltbarer-ventilator-12v\/\" \/>\n<meta property=\"og:locale\" content=\"de_DE\" \/>\n<meta property=\"og:type\" content=\"article\" \/>\n<meta property=\"og:title\" content=\"Faltbarer Ventilator 12V - Eurotrail\" \/>\n<meta property=\"og:description\" content=\"Komfortable K\u00fchlung mit diesem Ventilator. Der 12V-Anschluss erm\u00f6glicht den Einsatz des L\u00fcfters \u00fcberall, z. B. im Auto, im Wohnmobil oder auf dem Boot.\" \/>\n<meta property=\"og:url\" content=\"https:\/\/eurotrail.info\/de\/producten\/haushaltartikel\/ventilatoren\/faltbarer-ventilator-12v\/\" \/>\n<meta property=\"og:site_name\" content=\"Eurotrail\" \/>\n<meta property=\"article:modified_time\" content=\"2021-04-22T11:04:41+00:00\" \/>\n<meta property=\"og:image\" content=\"https:\/\/eurotrail.info\/wp\/wp-content\/uploads\/2019\/01\/ETLT1406-Foldable-Air-Fan-12V-Blue-19.jpg\" \/>\n\t<meta property=\"og:image:width\" content=\"1114\" \/>\n\t<meta property=\"og:image:height\" content=\"1772\" \/>\n\t<meta property=\"og:image:type\" content=\"image\/jpeg\" \/>\n<meta name=\"twitter:card\" content=\"summary_large_image\" \/>\n<meta name=\"twitter:label1\" content=\"Gesch\u00e4tzte Lesezeit\" \/>\n\t<meta name=\"twitter:data1\" content=\"1\u00a0Minute\" \/>\n<script type=\"application\/ld+json\" class=\"yoast-schema-graph\">{\"@context\":\"https:\\\/\\\/schema.org\",\"@graph\":[{\"@type\":\"WebPage\",\"@id\":\"https:\\\/\\\/eurotrail.info\\\/de\\\/producten\\\/haushaltartikel\\\/ventilatoren\\\/faltbarer-ventilator-12v\\\/\",\"url\":\"https:\\\/\\\/eurotrail.info\\\/de\\\/producten\\\/haushaltartikel\\\/ventilatoren\\\/faltbarer-ventilator-12v\\\/\",\"name\":\"Faltbarer Ventilator 12V - Eurotrail\",\"isPartOf\":{\"@id\":\"https:\\\/\\\/eurotrail.info\\\/#website\"},\"primaryImageOfPage\":{\"@id\":\"https:\\\/\\\/eurotrail.info\\\/de\\\/producten\\\/haushaltartikel\\\/ventilatoren\\\/faltbarer-ventilator-12v\\\/#primaryimage\"},\"image\":{\"@id\":\"https:\\\/\\\/eurotrail.info\\\/de\\\/producten\\\/haushaltartikel\\\/ventilatoren\\\/faltbarer-ventilator-12v\\\/#primaryimage\"},\"thumbnailUrl\":\"https:\\\/\\\/eurotrail.info\\\/wp\\\/wp-content\\\/uploads\\\/2019\\\/01\\\/ETLT1406-Foldable-Air-Fan-12V-Blue-19.jpg\",\"datePublished\":\"2020-04-06T12:54:42+00:00\",\"dateModified\":\"2021-04-22T11:04:41+00:00\",\"description\":\"Komfortable K\u00fchlung mit diesem Ventilator. Der 12V-Anschluss erm\u00f6glicht den Einsatz des L\u00fcfters \u00fcberall, z. B. im Auto, im Wohnmobil oder auf dem Boot.\",\"breadcrumb\":{\"@id\":\"https:\\\/\\\/eurotrail.info\\\/de\\\/producten\\\/haushaltartikel\\\/ventilatoren\\\/faltbarer-ventilator-12v\\\/#breadcrumb\"},\"inLanguage\":\"de\",\"potentialAction\":[{\"@type\":\"ReadAction\",\"target\":[\"https:\\\/\\\/eurotrail.info\\\/de\\\/producten\\\/haushaltartikel\\\/ventilatoren\\\/faltbarer-ventilator-12v\\\/\"]}]},{\"@type\":\"ImageObject\",\"inLanguage\":\"de\",\"@id\":\"https:\\\/\\\/eurotrail.info\\\/de\\\/producten\\\/haushaltartikel\\\/ventilatoren\\\/faltbarer-ventilator-12v\\\/#primaryimage\",\"url\":\"https:\\\/\\\/eurotrail.info\\\/wp\\\/wp-content\\\/uploads\\\/2019\\\/01\\\/ETLT1406-Foldable-Air-Fan-12V-Blue-19.jpg\",\"contentUrl\":\"https:\\\/\\\/eurotrail.info\\\/wp\\\/wp-content\\\/uploads\\\/2019\\\/01\\\/ETLT1406-Foldable-Air-Fan-12V-Blue-19.jpg\",\"width\":1114,\"height\":1772,\"caption\":\"12V Trendiger faltbarer Ventilator mit einer praktischen und stabilen Klemme.\"},{\"@type\":\"BreadcrumbList\",\"@id\":\"https:\\\/\\\/eurotrail.info\\\/de\\\/producten\\\/haushaltartikel\\\/ventilatoren\\\/faltbarer-ventilator-12v\\\/#breadcrumb\",\"itemListElement\":[{\"@type\":\"ListItem\",\"position\":1,\"name\":\"Home\",\"item\":\"https:\\\/\\\/eurotrail.info\\\/de\\\/\"},{\"@type\":\"ListItem\",\"position\":2,\"name\":\"Produkte\",\"item\":\"https:\\\/\\\/eurotrail.info\\\/de\\\/produkte\\\/\"},{\"@type\":\"ListItem\",\"position\":3,\"name\":\"Faltbarer Ventilator 12V\"}]},{\"@type\":\"WebSite\",\"@id\":\"https:\\\/\\\/eurotrail.info\\\/#website\",\"url\":\"https:\\\/\\\/eurotrail.info\\\/\",\"name\":\"Eurotrail\",\"description\":\"\",\"publisher\":{\"@id\":\"https:\\\/\\\/eurotrail.info\\\/#organization\"},\"potentialAction\":[{\"@type\":\"SearchAction\",\"target\":{\"@type\":\"EntryPoint\",\"urlTemplate\":\"https:\\\/\\\/eurotrail.info\\\/?s={search_term_string}\"},\"query-input\":{\"@type\":\"PropertyValueSpecification\",\"valueRequired\":true,\"valueName\":\"search_term_string\"}}],\"inLanguage\":\"de\"},{\"@type\":\"Organization\",\"@id\":\"https:\\\/\\\/eurotrail.info\\\/#organization\",\"name\":\"Eurotrail\",\"url\":\"https:\\\/\\\/eurotrail.info\\\/\",\"logo\":{\"@type\":\"ImageObject\",\"inLanguage\":\"de\",\"@id\":\"https:\\\/\\\/eurotrail.info\\\/#\\\/schema\\\/logo\\\/image\\\/\",\"url\":\"https:\\\/\\\/eurotrail.info\\\/wp\\\/wp-content\\\/uploads\\\/2023\\\/07\\\/ET-logo-quote_NL-scaled.jpg\",\"contentUrl\":\"https:\\\/\\\/eurotrail.info\\\/wp\\\/wp-content\\\/uploads\\\/2023\\\/07\\\/ET-logo-quote_NL-scaled.jpg\",\"width\":2560,\"height\":675,\"caption\":\"Eurotrail\"},\"image\":{\"@id\":\"https:\\\/\\\/eurotrail.info\\\/#\\\/schema\\\/logo\\\/image\\\/\"}}]}<\/script>\n<!-- \/ Yoast SEO plugin. -->","yoast_head_json":{"title":"Faltbarer Ventilator 12V - Eurotrail","description":"Komfortable K\u00fchlung mit diesem Ventilator. Der 12V-Anschluss erm\u00f6glicht den Einsatz des L\u00fcfters \u00fcberall, z. B. im Auto, im Wohnmobil oder auf dem Boot.","robots":{"index":"index","follow":"follow","max-snippet":"max-snippet:-1","max-image-preview":"max-image-preview:large","max-video-preview":"max-video-preview:-1"},"canonical":"https:\/\/eurotrail.info\/de\/producten\/haushaltartikel\/ventilatoren\/faltbarer-ventilator-12v\/","og_locale":"de_DE","og_type":"article","og_title":"Faltbarer Ventilator 12V - Eurotrail","og_description":"Komfortable K\u00fchlung mit diesem Ventilator. Der 12V-Anschluss erm\u00f6glicht den Einsatz des L\u00fcfters \u00fcberall, z. B. im Auto, im Wohnmobil oder auf dem Boot.","og_url":"https:\/\/eurotrail.info\/de\/producten\/haushaltartikel\/ventilatoren\/faltbarer-ventilator-12v\/","og_site_name":"Eurotrail","article_modified_time":"2021-04-22T11:04:41+00:00","og_image":[{"width":1114,"height":1772,"url":"https:\/\/eurotrail.info\/wp\/wp-content\/uploads\/2019\/01\/ETLT1406-Foldable-Air-Fan-12V-Blue-19.jpg","type":"image\/jpeg"}],"twitter_card":"summary_large_image","twitter_misc":{"Gesch\u00e4tzte Lesezeit":"1\u00a0Minute"},"schema":{"@context":"https:\/\/schema.org","@graph":[{"@type":"WebPage","@id":"https:\/\/eurotrail.info\/de\/producten\/haushaltartikel\/ventilatoren\/faltbarer-ventilator-12v\/","url":"https:\/\/eurotrail.info\/de\/producten\/haushaltartikel\/ventilatoren\/faltbarer-ventilator-12v\/","name":"Faltbarer Ventilator 12V - Eurotrail","isPartOf":{"@id":"https:\/\/eurotrail.info\/#website"},"primaryImageOfPage":{"@id":"https:\/\/eurotrail.info\/de\/producten\/haushaltartikel\/ventilatoren\/faltbarer-ventilator-12v\/#primaryimage"},"image":{"@id":"https:\/\/eurotrail.info\/de\/producten\/haushaltartikel\/ventilatoren\/faltbarer-ventilator-12v\/#primaryimage"},"thumbnailUrl":"https:\/\/eurotrail.info\/wp\/wp-content\/uploads\/2019\/01\/ETLT1406-Foldable-Air-Fan-12V-Blue-19.jpg","datePublished":"2020-04-06T12:54:42+00:00","dateModified":"2021-04-22T11:04:41+00:00","description":"Komfortable K\u00fchlung mit diesem Ventilator. Der 12V-Anschluss erm\u00f6glicht den Einsatz des L\u00fcfters \u00fcberall, z. B. im Auto, im Wohnmobil oder auf dem Boot.","breadcrumb":{"@id":"https:\/\/eurotrail.info\/de\/producten\/haushaltartikel\/ventilatoren\/faltbarer-ventilator-12v\/#breadcrumb"},"inLanguage":"de","potentialAction":[{"@type":"ReadAction","target":["https:\/\/eurotrail.info\/de\/producten\/haushaltartikel\/ventilatoren\/faltbarer-ventilator-12v\/"]}]},{"@type":"ImageObject","inLanguage":"de","@id":"https:\/\/eurotrail.info\/de\/producten\/haushaltartikel\/ventilatoren\/faltbarer-ventilator-12v\/#primaryimage","url":"https:\/\/eurotrail.info\/wp\/wp-content\/uploads\/2019\/01\/ETLT1406-Foldable-Air-Fan-12V-Blue-19.jpg","contentUrl":"https:\/\/eurotrail.info\/wp\/wp-content\/uploads\/2019\/01\/ETLT1406-Foldable-Air-Fan-12V-Blue-19.jpg","width":1114,"height":1772,"caption":"12V Trendiger faltbarer Ventilator mit einer praktischen und stabilen Klemme."},{"@type":"BreadcrumbList","@id":"https:\/\/eurotrail.info\/de\/producten\/haushaltartikel\/ventilatoren\/faltbarer-ventilator-12v\/#breadcrumb","itemListElement":[{"@type":"ListItem","position":1,"name":"Home","item":"https:\/\/eurotrail.info\/de\/"},{"@type":"ListItem","position":2,"name":"Produkte","item":"https:\/\/eurotrail.info\/de\/produkte\/"},{"@type":"ListItem","position":3,"name":"Faltbarer Ventilator 12V"}]},{"@type":"WebSite","@id":"https:\/\/eurotrail.info\/#website","url":"https:\/\/eurotrail.info\/","name":"Eurotrail","description":"","publisher":{"@id":"https:\/\/eurotrail.info\/#organization"},"potentialAction":[{"@type":"SearchAction","target":{"@type":"EntryPoint","urlTemplate":"https:\/\/eurotrail.info\/?s={search_term_string}"},"query-input":{"@type":"PropertyValueSpecification","valueRequired":true,"valueName":"search_term_string"}}],"inLanguage":"de"},{"@type":"Organization","@id":"https:\/\/eurotrail.info\/#organization","name":"Eurotrail","url":"https:\/\/eurotrail.info\/","logo":{"@type":"ImageObject","inLanguage":"de","@id":"https:\/\/eurotrail.info\/#\/schema\/logo\/image\/","url":"https:\/\/eurotrail.info\/wp\/wp-content\/uploads\/2023\/07\/ET-logo-quote_NL-scaled.jpg","contentUrl":"https:\/\/eurotrail.info\/wp\/wp-content\/uploads\/2023\/07\/ET-logo-quote_NL-scaled.jpg","width":2560,"height":675,"caption":"Eurotrail"},"image":{"@id":"https:\/\/eurotrail.info\/#\/schema\/logo\/image\/"}}]}},"_links":{"self":[{"href":"https:\/\/eurotrail.info\/de\/wp-json\/wp\/v2\/product\/9057","targetHints":{"allow":["GET"]}}],"collection":[{"href":"https:\/\/eurotrail.info\/de\/wp-json\/wp\/v2\/product"}],"about":[{"href":"https:\/\/eurotrail.info\/de\/wp-json\/wp\/v2\/types\/product"}],"replies":[{"embeddable":true,"href":"https:\/\/eurotrail.info\/de\/wp-json\/wp\/v2\/comments?post=9057"}],"wp:featuredmedia":[{"embeddable":true,"href":"https:\/\/eurotrail.info\/de\/wp-json\/wp\/v2\/media\/7734"}],"wp:attachment":[{"href":"https:\/\/eurotrail.info\/de\/wp-json\/wp\/v2\/media?parent=9057"}],"wp:term":[{"taxonomy":"product_brand","embeddable":true,"href":"https:\/\/eurotrail.info\/de\/wp-json\/wp\/v2\/product_brand?post=9057"},{"taxonomy":"product_cat","embeddable":true,"href":"https:\/\/eurotrail.info\/de\/wp-json\/wp\/v2\/product_cat?post=9057"},{"taxonomy":"product_tag","embeddable":true,"href":"https:\/\/eurotrail.info\/de\/wp-json\/wp\/v2\/product_tag?post=9057"}],"curies":[{"name":"wp","href":"https:\/\/api.w.org\/{rel}","templated":true}]}}