{"id":21098,"date":"2023-01-23T12:11:14","date_gmt":"2023-01-23T11:21:31","guid":{"rendered":"https:\/\/eurotrail.info\/?post_type=product&#038;p=21098"},"modified":"2025-06-06T13:53:36","modified_gmt":"2025-06-06T12:53:36","slug":"iowa-btc-alu","status":"publish","type":"product","link":"https:\/\/eurotrail.info\/en\/producten\/tents\/breathable-polyeser-cotton\/iowa-btc-alu\/","title":{"rendered":"Iowa BTC Alu"},"content":{"rendered":"<p>The Iowa BTC Alu is a 3-person tent with a spacious living space. The outer fabric is made of a breathable polyester\/cotton for optimal living comfort. The Iowa has sturdy, lightweight aluminium poles for quick and easy pitching. The inner tent offers enough space for 3 people and has practical storage pockets. The living area is at standing height and offers sufficient space for a table and chairs. Large lockable windows all around and, next to the main entrance, a side door with a mosquito net door for good ventilation. The fixed ground sheet keeps water and vermin out. The awning is an ideal place to sit out of the sun or rain.<\/p>\n<p><a href=\"https:\/\/youtu.be\/XaQILfKClqM\">YouTube manual Iowa BTC Alu<\/a><\/p>\n<p>Outer fabric: Polyester\/cotton 65\/35% breathable fabric<br \/>\nInner tent: 100% Polyester<br \/>\nBottom: 100% Oxford polyester min. 5000mm<br \/>\nPoles: 1 x \u00d8 23mm pre-bent alu front pole, 2 x \u00d8 11.3 alu poles and a canopy pole \u00d8 7.9mm aluminium<br \/>\nDimensions: 490x240x190cm<br \/>\nHeight: 190cm<br \/>\nWeight: 16.5 kg.<br \/>\nPacked: 80x40x30 cm<\/p>\n<p>Also available in an inflatable version with AirTubes!<\/p>\n<p>&nbsp;<\/p>\n","protected":false},"excerpt":{"rendered":"<p>The Iowa BTC Alu is a 3-person tent with a spacious living space. The outer fabric is made of a breathable polyester\/cotton for optimal living&hellip;<\/p>\n","protected":false},"featured_media":21066,"comment_status":"open","ping_status":"closed","template":"","meta":{"_acf_changed":false},"product_brand":[],"product_cat":[218,147],"product_tag":[],"class_list":{"0":"post-21098","1":"product","2":"type-product","3":"status-publish","4":"has-post-thumbnail","6":"product_cat-breathable-polyeser-cotton","7":"product_cat-tents","9":"first","10":"instock","11":"shipping-taxable","12":"product-type-simple"},"acf":[],"yoast_head":"<!-- This site is optimized with the Yoast SEO plugin v27.4 - https:\/\/yoast.com\/product\/yoast-seo-wordpress\/ -->\n<title>Iowa BTC Alu - Eurotrail | The way we camp!<\/title>\n<meta name=\"description\" content=\"3-person tent with a spacious living space. fabric is made of a breathable polyester\/cotton for optimal living comfort. The Iowa has sturdy, lightweight aluminium poles.\" \/>\n<meta name=\"robots\" content=\"index, follow, max-snippet:-1, max-image-preview:large, max-video-preview:-1\" \/>\n<link rel=\"canonical\" href=\"https:\/\/eurotrail.info\/en\/producten\/tents\/breathable-polyeser-cotton\/iowa-btc-alu\/\" \/>\n<meta property=\"og:locale\" content=\"en_US\" \/>\n<meta property=\"og:type\" content=\"article\" \/>\n<meta property=\"og:title\" content=\"Iowa BTC Alu - Eurotrail | The way we camp!\" \/>\n<meta property=\"og:description\" content=\"3-person tent with a spacious living space. fabric is made of a breathable polyester\/cotton for optimal living comfort. The Iowa has sturdy, lightweight aluminium poles.\" \/>\n<meta property=\"og:url\" content=\"https:\/\/eurotrail.info\/en\/producten\/tents\/breathable-polyeser-cotton\/iowa-btc-alu\/\" \/>\n<meta property=\"og:site_name\" content=\"Eurotrail | The way we camp!\" \/>\n<meta property=\"article:modified_time\" content=\"2025-06-06T12:53:36+00:00\" \/>\n<meta property=\"og:image\" content=\"https:\/\/eurotrail.info\/wp\/wp-content\/uploads\/2023\/01\/ETTE1121-Iowa-Air_sfeer-scaled.jpg\" \/>\n\t<meta property=\"og:image:width\" content=\"2560\" \/>\n\t<meta property=\"og:image:height\" content=\"1707\" \/>\n\t<meta property=\"og:image:type\" content=\"image\/jpeg\" \/>\n<meta name=\"twitter:card\" content=\"summary_large_image\" \/>\n<meta name=\"twitter:label1\" content=\"Est. reading time\" \/>\n\t<meta name=\"twitter:data1\" content=\"2 minutes\" \/>\n<script type=\"application\/ld+json\" class=\"yoast-schema-graph\">{\"@context\":\"https:\\\/\\\/schema.org\",\"@graph\":[{\"@type\":\"WebPage\",\"@id\":\"https:\\\/\\\/eurotrail.info\\\/en\\\/producten\\\/tents\\\/breathable-polyeser-cotton\\\/iowa-btc-alu\\\/\",\"url\":\"https:\\\/\\\/eurotrail.info\\\/en\\\/producten\\\/tents\\\/breathable-polyeser-cotton\\\/iowa-btc-alu\\\/\",\"name\":\"Iowa BTC Alu - Eurotrail | The way we camp!\",\"isPartOf\":{\"@id\":\"https:\\\/\\\/eurotrail.info\\\/#website\"},\"primaryImageOfPage\":{\"@id\":\"https:\\\/\\\/eurotrail.info\\\/en\\\/producten\\\/tents\\\/breathable-polyeser-cotton\\\/iowa-btc-alu\\\/#primaryimage\"},\"image\":{\"@id\":\"https:\\\/\\\/eurotrail.info\\\/en\\\/producten\\\/tents\\\/breathable-polyeser-cotton\\\/iowa-btc-alu\\\/#primaryimage\"},\"thumbnailUrl\":\"https:\\\/\\\/eurotrail.info\\\/wp\\\/wp-content\\\/uploads\\\/2023\\\/01\\\/ETTE1121-Iowa-Air_sfeer-scaled.jpg\",\"datePublished\":\"2023-01-23T11:21:31+00:00\",\"dateModified\":\"2025-06-06T12:53:36+00:00\",\"description\":\"3-person tent with a spacious living space. fabric is made of a breathable polyester\\\/cotton for optimal living comfort. The Iowa has sturdy, lightweight aluminium poles.\",\"breadcrumb\":{\"@id\":\"https:\\\/\\\/eurotrail.info\\\/en\\\/producten\\\/tents\\\/breathable-polyeser-cotton\\\/iowa-btc-alu\\\/#breadcrumb\"},\"inLanguage\":\"en-US\",\"potentialAction\":[{\"@type\":\"ReadAction\",\"target\":[\"https:\\\/\\\/eurotrail.info\\\/en\\\/producten\\\/tents\\\/breathable-polyeser-cotton\\\/iowa-btc-alu\\\/\"]}]},{\"@type\":\"ImageObject\",\"inLanguage\":\"en-US\",\"@id\":\"https:\\\/\\\/eurotrail.info\\\/en\\\/producten\\\/tents\\\/breathable-polyeser-cotton\\\/iowa-btc-alu\\\/#primaryimage\",\"url\":\"https:\\\/\\\/eurotrail.info\\\/wp\\\/wp-content\\\/uploads\\\/2023\\\/01\\\/ETTE1121-Iowa-Air_sfeer-scaled.jpg\",\"contentUrl\":\"https:\\\/\\\/eurotrail.info\\\/wp\\\/wp-content\\\/uploads\\\/2023\\\/01\\\/ETTE1121-Iowa-Air_sfeer-scaled.jpg\",\"width\":2560,\"height\":1707,\"caption\":\"Eurotrail Iowa Air familietent\"},{\"@type\":\"BreadcrumbList\",\"@id\":\"https:\\\/\\\/eurotrail.info\\\/en\\\/producten\\\/tents\\\/breathable-polyeser-cotton\\\/iowa-btc-alu\\\/#breadcrumb\",\"itemListElement\":[{\"@type\":\"ListItem\",\"position\":1,\"name\":\"Home\",\"item\":\"https:\\\/\\\/eurotrail.info\\\/en\\\/\"},{\"@type\":\"ListItem\",\"position\":2,\"name\":\"Products\",\"item\":\"https:\\\/\\\/eurotrail.info\\\/en\\\/products\\\/\"},{\"@type\":\"ListItem\",\"position\":3,\"name\":\"Iowa BTC Alu\"}]},{\"@type\":\"WebSite\",\"@id\":\"https:\\\/\\\/eurotrail.info\\\/#website\",\"url\":\"https:\\\/\\\/eurotrail.info\\\/\",\"name\":\"Eurotrail | The way we camp!\",\"description\":\"\",\"publisher\":{\"@id\":\"https:\\\/\\\/eurotrail.info\\\/#organization\"},\"potentialAction\":[{\"@type\":\"SearchAction\",\"target\":{\"@type\":\"EntryPoint\",\"urlTemplate\":\"https:\\\/\\\/eurotrail.info\\\/?s={search_term_string}\"},\"query-input\":{\"@type\":\"PropertyValueSpecification\",\"valueRequired\":true,\"valueName\":\"search_term_string\"}}],\"inLanguage\":\"en-US\"},{\"@type\":\"Organization\",\"@id\":\"https:\\\/\\\/eurotrail.info\\\/#organization\",\"name\":\"Eurotrail | The way we camp!\",\"url\":\"https:\\\/\\\/eurotrail.info\\\/\",\"logo\":{\"@type\":\"ImageObject\",\"inLanguage\":\"en-US\",\"@id\":\"https:\\\/\\\/eurotrail.info\\\/#\\\/schema\\\/logo\\\/image\\\/\",\"url\":\"https:\\\/\\\/eurotrail.info\\\/wp\\\/wp-content\\\/uploads\\\/2023\\\/07\\\/ET-logo-quote_NL-scaled.jpg\",\"contentUrl\":\"https:\\\/\\\/eurotrail.info\\\/wp\\\/wp-content\\\/uploads\\\/2023\\\/07\\\/ET-logo-quote_NL-scaled.jpg\",\"width\":2560,\"height\":675,\"caption\":\"Eurotrail | The way we camp!\"},\"image\":{\"@id\":\"https:\\\/\\\/eurotrail.info\\\/#\\\/schema\\\/logo\\\/image\\\/\"}}]}<\/script>\n<!-- \/ Yoast SEO plugin. -->","yoast_head_json":{"title":"Iowa BTC Alu - Eurotrail | The way we camp!","description":"3-person tent with a spacious living space. fabric is made of a breathable polyester\/cotton for optimal living comfort. The Iowa has sturdy, lightweight aluminium poles.","robots":{"index":"index","follow":"follow","max-snippet":"max-snippet:-1","max-image-preview":"max-image-preview:large","max-video-preview":"max-video-preview:-1"},"canonical":"https:\/\/eurotrail.info\/en\/producten\/tents\/breathable-polyeser-cotton\/iowa-btc-alu\/","og_locale":"en_US","og_type":"article","og_title":"Iowa BTC Alu - Eurotrail | The way we camp!","og_description":"3-person tent with a spacious living space. fabric is made of a breathable polyester\/cotton for optimal living comfort. The Iowa has sturdy, lightweight aluminium poles.","og_url":"https:\/\/eurotrail.info\/en\/producten\/tents\/breathable-polyeser-cotton\/iowa-btc-alu\/","og_site_name":"Eurotrail | The way we camp!","article_modified_time":"2025-06-06T12:53:36+00:00","og_image":[{"width":2560,"height":1707,"url":"https:\/\/eurotrail.info\/wp\/wp-content\/uploads\/2023\/01\/ETTE1121-Iowa-Air_sfeer-scaled.jpg","type":"image\/jpeg"}],"twitter_card":"summary_large_image","twitter_misc":{"Est. reading time":"2 minutes"},"schema":{"@context":"https:\/\/schema.org","@graph":[{"@type":"WebPage","@id":"https:\/\/eurotrail.info\/en\/producten\/tents\/breathable-polyeser-cotton\/iowa-btc-alu\/","url":"https:\/\/eurotrail.info\/en\/producten\/tents\/breathable-polyeser-cotton\/iowa-btc-alu\/","name":"Iowa BTC Alu - Eurotrail | The way we camp!","isPartOf":{"@id":"https:\/\/eurotrail.info\/#website"},"primaryImageOfPage":{"@id":"https:\/\/eurotrail.info\/en\/producten\/tents\/breathable-polyeser-cotton\/iowa-btc-alu\/#primaryimage"},"image":{"@id":"https:\/\/eurotrail.info\/en\/producten\/tents\/breathable-polyeser-cotton\/iowa-btc-alu\/#primaryimage"},"thumbnailUrl":"https:\/\/eurotrail.info\/wp\/wp-content\/uploads\/2023\/01\/ETTE1121-Iowa-Air_sfeer-scaled.jpg","datePublished":"2023-01-23T11:21:31+00:00","dateModified":"2025-06-06T12:53:36+00:00","description":"3-person tent with a spacious living space. fabric is made of a breathable polyester\/cotton for optimal living comfort. The Iowa has sturdy, lightweight aluminium poles.","breadcrumb":{"@id":"https:\/\/eurotrail.info\/en\/producten\/tents\/breathable-polyeser-cotton\/iowa-btc-alu\/#breadcrumb"},"inLanguage":"en-US","potentialAction":[{"@type":"ReadAction","target":["https:\/\/eurotrail.info\/en\/producten\/tents\/breathable-polyeser-cotton\/iowa-btc-alu\/"]}]},{"@type":"ImageObject","inLanguage":"en-US","@id":"https:\/\/eurotrail.info\/en\/producten\/tents\/breathable-polyeser-cotton\/iowa-btc-alu\/#primaryimage","url":"https:\/\/eurotrail.info\/wp\/wp-content\/uploads\/2023\/01\/ETTE1121-Iowa-Air_sfeer-scaled.jpg","contentUrl":"https:\/\/eurotrail.info\/wp\/wp-content\/uploads\/2023\/01\/ETTE1121-Iowa-Air_sfeer-scaled.jpg","width":2560,"height":1707,"caption":"Eurotrail Iowa Air familietent"},{"@type":"BreadcrumbList","@id":"https:\/\/eurotrail.info\/en\/producten\/tents\/breathable-polyeser-cotton\/iowa-btc-alu\/#breadcrumb","itemListElement":[{"@type":"ListItem","position":1,"name":"Home","item":"https:\/\/eurotrail.info\/en\/"},{"@type":"ListItem","position":2,"name":"Products","item":"https:\/\/eurotrail.info\/en\/products\/"},{"@type":"ListItem","position":3,"name":"Iowa BTC Alu"}]},{"@type":"WebSite","@id":"https:\/\/eurotrail.info\/#website","url":"https:\/\/eurotrail.info\/","name":"Eurotrail | The way we camp!","description":"","publisher":{"@id":"https:\/\/eurotrail.info\/#organization"},"potentialAction":[{"@type":"SearchAction","target":{"@type":"EntryPoint","urlTemplate":"https:\/\/eurotrail.info\/?s={search_term_string}"},"query-input":{"@type":"PropertyValueSpecification","valueRequired":true,"valueName":"search_term_string"}}],"inLanguage":"en-US"},{"@type":"Organization","@id":"https:\/\/eurotrail.info\/#organization","name":"Eurotrail | The way we camp!","url":"https:\/\/eurotrail.info\/","logo":{"@type":"ImageObject","inLanguage":"en-US","@id":"https:\/\/eurotrail.info\/#\/schema\/logo\/image\/","url":"https:\/\/eurotrail.info\/wp\/wp-content\/uploads\/2023\/07\/ET-logo-quote_NL-scaled.jpg","contentUrl":"https:\/\/eurotrail.info\/wp\/wp-content\/uploads\/2023\/07\/ET-logo-quote_NL-scaled.jpg","width":2560,"height":675,"caption":"Eurotrail | The way we camp!"},"image":{"@id":"https:\/\/eurotrail.info\/#\/schema\/logo\/image\/"}}]}},"_links":{"self":[{"href":"https:\/\/eurotrail.info\/en\/wp-json\/wp\/v2\/product\/21098","targetHints":{"allow":["GET"]}}],"collection":[{"href":"https:\/\/eurotrail.info\/en\/wp-json\/wp\/v2\/product"}],"about":[{"href":"https:\/\/eurotrail.info\/en\/wp-json\/wp\/v2\/types\/product"}],"replies":[{"embeddable":true,"href":"https:\/\/eurotrail.info\/en\/wp-json\/wp\/v2\/comments?post=21098"}],"wp:featuredmedia":[{"embeddable":true,"href":"https:\/\/eurotrail.info\/en\/wp-json\/wp\/v2\/media\/21066"}],"wp:attachment":[{"href":"https:\/\/eurotrail.info\/en\/wp-json\/wp\/v2\/media?parent=21098"}],"wp:term":[{"taxonomy":"product_brand","embeddable":true,"href":"https:\/\/eurotrail.info\/en\/wp-json\/wp\/v2\/product_brand?post=21098"},{"taxonomy":"product_cat","embeddable":true,"href":"https:\/\/eurotrail.info\/en\/wp-json\/wp\/v2\/product_cat?post=21098"},{"taxonomy":"product_tag","embeddable":true,"href":"https:\/\/eurotrail.info\/en\/wp-json\/wp\/v2\/product_tag?post=21098"}],"curies":[{"name":"wp","href":"https:\/\/api.w.org\/{rel}","templated":true}]}}