{"id":6120,"date":"2017-03-01T17:34:58","date_gmt":"2017-03-01T16:34:58","guid":{"rendered":"http:\/\/eurotrail.info\/producten\/aluminum-tent-poles\/"},"modified":"2019-01-23T12:28:13","modified_gmt":"2019-01-23T11:28:13","slug":"aluminum-tent-poles","status":"publish","type":"product","link":"https:\/\/eurotrail.info\/en\/producten\/tents\/spare-parts-tent-poles\/aluminum-tent-poles\/","title":{"rendered":"Aluminum Tent poles"},"content":{"rendered":"<p>Available in different diameter and length.<\/p>\n<p>Diameter, section length, total lengtht,<br \/>\n\u00d8 8.5 mm, 9 section, 400-450cm<br \/>\n\u00d8 9.5 mm, 9 section, 400-450cm<br \/>\n\u00d8 11 mm, 9 section, 400-450cm<br \/>\n\u00d8 12.7 mm, 13 section, 600-650cm<br \/>\n\u00d8 12.7 mm, 14 section, 650-700cm<\/p>\n","protected":false},"excerpt":{"rendered":"<p>Available in different diameter and length. Diameter, section length, total lengtht, \u00d8 8.5 mm, 9 section, 400-450cm \u00d8 9.5 mm, 9 section, 400-450cm \u00d8 11&hellip;<\/p>\n","protected":false},"featured_media":6039,"comment_status":"open","ping_status":"closed","template":"","meta":{"_acf_changed":false},"product_brand":[],"product_cat":[165],"product_tag":[],"class_list":{"0":"post-6120","1":"product","2":"type-product","3":"status-publish","4":"has-post-thumbnail","6":"product_cat-spare-parts-tent-poles","8":"first","9":"instock","10":"shipping-taxable","11":"product-type-simple"},"acf":[],"yoast_head":"<!-- This site is optimized with the Yoast SEO plugin v27.4 - https:\/\/yoast.com\/product\/yoast-seo-wordpress\/ -->\n<title>Aluminum Tent poles - Eurotrail | The way we camp!<\/title>\n<meta name=\"robots\" content=\"index, follow, max-snippet:-1, max-image-preview:large, max-video-preview:-1\" \/>\n<link rel=\"canonical\" href=\"https:\/\/eurotrail.info\/en\/producten\/tents\/spare-parts-tent-poles\/aluminum-tent-poles\/\" \/>\n<meta property=\"og:locale\" content=\"en_US\" \/>\n<meta property=\"og:type\" content=\"article\" \/>\n<meta property=\"og:title\" content=\"Aluminum Tent poles - Eurotrail | The way we camp!\" \/>\n<meta property=\"og:description\" content=\"Available in different diameter and length. Diameter, section length, total lengtht, \u00d8 8.5 mm, 9 section, 400-450cm \u00d8 9.5 mm, 9 section, 400-450cm \u00d8 11&hellip;\" \/>\n<meta property=\"og:url\" content=\"https:\/\/eurotrail.info\/en\/producten\/tents\/spare-parts-tent-poles\/aluminum-tent-poles\/\" \/>\n<meta property=\"og:site_name\" content=\"Eurotrail | The way we camp!\" \/>\n<meta property=\"article:modified_time\" content=\"2019-01-23T11:28:13+00:00\" \/>\n<meta property=\"og:image\" content=\"https:\/\/eurotrail.info\/wp\/wp-content\/uploads\/2017\/03\/image-2017-03-01-5.jpg\" \/>\n\t<meta property=\"og:image:width\" content=\"1280\" \/>\n\t<meta property=\"og:image:height\" content=\"675\" \/>\n\t<meta property=\"og:image:type\" content=\"image\/jpeg\" \/>\n<meta name=\"twitter:card\" content=\"summary_large_image\" \/>\n<script type=\"application\/ld+json\" class=\"yoast-schema-graph\">{\"@context\":\"https:\\\/\\\/schema.org\",\"@graph\":[{\"@type\":\"WebPage\",\"@id\":\"https:\\\/\\\/eurotrail.info\\\/en\\\/producten\\\/tents\\\/spare-parts-tent-poles\\\/aluminum-tent-poles\\\/\",\"url\":\"https:\\\/\\\/eurotrail.info\\\/en\\\/producten\\\/tents\\\/spare-parts-tent-poles\\\/aluminum-tent-poles\\\/\",\"name\":\"Aluminum Tent poles - Eurotrail | The way we camp!\",\"isPartOf\":{\"@id\":\"https:\\\/\\\/eurotrail.info\\\/#website\"},\"primaryImageOfPage\":{\"@id\":\"https:\\\/\\\/eurotrail.info\\\/en\\\/producten\\\/tents\\\/spare-parts-tent-poles\\\/aluminum-tent-poles\\\/#primaryimage\"},\"image\":{\"@id\":\"https:\\\/\\\/eurotrail.info\\\/en\\\/producten\\\/tents\\\/spare-parts-tent-poles\\\/aluminum-tent-poles\\\/#primaryimage\"},\"thumbnailUrl\":\"https:\\\/\\\/eurotrail.info\\\/wp\\\/wp-content\\\/uploads\\\/2017\\\/03\\\/image-2017-03-01-5.jpg\",\"datePublished\":\"2017-03-01T16:34:58+00:00\",\"dateModified\":\"2019-01-23T11:28:13+00:00\",\"breadcrumb\":{\"@id\":\"https:\\\/\\\/eurotrail.info\\\/en\\\/producten\\\/tents\\\/spare-parts-tent-poles\\\/aluminum-tent-poles\\\/#breadcrumb\"},\"inLanguage\":\"en-US\",\"potentialAction\":[{\"@type\":\"ReadAction\",\"target\":[\"https:\\\/\\\/eurotrail.info\\\/en\\\/producten\\\/tents\\\/spare-parts-tent-poles\\\/aluminum-tent-poles\\\/\"]}]},{\"@type\":\"ImageObject\",\"inLanguage\":\"en-US\",\"@id\":\"https:\\\/\\\/eurotrail.info\\\/en\\\/producten\\\/tents\\\/spare-parts-tent-poles\\\/aluminum-tent-poles\\\/#primaryimage\",\"url\":\"https:\\\/\\\/eurotrail.info\\\/wp\\\/wp-content\\\/uploads\\\/2017\\\/03\\\/image-2017-03-01-5.jpg\",\"contentUrl\":\"https:\\\/\\\/eurotrail.info\\\/wp\\\/wp-content\\\/uploads\\\/2017\\\/03\\\/image-2017-03-01-5.jpg\",\"width\":1280,\"height\":675,\"caption\":\"Aluminum Tent poles\"},{\"@type\":\"BreadcrumbList\",\"@id\":\"https:\\\/\\\/eurotrail.info\\\/en\\\/producten\\\/tents\\\/spare-parts-tent-poles\\\/aluminum-tent-poles\\\/#breadcrumb\",\"itemListElement\":[{\"@type\":\"ListItem\",\"position\":1,\"name\":\"Home\",\"item\":\"https:\\\/\\\/eurotrail.info\\\/en\\\/\"},{\"@type\":\"ListItem\",\"position\":2,\"name\":\"Products\",\"item\":\"https:\\\/\\\/eurotrail.info\\\/en\\\/products\\\/\"},{\"@type\":\"ListItem\",\"position\":3,\"name\":\"Aluminum Tent poles\"}]},{\"@type\":\"WebSite\",\"@id\":\"https:\\\/\\\/eurotrail.info\\\/#website\",\"url\":\"https:\\\/\\\/eurotrail.info\\\/\",\"name\":\"Eurotrail | The way we camp!\",\"description\":\"\",\"publisher\":{\"@id\":\"https:\\\/\\\/eurotrail.info\\\/#organization\"},\"potentialAction\":[{\"@type\":\"SearchAction\",\"target\":{\"@type\":\"EntryPoint\",\"urlTemplate\":\"https:\\\/\\\/eurotrail.info\\\/?s={search_term_string}\"},\"query-input\":{\"@type\":\"PropertyValueSpecification\",\"valueRequired\":true,\"valueName\":\"search_term_string\"}}],\"inLanguage\":\"en-US\"},{\"@type\":\"Organization\",\"@id\":\"https:\\\/\\\/eurotrail.info\\\/#organization\",\"name\":\"Eurotrail | The way we camp!\",\"url\":\"https:\\\/\\\/eurotrail.info\\\/\",\"logo\":{\"@type\":\"ImageObject\",\"inLanguage\":\"en-US\",\"@id\":\"https:\\\/\\\/eurotrail.info\\\/#\\\/schema\\\/logo\\\/image\\\/\",\"url\":\"https:\\\/\\\/eurotrail.info\\\/wp\\\/wp-content\\\/uploads\\\/2023\\\/07\\\/ET-logo-quote_NL-scaled.jpg\",\"contentUrl\":\"https:\\\/\\\/eurotrail.info\\\/wp\\\/wp-content\\\/uploads\\\/2023\\\/07\\\/ET-logo-quote_NL-scaled.jpg\",\"width\":2560,\"height\":675,\"caption\":\"Eurotrail | The way we camp!\"},\"image\":{\"@id\":\"https:\\\/\\\/eurotrail.info\\\/#\\\/schema\\\/logo\\\/image\\\/\"}}]}<\/script>\n<!-- \/ Yoast SEO plugin. -->","yoast_head_json":{"title":"Aluminum Tent poles - Eurotrail | The way we camp!","robots":{"index":"index","follow":"follow","max-snippet":"max-snippet:-1","max-image-preview":"max-image-preview:large","max-video-preview":"max-video-preview:-1"},"canonical":"https:\/\/eurotrail.info\/en\/producten\/tents\/spare-parts-tent-poles\/aluminum-tent-poles\/","og_locale":"en_US","og_type":"article","og_title":"Aluminum Tent poles - Eurotrail | The way we camp!","og_description":"Available in different diameter and length. Diameter, section length, total lengtht, \u00d8 8.5 mm, 9 section, 400-450cm \u00d8 9.5 mm, 9 section, 400-450cm \u00d8 11&hellip;","og_url":"https:\/\/eurotrail.info\/en\/producten\/tents\/spare-parts-tent-poles\/aluminum-tent-poles\/","og_site_name":"Eurotrail | The way we camp!","article_modified_time":"2019-01-23T11:28:13+00:00","og_image":[{"width":1280,"height":675,"url":"https:\/\/eurotrail.info\/wp\/wp-content\/uploads\/2017\/03\/image-2017-03-01-5.jpg","type":"image\/jpeg"}],"twitter_card":"summary_large_image","schema":{"@context":"https:\/\/schema.org","@graph":[{"@type":"WebPage","@id":"https:\/\/eurotrail.info\/en\/producten\/tents\/spare-parts-tent-poles\/aluminum-tent-poles\/","url":"https:\/\/eurotrail.info\/en\/producten\/tents\/spare-parts-tent-poles\/aluminum-tent-poles\/","name":"Aluminum Tent poles - Eurotrail | The way we camp!","isPartOf":{"@id":"https:\/\/eurotrail.info\/#website"},"primaryImageOfPage":{"@id":"https:\/\/eurotrail.info\/en\/producten\/tents\/spare-parts-tent-poles\/aluminum-tent-poles\/#primaryimage"},"image":{"@id":"https:\/\/eurotrail.info\/en\/producten\/tents\/spare-parts-tent-poles\/aluminum-tent-poles\/#primaryimage"},"thumbnailUrl":"https:\/\/eurotrail.info\/wp\/wp-content\/uploads\/2017\/03\/image-2017-03-01-5.jpg","datePublished":"2017-03-01T16:34:58+00:00","dateModified":"2019-01-23T11:28:13+00:00","breadcrumb":{"@id":"https:\/\/eurotrail.info\/en\/producten\/tents\/spare-parts-tent-poles\/aluminum-tent-poles\/#breadcrumb"},"inLanguage":"en-US","potentialAction":[{"@type":"ReadAction","target":["https:\/\/eurotrail.info\/en\/producten\/tents\/spare-parts-tent-poles\/aluminum-tent-poles\/"]}]},{"@type":"ImageObject","inLanguage":"en-US","@id":"https:\/\/eurotrail.info\/en\/producten\/tents\/spare-parts-tent-poles\/aluminum-tent-poles\/#primaryimage","url":"https:\/\/eurotrail.info\/wp\/wp-content\/uploads\/2017\/03\/image-2017-03-01-5.jpg","contentUrl":"https:\/\/eurotrail.info\/wp\/wp-content\/uploads\/2017\/03\/image-2017-03-01-5.jpg","width":1280,"height":675,"caption":"Aluminum Tent poles"},{"@type":"BreadcrumbList","@id":"https:\/\/eurotrail.info\/en\/producten\/tents\/spare-parts-tent-poles\/aluminum-tent-poles\/#breadcrumb","itemListElement":[{"@type":"ListItem","position":1,"name":"Home","item":"https:\/\/eurotrail.info\/en\/"},{"@type":"ListItem","position":2,"name":"Products","item":"https:\/\/eurotrail.info\/en\/products\/"},{"@type":"ListItem","position":3,"name":"Aluminum Tent poles"}]},{"@type":"WebSite","@id":"https:\/\/eurotrail.info\/#website","url":"https:\/\/eurotrail.info\/","name":"Eurotrail | The way we camp!","description":"","publisher":{"@id":"https:\/\/eurotrail.info\/#organization"},"potentialAction":[{"@type":"SearchAction","target":{"@type":"EntryPoint","urlTemplate":"https:\/\/eurotrail.info\/?s={search_term_string}"},"query-input":{"@type":"PropertyValueSpecification","valueRequired":true,"valueName":"search_term_string"}}],"inLanguage":"en-US"},{"@type":"Organization","@id":"https:\/\/eurotrail.info\/#organization","name":"Eurotrail | The way we camp!","url":"https:\/\/eurotrail.info\/","logo":{"@type":"ImageObject","inLanguage":"en-US","@id":"https:\/\/eurotrail.info\/#\/schema\/logo\/image\/","url":"https:\/\/eurotrail.info\/wp\/wp-content\/uploads\/2023\/07\/ET-logo-quote_NL-scaled.jpg","contentUrl":"https:\/\/eurotrail.info\/wp\/wp-content\/uploads\/2023\/07\/ET-logo-quote_NL-scaled.jpg","width":2560,"height":675,"caption":"Eurotrail | The way we camp!"},"image":{"@id":"https:\/\/eurotrail.info\/#\/schema\/logo\/image\/"}}]}},"_links":{"self":[{"href":"https:\/\/eurotrail.info\/en\/wp-json\/wp\/v2\/product\/6120","targetHints":{"allow":["GET"]}}],"collection":[{"href":"https:\/\/eurotrail.info\/en\/wp-json\/wp\/v2\/product"}],"about":[{"href":"https:\/\/eurotrail.info\/en\/wp-json\/wp\/v2\/types\/product"}],"replies":[{"embeddable":true,"href":"https:\/\/eurotrail.info\/en\/wp-json\/wp\/v2\/comments?post=6120"}],"wp:featuredmedia":[{"embeddable":true,"href":"https:\/\/eurotrail.info\/en\/wp-json\/wp\/v2\/media\/6039"}],"wp:attachment":[{"href":"https:\/\/eurotrail.info\/en\/wp-json\/wp\/v2\/media?parent=6120"}],"wp:term":[{"taxonomy":"product_brand","embeddable":true,"href":"https:\/\/eurotrail.info\/en\/wp-json\/wp\/v2\/product_brand?post=6120"},{"taxonomy":"product_cat","embeddable":true,"href":"https:\/\/eurotrail.info\/en\/wp-json\/wp\/v2\/product_cat?post=6120"},{"taxonomy":"product_tag","embeddable":true,"href":"https:\/\/eurotrail.info\/en\/wp-json\/wp\/v2\/product_tag?post=6120"}],"curies":[{"name":"wp","href":"https:\/\/api.w.org\/{rel}","templated":true}]}}