{"id":20786,"date":"2022-11-22T14:50:00","date_gmt":"2022-11-22T13:50:00","guid":{"rendered":"https:\/\/eurotrail.info\/?page_id=20786"},"modified":"2025-02-10T15:24:47","modified_gmt":"2025-02-10T14:24:47","slug":"sobre-nosotros","status":"publish","type":"page","link":"https:\/\/eurotrail.info\/es\/sobre-nosotros\/","title":{"rendered":"Sobre nosotros"},"content":{"rendered":"<p><strong>\u00a1Bienvenido a Eurotrail, la marca de la caravana. <\/strong><\/p>\n<p>En Eurotrail, nos esforzamos por hacer que acampar sea c\u00f3modo y sin preocupaciones. Como marca l\u00edder, ofrecemos productos de camping de alta calidad dise\u00f1ados para viajeros y familias aventureros.<\/p>\n<p>Nuestra amplia colecci\u00f3n incluye tiendas de campa\u00f1a para autobuses y autocaravanas, tiendas de campa\u00f1a familiares, muebles de camping y art\u00edculos pr\u00e1cticos para el hogar, como iluminaci\u00f3n, vajilla y cristaler\u00eda. Adem\u00e1s,<br \/>\nEurotrail ofrece una amplia gama de accesorios para caravanas y autocaravanas, incluidos toldos y tiendas de campa\u00f1a con toldo.<\/p>\n<p>Con Eurotrail, tiene garantizada la calidad, la comodidad y la conveniencia, sin importar a d\u00f3nde lo lleve su viaje.<\/p>\n<p><em>PD Trabajamos constantemente para mantener el sitio lo m\u00e1s f\u00e1cil de usar y completo posible y si tiene alg\u00fan comentario o comentario, h\u00e1ganoslo saber. \u00a1Los consejos sobre el sitio son siempre bienvenidos!<\/em><\/p>\n","protected":false},"excerpt":{"rendered":"<p>\u00a1Bienvenido a Eurotrail, la marca de la caravana. En Eurotrail, nos esforzamos por hacer que acampar sea c\u00f3modo y sin preocupaciones. Como marca l\u00edder, ofrecemos&hellip;<\/p>\n","protected":false},"author":3,"featured_media":0,"parent":0,"menu_order":0,"comment_status":"closed","ping_status":"closed","template":"","meta":{"_acf_changed":false,"footnotes":""},"class_list":["post-20786","page","type-page","status-publish","hentry"],"acf":[],"yoast_head":"<!-- This site is optimized with the Yoast SEO plugin v27.4 - https:\/\/yoast.com\/product\/yoast-seo-wordpress\/ -->\n<title>Sobre nosotros - Eurotrail | The way we camp!<\/title>\n<meta name=\"robots\" content=\"index, follow, max-snippet:-1, max-image-preview:large, max-video-preview:-1\" \/>\n<link rel=\"canonical\" href=\"https:\/\/eurotrail.info\/es\/sobre-nosotros\/\" \/>\n<meta property=\"og:locale\" content=\"es_ES\" \/>\n<meta property=\"og:type\" content=\"article\" \/>\n<meta property=\"og:title\" content=\"Sobre nosotros - Eurotrail | The way we camp!\" \/>\n<meta property=\"og:description\" content=\"\u00a1Bienvenido a Eurotrail, la marca de la caravana. En Eurotrail, nos esforzamos por hacer que acampar sea c\u00f3modo y sin preocupaciones. Como marca l\u00edder, ofrecemos&hellip;\" \/>\n<meta property=\"og:url\" content=\"https:\/\/eurotrail.info\/es\/sobre-nosotros\/\" \/>\n<meta property=\"og:site_name\" content=\"Eurotrail | The way we camp!\" \/>\n<meta property=\"article:modified_time\" content=\"2025-02-10T14:24:47+00:00\" \/>\n<meta name=\"twitter:card\" content=\"summary_large_image\" \/>\n<meta name=\"twitter:label1\" content=\"Tiempo de lectura\" \/>\n\t<meta name=\"twitter:data1\" content=\"1 minute\" \/>\n<script type=\"application\/ld+json\" class=\"yoast-schema-graph\">{\"@context\":\"https:\\\/\\\/schema.org\",\"@graph\":[{\"@type\":\"WebPage\",\"@id\":\"https:\\\/\\\/eurotrail.info\\\/es\\\/sobre-nosotros\\\/\",\"url\":\"https:\\\/\\\/eurotrail.info\\\/es\\\/sobre-nosotros\\\/\",\"name\":\"Sobre nosotros - Eurotrail | The way we camp!\",\"isPartOf\":{\"@id\":\"https:\\\/\\\/eurotrail.info\\\/#website\"},\"datePublished\":\"2022-11-22T13:50:00+00:00\",\"dateModified\":\"2025-02-10T14:24:47+00:00\",\"breadcrumb\":{\"@id\":\"https:\\\/\\\/eurotrail.info\\\/es\\\/sobre-nosotros\\\/#breadcrumb\"},\"inLanguage\":\"es-ES\",\"potentialAction\":[{\"@type\":\"ReadAction\",\"target\":[\"https:\\\/\\\/eurotrail.info\\\/es\\\/sobre-nosotros\\\/\"]}]},{\"@type\":\"BreadcrumbList\",\"@id\":\"https:\\\/\\\/eurotrail.info\\\/es\\\/sobre-nosotros\\\/#breadcrumb\",\"itemListElement\":[{\"@type\":\"ListItem\",\"position\":1,\"name\":\"Home\",\"item\":\"https:\\\/\\\/eurotrail.info\\\/es\\\/\"},{\"@type\":\"ListItem\",\"position\":2,\"name\":\"Sobre nosotros\"}]},{\"@type\":\"WebSite\",\"@id\":\"https:\\\/\\\/eurotrail.info\\\/#website\",\"url\":\"https:\\\/\\\/eurotrail.info\\\/\",\"name\":\"Eurotrail | The way we camp!\",\"description\":\"\",\"publisher\":{\"@id\":\"https:\\\/\\\/eurotrail.info\\\/#organization\"},\"potentialAction\":[{\"@type\":\"SearchAction\",\"target\":{\"@type\":\"EntryPoint\",\"urlTemplate\":\"https:\\\/\\\/eurotrail.info\\\/?s={search_term_string}\"},\"query-input\":{\"@type\":\"PropertyValueSpecification\",\"valueRequired\":true,\"valueName\":\"search_term_string\"}}],\"inLanguage\":\"es-ES\"},{\"@type\":\"Organization\",\"@id\":\"https:\\\/\\\/eurotrail.info\\\/#organization\",\"name\":\"Eurotrail | The way we camp!\",\"url\":\"https:\\\/\\\/eurotrail.info\\\/\",\"logo\":{\"@type\":\"ImageObject\",\"inLanguage\":\"es-ES\",\"@id\":\"https:\\\/\\\/eurotrail.info\\\/#\\\/schema\\\/logo\\\/image\\\/\",\"url\":\"https:\\\/\\\/eurotrail.info\\\/wp\\\/wp-content\\\/uploads\\\/2023\\\/07\\\/ET-logo-quote_NL-scaled.jpg\",\"contentUrl\":\"https:\\\/\\\/eurotrail.info\\\/wp\\\/wp-content\\\/uploads\\\/2023\\\/07\\\/ET-logo-quote_NL-scaled.jpg\",\"width\":2560,\"height\":675,\"caption\":\"Eurotrail | The way we camp!\"},\"image\":{\"@id\":\"https:\\\/\\\/eurotrail.info\\\/#\\\/schema\\\/logo\\\/image\\\/\"}}]}<\/script>\n<!-- \/ Yoast SEO plugin. -->","yoast_head_json":{"title":"Sobre nosotros - Eurotrail | The way we camp!","robots":{"index":"index","follow":"follow","max-snippet":"max-snippet:-1","max-image-preview":"max-image-preview:large","max-video-preview":"max-video-preview:-1"},"canonical":"https:\/\/eurotrail.info\/es\/sobre-nosotros\/","og_locale":"es_ES","og_type":"article","og_title":"Sobre nosotros - Eurotrail | The way we camp!","og_description":"\u00a1Bienvenido a Eurotrail, la marca de la caravana. En Eurotrail, nos esforzamos por hacer que acampar sea c\u00f3modo y sin preocupaciones. Como marca l\u00edder, ofrecemos&hellip;","og_url":"https:\/\/eurotrail.info\/es\/sobre-nosotros\/","og_site_name":"Eurotrail | The way we camp!","article_modified_time":"2025-02-10T14:24:47+00:00","twitter_card":"summary_large_image","twitter_misc":{"Tiempo de lectura":"1 minute"},"schema":{"@context":"https:\/\/schema.org","@graph":[{"@type":"WebPage","@id":"https:\/\/eurotrail.info\/es\/sobre-nosotros\/","url":"https:\/\/eurotrail.info\/es\/sobre-nosotros\/","name":"Sobre nosotros - Eurotrail | The way we camp!","isPartOf":{"@id":"https:\/\/eurotrail.info\/#website"},"datePublished":"2022-11-22T13:50:00+00:00","dateModified":"2025-02-10T14:24:47+00:00","breadcrumb":{"@id":"https:\/\/eurotrail.info\/es\/sobre-nosotros\/#breadcrumb"},"inLanguage":"es-ES","potentialAction":[{"@type":"ReadAction","target":["https:\/\/eurotrail.info\/es\/sobre-nosotros\/"]}]},{"@type":"BreadcrumbList","@id":"https:\/\/eurotrail.info\/es\/sobre-nosotros\/#breadcrumb","itemListElement":[{"@type":"ListItem","position":1,"name":"Home","item":"https:\/\/eurotrail.info\/es\/"},{"@type":"ListItem","position":2,"name":"Sobre nosotros"}]},{"@type":"WebSite","@id":"https:\/\/eurotrail.info\/#website","url":"https:\/\/eurotrail.info\/","name":"Eurotrail | The way we camp!","description":"","publisher":{"@id":"https:\/\/eurotrail.info\/#organization"},"potentialAction":[{"@type":"SearchAction","target":{"@type":"EntryPoint","urlTemplate":"https:\/\/eurotrail.info\/?s={search_term_string}"},"query-input":{"@type":"PropertyValueSpecification","valueRequired":true,"valueName":"search_term_string"}}],"inLanguage":"es-ES"},{"@type":"Organization","@id":"https:\/\/eurotrail.info\/#organization","name":"Eurotrail | The way we camp!","url":"https:\/\/eurotrail.info\/","logo":{"@type":"ImageObject","inLanguage":"es-ES","@id":"https:\/\/eurotrail.info\/#\/schema\/logo\/image\/","url":"https:\/\/eurotrail.info\/wp\/wp-content\/uploads\/2023\/07\/ET-logo-quote_NL-scaled.jpg","contentUrl":"https:\/\/eurotrail.info\/wp\/wp-content\/uploads\/2023\/07\/ET-logo-quote_NL-scaled.jpg","width":2560,"height":675,"caption":"Eurotrail | The way we camp!"},"image":{"@id":"https:\/\/eurotrail.info\/#\/schema\/logo\/image\/"}}]}},"_links":{"self":[{"href":"https:\/\/eurotrail.info\/es\/wp-json\/wp\/v2\/pages\/20786","targetHints":{"allow":["GET"]}}],"collection":[{"href":"https:\/\/eurotrail.info\/es\/wp-json\/wp\/v2\/pages"}],"about":[{"href":"https:\/\/eurotrail.info\/es\/wp-json\/wp\/v2\/types\/page"}],"author":[{"embeddable":true,"href":"https:\/\/eurotrail.info\/es\/wp-json\/wp\/v2\/users\/3"}],"replies":[{"embeddable":true,"href":"https:\/\/eurotrail.info\/es\/wp-json\/wp\/v2\/comments?post=20786"}],"version-history":[{"count":5,"href":"https:\/\/eurotrail.info\/es\/wp-json\/wp\/v2\/pages\/20786\/revisions"}],"predecessor-version":[{"id":23089,"href":"https:\/\/eurotrail.info\/es\/wp-json\/wp\/v2\/pages\/20786\/revisions\/23089"}],"wp:attachment":[{"href":"https:\/\/eurotrail.info\/es\/wp-json\/wp\/v2\/media?parent=20786"}],"curies":[{"name":"wp","href":"https:\/\/api.w.org\/{rel}","templated":true}]}}