{"id":23119,"date":"2025-02-10T16:32:29","date_gmt":"2025-02-10T15:32:29","guid":{"rendered":"https:\/\/eurotrail.info\/cookiebeleid\/"},"modified":"2025-02-10T18:03:11","modified_gmt":"2025-02-10T17:03:11","slug":"politica-de-cookies","status":"publish","type":"page","link":"https:\/\/eurotrail.info\/es\/politica-de-cookies\/","title":{"rendered":"Pol\u00edtica de Cookies"},"content":{"rendered":"<p><strong>\u00daltima actualizaci\u00f3n:<\/strong> 01-01-2025<br \/>\nEste sitio web utiliza cookies y tecnolog\u00edas similares para mejorar su experiencia de usuario y optimizar nuestro sitio. En esta pol\u00edtica de cookies, explicamos qu\u00e9 cookies usamos, por qu\u00e9 las usamos y c\u00f3mo puede gestionar sus preferencias.<\/p>\n<h2>1. \u00bfQu\u00e9 es una cookie?<\/h2>\n<p>Las cookies son peque\u00f1os archivos de texto almacenados en su dispositivo (ordenador, tableta o smartphone) cuando visita un sitio web. Permiten que los sitios web recuerden las preferencias de los usuarios y mejoren su funcionamiento y rendimiento.<\/p>\n<p>Existen diferentes tipos de cookies:<\/p>\n<ul>\n<li><strong>Cookies estrictamente necesarias:<\/strong> Esenciales para el funcionamiento del sitio web.<\/li>\n<li><strong>Cookies funcionales:<\/strong> Mejoran su experiencia recordando sus preferencias.<\/li>\n<li><strong>Cookies anal\u00edticas:<\/strong> Nos ayudan a analizar el tr\u00e1fico del sitio y el comportamiento de los usuarios.<\/li>\n<li><strong>Cookies de marketing:<\/strong> Se utilizan para mostrar anuncios personalizados.<\/li>\n<\/ul>\n<h2>2. \u00bfQu\u00e9 cookies utilizamos?<\/h2>\n<h3>a) Cookies estrictamente necesarias (Obligatorias)<\/h3>\n<p>Estas cookies son esenciales para el correcto funcionamiento del sitio web y no pueden ser desactivadas.<\/p>\n<ul>\n<li><strong>Ejemplo:<\/strong> Cookies de sesi\u00f3n que le mantienen conectado.<\/li>\n<li><strong>Base legal:<\/strong> Inter\u00e9s leg\u00edtimo (Art. 6(1)(f) del RGPD).<\/li>\n<\/ul>\n<h3>b) Cookies funcionales<\/h3>\n<p>Estas cookies almacenan sus preferencias para mejorar su experiencia de usuario.<\/p>\n<ul>\n<li><strong>Ejemplo:<\/strong> Cookies que recuerdan su idioma preferido.<\/li>\n<li><strong>Base legal:<\/strong> Su consentimiento (Art. 6(1)(a) del RGPD).<\/li>\n<\/ul>\n<h3>c) Cookies anal\u00edticas (Google Analytics)<\/h3>\n<p>Utilizamos Google Analytics para analizar las visitas y el comportamiento de los usuarios en el sitio.<\/p>\n<ul>\n<li><strong>Datos recopilados:<\/strong> Direcci\u00f3n IP (anonimizada), p\u00e1ginas visitadas, tiempo en el sitio.<\/li>\n<li><strong>Duraci\u00f3n de almacenamiento:<\/strong> 14 meses.<\/li>\n<li><strong>Base legal:<\/strong> Su consentimiento (Art. 6(1)(a) del RGPD).<br \/>\n<a href=\"https:\/\/policies.google.com\/privacy\" target=\"_new\" rel=\"noopener\">M\u00e1s informaci\u00f3n sobre Google Analytics<\/a><\/li>\n<\/ul>\n<h3>d) Cookies de marketing (Facebook Pixel, LinkedIn Insight Tag)<\/h3>\n<p>Estas cookies se utilizan para mostrar anuncios personalizados en Facebook y LinkedIn.<\/p>\n<ul>\n<li><strong>Datos recopilados:<\/strong> P\u00e1ginas visitadas, interacciones, direcci\u00f3n IP.<\/li>\n<li><strong>Base legal:<\/strong> Su consentimiento (Art. 6(1)(a) del RGPD).<br \/>\n<a href=\"https:\/\/www.facebook.com\/privacy\/policy\" target=\"_new\" rel=\"noopener\">M\u00e1s informaci\u00f3n sobre las cookies de Facebook<\/a><br \/>\n<a href=\"https:\/\/www.linkedin.com\/legal\/privacy-policy\" target=\"_new\" rel=\"noopener\">M\u00e1s informaci\u00f3n sobre las cookies de LinkedIn<\/a><\/li>\n<\/ul>\n<h2>3. \u00bfC\u00f3mo gestionar sus preferencias de cookies?<\/h2>\n<p>Cuando visite nuestro sitio web por primera vez, podr\u00e1 configurar sus preferencias a trav\u00e9s del banner de cookies. Puede modificar sus preferencias en cualquier momento en la configuraci\u00f3n de cookies o a trav\u00e9s de los ajustes de su navegador.<\/p>\n<h3>Desactivar cookies desde su navegador<\/h3>\n<p>Puede gestionar y eliminar cookies desde la configuraci\u00f3n de su navegador:<\/p>\n<ul>\n<li><strong>Google Chrome:<\/strong> <a target=\"_new\" rel=\"noopener\">Instrucciones<\/a><\/li>\n<li><strong>Mozilla Firefox:<\/strong> <a href=\"https:\/\/support.mozilla.org\/es\/kb\/habilitar-y-deshabilitar-cookies-sitios-web\" target=\"_new\" rel=\"noopener\">Instrucciones<\/a><\/li>\n<li><strong>Safari:<\/strong> <a href=\"https:\/\/support.apple.com\/es-es\/guide\/safari\/sfri11471\/mac\" target=\"_new\" rel=\"noopener\">Instrucciones<\/a><\/li>\n<li><strong>Microsoft Edge:<\/strong> <a href=\"https:\/\/support.microsoft.com\/es-es\/microsoft-edge\/eliminar-cookies-en-microsoft-edge-63947406-40ac-c3b8-57b9-2a946a29ae09\" target=\"_new\" rel=\"noopener\">Instrucciones<\/a><\/li>\n<\/ul>\n<p>\ud83d\udccc <strong>Nota:<\/strong> Si desactiva las cookies, algunas funciones de nuestro sitio web pueden no funcionar correctamente.<\/p>\n<h2>4. Cambios en la pol\u00edtica de cookies<\/h2>\n<p>Podemos actualizar esta pol\u00edtica de cookies ocasionalmente. La versi\u00f3n m\u00e1s reciente siempre estar\u00e1 disponible en esta p\u00e1gina.<\/p>\n<p>\ud83d\udcc5 <strong>\u00daltima actualizaci\u00f3n:<\/strong> 04-02-2025<\/p>\n<p>Si tiene preguntas sobre nuestra pol\u00edtica de cookies, puede contactarnos en <a rel=\"noopener\">info@eurotrail.info<\/a><\/p>\n","protected":false},"excerpt":{"rendered":"<p>\u00daltima actualizaci\u00f3n: 01-01-2025 Este sitio web utiliza cookies y tecnolog\u00edas similares para mejorar su experiencia de usuario y optimizar nuestro sitio. En esta pol\u00edtica de&hellip;<\/p>\n","protected":false},"author":6,"featured_media":0,"parent":0,"menu_order":0,"comment_status":"closed","ping_status":"closed","template":"","meta":{"_acf_changed":false,"footnotes":""},"class_list":["post-23119","page","type-page","status-publish","hentry"],"acf":[],"yoast_head":"<!-- This site is optimized with the Yoast SEO plugin v27.3 - https:\/\/yoast.com\/product\/yoast-seo-wordpress\/ -->\n<title>Pol\u00edtica de Cookies - Eurotrail | The way we camp!<\/title>\n<meta name=\"robots\" content=\"index, follow, max-snippet:-1, max-image-preview:large, max-video-preview:-1\" \/>\n<link rel=\"canonical\" href=\"https:\/\/eurotrail.info\/es\/politica-de-cookies\/\" \/>\n<meta property=\"og:locale\" content=\"es_ES\" \/>\n<meta property=\"og:type\" content=\"article\" \/>\n<meta property=\"og:title\" content=\"Pol\u00edtica de Cookies - Eurotrail | The way we camp!\" \/>\n<meta property=\"og:description\" content=\"\u00daltima actualizaci\u00f3n: 01-01-2025 Este sitio web utiliza cookies y tecnolog\u00edas similares para mejorar su experiencia de usuario y optimizar nuestro sitio. En esta pol\u00edtica de&hellip;\" \/>\n<meta property=\"og:url\" content=\"https:\/\/eurotrail.info\/es\/politica-de-cookies\/\" \/>\n<meta property=\"og:site_name\" content=\"Eurotrail | The way we camp!\" \/>\n<meta property=\"article:modified_time\" content=\"2025-02-10T17:03:11+00:00\" \/>\n<meta name=\"twitter:card\" content=\"summary_large_image\" \/>\n<meta name=\"twitter:label1\" content=\"Tiempo de lectura\" \/>\n\t<meta name=\"twitter:data1\" content=\"3 minutes\" \/>\n<script type=\"application\/ld+json\" class=\"yoast-schema-graph\">{\"@context\":\"https:\\\/\\\/schema.org\",\"@graph\":[{\"@type\":\"WebPage\",\"@id\":\"https:\\\/\\\/eurotrail.info\\\/es\\\/politica-de-cookies\\\/\",\"url\":\"https:\\\/\\\/eurotrail.info\\\/es\\\/politica-de-cookies\\\/\",\"name\":\"Pol\u00edtica de Cookies - Eurotrail | The way we camp!\",\"isPartOf\":{\"@id\":\"https:\\\/\\\/eurotrail.info\\\/#website\"},\"datePublished\":\"2025-02-10T15:32:29+00:00\",\"dateModified\":\"2025-02-10T17:03:11+00:00\",\"breadcrumb\":{\"@id\":\"https:\\\/\\\/eurotrail.info\\\/es\\\/politica-de-cookies\\\/#breadcrumb\"},\"inLanguage\":\"es-ES\",\"potentialAction\":[{\"@type\":\"ReadAction\",\"target\":[\"https:\\\/\\\/eurotrail.info\\\/es\\\/politica-de-cookies\\\/\"]}]},{\"@type\":\"BreadcrumbList\",\"@id\":\"https:\\\/\\\/eurotrail.info\\\/es\\\/politica-de-cookies\\\/#breadcrumb\",\"itemListElement\":[{\"@type\":\"ListItem\",\"position\":1,\"name\":\"Home\",\"item\":\"https:\\\/\\\/eurotrail.info\\\/es\\\/\"},{\"@type\":\"ListItem\",\"position\":2,\"name\":\"Pol\u00edtica de Cookies\"}]},{\"@type\":\"WebSite\",\"@id\":\"https:\\\/\\\/eurotrail.info\\\/#website\",\"url\":\"https:\\\/\\\/eurotrail.info\\\/\",\"name\":\"Eurotrail | The way we camp!\",\"description\":\"\",\"publisher\":{\"@id\":\"https:\\\/\\\/eurotrail.info\\\/#organization\"},\"potentialAction\":[{\"@type\":\"SearchAction\",\"target\":{\"@type\":\"EntryPoint\",\"urlTemplate\":\"https:\\\/\\\/eurotrail.info\\\/?s={search_term_string}\"},\"query-input\":{\"@type\":\"PropertyValueSpecification\",\"valueRequired\":true,\"valueName\":\"search_term_string\"}}],\"inLanguage\":\"es-ES\"},{\"@type\":\"Organization\",\"@id\":\"https:\\\/\\\/eurotrail.info\\\/#organization\",\"name\":\"Eurotrail | The way we camp!\",\"url\":\"https:\\\/\\\/eurotrail.info\\\/\",\"logo\":{\"@type\":\"ImageObject\",\"inLanguage\":\"es-ES\",\"@id\":\"https:\\\/\\\/eurotrail.info\\\/#\\\/schema\\\/logo\\\/image\\\/\",\"url\":\"https:\\\/\\\/eurotrail.info\\\/wp\\\/wp-content\\\/uploads\\\/2023\\\/07\\\/ET-logo-quote_NL-scaled.jpg\",\"contentUrl\":\"https:\\\/\\\/eurotrail.info\\\/wp\\\/wp-content\\\/uploads\\\/2023\\\/07\\\/ET-logo-quote_NL-scaled.jpg\",\"width\":2560,\"height\":675,\"caption\":\"Eurotrail | The way we camp!\"},\"image\":{\"@id\":\"https:\\\/\\\/eurotrail.info\\\/#\\\/schema\\\/logo\\\/image\\\/\"}}]}<\/script>\n<!-- \/ Yoast SEO plugin. -->","yoast_head_json":{"title":"Pol\u00edtica de Cookies - Eurotrail | The way we camp!","robots":{"index":"index","follow":"follow","max-snippet":"max-snippet:-1","max-image-preview":"max-image-preview:large","max-video-preview":"max-video-preview:-1"},"canonical":"https:\/\/eurotrail.info\/es\/politica-de-cookies\/","og_locale":"es_ES","og_type":"article","og_title":"Pol\u00edtica de Cookies - Eurotrail | The way we camp!","og_description":"\u00daltima actualizaci\u00f3n: 01-01-2025 Este sitio web utiliza cookies y tecnolog\u00edas similares para mejorar su experiencia de usuario y optimizar nuestro sitio. En esta pol\u00edtica de&hellip;","og_url":"https:\/\/eurotrail.info\/es\/politica-de-cookies\/","og_site_name":"Eurotrail | The way we camp!","article_modified_time":"2025-02-10T17:03:11+00:00","twitter_card":"summary_large_image","twitter_misc":{"Tiempo de lectura":"3 minutes"},"schema":{"@context":"https:\/\/schema.org","@graph":[{"@type":"WebPage","@id":"https:\/\/eurotrail.info\/es\/politica-de-cookies\/","url":"https:\/\/eurotrail.info\/es\/politica-de-cookies\/","name":"Pol\u00edtica de Cookies - Eurotrail | The way we camp!","isPartOf":{"@id":"https:\/\/eurotrail.info\/#website"},"datePublished":"2025-02-10T15:32:29+00:00","dateModified":"2025-02-10T17:03:11+00:00","breadcrumb":{"@id":"https:\/\/eurotrail.info\/es\/politica-de-cookies\/#breadcrumb"},"inLanguage":"es-ES","potentialAction":[{"@type":"ReadAction","target":["https:\/\/eurotrail.info\/es\/politica-de-cookies\/"]}]},{"@type":"BreadcrumbList","@id":"https:\/\/eurotrail.info\/es\/politica-de-cookies\/#breadcrumb","itemListElement":[{"@type":"ListItem","position":1,"name":"Home","item":"https:\/\/eurotrail.info\/es\/"},{"@type":"ListItem","position":2,"name":"Pol\u00edtica de Cookies"}]},{"@type":"WebSite","@id":"https:\/\/eurotrail.info\/#website","url":"https:\/\/eurotrail.info\/","name":"Eurotrail | The way we camp!","description":"","publisher":{"@id":"https:\/\/eurotrail.info\/#organization"},"potentialAction":[{"@type":"SearchAction","target":{"@type":"EntryPoint","urlTemplate":"https:\/\/eurotrail.info\/?s={search_term_string}"},"query-input":{"@type":"PropertyValueSpecification","valueRequired":true,"valueName":"search_term_string"}}],"inLanguage":"es-ES"},{"@type":"Organization","@id":"https:\/\/eurotrail.info\/#organization","name":"Eurotrail | The way we camp!","url":"https:\/\/eurotrail.info\/","logo":{"@type":"ImageObject","inLanguage":"es-ES","@id":"https:\/\/eurotrail.info\/#\/schema\/logo\/image\/","url":"https:\/\/eurotrail.info\/wp\/wp-content\/uploads\/2023\/07\/ET-logo-quote_NL-scaled.jpg","contentUrl":"https:\/\/eurotrail.info\/wp\/wp-content\/uploads\/2023\/07\/ET-logo-quote_NL-scaled.jpg","width":2560,"height":675,"caption":"Eurotrail | The way we camp!"},"image":{"@id":"https:\/\/eurotrail.info\/#\/schema\/logo\/image\/"}}]}},"_links":{"self":[{"href":"https:\/\/eurotrail.info\/es\/wp-json\/wp\/v2\/pages\/23119","targetHints":{"allow":["GET"]}}],"collection":[{"href":"https:\/\/eurotrail.info\/es\/wp-json\/wp\/v2\/pages"}],"about":[{"href":"https:\/\/eurotrail.info\/es\/wp-json\/wp\/v2\/types\/page"}],"author":[{"embeddable":true,"href":"https:\/\/eurotrail.info\/es\/wp-json\/wp\/v2\/users\/6"}],"replies":[{"embeddable":true,"href":"https:\/\/eurotrail.info\/es\/wp-json\/wp\/v2\/comments?post=23119"}],"version-history":[{"count":4,"href":"https:\/\/eurotrail.info\/es\/wp-json\/wp\/v2\/pages\/23119\/revisions"}],"predecessor-version":[{"id":23128,"href":"https:\/\/eurotrail.info\/es\/wp-json\/wp\/v2\/pages\/23119\/revisions\/23128"}],"wp:attachment":[{"href":"https:\/\/eurotrail.info\/es\/wp-json\/wp\/v2\/media?parent=23119"}],"curies":[{"name":"wp","href":"https:\/\/api.w.org\/{rel}","templated":true}]}}