{"id":19884,"date":"2022-10-10T12:15:22","date_gmt":"2022-10-10T11:15:22","guid":{"rendered":"https:\/\/eurotrail.info\/?post_type=product&#038;p=19884"},"modified":"2024-01-16T15:54:11","modified_gmt":"2024-01-16T14:54:11","slug":"eurotrail-toldo-palermo-air-hymer-eriba","status":"publish","type":"product","link":"https:\/\/eurotrail.info\/es\/producten\/caravana-autocaravana-autobus\/tiendas-caravana-camper\/eurotrail-toldo-palermo-air-hymer-eriba\/","title":{"rendered":"Palermo Air &#8211; Hymer\/Eriba"},"content":{"rendered":"<p>Tienda de campa\u00f1a hinchable Palermo Air especialmente desarrollada para caravanas con techo elevable como los modelos Hymer Eriba Touring (excepto modelo Puk) y con una altura de conexi\u00f3n de 187-220 cm. La carpa est\u00e1 equipada con el sistema inflable AirTube y es r\u00e1pida y f\u00e1cil de instalar.<br \/>\nLa sala de estar ofrece mucho espacio para una mesa y sillas y otros equipos de campamento. Los tubos de estabilizaci\u00f3n suministrados se insertan contra el techo y aseguran un toldo tenso y estabilidad adicional contra el viento. La pared frontal tiene grandes ventanales con cubiertas, puede abrir la pared frontal desde el lado izquierdo o derecho para usarla como puerta de entrada. La pared frontal se puede quitar por completo con una cremallera y tiene una puerta de malla adicional para ventilaci\u00f3n y protecci\u00f3n contra insectos. Debajo del dosel hay 2 ventanas de ventilaci\u00f3n de malla con cerradura para una ventilaci\u00f3n permanente. El dosel ofrece sombra adicional y lo protege de la lluvia al entrar. La tienda tiene una puerta de entrada extra a ambos lados con grandes ventanas con cubiertas. Suministrado con: Tubos estabilizadores, varillas de apoyo, bomba, piquetas y fald\u00f3n de tiro.<\/p>\n<p>Palermo Air es una carpa pr\u00e1ctica y f\u00e1cil de usar, r\u00e1pida y f\u00e1cil de instalar y le ofrece un espacio c\u00f3modo, ideal para permanecer con mal tiempo.<\/p>\n<p><a href=\"https:\/\/youtu.be\/vY76h64ch9Q\">esquema de instalaci\u00f3n Palermo Air<\/a><\/p>\n<p>CONSEJO: \u00a1Con la tienda interior independiente Eurotrail (ETCT0096, opcional) puede crear un espacio adicional para dormir para 2 personas en el toldo!<\/p>\n<p>Material<br \/>\nTecho: Poli\u00e9ster Oxford 210D antidesgarro &gt;5000 mm<br \/>\nPared: poli\u00e9ster 210D rip stop &gt;3000mm<br \/>\nDimensiones: 270x380x230cm<br \/>\nTend\u00f3n: \u00d8 7,0 mm, 350 cm de longitud<br \/>\ntubo de aire:<br \/>\nTubos principales: \u00d8 12cm TPU<br \/>\nTubos de techo: \u00d8 10cm TPU<br \/>\nPostes: poste de toldo de fibra de vidrio de \u00d8 11 mm, postes de soporte de \u00d8 16\/19 mm<br \/>\nEmbalado: 85x35x45cm<br \/>\nPeso: 22,6 kg.<\/p>\n","protected":false},"excerpt":{"rendered":"<p>Tienda de campa\u00f1a hinchable Palermo Air especialmente desarrollada para caravanas con techo elevable como los modelos Hymer Eriba Touring (excepto modelo Puk) y con una&hellip;<\/p>\n","protected":false},"featured_media":19865,"comment_status":"open","ping_status":"closed","template":"","meta":{"_acf_changed":false},"product_brand":[],"product_cat":[331],"product_tag":[],"class_list":{"0":"post-19884","1":"product","2":"type-product","3":"status-publish","4":"has-post-thumbnail","6":"product_cat-tiendas-caravana-camper","8":"first","9":"instock","10":"shipping-taxable","11":"product-type-simple"},"acf":[],"yoast_head":"<!-- This site is optimized with the Yoast SEO plugin v27.4 - https:\/\/yoast.com\/product\/yoast-seo-wordpress\/ -->\n<title>Palermo Air - Hymer\/Eriba - Eurotrail | The way we camp!<\/title>\n<meta name=\"description\" content=\"Tienda de campa\u00f1a hinchable Palermo Air especialmente desarrollada para caravanas con techo elevable como los modelos Hymer Eriba Touring (excepto modelo Puk) y con una altura de conexi\u00f3n de 187-220 cm.\" \/>\n<meta name=\"robots\" content=\"index, follow, max-snippet:-1, max-image-preview:large, max-video-preview:-1\" \/>\n<link rel=\"canonical\" href=\"https:\/\/eurotrail.info\/es\/producten\/caravana-autocaravana-autobus\/tiendas-caravana-camper\/eurotrail-toldo-palermo-air-hymer-eriba\/\" \/>\n<meta property=\"og:locale\" content=\"es_ES\" \/>\n<meta property=\"og:type\" content=\"article\" \/>\n<meta property=\"og:title\" content=\"Palermo Air - Hymer\/Eriba - Eurotrail | The way we camp!\" \/>\n<meta property=\"og:description\" content=\"Tienda de campa\u00f1a hinchable Palermo Air especialmente desarrollada para caravanas con techo elevable como los modelos Hymer Eriba Touring (excepto modelo Puk) y con una altura de conexi\u00f3n de 187-220 cm.\" \/>\n<meta property=\"og:url\" content=\"https:\/\/eurotrail.info\/es\/producten\/caravana-autocaravana-autobus\/tiendas-caravana-camper\/eurotrail-toldo-palermo-air-hymer-eriba\/\" \/>\n<meta property=\"og:site_name\" content=\"Eurotrail | The way we camp!\" \/>\n<meta property=\"article:modified_time\" content=\"2024-01-16T14:54:11+00:00\" \/>\n<meta property=\"og:image\" content=\"https:\/\/eurotrail.info\/wp\/wp-content\/uploads\/2022\/10\/ETCT0191-Palermo-Air_half_closed-KLEIN-scaled.jpg\" \/>\n\t<meta property=\"og:image:width\" content=\"2560\" \/>\n\t<meta property=\"og:image:height\" content=\"1707\" \/>\n\t<meta property=\"og:image:type\" content=\"image\/jpeg\" \/>\n<meta name=\"twitter:card\" content=\"summary_large_image\" \/>\n<meta name=\"twitter:label1\" content=\"Tiempo de lectura\" \/>\n\t<meta name=\"twitter:data1\" content=\"2 minutes\" \/>\n<script type=\"application\/ld+json\" class=\"yoast-schema-graph\">{\"@context\":\"https:\\\/\\\/schema.org\",\"@graph\":[{\"@type\":\"WebPage\",\"@id\":\"https:\\\/\\\/eurotrail.info\\\/es\\\/producten\\\/caravana-autocaravana-autobus\\\/tiendas-caravana-camper\\\/eurotrail-toldo-palermo-air-hymer-eriba\\\/\",\"url\":\"https:\\\/\\\/eurotrail.info\\\/es\\\/producten\\\/caravana-autocaravana-autobus\\\/tiendas-caravana-camper\\\/eurotrail-toldo-palermo-air-hymer-eriba\\\/\",\"name\":\"Palermo Air - Hymer\\\/Eriba - Eurotrail | The way we camp!\",\"isPartOf\":{\"@id\":\"https:\\\/\\\/eurotrail.info\\\/#website\"},\"primaryImageOfPage\":{\"@id\":\"https:\\\/\\\/eurotrail.info\\\/es\\\/producten\\\/caravana-autocaravana-autobus\\\/tiendas-caravana-camper\\\/eurotrail-toldo-palermo-air-hymer-eriba\\\/#primaryimage\"},\"image\":{\"@id\":\"https:\\\/\\\/eurotrail.info\\\/es\\\/producten\\\/caravana-autocaravana-autobus\\\/tiendas-caravana-camper\\\/eurotrail-toldo-palermo-air-hymer-eriba\\\/#primaryimage\"},\"thumbnailUrl\":\"https:\\\/\\\/eurotrail.info\\\/wp\\\/wp-content\\\/uploads\\\/2022\\\/10\\\/ETCT0191-Palermo-Air_half_closed-KLEIN-scaled.jpg\",\"datePublished\":\"2022-10-10T11:15:22+00:00\",\"dateModified\":\"2024-01-16T14:54:11+00:00\",\"description\":\"Tienda de campa\u00f1a hinchable Palermo Air especialmente desarrollada para caravanas con techo elevable como los modelos Hymer Eriba Touring (excepto modelo Puk) y con una altura de conexi\u00f3n de 187-220 cm.\",\"breadcrumb\":{\"@id\":\"https:\\\/\\\/eurotrail.info\\\/es\\\/producten\\\/caravana-autocaravana-autobus\\\/tiendas-caravana-camper\\\/eurotrail-toldo-palermo-air-hymer-eriba\\\/#breadcrumb\"},\"inLanguage\":\"es-ES\",\"potentialAction\":[{\"@type\":\"ReadAction\",\"target\":[\"https:\\\/\\\/eurotrail.info\\\/es\\\/producten\\\/caravana-autocaravana-autobus\\\/tiendas-caravana-camper\\\/eurotrail-toldo-palermo-air-hymer-eriba\\\/\"]}]},{\"@type\":\"ImageObject\",\"inLanguage\":\"es-ES\",\"@id\":\"https:\\\/\\\/eurotrail.info\\\/es\\\/producten\\\/caravana-autocaravana-autobus\\\/tiendas-caravana-camper\\\/eurotrail-toldo-palermo-air-hymer-eriba\\\/#primaryimage\",\"url\":\"https:\\\/\\\/eurotrail.info\\\/wp\\\/wp-content\\\/uploads\\\/2022\\\/10\\\/ETCT0191-Palermo-Air_half_closed-KLEIN-scaled.jpg\",\"contentUrl\":\"https:\\\/\\\/eurotrail.info\\\/wp\\\/wp-content\\\/uploads\\\/2022\\\/10\\\/ETCT0191-Palermo-Air_half_closed-KLEIN-scaled.jpg\",\"width\":2560,\"height\":1707,\"caption\":\"Opblaasbare caravan tent is speciaal ontwikkeld voor caravans met een hefdak o.a. Hymer Eriba Touring\"},{\"@type\":\"BreadcrumbList\",\"@id\":\"https:\\\/\\\/eurotrail.info\\\/es\\\/producten\\\/caravana-autocaravana-autobus\\\/tiendas-caravana-camper\\\/eurotrail-toldo-palermo-air-hymer-eriba\\\/#breadcrumb\",\"itemListElement\":[{\"@type\":\"ListItem\",\"position\":1,\"name\":\"Home\",\"item\":\"https:\\\/\\\/eurotrail.info\\\/es\\\/\"},{\"@type\":\"ListItem\",\"position\":2,\"name\":\"Productos\",\"item\":\"https:\\\/\\\/eurotrail.info\\\/es\\\/productos\\\/\"},{\"@type\":\"ListItem\",\"position\":3,\"name\":\"Palermo Air &#8211; Hymer\\\/Eriba\"}]},{\"@type\":\"WebSite\",\"@id\":\"https:\\\/\\\/eurotrail.info\\\/#website\",\"url\":\"https:\\\/\\\/eurotrail.info\\\/\",\"name\":\"Eurotrail | The way we camp!\",\"description\":\"\",\"publisher\":{\"@id\":\"https:\\\/\\\/eurotrail.info\\\/#organization\"},\"potentialAction\":[{\"@type\":\"SearchAction\",\"target\":{\"@type\":\"EntryPoint\",\"urlTemplate\":\"https:\\\/\\\/eurotrail.info\\\/?s={search_term_string}\"},\"query-input\":{\"@type\":\"PropertyValueSpecification\",\"valueRequired\":true,\"valueName\":\"search_term_string\"}}],\"inLanguage\":\"es-ES\"},{\"@type\":\"Organization\",\"@id\":\"https:\\\/\\\/eurotrail.info\\\/#organization\",\"name\":\"Eurotrail | The way we camp!\",\"url\":\"https:\\\/\\\/eurotrail.info\\\/\",\"logo\":{\"@type\":\"ImageObject\",\"inLanguage\":\"es-ES\",\"@id\":\"https:\\\/\\\/eurotrail.info\\\/#\\\/schema\\\/logo\\\/image\\\/\",\"url\":\"https:\\\/\\\/eurotrail.info\\\/wp\\\/wp-content\\\/uploads\\\/2023\\\/07\\\/ET-logo-quote_NL-scaled.jpg\",\"contentUrl\":\"https:\\\/\\\/eurotrail.info\\\/wp\\\/wp-content\\\/uploads\\\/2023\\\/07\\\/ET-logo-quote_NL-scaled.jpg\",\"width\":2560,\"height\":675,\"caption\":\"Eurotrail | The way we camp!\"},\"image\":{\"@id\":\"https:\\\/\\\/eurotrail.info\\\/#\\\/schema\\\/logo\\\/image\\\/\"}}]}<\/script>\n<!-- \/ Yoast SEO plugin. -->","yoast_head_json":{"title":"Palermo Air - Hymer\/Eriba - Eurotrail | The way we camp!","description":"Tienda de campa\u00f1a hinchable Palermo Air especialmente desarrollada para caravanas con techo elevable como los modelos Hymer Eriba Touring (excepto modelo Puk) y con una altura de conexi\u00f3n de 187-220 cm.","robots":{"index":"index","follow":"follow","max-snippet":"max-snippet:-1","max-image-preview":"max-image-preview:large","max-video-preview":"max-video-preview:-1"},"canonical":"https:\/\/eurotrail.info\/es\/producten\/caravana-autocaravana-autobus\/tiendas-caravana-camper\/eurotrail-toldo-palermo-air-hymer-eriba\/","og_locale":"es_ES","og_type":"article","og_title":"Palermo Air - Hymer\/Eriba - Eurotrail | The way we camp!","og_description":"Tienda de campa\u00f1a hinchable Palermo Air especialmente desarrollada para caravanas con techo elevable como los modelos Hymer Eriba Touring (excepto modelo Puk) y con una altura de conexi\u00f3n de 187-220 cm.","og_url":"https:\/\/eurotrail.info\/es\/producten\/caravana-autocaravana-autobus\/tiendas-caravana-camper\/eurotrail-toldo-palermo-air-hymer-eriba\/","og_site_name":"Eurotrail | The way we camp!","article_modified_time":"2024-01-16T14:54:11+00:00","og_image":[{"width":2560,"height":1707,"url":"https:\/\/eurotrail.info\/wp\/wp-content\/uploads\/2022\/10\/ETCT0191-Palermo-Air_half_closed-KLEIN-scaled.jpg","type":"image\/jpeg"}],"twitter_card":"summary_large_image","twitter_misc":{"Tiempo de lectura":"2 minutes"},"schema":{"@context":"https:\/\/schema.org","@graph":[{"@type":"WebPage","@id":"https:\/\/eurotrail.info\/es\/producten\/caravana-autocaravana-autobus\/tiendas-caravana-camper\/eurotrail-toldo-palermo-air-hymer-eriba\/","url":"https:\/\/eurotrail.info\/es\/producten\/caravana-autocaravana-autobus\/tiendas-caravana-camper\/eurotrail-toldo-palermo-air-hymer-eriba\/","name":"Palermo Air - Hymer\/Eriba - Eurotrail | The way we camp!","isPartOf":{"@id":"https:\/\/eurotrail.info\/#website"},"primaryImageOfPage":{"@id":"https:\/\/eurotrail.info\/es\/producten\/caravana-autocaravana-autobus\/tiendas-caravana-camper\/eurotrail-toldo-palermo-air-hymer-eriba\/#primaryimage"},"image":{"@id":"https:\/\/eurotrail.info\/es\/producten\/caravana-autocaravana-autobus\/tiendas-caravana-camper\/eurotrail-toldo-palermo-air-hymer-eriba\/#primaryimage"},"thumbnailUrl":"https:\/\/eurotrail.info\/wp\/wp-content\/uploads\/2022\/10\/ETCT0191-Palermo-Air_half_closed-KLEIN-scaled.jpg","datePublished":"2022-10-10T11:15:22+00:00","dateModified":"2024-01-16T14:54:11+00:00","description":"Tienda de campa\u00f1a hinchable Palermo Air especialmente desarrollada para caravanas con techo elevable como los modelos Hymer Eriba Touring (excepto modelo Puk) y con una altura de conexi\u00f3n de 187-220 cm.","breadcrumb":{"@id":"https:\/\/eurotrail.info\/es\/producten\/caravana-autocaravana-autobus\/tiendas-caravana-camper\/eurotrail-toldo-palermo-air-hymer-eriba\/#breadcrumb"},"inLanguage":"es-ES","potentialAction":[{"@type":"ReadAction","target":["https:\/\/eurotrail.info\/es\/producten\/caravana-autocaravana-autobus\/tiendas-caravana-camper\/eurotrail-toldo-palermo-air-hymer-eriba\/"]}]},{"@type":"ImageObject","inLanguage":"es-ES","@id":"https:\/\/eurotrail.info\/es\/producten\/caravana-autocaravana-autobus\/tiendas-caravana-camper\/eurotrail-toldo-palermo-air-hymer-eriba\/#primaryimage","url":"https:\/\/eurotrail.info\/wp\/wp-content\/uploads\/2022\/10\/ETCT0191-Palermo-Air_half_closed-KLEIN-scaled.jpg","contentUrl":"https:\/\/eurotrail.info\/wp\/wp-content\/uploads\/2022\/10\/ETCT0191-Palermo-Air_half_closed-KLEIN-scaled.jpg","width":2560,"height":1707,"caption":"Opblaasbare caravan tent is speciaal ontwikkeld voor caravans met een hefdak o.a. Hymer Eriba Touring"},{"@type":"BreadcrumbList","@id":"https:\/\/eurotrail.info\/es\/producten\/caravana-autocaravana-autobus\/tiendas-caravana-camper\/eurotrail-toldo-palermo-air-hymer-eriba\/#breadcrumb","itemListElement":[{"@type":"ListItem","position":1,"name":"Home","item":"https:\/\/eurotrail.info\/es\/"},{"@type":"ListItem","position":2,"name":"Productos","item":"https:\/\/eurotrail.info\/es\/productos\/"},{"@type":"ListItem","position":3,"name":"Palermo Air &#8211; Hymer\/Eriba"}]},{"@type":"WebSite","@id":"https:\/\/eurotrail.info\/#website","url":"https:\/\/eurotrail.info\/","name":"Eurotrail | The way we camp!","description":"","publisher":{"@id":"https:\/\/eurotrail.info\/#organization"},"potentialAction":[{"@type":"SearchAction","target":{"@type":"EntryPoint","urlTemplate":"https:\/\/eurotrail.info\/?s={search_term_string}"},"query-input":{"@type":"PropertyValueSpecification","valueRequired":true,"valueName":"search_term_string"}}],"inLanguage":"es-ES"},{"@type":"Organization","@id":"https:\/\/eurotrail.info\/#organization","name":"Eurotrail | The way we camp!","url":"https:\/\/eurotrail.info\/","logo":{"@type":"ImageObject","inLanguage":"es-ES","@id":"https:\/\/eurotrail.info\/#\/schema\/logo\/image\/","url":"https:\/\/eurotrail.info\/wp\/wp-content\/uploads\/2023\/07\/ET-logo-quote_NL-scaled.jpg","contentUrl":"https:\/\/eurotrail.info\/wp\/wp-content\/uploads\/2023\/07\/ET-logo-quote_NL-scaled.jpg","width":2560,"height":675,"caption":"Eurotrail | The way we camp!"},"image":{"@id":"https:\/\/eurotrail.info\/#\/schema\/logo\/image\/"}}]}},"_links":{"self":[{"href":"https:\/\/eurotrail.info\/es\/wp-json\/wp\/v2\/product\/19884","targetHints":{"allow":["GET"]}}],"collection":[{"href":"https:\/\/eurotrail.info\/es\/wp-json\/wp\/v2\/product"}],"about":[{"href":"https:\/\/eurotrail.info\/es\/wp-json\/wp\/v2\/types\/product"}],"replies":[{"embeddable":true,"href":"https:\/\/eurotrail.info\/es\/wp-json\/wp\/v2\/comments?post=19884"}],"wp:featuredmedia":[{"embeddable":true,"href":"https:\/\/eurotrail.info\/es\/wp-json\/wp\/v2\/media\/19865"}],"wp:attachment":[{"href":"https:\/\/eurotrail.info\/es\/wp-json\/wp\/v2\/media?parent=19884"}],"wp:term":[{"taxonomy":"product_brand","embeddable":true,"href":"https:\/\/eurotrail.info\/es\/wp-json\/wp\/v2\/product_brand?post=19884"},{"taxonomy":"product_cat","embeddable":true,"href":"https:\/\/eurotrail.info\/es\/wp-json\/wp\/v2\/product_cat?post=19884"},{"taxonomy":"product_tag","embeddable":true,"href":"https:\/\/eurotrail.info\/es\/wp-json\/wp\/v2\/product_tag?post=19884"}],"curies":[{"name":"wp","href":"https:\/\/api.w.org\/{rel}","templated":true}]}}