{"id":19993,"date":"2022-10-31T14:23:44","date_gmt":"2022-10-31T13:27:32","guid":{"rendered":"https:\/\/eurotrail.info\/?post_type=product&#038;p=19993"},"modified":"2023-06-02T13:59:20","modified_gmt":"2023-06-02T12:59:20","slug":"oak-creek-500-air-carpa-de-autobus","status":"publish","type":"product","link":"https:\/\/eurotrail.info\/es\/producten\/caravana-autocaravana-autobus\/carpas-de-autobus\/oak-creek-500-air-carpa-de-autobus\/","title":{"rendered":"Oak Creek 500 AIR carpa de autob\u00fas"},"content":{"rendered":"<p>Amplia carpa t\u00fanel hinchable que se instala paralela al autob\u00fas. La tienda tiene una gran sala de estar con suelo fijo y se suministra con una espaciosa tienda interior de 290x310cm. Ideal como lugar extra para dormir para hasta 4 personas o espacio de almacenamiento.<br \/>\nEl dosel profundo con grandes ventanales en ambos lados ofrece un amplio espacio donde puede sentarse protegido del sol, la lluvia o el viento.<br \/>\nSi se desea un gran espacio interior, p. cuando llueve, puedes colocar la pared frontal hacia el frente para tener un espacio interior de hasta 300x310cm. Mucho espacio para una mesa, sillas y otros equipos de camping. El suelo de la capota suministrado asegura que esta \u00e1rea tambi\u00e9n tenga un fondo protegido.<br \/>\nLa carpa tiene ventanas grandes con cubierta y la puerta frontal y lateral tambi\u00e9n tienen mosquiteros para mantener alejados a los insectos.<br \/>\nEl t\u00fanel de conexi\u00f3n tiene una puerta en ambos lados y se puede unir al autob\u00fas de varias maneras: tuber\u00eda desmontable de 7,5 + 4 mm, con la barra del techo o con velcro en el riel del techo. Altura de conexi\u00f3n 180-210 cm. Incluido bomba, carpa interior, suelo de capota, piquetas.<\/p>\n<p><a href=\"https:\/\/youtu.be\/RKLwXG1yEmM\">Manual Oak Creek 500 AIR<\/a><\/p>\n<p>Material tela exterior:<br \/>\nTecho: 210D Oxford Rip Stop, PU &gt; 5.000 mm columna de agua, UV<br \/>\nParedes: Poli\u00e9ster 190T PU &gt; 3000mm columna de agua, UV<br \/>\nSuelo: 130 gr. Hoja de PE<br \/>\nTienda interior: 290x210x200cm<br \/>\nMaterial: poli\u00e9ster 190T, fondo: poli\u00e9ster 190T pu<br \/>\nTubos de aire: \u00d810cm<br \/>\nTend\u00f3n: 7,5 + 4 mm, 265 de longitud<br \/>\nPoste del dosel: aluminio de 16 mm<br \/>\nDimensiones: 540x310x210cm<br \/>\nEmbalado: 80x40x40cm<br \/>\nPeso: 25,5 kg.<\/p>\n","protected":false},"excerpt":{"rendered":"<p>Amplia carpa t\u00fanel hinchable que se instala paralela al autob\u00fas. La tienda tiene una gran sala de estar con suelo fijo y se suministra con&hellip;<\/p>\n","protected":false},"featured_media":19980,"comment_status":"open","ping_status":"closed","template":"","meta":{"_acf_changed":false},"product_brand":[],"product_cat":[329,330],"product_tag":[],"class_list":{"0":"post-19993","1":"product","2":"type-product","3":"status-publish","4":"has-post-thumbnail","6":"product_cat-caravana-autocaravana-autobus","7":"product_cat-carpas-de-autobus","9":"first","10":"instock","11":"shipping-taxable","12":"product-type-simple"},"acf":[],"yoast_head":"<!-- This site is optimized with the Yoast SEO plugin v27.4 - https:\/\/yoast.com\/product\/yoast-seo-wordpress\/ -->\n<title>Oak Creek 500 AIR carpa de autob\u00fas - Eurotrail | The way we camp!<\/title>\n<meta name=\"description\" content=\"Amplia carpa t\u00fanel hinchable que se instala paralela al autob\u00fas. La tienda tiene una gran sala de estar con suelo fijo y se suministra con una espaciosa tienda interior de 290x310cm.\" \/>\n<meta name=\"robots\" content=\"index, follow, max-snippet:-1, max-image-preview:large, max-video-preview:-1\" \/>\n<link rel=\"canonical\" href=\"https:\/\/eurotrail.info\/es\/producten\/caravana-autocaravana-autobus\/carpas-de-autobus\/oak-creek-500-air-carpa-de-autobus\/\" \/>\n<meta property=\"og:locale\" content=\"es_ES\" \/>\n<meta property=\"og:type\" content=\"article\" \/>\n<meta property=\"og:title\" content=\"Oak Creek 500 AIR carpa de autob\u00fas - Eurotrail | The way we camp!\" \/>\n<meta property=\"og:description\" content=\"Amplia carpa t\u00fanel hinchable que se instala paralela al autob\u00fas. La tienda tiene una gran sala de estar con suelo fijo y se suministra con una espaciosa tienda interior de 290x310cm.\" \/>\n<meta property=\"og:url\" content=\"https:\/\/eurotrail.info\/es\/producten\/caravana-autocaravana-autobus\/carpas-de-autobus\/oak-creek-500-air-carpa-de-autobus\/\" \/>\n<meta property=\"og:site_name\" content=\"Eurotrail | The way we camp!\" \/>\n<meta property=\"article:modified_time\" content=\"2023-06-02T12:59:20+00:00\" \/>\n<meta property=\"og:image\" content=\"https:\/\/eurotrail.info\/wp\/wp-content\/uploads\/2022\/10\/IMG_1335-KLEIN.jpg\" \/>\n\t<meta property=\"og:image:width\" content=\"2394\" \/>\n\t<meta property=\"og:image:height\" content=\"1623\" \/>\n\t<meta property=\"og:image:type\" content=\"image\/jpeg\" \/>\n<meta name=\"twitter:card\" content=\"summary_large_image\" \/>\n<meta name=\"twitter:label1\" content=\"Tiempo de lectura\" \/>\n\t<meta name=\"twitter:data1\" content=\"2 minutes\" \/>\n<script type=\"application\/ld+json\" class=\"yoast-schema-graph\">{\"@context\":\"https:\\\/\\\/schema.org\",\"@graph\":[{\"@type\":\"WebPage\",\"@id\":\"https:\\\/\\\/eurotrail.info\\\/es\\\/producten\\\/caravana-autocaravana-autobus\\\/carpas-de-autobus\\\/oak-creek-500-air-carpa-de-autobus\\\/\",\"url\":\"https:\\\/\\\/eurotrail.info\\\/es\\\/producten\\\/caravana-autocaravana-autobus\\\/carpas-de-autobus\\\/oak-creek-500-air-carpa-de-autobus\\\/\",\"name\":\"Oak Creek 500 AIR carpa de autob\u00fas - Eurotrail | The way we camp!\",\"isPartOf\":{\"@id\":\"https:\\\/\\\/eurotrail.info\\\/#website\"},\"primaryImageOfPage\":{\"@id\":\"https:\\\/\\\/eurotrail.info\\\/es\\\/producten\\\/caravana-autocaravana-autobus\\\/carpas-de-autobus\\\/oak-creek-500-air-carpa-de-autobus\\\/#primaryimage\"},\"image\":{\"@id\":\"https:\\\/\\\/eurotrail.info\\\/es\\\/producten\\\/caravana-autocaravana-autobus\\\/carpas-de-autobus\\\/oak-creek-500-air-carpa-de-autobus\\\/#primaryimage\"},\"thumbnailUrl\":\"https:\\\/\\\/eurotrail.info\\\/wp\\\/wp-content\\\/uploads\\\/2022\\\/10\\\/IMG_1335-KLEIN.jpg\",\"datePublished\":\"2022-10-31T13:27:32+00:00\",\"dateModified\":\"2023-06-02T12:59:20+00:00\",\"description\":\"Amplia carpa t\u00fanel hinchable que se instala paralela al autob\u00fas. La tienda tiene una gran sala de estar con suelo fijo y se suministra con una espaciosa tienda interior de 290x310cm.\",\"breadcrumb\":{\"@id\":\"https:\\\/\\\/eurotrail.info\\\/es\\\/producten\\\/caravana-autocaravana-autobus\\\/carpas-de-autobus\\\/oak-creek-500-air-carpa-de-autobus\\\/#breadcrumb\"},\"inLanguage\":\"es-ES\",\"potentialAction\":[{\"@type\":\"ReadAction\",\"target\":[\"https:\\\/\\\/eurotrail.info\\\/es\\\/producten\\\/caravana-autocaravana-autobus\\\/carpas-de-autobus\\\/oak-creek-500-air-carpa-de-autobus\\\/\"]}]},{\"@type\":\"ImageObject\",\"inLanguage\":\"es-ES\",\"@id\":\"https:\\\/\\\/eurotrail.info\\\/es\\\/producten\\\/caravana-autocaravana-autobus\\\/carpas-de-autobus\\\/oak-creek-500-air-carpa-de-autobus\\\/#primaryimage\",\"url\":\"https:\\\/\\\/eurotrail.info\\\/wp\\\/wp-content\\\/uploads\\\/2022\\\/10\\\/IMG_1335-KLEIN.jpg\",\"contentUrl\":\"https:\\\/\\\/eurotrail.info\\\/wp\\\/wp-content\\\/uploads\\\/2022\\\/10\\\/IMG_1335-KLEIN.jpg\",\"width\":2394,\"height\":1623,\"caption\":\"Eurotrail Oak Creek 500 AIR\"},{\"@type\":\"BreadcrumbList\",\"@id\":\"https:\\\/\\\/eurotrail.info\\\/es\\\/producten\\\/caravana-autocaravana-autobus\\\/carpas-de-autobus\\\/oak-creek-500-air-carpa-de-autobus\\\/#breadcrumb\",\"itemListElement\":[{\"@type\":\"ListItem\",\"position\":1,\"name\":\"Home\",\"item\":\"https:\\\/\\\/eurotrail.info\\\/es\\\/\"},{\"@type\":\"ListItem\",\"position\":2,\"name\":\"Productos\",\"item\":\"https:\\\/\\\/eurotrail.info\\\/es\\\/productos\\\/\"},{\"@type\":\"ListItem\",\"position\":3,\"name\":\"Oak Creek 500 AIR carpa de autob\u00fas\"}]},{\"@type\":\"WebSite\",\"@id\":\"https:\\\/\\\/eurotrail.info\\\/#website\",\"url\":\"https:\\\/\\\/eurotrail.info\\\/\",\"name\":\"Eurotrail | The way we camp!\",\"description\":\"\",\"publisher\":{\"@id\":\"https:\\\/\\\/eurotrail.info\\\/#organization\"},\"potentialAction\":[{\"@type\":\"SearchAction\",\"target\":{\"@type\":\"EntryPoint\",\"urlTemplate\":\"https:\\\/\\\/eurotrail.info\\\/?s={search_term_string}\"},\"query-input\":{\"@type\":\"PropertyValueSpecification\",\"valueRequired\":true,\"valueName\":\"search_term_string\"}}],\"inLanguage\":\"es-ES\"},{\"@type\":\"Organization\",\"@id\":\"https:\\\/\\\/eurotrail.info\\\/#organization\",\"name\":\"Eurotrail | The way we camp!\",\"url\":\"https:\\\/\\\/eurotrail.info\\\/\",\"logo\":{\"@type\":\"ImageObject\",\"inLanguage\":\"es-ES\",\"@id\":\"https:\\\/\\\/eurotrail.info\\\/#\\\/schema\\\/logo\\\/image\\\/\",\"url\":\"https:\\\/\\\/eurotrail.info\\\/wp\\\/wp-content\\\/uploads\\\/2023\\\/07\\\/ET-logo-quote_NL-scaled.jpg\",\"contentUrl\":\"https:\\\/\\\/eurotrail.info\\\/wp\\\/wp-content\\\/uploads\\\/2023\\\/07\\\/ET-logo-quote_NL-scaled.jpg\",\"width\":2560,\"height\":675,\"caption\":\"Eurotrail | The way we camp!\"},\"image\":{\"@id\":\"https:\\\/\\\/eurotrail.info\\\/#\\\/schema\\\/logo\\\/image\\\/\"}}]}<\/script>\n<!-- \/ Yoast SEO plugin. -->","yoast_head_json":{"title":"Oak Creek 500 AIR carpa de autob\u00fas - Eurotrail | The way we camp!","description":"Amplia carpa t\u00fanel hinchable que se instala paralela al autob\u00fas. La tienda tiene una gran sala de estar con suelo fijo y se suministra con una espaciosa tienda interior de 290x310cm.","robots":{"index":"index","follow":"follow","max-snippet":"max-snippet:-1","max-image-preview":"max-image-preview:large","max-video-preview":"max-video-preview:-1"},"canonical":"https:\/\/eurotrail.info\/es\/producten\/caravana-autocaravana-autobus\/carpas-de-autobus\/oak-creek-500-air-carpa-de-autobus\/","og_locale":"es_ES","og_type":"article","og_title":"Oak Creek 500 AIR carpa de autob\u00fas - Eurotrail | The way we camp!","og_description":"Amplia carpa t\u00fanel hinchable que se instala paralela al autob\u00fas. La tienda tiene una gran sala de estar con suelo fijo y se suministra con una espaciosa tienda interior de 290x310cm.","og_url":"https:\/\/eurotrail.info\/es\/producten\/caravana-autocaravana-autobus\/carpas-de-autobus\/oak-creek-500-air-carpa-de-autobus\/","og_site_name":"Eurotrail | The way we camp!","article_modified_time":"2023-06-02T12:59:20+00:00","og_image":[{"width":2394,"height":1623,"url":"https:\/\/eurotrail.info\/wp\/wp-content\/uploads\/2022\/10\/IMG_1335-KLEIN.jpg","type":"image\/jpeg"}],"twitter_card":"summary_large_image","twitter_misc":{"Tiempo de lectura":"2 minutes"},"schema":{"@context":"https:\/\/schema.org","@graph":[{"@type":"WebPage","@id":"https:\/\/eurotrail.info\/es\/producten\/caravana-autocaravana-autobus\/carpas-de-autobus\/oak-creek-500-air-carpa-de-autobus\/","url":"https:\/\/eurotrail.info\/es\/producten\/caravana-autocaravana-autobus\/carpas-de-autobus\/oak-creek-500-air-carpa-de-autobus\/","name":"Oak Creek 500 AIR carpa de autob\u00fas - Eurotrail | The way we camp!","isPartOf":{"@id":"https:\/\/eurotrail.info\/#website"},"primaryImageOfPage":{"@id":"https:\/\/eurotrail.info\/es\/producten\/caravana-autocaravana-autobus\/carpas-de-autobus\/oak-creek-500-air-carpa-de-autobus\/#primaryimage"},"image":{"@id":"https:\/\/eurotrail.info\/es\/producten\/caravana-autocaravana-autobus\/carpas-de-autobus\/oak-creek-500-air-carpa-de-autobus\/#primaryimage"},"thumbnailUrl":"https:\/\/eurotrail.info\/wp\/wp-content\/uploads\/2022\/10\/IMG_1335-KLEIN.jpg","datePublished":"2022-10-31T13:27:32+00:00","dateModified":"2023-06-02T12:59:20+00:00","description":"Amplia carpa t\u00fanel hinchable que se instala paralela al autob\u00fas. La tienda tiene una gran sala de estar con suelo fijo y se suministra con una espaciosa tienda interior de 290x310cm.","breadcrumb":{"@id":"https:\/\/eurotrail.info\/es\/producten\/caravana-autocaravana-autobus\/carpas-de-autobus\/oak-creek-500-air-carpa-de-autobus\/#breadcrumb"},"inLanguage":"es-ES","potentialAction":[{"@type":"ReadAction","target":["https:\/\/eurotrail.info\/es\/producten\/caravana-autocaravana-autobus\/carpas-de-autobus\/oak-creek-500-air-carpa-de-autobus\/"]}]},{"@type":"ImageObject","inLanguage":"es-ES","@id":"https:\/\/eurotrail.info\/es\/producten\/caravana-autocaravana-autobus\/carpas-de-autobus\/oak-creek-500-air-carpa-de-autobus\/#primaryimage","url":"https:\/\/eurotrail.info\/wp\/wp-content\/uploads\/2022\/10\/IMG_1335-KLEIN.jpg","contentUrl":"https:\/\/eurotrail.info\/wp\/wp-content\/uploads\/2022\/10\/IMG_1335-KLEIN.jpg","width":2394,"height":1623,"caption":"Eurotrail Oak Creek 500 AIR"},{"@type":"BreadcrumbList","@id":"https:\/\/eurotrail.info\/es\/producten\/caravana-autocaravana-autobus\/carpas-de-autobus\/oak-creek-500-air-carpa-de-autobus\/#breadcrumb","itemListElement":[{"@type":"ListItem","position":1,"name":"Home","item":"https:\/\/eurotrail.info\/es\/"},{"@type":"ListItem","position":2,"name":"Productos","item":"https:\/\/eurotrail.info\/es\/productos\/"},{"@type":"ListItem","position":3,"name":"Oak Creek 500 AIR carpa de autob\u00fas"}]},{"@type":"WebSite","@id":"https:\/\/eurotrail.info\/#website","url":"https:\/\/eurotrail.info\/","name":"Eurotrail | The way we camp!","description":"","publisher":{"@id":"https:\/\/eurotrail.info\/#organization"},"potentialAction":[{"@type":"SearchAction","target":{"@type":"EntryPoint","urlTemplate":"https:\/\/eurotrail.info\/?s={search_term_string}"},"query-input":{"@type":"PropertyValueSpecification","valueRequired":true,"valueName":"search_term_string"}}],"inLanguage":"es-ES"},{"@type":"Organization","@id":"https:\/\/eurotrail.info\/#organization","name":"Eurotrail | The way we camp!","url":"https:\/\/eurotrail.info\/","logo":{"@type":"ImageObject","inLanguage":"es-ES","@id":"https:\/\/eurotrail.info\/#\/schema\/logo\/image\/","url":"https:\/\/eurotrail.info\/wp\/wp-content\/uploads\/2023\/07\/ET-logo-quote_NL-scaled.jpg","contentUrl":"https:\/\/eurotrail.info\/wp\/wp-content\/uploads\/2023\/07\/ET-logo-quote_NL-scaled.jpg","width":2560,"height":675,"caption":"Eurotrail | The way we camp!"},"image":{"@id":"https:\/\/eurotrail.info\/#\/schema\/logo\/image\/"}}]}},"_links":{"self":[{"href":"https:\/\/eurotrail.info\/es\/wp-json\/wp\/v2\/product\/19993","targetHints":{"allow":["GET"]}}],"collection":[{"href":"https:\/\/eurotrail.info\/es\/wp-json\/wp\/v2\/product"}],"about":[{"href":"https:\/\/eurotrail.info\/es\/wp-json\/wp\/v2\/types\/product"}],"replies":[{"embeddable":true,"href":"https:\/\/eurotrail.info\/es\/wp-json\/wp\/v2\/comments?post=19993"}],"wp:featuredmedia":[{"embeddable":true,"href":"https:\/\/eurotrail.info\/es\/wp-json\/wp\/v2\/media\/19980"}],"wp:attachment":[{"href":"https:\/\/eurotrail.info\/es\/wp-json\/wp\/v2\/media?parent=19993"}],"wp:term":[{"taxonomy":"product_brand","embeddable":true,"href":"https:\/\/eurotrail.info\/es\/wp-json\/wp\/v2\/product_brand?post=19993"},{"taxonomy":"product_cat","embeddable":true,"href":"https:\/\/eurotrail.info\/es\/wp-json\/wp\/v2\/product_cat?post=19993"},{"taxonomy":"product_tag","embeddable":true,"href":"https:\/\/eurotrail.info\/es\/wp-json\/wp\/v2\/product_tag?post=19993"}],"curies":[{"name":"wp","href":"https:\/\/api.w.org\/{rel}","templated":true}]}}