{"id":20048,"date":"2022-10-31T14:37:08","date_gmt":"2022-10-31T13:37:08","guid":{"rendered":"https:\/\/eurotrail.info\/?post_type=product&#038;p=20048"},"modified":"2026-02-11T17:20:08","modified_gmt":"2026-02-11T16:20:08","slug":"sprak-lampara-de-mesa-recargable","status":"publish","type":"product","link":"https:\/\/eurotrail.info\/es\/producten\/alivio\/sprak-lampara-de-mesa-recargable\/","title":{"rendered":"Spark L\u00e1mpara de mesa recargable"},"content":{"rendered":"<p><strong>L\u00e1mpara de Mesa Spark \u2013 Peque\u00f1a en tama\u00f1o, gran ambiente<\/strong> \u2728<\/p>\n<p>Lleva calidez y estilo a tu hogar al instante con la l\u00e1mpara de mesa Spark. Esta l\u00e1mpara de elegante dise\u00f1o se sostiene firmemente sobre su estable base de hierro y se adapta perfectamente a una mesa, mesita de noche o escritorio.<\/p>\n<p>Spark se adapta completamente a tu momento: elige una luz blanca brillante para leer, una luz c\u00e1lida para una tarde relajante o uno de los diversos colores de ambiente para crear el ambiente perfecto. Desde un estilo tranquilo y rom\u00e1ntico hasta uno divertido y moderno, Spark lo tiene todo.<\/p>\n<p>Gracias a su bater\u00eda de litio recargable integrada, puedes llevarla f\u00e1cilmente contigo por toda la casa. La carga es r\u00e1pida y sencilla con el cable USB incluido, as\u00ed que nunca te quedar\u00e1s sin luz por mucho tiempo.<\/p>\n<p>Con su silueta cl\u00e1sica y sus modernas opciones de iluminaci\u00f3n, Spark es una aut\u00e9ntica todoterreno: perfecta para cualquier ocasi\u00f3n y cualquier interior.<\/p>\n<p>Material: pl\u00e1stico PP, base met\u00e1lica<br \/>\nDimensiones : \u00d815x26cm<br \/>\nLED: 4 LED RGB + 9 LED blanco c\u00e1lido<br \/>\nResistente al agua: IP44 resistente al agua<br \/>\nL\u00famenes: 140 l\u00famenes<br \/>\nBater\u00eda: iones de litio de 3,7 V y 1800 mAh.<br \/>\nTiempo de carga: \u00b1 4-5 horas<br \/>\nTiempo de trabajo: \u00b1 5-6 horas<br \/>\nPeso: 0,66 kg.<\/p>\n","protected":false},"excerpt":{"rendered":"<p>L\u00e1mpara de Mesa Spark \u2013 Peque\u00f1a en tama\u00f1o, gran ambiente \u2728 Lleva calidez y estilo a tu hogar al instante con la l\u00e1mpara de mesa&hellip;<\/p>\n","protected":false},"featured_media":20015,"comment_status":"open","ping_status":"closed","template":"","meta":{"_acf_changed":false},"product_brand":[],"product_cat":[379],"product_tag":[],"class_list":{"0":"post-20048","1":"product","2":"type-product","3":"status-publish","4":"has-post-thumbnail","6":"product_cat-alivio","8":"first","9":"instock","10":"shipping-taxable","11":"product-type-simple"},"acf":[],"yoast_head":"<!-- This site is optimized with the Yoast SEO plugin v27.3 - https:\/\/yoast.com\/product\/yoast-seo-wordpress\/ -->\n<title>Spark L\u00e1mpara de mesa recargable - Eurotrail | The way we camp!<\/title>\n<meta name=\"description\" content=\"L\u00e1mpara de mesa con base estable de hierro. La l\u00e1mpara proporciona una luz blanca brillante o c\u00e1lida y tambi\u00e9n se puede ajustar en diferentes colores ambientales.\" \/>\n<meta name=\"robots\" content=\"index, follow, max-snippet:-1, max-image-preview:large, max-video-preview:-1\" \/>\n<link rel=\"canonical\" href=\"https:\/\/eurotrail.info\/es\/producten\/alivio\/sprak-lampara-de-mesa-recargable\/\" \/>\n<meta property=\"og:locale\" content=\"es_ES\" \/>\n<meta property=\"og:type\" content=\"article\" \/>\n<meta property=\"og:title\" content=\"Spark L\u00e1mpara de mesa recargable - Eurotrail | The way we camp!\" \/>\n<meta property=\"og:description\" content=\"L\u00e1mpara de mesa con base estable de hierro. La l\u00e1mpara proporciona una luz blanca brillante o c\u00e1lida y tambi\u00e9n se puede ajustar en diferentes colores ambientales.\" \/>\n<meta property=\"og:url\" content=\"https:\/\/eurotrail.info\/es\/producten\/alivio\/sprak-lampara-de-mesa-recargable\/\" \/>\n<meta property=\"og:site_name\" content=\"Eurotrail | The way we camp!\" \/>\n<meta property=\"article:modified_time\" content=\"2026-02-11T16:20:08+00:00\" \/>\n<meta property=\"og:image\" content=\"https:\/\/eurotrail.info\/wp\/wp-content\/uploads\/2022\/10\/tafellampje-1a.jpg\" \/>\n\t<meta property=\"og:image:width\" content=\"1416\" \/>\n\t<meta property=\"og:image:height\" content=\"2553\" \/>\n\t<meta property=\"og:image:type\" content=\"image\/jpeg\" \/>\n<meta name=\"twitter:card\" content=\"summary_large_image\" \/>\n<meta name=\"twitter:label1\" content=\"Tiempo de lectura\" \/>\n\t<meta name=\"twitter:data1\" content=\"2 minutes\" \/>\n<script type=\"application\/ld+json\" class=\"yoast-schema-graph\">{\"@context\":\"https:\\\/\\\/schema.org\",\"@graph\":[{\"@type\":\"WebPage\",\"@id\":\"https:\\\/\\\/eurotrail.info\\\/es\\\/producten\\\/alivio\\\/sprak-lampara-de-mesa-recargable\\\/\",\"url\":\"https:\\\/\\\/eurotrail.info\\\/es\\\/producten\\\/alivio\\\/sprak-lampara-de-mesa-recargable\\\/\",\"name\":\"Spark L\u00e1mpara de mesa recargable - Eurotrail | The way we camp!\",\"isPartOf\":{\"@id\":\"https:\\\/\\\/eurotrail.info\\\/#website\"},\"primaryImageOfPage\":{\"@id\":\"https:\\\/\\\/eurotrail.info\\\/es\\\/producten\\\/alivio\\\/sprak-lampara-de-mesa-recargable\\\/#primaryimage\"},\"image\":{\"@id\":\"https:\\\/\\\/eurotrail.info\\\/es\\\/producten\\\/alivio\\\/sprak-lampara-de-mesa-recargable\\\/#primaryimage\"},\"thumbnailUrl\":\"https:\\\/\\\/eurotrail.info\\\/wp\\\/wp-content\\\/uploads\\\/2022\\\/10\\\/tafellampje-1a.jpg\",\"datePublished\":\"2022-10-31T13:37:08+00:00\",\"dateModified\":\"2026-02-11T16:20:08+00:00\",\"description\":\"L\u00e1mpara de mesa con base estable de hierro. La l\u00e1mpara proporciona una luz blanca brillante o c\u00e1lida y tambi\u00e9n se puede ajustar en diferentes colores ambientales.\",\"breadcrumb\":{\"@id\":\"https:\\\/\\\/eurotrail.info\\\/es\\\/producten\\\/alivio\\\/sprak-lampara-de-mesa-recargable\\\/#breadcrumb\"},\"inLanguage\":\"es-ES\",\"potentialAction\":[{\"@type\":\"ReadAction\",\"target\":[\"https:\\\/\\\/eurotrail.info\\\/es\\\/producten\\\/alivio\\\/sprak-lampara-de-mesa-recargable\\\/\"]}]},{\"@type\":\"ImageObject\",\"inLanguage\":\"es-ES\",\"@id\":\"https:\\\/\\\/eurotrail.info\\\/es\\\/producten\\\/alivio\\\/sprak-lampara-de-mesa-recargable\\\/#primaryimage\",\"url\":\"https:\\\/\\\/eurotrail.info\\\/wp\\\/wp-content\\\/uploads\\\/2022\\\/10\\\/tafellampje-1a.jpg\",\"contentUrl\":\"https:\\\/\\\/eurotrail.info\\\/wp\\\/wp-content\\\/uploads\\\/2022\\\/10\\\/tafellampje-1a.jpg\",\"width\":1416,\"height\":2553,\"caption\":\"Eurotrail tafellamp Spark\"},{\"@type\":\"BreadcrumbList\",\"@id\":\"https:\\\/\\\/eurotrail.info\\\/es\\\/producten\\\/alivio\\\/sprak-lampara-de-mesa-recargable\\\/#breadcrumb\",\"itemListElement\":[{\"@type\":\"ListItem\",\"position\":1,\"name\":\"Home\",\"item\":\"https:\\\/\\\/eurotrail.info\\\/es\\\/\"},{\"@type\":\"ListItem\",\"position\":2,\"name\":\"Productos\",\"item\":\"https:\\\/\\\/eurotrail.info\\\/es\\\/productos\\\/\"},{\"@type\":\"ListItem\",\"position\":3,\"name\":\"Spark L\u00e1mpara de mesa recargable\"}]},{\"@type\":\"WebSite\",\"@id\":\"https:\\\/\\\/eurotrail.info\\\/#website\",\"url\":\"https:\\\/\\\/eurotrail.info\\\/\",\"name\":\"Eurotrail | The way we camp!\",\"description\":\"\",\"publisher\":{\"@id\":\"https:\\\/\\\/eurotrail.info\\\/#organization\"},\"potentialAction\":[{\"@type\":\"SearchAction\",\"target\":{\"@type\":\"EntryPoint\",\"urlTemplate\":\"https:\\\/\\\/eurotrail.info\\\/?s={search_term_string}\"},\"query-input\":{\"@type\":\"PropertyValueSpecification\",\"valueRequired\":true,\"valueName\":\"search_term_string\"}}],\"inLanguage\":\"es-ES\"},{\"@type\":\"Organization\",\"@id\":\"https:\\\/\\\/eurotrail.info\\\/#organization\",\"name\":\"Eurotrail | The way we camp!\",\"url\":\"https:\\\/\\\/eurotrail.info\\\/\",\"logo\":{\"@type\":\"ImageObject\",\"inLanguage\":\"es-ES\",\"@id\":\"https:\\\/\\\/eurotrail.info\\\/#\\\/schema\\\/logo\\\/image\\\/\",\"url\":\"https:\\\/\\\/eurotrail.info\\\/wp\\\/wp-content\\\/uploads\\\/2023\\\/07\\\/ET-logo-quote_NL-scaled.jpg\",\"contentUrl\":\"https:\\\/\\\/eurotrail.info\\\/wp\\\/wp-content\\\/uploads\\\/2023\\\/07\\\/ET-logo-quote_NL-scaled.jpg\",\"width\":2560,\"height\":675,\"caption\":\"Eurotrail | The way we camp!\"},\"image\":{\"@id\":\"https:\\\/\\\/eurotrail.info\\\/#\\\/schema\\\/logo\\\/image\\\/\"}}]}<\/script>\n<!-- \/ Yoast SEO plugin. -->","yoast_head_json":{"title":"Spark L\u00e1mpara de mesa recargable - Eurotrail | The way we camp!","description":"L\u00e1mpara de mesa con base estable de hierro. La l\u00e1mpara proporciona una luz blanca brillante o c\u00e1lida y tambi\u00e9n se puede ajustar en diferentes colores ambientales.","robots":{"index":"index","follow":"follow","max-snippet":"max-snippet:-1","max-image-preview":"max-image-preview:large","max-video-preview":"max-video-preview:-1"},"canonical":"https:\/\/eurotrail.info\/es\/producten\/alivio\/sprak-lampara-de-mesa-recargable\/","og_locale":"es_ES","og_type":"article","og_title":"Spark L\u00e1mpara de mesa recargable - Eurotrail | The way we camp!","og_description":"L\u00e1mpara de mesa con base estable de hierro. La l\u00e1mpara proporciona una luz blanca brillante o c\u00e1lida y tambi\u00e9n se puede ajustar en diferentes colores ambientales.","og_url":"https:\/\/eurotrail.info\/es\/producten\/alivio\/sprak-lampara-de-mesa-recargable\/","og_site_name":"Eurotrail | The way we camp!","article_modified_time":"2026-02-11T16:20:08+00:00","og_image":[{"width":1416,"height":2553,"url":"https:\/\/eurotrail.info\/wp\/wp-content\/uploads\/2022\/10\/tafellampje-1a.jpg","type":"image\/jpeg"}],"twitter_card":"summary_large_image","twitter_misc":{"Tiempo de lectura":"2 minutes"},"schema":{"@context":"https:\/\/schema.org","@graph":[{"@type":"WebPage","@id":"https:\/\/eurotrail.info\/es\/producten\/alivio\/sprak-lampara-de-mesa-recargable\/","url":"https:\/\/eurotrail.info\/es\/producten\/alivio\/sprak-lampara-de-mesa-recargable\/","name":"Spark L\u00e1mpara de mesa recargable - Eurotrail | The way we camp!","isPartOf":{"@id":"https:\/\/eurotrail.info\/#website"},"primaryImageOfPage":{"@id":"https:\/\/eurotrail.info\/es\/producten\/alivio\/sprak-lampara-de-mesa-recargable\/#primaryimage"},"image":{"@id":"https:\/\/eurotrail.info\/es\/producten\/alivio\/sprak-lampara-de-mesa-recargable\/#primaryimage"},"thumbnailUrl":"https:\/\/eurotrail.info\/wp\/wp-content\/uploads\/2022\/10\/tafellampje-1a.jpg","datePublished":"2022-10-31T13:37:08+00:00","dateModified":"2026-02-11T16:20:08+00:00","description":"L\u00e1mpara de mesa con base estable de hierro. La l\u00e1mpara proporciona una luz blanca brillante o c\u00e1lida y tambi\u00e9n se puede ajustar en diferentes colores ambientales.","breadcrumb":{"@id":"https:\/\/eurotrail.info\/es\/producten\/alivio\/sprak-lampara-de-mesa-recargable\/#breadcrumb"},"inLanguage":"es-ES","potentialAction":[{"@type":"ReadAction","target":["https:\/\/eurotrail.info\/es\/producten\/alivio\/sprak-lampara-de-mesa-recargable\/"]}]},{"@type":"ImageObject","inLanguage":"es-ES","@id":"https:\/\/eurotrail.info\/es\/producten\/alivio\/sprak-lampara-de-mesa-recargable\/#primaryimage","url":"https:\/\/eurotrail.info\/wp\/wp-content\/uploads\/2022\/10\/tafellampje-1a.jpg","contentUrl":"https:\/\/eurotrail.info\/wp\/wp-content\/uploads\/2022\/10\/tafellampje-1a.jpg","width":1416,"height":2553,"caption":"Eurotrail tafellamp Spark"},{"@type":"BreadcrumbList","@id":"https:\/\/eurotrail.info\/es\/producten\/alivio\/sprak-lampara-de-mesa-recargable\/#breadcrumb","itemListElement":[{"@type":"ListItem","position":1,"name":"Home","item":"https:\/\/eurotrail.info\/es\/"},{"@type":"ListItem","position":2,"name":"Productos","item":"https:\/\/eurotrail.info\/es\/productos\/"},{"@type":"ListItem","position":3,"name":"Spark L\u00e1mpara de mesa recargable"}]},{"@type":"WebSite","@id":"https:\/\/eurotrail.info\/#website","url":"https:\/\/eurotrail.info\/","name":"Eurotrail | The way we camp!","description":"","publisher":{"@id":"https:\/\/eurotrail.info\/#organization"},"potentialAction":[{"@type":"SearchAction","target":{"@type":"EntryPoint","urlTemplate":"https:\/\/eurotrail.info\/?s={search_term_string}"},"query-input":{"@type":"PropertyValueSpecification","valueRequired":true,"valueName":"search_term_string"}}],"inLanguage":"es-ES"},{"@type":"Organization","@id":"https:\/\/eurotrail.info\/#organization","name":"Eurotrail | The way we camp!","url":"https:\/\/eurotrail.info\/","logo":{"@type":"ImageObject","inLanguage":"es-ES","@id":"https:\/\/eurotrail.info\/#\/schema\/logo\/image\/","url":"https:\/\/eurotrail.info\/wp\/wp-content\/uploads\/2023\/07\/ET-logo-quote_NL-scaled.jpg","contentUrl":"https:\/\/eurotrail.info\/wp\/wp-content\/uploads\/2023\/07\/ET-logo-quote_NL-scaled.jpg","width":2560,"height":675,"caption":"Eurotrail | The way we camp!"},"image":{"@id":"https:\/\/eurotrail.info\/#\/schema\/logo\/image\/"}}]}},"_links":{"self":[{"href":"https:\/\/eurotrail.info\/es\/wp-json\/wp\/v2\/product\/20048","targetHints":{"allow":["GET"]}}],"collection":[{"href":"https:\/\/eurotrail.info\/es\/wp-json\/wp\/v2\/product"}],"about":[{"href":"https:\/\/eurotrail.info\/es\/wp-json\/wp\/v2\/types\/product"}],"replies":[{"embeddable":true,"href":"https:\/\/eurotrail.info\/es\/wp-json\/wp\/v2\/comments?post=20048"}],"wp:featuredmedia":[{"embeddable":true,"href":"https:\/\/eurotrail.info\/es\/wp-json\/wp\/v2\/media\/20015"}],"wp:attachment":[{"href":"https:\/\/eurotrail.info\/es\/wp-json\/wp\/v2\/media?parent=20048"}],"wp:term":[{"taxonomy":"product_brand","embeddable":true,"href":"https:\/\/eurotrail.info\/es\/wp-json\/wp\/v2\/product_brand?post=20048"},{"taxonomy":"product_cat","embeddable":true,"href":"https:\/\/eurotrail.info\/es\/wp-json\/wp\/v2\/product_cat?post=20048"},{"taxonomy":"product_tag","embeddable":true,"href":"https:\/\/eurotrail.info\/es\/wp-json\/wp\/v2\/product_tag?post=20048"}],"curies":[{"name":"wp","href":"https:\/\/api.w.org\/{rel}","templated":true}]}}