{"id":20108,"date":"2022-10-31T14:57:11","date_gmt":"2022-10-31T13:59:35","guid":{"rendered":"https:\/\/eurotrail.info\/?post_type=product&#038;p=20108"},"modified":"2023-04-06T14:11:25","modified_gmt":"2023-04-06T13:11:25","slug":"annecy-l-premium-juego-de-sartenes","status":"publish","type":"product","link":"https:\/\/eurotrail.info\/es\/producten\/domestico\/conjuntos-de-sartenes-de-acero-inoxidable\/annecy-l-premium-juego-de-sartenes\/","title":{"rendered":"Annecy L Premium juego de sartenes"},"content":{"rendered":"<p>Juego de sartenes de acero inoxidable de lujo con tapa de vidrio con borde de silicona. Las sartenes son encajables y est\u00e1n equipadas con un asa extra\u00edble para que puedan guardarse en casi cualquier lugar. El mango especial se puede quitar f\u00e1cilmente mediante un exclusivo sistema de clic y garantiza un agarre estable de las sartenes. \u00a1Debido a que el asa es extra\u00edble, las sartenes tambi\u00e9n son aptas para usar en el horno! \u00a1En el interior de las sartenes hay una graduaci\u00f3n pr\u00e1ctica para que puedas ver exactamente el contenido de la sart\u00e9n. La tapa es de vidrio templado con borde y pomo de silicona. Las sartenes encajan entre s\u00ed y por lo tanto ocupan poco espacio. El fondo de la c\u00e1psula los hace aptos para todas las fuentes de calor como gas, electricidad, cer\u00e1mica o inducci\u00f3n.<\/p>\n<p>\u00d8 18x9cm, 1.5 ltr., 800 gr.<br \/>\n\u00d8 20x10cm, 2.0 ltr., 971 gr.<\/p>\n","protected":false},"excerpt":{"rendered":"<p>Juego de sartenes de acero inoxidable de lujo con tapa de vidrio con borde de silicona. Las sartenes son encajables y est\u00e1n equipadas con un&hellip;<\/p>\n","protected":false},"featured_media":20085,"comment_status":"open","ping_status":"closed","template":"","meta":{"_acf_changed":false},"product_brand":[],"product_cat":[343],"product_tag":[],"class_list":{"0":"post-20108","1":"product","2":"type-product","3":"status-publish","4":"has-post-thumbnail","6":"product_cat-conjuntos-de-sartenes-de-acero-inoxidable","8":"first","9":"instock","10":"shipping-taxable","11":"product-type-simple"},"acf":[],"yoast_head":"<!-- This site is optimized with the Yoast SEO plugin v27.3 - https:\/\/yoast.com\/product\/yoast-seo-wordpress\/ -->\n<title>Annecy L Premium juego de sartenes - Eurotrail | The way we camp!<\/title>\n<meta name=\"description\" content=\"Juego de sartenes de acero inoxidable de lujo con tapa de vidrio con borde de silicona. Las sartenes son encajables y est\u00e1n equipadas con un asa extra\u00edble para que puedan guardarse en casi cualquier lugar.\" \/>\n<meta name=\"robots\" content=\"index, follow, max-snippet:-1, max-image-preview:large, max-video-preview:-1\" \/>\n<link rel=\"canonical\" href=\"https:\/\/eurotrail.info\/es\/producten\/domestico\/conjuntos-de-sartenes-de-acero-inoxidable\/annecy-l-premium-juego-de-sartenes\/\" \/>\n<meta property=\"og:locale\" content=\"es_ES\" \/>\n<meta property=\"og:type\" content=\"article\" \/>\n<meta property=\"og:title\" content=\"Annecy L Premium juego de sartenes - Eurotrail | The way we camp!\" \/>\n<meta property=\"og:description\" content=\"Juego de sartenes de acero inoxidable de lujo con tapa de vidrio con borde de silicona. Las sartenes son encajables y est\u00e1n equipadas con un asa extra\u00edble para que puedan guardarse en casi cualquier lugar.\" \/>\n<meta property=\"og:url\" content=\"https:\/\/eurotrail.info\/es\/producten\/domestico\/conjuntos-de-sartenes-de-acero-inoxidable\/annecy-l-premium-juego-de-sartenes\/\" \/>\n<meta property=\"og:site_name\" content=\"Eurotrail | The way we camp!\" \/>\n<meta property=\"article:modified_time\" content=\"2023-04-06T13:11:25+00:00\" \/>\n<meta property=\"og:image\" content=\"https:\/\/eurotrail.info\/wp\/wp-content\/uploads\/2022\/10\/Annecy-M-L-Premium-1-1-scaled.jpg\" \/>\n\t<meta property=\"og:image:width\" content=\"2560\" \/>\n\t<meta property=\"og:image:height\" content=\"1807\" \/>\n\t<meta property=\"og:image:type\" content=\"image\/jpeg\" \/>\n<meta name=\"twitter:card\" content=\"summary_large_image\" \/>\n<meta name=\"twitter:label1\" content=\"Tiempo de lectura\" \/>\n\t<meta name=\"twitter:data1\" content=\"1 minute\" \/>\n<script type=\"application\/ld+json\" class=\"yoast-schema-graph\">{\"@context\":\"https:\\\/\\\/schema.org\",\"@graph\":[{\"@type\":\"WebPage\",\"@id\":\"https:\\\/\\\/eurotrail.info\\\/es\\\/producten\\\/domestico\\\/conjuntos-de-sartenes-de-acero-inoxidable\\\/annecy-l-premium-juego-de-sartenes\\\/\",\"url\":\"https:\\\/\\\/eurotrail.info\\\/es\\\/producten\\\/domestico\\\/conjuntos-de-sartenes-de-acero-inoxidable\\\/annecy-l-premium-juego-de-sartenes\\\/\",\"name\":\"Annecy L Premium juego de sartenes - Eurotrail | The way we camp!\",\"isPartOf\":{\"@id\":\"https:\\\/\\\/eurotrail.info\\\/#website\"},\"primaryImageOfPage\":{\"@id\":\"https:\\\/\\\/eurotrail.info\\\/es\\\/producten\\\/domestico\\\/conjuntos-de-sartenes-de-acero-inoxidable\\\/annecy-l-premium-juego-de-sartenes\\\/#primaryimage\"},\"image\":{\"@id\":\"https:\\\/\\\/eurotrail.info\\\/es\\\/producten\\\/domestico\\\/conjuntos-de-sartenes-de-acero-inoxidable\\\/annecy-l-premium-juego-de-sartenes\\\/#primaryimage\"},\"thumbnailUrl\":\"https:\\\/\\\/eurotrail.info\\\/wp\\\/wp-content\\\/uploads\\\/2022\\\/10\\\/Annecy-M-L-Premium-1-1-scaled.jpg\",\"datePublished\":\"2022-10-31T13:59:35+00:00\",\"dateModified\":\"2023-04-06T13:11:25+00:00\",\"description\":\"Juego de sartenes de acero inoxidable de lujo con tapa de vidrio con borde de silicona. Las sartenes son encajables y est\u00e1n equipadas con un asa extra\u00edble para que puedan guardarse en casi cualquier lugar.\",\"breadcrumb\":{\"@id\":\"https:\\\/\\\/eurotrail.info\\\/es\\\/producten\\\/domestico\\\/conjuntos-de-sartenes-de-acero-inoxidable\\\/annecy-l-premium-juego-de-sartenes\\\/#breadcrumb\"},\"inLanguage\":\"es-ES\",\"potentialAction\":[{\"@type\":\"ReadAction\",\"target\":[\"https:\\\/\\\/eurotrail.info\\\/es\\\/producten\\\/domestico\\\/conjuntos-de-sartenes-de-acero-inoxidable\\\/annecy-l-premium-juego-de-sartenes\\\/\"]}]},{\"@type\":\"ImageObject\",\"inLanguage\":\"es-ES\",\"@id\":\"https:\\\/\\\/eurotrail.info\\\/es\\\/producten\\\/domestico\\\/conjuntos-de-sartenes-de-acero-inoxidable\\\/annecy-l-premium-juego-de-sartenes\\\/#primaryimage\",\"url\":\"https:\\\/\\\/eurotrail.info\\\/wp\\\/wp-content\\\/uploads\\\/2022\\\/10\\\/Annecy-M-L-Premium-1-1-scaled.jpg\",\"contentUrl\":\"https:\\\/\\\/eurotrail.info\\\/wp\\\/wp-content\\\/uploads\\\/2022\\\/10\\\/Annecy-M-L-Premium-1-1-scaled.jpg\",\"width\":2560,\"height\":1807,\"caption\":\"Eurotrail Pannenset Annecy L\"},{\"@type\":\"BreadcrumbList\",\"@id\":\"https:\\\/\\\/eurotrail.info\\\/es\\\/producten\\\/domestico\\\/conjuntos-de-sartenes-de-acero-inoxidable\\\/annecy-l-premium-juego-de-sartenes\\\/#breadcrumb\",\"itemListElement\":[{\"@type\":\"ListItem\",\"position\":1,\"name\":\"Home\",\"item\":\"https:\\\/\\\/eurotrail.info\\\/es\\\/\"},{\"@type\":\"ListItem\",\"position\":2,\"name\":\"Productos\",\"item\":\"https:\\\/\\\/eurotrail.info\\\/es\\\/productos\\\/\"},{\"@type\":\"ListItem\",\"position\":3,\"name\":\"Annecy L Premium juego de sartenes\"}]},{\"@type\":\"WebSite\",\"@id\":\"https:\\\/\\\/eurotrail.info\\\/#website\",\"url\":\"https:\\\/\\\/eurotrail.info\\\/\",\"name\":\"Eurotrail | The way we camp!\",\"description\":\"\",\"publisher\":{\"@id\":\"https:\\\/\\\/eurotrail.info\\\/#organization\"},\"potentialAction\":[{\"@type\":\"SearchAction\",\"target\":{\"@type\":\"EntryPoint\",\"urlTemplate\":\"https:\\\/\\\/eurotrail.info\\\/?s={search_term_string}\"},\"query-input\":{\"@type\":\"PropertyValueSpecification\",\"valueRequired\":true,\"valueName\":\"search_term_string\"}}],\"inLanguage\":\"es-ES\"},{\"@type\":\"Organization\",\"@id\":\"https:\\\/\\\/eurotrail.info\\\/#organization\",\"name\":\"Eurotrail | The way we camp!\",\"url\":\"https:\\\/\\\/eurotrail.info\\\/\",\"logo\":{\"@type\":\"ImageObject\",\"inLanguage\":\"es-ES\",\"@id\":\"https:\\\/\\\/eurotrail.info\\\/#\\\/schema\\\/logo\\\/image\\\/\",\"url\":\"https:\\\/\\\/eurotrail.info\\\/wp\\\/wp-content\\\/uploads\\\/2023\\\/07\\\/ET-logo-quote_NL-scaled.jpg\",\"contentUrl\":\"https:\\\/\\\/eurotrail.info\\\/wp\\\/wp-content\\\/uploads\\\/2023\\\/07\\\/ET-logo-quote_NL-scaled.jpg\",\"width\":2560,\"height\":675,\"caption\":\"Eurotrail | The way we camp!\"},\"image\":{\"@id\":\"https:\\\/\\\/eurotrail.info\\\/#\\\/schema\\\/logo\\\/image\\\/\"}}]}<\/script>\n<!-- \/ Yoast SEO plugin. -->","yoast_head_json":{"title":"Annecy L Premium juego de sartenes - Eurotrail | The way we camp!","description":"Juego de sartenes de acero inoxidable de lujo con tapa de vidrio con borde de silicona. Las sartenes son encajables y est\u00e1n equipadas con un asa extra\u00edble para que puedan guardarse en casi cualquier lugar.","robots":{"index":"index","follow":"follow","max-snippet":"max-snippet:-1","max-image-preview":"max-image-preview:large","max-video-preview":"max-video-preview:-1"},"canonical":"https:\/\/eurotrail.info\/es\/producten\/domestico\/conjuntos-de-sartenes-de-acero-inoxidable\/annecy-l-premium-juego-de-sartenes\/","og_locale":"es_ES","og_type":"article","og_title":"Annecy L Premium juego de sartenes - Eurotrail | The way we camp!","og_description":"Juego de sartenes de acero inoxidable de lujo con tapa de vidrio con borde de silicona. Las sartenes son encajables y est\u00e1n equipadas con un asa extra\u00edble para que puedan guardarse en casi cualquier lugar.","og_url":"https:\/\/eurotrail.info\/es\/producten\/domestico\/conjuntos-de-sartenes-de-acero-inoxidable\/annecy-l-premium-juego-de-sartenes\/","og_site_name":"Eurotrail | The way we camp!","article_modified_time":"2023-04-06T13:11:25+00:00","og_image":[{"width":2560,"height":1807,"url":"https:\/\/eurotrail.info\/wp\/wp-content\/uploads\/2022\/10\/Annecy-M-L-Premium-1-1-scaled.jpg","type":"image\/jpeg"}],"twitter_card":"summary_large_image","twitter_misc":{"Tiempo de lectura":"1 minute"},"schema":{"@context":"https:\/\/schema.org","@graph":[{"@type":"WebPage","@id":"https:\/\/eurotrail.info\/es\/producten\/domestico\/conjuntos-de-sartenes-de-acero-inoxidable\/annecy-l-premium-juego-de-sartenes\/","url":"https:\/\/eurotrail.info\/es\/producten\/domestico\/conjuntos-de-sartenes-de-acero-inoxidable\/annecy-l-premium-juego-de-sartenes\/","name":"Annecy L Premium juego de sartenes - Eurotrail | The way we camp!","isPartOf":{"@id":"https:\/\/eurotrail.info\/#website"},"primaryImageOfPage":{"@id":"https:\/\/eurotrail.info\/es\/producten\/domestico\/conjuntos-de-sartenes-de-acero-inoxidable\/annecy-l-premium-juego-de-sartenes\/#primaryimage"},"image":{"@id":"https:\/\/eurotrail.info\/es\/producten\/domestico\/conjuntos-de-sartenes-de-acero-inoxidable\/annecy-l-premium-juego-de-sartenes\/#primaryimage"},"thumbnailUrl":"https:\/\/eurotrail.info\/wp\/wp-content\/uploads\/2022\/10\/Annecy-M-L-Premium-1-1-scaled.jpg","datePublished":"2022-10-31T13:59:35+00:00","dateModified":"2023-04-06T13:11:25+00:00","description":"Juego de sartenes de acero inoxidable de lujo con tapa de vidrio con borde de silicona. Las sartenes son encajables y est\u00e1n equipadas con un asa extra\u00edble para que puedan guardarse en casi cualquier lugar.","breadcrumb":{"@id":"https:\/\/eurotrail.info\/es\/producten\/domestico\/conjuntos-de-sartenes-de-acero-inoxidable\/annecy-l-premium-juego-de-sartenes\/#breadcrumb"},"inLanguage":"es-ES","potentialAction":[{"@type":"ReadAction","target":["https:\/\/eurotrail.info\/es\/producten\/domestico\/conjuntos-de-sartenes-de-acero-inoxidable\/annecy-l-premium-juego-de-sartenes\/"]}]},{"@type":"ImageObject","inLanguage":"es-ES","@id":"https:\/\/eurotrail.info\/es\/producten\/domestico\/conjuntos-de-sartenes-de-acero-inoxidable\/annecy-l-premium-juego-de-sartenes\/#primaryimage","url":"https:\/\/eurotrail.info\/wp\/wp-content\/uploads\/2022\/10\/Annecy-M-L-Premium-1-1-scaled.jpg","contentUrl":"https:\/\/eurotrail.info\/wp\/wp-content\/uploads\/2022\/10\/Annecy-M-L-Premium-1-1-scaled.jpg","width":2560,"height":1807,"caption":"Eurotrail Pannenset Annecy L"},{"@type":"BreadcrumbList","@id":"https:\/\/eurotrail.info\/es\/producten\/domestico\/conjuntos-de-sartenes-de-acero-inoxidable\/annecy-l-premium-juego-de-sartenes\/#breadcrumb","itemListElement":[{"@type":"ListItem","position":1,"name":"Home","item":"https:\/\/eurotrail.info\/es\/"},{"@type":"ListItem","position":2,"name":"Productos","item":"https:\/\/eurotrail.info\/es\/productos\/"},{"@type":"ListItem","position":3,"name":"Annecy L Premium juego de sartenes"}]},{"@type":"WebSite","@id":"https:\/\/eurotrail.info\/#website","url":"https:\/\/eurotrail.info\/","name":"Eurotrail | The way we camp!","description":"","publisher":{"@id":"https:\/\/eurotrail.info\/#organization"},"potentialAction":[{"@type":"SearchAction","target":{"@type":"EntryPoint","urlTemplate":"https:\/\/eurotrail.info\/?s={search_term_string}"},"query-input":{"@type":"PropertyValueSpecification","valueRequired":true,"valueName":"search_term_string"}}],"inLanguage":"es-ES"},{"@type":"Organization","@id":"https:\/\/eurotrail.info\/#organization","name":"Eurotrail | The way we camp!","url":"https:\/\/eurotrail.info\/","logo":{"@type":"ImageObject","inLanguage":"es-ES","@id":"https:\/\/eurotrail.info\/#\/schema\/logo\/image\/","url":"https:\/\/eurotrail.info\/wp\/wp-content\/uploads\/2023\/07\/ET-logo-quote_NL-scaled.jpg","contentUrl":"https:\/\/eurotrail.info\/wp\/wp-content\/uploads\/2023\/07\/ET-logo-quote_NL-scaled.jpg","width":2560,"height":675,"caption":"Eurotrail | The way we camp!"},"image":{"@id":"https:\/\/eurotrail.info\/#\/schema\/logo\/image\/"}}]}},"_links":{"self":[{"href":"https:\/\/eurotrail.info\/es\/wp-json\/wp\/v2\/product\/20108","targetHints":{"allow":["GET"]}}],"collection":[{"href":"https:\/\/eurotrail.info\/es\/wp-json\/wp\/v2\/product"}],"about":[{"href":"https:\/\/eurotrail.info\/es\/wp-json\/wp\/v2\/types\/product"}],"replies":[{"embeddable":true,"href":"https:\/\/eurotrail.info\/es\/wp-json\/wp\/v2\/comments?post=20108"}],"wp:featuredmedia":[{"embeddable":true,"href":"https:\/\/eurotrail.info\/es\/wp-json\/wp\/v2\/media\/20085"}],"wp:attachment":[{"href":"https:\/\/eurotrail.info\/es\/wp-json\/wp\/v2\/media?parent=20108"}],"wp:term":[{"taxonomy":"product_brand","embeddable":true,"href":"https:\/\/eurotrail.info\/es\/wp-json\/wp\/v2\/product_brand?post=20108"},{"taxonomy":"product_cat","embeddable":true,"href":"https:\/\/eurotrail.info\/es\/wp-json\/wp\/v2\/product_cat?post=20108"},{"taxonomy":"product_tag","embeddable":true,"href":"https:\/\/eurotrail.info\/es\/wp-json\/wp\/v2\/product_tag?post=20108"}],"curies":[{"name":"wp","href":"https:\/\/api.w.org\/{rel}","templated":true}]}}