{"id":20134,"date":"2022-10-31T17:04:59","date_gmt":"2022-10-31T16:09:06","guid":{"rendered":"https:\/\/eurotrail.info\/?post_type=product&#038;p=20134"},"modified":"2023-04-06T14:04:23","modified_gmt":"2023-04-06T13:04:23","slug":"annecy-o-22-premium-sarten","status":"publish","type":"product","link":"https:\/\/eurotrail.info\/es\/producten\/domestico\/conjuntos-de-sartenes-de-acero-inoxidable\/annecy-o-22-premium-sarten\/","title":{"rendered":"Annecy \u00d8 22 Premium sart\u00e9n (exc. mango!)"},"content":{"rendered":"<p>Sart\u00e9n de acero inoxidable de lujo con tapa de cristal con borde de silicona. Opcionalmente disponible es un mango desmontable. \u00a1La sart\u00e9n tambi\u00e9n es adecuada para usar en el horno! \u00a1Hay una escala pr\u00e1ctica en el interior de la sart\u00e9n para que pueda ver exactamente el contenido de la sart\u00e9n! El fondo de la c\u00e1psula lo hace adecuado para todas las fuentes de calor, como gas, electricidad, cer\u00e1mica o inducci\u00f3n. (excl. asa desmontable ETKW5546)<\/p>\n<p>\u00d8 22X11cm, 4,0 ltr., 850 gr.<\/p>\n","protected":false},"excerpt":{"rendered":"<p>Sart\u00e9n de acero inoxidable de lujo con tapa de cristal con borde de silicona. Opcionalmente disponible es un mango desmontable. \u00a1La sart\u00e9n tambi\u00e9n es adecuada&hellip;<\/p>\n","protected":false},"featured_media":20116,"comment_status":"open","ping_status":"closed","template":"","meta":{"_acf_changed":false},"product_brand":[],"product_cat":[343,337],"product_tag":[],"class_list":{"0":"post-20134","1":"product","2":"type-product","3":"status-publish","4":"has-post-thumbnail","6":"product_cat-conjuntos-de-sartenes-de-acero-inoxidable","7":"product_cat-domestico","9":"first","10":"instock","11":"shipping-taxable","12":"product-type-simple"},"acf":[],"yoast_head":"<!-- This site is optimized with the Yoast SEO plugin v27.4 - https:\/\/yoast.com\/product\/yoast-seo-wordpress\/ -->\n<title>Annecy \u00d8 22 Premium sart\u00e9n (exc. mango!) - Eurotrail | The way we camp!<\/title>\n<meta name=\"description\" content=\"Sart\u00e9n de acero inoxidable de lujo con tapa de cristal con borde de silicona. Opcionalmente disponible es un mango desmontable.\" \/>\n<meta name=\"robots\" content=\"index, follow, max-snippet:-1, max-image-preview:large, max-video-preview:-1\" \/>\n<link rel=\"canonical\" href=\"https:\/\/eurotrail.info\/es\/producten\/domestico\/conjuntos-de-sartenes-de-acero-inoxidable\/annecy-o-22-premium-sarten\/\" \/>\n<meta property=\"og:locale\" content=\"es_ES\" \/>\n<meta property=\"og:type\" content=\"article\" \/>\n<meta property=\"og:title\" content=\"Annecy \u00d8 22 Premium sart\u00e9n (exc. mango!) - Eurotrail | The way we camp!\" \/>\n<meta property=\"og:description\" content=\"Sart\u00e9n de acero inoxidable de lujo con tapa de cristal con borde de silicona. Opcionalmente disponible es un mango desmontable.\" \/>\n<meta property=\"og:url\" content=\"https:\/\/eurotrail.info\/es\/producten\/domestico\/conjuntos-de-sartenes-de-acero-inoxidable\/annecy-o-22-premium-sarten\/\" \/>\n<meta property=\"og:site_name\" content=\"Eurotrail | The way we camp!\" \/>\n<meta property=\"article:modified_time\" content=\"2023-04-06T13:04:23+00:00\" \/>\n<meta property=\"og:image\" content=\"https:\/\/eurotrail.info\/wp\/wp-content\/uploads\/2022\/10\/pan-los-Premium.jpg\" \/>\n\t<meta property=\"og:image:width\" content=\"2185\" \/>\n\t<meta property=\"og:image:height\" content=\"1831\" \/>\n\t<meta property=\"og:image:type\" content=\"image\/jpeg\" \/>\n<meta name=\"twitter:card\" content=\"summary_large_image\" \/>\n<meta name=\"twitter:label1\" content=\"Tiempo de lectura\" \/>\n\t<meta name=\"twitter:data1\" content=\"1 minute\" \/>\n<script type=\"application\/ld+json\" class=\"yoast-schema-graph\">{\"@context\":\"https:\\\/\\\/schema.org\",\"@graph\":[{\"@type\":\"WebPage\",\"@id\":\"https:\\\/\\\/eurotrail.info\\\/es\\\/producten\\\/domestico\\\/conjuntos-de-sartenes-de-acero-inoxidable\\\/annecy-o-22-premium-sarten\\\/\",\"url\":\"https:\\\/\\\/eurotrail.info\\\/es\\\/producten\\\/domestico\\\/conjuntos-de-sartenes-de-acero-inoxidable\\\/annecy-o-22-premium-sarten\\\/\",\"name\":\"Annecy \u00d8 22 Premium sart\u00e9n (exc. mango!) - Eurotrail | The way we camp!\",\"isPartOf\":{\"@id\":\"https:\\\/\\\/eurotrail.info\\\/#website\"},\"primaryImageOfPage\":{\"@id\":\"https:\\\/\\\/eurotrail.info\\\/es\\\/producten\\\/domestico\\\/conjuntos-de-sartenes-de-acero-inoxidable\\\/annecy-o-22-premium-sarten\\\/#primaryimage\"},\"image\":{\"@id\":\"https:\\\/\\\/eurotrail.info\\\/es\\\/producten\\\/domestico\\\/conjuntos-de-sartenes-de-acero-inoxidable\\\/annecy-o-22-premium-sarten\\\/#primaryimage\"},\"thumbnailUrl\":\"https:\\\/\\\/eurotrail.info\\\/wp\\\/wp-content\\\/uploads\\\/2022\\\/10\\\/pan-los-Premium.jpg\",\"datePublished\":\"2022-10-31T16:09:06+00:00\",\"dateModified\":\"2023-04-06T13:04:23+00:00\",\"description\":\"Sart\u00e9n de acero inoxidable de lujo con tapa de cristal con borde de silicona. Opcionalmente disponible es un mango desmontable.\",\"breadcrumb\":{\"@id\":\"https:\\\/\\\/eurotrail.info\\\/es\\\/producten\\\/domestico\\\/conjuntos-de-sartenes-de-acero-inoxidable\\\/annecy-o-22-premium-sarten\\\/#breadcrumb\"},\"inLanguage\":\"es-ES\",\"potentialAction\":[{\"@type\":\"ReadAction\",\"target\":[\"https:\\\/\\\/eurotrail.info\\\/es\\\/producten\\\/domestico\\\/conjuntos-de-sartenes-de-acero-inoxidable\\\/annecy-o-22-premium-sarten\\\/\"]}]},{\"@type\":\"ImageObject\",\"inLanguage\":\"es-ES\",\"@id\":\"https:\\\/\\\/eurotrail.info\\\/es\\\/producten\\\/domestico\\\/conjuntos-de-sartenes-de-acero-inoxidable\\\/annecy-o-22-premium-sarten\\\/#primaryimage\",\"url\":\"https:\\\/\\\/eurotrail.info\\\/wp\\\/wp-content\\\/uploads\\\/2022\\\/10\\\/pan-los-Premium.jpg\",\"contentUrl\":\"https:\\\/\\\/eurotrail.info\\\/wp\\\/wp-content\\\/uploads\\\/2022\\\/10\\\/pan-los-Premium.jpg\",\"width\":2185,\"height\":1831,\"caption\":\"Eurotrail Pan Annecy 22L\"},{\"@type\":\"BreadcrumbList\",\"@id\":\"https:\\\/\\\/eurotrail.info\\\/es\\\/producten\\\/domestico\\\/conjuntos-de-sartenes-de-acero-inoxidable\\\/annecy-o-22-premium-sarten\\\/#breadcrumb\",\"itemListElement\":[{\"@type\":\"ListItem\",\"position\":1,\"name\":\"Home\",\"item\":\"https:\\\/\\\/eurotrail.info\\\/es\\\/\"},{\"@type\":\"ListItem\",\"position\":2,\"name\":\"Productos\",\"item\":\"https:\\\/\\\/eurotrail.info\\\/es\\\/productos\\\/\"},{\"@type\":\"ListItem\",\"position\":3,\"name\":\"Annecy \u00d8 22 Premium sart\u00e9n (exc. mango!)\"}]},{\"@type\":\"WebSite\",\"@id\":\"https:\\\/\\\/eurotrail.info\\\/#website\",\"url\":\"https:\\\/\\\/eurotrail.info\\\/\",\"name\":\"Eurotrail | The way we camp!\",\"description\":\"\",\"publisher\":{\"@id\":\"https:\\\/\\\/eurotrail.info\\\/#organization\"},\"potentialAction\":[{\"@type\":\"SearchAction\",\"target\":{\"@type\":\"EntryPoint\",\"urlTemplate\":\"https:\\\/\\\/eurotrail.info\\\/?s={search_term_string}\"},\"query-input\":{\"@type\":\"PropertyValueSpecification\",\"valueRequired\":true,\"valueName\":\"search_term_string\"}}],\"inLanguage\":\"es-ES\"},{\"@type\":\"Organization\",\"@id\":\"https:\\\/\\\/eurotrail.info\\\/#organization\",\"name\":\"Eurotrail | The way we camp!\",\"url\":\"https:\\\/\\\/eurotrail.info\\\/\",\"logo\":{\"@type\":\"ImageObject\",\"inLanguage\":\"es-ES\",\"@id\":\"https:\\\/\\\/eurotrail.info\\\/#\\\/schema\\\/logo\\\/image\\\/\",\"url\":\"https:\\\/\\\/eurotrail.info\\\/wp\\\/wp-content\\\/uploads\\\/2023\\\/07\\\/ET-logo-quote_NL-scaled.jpg\",\"contentUrl\":\"https:\\\/\\\/eurotrail.info\\\/wp\\\/wp-content\\\/uploads\\\/2023\\\/07\\\/ET-logo-quote_NL-scaled.jpg\",\"width\":2560,\"height\":675,\"caption\":\"Eurotrail | The way we camp!\"},\"image\":{\"@id\":\"https:\\\/\\\/eurotrail.info\\\/#\\\/schema\\\/logo\\\/image\\\/\"}}]}<\/script>\n<!-- \/ Yoast SEO plugin. -->","yoast_head_json":{"title":"Annecy \u00d8 22 Premium sart\u00e9n (exc. mango!) - Eurotrail | The way we camp!","description":"Sart\u00e9n de acero inoxidable de lujo con tapa de cristal con borde de silicona. Opcionalmente disponible es un mango desmontable.","robots":{"index":"index","follow":"follow","max-snippet":"max-snippet:-1","max-image-preview":"max-image-preview:large","max-video-preview":"max-video-preview:-1"},"canonical":"https:\/\/eurotrail.info\/es\/producten\/domestico\/conjuntos-de-sartenes-de-acero-inoxidable\/annecy-o-22-premium-sarten\/","og_locale":"es_ES","og_type":"article","og_title":"Annecy \u00d8 22 Premium sart\u00e9n (exc. mango!) - Eurotrail | The way we camp!","og_description":"Sart\u00e9n de acero inoxidable de lujo con tapa de cristal con borde de silicona. Opcionalmente disponible es un mango desmontable.","og_url":"https:\/\/eurotrail.info\/es\/producten\/domestico\/conjuntos-de-sartenes-de-acero-inoxidable\/annecy-o-22-premium-sarten\/","og_site_name":"Eurotrail | The way we camp!","article_modified_time":"2023-04-06T13:04:23+00:00","og_image":[{"width":2185,"height":1831,"url":"https:\/\/eurotrail.info\/wp\/wp-content\/uploads\/2022\/10\/pan-los-Premium.jpg","type":"image\/jpeg"}],"twitter_card":"summary_large_image","twitter_misc":{"Tiempo de lectura":"1 minute"},"schema":{"@context":"https:\/\/schema.org","@graph":[{"@type":"WebPage","@id":"https:\/\/eurotrail.info\/es\/producten\/domestico\/conjuntos-de-sartenes-de-acero-inoxidable\/annecy-o-22-premium-sarten\/","url":"https:\/\/eurotrail.info\/es\/producten\/domestico\/conjuntos-de-sartenes-de-acero-inoxidable\/annecy-o-22-premium-sarten\/","name":"Annecy \u00d8 22 Premium sart\u00e9n (exc. mango!) - Eurotrail | The way we camp!","isPartOf":{"@id":"https:\/\/eurotrail.info\/#website"},"primaryImageOfPage":{"@id":"https:\/\/eurotrail.info\/es\/producten\/domestico\/conjuntos-de-sartenes-de-acero-inoxidable\/annecy-o-22-premium-sarten\/#primaryimage"},"image":{"@id":"https:\/\/eurotrail.info\/es\/producten\/domestico\/conjuntos-de-sartenes-de-acero-inoxidable\/annecy-o-22-premium-sarten\/#primaryimage"},"thumbnailUrl":"https:\/\/eurotrail.info\/wp\/wp-content\/uploads\/2022\/10\/pan-los-Premium.jpg","datePublished":"2022-10-31T16:09:06+00:00","dateModified":"2023-04-06T13:04:23+00:00","description":"Sart\u00e9n de acero inoxidable de lujo con tapa de cristal con borde de silicona. Opcionalmente disponible es un mango desmontable.","breadcrumb":{"@id":"https:\/\/eurotrail.info\/es\/producten\/domestico\/conjuntos-de-sartenes-de-acero-inoxidable\/annecy-o-22-premium-sarten\/#breadcrumb"},"inLanguage":"es-ES","potentialAction":[{"@type":"ReadAction","target":["https:\/\/eurotrail.info\/es\/producten\/domestico\/conjuntos-de-sartenes-de-acero-inoxidable\/annecy-o-22-premium-sarten\/"]}]},{"@type":"ImageObject","inLanguage":"es-ES","@id":"https:\/\/eurotrail.info\/es\/producten\/domestico\/conjuntos-de-sartenes-de-acero-inoxidable\/annecy-o-22-premium-sarten\/#primaryimage","url":"https:\/\/eurotrail.info\/wp\/wp-content\/uploads\/2022\/10\/pan-los-Premium.jpg","contentUrl":"https:\/\/eurotrail.info\/wp\/wp-content\/uploads\/2022\/10\/pan-los-Premium.jpg","width":2185,"height":1831,"caption":"Eurotrail Pan Annecy 22L"},{"@type":"BreadcrumbList","@id":"https:\/\/eurotrail.info\/es\/producten\/domestico\/conjuntos-de-sartenes-de-acero-inoxidable\/annecy-o-22-premium-sarten\/#breadcrumb","itemListElement":[{"@type":"ListItem","position":1,"name":"Home","item":"https:\/\/eurotrail.info\/es\/"},{"@type":"ListItem","position":2,"name":"Productos","item":"https:\/\/eurotrail.info\/es\/productos\/"},{"@type":"ListItem","position":3,"name":"Annecy \u00d8 22 Premium sart\u00e9n (exc. mango!)"}]},{"@type":"WebSite","@id":"https:\/\/eurotrail.info\/#website","url":"https:\/\/eurotrail.info\/","name":"Eurotrail | The way we camp!","description":"","publisher":{"@id":"https:\/\/eurotrail.info\/#organization"},"potentialAction":[{"@type":"SearchAction","target":{"@type":"EntryPoint","urlTemplate":"https:\/\/eurotrail.info\/?s={search_term_string}"},"query-input":{"@type":"PropertyValueSpecification","valueRequired":true,"valueName":"search_term_string"}}],"inLanguage":"es-ES"},{"@type":"Organization","@id":"https:\/\/eurotrail.info\/#organization","name":"Eurotrail | The way we camp!","url":"https:\/\/eurotrail.info\/","logo":{"@type":"ImageObject","inLanguage":"es-ES","@id":"https:\/\/eurotrail.info\/#\/schema\/logo\/image\/","url":"https:\/\/eurotrail.info\/wp\/wp-content\/uploads\/2023\/07\/ET-logo-quote_NL-scaled.jpg","contentUrl":"https:\/\/eurotrail.info\/wp\/wp-content\/uploads\/2023\/07\/ET-logo-quote_NL-scaled.jpg","width":2560,"height":675,"caption":"Eurotrail | The way we camp!"},"image":{"@id":"https:\/\/eurotrail.info\/#\/schema\/logo\/image\/"}}]}},"_links":{"self":[{"href":"https:\/\/eurotrail.info\/es\/wp-json\/wp\/v2\/product\/20134","targetHints":{"allow":["GET"]}}],"collection":[{"href":"https:\/\/eurotrail.info\/es\/wp-json\/wp\/v2\/product"}],"about":[{"href":"https:\/\/eurotrail.info\/es\/wp-json\/wp\/v2\/types\/product"}],"replies":[{"embeddable":true,"href":"https:\/\/eurotrail.info\/es\/wp-json\/wp\/v2\/comments?post=20134"}],"wp:featuredmedia":[{"embeddable":true,"href":"https:\/\/eurotrail.info\/es\/wp-json\/wp\/v2\/media\/20116"}],"wp:attachment":[{"href":"https:\/\/eurotrail.info\/es\/wp-json\/wp\/v2\/media?parent=20134"}],"wp:term":[{"taxonomy":"product_brand","embeddable":true,"href":"https:\/\/eurotrail.info\/es\/wp-json\/wp\/v2\/product_brand?post=20134"},{"taxonomy":"product_cat","embeddable":true,"href":"https:\/\/eurotrail.info\/es\/wp-json\/wp\/v2\/product_cat?post=20134"},{"taxonomy":"product_tag","embeddable":true,"href":"https:\/\/eurotrail.info\/es\/wp-json\/wp\/v2\/product_tag?post=20134"}],"curies":[{"name":"wp","href":"https:\/\/api.w.org\/{rel}","templated":true}]}}