{"id":20196,"date":"2022-10-31T17:24:19","date_gmt":"2022-10-31T16:28:40","guid":{"rendered":"https:\/\/eurotrail.info\/?post_type=product&#038;p=20196"},"modified":"2022-10-31T17:28:40","modified_gmt":"2022-10-31T16:28:40","slug":"mango-desmontable-universal","status":"publish","type":"product","link":"https:\/\/eurotrail.info\/es\/producten\/domestico\/sartenes-para-freir-wok\/mango-desmontable-universal\/","title":{"rendered":"Mango desmontable universal"},"content":{"rendered":"<p>Mango desmontable universal apto para todo tipo de sartenes y sartenes. El mango tiene un sistema de clic \u00fanico para una fijaci\u00f3n simple, estable y segura a la sart\u00e9n.<\/p>\n<p>Tama\u00f1o: 200x52x47mm<br \/>\nPeso: 190 gr.<\/p>\n","protected":false},"excerpt":{"rendered":"<p>Mango desmontable universal apto para todo tipo de sartenes y sartenes. El mango tiene un sistema de clic \u00fanico para una fijaci\u00f3n simple, estable y&hellip;<\/p>\n","protected":false},"featured_media":20183,"comment_status":"open","ping_status":"closed","template":"","meta":{"_acf_changed":false},"product_brand":[],"product_cat":[343,338],"product_tag":[],"class_list":{"0":"post-20196","1":"product","2":"type-product","3":"status-publish","4":"has-post-thumbnail","6":"product_cat-conjuntos-de-sartenes-de-acero-inoxidable","7":"product_cat-sartenes-para-freir-wok","9":"first","10":"instock","11":"shipping-taxable","12":"product-type-simple"},"acf":[],"yoast_head":"<!-- This site is optimized with the Yoast SEO plugin v27.3 - https:\/\/yoast.com\/product\/yoast-seo-wordpress\/ -->\n<title>Mango desmontable universal - Eurotrail | The way we camp!<\/title>\n<meta name=\"description\" content=\"Mango desmontable universal apto para todo tipo de sartenes y sartenes. El mango tiene un sistema de clic \u00fanico para una fijaci\u00f3n simple, estable y segura a la sart\u00e9n.\" \/>\n<meta name=\"robots\" content=\"index, follow, max-snippet:-1, max-image-preview:large, max-video-preview:-1\" \/>\n<link rel=\"canonical\" href=\"https:\/\/eurotrail.info\/es\/producten\/domestico\/sartenes-para-freir-wok\/mango-desmontable-universal\/\" \/>\n<meta property=\"og:locale\" content=\"es_ES\" \/>\n<meta property=\"og:type\" content=\"article\" \/>\n<meta property=\"og:title\" content=\"Mango desmontable universal - Eurotrail | The way we camp!\" \/>\n<meta property=\"og:description\" content=\"Mango desmontable universal apto para todo tipo de sartenes y sartenes. El mango tiene un sistema de clic \u00fanico para una fijaci\u00f3n simple, estable y segura a la sart\u00e9n.\" \/>\n<meta property=\"og:url\" content=\"https:\/\/eurotrail.info\/es\/producten\/domestico\/sartenes-para-freir-wok\/mango-desmontable-universal\/\" \/>\n<meta property=\"og:site_name\" content=\"Eurotrail | The way we camp!\" \/>\n<meta property=\"og:image\" content=\"https:\/\/eurotrail.info\/wp\/wp-content\/uploads\/2022\/10\/greep-Premium-scaled.jpg\" \/>\n\t<meta property=\"og:image:width\" content=\"2560\" \/>\n\t<meta property=\"og:image:height\" content=\"1210\" \/>\n\t<meta property=\"og:image:type\" content=\"image\/jpeg\" \/>\n<meta name=\"twitter:card\" content=\"summary_large_image\" \/>\n<meta name=\"twitter:label1\" content=\"Tiempo de lectura\" \/>\n\t<meta name=\"twitter:data1\" content=\"1 minute\" \/>\n<script type=\"application\/ld+json\" class=\"yoast-schema-graph\">{\"@context\":\"https:\\\/\\\/schema.org\",\"@graph\":[{\"@type\":\"WebPage\",\"@id\":\"https:\\\/\\\/eurotrail.info\\\/es\\\/producten\\\/domestico\\\/sartenes-para-freir-wok\\\/mango-desmontable-universal\\\/\",\"url\":\"https:\\\/\\\/eurotrail.info\\\/es\\\/producten\\\/domestico\\\/sartenes-para-freir-wok\\\/mango-desmontable-universal\\\/\",\"name\":\"Mango desmontable universal - Eurotrail | The way we camp!\",\"isPartOf\":{\"@id\":\"https:\\\/\\\/eurotrail.info\\\/#website\"},\"primaryImageOfPage\":{\"@id\":\"https:\\\/\\\/eurotrail.info\\\/es\\\/producten\\\/domestico\\\/sartenes-para-freir-wok\\\/mango-desmontable-universal\\\/#primaryimage\"},\"image\":{\"@id\":\"https:\\\/\\\/eurotrail.info\\\/es\\\/producten\\\/domestico\\\/sartenes-para-freir-wok\\\/mango-desmontable-universal\\\/#primaryimage\"},\"thumbnailUrl\":\"https:\\\/\\\/eurotrail.info\\\/wp\\\/wp-content\\\/uploads\\\/2022\\\/10\\\/greep-Premium-scaled.jpg\",\"datePublished\":\"2022-10-31T16:28:40+00:00\",\"description\":\"Mango desmontable universal apto para todo tipo de sartenes y sartenes. El mango tiene un sistema de clic \u00fanico para una fijaci\u00f3n simple, estable y segura a la sart\u00e9n.\",\"breadcrumb\":{\"@id\":\"https:\\\/\\\/eurotrail.info\\\/es\\\/producten\\\/domestico\\\/sartenes-para-freir-wok\\\/mango-desmontable-universal\\\/#breadcrumb\"},\"inLanguage\":\"es-ES\",\"potentialAction\":[{\"@type\":\"ReadAction\",\"target\":[\"https:\\\/\\\/eurotrail.info\\\/es\\\/producten\\\/domestico\\\/sartenes-para-freir-wok\\\/mango-desmontable-universal\\\/\"]}]},{\"@type\":\"ImageObject\",\"inLanguage\":\"es-ES\",\"@id\":\"https:\\\/\\\/eurotrail.info\\\/es\\\/producten\\\/domestico\\\/sartenes-para-freir-wok\\\/mango-desmontable-universal\\\/#primaryimage\",\"url\":\"https:\\\/\\\/eurotrail.info\\\/wp\\\/wp-content\\\/uploads\\\/2022\\\/10\\\/greep-Premium-scaled.jpg\",\"contentUrl\":\"https:\\\/\\\/eurotrail.info\\\/wp\\\/wp-content\\\/uploads\\\/2022\\\/10\\\/greep-Premium-scaled.jpg\",\"width\":2560,\"height\":1210,\"caption\":\"Eurotrail Premium afneembare greep\"},{\"@type\":\"BreadcrumbList\",\"@id\":\"https:\\\/\\\/eurotrail.info\\\/es\\\/producten\\\/domestico\\\/sartenes-para-freir-wok\\\/mango-desmontable-universal\\\/#breadcrumb\",\"itemListElement\":[{\"@type\":\"ListItem\",\"position\":1,\"name\":\"Home\",\"item\":\"https:\\\/\\\/eurotrail.info\\\/es\\\/\"},{\"@type\":\"ListItem\",\"position\":2,\"name\":\"Productos\",\"item\":\"https:\\\/\\\/eurotrail.info\\\/es\\\/productos\\\/\"},{\"@type\":\"ListItem\",\"position\":3,\"name\":\"Mango desmontable universal\"}]},{\"@type\":\"WebSite\",\"@id\":\"https:\\\/\\\/eurotrail.info\\\/#website\",\"url\":\"https:\\\/\\\/eurotrail.info\\\/\",\"name\":\"Eurotrail | The way we camp!\",\"description\":\"\",\"publisher\":{\"@id\":\"https:\\\/\\\/eurotrail.info\\\/#organization\"},\"potentialAction\":[{\"@type\":\"SearchAction\",\"target\":{\"@type\":\"EntryPoint\",\"urlTemplate\":\"https:\\\/\\\/eurotrail.info\\\/?s={search_term_string}\"},\"query-input\":{\"@type\":\"PropertyValueSpecification\",\"valueRequired\":true,\"valueName\":\"search_term_string\"}}],\"inLanguage\":\"es-ES\"},{\"@type\":\"Organization\",\"@id\":\"https:\\\/\\\/eurotrail.info\\\/#organization\",\"name\":\"Eurotrail | The way we camp!\",\"url\":\"https:\\\/\\\/eurotrail.info\\\/\",\"logo\":{\"@type\":\"ImageObject\",\"inLanguage\":\"es-ES\",\"@id\":\"https:\\\/\\\/eurotrail.info\\\/#\\\/schema\\\/logo\\\/image\\\/\",\"url\":\"https:\\\/\\\/eurotrail.info\\\/wp\\\/wp-content\\\/uploads\\\/2023\\\/07\\\/ET-logo-quote_NL-scaled.jpg\",\"contentUrl\":\"https:\\\/\\\/eurotrail.info\\\/wp\\\/wp-content\\\/uploads\\\/2023\\\/07\\\/ET-logo-quote_NL-scaled.jpg\",\"width\":2560,\"height\":675,\"caption\":\"Eurotrail | The way we camp!\"},\"image\":{\"@id\":\"https:\\\/\\\/eurotrail.info\\\/#\\\/schema\\\/logo\\\/image\\\/\"}}]}<\/script>\n<!-- \/ Yoast SEO plugin. -->","yoast_head_json":{"title":"Mango desmontable universal - Eurotrail | The way we camp!","description":"Mango desmontable universal apto para todo tipo de sartenes y sartenes. El mango tiene un sistema de clic \u00fanico para una fijaci\u00f3n simple, estable y segura a la sart\u00e9n.","robots":{"index":"index","follow":"follow","max-snippet":"max-snippet:-1","max-image-preview":"max-image-preview:large","max-video-preview":"max-video-preview:-1"},"canonical":"https:\/\/eurotrail.info\/es\/producten\/domestico\/sartenes-para-freir-wok\/mango-desmontable-universal\/","og_locale":"es_ES","og_type":"article","og_title":"Mango desmontable universal - Eurotrail | The way we camp!","og_description":"Mango desmontable universal apto para todo tipo de sartenes y sartenes. El mango tiene un sistema de clic \u00fanico para una fijaci\u00f3n simple, estable y segura a la sart\u00e9n.","og_url":"https:\/\/eurotrail.info\/es\/producten\/domestico\/sartenes-para-freir-wok\/mango-desmontable-universal\/","og_site_name":"Eurotrail | The way we camp!","og_image":[{"width":2560,"height":1210,"url":"https:\/\/eurotrail.info\/wp\/wp-content\/uploads\/2022\/10\/greep-Premium-scaled.jpg","type":"image\/jpeg"}],"twitter_card":"summary_large_image","twitter_misc":{"Tiempo de lectura":"1 minute"},"schema":{"@context":"https:\/\/schema.org","@graph":[{"@type":"WebPage","@id":"https:\/\/eurotrail.info\/es\/producten\/domestico\/sartenes-para-freir-wok\/mango-desmontable-universal\/","url":"https:\/\/eurotrail.info\/es\/producten\/domestico\/sartenes-para-freir-wok\/mango-desmontable-universal\/","name":"Mango desmontable universal - Eurotrail | The way we camp!","isPartOf":{"@id":"https:\/\/eurotrail.info\/#website"},"primaryImageOfPage":{"@id":"https:\/\/eurotrail.info\/es\/producten\/domestico\/sartenes-para-freir-wok\/mango-desmontable-universal\/#primaryimage"},"image":{"@id":"https:\/\/eurotrail.info\/es\/producten\/domestico\/sartenes-para-freir-wok\/mango-desmontable-universal\/#primaryimage"},"thumbnailUrl":"https:\/\/eurotrail.info\/wp\/wp-content\/uploads\/2022\/10\/greep-Premium-scaled.jpg","datePublished":"2022-10-31T16:28:40+00:00","description":"Mango desmontable universal apto para todo tipo de sartenes y sartenes. El mango tiene un sistema de clic \u00fanico para una fijaci\u00f3n simple, estable y segura a la sart\u00e9n.","breadcrumb":{"@id":"https:\/\/eurotrail.info\/es\/producten\/domestico\/sartenes-para-freir-wok\/mango-desmontable-universal\/#breadcrumb"},"inLanguage":"es-ES","potentialAction":[{"@type":"ReadAction","target":["https:\/\/eurotrail.info\/es\/producten\/domestico\/sartenes-para-freir-wok\/mango-desmontable-universal\/"]}]},{"@type":"ImageObject","inLanguage":"es-ES","@id":"https:\/\/eurotrail.info\/es\/producten\/domestico\/sartenes-para-freir-wok\/mango-desmontable-universal\/#primaryimage","url":"https:\/\/eurotrail.info\/wp\/wp-content\/uploads\/2022\/10\/greep-Premium-scaled.jpg","contentUrl":"https:\/\/eurotrail.info\/wp\/wp-content\/uploads\/2022\/10\/greep-Premium-scaled.jpg","width":2560,"height":1210,"caption":"Eurotrail Premium afneembare greep"},{"@type":"BreadcrumbList","@id":"https:\/\/eurotrail.info\/es\/producten\/domestico\/sartenes-para-freir-wok\/mango-desmontable-universal\/#breadcrumb","itemListElement":[{"@type":"ListItem","position":1,"name":"Home","item":"https:\/\/eurotrail.info\/es\/"},{"@type":"ListItem","position":2,"name":"Productos","item":"https:\/\/eurotrail.info\/es\/productos\/"},{"@type":"ListItem","position":3,"name":"Mango desmontable universal"}]},{"@type":"WebSite","@id":"https:\/\/eurotrail.info\/#website","url":"https:\/\/eurotrail.info\/","name":"Eurotrail | The way we camp!","description":"","publisher":{"@id":"https:\/\/eurotrail.info\/#organization"},"potentialAction":[{"@type":"SearchAction","target":{"@type":"EntryPoint","urlTemplate":"https:\/\/eurotrail.info\/?s={search_term_string}"},"query-input":{"@type":"PropertyValueSpecification","valueRequired":true,"valueName":"search_term_string"}}],"inLanguage":"es-ES"},{"@type":"Organization","@id":"https:\/\/eurotrail.info\/#organization","name":"Eurotrail | The way we camp!","url":"https:\/\/eurotrail.info\/","logo":{"@type":"ImageObject","inLanguage":"es-ES","@id":"https:\/\/eurotrail.info\/#\/schema\/logo\/image\/","url":"https:\/\/eurotrail.info\/wp\/wp-content\/uploads\/2023\/07\/ET-logo-quote_NL-scaled.jpg","contentUrl":"https:\/\/eurotrail.info\/wp\/wp-content\/uploads\/2023\/07\/ET-logo-quote_NL-scaled.jpg","width":2560,"height":675,"caption":"Eurotrail | The way we camp!"},"image":{"@id":"https:\/\/eurotrail.info\/#\/schema\/logo\/image\/"}}]}},"_links":{"self":[{"href":"https:\/\/eurotrail.info\/es\/wp-json\/wp\/v2\/product\/20196","targetHints":{"allow":["GET"]}}],"collection":[{"href":"https:\/\/eurotrail.info\/es\/wp-json\/wp\/v2\/product"}],"about":[{"href":"https:\/\/eurotrail.info\/es\/wp-json\/wp\/v2\/types\/product"}],"replies":[{"embeddable":true,"href":"https:\/\/eurotrail.info\/es\/wp-json\/wp\/v2\/comments?post=20196"}],"wp:featuredmedia":[{"embeddable":true,"href":"https:\/\/eurotrail.info\/es\/wp-json\/wp\/v2\/media\/20183"}],"wp:attachment":[{"href":"https:\/\/eurotrail.info\/es\/wp-json\/wp\/v2\/media?parent=20196"}],"wp:term":[{"taxonomy":"product_brand","embeddable":true,"href":"https:\/\/eurotrail.info\/es\/wp-json\/wp\/v2\/product_brand?post=20196"},{"taxonomy":"product_cat","embeddable":true,"href":"https:\/\/eurotrail.info\/es\/wp-json\/wp\/v2\/product_cat?post=20196"},{"taxonomy":"product_tag","embeddable":true,"href":"https:\/\/eurotrail.info\/es\/wp-json\/wp\/v2\/product_tag?post=20196"}],"curies":[{"name":"wp","href":"https:\/\/api.w.org\/{rel}","templated":true}]}}