{"id":20336,"date":"2022-11-03T15:11:16","date_gmt":"2022-11-03T14:14:52","guid":{"rendered":"https:\/\/eurotrail.info\/?post_type=product&#038;p=20336"},"modified":"2023-05-04T07:49:30","modified_gmt":"2023-05-04T06:49:30","slug":"tablero-de-servir-diseno-de-marmol","status":"publish","type":"product","link":"https:\/\/eurotrail.info\/es\/producten\/domestico\/vajilla\/tablero-de-servir-diseno-de-marmol\/","title":{"rendered":"Tablero de servir dise\u00f1o de m\u00e1rmol"},"content":{"rendered":"<p>Pr\u00e1ctico tablero de servir para la mesa en un moderno dise\u00f1o de m\u00e1rmol con aspecto de madera. 100% melamina.<br \/>\n\u00a1No solo es adecuado para acampar sino tambi\u00e9n en el jard\u00edn! Apto para lavavajillas (no apto para microondas).<\/p>\n<p>Tama\u00f1o: 40,6&#215;21,6&#215;1,5cm, 540gr.<\/p>\n","protected":false},"excerpt":{"rendered":"<p>Pr\u00e1ctico tablero de servir para la mesa en un moderno dise\u00f1o de m\u00e1rmol con aspecto de madera. 100% melamina. \u00a1No solo es adecuado para acampar&hellip;<\/p>\n","protected":false},"featured_media":20332,"comment_status":"open","ping_status":"closed","template":"","meta":{"_acf_changed":false},"product_brand":[],"product_cat":[337,345],"product_tag":[],"class_list":{"0":"post-20336","1":"product","2":"type-product","3":"status-publish","4":"has-post-thumbnail","6":"product_cat-domestico","7":"product_cat-vajilla","9":"first","10":"instock","11":"shipping-taxable","12":"product-type-simple"},"acf":[],"yoast_head":"<!-- This site is optimized with the Yoast SEO plugin v27.4 - https:\/\/yoast.com\/product\/yoast-seo-wordpress\/ -->\n<title>Tablero de servir dise\u00f1o de m\u00e1rmol - Eurotrail | The way we camp!<\/title>\n<meta name=\"description\" content=\"Pr\u00e1ctico tablero de servir para la mesa en un moderno dise\u00f1o de m\u00e1rmol con aspecto de madera. 100% melamina.\u00a1No solo es adecuado para acampar sino tambi\u00e9n en el jard\u00edn!\" \/>\n<meta name=\"robots\" content=\"index, follow, max-snippet:-1, max-image-preview:large, max-video-preview:-1\" \/>\n<link rel=\"canonical\" href=\"https:\/\/eurotrail.info\/es\/producten\/domestico\/vajilla\/tablero-de-servir-diseno-de-marmol\/\" \/>\n<meta property=\"og:locale\" content=\"es_ES\" \/>\n<meta property=\"og:type\" content=\"article\" \/>\n<meta property=\"og:title\" content=\"Tablero de servir dise\u00f1o de m\u00e1rmol - Eurotrail | The way we camp!\" \/>\n<meta property=\"og:description\" content=\"Pr\u00e1ctico tablero de servir para la mesa en un moderno dise\u00f1o de m\u00e1rmol con aspecto de madera. 100% melamina.\u00a1No solo es adecuado para acampar sino tambi\u00e9n en el jard\u00edn!\" \/>\n<meta property=\"og:url\" content=\"https:\/\/eurotrail.info\/es\/producten\/domestico\/vajilla\/tablero-de-servir-diseno-de-marmol\/\" \/>\n<meta property=\"og:site_name\" content=\"Eurotrail | The way we camp!\" \/>\n<meta property=\"article:modified_time\" content=\"2023-05-04T06:49:30+00:00\" \/>\n<meta property=\"og:image\" content=\"https:\/\/eurotrail.info\/wp\/wp-content\/uploads\/2022\/11\/IMG_1124-scaled.jpg\" \/>\n\t<meta property=\"og:image:width\" content=\"2560\" \/>\n\t<meta property=\"og:image:height\" content=\"1335\" \/>\n\t<meta property=\"og:image:type\" content=\"image\/jpeg\" \/>\n<meta name=\"twitter:card\" content=\"summary_large_image\" \/>\n<meta name=\"twitter:label1\" content=\"Tiempo de lectura\" \/>\n\t<meta name=\"twitter:data1\" content=\"1 minute\" \/>\n<script type=\"application\/ld+json\" class=\"yoast-schema-graph\">{\"@context\":\"https:\\\/\\\/schema.org\",\"@graph\":[{\"@type\":\"WebPage\",\"@id\":\"https:\\\/\\\/eurotrail.info\\\/es\\\/producten\\\/domestico\\\/vajilla\\\/tablero-de-servir-diseno-de-marmol\\\/\",\"url\":\"https:\\\/\\\/eurotrail.info\\\/es\\\/producten\\\/domestico\\\/vajilla\\\/tablero-de-servir-diseno-de-marmol\\\/\",\"name\":\"Tablero de servir dise\u00f1o de m\u00e1rmol - Eurotrail | The way we camp!\",\"isPartOf\":{\"@id\":\"https:\\\/\\\/eurotrail.info\\\/#website\"},\"primaryImageOfPage\":{\"@id\":\"https:\\\/\\\/eurotrail.info\\\/es\\\/producten\\\/domestico\\\/vajilla\\\/tablero-de-servir-diseno-de-marmol\\\/#primaryimage\"},\"image\":{\"@id\":\"https:\\\/\\\/eurotrail.info\\\/es\\\/producten\\\/domestico\\\/vajilla\\\/tablero-de-servir-diseno-de-marmol\\\/#primaryimage\"},\"thumbnailUrl\":\"https:\\\/\\\/eurotrail.info\\\/wp\\\/wp-content\\\/uploads\\\/2022\\\/11\\\/IMG_1124-scaled.jpg\",\"datePublished\":\"2022-11-03T14:14:52+00:00\",\"dateModified\":\"2023-05-04T06:49:30+00:00\",\"description\":\"Pr\u00e1ctico tablero de servir para la mesa en un moderno dise\u00f1o de m\u00e1rmol con aspecto de madera. 100% melamina.\u00a1No solo es adecuado para acampar sino tambi\u00e9n en el jard\u00edn!\",\"breadcrumb\":{\"@id\":\"https:\\\/\\\/eurotrail.info\\\/es\\\/producten\\\/domestico\\\/vajilla\\\/tablero-de-servir-diseno-de-marmol\\\/#breadcrumb\"},\"inLanguage\":\"es-ES\",\"potentialAction\":[{\"@type\":\"ReadAction\",\"target\":[\"https:\\\/\\\/eurotrail.info\\\/es\\\/producten\\\/domestico\\\/vajilla\\\/tablero-de-servir-diseno-de-marmol\\\/\"]}]},{\"@type\":\"ImageObject\",\"inLanguage\":\"es-ES\",\"@id\":\"https:\\\/\\\/eurotrail.info\\\/es\\\/producten\\\/domestico\\\/vajilla\\\/tablero-de-servir-diseno-de-marmol\\\/#primaryimage\",\"url\":\"https:\\\/\\\/eurotrail.info\\\/wp\\\/wp-content\\\/uploads\\\/2022\\\/11\\\/IMG_1124-scaled.jpg\",\"contentUrl\":\"https:\\\/\\\/eurotrail.info\\\/wp\\\/wp-content\\\/uploads\\\/2022\\\/11\\\/IMG_1124-scaled.jpg\",\"width\":2560,\"height\":1335,\"caption\":\"Eurotrail Opdienplank marmer look\"},{\"@type\":\"BreadcrumbList\",\"@id\":\"https:\\\/\\\/eurotrail.info\\\/es\\\/producten\\\/domestico\\\/vajilla\\\/tablero-de-servir-diseno-de-marmol\\\/#breadcrumb\",\"itemListElement\":[{\"@type\":\"ListItem\",\"position\":1,\"name\":\"Home\",\"item\":\"https:\\\/\\\/eurotrail.info\\\/es\\\/\"},{\"@type\":\"ListItem\",\"position\":2,\"name\":\"Productos\",\"item\":\"https:\\\/\\\/eurotrail.info\\\/es\\\/productos\\\/\"},{\"@type\":\"ListItem\",\"position\":3,\"name\":\"Tablero de servir dise\u00f1o de m\u00e1rmol\"}]},{\"@type\":\"WebSite\",\"@id\":\"https:\\\/\\\/eurotrail.info\\\/#website\",\"url\":\"https:\\\/\\\/eurotrail.info\\\/\",\"name\":\"Eurotrail | The way we camp!\",\"description\":\"\",\"publisher\":{\"@id\":\"https:\\\/\\\/eurotrail.info\\\/#organization\"},\"potentialAction\":[{\"@type\":\"SearchAction\",\"target\":{\"@type\":\"EntryPoint\",\"urlTemplate\":\"https:\\\/\\\/eurotrail.info\\\/?s={search_term_string}\"},\"query-input\":{\"@type\":\"PropertyValueSpecification\",\"valueRequired\":true,\"valueName\":\"search_term_string\"}}],\"inLanguage\":\"es-ES\"},{\"@type\":\"Organization\",\"@id\":\"https:\\\/\\\/eurotrail.info\\\/#organization\",\"name\":\"Eurotrail | The way we camp!\",\"url\":\"https:\\\/\\\/eurotrail.info\\\/\",\"logo\":{\"@type\":\"ImageObject\",\"inLanguage\":\"es-ES\",\"@id\":\"https:\\\/\\\/eurotrail.info\\\/#\\\/schema\\\/logo\\\/image\\\/\",\"url\":\"https:\\\/\\\/eurotrail.info\\\/wp\\\/wp-content\\\/uploads\\\/2023\\\/07\\\/ET-logo-quote_NL-scaled.jpg\",\"contentUrl\":\"https:\\\/\\\/eurotrail.info\\\/wp\\\/wp-content\\\/uploads\\\/2023\\\/07\\\/ET-logo-quote_NL-scaled.jpg\",\"width\":2560,\"height\":675,\"caption\":\"Eurotrail | The way we camp!\"},\"image\":{\"@id\":\"https:\\\/\\\/eurotrail.info\\\/#\\\/schema\\\/logo\\\/image\\\/\"}}]}<\/script>\n<!-- \/ Yoast SEO plugin. -->","yoast_head_json":{"title":"Tablero de servir dise\u00f1o de m\u00e1rmol - Eurotrail | The way we camp!","description":"Pr\u00e1ctico tablero de servir para la mesa en un moderno dise\u00f1o de m\u00e1rmol con aspecto de madera. 100% melamina.\u00a1No solo es adecuado para acampar sino tambi\u00e9n en el jard\u00edn!","robots":{"index":"index","follow":"follow","max-snippet":"max-snippet:-1","max-image-preview":"max-image-preview:large","max-video-preview":"max-video-preview:-1"},"canonical":"https:\/\/eurotrail.info\/es\/producten\/domestico\/vajilla\/tablero-de-servir-diseno-de-marmol\/","og_locale":"es_ES","og_type":"article","og_title":"Tablero de servir dise\u00f1o de m\u00e1rmol - Eurotrail | The way we camp!","og_description":"Pr\u00e1ctico tablero de servir para la mesa en un moderno dise\u00f1o de m\u00e1rmol con aspecto de madera. 100% melamina.\u00a1No solo es adecuado para acampar sino tambi\u00e9n en el jard\u00edn!","og_url":"https:\/\/eurotrail.info\/es\/producten\/domestico\/vajilla\/tablero-de-servir-diseno-de-marmol\/","og_site_name":"Eurotrail | The way we camp!","article_modified_time":"2023-05-04T06:49:30+00:00","og_image":[{"width":2560,"height":1335,"url":"https:\/\/eurotrail.info\/wp\/wp-content\/uploads\/2022\/11\/IMG_1124-scaled.jpg","type":"image\/jpeg"}],"twitter_card":"summary_large_image","twitter_misc":{"Tiempo de lectura":"1 minute"},"schema":{"@context":"https:\/\/schema.org","@graph":[{"@type":"WebPage","@id":"https:\/\/eurotrail.info\/es\/producten\/domestico\/vajilla\/tablero-de-servir-diseno-de-marmol\/","url":"https:\/\/eurotrail.info\/es\/producten\/domestico\/vajilla\/tablero-de-servir-diseno-de-marmol\/","name":"Tablero de servir dise\u00f1o de m\u00e1rmol - Eurotrail | The way we camp!","isPartOf":{"@id":"https:\/\/eurotrail.info\/#website"},"primaryImageOfPage":{"@id":"https:\/\/eurotrail.info\/es\/producten\/domestico\/vajilla\/tablero-de-servir-diseno-de-marmol\/#primaryimage"},"image":{"@id":"https:\/\/eurotrail.info\/es\/producten\/domestico\/vajilla\/tablero-de-servir-diseno-de-marmol\/#primaryimage"},"thumbnailUrl":"https:\/\/eurotrail.info\/wp\/wp-content\/uploads\/2022\/11\/IMG_1124-scaled.jpg","datePublished":"2022-11-03T14:14:52+00:00","dateModified":"2023-05-04T06:49:30+00:00","description":"Pr\u00e1ctico tablero de servir para la mesa en un moderno dise\u00f1o de m\u00e1rmol con aspecto de madera. 100% melamina.\u00a1No solo es adecuado para acampar sino tambi\u00e9n en el jard\u00edn!","breadcrumb":{"@id":"https:\/\/eurotrail.info\/es\/producten\/domestico\/vajilla\/tablero-de-servir-diseno-de-marmol\/#breadcrumb"},"inLanguage":"es-ES","potentialAction":[{"@type":"ReadAction","target":["https:\/\/eurotrail.info\/es\/producten\/domestico\/vajilla\/tablero-de-servir-diseno-de-marmol\/"]}]},{"@type":"ImageObject","inLanguage":"es-ES","@id":"https:\/\/eurotrail.info\/es\/producten\/domestico\/vajilla\/tablero-de-servir-diseno-de-marmol\/#primaryimage","url":"https:\/\/eurotrail.info\/wp\/wp-content\/uploads\/2022\/11\/IMG_1124-scaled.jpg","contentUrl":"https:\/\/eurotrail.info\/wp\/wp-content\/uploads\/2022\/11\/IMG_1124-scaled.jpg","width":2560,"height":1335,"caption":"Eurotrail Opdienplank marmer look"},{"@type":"BreadcrumbList","@id":"https:\/\/eurotrail.info\/es\/producten\/domestico\/vajilla\/tablero-de-servir-diseno-de-marmol\/#breadcrumb","itemListElement":[{"@type":"ListItem","position":1,"name":"Home","item":"https:\/\/eurotrail.info\/es\/"},{"@type":"ListItem","position":2,"name":"Productos","item":"https:\/\/eurotrail.info\/es\/productos\/"},{"@type":"ListItem","position":3,"name":"Tablero de servir dise\u00f1o de m\u00e1rmol"}]},{"@type":"WebSite","@id":"https:\/\/eurotrail.info\/#website","url":"https:\/\/eurotrail.info\/","name":"Eurotrail | The way we camp!","description":"","publisher":{"@id":"https:\/\/eurotrail.info\/#organization"},"potentialAction":[{"@type":"SearchAction","target":{"@type":"EntryPoint","urlTemplate":"https:\/\/eurotrail.info\/?s={search_term_string}"},"query-input":{"@type":"PropertyValueSpecification","valueRequired":true,"valueName":"search_term_string"}}],"inLanguage":"es-ES"},{"@type":"Organization","@id":"https:\/\/eurotrail.info\/#organization","name":"Eurotrail | The way we camp!","url":"https:\/\/eurotrail.info\/","logo":{"@type":"ImageObject","inLanguage":"es-ES","@id":"https:\/\/eurotrail.info\/#\/schema\/logo\/image\/","url":"https:\/\/eurotrail.info\/wp\/wp-content\/uploads\/2023\/07\/ET-logo-quote_NL-scaled.jpg","contentUrl":"https:\/\/eurotrail.info\/wp\/wp-content\/uploads\/2023\/07\/ET-logo-quote_NL-scaled.jpg","width":2560,"height":675,"caption":"Eurotrail | The way we camp!"},"image":{"@id":"https:\/\/eurotrail.info\/#\/schema\/logo\/image\/"}}]}},"_links":{"self":[{"href":"https:\/\/eurotrail.info\/es\/wp-json\/wp\/v2\/product\/20336","targetHints":{"allow":["GET"]}}],"collection":[{"href":"https:\/\/eurotrail.info\/es\/wp-json\/wp\/v2\/product"}],"about":[{"href":"https:\/\/eurotrail.info\/es\/wp-json\/wp\/v2\/types\/product"}],"replies":[{"embeddable":true,"href":"https:\/\/eurotrail.info\/es\/wp-json\/wp\/v2\/comments?post=20336"}],"wp:featuredmedia":[{"embeddable":true,"href":"https:\/\/eurotrail.info\/es\/wp-json\/wp\/v2\/media\/20332"}],"wp:attachment":[{"href":"https:\/\/eurotrail.info\/es\/wp-json\/wp\/v2\/media?parent=20336"}],"wp:term":[{"taxonomy":"product_brand","embeddable":true,"href":"https:\/\/eurotrail.info\/es\/wp-json\/wp\/v2\/product_brand?post=20336"},{"taxonomy":"product_cat","embeddable":true,"href":"https:\/\/eurotrail.info\/es\/wp-json\/wp\/v2\/product_cat?post=20336"},{"taxonomy":"product_tag","embeddable":true,"href":"https:\/\/eurotrail.info\/es\/wp-json\/wp\/v2\/product_tag?post=20336"}],"curies":[{"name":"wp","href":"https:\/\/api.w.org\/{rel}","templated":true}]}}