{"id":20446,"date":"2022-11-03T16:15:18","date_gmt":"2022-11-03T15:20:53","guid":{"rendered":"https:\/\/eurotrail.info\/?post_type=product&#038;p=20446"},"modified":"2023-05-04T08:59:10","modified_gmt":"2023-05-04T07:59:10","slug":"kendal-canyon-high-silla","status":"publish","type":"product","link":"https:\/\/eurotrail.info\/es\/producten\/muebles-para-acampar\/sillas-de-camping\/kendal-canyon-high-silla\/","title":{"rendered":"Kendal Canyon High Silla"},"content":{"rendered":"<p>Silla plegable con el c\u00f3modo material de malla de aire acolchado. El marco de tubo en U de aluminio estable evita que se hunda en el fondo (de la playa. El espacioso asiento con respaldo alto ajustable (7x) y el material de malla de aire ofrecen una comodidad de asiento \u00f3ptima. El reposapi\u00e9s est\u00e1 disponible opcionalmente (ETCF1455).<\/p>\n<p>Material: malla de aire 100% poli\u00e9ster + parte trasera de textileno de 600 g, acolchado de espuma de 2 cm.<br \/>\nMarco: marco de tubo de aluminio<br \/>\nTama\u00f1o: 48x42x120cm<br \/>\nPlegado: 99x62x10cm<br \/>\nPeso: 4,6 kg.<br \/>\nm\u00e1x. carga: 120 kg.<\/p>\n","protected":false},"excerpt":{"rendered":"<p>Silla plegable con el c\u00f3modo material de malla de aire acolchado. El marco de tubo en U de aluminio estable evita que se hunda en&hellip;<\/p>\n","protected":false},"featured_media":20432,"comment_status":"open","ping_status":"closed","template":"","meta":{"_acf_changed":false},"product_brand":[],"product_cat":[348,351],"product_tag":[],"class_list":{"0":"post-20446","1":"product","2":"type-product","3":"status-publish","4":"has-post-thumbnail","6":"product_cat-muebles-para-acampar","7":"product_cat-sillas-de-camping","9":"first","10":"instock","11":"shipping-taxable","12":"product-type-simple"},"acf":[],"yoast_head":"<!-- This site is optimized with the Yoast SEO plugin v27.4 - https:\/\/yoast.com\/product\/yoast-seo-wordpress\/ -->\n<title>Kendal Canyon High Silla - Eurotrail | The way we camp!<\/title>\n<meta name=\"description\" content=\"Silla plegable con el c\u00f3modo material de malla de aire acolchado. El marco de tubo en U de aluminio estable evita que se hunda en el fondo (de la playa.\" \/>\n<meta name=\"robots\" content=\"index, follow, max-snippet:-1, max-image-preview:large, max-video-preview:-1\" \/>\n<link rel=\"canonical\" href=\"https:\/\/eurotrail.info\/es\/producten\/muebles-para-acampar\/sillas-de-camping\/kendal-canyon-high-silla\/\" \/>\n<meta property=\"og:locale\" content=\"es_ES\" \/>\n<meta property=\"og:type\" content=\"article\" \/>\n<meta property=\"og:title\" content=\"Kendal Canyon High Silla - Eurotrail | The way we camp!\" \/>\n<meta property=\"og:description\" content=\"Silla plegable con el c\u00f3modo material de malla de aire acolchado. El marco de tubo en U de aluminio estable evita que se hunda en el fondo (de la playa.\" \/>\n<meta property=\"og:url\" content=\"https:\/\/eurotrail.info\/es\/producten\/muebles-para-acampar\/sillas-de-camping\/kendal-canyon-high-silla\/\" \/>\n<meta property=\"og:site_name\" content=\"Eurotrail | The way we camp!\" \/>\n<meta property=\"article:modified_time\" content=\"2023-05-04T07:59:10+00:00\" \/>\n<meta property=\"og:image\" content=\"https:\/\/eurotrail.info\/wp\/wp-content\/uploads\/2022\/11\/ETCF1457-Kendal-Canyon-High-scaled.jpg\" \/>\n\t<meta property=\"og:image:width\" content=\"1643\" \/>\n\t<meta property=\"og:image:height\" content=\"2560\" \/>\n\t<meta property=\"og:image:type\" content=\"image\/jpeg\" \/>\n<meta name=\"twitter:card\" content=\"summary_large_image\" \/>\n<meta name=\"twitter:label1\" content=\"Tiempo de lectura\" \/>\n\t<meta name=\"twitter:data1\" content=\"1 minute\" \/>\n<script type=\"application\/ld+json\" class=\"yoast-schema-graph\">{\"@context\":\"https:\\\/\\\/schema.org\",\"@graph\":[{\"@type\":\"WebPage\",\"@id\":\"https:\\\/\\\/eurotrail.info\\\/es\\\/producten\\\/muebles-para-acampar\\\/sillas-de-camping\\\/kendal-canyon-high-silla\\\/\",\"url\":\"https:\\\/\\\/eurotrail.info\\\/es\\\/producten\\\/muebles-para-acampar\\\/sillas-de-camping\\\/kendal-canyon-high-silla\\\/\",\"name\":\"Kendal Canyon High Silla - Eurotrail | The way we camp!\",\"isPartOf\":{\"@id\":\"https:\\\/\\\/eurotrail.info\\\/#website\"},\"primaryImageOfPage\":{\"@id\":\"https:\\\/\\\/eurotrail.info\\\/es\\\/producten\\\/muebles-para-acampar\\\/sillas-de-camping\\\/kendal-canyon-high-silla\\\/#primaryimage\"},\"image\":{\"@id\":\"https:\\\/\\\/eurotrail.info\\\/es\\\/producten\\\/muebles-para-acampar\\\/sillas-de-camping\\\/kendal-canyon-high-silla\\\/#primaryimage\"},\"thumbnailUrl\":\"https:\\\/\\\/eurotrail.info\\\/wp\\\/wp-content\\\/uploads\\\/2022\\\/11\\\/ETCF1457-Kendal-Canyon-High-scaled.jpg\",\"datePublished\":\"2022-11-03T15:20:53+00:00\",\"dateModified\":\"2023-05-04T07:59:10+00:00\",\"description\":\"Silla plegable con el c\u00f3modo material de malla de aire acolchado. El marco de tubo en U de aluminio estable evita que se hunda en el fondo (de la playa.\",\"breadcrumb\":{\"@id\":\"https:\\\/\\\/eurotrail.info\\\/es\\\/producten\\\/muebles-para-acampar\\\/sillas-de-camping\\\/kendal-canyon-high-silla\\\/#breadcrumb\"},\"inLanguage\":\"es-ES\",\"potentialAction\":[{\"@type\":\"ReadAction\",\"target\":[\"https:\\\/\\\/eurotrail.info\\\/es\\\/producten\\\/muebles-para-acampar\\\/sillas-de-camping\\\/kendal-canyon-high-silla\\\/\"]}]},{\"@type\":\"ImageObject\",\"inLanguage\":\"es-ES\",\"@id\":\"https:\\\/\\\/eurotrail.info\\\/es\\\/producten\\\/muebles-para-acampar\\\/sillas-de-camping\\\/kendal-canyon-high-silla\\\/#primaryimage\",\"url\":\"https:\\\/\\\/eurotrail.info\\\/wp\\\/wp-content\\\/uploads\\\/2022\\\/11\\\/ETCF1457-Kendal-Canyon-High-scaled.jpg\",\"contentUrl\":\"https:\\\/\\\/eurotrail.info\\\/wp\\\/wp-content\\\/uploads\\\/2022\\\/11\\\/ETCF1457-Kendal-Canyon-High-scaled.jpg\",\"width\":1643,\"height\":2560,\"caption\":\"Eurotrail Kendal Canyon High\"},{\"@type\":\"BreadcrumbList\",\"@id\":\"https:\\\/\\\/eurotrail.info\\\/es\\\/producten\\\/muebles-para-acampar\\\/sillas-de-camping\\\/kendal-canyon-high-silla\\\/#breadcrumb\",\"itemListElement\":[{\"@type\":\"ListItem\",\"position\":1,\"name\":\"Home\",\"item\":\"https:\\\/\\\/eurotrail.info\\\/es\\\/\"},{\"@type\":\"ListItem\",\"position\":2,\"name\":\"Productos\",\"item\":\"https:\\\/\\\/eurotrail.info\\\/es\\\/productos\\\/\"},{\"@type\":\"ListItem\",\"position\":3,\"name\":\"Kendal Canyon High Silla\"}]},{\"@type\":\"WebSite\",\"@id\":\"https:\\\/\\\/eurotrail.info\\\/#website\",\"url\":\"https:\\\/\\\/eurotrail.info\\\/\",\"name\":\"Eurotrail | The way we camp!\",\"description\":\"\",\"publisher\":{\"@id\":\"https:\\\/\\\/eurotrail.info\\\/#organization\"},\"potentialAction\":[{\"@type\":\"SearchAction\",\"target\":{\"@type\":\"EntryPoint\",\"urlTemplate\":\"https:\\\/\\\/eurotrail.info\\\/?s={search_term_string}\"},\"query-input\":{\"@type\":\"PropertyValueSpecification\",\"valueRequired\":true,\"valueName\":\"search_term_string\"}}],\"inLanguage\":\"es-ES\"},{\"@type\":\"Organization\",\"@id\":\"https:\\\/\\\/eurotrail.info\\\/#organization\",\"name\":\"Eurotrail | The way we camp!\",\"url\":\"https:\\\/\\\/eurotrail.info\\\/\",\"logo\":{\"@type\":\"ImageObject\",\"inLanguage\":\"es-ES\",\"@id\":\"https:\\\/\\\/eurotrail.info\\\/#\\\/schema\\\/logo\\\/image\\\/\",\"url\":\"https:\\\/\\\/eurotrail.info\\\/wp\\\/wp-content\\\/uploads\\\/2023\\\/07\\\/ET-logo-quote_NL-scaled.jpg\",\"contentUrl\":\"https:\\\/\\\/eurotrail.info\\\/wp\\\/wp-content\\\/uploads\\\/2023\\\/07\\\/ET-logo-quote_NL-scaled.jpg\",\"width\":2560,\"height\":675,\"caption\":\"Eurotrail | The way we camp!\"},\"image\":{\"@id\":\"https:\\\/\\\/eurotrail.info\\\/#\\\/schema\\\/logo\\\/image\\\/\"}}]}<\/script>\n<!-- \/ Yoast SEO plugin. -->","yoast_head_json":{"title":"Kendal Canyon High Silla - Eurotrail | The way we camp!","description":"Silla plegable con el c\u00f3modo material de malla de aire acolchado. El marco de tubo en U de aluminio estable evita que se hunda en el fondo (de la playa.","robots":{"index":"index","follow":"follow","max-snippet":"max-snippet:-1","max-image-preview":"max-image-preview:large","max-video-preview":"max-video-preview:-1"},"canonical":"https:\/\/eurotrail.info\/es\/producten\/muebles-para-acampar\/sillas-de-camping\/kendal-canyon-high-silla\/","og_locale":"es_ES","og_type":"article","og_title":"Kendal Canyon High Silla - Eurotrail | The way we camp!","og_description":"Silla plegable con el c\u00f3modo material de malla de aire acolchado. El marco de tubo en U de aluminio estable evita que se hunda en el fondo (de la playa.","og_url":"https:\/\/eurotrail.info\/es\/producten\/muebles-para-acampar\/sillas-de-camping\/kendal-canyon-high-silla\/","og_site_name":"Eurotrail | The way we camp!","article_modified_time":"2023-05-04T07:59:10+00:00","og_image":[{"width":1643,"height":2560,"url":"https:\/\/eurotrail.info\/wp\/wp-content\/uploads\/2022\/11\/ETCF1457-Kendal-Canyon-High-scaled.jpg","type":"image\/jpeg"}],"twitter_card":"summary_large_image","twitter_misc":{"Tiempo de lectura":"1 minute"},"schema":{"@context":"https:\/\/schema.org","@graph":[{"@type":"WebPage","@id":"https:\/\/eurotrail.info\/es\/producten\/muebles-para-acampar\/sillas-de-camping\/kendal-canyon-high-silla\/","url":"https:\/\/eurotrail.info\/es\/producten\/muebles-para-acampar\/sillas-de-camping\/kendal-canyon-high-silla\/","name":"Kendal Canyon High Silla - Eurotrail | The way we camp!","isPartOf":{"@id":"https:\/\/eurotrail.info\/#website"},"primaryImageOfPage":{"@id":"https:\/\/eurotrail.info\/es\/producten\/muebles-para-acampar\/sillas-de-camping\/kendal-canyon-high-silla\/#primaryimage"},"image":{"@id":"https:\/\/eurotrail.info\/es\/producten\/muebles-para-acampar\/sillas-de-camping\/kendal-canyon-high-silla\/#primaryimage"},"thumbnailUrl":"https:\/\/eurotrail.info\/wp\/wp-content\/uploads\/2022\/11\/ETCF1457-Kendal-Canyon-High-scaled.jpg","datePublished":"2022-11-03T15:20:53+00:00","dateModified":"2023-05-04T07:59:10+00:00","description":"Silla plegable con el c\u00f3modo material de malla de aire acolchado. El marco de tubo en U de aluminio estable evita que se hunda en el fondo (de la playa.","breadcrumb":{"@id":"https:\/\/eurotrail.info\/es\/producten\/muebles-para-acampar\/sillas-de-camping\/kendal-canyon-high-silla\/#breadcrumb"},"inLanguage":"es-ES","potentialAction":[{"@type":"ReadAction","target":["https:\/\/eurotrail.info\/es\/producten\/muebles-para-acampar\/sillas-de-camping\/kendal-canyon-high-silla\/"]}]},{"@type":"ImageObject","inLanguage":"es-ES","@id":"https:\/\/eurotrail.info\/es\/producten\/muebles-para-acampar\/sillas-de-camping\/kendal-canyon-high-silla\/#primaryimage","url":"https:\/\/eurotrail.info\/wp\/wp-content\/uploads\/2022\/11\/ETCF1457-Kendal-Canyon-High-scaled.jpg","contentUrl":"https:\/\/eurotrail.info\/wp\/wp-content\/uploads\/2022\/11\/ETCF1457-Kendal-Canyon-High-scaled.jpg","width":1643,"height":2560,"caption":"Eurotrail Kendal Canyon High"},{"@type":"BreadcrumbList","@id":"https:\/\/eurotrail.info\/es\/producten\/muebles-para-acampar\/sillas-de-camping\/kendal-canyon-high-silla\/#breadcrumb","itemListElement":[{"@type":"ListItem","position":1,"name":"Home","item":"https:\/\/eurotrail.info\/es\/"},{"@type":"ListItem","position":2,"name":"Productos","item":"https:\/\/eurotrail.info\/es\/productos\/"},{"@type":"ListItem","position":3,"name":"Kendal Canyon High Silla"}]},{"@type":"WebSite","@id":"https:\/\/eurotrail.info\/#website","url":"https:\/\/eurotrail.info\/","name":"Eurotrail | The way we camp!","description":"","publisher":{"@id":"https:\/\/eurotrail.info\/#organization"},"potentialAction":[{"@type":"SearchAction","target":{"@type":"EntryPoint","urlTemplate":"https:\/\/eurotrail.info\/?s={search_term_string}"},"query-input":{"@type":"PropertyValueSpecification","valueRequired":true,"valueName":"search_term_string"}}],"inLanguage":"es-ES"},{"@type":"Organization","@id":"https:\/\/eurotrail.info\/#organization","name":"Eurotrail | The way we camp!","url":"https:\/\/eurotrail.info\/","logo":{"@type":"ImageObject","inLanguage":"es-ES","@id":"https:\/\/eurotrail.info\/#\/schema\/logo\/image\/","url":"https:\/\/eurotrail.info\/wp\/wp-content\/uploads\/2023\/07\/ET-logo-quote_NL-scaled.jpg","contentUrl":"https:\/\/eurotrail.info\/wp\/wp-content\/uploads\/2023\/07\/ET-logo-quote_NL-scaled.jpg","width":2560,"height":675,"caption":"Eurotrail | The way we camp!"},"image":{"@id":"https:\/\/eurotrail.info\/#\/schema\/logo\/image\/"}}]}},"_links":{"self":[{"href":"https:\/\/eurotrail.info\/es\/wp-json\/wp\/v2\/product\/20446","targetHints":{"allow":["GET"]}}],"collection":[{"href":"https:\/\/eurotrail.info\/es\/wp-json\/wp\/v2\/product"}],"about":[{"href":"https:\/\/eurotrail.info\/es\/wp-json\/wp\/v2\/types\/product"}],"replies":[{"embeddable":true,"href":"https:\/\/eurotrail.info\/es\/wp-json\/wp\/v2\/comments?post=20446"}],"wp:featuredmedia":[{"embeddable":true,"href":"https:\/\/eurotrail.info\/es\/wp-json\/wp\/v2\/media\/20432"}],"wp:attachment":[{"href":"https:\/\/eurotrail.info\/es\/wp-json\/wp\/v2\/media?parent=20446"}],"wp:term":[{"taxonomy":"product_brand","embeddable":true,"href":"https:\/\/eurotrail.info\/es\/wp-json\/wp\/v2\/product_brand?post=20446"},{"taxonomy":"product_cat","embeddable":true,"href":"https:\/\/eurotrail.info\/es\/wp-json\/wp\/v2\/product_cat?post=20446"},{"taxonomy":"product_tag","embeddable":true,"href":"https:\/\/eurotrail.info\/es\/wp-json\/wp\/v2\/product_tag?post=20446"}],"curies":[{"name":"wp","href":"https:\/\/api.w.org\/{rel}","templated":true}]}}