{"id":20537,"date":"2022-11-03T16:38:56","date_gmt":"2022-11-03T15:44:00","guid":{"rendered":"https:\/\/eurotrail.info\/?post_type=product&#038;p=20537"},"modified":"2026-02-10T15:02:29","modified_gmt":"2026-02-10T14:02:29","slug":"calmont-mesa-plegable-alu-l","status":"publish","type":"product","link":"https:\/\/eurotrail.info\/es\/producten\/muebles-para-acampar\/mesas-de-camping\/calmont-mesa-plegable-alu-l\/","title":{"rendered":"Calmont L mesa plegable alu"},"content":{"rendered":"<p><strong>Mesa de camping: elegante, estable y vers\u00e1til<\/strong><\/p>\n<p>Esta mesa de camping de alta calidad es la compa\u00f1era ideal para acampar, en el jard\u00edn o para llevar. Su resistente tablero de aluminio\/pl\u00e1stico es impermeable y resistente al calor, lo que le permite cocinar, comer o disfrutar de bebidas sin preocupaciones, incluso con un uso intensivo.<\/p>\n<p>Las patas son ajustables de forma continua, lo que garantiza que la mesa est\u00e9 siempre perfectamente nivelada, incluso en superficies irregulares. Sus patas anchas evitan que se hunda y proporcionan mayor estabilidad sobre c\u00e9sped, arena o grava.<\/p>\n<p>Las patas anodizadas, combinadas con el amplio borde de aluminio y la elegante combinaci\u00f3n de colores, crean un aspecto lujoso y profesional. No solo es pr\u00e1ctica, sino que tambi\u00e9n ser\u00e1 un verdadero punto de atracci\u00f3n en su camping.<\/p>\n<p>Robusta, elegante y lista para cualquier aventura. \ud83c\udfd5\ufe0f\u2728<\/p>\n<p>Estructura: patas de aluminio \u00d820mm<br \/>\nParte superior: pl\u00e1stico de aluminio resistente al agua y al calor.<br \/>\nDimensiones: 115x70x55\/73cm<br \/>\nPlegado: 115x70x5cm<br \/>\nPeso 6,95 kg.<\/p>\n","protected":false},"excerpt":{"rendered":"<p>Mesa de camping: elegante, estable y vers\u00e1til Esta mesa de camping de alta calidad es la compa\u00f1era ideal para acampar, en el jard\u00edn o para&hellip;<\/p>\n","protected":false},"featured_media":20571,"comment_status":"open","ping_status":"closed","template":"","meta":{"_acf_changed":false},"product_brand":[],"product_cat":[352,348],"product_tag":[],"class_list":{"0":"post-20537","1":"product","2":"type-product","3":"status-publish","4":"has-post-thumbnail","6":"product_cat-mesas-de-camping","7":"product_cat-muebles-para-acampar","9":"first","10":"instock","11":"shipping-taxable","12":"product-type-simple"},"acf":[],"yoast_head":"<!-- This site is optimized with the Yoast SEO plugin v27.4 - https:\/\/yoast.com\/product\/yoast-seo-wordpress\/ -->\n<title>Calmont L mesa plegable alu - Eurotrail | The way we camp!<\/title>\n<meta name=\"description\" content=\"Mesa plegable con tablero de aluminio\/pl\u00e1stico impermeable y resistente al calor. Patas de f\u00e1cil regulaci\u00f3n continua con pie ancho para evitar que se hunda en el suelo.\" \/>\n<meta name=\"robots\" content=\"index, follow, max-snippet:-1, max-image-preview:large, max-video-preview:-1\" \/>\n<link rel=\"canonical\" href=\"https:\/\/eurotrail.info\/es\/producten\/muebles-para-acampar\/mesas-de-camping\/calmont-mesa-plegable-alu-l\/\" \/>\n<meta property=\"og:locale\" content=\"es_ES\" \/>\n<meta property=\"og:type\" content=\"article\" \/>\n<meta property=\"og:title\" content=\"Calmont L mesa plegable alu - Eurotrail | The way we camp!\" \/>\n<meta property=\"og:description\" content=\"Mesa plegable con tablero de aluminio\/pl\u00e1stico impermeable y resistente al calor. Patas de f\u00e1cil regulaci\u00f3n continua con pie ancho para evitar que se hunda en el suelo.\" \/>\n<meta property=\"og:url\" content=\"https:\/\/eurotrail.info\/es\/producten\/muebles-para-acampar\/mesas-de-camping\/calmont-mesa-plegable-alu-l\/\" \/>\n<meta property=\"og:site_name\" content=\"Eurotrail | The way we camp!\" \/>\n<meta property=\"article:modified_time\" content=\"2026-02-10T14:02:29+00:00\" \/>\n<meta property=\"og:image\" content=\"https:\/\/eurotrail.info\/wp\/wp-content\/uploads\/2022\/11\/tafel-C-5.jpg\" \/>\n\t<meta property=\"og:image:width\" content=\"2450\" \/>\n\t<meta property=\"og:image:height\" content=\"2413\" \/>\n\t<meta property=\"og:image:type\" content=\"image\/jpeg\" \/>\n<meta name=\"twitter:card\" content=\"summary_large_image\" \/>\n<meta name=\"twitter:label1\" content=\"Tiempo de lectura\" \/>\n\t<meta name=\"twitter:data1\" content=\"1 minute\" \/>\n<script type=\"application\/ld+json\" class=\"yoast-schema-graph\">{\"@context\":\"https:\\\/\\\/schema.org\",\"@graph\":[{\"@type\":\"WebPage\",\"@id\":\"https:\\\/\\\/eurotrail.info\\\/es\\\/producten\\\/muebles-para-acampar\\\/mesas-de-camping\\\/calmont-mesa-plegable-alu-l\\\/\",\"url\":\"https:\\\/\\\/eurotrail.info\\\/es\\\/producten\\\/muebles-para-acampar\\\/mesas-de-camping\\\/calmont-mesa-plegable-alu-l\\\/\",\"name\":\"Calmont L mesa plegable alu - Eurotrail | The way we camp!\",\"isPartOf\":{\"@id\":\"https:\\\/\\\/eurotrail.info\\\/#website\"},\"primaryImageOfPage\":{\"@id\":\"https:\\\/\\\/eurotrail.info\\\/es\\\/producten\\\/muebles-para-acampar\\\/mesas-de-camping\\\/calmont-mesa-plegable-alu-l\\\/#primaryimage\"},\"image\":{\"@id\":\"https:\\\/\\\/eurotrail.info\\\/es\\\/producten\\\/muebles-para-acampar\\\/mesas-de-camping\\\/calmont-mesa-plegable-alu-l\\\/#primaryimage\"},\"thumbnailUrl\":\"https:\\\/\\\/eurotrail.info\\\/wp\\\/wp-content\\\/uploads\\\/2022\\\/11\\\/tafel-C-5.jpg\",\"datePublished\":\"2022-11-03T15:44:00+00:00\",\"dateModified\":\"2026-02-10T14:02:29+00:00\",\"description\":\"Mesa plegable con tablero de aluminio\\\/pl\u00e1stico impermeable y resistente al calor. Patas de f\u00e1cil regulaci\u00f3n continua con pie ancho para evitar que se hunda en el suelo.\",\"breadcrumb\":{\"@id\":\"https:\\\/\\\/eurotrail.info\\\/es\\\/producten\\\/muebles-para-acampar\\\/mesas-de-camping\\\/calmont-mesa-plegable-alu-l\\\/#breadcrumb\"},\"inLanguage\":\"es-ES\",\"potentialAction\":[{\"@type\":\"ReadAction\",\"target\":[\"https:\\\/\\\/eurotrail.info\\\/es\\\/producten\\\/muebles-para-acampar\\\/mesas-de-camping\\\/calmont-mesa-plegable-alu-l\\\/\"]}]},{\"@type\":\"ImageObject\",\"inLanguage\":\"es-ES\",\"@id\":\"https:\\\/\\\/eurotrail.info\\\/es\\\/producten\\\/muebles-para-acampar\\\/mesas-de-camping\\\/calmont-mesa-plegable-alu-l\\\/#primaryimage\",\"url\":\"https:\\\/\\\/eurotrail.info\\\/wp\\\/wp-content\\\/uploads\\\/2022\\\/11\\\/tafel-C-5.jpg\",\"contentUrl\":\"https:\\\/\\\/eurotrail.info\\\/wp\\\/wp-content\\\/uploads\\\/2022\\\/11\\\/tafel-C-5.jpg\",\"width\":2450,\"height\":2413,\"caption\":\"Eurotrail Calmount campingtafel l Alu\"},{\"@type\":\"BreadcrumbList\",\"@id\":\"https:\\\/\\\/eurotrail.info\\\/es\\\/producten\\\/muebles-para-acampar\\\/mesas-de-camping\\\/calmont-mesa-plegable-alu-l\\\/#breadcrumb\",\"itemListElement\":[{\"@type\":\"ListItem\",\"position\":1,\"name\":\"Home\",\"item\":\"https:\\\/\\\/eurotrail.info\\\/es\\\/\"},{\"@type\":\"ListItem\",\"position\":2,\"name\":\"Productos\",\"item\":\"https:\\\/\\\/eurotrail.info\\\/es\\\/productos\\\/\"},{\"@type\":\"ListItem\",\"position\":3,\"name\":\"Calmont L mesa plegable alu\"}]},{\"@type\":\"WebSite\",\"@id\":\"https:\\\/\\\/eurotrail.info\\\/#website\",\"url\":\"https:\\\/\\\/eurotrail.info\\\/\",\"name\":\"Eurotrail | The way we camp!\",\"description\":\"\",\"publisher\":{\"@id\":\"https:\\\/\\\/eurotrail.info\\\/#organization\"},\"potentialAction\":[{\"@type\":\"SearchAction\",\"target\":{\"@type\":\"EntryPoint\",\"urlTemplate\":\"https:\\\/\\\/eurotrail.info\\\/?s={search_term_string}\"},\"query-input\":{\"@type\":\"PropertyValueSpecification\",\"valueRequired\":true,\"valueName\":\"search_term_string\"}}],\"inLanguage\":\"es-ES\"},{\"@type\":\"Organization\",\"@id\":\"https:\\\/\\\/eurotrail.info\\\/#organization\",\"name\":\"Eurotrail | The way we camp!\",\"url\":\"https:\\\/\\\/eurotrail.info\\\/\",\"logo\":{\"@type\":\"ImageObject\",\"inLanguage\":\"es-ES\",\"@id\":\"https:\\\/\\\/eurotrail.info\\\/#\\\/schema\\\/logo\\\/image\\\/\",\"url\":\"https:\\\/\\\/eurotrail.info\\\/wp\\\/wp-content\\\/uploads\\\/2023\\\/07\\\/ET-logo-quote_NL-scaled.jpg\",\"contentUrl\":\"https:\\\/\\\/eurotrail.info\\\/wp\\\/wp-content\\\/uploads\\\/2023\\\/07\\\/ET-logo-quote_NL-scaled.jpg\",\"width\":2560,\"height\":675,\"caption\":\"Eurotrail | The way we camp!\"},\"image\":{\"@id\":\"https:\\\/\\\/eurotrail.info\\\/#\\\/schema\\\/logo\\\/image\\\/\"}}]}<\/script>\n<!-- \/ Yoast SEO plugin. -->","yoast_head_json":{"title":"Calmont L mesa plegable alu - Eurotrail | The way we camp!","description":"Mesa plegable con tablero de aluminio\/pl\u00e1stico impermeable y resistente al calor. Patas de f\u00e1cil regulaci\u00f3n continua con pie ancho para evitar que se hunda en el suelo.","robots":{"index":"index","follow":"follow","max-snippet":"max-snippet:-1","max-image-preview":"max-image-preview:large","max-video-preview":"max-video-preview:-1"},"canonical":"https:\/\/eurotrail.info\/es\/producten\/muebles-para-acampar\/mesas-de-camping\/calmont-mesa-plegable-alu-l\/","og_locale":"es_ES","og_type":"article","og_title":"Calmont L mesa plegable alu - Eurotrail | The way we camp!","og_description":"Mesa plegable con tablero de aluminio\/pl\u00e1stico impermeable y resistente al calor. Patas de f\u00e1cil regulaci\u00f3n continua con pie ancho para evitar que se hunda en el suelo.","og_url":"https:\/\/eurotrail.info\/es\/producten\/muebles-para-acampar\/mesas-de-camping\/calmont-mesa-plegable-alu-l\/","og_site_name":"Eurotrail | The way we camp!","article_modified_time":"2026-02-10T14:02:29+00:00","og_image":[{"width":2450,"height":2413,"url":"https:\/\/eurotrail.info\/wp\/wp-content\/uploads\/2022\/11\/tafel-C-5.jpg","type":"image\/jpeg"}],"twitter_card":"summary_large_image","twitter_misc":{"Tiempo de lectura":"1 minute"},"schema":{"@context":"https:\/\/schema.org","@graph":[{"@type":"WebPage","@id":"https:\/\/eurotrail.info\/es\/producten\/muebles-para-acampar\/mesas-de-camping\/calmont-mesa-plegable-alu-l\/","url":"https:\/\/eurotrail.info\/es\/producten\/muebles-para-acampar\/mesas-de-camping\/calmont-mesa-plegable-alu-l\/","name":"Calmont L mesa plegable alu - Eurotrail | The way we camp!","isPartOf":{"@id":"https:\/\/eurotrail.info\/#website"},"primaryImageOfPage":{"@id":"https:\/\/eurotrail.info\/es\/producten\/muebles-para-acampar\/mesas-de-camping\/calmont-mesa-plegable-alu-l\/#primaryimage"},"image":{"@id":"https:\/\/eurotrail.info\/es\/producten\/muebles-para-acampar\/mesas-de-camping\/calmont-mesa-plegable-alu-l\/#primaryimage"},"thumbnailUrl":"https:\/\/eurotrail.info\/wp\/wp-content\/uploads\/2022\/11\/tafel-C-5.jpg","datePublished":"2022-11-03T15:44:00+00:00","dateModified":"2026-02-10T14:02:29+00:00","description":"Mesa plegable con tablero de aluminio\/pl\u00e1stico impermeable y resistente al calor. Patas de f\u00e1cil regulaci\u00f3n continua con pie ancho para evitar que se hunda en el suelo.","breadcrumb":{"@id":"https:\/\/eurotrail.info\/es\/producten\/muebles-para-acampar\/mesas-de-camping\/calmont-mesa-plegable-alu-l\/#breadcrumb"},"inLanguage":"es-ES","potentialAction":[{"@type":"ReadAction","target":["https:\/\/eurotrail.info\/es\/producten\/muebles-para-acampar\/mesas-de-camping\/calmont-mesa-plegable-alu-l\/"]}]},{"@type":"ImageObject","inLanguage":"es-ES","@id":"https:\/\/eurotrail.info\/es\/producten\/muebles-para-acampar\/mesas-de-camping\/calmont-mesa-plegable-alu-l\/#primaryimage","url":"https:\/\/eurotrail.info\/wp\/wp-content\/uploads\/2022\/11\/tafel-C-5.jpg","contentUrl":"https:\/\/eurotrail.info\/wp\/wp-content\/uploads\/2022\/11\/tafel-C-5.jpg","width":2450,"height":2413,"caption":"Eurotrail Calmount campingtafel l Alu"},{"@type":"BreadcrumbList","@id":"https:\/\/eurotrail.info\/es\/producten\/muebles-para-acampar\/mesas-de-camping\/calmont-mesa-plegable-alu-l\/#breadcrumb","itemListElement":[{"@type":"ListItem","position":1,"name":"Home","item":"https:\/\/eurotrail.info\/es\/"},{"@type":"ListItem","position":2,"name":"Productos","item":"https:\/\/eurotrail.info\/es\/productos\/"},{"@type":"ListItem","position":3,"name":"Calmont L mesa plegable alu"}]},{"@type":"WebSite","@id":"https:\/\/eurotrail.info\/#website","url":"https:\/\/eurotrail.info\/","name":"Eurotrail | The way we camp!","description":"","publisher":{"@id":"https:\/\/eurotrail.info\/#organization"},"potentialAction":[{"@type":"SearchAction","target":{"@type":"EntryPoint","urlTemplate":"https:\/\/eurotrail.info\/?s={search_term_string}"},"query-input":{"@type":"PropertyValueSpecification","valueRequired":true,"valueName":"search_term_string"}}],"inLanguage":"es-ES"},{"@type":"Organization","@id":"https:\/\/eurotrail.info\/#organization","name":"Eurotrail | The way we camp!","url":"https:\/\/eurotrail.info\/","logo":{"@type":"ImageObject","inLanguage":"es-ES","@id":"https:\/\/eurotrail.info\/#\/schema\/logo\/image\/","url":"https:\/\/eurotrail.info\/wp\/wp-content\/uploads\/2023\/07\/ET-logo-quote_NL-scaled.jpg","contentUrl":"https:\/\/eurotrail.info\/wp\/wp-content\/uploads\/2023\/07\/ET-logo-quote_NL-scaled.jpg","width":2560,"height":675,"caption":"Eurotrail | The way we camp!"},"image":{"@id":"https:\/\/eurotrail.info\/#\/schema\/logo\/image\/"}}]}},"_links":{"self":[{"href":"https:\/\/eurotrail.info\/es\/wp-json\/wp\/v2\/product\/20537","targetHints":{"allow":["GET"]}}],"collection":[{"href":"https:\/\/eurotrail.info\/es\/wp-json\/wp\/v2\/product"}],"about":[{"href":"https:\/\/eurotrail.info\/es\/wp-json\/wp\/v2\/types\/product"}],"replies":[{"embeddable":true,"href":"https:\/\/eurotrail.info\/es\/wp-json\/wp\/v2\/comments?post=20537"}],"wp:featuredmedia":[{"embeddable":true,"href":"https:\/\/eurotrail.info\/es\/wp-json\/wp\/v2\/media\/20571"}],"wp:attachment":[{"href":"https:\/\/eurotrail.info\/es\/wp-json\/wp\/v2\/media?parent=20537"}],"wp:term":[{"taxonomy":"product_brand","embeddable":true,"href":"https:\/\/eurotrail.info\/es\/wp-json\/wp\/v2\/product_brand?post=20537"},{"taxonomy":"product_cat","embeddable":true,"href":"https:\/\/eurotrail.info\/es\/wp-json\/wp\/v2\/product_cat?post=20537"},{"taxonomy":"product_tag","embeddable":true,"href":"https:\/\/eurotrail.info\/es\/wp-json\/wp\/v2\/product_tag?post=20537"}],"curies":[{"name":"wp","href":"https:\/\/api.w.org\/{rel}","templated":true}]}}