{"id":20540,"date":"2016-01-22T10:21:11","date_gmt":"2016-01-22T09:21:11","guid":{"rendered":"https:\/\/eurotrail.info\/?post_type=product&#038;p=20540"},"modified":"2026-02-10T15:19:29","modified_gmt":"2026-02-10T14:19:29","slug":"st-gobain-s-m-l-mesa-plegable","status":"publish","type":"product","link":"https:\/\/eurotrail.info\/es\/producten\/muebles-para-acampar\/mesas-de-camping\/st-gobain-s-m-l-mesa-plegable\/","title":{"rendered":"St. Gobain mesa de camping"},"content":{"rendered":"<p><strong>La mesa de camping m\u00e1s estable de su clase<\/strong><\/p>\n<p>Esta mesa de camping garantiza la m\u00e1xima estabilidad y durabilidad. La estructura est\u00e1 equipada con el sistema patentado CLS (Cross Link Stability), que proporciona estabilidad tanto frontal como lateral. Incluso en terrenos irregulares, la mesa se mantiene s\u00f3lida y fiable.<\/p>\n<p>Las patas son regulables en altura sin escalonamiento y cuentan con amplios soportes que evitan el hundimiento y proporcionan una estabilidad adicional. El tablero Sevelit de alta calidad, fabricado en Alemania, es totalmente impermeable y resistente al calor, dise\u00f1ado para soportar a\u00f1os de uso intensivo con facilidad.<\/p>\n<p>La mesa se ensambla en los Pa\u00edses Bajos en un taller protegido, lo que significa que al comprarla, contribuye a un trabajo valioso y significativo para personas que no tienen acceso al mercado laboral.<\/p>\n<p>Gracias a la garant\u00eda completa de tres a\u00f1os de St. Gobain, tambi\u00e9n elige seguridad y calidad a largo plazo.<\/p>\n<p>Disponible en tres tama\u00f1os y con un elegante acabado en color antracita.<\/p>\n<p><strong>Estabilidad inigualable, calidad duradera y una elecci\u00f3n consciente: todo en una sola mesa de camping.<\/strong><\/p>\n<p>St. Gobain S:<br \/>\nDimensiones: 80 x 60 x 52\/68 cm, pli\u00e9: 80 x 60 x 9 cm, peso: 8,5 kg.<\/p>\n<p>St. Gobain M:<br \/>\nDimensiones: 100 x 68 x 52\/68 cm, pli\u00e9: 100 x 68 x 9 cm, peso: 10,5 kg.<\/p>\n<p>St. Gobain L:<br \/>\nDimensiones: 115 x 70 x 52\/68 cm, pli\u00e9: 115 x 70 x 9 cm, peso: 14,8 kg.<\/p>\n<p>Tops: Sevelit TOP LINE, impermeable y resistente al calor<br \/>\nMarco: Aluminio<br \/>\nCarga m\u00e1xima: 50 kg.<\/p>\n","protected":false},"excerpt":{"rendered":"<p>La mesa de camping m\u00e1s estable de su clase Esta mesa de camping garantiza la m\u00e1xima estabilidad y durabilidad. La estructura est\u00e1 equipada con el&hellip;<\/p>\n","protected":false},"featured_media":19042,"comment_status":"open","ping_status":"closed","template":"","meta":{"_acf_changed":false},"product_brand":[],"product_cat":[352],"product_tag":[],"class_list":{"0":"post-20540","1":"product","2":"type-product","3":"status-publish","4":"has-post-thumbnail","6":"product_cat-mesas-de-camping","8":"first","9":"instock","10":"shipping-taxable","11":"product-type-simple"},"acf":[],"yoast_head":"<!-- This site is optimized with the Yoast SEO plugin v27.4 - https:\/\/yoast.com\/product\/yoast-seo-wordpress\/ -->\n<title>St. Gobain mesa de camping - Eurotrail | The way we camp!<\/title>\n<meta name=\"description\" content=\"\u00a1La mesa de camping m\u00e1s estable del mercado!El marco est\u00e1 equipado con la barra patentada CLS (Crosslink Stability) que ofrece no solo estabilidad lateral sino tambi\u00e9n hacia adelante.\" \/>\n<meta name=\"robots\" content=\"index, follow, max-snippet:-1, max-image-preview:large, max-video-preview:-1\" \/>\n<link rel=\"canonical\" href=\"https:\/\/eurotrail.info\/es\/producten\/muebles-para-acampar\/mesas-de-camping\/st-gobain-s-m-l-mesa-plegable\/\" \/>\n<meta property=\"og:locale\" content=\"es_ES\" \/>\n<meta property=\"og:type\" content=\"article\" \/>\n<meta property=\"og:title\" content=\"St. Gobain mesa de camping - Eurotrail | The way we camp!\" \/>\n<meta property=\"og:description\" content=\"\u00a1La mesa de camping m\u00e1s estable del mercado!El marco est\u00e1 equipado con la barra patentada CLS (Crosslink Stability) que ofrece no solo estabilidad lateral sino tambi\u00e9n hacia adelante.\" \/>\n<meta property=\"og:url\" content=\"https:\/\/eurotrail.info\/es\/producten\/muebles-para-acampar\/mesas-de-camping\/st-gobain-s-m-l-mesa-plegable\/\" \/>\n<meta property=\"og:site_name\" content=\"Eurotrail | The way we camp!\" \/>\n<meta property=\"article:modified_time\" content=\"2026-02-10T14:19:29+00:00\" \/>\n<meta property=\"og:image\" content=\"https:\/\/eurotrail.info\/wp\/wp-content\/uploads\/2016\/01\/ETCF0751_0400_2.jpg\" \/>\n\t<meta property=\"og:image:width\" content=\"1772\" \/>\n\t<meta property=\"og:image:height\" content=\"1407\" \/>\n\t<meta property=\"og:image:type\" content=\"image\/jpeg\" \/>\n<meta name=\"twitter:card\" content=\"summary_large_image\" \/>\n<meta name=\"twitter:label1\" content=\"Tiempo de lectura\" \/>\n\t<meta name=\"twitter:data1\" content=\"2 minutes\" \/>\n<script type=\"application\/ld+json\" class=\"yoast-schema-graph\">{\"@context\":\"https:\\\/\\\/schema.org\",\"@graph\":[{\"@type\":\"WebPage\",\"@id\":\"https:\\\/\\\/eurotrail.info\\\/es\\\/producten\\\/muebles-para-acampar\\\/mesas-de-camping\\\/st-gobain-s-m-l-mesa-plegable\\\/\",\"url\":\"https:\\\/\\\/eurotrail.info\\\/es\\\/producten\\\/muebles-para-acampar\\\/mesas-de-camping\\\/st-gobain-s-m-l-mesa-plegable\\\/\",\"name\":\"St. Gobain mesa de camping - Eurotrail | The way we camp!\",\"isPartOf\":{\"@id\":\"https:\\\/\\\/eurotrail.info\\\/#website\"},\"primaryImageOfPage\":{\"@id\":\"https:\\\/\\\/eurotrail.info\\\/es\\\/producten\\\/muebles-para-acampar\\\/mesas-de-camping\\\/st-gobain-s-m-l-mesa-plegable\\\/#primaryimage\"},\"image\":{\"@id\":\"https:\\\/\\\/eurotrail.info\\\/es\\\/producten\\\/muebles-para-acampar\\\/mesas-de-camping\\\/st-gobain-s-m-l-mesa-plegable\\\/#primaryimage\"},\"thumbnailUrl\":\"https:\\\/\\\/eurotrail.info\\\/wp\\\/wp-content\\\/uploads\\\/2016\\\/01\\\/ETCF0751_0400_2.jpg\",\"datePublished\":\"2016-01-22T09:21:11+00:00\",\"dateModified\":\"2026-02-10T14:19:29+00:00\",\"description\":\"\u00a1La mesa de camping m\u00e1s estable del mercado!El marco est\u00e1 equipado con la barra patentada CLS (Crosslink Stability) que ofrece no solo estabilidad lateral sino tambi\u00e9n hacia adelante.\",\"breadcrumb\":{\"@id\":\"https:\\\/\\\/eurotrail.info\\\/es\\\/producten\\\/muebles-para-acampar\\\/mesas-de-camping\\\/st-gobain-s-m-l-mesa-plegable\\\/#breadcrumb\"},\"inLanguage\":\"es-ES\",\"potentialAction\":[{\"@type\":\"ReadAction\",\"target\":[\"https:\\\/\\\/eurotrail.info\\\/es\\\/producten\\\/muebles-para-acampar\\\/mesas-de-camping\\\/st-gobain-s-m-l-mesa-plegable\\\/\"]}]},{\"@type\":\"ImageObject\",\"inLanguage\":\"es-ES\",\"@id\":\"https:\\\/\\\/eurotrail.info\\\/es\\\/producten\\\/muebles-para-acampar\\\/mesas-de-camping\\\/st-gobain-s-m-l-mesa-plegable\\\/#primaryimage\",\"url\":\"https:\\\/\\\/eurotrail.info\\\/wp\\\/wp-content\\\/uploads\\\/2016\\\/01\\\/ETCF0751_0400_2.jpg\",\"contentUrl\":\"https:\\\/\\\/eurotrail.info\\\/wp\\\/wp-content\\\/uploads\\\/2016\\\/01\\\/ETCF0751_0400_2.jpg\",\"width\":1772,\"height\":1407,\"caption\":\"Zeer stabiele campingtafel met verstelbare poten. Sevelit top-blad. Made in Holland\"},{\"@type\":\"BreadcrumbList\",\"@id\":\"https:\\\/\\\/eurotrail.info\\\/es\\\/producten\\\/muebles-para-acampar\\\/mesas-de-camping\\\/st-gobain-s-m-l-mesa-plegable\\\/#breadcrumb\",\"itemListElement\":[{\"@type\":\"ListItem\",\"position\":1,\"name\":\"Home\",\"item\":\"https:\\\/\\\/eurotrail.info\\\/es\\\/\"},{\"@type\":\"ListItem\",\"position\":2,\"name\":\"Productos\",\"item\":\"https:\\\/\\\/eurotrail.info\\\/es\\\/productos\\\/\"},{\"@type\":\"ListItem\",\"position\":3,\"name\":\"St. Gobain mesa de camping\"}]},{\"@type\":\"WebSite\",\"@id\":\"https:\\\/\\\/eurotrail.info\\\/#website\",\"url\":\"https:\\\/\\\/eurotrail.info\\\/\",\"name\":\"Eurotrail | The way we camp!\",\"description\":\"\",\"publisher\":{\"@id\":\"https:\\\/\\\/eurotrail.info\\\/#organization\"},\"potentialAction\":[{\"@type\":\"SearchAction\",\"target\":{\"@type\":\"EntryPoint\",\"urlTemplate\":\"https:\\\/\\\/eurotrail.info\\\/?s={search_term_string}\"},\"query-input\":{\"@type\":\"PropertyValueSpecification\",\"valueRequired\":true,\"valueName\":\"search_term_string\"}}],\"inLanguage\":\"es-ES\"},{\"@type\":\"Organization\",\"@id\":\"https:\\\/\\\/eurotrail.info\\\/#organization\",\"name\":\"Eurotrail | The way we camp!\",\"url\":\"https:\\\/\\\/eurotrail.info\\\/\",\"logo\":{\"@type\":\"ImageObject\",\"inLanguage\":\"es-ES\",\"@id\":\"https:\\\/\\\/eurotrail.info\\\/#\\\/schema\\\/logo\\\/image\\\/\",\"url\":\"https:\\\/\\\/eurotrail.info\\\/wp\\\/wp-content\\\/uploads\\\/2023\\\/07\\\/ET-logo-quote_NL-scaled.jpg\",\"contentUrl\":\"https:\\\/\\\/eurotrail.info\\\/wp\\\/wp-content\\\/uploads\\\/2023\\\/07\\\/ET-logo-quote_NL-scaled.jpg\",\"width\":2560,\"height\":675,\"caption\":\"Eurotrail | The way we camp!\"},\"image\":{\"@id\":\"https:\\\/\\\/eurotrail.info\\\/#\\\/schema\\\/logo\\\/image\\\/\"}}]}<\/script>\n<!-- \/ Yoast SEO plugin. -->","yoast_head_json":{"title":"St. Gobain mesa de camping - Eurotrail | The way we camp!","description":"\u00a1La mesa de camping m\u00e1s estable del mercado!El marco est\u00e1 equipado con la barra patentada CLS (Crosslink Stability) que ofrece no solo estabilidad lateral sino tambi\u00e9n hacia adelante.","robots":{"index":"index","follow":"follow","max-snippet":"max-snippet:-1","max-image-preview":"max-image-preview:large","max-video-preview":"max-video-preview:-1"},"canonical":"https:\/\/eurotrail.info\/es\/producten\/muebles-para-acampar\/mesas-de-camping\/st-gobain-s-m-l-mesa-plegable\/","og_locale":"es_ES","og_type":"article","og_title":"St. Gobain mesa de camping - Eurotrail | The way we camp!","og_description":"\u00a1La mesa de camping m\u00e1s estable del mercado!El marco est\u00e1 equipado con la barra patentada CLS (Crosslink Stability) que ofrece no solo estabilidad lateral sino tambi\u00e9n hacia adelante.","og_url":"https:\/\/eurotrail.info\/es\/producten\/muebles-para-acampar\/mesas-de-camping\/st-gobain-s-m-l-mesa-plegable\/","og_site_name":"Eurotrail | The way we camp!","article_modified_time":"2026-02-10T14:19:29+00:00","og_image":[{"width":1772,"height":1407,"url":"https:\/\/eurotrail.info\/wp\/wp-content\/uploads\/2016\/01\/ETCF0751_0400_2.jpg","type":"image\/jpeg"}],"twitter_card":"summary_large_image","twitter_misc":{"Tiempo de lectura":"2 minutes"},"schema":{"@context":"https:\/\/schema.org","@graph":[{"@type":"WebPage","@id":"https:\/\/eurotrail.info\/es\/producten\/muebles-para-acampar\/mesas-de-camping\/st-gobain-s-m-l-mesa-plegable\/","url":"https:\/\/eurotrail.info\/es\/producten\/muebles-para-acampar\/mesas-de-camping\/st-gobain-s-m-l-mesa-plegable\/","name":"St. Gobain mesa de camping - Eurotrail | The way we camp!","isPartOf":{"@id":"https:\/\/eurotrail.info\/#website"},"primaryImageOfPage":{"@id":"https:\/\/eurotrail.info\/es\/producten\/muebles-para-acampar\/mesas-de-camping\/st-gobain-s-m-l-mesa-plegable\/#primaryimage"},"image":{"@id":"https:\/\/eurotrail.info\/es\/producten\/muebles-para-acampar\/mesas-de-camping\/st-gobain-s-m-l-mesa-plegable\/#primaryimage"},"thumbnailUrl":"https:\/\/eurotrail.info\/wp\/wp-content\/uploads\/2016\/01\/ETCF0751_0400_2.jpg","datePublished":"2016-01-22T09:21:11+00:00","dateModified":"2026-02-10T14:19:29+00:00","description":"\u00a1La mesa de camping m\u00e1s estable del mercado!El marco est\u00e1 equipado con la barra patentada CLS (Crosslink Stability) que ofrece no solo estabilidad lateral sino tambi\u00e9n hacia adelante.","breadcrumb":{"@id":"https:\/\/eurotrail.info\/es\/producten\/muebles-para-acampar\/mesas-de-camping\/st-gobain-s-m-l-mesa-plegable\/#breadcrumb"},"inLanguage":"es-ES","potentialAction":[{"@type":"ReadAction","target":["https:\/\/eurotrail.info\/es\/producten\/muebles-para-acampar\/mesas-de-camping\/st-gobain-s-m-l-mesa-plegable\/"]}]},{"@type":"ImageObject","inLanguage":"es-ES","@id":"https:\/\/eurotrail.info\/es\/producten\/muebles-para-acampar\/mesas-de-camping\/st-gobain-s-m-l-mesa-plegable\/#primaryimage","url":"https:\/\/eurotrail.info\/wp\/wp-content\/uploads\/2016\/01\/ETCF0751_0400_2.jpg","contentUrl":"https:\/\/eurotrail.info\/wp\/wp-content\/uploads\/2016\/01\/ETCF0751_0400_2.jpg","width":1772,"height":1407,"caption":"Zeer stabiele campingtafel met verstelbare poten. Sevelit top-blad. Made in Holland"},{"@type":"BreadcrumbList","@id":"https:\/\/eurotrail.info\/es\/producten\/muebles-para-acampar\/mesas-de-camping\/st-gobain-s-m-l-mesa-plegable\/#breadcrumb","itemListElement":[{"@type":"ListItem","position":1,"name":"Home","item":"https:\/\/eurotrail.info\/es\/"},{"@type":"ListItem","position":2,"name":"Productos","item":"https:\/\/eurotrail.info\/es\/productos\/"},{"@type":"ListItem","position":3,"name":"St. Gobain mesa de camping"}]},{"@type":"WebSite","@id":"https:\/\/eurotrail.info\/#website","url":"https:\/\/eurotrail.info\/","name":"Eurotrail | The way we camp!","description":"","publisher":{"@id":"https:\/\/eurotrail.info\/#organization"},"potentialAction":[{"@type":"SearchAction","target":{"@type":"EntryPoint","urlTemplate":"https:\/\/eurotrail.info\/?s={search_term_string}"},"query-input":{"@type":"PropertyValueSpecification","valueRequired":true,"valueName":"search_term_string"}}],"inLanguage":"es-ES"},{"@type":"Organization","@id":"https:\/\/eurotrail.info\/#organization","name":"Eurotrail | The way we camp!","url":"https:\/\/eurotrail.info\/","logo":{"@type":"ImageObject","inLanguage":"es-ES","@id":"https:\/\/eurotrail.info\/#\/schema\/logo\/image\/","url":"https:\/\/eurotrail.info\/wp\/wp-content\/uploads\/2023\/07\/ET-logo-quote_NL-scaled.jpg","contentUrl":"https:\/\/eurotrail.info\/wp\/wp-content\/uploads\/2023\/07\/ET-logo-quote_NL-scaled.jpg","width":2560,"height":675,"caption":"Eurotrail | The way we camp!"},"image":{"@id":"https:\/\/eurotrail.info\/#\/schema\/logo\/image\/"}}]}},"_links":{"self":[{"href":"https:\/\/eurotrail.info\/es\/wp-json\/wp\/v2\/product\/20540","targetHints":{"allow":["GET"]}}],"collection":[{"href":"https:\/\/eurotrail.info\/es\/wp-json\/wp\/v2\/product"}],"about":[{"href":"https:\/\/eurotrail.info\/es\/wp-json\/wp\/v2\/types\/product"}],"replies":[{"embeddable":true,"href":"https:\/\/eurotrail.info\/es\/wp-json\/wp\/v2\/comments?post=20540"}],"wp:featuredmedia":[{"embeddable":true,"href":"https:\/\/eurotrail.info\/es\/wp-json\/wp\/v2\/media\/19042"}],"wp:attachment":[{"href":"https:\/\/eurotrail.info\/es\/wp-json\/wp\/v2\/media?parent=20540"}],"wp:term":[{"taxonomy":"product_brand","embeddable":true,"href":"https:\/\/eurotrail.info\/es\/wp-json\/wp\/v2\/product_brand?post=20540"},{"taxonomy":"product_cat","embeddable":true,"href":"https:\/\/eurotrail.info\/es\/wp-json\/wp\/v2\/product_cat?post=20540"},{"taxonomy":"product_tag","embeddable":true,"href":"https:\/\/eurotrail.info\/es\/wp-json\/wp\/v2\/product_tag?post=20540"}],"curies":[{"name":"wp","href":"https:\/\/api.w.org\/{rel}","templated":true}]}}