{"id":20625,"date":"2022-11-03T17:29:10","date_gmt":"2022-11-03T16:29:10","guid":{"rendered":"https:\/\/eurotrail.info\/?post_type=product&#038;p=20625"},"modified":"2026-03-19T13:23:38","modified_gmt":"2026-03-19T12:23:38","slug":"teramo-mesa-de-cocina-plegable","status":"publish","type":"product","link":"https:\/\/eurotrail.info\/es\/producten\/muebles-para-acampar\/armarios-para-acampar\/teramo-mesa-de-cocina-plegable\/","title":{"rendered":"Teramo mesa de cocina plegable"},"content":{"rendered":"<h5>Pr\u00e1ctica mesa de cocina plegable para llevar<\/h5>\n<p>Esta pr\u00e1ctica mesa de cocina plegable es la soluci\u00f3n ideal para cualquiera que necesite r\u00e1pidamente espacio de trabajo adicional. Tanto si quieres cocinar en el camping, preparar la comida o buscas una mesa alta y estable para preparar algo, esta peque\u00f1a cocina plegable estar\u00e1 lista en un abrir y cerrar de ojos.<\/p>\n<p>La superficie s\u00f3lida y estable ofrece suficiente espacio para trabajar c\u00f3modamente, mientras que el estante adicional garantiza que las sartenes, los utensilios de cocina o los ingredientes est\u00e9n siempre al alcance de la mano. Gracias a su dise\u00f1o inteligente, la mesa es f\u00e1cil y r\u00e1pida de montar, lo que la hace perfecta para llevarla de viaje, al camping, al jard\u00edn o a otras actividades al aire libre.<\/p>\n<p>El marco plegable de color antracita, combinado con la superficie con aspecto de bamb\u00fa y el estante adicional, le da a la mesa un aspecto moderno y lujoso. Al mismo tiempo, sigue siendo compacta, pr\u00e1ctica y f\u00e1cil de transportar, para que puedas disfrutar de espacio de trabajo adicional donde lo necesites.<\/p>\n<p>Tablero: MDF<br \/>\nMarco: Aluminio \u00f8 14 mm<br \/>\nTama\u00f1o : 80x64x44cm<br \/>\nPlegado: 78x48x8cm<br \/>\nPeso: 2,8 kg.<\/p>\n","protected":false},"excerpt":{"rendered":"<p>Pr\u00e1ctica mesa de cocina plegable para llevar Esta pr\u00e1ctica mesa de cocina plegable es la soluci\u00f3n ideal para cualquiera que necesite r\u00e1pidamente espacio de trabajo&hellip;<\/p>\n","protected":false},"featured_media":20640,"comment_status":"open","ping_status":"closed","template":"","meta":{"_acf_changed":false},"product_brand":[],"product_cat":[350,353,348],"product_tag":[],"class_list":{"0":"post-20625","1":"product","2":"type-product","3":"status-publish","4":"has-post-thumbnail","6":"product_cat-armarios-para-acampar","7":"product_cat-gabinetes-de-cocina","8":"product_cat-muebles-para-acampar","10":"first","11":"instock","12":"shipping-taxable","13":"product-type-simple"},"acf":[],"yoast_head":"<!-- This site is optimized with the Yoast SEO plugin v27.4 - https:\/\/yoast.com\/product\/yoast-seo-wordpress\/ -->\n<title>Teramo mesa de cocina plegable - Eurotrail | The way we camp!<\/title>\n<meta name=\"description\" content=\"Pr\u00e1ctica mesa de cocina plegable.Parte superior resistente y estable y un estante adicional para las sartenes.F\u00e1cil y r\u00e1pido de configurar e ideal para llevar.\" \/>\n<meta name=\"robots\" content=\"index, follow, max-snippet:-1, max-image-preview:large, max-video-preview:-1\" \/>\n<link rel=\"canonical\" href=\"https:\/\/eurotrail.info\/es\/producten\/muebles-para-acampar\/armarios-para-acampar\/teramo-mesa-de-cocina-plegable\/\" \/>\n<meta property=\"og:locale\" content=\"es_ES\" \/>\n<meta property=\"og:type\" content=\"article\" \/>\n<meta property=\"og:title\" content=\"Teramo mesa de cocina plegable - Eurotrail | The way we camp!\" \/>\n<meta property=\"og:description\" content=\"Pr\u00e1ctica mesa de cocina plegable.Parte superior resistente y estable y un estante adicional para las sartenes.F\u00e1cil y r\u00e1pido de configurar e ideal para llevar.\" \/>\n<meta property=\"og:url\" content=\"https:\/\/eurotrail.info\/es\/producten\/muebles-para-acampar\/armarios-para-acampar\/teramo-mesa-de-cocina-plegable\/\" \/>\n<meta property=\"og:site_name\" content=\"Eurotrail | The way we camp!\" \/>\n<meta property=\"article:modified_time\" content=\"2026-03-19T12:23:38+00:00\" \/>\n<meta property=\"og:image\" content=\"https:\/\/eurotrail.info\/wp\/wp-content\/uploads\/2022\/11\/teramo-3-scaled.jpg\" \/>\n\t<meta property=\"og:image:width\" content=\"1724\" \/>\n\t<meta property=\"og:image:height\" content=\"2560\" \/>\n\t<meta property=\"og:image:type\" content=\"image\/jpeg\" \/>\n<meta name=\"twitter:card\" content=\"summary_large_image\" \/>\n<meta name=\"twitter:label1\" content=\"Tiempo de lectura\" \/>\n\t<meta name=\"twitter:data1\" content=\"2 minutes\" \/>\n<script type=\"application\/ld+json\" class=\"yoast-schema-graph\">{\"@context\":\"https:\\\/\\\/schema.org\",\"@graph\":[{\"@type\":\"WebPage\",\"@id\":\"https:\\\/\\\/eurotrail.info\\\/es\\\/producten\\\/muebles-para-acampar\\\/armarios-para-acampar\\\/teramo-mesa-de-cocina-plegable\\\/\",\"url\":\"https:\\\/\\\/eurotrail.info\\\/es\\\/producten\\\/muebles-para-acampar\\\/armarios-para-acampar\\\/teramo-mesa-de-cocina-plegable\\\/\",\"name\":\"Teramo mesa de cocina plegable - Eurotrail | The way we camp!\",\"isPartOf\":{\"@id\":\"https:\\\/\\\/eurotrail.info\\\/#website\"},\"primaryImageOfPage\":{\"@id\":\"https:\\\/\\\/eurotrail.info\\\/es\\\/producten\\\/muebles-para-acampar\\\/armarios-para-acampar\\\/teramo-mesa-de-cocina-plegable\\\/#primaryimage\"},\"image\":{\"@id\":\"https:\\\/\\\/eurotrail.info\\\/es\\\/producten\\\/muebles-para-acampar\\\/armarios-para-acampar\\\/teramo-mesa-de-cocina-plegable\\\/#primaryimage\"},\"thumbnailUrl\":\"https:\\\/\\\/eurotrail.info\\\/wp\\\/wp-content\\\/uploads\\\/2022\\\/11\\\/teramo-3-scaled.jpg\",\"datePublished\":\"2022-11-03T16:29:10+00:00\",\"dateModified\":\"2026-03-19T12:23:38+00:00\",\"description\":\"Pr\u00e1ctica mesa de cocina plegable.Parte superior resistente y estable y un estante adicional para las sartenes.F\u00e1cil y r\u00e1pido de configurar e ideal para llevar.\",\"breadcrumb\":{\"@id\":\"https:\\\/\\\/eurotrail.info\\\/es\\\/producten\\\/muebles-para-acampar\\\/armarios-para-acampar\\\/teramo-mesa-de-cocina-plegable\\\/#breadcrumb\"},\"inLanguage\":\"es-ES\",\"potentialAction\":[{\"@type\":\"ReadAction\",\"target\":[\"https:\\\/\\\/eurotrail.info\\\/es\\\/producten\\\/muebles-para-acampar\\\/armarios-para-acampar\\\/teramo-mesa-de-cocina-plegable\\\/\"]}]},{\"@type\":\"ImageObject\",\"inLanguage\":\"es-ES\",\"@id\":\"https:\\\/\\\/eurotrail.info\\\/es\\\/producten\\\/muebles-para-acampar\\\/armarios-para-acampar\\\/teramo-mesa-de-cocina-plegable\\\/#primaryimage\",\"url\":\"https:\\\/\\\/eurotrail.info\\\/wp\\\/wp-content\\\/uploads\\\/2022\\\/11\\\/teramo-3-scaled.jpg\",\"contentUrl\":\"https:\\\/\\\/eurotrail.info\\\/wp\\\/wp-content\\\/uploads\\\/2022\\\/11\\\/teramo-3-scaled.jpg\",\"width\":1724,\"height\":2560,\"caption\":\"Eurotrail Teramo opvouwbare keukentafel\"},{\"@type\":\"BreadcrumbList\",\"@id\":\"https:\\\/\\\/eurotrail.info\\\/es\\\/producten\\\/muebles-para-acampar\\\/armarios-para-acampar\\\/teramo-mesa-de-cocina-plegable\\\/#breadcrumb\",\"itemListElement\":[{\"@type\":\"ListItem\",\"position\":1,\"name\":\"Home\",\"item\":\"https:\\\/\\\/eurotrail.info\\\/es\\\/\"},{\"@type\":\"ListItem\",\"position\":2,\"name\":\"Productos\",\"item\":\"https:\\\/\\\/eurotrail.info\\\/es\\\/productos\\\/\"},{\"@type\":\"ListItem\",\"position\":3,\"name\":\"Teramo mesa de cocina plegable\"}]},{\"@type\":\"WebSite\",\"@id\":\"https:\\\/\\\/eurotrail.info\\\/#website\",\"url\":\"https:\\\/\\\/eurotrail.info\\\/\",\"name\":\"Eurotrail | The way we camp!\",\"description\":\"\",\"publisher\":{\"@id\":\"https:\\\/\\\/eurotrail.info\\\/#organization\"},\"potentialAction\":[{\"@type\":\"SearchAction\",\"target\":{\"@type\":\"EntryPoint\",\"urlTemplate\":\"https:\\\/\\\/eurotrail.info\\\/?s={search_term_string}\"},\"query-input\":{\"@type\":\"PropertyValueSpecification\",\"valueRequired\":true,\"valueName\":\"search_term_string\"}}],\"inLanguage\":\"es-ES\"},{\"@type\":\"Organization\",\"@id\":\"https:\\\/\\\/eurotrail.info\\\/#organization\",\"name\":\"Eurotrail | The way we camp!\",\"url\":\"https:\\\/\\\/eurotrail.info\\\/\",\"logo\":{\"@type\":\"ImageObject\",\"inLanguage\":\"es-ES\",\"@id\":\"https:\\\/\\\/eurotrail.info\\\/#\\\/schema\\\/logo\\\/image\\\/\",\"url\":\"https:\\\/\\\/eurotrail.info\\\/wp\\\/wp-content\\\/uploads\\\/2023\\\/07\\\/ET-logo-quote_NL-scaled.jpg\",\"contentUrl\":\"https:\\\/\\\/eurotrail.info\\\/wp\\\/wp-content\\\/uploads\\\/2023\\\/07\\\/ET-logo-quote_NL-scaled.jpg\",\"width\":2560,\"height\":675,\"caption\":\"Eurotrail | The way we camp!\"},\"image\":{\"@id\":\"https:\\\/\\\/eurotrail.info\\\/#\\\/schema\\\/logo\\\/image\\\/\"}}]}<\/script>\n<!-- \/ Yoast SEO plugin. -->","yoast_head_json":{"title":"Teramo mesa de cocina plegable - Eurotrail | The way we camp!","description":"Pr\u00e1ctica mesa de cocina plegable.Parte superior resistente y estable y un estante adicional para las sartenes.F\u00e1cil y r\u00e1pido de configurar e ideal para llevar.","robots":{"index":"index","follow":"follow","max-snippet":"max-snippet:-1","max-image-preview":"max-image-preview:large","max-video-preview":"max-video-preview:-1"},"canonical":"https:\/\/eurotrail.info\/es\/producten\/muebles-para-acampar\/armarios-para-acampar\/teramo-mesa-de-cocina-plegable\/","og_locale":"es_ES","og_type":"article","og_title":"Teramo mesa de cocina plegable - Eurotrail | The way we camp!","og_description":"Pr\u00e1ctica mesa de cocina plegable.Parte superior resistente y estable y un estante adicional para las sartenes.F\u00e1cil y r\u00e1pido de configurar e ideal para llevar.","og_url":"https:\/\/eurotrail.info\/es\/producten\/muebles-para-acampar\/armarios-para-acampar\/teramo-mesa-de-cocina-plegable\/","og_site_name":"Eurotrail | The way we camp!","article_modified_time":"2026-03-19T12:23:38+00:00","og_image":[{"width":1724,"height":2560,"url":"https:\/\/eurotrail.info\/wp\/wp-content\/uploads\/2022\/11\/teramo-3-scaled.jpg","type":"image\/jpeg"}],"twitter_card":"summary_large_image","twitter_misc":{"Tiempo de lectura":"2 minutes"},"schema":{"@context":"https:\/\/schema.org","@graph":[{"@type":"WebPage","@id":"https:\/\/eurotrail.info\/es\/producten\/muebles-para-acampar\/armarios-para-acampar\/teramo-mesa-de-cocina-plegable\/","url":"https:\/\/eurotrail.info\/es\/producten\/muebles-para-acampar\/armarios-para-acampar\/teramo-mesa-de-cocina-plegable\/","name":"Teramo mesa de cocina plegable - Eurotrail | The way we camp!","isPartOf":{"@id":"https:\/\/eurotrail.info\/#website"},"primaryImageOfPage":{"@id":"https:\/\/eurotrail.info\/es\/producten\/muebles-para-acampar\/armarios-para-acampar\/teramo-mesa-de-cocina-plegable\/#primaryimage"},"image":{"@id":"https:\/\/eurotrail.info\/es\/producten\/muebles-para-acampar\/armarios-para-acampar\/teramo-mesa-de-cocina-plegable\/#primaryimage"},"thumbnailUrl":"https:\/\/eurotrail.info\/wp\/wp-content\/uploads\/2022\/11\/teramo-3-scaled.jpg","datePublished":"2022-11-03T16:29:10+00:00","dateModified":"2026-03-19T12:23:38+00:00","description":"Pr\u00e1ctica mesa de cocina plegable.Parte superior resistente y estable y un estante adicional para las sartenes.F\u00e1cil y r\u00e1pido de configurar e ideal para llevar.","breadcrumb":{"@id":"https:\/\/eurotrail.info\/es\/producten\/muebles-para-acampar\/armarios-para-acampar\/teramo-mesa-de-cocina-plegable\/#breadcrumb"},"inLanguage":"es-ES","potentialAction":[{"@type":"ReadAction","target":["https:\/\/eurotrail.info\/es\/producten\/muebles-para-acampar\/armarios-para-acampar\/teramo-mesa-de-cocina-plegable\/"]}]},{"@type":"ImageObject","inLanguage":"es-ES","@id":"https:\/\/eurotrail.info\/es\/producten\/muebles-para-acampar\/armarios-para-acampar\/teramo-mesa-de-cocina-plegable\/#primaryimage","url":"https:\/\/eurotrail.info\/wp\/wp-content\/uploads\/2022\/11\/teramo-3-scaled.jpg","contentUrl":"https:\/\/eurotrail.info\/wp\/wp-content\/uploads\/2022\/11\/teramo-3-scaled.jpg","width":1724,"height":2560,"caption":"Eurotrail Teramo opvouwbare keukentafel"},{"@type":"BreadcrumbList","@id":"https:\/\/eurotrail.info\/es\/producten\/muebles-para-acampar\/armarios-para-acampar\/teramo-mesa-de-cocina-plegable\/#breadcrumb","itemListElement":[{"@type":"ListItem","position":1,"name":"Home","item":"https:\/\/eurotrail.info\/es\/"},{"@type":"ListItem","position":2,"name":"Productos","item":"https:\/\/eurotrail.info\/es\/productos\/"},{"@type":"ListItem","position":3,"name":"Teramo mesa de cocina plegable"}]},{"@type":"WebSite","@id":"https:\/\/eurotrail.info\/#website","url":"https:\/\/eurotrail.info\/","name":"Eurotrail | The way we camp!","description":"","publisher":{"@id":"https:\/\/eurotrail.info\/#organization"},"potentialAction":[{"@type":"SearchAction","target":{"@type":"EntryPoint","urlTemplate":"https:\/\/eurotrail.info\/?s={search_term_string}"},"query-input":{"@type":"PropertyValueSpecification","valueRequired":true,"valueName":"search_term_string"}}],"inLanguage":"es-ES"},{"@type":"Organization","@id":"https:\/\/eurotrail.info\/#organization","name":"Eurotrail | The way we camp!","url":"https:\/\/eurotrail.info\/","logo":{"@type":"ImageObject","inLanguage":"es-ES","@id":"https:\/\/eurotrail.info\/#\/schema\/logo\/image\/","url":"https:\/\/eurotrail.info\/wp\/wp-content\/uploads\/2023\/07\/ET-logo-quote_NL-scaled.jpg","contentUrl":"https:\/\/eurotrail.info\/wp\/wp-content\/uploads\/2023\/07\/ET-logo-quote_NL-scaled.jpg","width":2560,"height":675,"caption":"Eurotrail | The way we camp!"},"image":{"@id":"https:\/\/eurotrail.info\/#\/schema\/logo\/image\/"}}]}},"_links":{"self":[{"href":"https:\/\/eurotrail.info\/es\/wp-json\/wp\/v2\/product\/20625","targetHints":{"allow":["GET"]}}],"collection":[{"href":"https:\/\/eurotrail.info\/es\/wp-json\/wp\/v2\/product"}],"about":[{"href":"https:\/\/eurotrail.info\/es\/wp-json\/wp\/v2\/types\/product"}],"replies":[{"embeddable":true,"href":"https:\/\/eurotrail.info\/es\/wp-json\/wp\/v2\/comments?post=20625"}],"wp:featuredmedia":[{"embeddable":true,"href":"https:\/\/eurotrail.info\/es\/wp-json\/wp\/v2\/media\/20640"}],"wp:attachment":[{"href":"https:\/\/eurotrail.info\/es\/wp-json\/wp\/v2\/media?parent=20625"}],"wp:term":[{"taxonomy":"product_brand","embeddable":true,"href":"https:\/\/eurotrail.info\/es\/wp-json\/wp\/v2\/product_brand?post=20625"},{"taxonomy":"product_cat","embeddable":true,"href":"https:\/\/eurotrail.info\/es\/wp-json\/wp\/v2\/product_cat?post=20625"},{"taxonomy":"product_tag","embeddable":true,"href":"https:\/\/eurotrail.info\/es\/wp-json\/wp\/v2\/product_tag?post=20625"}],"curies":[{"name":"wp","href":"https:\/\/api.w.org\/{rel}","templated":true}]}}