{"id":20644,"date":"2016-01-20T17:08:50","date_gmt":"2016-01-20T16:08:50","guid":{"rendered":"https:\/\/eurotrail.info\/?post_type=product&#038;p=20644"},"modified":"2026-02-25T15:37:57","modified_gmt":"2026-02-25T14:37:57","slug":"ardeche-animal-sillo-nino","status":"publish","type":"product","link":"https:\/\/eurotrail.info\/es\/producten\/muebles-para-acampar\/sillas-altas\/ardeche-animal-sillo-nino\/","title":{"rendered":"Ardeche Animal sillo ni\u00f1o"},"content":{"rendered":"<p>Esta divertida silla infantil, disponible con diferentes motivos de animales, hace que cada momento sea a\u00fan m\u00e1s agradable. Ya sea en el camping, en el jard\u00edn o durante una excursi\u00f3n, tu hijo siempre tendr\u00e1 su propio y c\u00f3modo sitio. Su divertido dise\u00f1o despierta inmediatamente la imaginaci\u00f3n e invita a sentarse tranquilamente, jugar o relajarse.<\/p>\n<p>La silla est\u00e1 equipada con un s\u00f3lido sistema de seguridad contra el plegado y un robusto marco plegable con bloqueo, lo que la mantiene estable y segura. As\u00ed, tu hijo siempre estar\u00e1 bien sentado y t\u00fa no tendr\u00e1s que preocuparte. Despu\u00e9s de usarla, la silla se pliega f\u00e1cilmente y se puede llevar en la bolsa de transporte incluida. Compacta, ligera y f\u00e1cil de transportar.<\/p>\n<p>Una silla infantil pr\u00e1ctica y alegre que combina a la perfecci\u00f3n comodidad, seguridad y facilidad de uso, ideal para peque\u00f1os aventureros con grandes planes. \ud83d\udc3c<\/p>\n<p>Dimensiones: 26 x 26 x 30\/60 cm<br \/>\nPlegada: \u00d812 x 59 cm<br \/>\nMaterial: 100 % poli\u00e9ster<br \/>\nEstructura: acero<br \/>\nCarga m\u00e1xima: 60 kg<br \/>\nPeso: 1,2 kg<\/p>\n","protected":false},"excerpt":{"rendered":"<p>Esta divertida silla infantil, disponible con diferentes motivos de animales, hace que cada momento sea a\u00fan m\u00e1s agradable. Ya sea en el camping, en el&hellip;<\/p>\n","protected":false},"featured_media":22726,"comment_status":"open","ping_status":"closed","template":"","meta":{"_acf_changed":false},"product_brand":[],"product_cat":[354],"product_tag":[],"class_list":{"0":"post-20644","1":"product","2":"type-product","3":"status-publish","4":"has-post-thumbnail","6":"product_cat-sillas-altas","8":"first","9":"instock","10":"shipping-taxable","11":"product-type-simple"},"acf":[],"yoast_head":"<!-- This site is optimized with the Yoast SEO plugin v27.4 - https:\/\/yoast.com\/product\/yoast-seo-wordpress\/ -->\n<title>Ardeche Animal sillo ni\u00f1o - Eurotrail | The way we camp!<\/title>\n<meta name=\"robots\" content=\"index, follow, max-snippet:-1, max-image-preview:large, max-video-preview:-1\" \/>\n<link rel=\"canonical\" href=\"https:\/\/eurotrail.info\/es\/producten\/muebles-para-acampar\/sillas-altas\/ardeche-animal-sillo-nino\/\" \/>\n<meta property=\"og:locale\" content=\"es_ES\" \/>\n<meta property=\"og:type\" content=\"article\" \/>\n<meta property=\"og:title\" content=\"Ardeche Animal sillo ni\u00f1o - Eurotrail | The way we camp!\" \/>\n<meta property=\"og:description\" content=\"Esta divertida silla infantil, disponible con diferentes motivos de animales, hace que cada momento sea a\u00fan m\u00e1s agradable. Ya sea en el camping, en el&hellip;\" \/>\n<meta property=\"og:url\" content=\"https:\/\/eurotrail.info\/es\/producten\/muebles-para-acampar\/sillas-altas\/ardeche-animal-sillo-nino\/\" \/>\n<meta property=\"og:site_name\" content=\"Eurotrail | The way we camp!\" \/>\n<meta property=\"article:modified_time\" content=\"2026-02-25T14:37:57+00:00\" \/>\n<meta property=\"og:image\" content=\"https:\/\/eurotrail.info\/wp\/wp-content\/uploads\/2016\/01\/ETCF0042-panda-25-scaled.jpg\" \/>\n\t<meta property=\"og:image:width\" content=\"2090\" \/>\n\t<meta property=\"og:image:height\" content=\"2560\" \/>\n\t<meta property=\"og:image:type\" content=\"image\/jpeg\" \/>\n<meta name=\"twitter:card\" content=\"summary_large_image\" \/>\n<meta name=\"twitter:label1\" content=\"Tiempo de lectura\" \/>\n\t<meta name=\"twitter:data1\" content=\"2 minutes\" \/>\n<script type=\"application\/ld+json\" class=\"yoast-schema-graph\">{\"@context\":\"https:\\\/\\\/schema.org\",\"@graph\":[{\"@type\":\"WebPage\",\"@id\":\"https:\\\/\\\/eurotrail.info\\\/es\\\/producten\\\/muebles-para-acampar\\\/sillas-altas\\\/ardeche-animal-sillo-nino\\\/\",\"url\":\"https:\\\/\\\/eurotrail.info\\\/es\\\/producten\\\/muebles-para-acampar\\\/sillas-altas\\\/ardeche-animal-sillo-nino\\\/\",\"name\":\"Ardeche Animal sillo ni\u00f1o - Eurotrail | The way we camp!\",\"isPartOf\":{\"@id\":\"https:\\\/\\\/eurotrail.info\\\/#website\"},\"primaryImageOfPage\":{\"@id\":\"https:\\\/\\\/eurotrail.info\\\/es\\\/producten\\\/muebles-para-acampar\\\/sillas-altas\\\/ardeche-animal-sillo-nino\\\/#primaryimage\"},\"image\":{\"@id\":\"https:\\\/\\\/eurotrail.info\\\/es\\\/producten\\\/muebles-para-acampar\\\/sillas-altas\\\/ardeche-animal-sillo-nino\\\/#primaryimage\"},\"thumbnailUrl\":\"https:\\\/\\\/eurotrail.info\\\/wp\\\/wp-content\\\/uploads\\\/2016\\\/01\\\/ETCF0042-panda-25-scaled.jpg\",\"datePublished\":\"2016-01-20T16:08:50+00:00\",\"dateModified\":\"2026-02-25T14:37:57+00:00\",\"breadcrumb\":{\"@id\":\"https:\\\/\\\/eurotrail.info\\\/es\\\/producten\\\/muebles-para-acampar\\\/sillas-altas\\\/ardeche-animal-sillo-nino\\\/#breadcrumb\"},\"inLanguage\":\"es-ES\",\"potentialAction\":[{\"@type\":\"ReadAction\",\"target\":[\"https:\\\/\\\/eurotrail.info\\\/es\\\/producten\\\/muebles-para-acampar\\\/sillas-altas\\\/ardeche-animal-sillo-nino\\\/\"]}]},{\"@type\":\"ImageObject\",\"inLanguage\":\"es-ES\",\"@id\":\"https:\\\/\\\/eurotrail.info\\\/es\\\/producten\\\/muebles-para-acampar\\\/sillas-altas\\\/ardeche-animal-sillo-nino\\\/#primaryimage\",\"url\":\"https:\\\/\\\/eurotrail.info\\\/wp\\\/wp-content\\\/uploads\\\/2016\\\/01\\\/ETCF0042-panda-25-scaled.jpg\",\"contentUrl\":\"https:\\\/\\\/eurotrail.info\\\/wp\\\/wp-content\\\/uploads\\\/2016\\\/01\\\/ETCF0042-panda-25-scaled.jpg\",\"width\":2090,\"height\":2560,\"caption\":\"ETCF0042 Panda\"},{\"@type\":\"BreadcrumbList\",\"@id\":\"https:\\\/\\\/eurotrail.info\\\/es\\\/producten\\\/muebles-para-acampar\\\/sillas-altas\\\/ardeche-animal-sillo-nino\\\/#breadcrumb\",\"itemListElement\":[{\"@type\":\"ListItem\",\"position\":1,\"name\":\"Home\",\"item\":\"https:\\\/\\\/eurotrail.info\\\/es\\\/\"},{\"@type\":\"ListItem\",\"position\":2,\"name\":\"Productos\",\"item\":\"https:\\\/\\\/eurotrail.info\\\/es\\\/productos\\\/\"},{\"@type\":\"ListItem\",\"position\":3,\"name\":\"Ardeche Animal sillo ni\u00f1o\"}]},{\"@type\":\"WebSite\",\"@id\":\"https:\\\/\\\/eurotrail.info\\\/#website\",\"url\":\"https:\\\/\\\/eurotrail.info\\\/\",\"name\":\"Eurotrail | The way we camp!\",\"description\":\"\",\"publisher\":{\"@id\":\"https:\\\/\\\/eurotrail.info\\\/#organization\"},\"potentialAction\":[{\"@type\":\"SearchAction\",\"target\":{\"@type\":\"EntryPoint\",\"urlTemplate\":\"https:\\\/\\\/eurotrail.info\\\/?s={search_term_string}\"},\"query-input\":{\"@type\":\"PropertyValueSpecification\",\"valueRequired\":true,\"valueName\":\"search_term_string\"}}],\"inLanguage\":\"es-ES\"},{\"@type\":\"Organization\",\"@id\":\"https:\\\/\\\/eurotrail.info\\\/#organization\",\"name\":\"Eurotrail | The way we camp!\",\"url\":\"https:\\\/\\\/eurotrail.info\\\/\",\"logo\":{\"@type\":\"ImageObject\",\"inLanguage\":\"es-ES\",\"@id\":\"https:\\\/\\\/eurotrail.info\\\/#\\\/schema\\\/logo\\\/image\\\/\",\"url\":\"https:\\\/\\\/eurotrail.info\\\/wp\\\/wp-content\\\/uploads\\\/2023\\\/07\\\/ET-logo-quote_NL-scaled.jpg\",\"contentUrl\":\"https:\\\/\\\/eurotrail.info\\\/wp\\\/wp-content\\\/uploads\\\/2023\\\/07\\\/ET-logo-quote_NL-scaled.jpg\",\"width\":2560,\"height\":675,\"caption\":\"Eurotrail | The way we camp!\"},\"image\":{\"@id\":\"https:\\\/\\\/eurotrail.info\\\/#\\\/schema\\\/logo\\\/image\\\/\"}}]}<\/script>\n<!-- \/ Yoast SEO plugin. -->","yoast_head_json":{"title":"Ardeche Animal sillo ni\u00f1o - Eurotrail | The way we camp!","robots":{"index":"index","follow":"follow","max-snippet":"max-snippet:-1","max-image-preview":"max-image-preview:large","max-video-preview":"max-video-preview:-1"},"canonical":"https:\/\/eurotrail.info\/es\/producten\/muebles-para-acampar\/sillas-altas\/ardeche-animal-sillo-nino\/","og_locale":"es_ES","og_type":"article","og_title":"Ardeche Animal sillo ni\u00f1o - Eurotrail | The way we camp!","og_description":"Esta divertida silla infantil, disponible con diferentes motivos de animales, hace que cada momento sea a\u00fan m\u00e1s agradable. Ya sea en el camping, en el&hellip;","og_url":"https:\/\/eurotrail.info\/es\/producten\/muebles-para-acampar\/sillas-altas\/ardeche-animal-sillo-nino\/","og_site_name":"Eurotrail | The way we camp!","article_modified_time":"2026-02-25T14:37:57+00:00","og_image":[{"width":2090,"height":2560,"url":"https:\/\/eurotrail.info\/wp\/wp-content\/uploads\/2016\/01\/ETCF0042-panda-25-scaled.jpg","type":"image\/jpeg"}],"twitter_card":"summary_large_image","twitter_misc":{"Tiempo de lectura":"2 minutes"},"schema":{"@context":"https:\/\/schema.org","@graph":[{"@type":"WebPage","@id":"https:\/\/eurotrail.info\/es\/producten\/muebles-para-acampar\/sillas-altas\/ardeche-animal-sillo-nino\/","url":"https:\/\/eurotrail.info\/es\/producten\/muebles-para-acampar\/sillas-altas\/ardeche-animal-sillo-nino\/","name":"Ardeche Animal sillo ni\u00f1o - Eurotrail | The way we camp!","isPartOf":{"@id":"https:\/\/eurotrail.info\/#website"},"primaryImageOfPage":{"@id":"https:\/\/eurotrail.info\/es\/producten\/muebles-para-acampar\/sillas-altas\/ardeche-animal-sillo-nino\/#primaryimage"},"image":{"@id":"https:\/\/eurotrail.info\/es\/producten\/muebles-para-acampar\/sillas-altas\/ardeche-animal-sillo-nino\/#primaryimage"},"thumbnailUrl":"https:\/\/eurotrail.info\/wp\/wp-content\/uploads\/2016\/01\/ETCF0042-panda-25-scaled.jpg","datePublished":"2016-01-20T16:08:50+00:00","dateModified":"2026-02-25T14:37:57+00:00","breadcrumb":{"@id":"https:\/\/eurotrail.info\/es\/producten\/muebles-para-acampar\/sillas-altas\/ardeche-animal-sillo-nino\/#breadcrumb"},"inLanguage":"es-ES","potentialAction":[{"@type":"ReadAction","target":["https:\/\/eurotrail.info\/es\/producten\/muebles-para-acampar\/sillas-altas\/ardeche-animal-sillo-nino\/"]}]},{"@type":"ImageObject","inLanguage":"es-ES","@id":"https:\/\/eurotrail.info\/es\/producten\/muebles-para-acampar\/sillas-altas\/ardeche-animal-sillo-nino\/#primaryimage","url":"https:\/\/eurotrail.info\/wp\/wp-content\/uploads\/2016\/01\/ETCF0042-panda-25-scaled.jpg","contentUrl":"https:\/\/eurotrail.info\/wp\/wp-content\/uploads\/2016\/01\/ETCF0042-panda-25-scaled.jpg","width":2090,"height":2560,"caption":"ETCF0042 Panda"},{"@type":"BreadcrumbList","@id":"https:\/\/eurotrail.info\/es\/producten\/muebles-para-acampar\/sillas-altas\/ardeche-animal-sillo-nino\/#breadcrumb","itemListElement":[{"@type":"ListItem","position":1,"name":"Home","item":"https:\/\/eurotrail.info\/es\/"},{"@type":"ListItem","position":2,"name":"Productos","item":"https:\/\/eurotrail.info\/es\/productos\/"},{"@type":"ListItem","position":3,"name":"Ardeche Animal sillo ni\u00f1o"}]},{"@type":"WebSite","@id":"https:\/\/eurotrail.info\/#website","url":"https:\/\/eurotrail.info\/","name":"Eurotrail | The way we camp!","description":"","publisher":{"@id":"https:\/\/eurotrail.info\/#organization"},"potentialAction":[{"@type":"SearchAction","target":{"@type":"EntryPoint","urlTemplate":"https:\/\/eurotrail.info\/?s={search_term_string}"},"query-input":{"@type":"PropertyValueSpecification","valueRequired":true,"valueName":"search_term_string"}}],"inLanguage":"es-ES"},{"@type":"Organization","@id":"https:\/\/eurotrail.info\/#organization","name":"Eurotrail | The way we camp!","url":"https:\/\/eurotrail.info\/","logo":{"@type":"ImageObject","inLanguage":"es-ES","@id":"https:\/\/eurotrail.info\/#\/schema\/logo\/image\/","url":"https:\/\/eurotrail.info\/wp\/wp-content\/uploads\/2023\/07\/ET-logo-quote_NL-scaled.jpg","contentUrl":"https:\/\/eurotrail.info\/wp\/wp-content\/uploads\/2023\/07\/ET-logo-quote_NL-scaled.jpg","width":2560,"height":675,"caption":"Eurotrail | The way we camp!"},"image":{"@id":"https:\/\/eurotrail.info\/#\/schema\/logo\/image\/"}}]}},"_links":{"self":[{"href":"https:\/\/eurotrail.info\/es\/wp-json\/wp\/v2\/product\/20644","targetHints":{"allow":["GET"]}}],"collection":[{"href":"https:\/\/eurotrail.info\/es\/wp-json\/wp\/v2\/product"}],"about":[{"href":"https:\/\/eurotrail.info\/es\/wp-json\/wp\/v2\/types\/product"}],"replies":[{"embeddable":true,"href":"https:\/\/eurotrail.info\/es\/wp-json\/wp\/v2\/comments?post=20644"}],"wp:featuredmedia":[{"embeddable":true,"href":"https:\/\/eurotrail.info\/es\/wp-json\/wp\/v2\/media\/22726"}],"wp:attachment":[{"href":"https:\/\/eurotrail.info\/es\/wp-json\/wp\/v2\/media?parent=20644"}],"wp:term":[{"taxonomy":"product_brand","embeddable":true,"href":"https:\/\/eurotrail.info\/es\/wp-json\/wp\/v2\/product_brand?post=20644"},{"taxonomy":"product_cat","embeddable":true,"href":"https:\/\/eurotrail.info\/es\/wp-json\/wp\/v2\/product_cat?post=20644"},{"taxonomy":"product_tag","embeddable":true,"href":"https:\/\/eurotrail.info\/es\/wp-json\/wp\/v2\/product_tag?post=20644"}],"curies":[{"name":"wp","href":"https:\/\/api.w.org\/{rel}","templated":true}]}}