{"id":20675,"date":"2020-11-24T15:17:42","date_gmt":"2020-11-24T14:17:42","guid":{"rendered":"https:\/\/eurotrail.info\/?post_type=product&#038;p=20675"},"modified":"2026-03-19T11:32:33","modified_gmt":"2026-03-19T10:32:33","slug":"kendal-air-mesh-silla-de-camping","status":"publish","type":"product","link":"https:\/\/eurotrail.info\/es\/producten\/muebles-para-acampar\/sillas-de-camping\/kendal-air-mesh-silla-de-camping\/","title":{"rendered":"Kendal Air Mesh &#8211; Silla de camping"},"content":{"rendered":"<h5>Silla de camping ajustable con respaldo alto y mayor comodidad<\/h5>\n<p>La silla de camping Kendal ofrece la combinaci\u00f3n perfecta de comodidad, estabilidad y facilidad de uso. Gracias a su respaldo alto y reposacabezas integrado, podr\u00e1 relajarse en cualquier momento, ya sea en el camping, en el jard\u00edn o de viaje con su caravana o autocaravana.<\/p>\n<p>La silla est\u00e1 tapizada con un suave tejido Air Mesh acolchado, que no solo es c\u00f3modo, sino que tambi\u00e9n cuenta con una excelente ventilaci\u00f3n. Esto la mantiene c\u00f3moda incluso en los calurosos d\u00edas de verano.<\/p>\n<p>La robusta y ligera estructura en D de aluminio garantiza una construcci\u00f3n estable y facilita su desplazamiento. El respaldo es ajustable en 7 posiciones para que siempre pueda elegir la postura ideal para sentarse, desde una postura activa hasta una postura reclinada y relajada. Reposabrazos amplios y c\u00f3modos.<\/p>\n<p>Despu\u00e9s de su uso, la silla de camping Kendal se pliega f\u00e1cilmente, ocupando poco espacio durante el transporte o almacenamiento.<\/p>\n<p>Para mayor comodidad, est\u00e1 disponible opcionalmente un reposapi\u00e9s a juego, que le permite transformar f\u00e1cilmente la silla en un c\u00f3modo sill\u00f3n reclinable.<\/p>\n<p>Caracter\u00edsticas:<br \/>\n*C\u00f3moda silla de camping con respaldo alto<br \/>\n* Respaldo ajustable en m\u00faltiples posiciones<br \/>\n* Reposacabezas integrado para mayor soporte<br \/>\n* Tapizado en malla transpirable<br \/>\n* Estructura en D de aluminio, robusta y ligera<br \/>\n* Compacta, plegable y f\u00e1cil de transportar<br \/>\n* Reposapi\u00e9s opcional para mayor relajaci\u00f3n<\/p>\n<p>La Kendal es una silla de camping ajustable ideal.<\/p>\n<p>Material: malla de aire 100% poli\u00e9ster + respaldo de textileno de 600 g, acolchado de espuma de 2 cm.<br \/>\nMarco: marco de aluminio D<br \/>\nTama\u00f1o: 47x44x120cm<br \/>\nPlegado: 101x60x11cm<br \/>\nPeso: 4,6 kg.<br \/>\nm\u00e1x. carga: 120 kg.<\/p>\n","protected":false},"excerpt":{"rendered":"<p>Silla de camping ajustable con respaldo alto y mayor comodidad La silla de camping Kendal ofrece la combinaci\u00f3n perfecta de comodidad, estabilidad y facilidad de&hellip;<\/p>\n","protected":false},"featured_media":30236,"comment_status":"open","ping_status":"closed","template":"","meta":{"_acf_changed":false},"product_brand":[],"product_cat":[348,351],"product_tag":[],"class_list":{"0":"post-20675","1":"product","2":"type-product","3":"status-publish","4":"has-post-thumbnail","6":"product_cat-muebles-para-acampar","7":"product_cat-sillas-de-camping","9":"first","10":"instock","11":"shipping-taxable","12":"product-type-simple"},"acf":[],"yoast_head":"<!-- This site is optimized with the Yoast SEO plugin v27.4 - https:\/\/yoast.com\/product\/yoast-seo-wordpress\/ -->\n<title>Kendal Air Mesh - Silla de camping - Eurotrail | The way we camp!<\/title>\n<meta name=\"description\" content=\"C\u00f3moda silla de camping con respaldo alto regulable. La silla tiene un c\u00f3modo material acolchado de malla de aire y un resistente marco en D de aluminio.\" \/>\n<meta name=\"robots\" content=\"index, follow, max-snippet:-1, max-image-preview:large, max-video-preview:-1\" \/>\n<link rel=\"canonical\" href=\"https:\/\/eurotrail.info\/es\/producten\/muebles-para-acampar\/sillas-de-camping\/kendal-air-mesh-silla-de-camping\/\" \/>\n<meta property=\"og:locale\" content=\"es_ES\" \/>\n<meta property=\"og:type\" content=\"article\" \/>\n<meta property=\"og:title\" content=\"Kendal Air Mesh - Silla de camping - Eurotrail | The way we camp!\" \/>\n<meta property=\"og:description\" content=\"C\u00f3moda silla de camping con respaldo alto regulable. La silla tiene un c\u00f3modo material acolchado de malla de aire y un resistente marco en D de aluminio.\" \/>\n<meta property=\"og:url\" content=\"https:\/\/eurotrail.info\/es\/producten\/muebles-para-acampar\/sillas-de-camping\/kendal-air-mesh-silla-de-camping\/\" \/>\n<meta property=\"og:site_name\" content=\"Eurotrail | The way we camp!\" \/>\n<meta property=\"article:modified_time\" content=\"2026-03-19T10:32:33+00:00\" \/>\n<meta property=\"og:image\" content=\"https:\/\/eurotrail.info\/wp\/wp-content\/uploads\/2020\/11\/ETCF1446-b-scaled.jpg\" \/>\n\t<meta property=\"og:image:width\" content=\"1574\" \/>\n\t<meta property=\"og:image:height\" content=\"2560\" \/>\n\t<meta property=\"og:image:type\" content=\"image\/jpeg\" \/>\n<meta name=\"twitter:card\" content=\"summary_large_image\" \/>\n<meta name=\"twitter:label1\" content=\"Tiempo de lectura\" \/>\n\t<meta name=\"twitter:data1\" content=\"2 minutes\" \/>\n<script type=\"application\/ld+json\" class=\"yoast-schema-graph\">{\"@context\":\"https:\\\/\\\/schema.org\",\"@graph\":[{\"@type\":\"WebPage\",\"@id\":\"https:\\\/\\\/eurotrail.info\\\/es\\\/producten\\\/muebles-para-acampar\\\/sillas-de-camping\\\/kendal-air-mesh-silla-de-camping\\\/\",\"url\":\"https:\\\/\\\/eurotrail.info\\\/es\\\/producten\\\/muebles-para-acampar\\\/sillas-de-camping\\\/kendal-air-mesh-silla-de-camping\\\/\",\"name\":\"Kendal Air Mesh - Silla de camping - Eurotrail | The way we camp!\",\"isPartOf\":{\"@id\":\"https:\\\/\\\/eurotrail.info\\\/#website\"},\"primaryImageOfPage\":{\"@id\":\"https:\\\/\\\/eurotrail.info\\\/es\\\/producten\\\/muebles-para-acampar\\\/sillas-de-camping\\\/kendal-air-mesh-silla-de-camping\\\/#primaryimage\"},\"image\":{\"@id\":\"https:\\\/\\\/eurotrail.info\\\/es\\\/producten\\\/muebles-para-acampar\\\/sillas-de-camping\\\/kendal-air-mesh-silla-de-camping\\\/#primaryimage\"},\"thumbnailUrl\":\"https:\\\/\\\/eurotrail.info\\\/wp\\\/wp-content\\\/uploads\\\/2020\\\/11\\\/ETCF1446-b-scaled.jpg\",\"datePublished\":\"2020-11-24T14:17:42+00:00\",\"dateModified\":\"2026-03-19T10:32:33+00:00\",\"description\":\"C\u00f3moda silla de camping con respaldo alto regulable. La silla tiene un c\u00f3modo material acolchado de malla de aire y un resistente marco en D de aluminio.\",\"breadcrumb\":{\"@id\":\"https:\\\/\\\/eurotrail.info\\\/es\\\/producten\\\/muebles-para-acampar\\\/sillas-de-camping\\\/kendal-air-mesh-silla-de-camping\\\/#breadcrumb\"},\"inLanguage\":\"es-ES\",\"potentialAction\":[{\"@type\":\"ReadAction\",\"target\":[\"https:\\\/\\\/eurotrail.info\\\/es\\\/producten\\\/muebles-para-acampar\\\/sillas-de-camping\\\/kendal-air-mesh-silla-de-camping\\\/\"]}]},{\"@type\":\"ImageObject\",\"inLanguage\":\"es-ES\",\"@id\":\"https:\\\/\\\/eurotrail.info\\\/es\\\/producten\\\/muebles-para-acampar\\\/sillas-de-camping\\\/kendal-air-mesh-silla-de-camping\\\/#primaryimage\",\"url\":\"https:\\\/\\\/eurotrail.info\\\/wp\\\/wp-content\\\/uploads\\\/2020\\\/11\\\/ETCF1446-b-scaled.jpg\",\"contentUrl\":\"https:\\\/\\\/eurotrail.info\\\/wp\\\/wp-content\\\/uploads\\\/2020\\\/11\\\/ETCF1446-b-scaled.jpg\",\"width\":1574,\"height\":2560},{\"@type\":\"BreadcrumbList\",\"@id\":\"https:\\\/\\\/eurotrail.info\\\/es\\\/producten\\\/muebles-para-acampar\\\/sillas-de-camping\\\/kendal-air-mesh-silla-de-camping\\\/#breadcrumb\",\"itemListElement\":[{\"@type\":\"ListItem\",\"position\":1,\"name\":\"Home\",\"item\":\"https:\\\/\\\/eurotrail.info\\\/es\\\/\"},{\"@type\":\"ListItem\",\"position\":2,\"name\":\"Productos\",\"item\":\"https:\\\/\\\/eurotrail.info\\\/es\\\/productos\\\/\"},{\"@type\":\"ListItem\",\"position\":3,\"name\":\"Kendal Air Mesh &#8211; Silla de camping\"}]},{\"@type\":\"WebSite\",\"@id\":\"https:\\\/\\\/eurotrail.info\\\/#website\",\"url\":\"https:\\\/\\\/eurotrail.info\\\/\",\"name\":\"Eurotrail | The way we camp!\",\"description\":\"\",\"publisher\":{\"@id\":\"https:\\\/\\\/eurotrail.info\\\/#organization\"},\"potentialAction\":[{\"@type\":\"SearchAction\",\"target\":{\"@type\":\"EntryPoint\",\"urlTemplate\":\"https:\\\/\\\/eurotrail.info\\\/?s={search_term_string}\"},\"query-input\":{\"@type\":\"PropertyValueSpecification\",\"valueRequired\":true,\"valueName\":\"search_term_string\"}}],\"inLanguage\":\"es-ES\"},{\"@type\":\"Organization\",\"@id\":\"https:\\\/\\\/eurotrail.info\\\/#organization\",\"name\":\"Eurotrail | The way we camp!\",\"url\":\"https:\\\/\\\/eurotrail.info\\\/\",\"logo\":{\"@type\":\"ImageObject\",\"inLanguage\":\"es-ES\",\"@id\":\"https:\\\/\\\/eurotrail.info\\\/#\\\/schema\\\/logo\\\/image\\\/\",\"url\":\"https:\\\/\\\/eurotrail.info\\\/wp\\\/wp-content\\\/uploads\\\/2023\\\/07\\\/ET-logo-quote_NL-scaled.jpg\",\"contentUrl\":\"https:\\\/\\\/eurotrail.info\\\/wp\\\/wp-content\\\/uploads\\\/2023\\\/07\\\/ET-logo-quote_NL-scaled.jpg\",\"width\":2560,\"height\":675,\"caption\":\"Eurotrail | The way we camp!\"},\"image\":{\"@id\":\"https:\\\/\\\/eurotrail.info\\\/#\\\/schema\\\/logo\\\/image\\\/\"}}]}<\/script>\n<!-- \/ Yoast SEO plugin. -->","yoast_head_json":{"title":"Kendal Air Mesh - Silla de camping - Eurotrail | The way we camp!","description":"C\u00f3moda silla de camping con respaldo alto regulable. La silla tiene un c\u00f3modo material acolchado de malla de aire y un resistente marco en D de aluminio.","robots":{"index":"index","follow":"follow","max-snippet":"max-snippet:-1","max-image-preview":"max-image-preview:large","max-video-preview":"max-video-preview:-1"},"canonical":"https:\/\/eurotrail.info\/es\/producten\/muebles-para-acampar\/sillas-de-camping\/kendal-air-mesh-silla-de-camping\/","og_locale":"es_ES","og_type":"article","og_title":"Kendal Air Mesh - Silla de camping - Eurotrail | The way we camp!","og_description":"C\u00f3moda silla de camping con respaldo alto regulable. La silla tiene un c\u00f3modo material acolchado de malla de aire y un resistente marco en D de aluminio.","og_url":"https:\/\/eurotrail.info\/es\/producten\/muebles-para-acampar\/sillas-de-camping\/kendal-air-mesh-silla-de-camping\/","og_site_name":"Eurotrail | The way we camp!","article_modified_time":"2026-03-19T10:32:33+00:00","og_image":[{"width":1574,"height":2560,"url":"https:\/\/eurotrail.info\/wp\/wp-content\/uploads\/2020\/11\/ETCF1446-b-scaled.jpg","type":"image\/jpeg"}],"twitter_card":"summary_large_image","twitter_misc":{"Tiempo de lectura":"2 minutes"},"schema":{"@context":"https:\/\/schema.org","@graph":[{"@type":"WebPage","@id":"https:\/\/eurotrail.info\/es\/producten\/muebles-para-acampar\/sillas-de-camping\/kendal-air-mesh-silla-de-camping\/","url":"https:\/\/eurotrail.info\/es\/producten\/muebles-para-acampar\/sillas-de-camping\/kendal-air-mesh-silla-de-camping\/","name":"Kendal Air Mesh - Silla de camping - Eurotrail | The way we camp!","isPartOf":{"@id":"https:\/\/eurotrail.info\/#website"},"primaryImageOfPage":{"@id":"https:\/\/eurotrail.info\/es\/producten\/muebles-para-acampar\/sillas-de-camping\/kendal-air-mesh-silla-de-camping\/#primaryimage"},"image":{"@id":"https:\/\/eurotrail.info\/es\/producten\/muebles-para-acampar\/sillas-de-camping\/kendal-air-mesh-silla-de-camping\/#primaryimage"},"thumbnailUrl":"https:\/\/eurotrail.info\/wp\/wp-content\/uploads\/2020\/11\/ETCF1446-b-scaled.jpg","datePublished":"2020-11-24T14:17:42+00:00","dateModified":"2026-03-19T10:32:33+00:00","description":"C\u00f3moda silla de camping con respaldo alto regulable. La silla tiene un c\u00f3modo material acolchado de malla de aire y un resistente marco en D de aluminio.","breadcrumb":{"@id":"https:\/\/eurotrail.info\/es\/producten\/muebles-para-acampar\/sillas-de-camping\/kendal-air-mesh-silla-de-camping\/#breadcrumb"},"inLanguage":"es-ES","potentialAction":[{"@type":"ReadAction","target":["https:\/\/eurotrail.info\/es\/producten\/muebles-para-acampar\/sillas-de-camping\/kendal-air-mesh-silla-de-camping\/"]}]},{"@type":"ImageObject","inLanguage":"es-ES","@id":"https:\/\/eurotrail.info\/es\/producten\/muebles-para-acampar\/sillas-de-camping\/kendal-air-mesh-silla-de-camping\/#primaryimage","url":"https:\/\/eurotrail.info\/wp\/wp-content\/uploads\/2020\/11\/ETCF1446-b-scaled.jpg","contentUrl":"https:\/\/eurotrail.info\/wp\/wp-content\/uploads\/2020\/11\/ETCF1446-b-scaled.jpg","width":1574,"height":2560},{"@type":"BreadcrumbList","@id":"https:\/\/eurotrail.info\/es\/producten\/muebles-para-acampar\/sillas-de-camping\/kendal-air-mesh-silla-de-camping\/#breadcrumb","itemListElement":[{"@type":"ListItem","position":1,"name":"Home","item":"https:\/\/eurotrail.info\/es\/"},{"@type":"ListItem","position":2,"name":"Productos","item":"https:\/\/eurotrail.info\/es\/productos\/"},{"@type":"ListItem","position":3,"name":"Kendal Air Mesh &#8211; Silla de camping"}]},{"@type":"WebSite","@id":"https:\/\/eurotrail.info\/#website","url":"https:\/\/eurotrail.info\/","name":"Eurotrail | The way we camp!","description":"","publisher":{"@id":"https:\/\/eurotrail.info\/#organization"},"potentialAction":[{"@type":"SearchAction","target":{"@type":"EntryPoint","urlTemplate":"https:\/\/eurotrail.info\/?s={search_term_string}"},"query-input":{"@type":"PropertyValueSpecification","valueRequired":true,"valueName":"search_term_string"}}],"inLanguage":"es-ES"},{"@type":"Organization","@id":"https:\/\/eurotrail.info\/#organization","name":"Eurotrail | The way we camp!","url":"https:\/\/eurotrail.info\/","logo":{"@type":"ImageObject","inLanguage":"es-ES","@id":"https:\/\/eurotrail.info\/#\/schema\/logo\/image\/","url":"https:\/\/eurotrail.info\/wp\/wp-content\/uploads\/2023\/07\/ET-logo-quote_NL-scaled.jpg","contentUrl":"https:\/\/eurotrail.info\/wp\/wp-content\/uploads\/2023\/07\/ET-logo-quote_NL-scaled.jpg","width":2560,"height":675,"caption":"Eurotrail | The way we camp!"},"image":{"@id":"https:\/\/eurotrail.info\/#\/schema\/logo\/image\/"}}]}},"_links":{"self":[{"href":"https:\/\/eurotrail.info\/es\/wp-json\/wp\/v2\/product\/20675","targetHints":{"allow":["GET"]}}],"collection":[{"href":"https:\/\/eurotrail.info\/es\/wp-json\/wp\/v2\/product"}],"about":[{"href":"https:\/\/eurotrail.info\/es\/wp-json\/wp\/v2\/types\/product"}],"replies":[{"embeddable":true,"href":"https:\/\/eurotrail.info\/es\/wp-json\/wp\/v2\/comments?post=20675"}],"wp:featuredmedia":[{"embeddable":true,"href":"https:\/\/eurotrail.info\/es\/wp-json\/wp\/v2\/media\/30236"}],"wp:attachment":[{"href":"https:\/\/eurotrail.info\/es\/wp-json\/wp\/v2\/media?parent=20675"}],"wp:term":[{"taxonomy":"product_brand","embeddable":true,"href":"https:\/\/eurotrail.info\/es\/wp-json\/wp\/v2\/product_brand?post=20675"},{"taxonomy":"product_cat","embeddable":true,"href":"https:\/\/eurotrail.info\/es\/wp-json\/wp\/v2\/product_cat?post=20675"},{"taxonomy":"product_tag","embeddable":true,"href":"https:\/\/eurotrail.info\/es\/wp-json\/wp\/v2\/product_tag?post=20675"}],"curies":[{"name":"wp","href":"https:\/\/api.w.org\/{rel}","templated":true}]}}