{"id":20676,"date":"2021-11-01T16:58:23","date_gmt":"2022-11-17T13:50:57","guid":{"rendered":"https:\/\/eurotrail.info\/?post_type=product&#038;p=20676"},"modified":"2022-11-17T14:50:57","modified_gmt":"2022-11-17T13:50:57","slug":"nova-atina-sillon-relax","status":"publish","type":"product","link":"https:\/\/eurotrail.info\/es\/producten\/muebles-para-acampar\/sillas-de-camping\/nova-atina-sillon-relax\/","title":{"rendered":"Nova Atina sill\u00f3n relax"},"content":{"rendered":"<p>La serie Nova es una nueva colecci\u00f3n de c\u00f3modas sillas de alta gama de Eurotrail, fabricadas con el nuevo Poli\u00e9ster Nova Cantonic 600D. Esta es una tela de poli\u00e9ster especialmente tratada con una mayor resistencia, m\u00e1s elasticidad y un suave &#8220;tacto&#8221; similar al algod\u00f3n. La tela gris moteada es mucho m\u00e1s resistente a la radiaci\u00f3n UV y por lo tanto conserva mejor su color y sus propiedades t\u00e9cnicas.<\/p>\n<p>La silla Nova Relax tiene un asiento ricamente acolchado que hace que sentarse sea muy agradable.<br \/>\nEl panel trasero alto es infinitamente ajustable y bloqueable para una comodidad agradable al sentarse. Simplemente recu\u00e9stese y la tumbona levanta la secci\u00f3n de las piernas. El panel trasero se puede bloquear en cualquier posici\u00f3n deseada, creando una c\u00f3moda silla relajante. El asiento acolchado est\u00e1 hecho del material Nova Cantonic 600 y est\u00e1 sujeto al panel trasero con clips especiales para el marco y una banda el\u00e1stica. Esto permite quitar el asiento de la silla para que pueda limpiarlo f\u00e1cilmente si es necesario. El reposacabezas suministrado es ajustable en altura y se puede colocar en cualquier posici\u00f3n deseada y tambi\u00e9n se puede utilizar como soporte lumbar. \u00a1La silla de relax con el nuevo tejido Nova Cantonic tiene un aspecto muy lujoso y c\u00f3modo y es perfecta para usar en el jard\u00edn o incluso en el camping!<\/p>\n<p>Material: 100 % poli\u00e9ster Nova Cantonic 600D.<br \/>\nMarco: acero \u00d819mm<br \/>\nTama\u00f1o: 95x72x120cm<br \/>\nPlegado: 98x72x12cm<br \/>\nPeso: 9,9 kg<br \/>\nm\u00e1x. carga: 140 kg<\/p>\n","protected":false},"excerpt":{"rendered":"<p>La serie Nova es una nueva colecci\u00f3n de c\u00f3modas sillas de alta gama de Eurotrail, fabricadas con el nuevo Poli\u00e9ster Nova Cantonic 600D. Esta es&hellip;<\/p>\n","protected":false},"featured_media":19374,"comment_status":"open","ping_status":"closed","template":"","meta":{"_acf_changed":false},"product_brand":[],"product_cat":[348,351],"product_tag":[],"class_list":{"0":"post-20676","1":"product","2":"type-product","3":"status-publish","4":"has-post-thumbnail","6":"product_cat-muebles-para-acampar","7":"product_cat-sillas-de-camping","9":"first","10":"instock","11":"shipping-taxable","12":"product-type-simple"},"acf":[],"yoast_head":"<!-- This site is optimized with the Yoast SEO plugin v27.4 - https:\/\/yoast.com\/product\/yoast-seo-wordpress\/ -->\n<title>Nova Atina sill\u00f3n relax - Eurotrail | The way we camp!<\/title>\n<meta name=\"description\" content=\"La serie Nova es una nueva colecci\u00f3n de c\u00f3modas sillas de alta gama de Eurotrail, fabricadas con el nuevo Poli\u00e9ster Nova Cantonic 600D\" \/>\n<meta name=\"robots\" content=\"index, follow, max-snippet:-1, max-image-preview:large, max-video-preview:-1\" \/>\n<link rel=\"canonical\" href=\"https:\/\/eurotrail.info\/es\/producten\/muebles-para-acampar\/sillas-de-camping\/nova-atina-sillon-relax\/\" \/>\n<meta property=\"og:locale\" content=\"es_ES\" \/>\n<meta property=\"og:type\" content=\"article\" \/>\n<meta property=\"og:title\" content=\"Nova Atina sill\u00f3n relax - Eurotrail | The way we camp!\" \/>\n<meta property=\"og:description\" content=\"La serie Nova es una nueva colecci\u00f3n de c\u00f3modas sillas de alta gama de Eurotrail, fabricadas con el nuevo Poli\u00e9ster Nova Cantonic 600D\" \/>\n<meta property=\"og:url\" content=\"https:\/\/eurotrail.info\/es\/producten\/muebles-para-acampar\/sillas-de-camping\/nova-atina-sillon-relax\/\" \/>\n<meta property=\"og:site_name\" content=\"Eurotrail | The way we camp!\" \/>\n<meta property=\"og:image\" content=\"https:\/\/eurotrail.info\/wp\/wp-content\/uploads\/2021\/11\/nova-relax-2kopie-scaled.jpg\" \/>\n\t<meta property=\"og:image:width\" content=\"1785\" \/>\n\t<meta property=\"og:image:height\" content=\"2560\" \/>\n\t<meta property=\"og:image:type\" content=\"image\/jpeg\" \/>\n<meta name=\"twitter:card\" content=\"summary_large_image\" \/>\n<meta name=\"twitter:label1\" content=\"Tiempo de lectura\" \/>\n\t<meta name=\"twitter:data1\" content=\"2 minutes\" \/>\n<script type=\"application\/ld+json\" class=\"yoast-schema-graph\">{\"@context\":\"https:\\\/\\\/schema.org\",\"@graph\":[{\"@type\":\"WebPage\",\"@id\":\"https:\\\/\\\/eurotrail.info\\\/es\\\/producten\\\/muebles-para-acampar\\\/sillas-de-camping\\\/nova-atina-sillon-relax\\\/\",\"url\":\"https:\\\/\\\/eurotrail.info\\\/es\\\/producten\\\/muebles-para-acampar\\\/sillas-de-camping\\\/nova-atina-sillon-relax\\\/\",\"name\":\"Nova Atina sill\u00f3n relax - Eurotrail | The way we camp!\",\"isPartOf\":{\"@id\":\"https:\\\/\\\/eurotrail.info\\\/#website\"},\"primaryImageOfPage\":{\"@id\":\"https:\\\/\\\/eurotrail.info\\\/es\\\/producten\\\/muebles-para-acampar\\\/sillas-de-camping\\\/nova-atina-sillon-relax\\\/#primaryimage\"},\"image\":{\"@id\":\"https:\\\/\\\/eurotrail.info\\\/es\\\/producten\\\/muebles-para-acampar\\\/sillas-de-camping\\\/nova-atina-sillon-relax\\\/#primaryimage\"},\"thumbnailUrl\":\"https:\\\/\\\/eurotrail.info\\\/wp\\\/wp-content\\\/uploads\\\/2021\\\/11\\\/nova-relax-2kopie-scaled.jpg\",\"datePublished\":\"2022-11-17T13:50:57+00:00\",\"description\":\"La serie Nova es una nueva colecci\u00f3n de c\u00f3modas sillas de alta gama de Eurotrail, fabricadas con el nuevo Poli\u00e9ster Nova Cantonic 600D\",\"breadcrumb\":{\"@id\":\"https:\\\/\\\/eurotrail.info\\\/es\\\/producten\\\/muebles-para-acampar\\\/sillas-de-camping\\\/nova-atina-sillon-relax\\\/#breadcrumb\"},\"inLanguage\":\"es-ES\",\"potentialAction\":[{\"@type\":\"ReadAction\",\"target\":[\"https:\\\/\\\/eurotrail.info\\\/es\\\/producten\\\/muebles-para-acampar\\\/sillas-de-camping\\\/nova-atina-sillon-relax\\\/\"]}]},{\"@type\":\"ImageObject\",\"inLanguage\":\"es-ES\",\"@id\":\"https:\\\/\\\/eurotrail.info\\\/es\\\/producten\\\/muebles-para-acampar\\\/sillas-de-camping\\\/nova-atina-sillon-relax\\\/#primaryimage\",\"url\":\"https:\\\/\\\/eurotrail.info\\\/wp\\\/wp-content\\\/uploads\\\/2021\\\/11\\\/nova-relax-2kopie-scaled.jpg\",\"contentUrl\":\"https:\\\/\\\/eurotrail.info\\\/wp\\\/wp-content\\\/uploads\\\/2021\\\/11\\\/nova-relax-2kopie-scaled.jpg\",\"width\":1785,\"height\":2560,\"caption\":\"vervaardigd met het nieuwe Nova Cantonic 600D Polyester.\"},{\"@type\":\"BreadcrumbList\",\"@id\":\"https:\\\/\\\/eurotrail.info\\\/es\\\/producten\\\/muebles-para-acampar\\\/sillas-de-camping\\\/nova-atina-sillon-relax\\\/#breadcrumb\",\"itemListElement\":[{\"@type\":\"ListItem\",\"position\":1,\"name\":\"Home\",\"item\":\"https:\\\/\\\/eurotrail.info\\\/es\\\/\"},{\"@type\":\"ListItem\",\"position\":2,\"name\":\"Productos\",\"item\":\"https:\\\/\\\/eurotrail.info\\\/es\\\/productos\\\/\"},{\"@type\":\"ListItem\",\"position\":3,\"name\":\"Nova Atina sill\u00f3n relax\"}]},{\"@type\":\"WebSite\",\"@id\":\"https:\\\/\\\/eurotrail.info\\\/#website\",\"url\":\"https:\\\/\\\/eurotrail.info\\\/\",\"name\":\"Eurotrail | The way we camp!\",\"description\":\"\",\"publisher\":{\"@id\":\"https:\\\/\\\/eurotrail.info\\\/#organization\"},\"potentialAction\":[{\"@type\":\"SearchAction\",\"target\":{\"@type\":\"EntryPoint\",\"urlTemplate\":\"https:\\\/\\\/eurotrail.info\\\/?s={search_term_string}\"},\"query-input\":{\"@type\":\"PropertyValueSpecification\",\"valueRequired\":true,\"valueName\":\"search_term_string\"}}],\"inLanguage\":\"es-ES\"},{\"@type\":\"Organization\",\"@id\":\"https:\\\/\\\/eurotrail.info\\\/#organization\",\"name\":\"Eurotrail | The way we camp!\",\"url\":\"https:\\\/\\\/eurotrail.info\\\/\",\"logo\":{\"@type\":\"ImageObject\",\"inLanguage\":\"es-ES\",\"@id\":\"https:\\\/\\\/eurotrail.info\\\/#\\\/schema\\\/logo\\\/image\\\/\",\"url\":\"https:\\\/\\\/eurotrail.info\\\/wp\\\/wp-content\\\/uploads\\\/2023\\\/07\\\/ET-logo-quote_NL-scaled.jpg\",\"contentUrl\":\"https:\\\/\\\/eurotrail.info\\\/wp\\\/wp-content\\\/uploads\\\/2023\\\/07\\\/ET-logo-quote_NL-scaled.jpg\",\"width\":2560,\"height\":675,\"caption\":\"Eurotrail | The way we camp!\"},\"image\":{\"@id\":\"https:\\\/\\\/eurotrail.info\\\/#\\\/schema\\\/logo\\\/image\\\/\"}}]}<\/script>\n<!-- \/ Yoast SEO plugin. -->","yoast_head_json":{"title":"Nova Atina sill\u00f3n relax - Eurotrail | The way we camp!","description":"La serie Nova es una nueva colecci\u00f3n de c\u00f3modas sillas de alta gama de Eurotrail, fabricadas con el nuevo Poli\u00e9ster Nova Cantonic 600D","robots":{"index":"index","follow":"follow","max-snippet":"max-snippet:-1","max-image-preview":"max-image-preview:large","max-video-preview":"max-video-preview:-1"},"canonical":"https:\/\/eurotrail.info\/es\/producten\/muebles-para-acampar\/sillas-de-camping\/nova-atina-sillon-relax\/","og_locale":"es_ES","og_type":"article","og_title":"Nova Atina sill\u00f3n relax - Eurotrail | The way we camp!","og_description":"La serie Nova es una nueva colecci\u00f3n de c\u00f3modas sillas de alta gama de Eurotrail, fabricadas con el nuevo Poli\u00e9ster Nova Cantonic 600D","og_url":"https:\/\/eurotrail.info\/es\/producten\/muebles-para-acampar\/sillas-de-camping\/nova-atina-sillon-relax\/","og_site_name":"Eurotrail | The way we camp!","og_image":[{"width":1785,"height":2560,"url":"https:\/\/eurotrail.info\/wp\/wp-content\/uploads\/2021\/11\/nova-relax-2kopie-scaled.jpg","type":"image\/jpeg"}],"twitter_card":"summary_large_image","twitter_misc":{"Tiempo de lectura":"2 minutes"},"schema":{"@context":"https:\/\/schema.org","@graph":[{"@type":"WebPage","@id":"https:\/\/eurotrail.info\/es\/producten\/muebles-para-acampar\/sillas-de-camping\/nova-atina-sillon-relax\/","url":"https:\/\/eurotrail.info\/es\/producten\/muebles-para-acampar\/sillas-de-camping\/nova-atina-sillon-relax\/","name":"Nova Atina sill\u00f3n relax - Eurotrail | The way we camp!","isPartOf":{"@id":"https:\/\/eurotrail.info\/#website"},"primaryImageOfPage":{"@id":"https:\/\/eurotrail.info\/es\/producten\/muebles-para-acampar\/sillas-de-camping\/nova-atina-sillon-relax\/#primaryimage"},"image":{"@id":"https:\/\/eurotrail.info\/es\/producten\/muebles-para-acampar\/sillas-de-camping\/nova-atina-sillon-relax\/#primaryimage"},"thumbnailUrl":"https:\/\/eurotrail.info\/wp\/wp-content\/uploads\/2021\/11\/nova-relax-2kopie-scaled.jpg","datePublished":"2022-11-17T13:50:57+00:00","description":"La serie Nova es una nueva colecci\u00f3n de c\u00f3modas sillas de alta gama de Eurotrail, fabricadas con el nuevo Poli\u00e9ster Nova Cantonic 600D","breadcrumb":{"@id":"https:\/\/eurotrail.info\/es\/producten\/muebles-para-acampar\/sillas-de-camping\/nova-atina-sillon-relax\/#breadcrumb"},"inLanguage":"es-ES","potentialAction":[{"@type":"ReadAction","target":["https:\/\/eurotrail.info\/es\/producten\/muebles-para-acampar\/sillas-de-camping\/nova-atina-sillon-relax\/"]}]},{"@type":"ImageObject","inLanguage":"es-ES","@id":"https:\/\/eurotrail.info\/es\/producten\/muebles-para-acampar\/sillas-de-camping\/nova-atina-sillon-relax\/#primaryimage","url":"https:\/\/eurotrail.info\/wp\/wp-content\/uploads\/2021\/11\/nova-relax-2kopie-scaled.jpg","contentUrl":"https:\/\/eurotrail.info\/wp\/wp-content\/uploads\/2021\/11\/nova-relax-2kopie-scaled.jpg","width":1785,"height":2560,"caption":"vervaardigd met het nieuwe Nova Cantonic 600D Polyester."},{"@type":"BreadcrumbList","@id":"https:\/\/eurotrail.info\/es\/producten\/muebles-para-acampar\/sillas-de-camping\/nova-atina-sillon-relax\/#breadcrumb","itemListElement":[{"@type":"ListItem","position":1,"name":"Home","item":"https:\/\/eurotrail.info\/es\/"},{"@type":"ListItem","position":2,"name":"Productos","item":"https:\/\/eurotrail.info\/es\/productos\/"},{"@type":"ListItem","position":3,"name":"Nova Atina sill\u00f3n relax"}]},{"@type":"WebSite","@id":"https:\/\/eurotrail.info\/#website","url":"https:\/\/eurotrail.info\/","name":"Eurotrail | The way we camp!","description":"","publisher":{"@id":"https:\/\/eurotrail.info\/#organization"},"potentialAction":[{"@type":"SearchAction","target":{"@type":"EntryPoint","urlTemplate":"https:\/\/eurotrail.info\/?s={search_term_string}"},"query-input":{"@type":"PropertyValueSpecification","valueRequired":true,"valueName":"search_term_string"}}],"inLanguage":"es-ES"},{"@type":"Organization","@id":"https:\/\/eurotrail.info\/#organization","name":"Eurotrail | The way we camp!","url":"https:\/\/eurotrail.info\/","logo":{"@type":"ImageObject","inLanguage":"es-ES","@id":"https:\/\/eurotrail.info\/#\/schema\/logo\/image\/","url":"https:\/\/eurotrail.info\/wp\/wp-content\/uploads\/2023\/07\/ET-logo-quote_NL-scaled.jpg","contentUrl":"https:\/\/eurotrail.info\/wp\/wp-content\/uploads\/2023\/07\/ET-logo-quote_NL-scaled.jpg","width":2560,"height":675,"caption":"Eurotrail | The way we camp!"},"image":{"@id":"https:\/\/eurotrail.info\/#\/schema\/logo\/image\/"}}]}},"_links":{"self":[{"href":"https:\/\/eurotrail.info\/es\/wp-json\/wp\/v2\/product\/20676","targetHints":{"allow":["GET"]}}],"collection":[{"href":"https:\/\/eurotrail.info\/es\/wp-json\/wp\/v2\/product"}],"about":[{"href":"https:\/\/eurotrail.info\/es\/wp-json\/wp\/v2\/types\/product"}],"replies":[{"embeddable":true,"href":"https:\/\/eurotrail.info\/es\/wp-json\/wp\/v2\/comments?post=20676"}],"wp:featuredmedia":[{"embeddable":true,"href":"https:\/\/eurotrail.info\/es\/wp-json\/wp\/v2\/media\/19374"}],"wp:attachment":[{"href":"https:\/\/eurotrail.info\/es\/wp-json\/wp\/v2\/media?parent=20676"}],"wp:term":[{"taxonomy":"product_brand","embeddable":true,"href":"https:\/\/eurotrail.info\/es\/wp-json\/wp\/v2\/product_brand?post=20676"},{"taxonomy":"product_cat","embeddable":true,"href":"https:\/\/eurotrail.info\/es\/wp-json\/wp\/v2\/product_cat?post=20676"},{"taxonomy":"product_tag","embeddable":true,"href":"https:\/\/eurotrail.info\/es\/wp-json\/wp\/v2\/product_tag?post=20676"}],"curies":[{"name":"wp","href":"https:\/\/api.w.org\/{rel}","templated":true}]}}