{"id":20680,"date":"2021-11-22T14:38:01","date_gmt":"2022-11-17T13:57:54","guid":{"rendered":"https:\/\/eurotrail.info\/?post_type=product&#038;p=20680"},"modified":"2022-11-17T14:57:54","modified_gmt":"2022-11-17T13:57:54","slug":"nova-venossa-armario-de-camping","status":"publish","type":"product","link":"https:\/\/eurotrail.info\/es\/producten\/muebles-para-acampar\/armarios-para-acampar\/nova-venossa-armario-de-camping\/","title":{"rendered":"Nova Venossa armario de camping"},"content":{"rendered":"<p>Mueble bajo abatible f\u00e1cil y r\u00e1pido de montar. El Nova Venossa est\u00e1 hecho de poli\u00e9ster mixto y viene con estantes de bamb\u00fa. Equipado con patas ajustables e incluye una pr\u00e1ctica bolsa de almacenamiento. El tama\u00f1o perfecto para guardar objetos peque\u00f1os y usarlo como mesa auxiliar junto a tu silla.<\/p>\n<p>Tama\u00f1o: 60x45x64cm<br \/>\nPlegado: 60x45x10,5cm<br \/>\nMaterial: 100% Poli\u00e9ster \/ Bamb\u00fa<br \/>\nMarco: aluminio<br \/>\nPlaca superior: MDF<br \/>\nm\u00e1x. carga: 25 kg.<br \/>\nPeso: 7,4 kg.<\/p>\n","protected":false},"excerpt":{"rendered":"<p>Mueble bajo abatible f\u00e1cil y r\u00e1pido de montar. El Nova Venossa est\u00e1 hecho de poli\u00e9ster mixto y viene con estantes de bamb\u00fa. Equipado con patas&hellip;<\/p>\n","protected":false},"featured_media":19817,"comment_status":"open","ping_status":"closed","template":"","meta":{"_acf_changed":false},"product_brand":[],"product_cat":[350,348],"product_tag":[],"class_list":{"0":"post-20680","1":"product","2":"type-product","3":"status-publish","4":"has-post-thumbnail","6":"product_cat-armarios-para-acampar","7":"product_cat-muebles-para-acampar","9":"first","10":"instock","11":"shipping-taxable","12":"product-type-simple"},"acf":[],"yoast_head":"<!-- This site is optimized with the Yoast SEO plugin v27.3 - https:\/\/yoast.com\/product\/yoast-seo-wordpress\/ -->\n<title>Nova Venossa armario de camping - Eurotrail | The way we camp!<\/title>\n<meta name=\"description\" content=\"Mueble bajo abatible f\u00e1cil y r\u00e1pido de montar. El Nova Venossa est\u00e1 hecho de poli\u00e9ster mixto y viene con estantes de bamb\u00fa. Equipado con patas ajustables e incluye una pr\u00e1ctica bolsa de almacenamiento\" \/>\n<meta name=\"robots\" content=\"index, follow, max-snippet:-1, max-image-preview:large, max-video-preview:-1\" \/>\n<link rel=\"canonical\" href=\"https:\/\/eurotrail.info\/es\/producten\/muebles-para-acampar\/armarios-para-acampar\/nova-venossa-armario-de-camping\/\" \/>\n<meta property=\"og:locale\" content=\"es_ES\" \/>\n<meta property=\"og:type\" content=\"article\" \/>\n<meta property=\"og:title\" content=\"Nova Venossa armario de camping - Eurotrail | The way we camp!\" \/>\n<meta property=\"og:description\" content=\"Mueble bajo abatible f\u00e1cil y r\u00e1pido de montar. El Nova Venossa est\u00e1 hecho de poli\u00e9ster mixto y viene con estantes de bamb\u00fa. Equipado con patas ajustables e incluye una pr\u00e1ctica bolsa de almacenamiento\" \/>\n<meta property=\"og:url\" content=\"https:\/\/eurotrail.info\/es\/producten\/muebles-para-acampar\/armarios-para-acampar\/nova-venossa-armario-de-camping\/\" \/>\n<meta property=\"og:site_name\" content=\"Eurotrail | The way we camp!\" \/>\n<meta property=\"og:image\" content=\"https:\/\/eurotrail.info\/wp\/wp-content\/uploads\/2021\/11\/ETCF2036-Nova-Venossa-Set-23-1.jpg\" \/>\n\t<meta property=\"og:image:width\" content=\"1766\" \/>\n\t<meta property=\"og:image:height\" content=\"2376\" \/>\n\t<meta property=\"og:image:type\" content=\"image\/jpeg\" \/>\n<meta name=\"twitter:card\" content=\"summary_large_image\" \/>\n<meta name=\"twitter:label1\" content=\"Tiempo de lectura\" \/>\n\t<meta name=\"twitter:data1\" content=\"1 minute\" \/>\n<script type=\"application\/ld+json\" class=\"yoast-schema-graph\">{\"@context\":\"https:\\\/\\\/schema.org\",\"@graph\":[{\"@type\":\"WebPage\",\"@id\":\"https:\\\/\\\/eurotrail.info\\\/es\\\/producten\\\/muebles-para-acampar\\\/armarios-para-acampar\\\/nova-venossa-armario-de-camping\\\/\",\"url\":\"https:\\\/\\\/eurotrail.info\\\/es\\\/producten\\\/muebles-para-acampar\\\/armarios-para-acampar\\\/nova-venossa-armario-de-camping\\\/\",\"name\":\"Nova Venossa armario de camping - Eurotrail | The way we camp!\",\"isPartOf\":{\"@id\":\"https:\\\/\\\/eurotrail.info\\\/#website\"},\"primaryImageOfPage\":{\"@id\":\"https:\\\/\\\/eurotrail.info\\\/es\\\/producten\\\/muebles-para-acampar\\\/armarios-para-acampar\\\/nova-venossa-armario-de-camping\\\/#primaryimage\"},\"image\":{\"@id\":\"https:\\\/\\\/eurotrail.info\\\/es\\\/producten\\\/muebles-para-acampar\\\/armarios-para-acampar\\\/nova-venossa-armario-de-camping\\\/#primaryimage\"},\"thumbnailUrl\":\"https:\\\/\\\/eurotrail.info\\\/wp\\\/wp-content\\\/uploads\\\/2021\\\/11\\\/ETCF2036-Nova-Venossa-Set-23-1.jpg\",\"datePublished\":\"2022-11-17T13:57:54+00:00\",\"description\":\"Mueble bajo abatible f\u00e1cil y r\u00e1pido de montar. El Nova Venossa est\u00e1 hecho de poli\u00e9ster mixto y viene con estantes de bamb\u00fa. Equipado con patas ajustables e incluye una pr\u00e1ctica bolsa de almacenamiento\",\"breadcrumb\":{\"@id\":\"https:\\\/\\\/eurotrail.info\\\/es\\\/producten\\\/muebles-para-acampar\\\/armarios-para-acampar\\\/nova-venossa-armario-de-camping\\\/#breadcrumb\"},\"inLanguage\":\"es-ES\",\"potentialAction\":[{\"@type\":\"ReadAction\",\"target\":[\"https:\\\/\\\/eurotrail.info\\\/es\\\/producten\\\/muebles-para-acampar\\\/armarios-para-acampar\\\/nova-venossa-armario-de-camping\\\/\"]}]},{\"@type\":\"ImageObject\",\"inLanguage\":\"es-ES\",\"@id\":\"https:\\\/\\\/eurotrail.info\\\/es\\\/producten\\\/muebles-para-acampar\\\/armarios-para-acampar\\\/nova-venossa-armario-de-camping\\\/#primaryimage\",\"url\":\"https:\\\/\\\/eurotrail.info\\\/wp\\\/wp-content\\\/uploads\\\/2021\\\/11\\\/ETCF2036-Nova-Venossa-Set-23-1.jpg\",\"contentUrl\":\"https:\\\/\\\/eurotrail.info\\\/wp\\\/wp-content\\\/uploads\\\/2021\\\/11\\\/ETCF2036-Nova-Venossa-Set-23-1.jpg\",\"width\":1766,\"height\":2376},{\"@type\":\"BreadcrumbList\",\"@id\":\"https:\\\/\\\/eurotrail.info\\\/es\\\/producten\\\/muebles-para-acampar\\\/armarios-para-acampar\\\/nova-venossa-armario-de-camping\\\/#breadcrumb\",\"itemListElement\":[{\"@type\":\"ListItem\",\"position\":1,\"name\":\"Home\",\"item\":\"https:\\\/\\\/eurotrail.info\\\/es\\\/\"},{\"@type\":\"ListItem\",\"position\":2,\"name\":\"Productos\",\"item\":\"https:\\\/\\\/eurotrail.info\\\/es\\\/productos\\\/\"},{\"@type\":\"ListItem\",\"position\":3,\"name\":\"Nova Venossa armario de camping\"}]},{\"@type\":\"WebSite\",\"@id\":\"https:\\\/\\\/eurotrail.info\\\/#website\",\"url\":\"https:\\\/\\\/eurotrail.info\\\/\",\"name\":\"Eurotrail | The way we camp!\",\"description\":\"\",\"publisher\":{\"@id\":\"https:\\\/\\\/eurotrail.info\\\/#organization\"},\"potentialAction\":[{\"@type\":\"SearchAction\",\"target\":{\"@type\":\"EntryPoint\",\"urlTemplate\":\"https:\\\/\\\/eurotrail.info\\\/?s={search_term_string}\"},\"query-input\":{\"@type\":\"PropertyValueSpecification\",\"valueRequired\":true,\"valueName\":\"search_term_string\"}}],\"inLanguage\":\"es-ES\"},{\"@type\":\"Organization\",\"@id\":\"https:\\\/\\\/eurotrail.info\\\/#organization\",\"name\":\"Eurotrail | The way we camp!\",\"url\":\"https:\\\/\\\/eurotrail.info\\\/\",\"logo\":{\"@type\":\"ImageObject\",\"inLanguage\":\"es-ES\",\"@id\":\"https:\\\/\\\/eurotrail.info\\\/#\\\/schema\\\/logo\\\/image\\\/\",\"url\":\"https:\\\/\\\/eurotrail.info\\\/wp\\\/wp-content\\\/uploads\\\/2023\\\/07\\\/ET-logo-quote_NL-scaled.jpg\",\"contentUrl\":\"https:\\\/\\\/eurotrail.info\\\/wp\\\/wp-content\\\/uploads\\\/2023\\\/07\\\/ET-logo-quote_NL-scaled.jpg\",\"width\":2560,\"height\":675,\"caption\":\"Eurotrail | The way we camp!\"},\"image\":{\"@id\":\"https:\\\/\\\/eurotrail.info\\\/#\\\/schema\\\/logo\\\/image\\\/\"}}]}<\/script>\n<!-- \/ Yoast SEO plugin. -->","yoast_head_json":{"title":"Nova Venossa armario de camping - Eurotrail | The way we camp!","description":"Mueble bajo abatible f\u00e1cil y r\u00e1pido de montar. El Nova Venossa est\u00e1 hecho de poli\u00e9ster mixto y viene con estantes de bamb\u00fa. Equipado con patas ajustables e incluye una pr\u00e1ctica bolsa de almacenamiento","robots":{"index":"index","follow":"follow","max-snippet":"max-snippet:-1","max-image-preview":"max-image-preview:large","max-video-preview":"max-video-preview:-1"},"canonical":"https:\/\/eurotrail.info\/es\/producten\/muebles-para-acampar\/armarios-para-acampar\/nova-venossa-armario-de-camping\/","og_locale":"es_ES","og_type":"article","og_title":"Nova Venossa armario de camping - Eurotrail | The way we camp!","og_description":"Mueble bajo abatible f\u00e1cil y r\u00e1pido de montar. El Nova Venossa est\u00e1 hecho de poli\u00e9ster mixto y viene con estantes de bamb\u00fa. Equipado con patas ajustables e incluye una pr\u00e1ctica bolsa de almacenamiento","og_url":"https:\/\/eurotrail.info\/es\/producten\/muebles-para-acampar\/armarios-para-acampar\/nova-venossa-armario-de-camping\/","og_site_name":"Eurotrail | The way we camp!","og_image":[{"width":1766,"height":2376,"url":"https:\/\/eurotrail.info\/wp\/wp-content\/uploads\/2021\/11\/ETCF2036-Nova-Venossa-Set-23-1.jpg","type":"image\/jpeg"}],"twitter_card":"summary_large_image","twitter_misc":{"Tiempo de lectura":"1 minute"},"schema":{"@context":"https:\/\/schema.org","@graph":[{"@type":"WebPage","@id":"https:\/\/eurotrail.info\/es\/producten\/muebles-para-acampar\/armarios-para-acampar\/nova-venossa-armario-de-camping\/","url":"https:\/\/eurotrail.info\/es\/producten\/muebles-para-acampar\/armarios-para-acampar\/nova-venossa-armario-de-camping\/","name":"Nova Venossa armario de camping - Eurotrail | The way we camp!","isPartOf":{"@id":"https:\/\/eurotrail.info\/#website"},"primaryImageOfPage":{"@id":"https:\/\/eurotrail.info\/es\/producten\/muebles-para-acampar\/armarios-para-acampar\/nova-venossa-armario-de-camping\/#primaryimage"},"image":{"@id":"https:\/\/eurotrail.info\/es\/producten\/muebles-para-acampar\/armarios-para-acampar\/nova-venossa-armario-de-camping\/#primaryimage"},"thumbnailUrl":"https:\/\/eurotrail.info\/wp\/wp-content\/uploads\/2021\/11\/ETCF2036-Nova-Venossa-Set-23-1.jpg","datePublished":"2022-11-17T13:57:54+00:00","description":"Mueble bajo abatible f\u00e1cil y r\u00e1pido de montar. El Nova Venossa est\u00e1 hecho de poli\u00e9ster mixto y viene con estantes de bamb\u00fa. Equipado con patas ajustables e incluye una pr\u00e1ctica bolsa de almacenamiento","breadcrumb":{"@id":"https:\/\/eurotrail.info\/es\/producten\/muebles-para-acampar\/armarios-para-acampar\/nova-venossa-armario-de-camping\/#breadcrumb"},"inLanguage":"es-ES","potentialAction":[{"@type":"ReadAction","target":["https:\/\/eurotrail.info\/es\/producten\/muebles-para-acampar\/armarios-para-acampar\/nova-venossa-armario-de-camping\/"]}]},{"@type":"ImageObject","inLanguage":"es-ES","@id":"https:\/\/eurotrail.info\/es\/producten\/muebles-para-acampar\/armarios-para-acampar\/nova-venossa-armario-de-camping\/#primaryimage","url":"https:\/\/eurotrail.info\/wp\/wp-content\/uploads\/2021\/11\/ETCF2036-Nova-Venossa-Set-23-1.jpg","contentUrl":"https:\/\/eurotrail.info\/wp\/wp-content\/uploads\/2021\/11\/ETCF2036-Nova-Venossa-Set-23-1.jpg","width":1766,"height":2376},{"@type":"BreadcrumbList","@id":"https:\/\/eurotrail.info\/es\/producten\/muebles-para-acampar\/armarios-para-acampar\/nova-venossa-armario-de-camping\/#breadcrumb","itemListElement":[{"@type":"ListItem","position":1,"name":"Home","item":"https:\/\/eurotrail.info\/es\/"},{"@type":"ListItem","position":2,"name":"Productos","item":"https:\/\/eurotrail.info\/es\/productos\/"},{"@type":"ListItem","position":3,"name":"Nova Venossa armario de camping"}]},{"@type":"WebSite","@id":"https:\/\/eurotrail.info\/#website","url":"https:\/\/eurotrail.info\/","name":"Eurotrail | The way we camp!","description":"","publisher":{"@id":"https:\/\/eurotrail.info\/#organization"},"potentialAction":[{"@type":"SearchAction","target":{"@type":"EntryPoint","urlTemplate":"https:\/\/eurotrail.info\/?s={search_term_string}"},"query-input":{"@type":"PropertyValueSpecification","valueRequired":true,"valueName":"search_term_string"}}],"inLanguage":"es-ES"},{"@type":"Organization","@id":"https:\/\/eurotrail.info\/#organization","name":"Eurotrail | The way we camp!","url":"https:\/\/eurotrail.info\/","logo":{"@type":"ImageObject","inLanguage":"es-ES","@id":"https:\/\/eurotrail.info\/#\/schema\/logo\/image\/","url":"https:\/\/eurotrail.info\/wp\/wp-content\/uploads\/2023\/07\/ET-logo-quote_NL-scaled.jpg","contentUrl":"https:\/\/eurotrail.info\/wp\/wp-content\/uploads\/2023\/07\/ET-logo-quote_NL-scaled.jpg","width":2560,"height":675,"caption":"Eurotrail | The way we camp!"},"image":{"@id":"https:\/\/eurotrail.info\/#\/schema\/logo\/image\/"}}]}},"_links":{"self":[{"href":"https:\/\/eurotrail.info\/es\/wp-json\/wp\/v2\/product\/20680","targetHints":{"allow":["GET"]}}],"collection":[{"href":"https:\/\/eurotrail.info\/es\/wp-json\/wp\/v2\/product"}],"about":[{"href":"https:\/\/eurotrail.info\/es\/wp-json\/wp\/v2\/types\/product"}],"replies":[{"embeddable":true,"href":"https:\/\/eurotrail.info\/es\/wp-json\/wp\/v2\/comments?post=20680"}],"wp:featuredmedia":[{"embeddable":true,"href":"https:\/\/eurotrail.info\/es\/wp-json\/wp\/v2\/media\/19817"}],"wp:attachment":[{"href":"https:\/\/eurotrail.info\/es\/wp-json\/wp\/v2\/media?parent=20680"}],"wp:term":[{"taxonomy":"product_brand","embeddable":true,"href":"https:\/\/eurotrail.info\/es\/wp-json\/wp\/v2\/product_brand?post=20680"},{"taxonomy":"product_cat","embeddable":true,"href":"https:\/\/eurotrail.info\/es\/wp-json\/wp\/v2\/product_cat?post=20680"},{"taxonomy":"product_tag","embeddable":true,"href":"https:\/\/eurotrail.info\/es\/wp-json\/wp\/v2\/product_tag?post=20680"}],"curies":[{"name":"wp","href":"https:\/\/api.w.org\/{rel}","templated":true}]}}