{"id":20683,"date":"2021-11-22T13:26:38","date_gmt":"2022-11-17T14:03:57","guid":{"rendered":"https:\/\/eurotrail.info\/?post_type=product&#038;p=20683"},"modified":"2022-11-17T15:03:57","modified_gmt":"2022-11-17T14:03:57","slug":"nova-polla-tumbona","status":"publish","type":"product","link":"https:\/\/eurotrail.info\/es\/producten\/muebles-para-acampar\/tumbonas\/nova-polla-tumbona\/","title":{"rendered":"Nova Polla tumbona"},"content":{"rendered":"<p>La tumbona Nova est\u00e1 hecha de un marco de aluminio ligero y resistente y est\u00e1 equipada con el material acolchado Nova Cantonic 600. El marco tiene 2 metros de largo y tiene una altura de asiento extra alta de 45 cm, lo que hace que levantarse sea mucho m\u00e1s f\u00e1cil. El panel posterior es ajustable en 6 posiciones para que pueda colocarlo completamente plano o hacia arriba para que pueda leer un libro mientras est\u00e1 sentado en posici\u00f3n vertical. Equipado con una almohada extra\u00edble con una banda el\u00e1stica, que se puede colocar a cualquier altura deseada. La cama se puede plegar en un paquete pr\u00e1ctico y compacto.<\/p>\n<p>Material: 100 % poli\u00e9ster Nova Cantonic 600D<br \/>\nMarco: aluminio<br \/>\nTama\u00f1o: 227x64x45cm<br \/>\nPlegado: 100x64x15cm<br \/>\nPeso: 7 kilos<br \/>\nm\u00e1x. carga: 140 kg<\/p>\n","protected":false},"excerpt":{"rendered":"<p>La tumbona Nova est\u00e1 hecha de un marco de aluminio ligero y resistente y est\u00e1 equipada con el material acolchado Nova Cantonic 600. El marco&hellip;<\/p>\n","protected":false},"featured_media":19468,"comment_status":"open","ping_status":"closed","template":"","meta":{"_acf_changed":false},"product_brand":[],"product_cat":[348,356],"product_tag":[],"class_list":{"0":"post-20683","1":"product","2":"type-product","3":"status-publish","4":"has-post-thumbnail","6":"product_cat-muebles-para-acampar","7":"product_cat-tumbonas","9":"first","10":"instock","11":"shipping-taxable","12":"product-type-simple"},"acf":[],"yoast_head":"<!-- This site is optimized with the Yoast SEO plugin v27.4 - https:\/\/yoast.com\/product\/yoast-seo-wordpress\/ -->\n<title>Nova Polla tumbona - Eurotrail | The way we camp!<\/title>\n<meta name=\"description\" content=\"La tumbona Nova est\u00e1 hecha de un marco de aluminio ligero y resistente y est\u00e1 equipada con el material acolchado Nova Cantonic 600.\" \/>\n<meta name=\"robots\" content=\"index, follow, max-snippet:-1, max-image-preview:large, max-video-preview:-1\" \/>\n<link rel=\"canonical\" href=\"https:\/\/eurotrail.info\/es\/producten\/muebles-para-acampar\/tumbonas\/nova-polla-tumbona\/\" \/>\n<meta property=\"og:locale\" content=\"es_ES\" \/>\n<meta property=\"og:type\" content=\"article\" \/>\n<meta property=\"og:title\" content=\"Nova Polla tumbona - Eurotrail | The way we camp!\" \/>\n<meta property=\"og:description\" content=\"La tumbona Nova est\u00e1 hecha de un marco de aluminio ligero y resistente y est\u00e1 equipada con el material acolchado Nova Cantonic 600.\" \/>\n<meta property=\"og:url\" content=\"https:\/\/eurotrail.info\/es\/producten\/muebles-para-acampar\/tumbonas\/nova-polla-tumbona\/\" \/>\n<meta property=\"og:site_name\" content=\"Eurotrail | The way we camp!\" \/>\n<meta property=\"og:image\" content=\"https:\/\/eurotrail.info\/wp\/wp-content\/uploads\/2021\/11\/nova-Polla-ETCF2016-2-1-scaled.jpg\" \/>\n\t<meta property=\"og:image:width\" content=\"2560\" \/>\n\t<meta property=\"og:image:height\" content=\"1929\" \/>\n\t<meta property=\"og:image:type\" content=\"image\/jpeg\" \/>\n<meta name=\"twitter:card\" content=\"summary_large_image\" \/>\n<meta name=\"twitter:label1\" content=\"Tiempo de lectura\" \/>\n\t<meta name=\"twitter:data1\" content=\"1 minute\" \/>\n<script type=\"application\/ld+json\" class=\"yoast-schema-graph\">{\"@context\":\"https:\\\/\\\/schema.org\",\"@graph\":[{\"@type\":\"WebPage\",\"@id\":\"https:\\\/\\\/eurotrail.info\\\/es\\\/producten\\\/muebles-para-acampar\\\/tumbonas\\\/nova-polla-tumbona\\\/\",\"url\":\"https:\\\/\\\/eurotrail.info\\\/es\\\/producten\\\/muebles-para-acampar\\\/tumbonas\\\/nova-polla-tumbona\\\/\",\"name\":\"Nova Polla tumbona - Eurotrail | The way we camp!\",\"isPartOf\":{\"@id\":\"https:\\\/\\\/eurotrail.info\\\/#website\"},\"primaryImageOfPage\":{\"@id\":\"https:\\\/\\\/eurotrail.info\\\/es\\\/producten\\\/muebles-para-acampar\\\/tumbonas\\\/nova-polla-tumbona\\\/#primaryimage\"},\"image\":{\"@id\":\"https:\\\/\\\/eurotrail.info\\\/es\\\/producten\\\/muebles-para-acampar\\\/tumbonas\\\/nova-polla-tumbona\\\/#primaryimage\"},\"thumbnailUrl\":\"https:\\\/\\\/eurotrail.info\\\/wp\\\/wp-content\\\/uploads\\\/2021\\\/11\\\/nova-Polla-ETCF2016-2-1-scaled.jpg\",\"datePublished\":\"2022-11-17T14:03:57+00:00\",\"description\":\"La tumbona Nova est\u00e1 hecha de un marco de aluminio ligero y resistente y est\u00e1 equipada con el material acolchado Nova Cantonic 600.\",\"breadcrumb\":{\"@id\":\"https:\\\/\\\/eurotrail.info\\\/es\\\/producten\\\/muebles-para-acampar\\\/tumbonas\\\/nova-polla-tumbona\\\/#breadcrumb\"},\"inLanguage\":\"es-ES\",\"potentialAction\":[{\"@type\":\"ReadAction\",\"target\":[\"https:\\\/\\\/eurotrail.info\\\/es\\\/producten\\\/muebles-para-acampar\\\/tumbonas\\\/nova-polla-tumbona\\\/\"]}]},{\"@type\":\"ImageObject\",\"inLanguage\":\"es-ES\",\"@id\":\"https:\\\/\\\/eurotrail.info\\\/es\\\/producten\\\/muebles-para-acampar\\\/tumbonas\\\/nova-polla-tumbona\\\/#primaryimage\",\"url\":\"https:\\\/\\\/eurotrail.info\\\/wp\\\/wp-content\\\/uploads\\\/2021\\\/11\\\/nova-Polla-ETCF2016-2-1-scaled.jpg\",\"contentUrl\":\"https:\\\/\\\/eurotrail.info\\\/wp\\\/wp-content\\\/uploads\\\/2021\\\/11\\\/nova-Polla-ETCF2016-2-1-scaled.jpg\",\"width\":2560,\"height\":1929,\"caption\":\"Nova ligbed is vervaardigd van een stevig lichtgewicht aluminium frame en is voorzien van het gepolsterde Nova Cantonic 600-materiaal.\"},{\"@type\":\"BreadcrumbList\",\"@id\":\"https:\\\/\\\/eurotrail.info\\\/es\\\/producten\\\/muebles-para-acampar\\\/tumbonas\\\/nova-polla-tumbona\\\/#breadcrumb\",\"itemListElement\":[{\"@type\":\"ListItem\",\"position\":1,\"name\":\"Home\",\"item\":\"https:\\\/\\\/eurotrail.info\\\/es\\\/\"},{\"@type\":\"ListItem\",\"position\":2,\"name\":\"Productos\",\"item\":\"https:\\\/\\\/eurotrail.info\\\/es\\\/productos\\\/\"},{\"@type\":\"ListItem\",\"position\":3,\"name\":\"Nova Polla tumbona\"}]},{\"@type\":\"WebSite\",\"@id\":\"https:\\\/\\\/eurotrail.info\\\/#website\",\"url\":\"https:\\\/\\\/eurotrail.info\\\/\",\"name\":\"Eurotrail | The way we camp!\",\"description\":\"\",\"publisher\":{\"@id\":\"https:\\\/\\\/eurotrail.info\\\/#organization\"},\"potentialAction\":[{\"@type\":\"SearchAction\",\"target\":{\"@type\":\"EntryPoint\",\"urlTemplate\":\"https:\\\/\\\/eurotrail.info\\\/?s={search_term_string}\"},\"query-input\":{\"@type\":\"PropertyValueSpecification\",\"valueRequired\":true,\"valueName\":\"search_term_string\"}}],\"inLanguage\":\"es-ES\"},{\"@type\":\"Organization\",\"@id\":\"https:\\\/\\\/eurotrail.info\\\/#organization\",\"name\":\"Eurotrail | The way we camp!\",\"url\":\"https:\\\/\\\/eurotrail.info\\\/\",\"logo\":{\"@type\":\"ImageObject\",\"inLanguage\":\"es-ES\",\"@id\":\"https:\\\/\\\/eurotrail.info\\\/#\\\/schema\\\/logo\\\/image\\\/\",\"url\":\"https:\\\/\\\/eurotrail.info\\\/wp\\\/wp-content\\\/uploads\\\/2023\\\/07\\\/ET-logo-quote_NL-scaled.jpg\",\"contentUrl\":\"https:\\\/\\\/eurotrail.info\\\/wp\\\/wp-content\\\/uploads\\\/2023\\\/07\\\/ET-logo-quote_NL-scaled.jpg\",\"width\":2560,\"height\":675,\"caption\":\"Eurotrail | The way we camp!\"},\"image\":{\"@id\":\"https:\\\/\\\/eurotrail.info\\\/#\\\/schema\\\/logo\\\/image\\\/\"}}]}<\/script>\n<!-- \/ Yoast SEO plugin. -->","yoast_head_json":{"title":"Nova Polla tumbona - Eurotrail | The way we camp!","description":"La tumbona Nova est\u00e1 hecha de un marco de aluminio ligero y resistente y est\u00e1 equipada con el material acolchado Nova Cantonic 600.","robots":{"index":"index","follow":"follow","max-snippet":"max-snippet:-1","max-image-preview":"max-image-preview:large","max-video-preview":"max-video-preview:-1"},"canonical":"https:\/\/eurotrail.info\/es\/producten\/muebles-para-acampar\/tumbonas\/nova-polla-tumbona\/","og_locale":"es_ES","og_type":"article","og_title":"Nova Polla tumbona - Eurotrail | The way we camp!","og_description":"La tumbona Nova est\u00e1 hecha de un marco de aluminio ligero y resistente y est\u00e1 equipada con el material acolchado Nova Cantonic 600.","og_url":"https:\/\/eurotrail.info\/es\/producten\/muebles-para-acampar\/tumbonas\/nova-polla-tumbona\/","og_site_name":"Eurotrail | The way we camp!","og_image":[{"width":2560,"height":1929,"url":"https:\/\/eurotrail.info\/wp\/wp-content\/uploads\/2021\/11\/nova-Polla-ETCF2016-2-1-scaled.jpg","type":"image\/jpeg"}],"twitter_card":"summary_large_image","twitter_misc":{"Tiempo de lectura":"1 minute"},"schema":{"@context":"https:\/\/schema.org","@graph":[{"@type":"WebPage","@id":"https:\/\/eurotrail.info\/es\/producten\/muebles-para-acampar\/tumbonas\/nova-polla-tumbona\/","url":"https:\/\/eurotrail.info\/es\/producten\/muebles-para-acampar\/tumbonas\/nova-polla-tumbona\/","name":"Nova Polla tumbona - Eurotrail | The way we camp!","isPartOf":{"@id":"https:\/\/eurotrail.info\/#website"},"primaryImageOfPage":{"@id":"https:\/\/eurotrail.info\/es\/producten\/muebles-para-acampar\/tumbonas\/nova-polla-tumbona\/#primaryimage"},"image":{"@id":"https:\/\/eurotrail.info\/es\/producten\/muebles-para-acampar\/tumbonas\/nova-polla-tumbona\/#primaryimage"},"thumbnailUrl":"https:\/\/eurotrail.info\/wp\/wp-content\/uploads\/2021\/11\/nova-Polla-ETCF2016-2-1-scaled.jpg","datePublished":"2022-11-17T14:03:57+00:00","description":"La tumbona Nova est\u00e1 hecha de un marco de aluminio ligero y resistente y est\u00e1 equipada con el material acolchado Nova Cantonic 600.","breadcrumb":{"@id":"https:\/\/eurotrail.info\/es\/producten\/muebles-para-acampar\/tumbonas\/nova-polla-tumbona\/#breadcrumb"},"inLanguage":"es-ES","potentialAction":[{"@type":"ReadAction","target":["https:\/\/eurotrail.info\/es\/producten\/muebles-para-acampar\/tumbonas\/nova-polla-tumbona\/"]}]},{"@type":"ImageObject","inLanguage":"es-ES","@id":"https:\/\/eurotrail.info\/es\/producten\/muebles-para-acampar\/tumbonas\/nova-polla-tumbona\/#primaryimage","url":"https:\/\/eurotrail.info\/wp\/wp-content\/uploads\/2021\/11\/nova-Polla-ETCF2016-2-1-scaled.jpg","contentUrl":"https:\/\/eurotrail.info\/wp\/wp-content\/uploads\/2021\/11\/nova-Polla-ETCF2016-2-1-scaled.jpg","width":2560,"height":1929,"caption":"Nova ligbed is vervaardigd van een stevig lichtgewicht aluminium frame en is voorzien van het gepolsterde Nova Cantonic 600-materiaal."},{"@type":"BreadcrumbList","@id":"https:\/\/eurotrail.info\/es\/producten\/muebles-para-acampar\/tumbonas\/nova-polla-tumbona\/#breadcrumb","itemListElement":[{"@type":"ListItem","position":1,"name":"Home","item":"https:\/\/eurotrail.info\/es\/"},{"@type":"ListItem","position":2,"name":"Productos","item":"https:\/\/eurotrail.info\/es\/productos\/"},{"@type":"ListItem","position":3,"name":"Nova Polla tumbona"}]},{"@type":"WebSite","@id":"https:\/\/eurotrail.info\/#website","url":"https:\/\/eurotrail.info\/","name":"Eurotrail | The way we camp!","description":"","publisher":{"@id":"https:\/\/eurotrail.info\/#organization"},"potentialAction":[{"@type":"SearchAction","target":{"@type":"EntryPoint","urlTemplate":"https:\/\/eurotrail.info\/?s={search_term_string}"},"query-input":{"@type":"PropertyValueSpecification","valueRequired":true,"valueName":"search_term_string"}}],"inLanguage":"es-ES"},{"@type":"Organization","@id":"https:\/\/eurotrail.info\/#organization","name":"Eurotrail | The way we camp!","url":"https:\/\/eurotrail.info\/","logo":{"@type":"ImageObject","inLanguage":"es-ES","@id":"https:\/\/eurotrail.info\/#\/schema\/logo\/image\/","url":"https:\/\/eurotrail.info\/wp\/wp-content\/uploads\/2023\/07\/ET-logo-quote_NL-scaled.jpg","contentUrl":"https:\/\/eurotrail.info\/wp\/wp-content\/uploads\/2023\/07\/ET-logo-quote_NL-scaled.jpg","width":2560,"height":675,"caption":"Eurotrail | The way we camp!"},"image":{"@id":"https:\/\/eurotrail.info\/#\/schema\/logo\/image\/"}}]}},"_links":{"self":[{"href":"https:\/\/eurotrail.info\/es\/wp-json\/wp\/v2\/product\/20683","targetHints":{"allow":["GET"]}}],"collection":[{"href":"https:\/\/eurotrail.info\/es\/wp-json\/wp\/v2\/product"}],"about":[{"href":"https:\/\/eurotrail.info\/es\/wp-json\/wp\/v2\/types\/product"}],"replies":[{"embeddable":true,"href":"https:\/\/eurotrail.info\/es\/wp-json\/wp\/v2\/comments?post=20683"}],"wp:featuredmedia":[{"embeddable":true,"href":"https:\/\/eurotrail.info\/es\/wp-json\/wp\/v2\/media\/19468"}],"wp:attachment":[{"href":"https:\/\/eurotrail.info\/es\/wp-json\/wp\/v2\/media?parent=20683"}],"wp:term":[{"taxonomy":"product_brand","embeddable":true,"href":"https:\/\/eurotrail.info\/es\/wp-json\/wp\/v2\/product_brand?post=20683"},{"taxonomy":"product_cat","embeddable":true,"href":"https:\/\/eurotrail.info\/es\/wp-json\/wp\/v2\/product_cat?post=20683"},{"taxonomy":"product_tag","embeddable":true,"href":"https:\/\/eurotrail.info\/es\/wp-json\/wp\/v2\/product_tag?post=20683"}],"curies":[{"name":"wp","href":"https:\/\/api.w.org\/{rel}","templated":true}]}}