{"id":20701,"date":"2020-11-19T15:56:13","date_gmt":"2022-11-17T14:43:22","guid":{"rendered":"https:\/\/eurotrail.info\/?post_type=product&#038;p=20701"},"modified":"2023-07-28T15:02:34","modified_gmt":"2023-07-28T14:02:34","slug":"sombrilla-de-playa-arcoiris","status":"publish","type":"product","link":"https:\/\/eurotrail.info\/es\/producten\/sombrillas\/sombrilla-de-playa-arcoiris\/","title":{"rendered":"Sombrilla de playa Arcoiris"},"content":{"rendered":"<p>Sombrilla en alegres colores. Esta sombrilla le ofrece un c\u00f3modo lugar a la sombra para relajarse. Hecho de un material de poli\u00e9ster resistente con un revestimiento de bloqueo UV plateado. La lona tambi\u00e9n est\u00e1 equipada con un cortavientos para que la sombrilla no se vuelque inmediatamente con el viento. Factor de protecci\u00f3n 50+ Upf. Incluye malet\u00edn de transporte.<\/p>\n<p>Material: 100% Poli\u00e9ster<br \/>\nMarco: marco de tubo de acero \u00d8 19-22mm<br \/>\nDimensiones: \u00d8160 x 195cm<br \/>\nPlegado: 100x6cm<br \/>\nPeso: 1,3 kg.<\/p>\n","protected":false},"excerpt":{"rendered":"<p>Sombrilla en alegres colores. Esta sombrilla le ofrece un c\u00f3modo lugar a la sombra para relajarse. Hecho de un material de poli\u00e9ster resistente con un&hellip;<\/p>\n","protected":false},"featured_media":19069,"comment_status":"open","ping_status":"closed","template":"","meta":{"_acf_changed":false},"product_brand":[],"product_cat":[360],"product_tag":[],"class_list":{"0":"post-20701","1":"product","2":"type-product","3":"status-publish","4":"has-post-thumbnail","6":"product_cat-sombrillas","8":"first","9":"instock","10":"shipping-taxable","11":"product-type-simple"},"acf":[],"yoast_head":"<!-- This site is optimized with the Yoast SEO plugin v27.4 - https:\/\/yoast.com\/product\/yoast-seo-wordpress\/ -->\n<title>Sombrilla de playa Arcoiris - Eurotrail | The way we camp!<\/title>\n<meta name=\"description\" content=\"Sombrilla en alegres colores. Esta sombrilla le ofrece un c\u00f3modo lugar a la sombra para relajarse. Hecho de un material de poli\u00e9ster resistente\" \/>\n<meta name=\"robots\" content=\"index, follow, max-snippet:-1, max-image-preview:large, max-video-preview:-1\" \/>\n<link rel=\"canonical\" href=\"https:\/\/eurotrail.info\/es\/producten\/sombrillas\/sombrilla-de-playa-arcoiris\/\" \/>\n<meta property=\"og:locale\" content=\"es_ES\" \/>\n<meta property=\"og:type\" content=\"article\" \/>\n<meta property=\"og:title\" content=\"Sombrilla de playa Arcoiris - Eurotrail | The way we camp!\" \/>\n<meta property=\"og:description\" content=\"Sombrilla en alegres colores. Esta sombrilla le ofrece un c\u00f3modo lugar a la sombra para relajarse. Hecho de un material de poli\u00e9ster resistente\" \/>\n<meta property=\"og:url\" content=\"https:\/\/eurotrail.info\/es\/producten\/sombrillas\/sombrilla-de-playa-arcoiris\/\" \/>\n<meta property=\"og:site_name\" content=\"Eurotrail | The way we camp!\" \/>\n<meta property=\"article:modified_time\" content=\"2023-07-28T14:02:34+00:00\" \/>\n<meta property=\"og:image\" content=\"https:\/\/eurotrail.info\/wp\/wp-content\/uploads\/2020\/11\/ETCF0935-Umbrella-Multicolor-2-scaled.jpg\" \/>\n\t<meta property=\"og:image:width\" content=\"2560\" \/>\n\t<meta property=\"og:image:height\" content=\"2039\" \/>\n\t<meta property=\"og:image:type\" content=\"image\/jpeg\" \/>\n<meta name=\"twitter:card\" content=\"summary_large_image\" \/>\n<meta name=\"twitter:label1\" content=\"Tiempo de lectura\" \/>\n\t<meta name=\"twitter:data1\" content=\"1 minute\" \/>\n<script type=\"application\/ld+json\" class=\"yoast-schema-graph\">{\"@context\":\"https:\\\/\\\/schema.org\",\"@graph\":[{\"@type\":\"WebPage\",\"@id\":\"https:\\\/\\\/eurotrail.info\\\/es\\\/producten\\\/sombrillas\\\/sombrilla-de-playa-arcoiris\\\/\",\"url\":\"https:\\\/\\\/eurotrail.info\\\/es\\\/producten\\\/sombrillas\\\/sombrilla-de-playa-arcoiris\\\/\",\"name\":\"Sombrilla de playa Arcoiris - Eurotrail | The way we camp!\",\"isPartOf\":{\"@id\":\"https:\\\/\\\/eurotrail.info\\\/#website\"},\"primaryImageOfPage\":{\"@id\":\"https:\\\/\\\/eurotrail.info\\\/es\\\/producten\\\/sombrillas\\\/sombrilla-de-playa-arcoiris\\\/#primaryimage\"},\"image\":{\"@id\":\"https:\\\/\\\/eurotrail.info\\\/es\\\/producten\\\/sombrillas\\\/sombrilla-de-playa-arcoiris\\\/#primaryimage\"},\"thumbnailUrl\":\"https:\\\/\\\/eurotrail.info\\\/wp\\\/wp-content\\\/uploads\\\/2020\\\/11\\\/ETCF0935-Umbrella-Multicolor-2-scaled.jpg\",\"datePublished\":\"2022-11-17T14:43:22+00:00\",\"dateModified\":\"2023-07-28T14:02:34+00:00\",\"description\":\"Sombrilla en alegres colores. Esta sombrilla le ofrece un c\u00f3modo lugar a la sombra para relajarse. Hecho de un material de poli\u00e9ster resistente\",\"breadcrumb\":{\"@id\":\"https:\\\/\\\/eurotrail.info\\\/es\\\/producten\\\/sombrillas\\\/sombrilla-de-playa-arcoiris\\\/#breadcrumb\"},\"inLanguage\":\"es-ES\",\"potentialAction\":[{\"@type\":\"ReadAction\",\"target\":[\"https:\\\/\\\/eurotrail.info\\\/es\\\/producten\\\/sombrillas\\\/sombrilla-de-playa-arcoiris\\\/\"]}]},{\"@type\":\"ImageObject\",\"inLanguage\":\"es-ES\",\"@id\":\"https:\\\/\\\/eurotrail.info\\\/es\\\/producten\\\/sombrillas\\\/sombrilla-de-playa-arcoiris\\\/#primaryimage\",\"url\":\"https:\\\/\\\/eurotrail.info\\\/wp\\\/wp-content\\\/uploads\\\/2020\\\/11\\\/ETCF0935-Umbrella-Multicolor-2-scaled.jpg\",\"contentUrl\":\"https:\\\/\\\/eurotrail.info\\\/wp\\\/wp-content\\\/uploads\\\/2020\\\/11\\\/ETCF0935-Umbrella-Multicolor-2-scaled.jpg\",\"width\":2560,\"height\":2039},{\"@type\":\"BreadcrumbList\",\"@id\":\"https:\\\/\\\/eurotrail.info\\\/es\\\/producten\\\/sombrillas\\\/sombrilla-de-playa-arcoiris\\\/#breadcrumb\",\"itemListElement\":[{\"@type\":\"ListItem\",\"position\":1,\"name\":\"Home\",\"item\":\"https:\\\/\\\/eurotrail.info\\\/es\\\/\"},{\"@type\":\"ListItem\",\"position\":2,\"name\":\"Productos\",\"item\":\"https:\\\/\\\/eurotrail.info\\\/es\\\/productos\\\/\"},{\"@type\":\"ListItem\",\"position\":3,\"name\":\"Sombrilla de playa Arcoiris\"}]},{\"@type\":\"WebSite\",\"@id\":\"https:\\\/\\\/eurotrail.info\\\/#website\",\"url\":\"https:\\\/\\\/eurotrail.info\\\/\",\"name\":\"Eurotrail | The way we camp!\",\"description\":\"\",\"publisher\":{\"@id\":\"https:\\\/\\\/eurotrail.info\\\/#organization\"},\"potentialAction\":[{\"@type\":\"SearchAction\",\"target\":{\"@type\":\"EntryPoint\",\"urlTemplate\":\"https:\\\/\\\/eurotrail.info\\\/?s={search_term_string}\"},\"query-input\":{\"@type\":\"PropertyValueSpecification\",\"valueRequired\":true,\"valueName\":\"search_term_string\"}}],\"inLanguage\":\"es-ES\"},{\"@type\":\"Organization\",\"@id\":\"https:\\\/\\\/eurotrail.info\\\/#organization\",\"name\":\"Eurotrail | The way we camp!\",\"url\":\"https:\\\/\\\/eurotrail.info\\\/\",\"logo\":{\"@type\":\"ImageObject\",\"inLanguage\":\"es-ES\",\"@id\":\"https:\\\/\\\/eurotrail.info\\\/#\\\/schema\\\/logo\\\/image\\\/\",\"url\":\"https:\\\/\\\/eurotrail.info\\\/wp\\\/wp-content\\\/uploads\\\/2023\\\/07\\\/ET-logo-quote_NL-scaled.jpg\",\"contentUrl\":\"https:\\\/\\\/eurotrail.info\\\/wp\\\/wp-content\\\/uploads\\\/2023\\\/07\\\/ET-logo-quote_NL-scaled.jpg\",\"width\":2560,\"height\":675,\"caption\":\"Eurotrail | The way we camp!\"},\"image\":{\"@id\":\"https:\\\/\\\/eurotrail.info\\\/#\\\/schema\\\/logo\\\/image\\\/\"}}]}<\/script>\n<!-- \/ Yoast SEO plugin. -->","yoast_head_json":{"title":"Sombrilla de playa Arcoiris - Eurotrail | The way we camp!","description":"Sombrilla en alegres colores. Esta sombrilla le ofrece un c\u00f3modo lugar a la sombra para relajarse. Hecho de un material de poli\u00e9ster resistente","robots":{"index":"index","follow":"follow","max-snippet":"max-snippet:-1","max-image-preview":"max-image-preview:large","max-video-preview":"max-video-preview:-1"},"canonical":"https:\/\/eurotrail.info\/es\/producten\/sombrillas\/sombrilla-de-playa-arcoiris\/","og_locale":"es_ES","og_type":"article","og_title":"Sombrilla de playa Arcoiris - Eurotrail | The way we camp!","og_description":"Sombrilla en alegres colores. Esta sombrilla le ofrece un c\u00f3modo lugar a la sombra para relajarse. Hecho de un material de poli\u00e9ster resistente","og_url":"https:\/\/eurotrail.info\/es\/producten\/sombrillas\/sombrilla-de-playa-arcoiris\/","og_site_name":"Eurotrail | The way we camp!","article_modified_time":"2023-07-28T14:02:34+00:00","og_image":[{"width":2560,"height":2039,"url":"https:\/\/eurotrail.info\/wp\/wp-content\/uploads\/2020\/11\/ETCF0935-Umbrella-Multicolor-2-scaled.jpg","type":"image\/jpeg"}],"twitter_card":"summary_large_image","twitter_misc":{"Tiempo de lectura":"1 minute"},"schema":{"@context":"https:\/\/schema.org","@graph":[{"@type":"WebPage","@id":"https:\/\/eurotrail.info\/es\/producten\/sombrillas\/sombrilla-de-playa-arcoiris\/","url":"https:\/\/eurotrail.info\/es\/producten\/sombrillas\/sombrilla-de-playa-arcoiris\/","name":"Sombrilla de playa Arcoiris - Eurotrail | The way we camp!","isPartOf":{"@id":"https:\/\/eurotrail.info\/#website"},"primaryImageOfPage":{"@id":"https:\/\/eurotrail.info\/es\/producten\/sombrillas\/sombrilla-de-playa-arcoiris\/#primaryimage"},"image":{"@id":"https:\/\/eurotrail.info\/es\/producten\/sombrillas\/sombrilla-de-playa-arcoiris\/#primaryimage"},"thumbnailUrl":"https:\/\/eurotrail.info\/wp\/wp-content\/uploads\/2020\/11\/ETCF0935-Umbrella-Multicolor-2-scaled.jpg","datePublished":"2022-11-17T14:43:22+00:00","dateModified":"2023-07-28T14:02:34+00:00","description":"Sombrilla en alegres colores. Esta sombrilla le ofrece un c\u00f3modo lugar a la sombra para relajarse. Hecho de un material de poli\u00e9ster resistente","breadcrumb":{"@id":"https:\/\/eurotrail.info\/es\/producten\/sombrillas\/sombrilla-de-playa-arcoiris\/#breadcrumb"},"inLanguage":"es-ES","potentialAction":[{"@type":"ReadAction","target":["https:\/\/eurotrail.info\/es\/producten\/sombrillas\/sombrilla-de-playa-arcoiris\/"]}]},{"@type":"ImageObject","inLanguage":"es-ES","@id":"https:\/\/eurotrail.info\/es\/producten\/sombrillas\/sombrilla-de-playa-arcoiris\/#primaryimage","url":"https:\/\/eurotrail.info\/wp\/wp-content\/uploads\/2020\/11\/ETCF0935-Umbrella-Multicolor-2-scaled.jpg","contentUrl":"https:\/\/eurotrail.info\/wp\/wp-content\/uploads\/2020\/11\/ETCF0935-Umbrella-Multicolor-2-scaled.jpg","width":2560,"height":2039},{"@type":"BreadcrumbList","@id":"https:\/\/eurotrail.info\/es\/producten\/sombrillas\/sombrilla-de-playa-arcoiris\/#breadcrumb","itemListElement":[{"@type":"ListItem","position":1,"name":"Home","item":"https:\/\/eurotrail.info\/es\/"},{"@type":"ListItem","position":2,"name":"Productos","item":"https:\/\/eurotrail.info\/es\/productos\/"},{"@type":"ListItem","position":3,"name":"Sombrilla de playa Arcoiris"}]},{"@type":"WebSite","@id":"https:\/\/eurotrail.info\/#website","url":"https:\/\/eurotrail.info\/","name":"Eurotrail | The way we camp!","description":"","publisher":{"@id":"https:\/\/eurotrail.info\/#organization"},"potentialAction":[{"@type":"SearchAction","target":{"@type":"EntryPoint","urlTemplate":"https:\/\/eurotrail.info\/?s={search_term_string}"},"query-input":{"@type":"PropertyValueSpecification","valueRequired":true,"valueName":"search_term_string"}}],"inLanguage":"es-ES"},{"@type":"Organization","@id":"https:\/\/eurotrail.info\/#organization","name":"Eurotrail | The way we camp!","url":"https:\/\/eurotrail.info\/","logo":{"@type":"ImageObject","inLanguage":"es-ES","@id":"https:\/\/eurotrail.info\/#\/schema\/logo\/image\/","url":"https:\/\/eurotrail.info\/wp\/wp-content\/uploads\/2023\/07\/ET-logo-quote_NL-scaled.jpg","contentUrl":"https:\/\/eurotrail.info\/wp\/wp-content\/uploads\/2023\/07\/ET-logo-quote_NL-scaled.jpg","width":2560,"height":675,"caption":"Eurotrail | The way we camp!"},"image":{"@id":"https:\/\/eurotrail.info\/#\/schema\/logo\/image\/"}}]}},"_links":{"self":[{"href":"https:\/\/eurotrail.info\/es\/wp-json\/wp\/v2\/product\/20701","targetHints":{"allow":["GET"]}}],"collection":[{"href":"https:\/\/eurotrail.info\/es\/wp-json\/wp\/v2\/product"}],"about":[{"href":"https:\/\/eurotrail.info\/es\/wp-json\/wp\/v2\/types\/product"}],"replies":[{"embeddable":true,"href":"https:\/\/eurotrail.info\/es\/wp-json\/wp\/v2\/comments?post=20701"}],"wp:featuredmedia":[{"embeddable":true,"href":"https:\/\/eurotrail.info\/es\/wp-json\/wp\/v2\/media\/19069"}],"wp:attachment":[{"href":"https:\/\/eurotrail.info\/es\/wp-json\/wp\/v2\/media?parent=20701"}],"wp:term":[{"taxonomy":"product_brand","embeddable":true,"href":"https:\/\/eurotrail.info\/es\/wp-json\/wp\/v2\/product_brand?post=20701"},{"taxonomy":"product_cat","embeddable":true,"href":"https:\/\/eurotrail.info\/es\/wp-json\/wp\/v2\/product_cat?post=20701"},{"taxonomy":"product_tag","embeddable":true,"href":"https:\/\/eurotrail.info\/es\/wp-json\/wp\/v2\/product_tag?post=20701"}],"curies":[{"name":"wp","href":"https:\/\/api.w.org\/{rel}","templated":true}]}}