{"id":20706,"date":"2021-01-05T11:25:30","date_gmt":"2021-01-05T10:25:30","guid":{"rendered":"https:\/\/eurotrail.info\/?post_type=product&#038;p=20706"},"modified":"2024-01-30T16:23:02","modified_gmt":"2024-01-30T15:23:02","slug":"cruiser-air-suv-carpa-para-auto","status":"publish","type":"product","link":"https:\/\/eurotrail.info\/es\/producten\/caravana-autocaravana-autobus\/carpas-de-autobus\/cruiser-air-suv-carpa-para-auto\/","title":{"rendered":"Cruiser Air SUV carpa para auto"},"content":{"rendered":"<p>Tienda de campa\u00f1a hinchable independiente adecuada para, por ejemplo, Citroen Berlingo, Peugeot Kangoo o VW Cargo <span style=\"color: #ff0000;\"><em><strong>(hasta el a\u00f1o de modelo 2022)<\/strong><\/em><\/span>, pero tambi\u00e9n se adapta a casi todos los dem\u00e1s SUV o mini furgonetas. El Cruiser Air cuenta con el sistema de inflado AirTube para una configuraci\u00f3n r\u00e1pida y sencilla. Consta de 2 tubos principales y un tubo de estabilizaci\u00f3n. El espacio habitable es adecuado para 4 personas y tiene una gran ventana de malla que se puede cerrar para una ventilaci\u00f3n \u00f3ptima. Hay una puerta de malla a cada lado. El suelo cosido garantiza que el agua y la suciedad no entren. La Cruiser Air es la tienda ideal para fines de semana o escapadas. incluido bomba, clavijas, cuerdas de sujeci\u00f3n y bolsa de almacenamiento.<\/p>\n<p>Dimensiones: 230x280x205cm (ancho-largo-alto)<br \/>\nMaterial: 150D Oxford PU 3000 mm W\/R UPF 50+ costuras selladas<br \/>\nTubos de aire: \u00d8 10 cm (0,6-0,8 bar)<br \/>\nEstructura de la capota: fibra de vidrio de 9,5 mm<br \/>\nSuelo: material PE<br \/>\nTama\u00f1o del paquete: 75x35x35cm<br \/>\nPeso: 11 kg.<\/p>\n","protected":false},"excerpt":{"rendered":"<p>Tienda de campa\u00f1a hinchable independiente adecuada para, por ejemplo, Citroen Berlingo, Peugeot Kangoo o VW Cargo (hasta el a\u00f1o de modelo 2022), pero tambi\u00e9n se&hellip;<\/p>\n","protected":false},"featured_media":19333,"comment_status":"open","ping_status":"closed","template":"","meta":{"_acf_changed":false},"product_brand":[],"product_cat":[329,330],"product_tag":[],"class_list":{"0":"post-20706","1":"product","2":"type-product","3":"status-publish","4":"has-post-thumbnail","6":"product_cat-caravana-autocaravana-autobus","7":"product_cat-carpas-de-autobus","9":"first","10":"instock","11":"shipping-taxable","12":"product-type-simple"},"acf":[],"yoast_head":"<!-- This site is optimized with the Yoast SEO plugin v27.3 - https:\/\/yoast.com\/product\/yoast-seo-wordpress\/ -->\n<title>Cruiser Air SUV carpa para auto - Eurotrail | The way we camp!<\/title>\n<meta name=\"description\" content=\"Tienda de campa\u00f1a hinchable independiente adecuada para, por ejemplo, Citroen Berlingo, Peugeot Kangoo o VW Cargo, pero tambi\u00e9n se adapta a casi todos los dem\u00e1s SUV\" \/>\n<meta name=\"robots\" content=\"index, follow, max-snippet:-1, max-image-preview:large, max-video-preview:-1\" \/>\n<link rel=\"canonical\" href=\"https:\/\/eurotrail.info\/es\/producten\/caravana-autocaravana-autobus\/carpas-de-autobus\/cruiser-air-suv-carpa-para-auto\/\" \/>\n<meta property=\"og:locale\" content=\"es_ES\" \/>\n<meta property=\"og:type\" content=\"article\" \/>\n<meta property=\"og:title\" content=\"Cruiser Air SUV carpa para auto - Eurotrail | The way we camp!\" \/>\n<meta property=\"og:description\" content=\"Tienda de campa\u00f1a hinchable independiente adecuada para, por ejemplo, Citroen Berlingo, Peugeot Kangoo o VW Cargo, pero tambi\u00e9n se adapta a casi todos los dem\u00e1s SUV\" \/>\n<meta property=\"og:url\" content=\"https:\/\/eurotrail.info\/es\/producten\/caravana-autocaravana-autobus\/carpas-de-autobus\/cruiser-air-suv-carpa-para-auto\/\" \/>\n<meta property=\"og:site_name\" content=\"Eurotrail | The way we camp!\" \/>\n<meta property=\"article:modified_time\" content=\"2024-01-30T15:23:02+00:00\" \/>\n<meta property=\"og:image\" content=\"https:\/\/eurotrail.info\/wp\/wp-content\/uploads\/2021\/01\/ETCT0186-Cruiser-SUV-Air-02-1280x979.jpg\" \/>\n\t<meta property=\"og:image:width\" content=\"1280\" \/>\n\t<meta property=\"og:image:height\" content=\"979\" \/>\n\t<meta property=\"og:image:type\" content=\"image\/jpeg\" \/>\n<meta name=\"twitter:card\" content=\"summary_large_image\" \/>\n<meta name=\"twitter:label1\" content=\"Tiempo de lectura\" \/>\n\t<meta name=\"twitter:data1\" content=\"2 minutes\" \/>\n<script type=\"application\/ld+json\" class=\"yoast-schema-graph\">{\"@context\":\"https:\\\/\\\/schema.org\",\"@graph\":[{\"@type\":\"WebPage\",\"@id\":\"https:\\\/\\\/eurotrail.info\\\/es\\\/producten\\\/caravana-autocaravana-autobus\\\/carpas-de-autobus\\\/cruiser-air-suv-carpa-para-auto\\\/\",\"url\":\"https:\\\/\\\/eurotrail.info\\\/es\\\/producten\\\/caravana-autocaravana-autobus\\\/carpas-de-autobus\\\/cruiser-air-suv-carpa-para-auto\\\/\",\"name\":\"Cruiser Air SUV carpa para auto - Eurotrail | The way we camp!\",\"isPartOf\":{\"@id\":\"https:\\\/\\\/eurotrail.info\\\/#website\"},\"primaryImageOfPage\":{\"@id\":\"https:\\\/\\\/eurotrail.info\\\/es\\\/producten\\\/caravana-autocaravana-autobus\\\/carpas-de-autobus\\\/cruiser-air-suv-carpa-para-auto\\\/#primaryimage\"},\"image\":{\"@id\":\"https:\\\/\\\/eurotrail.info\\\/es\\\/producten\\\/caravana-autocaravana-autobus\\\/carpas-de-autobus\\\/cruiser-air-suv-carpa-para-auto\\\/#primaryimage\"},\"thumbnailUrl\":\"https:\\\/\\\/eurotrail.info\\\/wp\\\/wp-content\\\/uploads\\\/2021\\\/01\\\/ETCT0186-Cruiser-SUV-Air-02.jpg\",\"datePublished\":\"2021-01-05T10:25:30+00:00\",\"dateModified\":\"2024-01-30T15:23:02+00:00\",\"description\":\"Tienda de campa\u00f1a hinchable independiente adecuada para, por ejemplo, Citroen Berlingo, Peugeot Kangoo o VW Cargo, pero tambi\u00e9n se adapta a casi todos los dem\u00e1s SUV\",\"breadcrumb\":{\"@id\":\"https:\\\/\\\/eurotrail.info\\\/es\\\/producten\\\/caravana-autocaravana-autobus\\\/carpas-de-autobus\\\/cruiser-air-suv-carpa-para-auto\\\/#breadcrumb\"},\"inLanguage\":\"es-ES\",\"potentialAction\":[{\"@type\":\"ReadAction\",\"target\":[\"https:\\\/\\\/eurotrail.info\\\/es\\\/producten\\\/caravana-autocaravana-autobus\\\/carpas-de-autobus\\\/cruiser-air-suv-carpa-para-auto\\\/\"]}]},{\"@type\":\"ImageObject\",\"inLanguage\":\"es-ES\",\"@id\":\"https:\\\/\\\/eurotrail.info\\\/es\\\/producten\\\/caravana-autocaravana-autobus\\\/carpas-de-autobus\\\/cruiser-air-suv-carpa-para-auto\\\/#primaryimage\",\"url\":\"https:\\\/\\\/eurotrail.info\\\/wp\\\/wp-content\\\/uploads\\\/2021\\\/01\\\/ETCT0186-Cruiser-SUV-Air-02.jpg\",\"contentUrl\":\"https:\\\/\\\/eurotrail.info\\\/wp\\\/wp-content\\\/uploads\\\/2021\\\/01\\\/ETCT0186-Cruiser-SUV-Air-02.jpg\",\"width\":1772,\"height\":1355},{\"@type\":\"BreadcrumbList\",\"@id\":\"https:\\\/\\\/eurotrail.info\\\/es\\\/producten\\\/caravana-autocaravana-autobus\\\/carpas-de-autobus\\\/cruiser-air-suv-carpa-para-auto\\\/#breadcrumb\",\"itemListElement\":[{\"@type\":\"ListItem\",\"position\":1,\"name\":\"Home\",\"item\":\"https:\\\/\\\/eurotrail.info\\\/es\\\/\"},{\"@type\":\"ListItem\",\"position\":2,\"name\":\"Productos\",\"item\":\"https:\\\/\\\/eurotrail.info\\\/es\\\/productos\\\/\"},{\"@type\":\"ListItem\",\"position\":3,\"name\":\"Cruiser Air SUV carpa para auto\"}]},{\"@type\":\"WebSite\",\"@id\":\"https:\\\/\\\/eurotrail.info\\\/#website\",\"url\":\"https:\\\/\\\/eurotrail.info\\\/\",\"name\":\"Eurotrail | The way we camp!\",\"description\":\"\",\"publisher\":{\"@id\":\"https:\\\/\\\/eurotrail.info\\\/#organization\"},\"potentialAction\":[{\"@type\":\"SearchAction\",\"target\":{\"@type\":\"EntryPoint\",\"urlTemplate\":\"https:\\\/\\\/eurotrail.info\\\/?s={search_term_string}\"},\"query-input\":{\"@type\":\"PropertyValueSpecification\",\"valueRequired\":true,\"valueName\":\"search_term_string\"}}],\"inLanguage\":\"es-ES\"},{\"@type\":\"Organization\",\"@id\":\"https:\\\/\\\/eurotrail.info\\\/#organization\",\"name\":\"Eurotrail | The way we camp!\",\"url\":\"https:\\\/\\\/eurotrail.info\\\/\",\"logo\":{\"@type\":\"ImageObject\",\"inLanguage\":\"es-ES\",\"@id\":\"https:\\\/\\\/eurotrail.info\\\/#\\\/schema\\\/logo\\\/image\\\/\",\"url\":\"https:\\\/\\\/eurotrail.info\\\/wp\\\/wp-content\\\/uploads\\\/2023\\\/07\\\/ET-logo-quote_NL-scaled.jpg\",\"contentUrl\":\"https:\\\/\\\/eurotrail.info\\\/wp\\\/wp-content\\\/uploads\\\/2023\\\/07\\\/ET-logo-quote_NL-scaled.jpg\",\"width\":2560,\"height\":675,\"caption\":\"Eurotrail | The way we camp!\"},\"image\":{\"@id\":\"https:\\\/\\\/eurotrail.info\\\/#\\\/schema\\\/logo\\\/image\\\/\"}}]}<\/script>\n<!-- \/ Yoast SEO plugin. -->","yoast_head_json":{"title":"Cruiser Air SUV carpa para auto - Eurotrail | The way we camp!","description":"Tienda de campa\u00f1a hinchable independiente adecuada para, por ejemplo, Citroen Berlingo, Peugeot Kangoo o VW Cargo, pero tambi\u00e9n se adapta a casi todos los dem\u00e1s SUV","robots":{"index":"index","follow":"follow","max-snippet":"max-snippet:-1","max-image-preview":"max-image-preview:large","max-video-preview":"max-video-preview:-1"},"canonical":"https:\/\/eurotrail.info\/es\/producten\/caravana-autocaravana-autobus\/carpas-de-autobus\/cruiser-air-suv-carpa-para-auto\/","og_locale":"es_ES","og_type":"article","og_title":"Cruiser Air SUV carpa para auto - Eurotrail | The way we camp!","og_description":"Tienda de campa\u00f1a hinchable independiente adecuada para, por ejemplo, Citroen Berlingo, Peugeot Kangoo o VW Cargo, pero tambi\u00e9n se adapta a casi todos los dem\u00e1s SUV","og_url":"https:\/\/eurotrail.info\/es\/producten\/caravana-autocaravana-autobus\/carpas-de-autobus\/cruiser-air-suv-carpa-para-auto\/","og_site_name":"Eurotrail | The way we camp!","article_modified_time":"2024-01-30T15:23:02+00:00","og_image":[{"width":1280,"height":979,"url":"https:\/\/eurotrail.info\/wp\/wp-content\/uploads\/2021\/01\/ETCT0186-Cruiser-SUV-Air-02-1280x979.jpg","type":"image\/jpeg"}],"twitter_card":"summary_large_image","twitter_misc":{"Tiempo de lectura":"2 minutes"},"schema":{"@context":"https:\/\/schema.org","@graph":[{"@type":"WebPage","@id":"https:\/\/eurotrail.info\/es\/producten\/caravana-autocaravana-autobus\/carpas-de-autobus\/cruiser-air-suv-carpa-para-auto\/","url":"https:\/\/eurotrail.info\/es\/producten\/caravana-autocaravana-autobus\/carpas-de-autobus\/cruiser-air-suv-carpa-para-auto\/","name":"Cruiser Air SUV carpa para auto - Eurotrail | The way we camp!","isPartOf":{"@id":"https:\/\/eurotrail.info\/#website"},"primaryImageOfPage":{"@id":"https:\/\/eurotrail.info\/es\/producten\/caravana-autocaravana-autobus\/carpas-de-autobus\/cruiser-air-suv-carpa-para-auto\/#primaryimage"},"image":{"@id":"https:\/\/eurotrail.info\/es\/producten\/caravana-autocaravana-autobus\/carpas-de-autobus\/cruiser-air-suv-carpa-para-auto\/#primaryimage"},"thumbnailUrl":"https:\/\/eurotrail.info\/wp\/wp-content\/uploads\/2021\/01\/ETCT0186-Cruiser-SUV-Air-02.jpg","datePublished":"2021-01-05T10:25:30+00:00","dateModified":"2024-01-30T15:23:02+00:00","description":"Tienda de campa\u00f1a hinchable independiente adecuada para, por ejemplo, Citroen Berlingo, Peugeot Kangoo o VW Cargo, pero tambi\u00e9n se adapta a casi todos los dem\u00e1s SUV","breadcrumb":{"@id":"https:\/\/eurotrail.info\/es\/producten\/caravana-autocaravana-autobus\/carpas-de-autobus\/cruiser-air-suv-carpa-para-auto\/#breadcrumb"},"inLanguage":"es-ES","potentialAction":[{"@type":"ReadAction","target":["https:\/\/eurotrail.info\/es\/producten\/caravana-autocaravana-autobus\/carpas-de-autobus\/cruiser-air-suv-carpa-para-auto\/"]}]},{"@type":"ImageObject","inLanguage":"es-ES","@id":"https:\/\/eurotrail.info\/es\/producten\/caravana-autocaravana-autobus\/carpas-de-autobus\/cruiser-air-suv-carpa-para-auto\/#primaryimage","url":"https:\/\/eurotrail.info\/wp\/wp-content\/uploads\/2021\/01\/ETCT0186-Cruiser-SUV-Air-02.jpg","contentUrl":"https:\/\/eurotrail.info\/wp\/wp-content\/uploads\/2021\/01\/ETCT0186-Cruiser-SUV-Air-02.jpg","width":1772,"height":1355},{"@type":"BreadcrumbList","@id":"https:\/\/eurotrail.info\/es\/producten\/caravana-autocaravana-autobus\/carpas-de-autobus\/cruiser-air-suv-carpa-para-auto\/#breadcrumb","itemListElement":[{"@type":"ListItem","position":1,"name":"Home","item":"https:\/\/eurotrail.info\/es\/"},{"@type":"ListItem","position":2,"name":"Productos","item":"https:\/\/eurotrail.info\/es\/productos\/"},{"@type":"ListItem","position":3,"name":"Cruiser Air SUV carpa para auto"}]},{"@type":"WebSite","@id":"https:\/\/eurotrail.info\/#website","url":"https:\/\/eurotrail.info\/","name":"Eurotrail | The way we camp!","description":"","publisher":{"@id":"https:\/\/eurotrail.info\/#organization"},"potentialAction":[{"@type":"SearchAction","target":{"@type":"EntryPoint","urlTemplate":"https:\/\/eurotrail.info\/?s={search_term_string}"},"query-input":{"@type":"PropertyValueSpecification","valueRequired":true,"valueName":"search_term_string"}}],"inLanguage":"es-ES"},{"@type":"Organization","@id":"https:\/\/eurotrail.info\/#organization","name":"Eurotrail | The way we camp!","url":"https:\/\/eurotrail.info\/","logo":{"@type":"ImageObject","inLanguage":"es-ES","@id":"https:\/\/eurotrail.info\/#\/schema\/logo\/image\/","url":"https:\/\/eurotrail.info\/wp\/wp-content\/uploads\/2023\/07\/ET-logo-quote_NL-scaled.jpg","contentUrl":"https:\/\/eurotrail.info\/wp\/wp-content\/uploads\/2023\/07\/ET-logo-quote_NL-scaled.jpg","width":2560,"height":675,"caption":"Eurotrail | The way we camp!"},"image":{"@id":"https:\/\/eurotrail.info\/#\/schema\/logo\/image\/"}}]}},"_links":{"self":[{"href":"https:\/\/eurotrail.info\/es\/wp-json\/wp\/v2\/product\/20706","targetHints":{"allow":["GET"]}}],"collection":[{"href":"https:\/\/eurotrail.info\/es\/wp-json\/wp\/v2\/product"}],"about":[{"href":"https:\/\/eurotrail.info\/es\/wp-json\/wp\/v2\/types\/product"}],"replies":[{"embeddable":true,"href":"https:\/\/eurotrail.info\/es\/wp-json\/wp\/v2\/comments?post=20706"}],"wp:featuredmedia":[{"embeddable":true,"href":"https:\/\/eurotrail.info\/es\/wp-json\/wp\/v2\/media\/19333"}],"wp:attachment":[{"href":"https:\/\/eurotrail.info\/es\/wp-json\/wp\/v2\/media?parent=20706"}],"wp:term":[{"taxonomy":"product_brand","embeddable":true,"href":"https:\/\/eurotrail.info\/es\/wp-json\/wp\/v2\/product_brand?post=20706"},{"taxonomy":"product_cat","embeddable":true,"href":"https:\/\/eurotrail.info\/es\/wp-json\/wp\/v2\/product_cat?post=20706"},{"taxonomy":"product_tag","embeddable":true,"href":"https:\/\/eurotrail.info\/es\/wp-json\/wp\/v2\/product_tag?post=20706"}],"curies":[{"name":"wp","href":"https:\/\/api.w.org\/{rel}","templated":true}]}}