{"id":20709,"date":"2020-01-30T09:36:57","date_gmt":"2020-01-30T08:36:57","guid":{"rendered":"https:\/\/eurotrail.info\/?post_type=product&#038;p=20709"},"modified":"2023-03-09T17:03:37","modified_gmt":"2023-03-09T16:03:37","slug":"san-marino-air-tienda-de-autobus-180-210cm","status":"publish","type":"product","link":"https:\/\/eurotrail.info\/es\/producten\/caravana-autocaravana-autobus\/carpas-de-autobus\/san-marino-air-tienda-de-autobus-180-210cm\/","title":{"rendered":"San Marino Air tienda de autobus (180-210cm)"},"content":{"rendered":"<p>Tienda independiente con toldo sobre la entrada. Construcci\u00f3n sencilla mediante sistema AirTube. Grandes ventanas con cerradura. Muchas opciones de ventilaci\u00f3n. Amplia puerta de entrada con ventilaci\u00f3n permanente. Todas las puertas est\u00e1n equipadas con una puerta mosquitera adicional para ventilaci\u00f3n y para mantener alejados a los insectos. La tienda tiene una l\u00e1mina de suelo completamente fija para evitar la entrada de agua y suciedad y viene con 2 AirTubes de estabilizaci\u00f3n\/tormenta.<\/p>\n<p>El toldo San Marino Air Bus (altura de conexi\u00f3n 180-210 cm) tiene varias opciones de conexi\u00f3n: cuerda doble desmontable de 7,5 + 6 mm (en la parte delantera del toldo), con la barra del techo o con velcro en el riel del techo.<\/p>\n<p><a href=\"https:\/\/youtu.be\/O8R6OCXFYK4\">YouTube Instrucciones de montaje<\/a><\/p>\n<p>Material techo 210D, columna de agua 5000mm.<br \/>\nMaterial paredes: Poli\u00e9ster 185T, columna de agua 3000mm<br \/>\nSuelo: hoja de PE<br \/>\nTama\u00f1o: 250x300x225cm,<br \/>\nEmbalado: 75x40x30cm.<br \/>\nPeso: 21,5 kg.<\/p>\n","protected":false},"excerpt":{"rendered":"<p>Tienda independiente con toldo sobre la entrada. Construcci\u00f3n sencilla mediante sistema AirTube. Grandes ventanas con cerradura. Muchas opciones de ventilaci\u00f3n. Amplia puerta de entrada con&hellip;<\/p>\n","protected":false},"featured_media":18786,"comment_status":"open","ping_status":"closed","template":"","meta":{"_acf_changed":false},"product_brand":[],"product_cat":[329,330],"product_tag":[],"class_list":{"0":"post-20709","1":"product","2":"type-product","3":"status-publish","4":"has-post-thumbnail","6":"product_cat-caravana-autocaravana-autobus","7":"product_cat-carpas-de-autobus","9":"first","10":"instock","11":"shipping-taxable","12":"product-type-simple"},"acf":[],"yoast_head":"<!-- This site is optimized with the Yoast SEO plugin v27.4 - https:\/\/yoast.com\/product\/yoast-seo-wordpress\/ -->\n<title>San Marino Air tienda de autobus (180-210cm) - Eurotrail | The way we camp!<\/title>\n<meta name=\"description\" content=\"Tienda independiente con toldo sobre la entrada. Construcci\u00f3n sencilla mediante sistema AirTube. Grandes ventanas con cerradura. Muchas opciones de ventilaci\u00f3n.\" \/>\n<meta name=\"robots\" content=\"index, follow, max-snippet:-1, max-image-preview:large, max-video-preview:-1\" \/>\n<link rel=\"canonical\" href=\"https:\/\/eurotrail.info\/es\/producten\/caravana-autocaravana-autobus\/carpas-de-autobus\/san-marino-air-tienda-de-autobus-180-210cm\/\" \/>\n<meta property=\"og:locale\" content=\"es_ES\" \/>\n<meta property=\"og:type\" content=\"article\" \/>\n<meta property=\"og:title\" content=\"San Marino Air tienda de autobus (180-210cm) - Eurotrail | The way we camp!\" \/>\n<meta property=\"og:description\" content=\"Tienda independiente con toldo sobre la entrada. Construcci\u00f3n sencilla mediante sistema AirTube. Grandes ventanas con cerradura. Muchas opciones de ventilaci\u00f3n.\" \/>\n<meta property=\"og:url\" content=\"https:\/\/eurotrail.info\/es\/producten\/caravana-autocaravana-autobus\/carpas-de-autobus\/san-marino-air-tienda-de-autobus-180-210cm\/\" \/>\n<meta property=\"og:site_name\" content=\"Eurotrail | The way we camp!\" \/>\n<meta property=\"article:modified_time\" content=\"2023-03-09T16:03:37+00:00\" \/>\n<meta property=\"og:image\" content=\"https:\/\/eurotrail.info\/wp\/wp-content\/uploads\/2020\/01\/ETCT0172-San-Marino-Air-Set-20-1280x811.jpg\" \/>\n\t<meta property=\"og:image:width\" content=\"1280\" \/>\n\t<meta property=\"og:image:height\" content=\"811\" \/>\n\t<meta property=\"og:image:type\" content=\"image\/jpeg\" \/>\n<meta name=\"twitter:card\" content=\"summary_large_image\" \/>\n<meta name=\"twitter:label1\" content=\"Tiempo de lectura\" \/>\n\t<meta name=\"twitter:data1\" content=\"1 minute\" \/>\n<script type=\"application\/ld+json\" class=\"yoast-schema-graph\">{\"@context\":\"https:\\\/\\\/schema.org\",\"@graph\":[{\"@type\":\"WebPage\",\"@id\":\"https:\\\/\\\/eurotrail.info\\\/es\\\/producten\\\/caravana-autocaravana-autobus\\\/carpas-de-autobus\\\/san-marino-air-tienda-de-autobus-180-210cm\\\/\",\"url\":\"https:\\\/\\\/eurotrail.info\\\/es\\\/producten\\\/caravana-autocaravana-autobus\\\/carpas-de-autobus\\\/san-marino-air-tienda-de-autobus-180-210cm\\\/\",\"name\":\"San Marino Air tienda de autobus (180-210cm) - Eurotrail | The way we camp!\",\"isPartOf\":{\"@id\":\"https:\\\/\\\/eurotrail.info\\\/#website\"},\"primaryImageOfPage\":{\"@id\":\"https:\\\/\\\/eurotrail.info\\\/es\\\/producten\\\/caravana-autocaravana-autobus\\\/carpas-de-autobus\\\/san-marino-air-tienda-de-autobus-180-210cm\\\/#primaryimage\"},\"image\":{\"@id\":\"https:\\\/\\\/eurotrail.info\\\/es\\\/producten\\\/caravana-autocaravana-autobus\\\/carpas-de-autobus\\\/san-marino-air-tienda-de-autobus-180-210cm\\\/#primaryimage\"},\"thumbnailUrl\":\"https:\\\/\\\/eurotrail.info\\\/wp\\\/wp-content\\\/uploads\\\/2020\\\/01\\\/ETCT0172-San-Marino-Air-Set-20.jpg\",\"datePublished\":\"2020-01-30T08:36:57+00:00\",\"dateModified\":\"2023-03-09T16:03:37+00:00\",\"description\":\"Tienda independiente con toldo sobre la entrada. Construcci\u00f3n sencilla mediante sistema AirTube. Grandes ventanas con cerradura. Muchas opciones de ventilaci\u00f3n.\",\"breadcrumb\":{\"@id\":\"https:\\\/\\\/eurotrail.info\\\/es\\\/producten\\\/caravana-autocaravana-autobus\\\/carpas-de-autobus\\\/san-marino-air-tienda-de-autobus-180-210cm\\\/#breadcrumb\"},\"inLanguage\":\"es-ES\",\"potentialAction\":[{\"@type\":\"ReadAction\",\"target\":[\"https:\\\/\\\/eurotrail.info\\\/es\\\/producten\\\/caravana-autocaravana-autobus\\\/carpas-de-autobus\\\/san-marino-air-tienda-de-autobus-180-210cm\\\/\"]}]},{\"@type\":\"ImageObject\",\"inLanguage\":\"es-ES\",\"@id\":\"https:\\\/\\\/eurotrail.info\\\/es\\\/producten\\\/caravana-autocaravana-autobus\\\/carpas-de-autobus\\\/san-marino-air-tienda-de-autobus-180-210cm\\\/#primaryimage\",\"url\":\"https:\\\/\\\/eurotrail.info\\\/wp\\\/wp-content\\\/uploads\\\/2020\\\/01\\\/ETCT0172-San-Marino-Air-Set-20.jpg\",\"contentUrl\":\"https:\\\/\\\/eurotrail.info\\\/wp\\\/wp-content\\\/uploads\\\/2020\\\/01\\\/ETCT0172-San-Marino-Air-Set-20.jpg\",\"width\":1514,\"height\":959,\"caption\":\"Vrijstaande bus tent met luifel boven de ingang\"},{\"@type\":\"BreadcrumbList\",\"@id\":\"https:\\\/\\\/eurotrail.info\\\/es\\\/producten\\\/caravana-autocaravana-autobus\\\/carpas-de-autobus\\\/san-marino-air-tienda-de-autobus-180-210cm\\\/#breadcrumb\",\"itemListElement\":[{\"@type\":\"ListItem\",\"position\":1,\"name\":\"Home\",\"item\":\"https:\\\/\\\/eurotrail.info\\\/es\\\/\"},{\"@type\":\"ListItem\",\"position\":2,\"name\":\"Productos\",\"item\":\"https:\\\/\\\/eurotrail.info\\\/es\\\/productos\\\/\"},{\"@type\":\"ListItem\",\"position\":3,\"name\":\"San Marino Air tienda de autobus (180-210cm)\"}]},{\"@type\":\"WebSite\",\"@id\":\"https:\\\/\\\/eurotrail.info\\\/#website\",\"url\":\"https:\\\/\\\/eurotrail.info\\\/\",\"name\":\"Eurotrail | The way we camp!\",\"description\":\"\",\"publisher\":{\"@id\":\"https:\\\/\\\/eurotrail.info\\\/#organization\"},\"potentialAction\":[{\"@type\":\"SearchAction\",\"target\":{\"@type\":\"EntryPoint\",\"urlTemplate\":\"https:\\\/\\\/eurotrail.info\\\/?s={search_term_string}\"},\"query-input\":{\"@type\":\"PropertyValueSpecification\",\"valueRequired\":true,\"valueName\":\"search_term_string\"}}],\"inLanguage\":\"es-ES\"},{\"@type\":\"Organization\",\"@id\":\"https:\\\/\\\/eurotrail.info\\\/#organization\",\"name\":\"Eurotrail | The way we camp!\",\"url\":\"https:\\\/\\\/eurotrail.info\\\/\",\"logo\":{\"@type\":\"ImageObject\",\"inLanguage\":\"es-ES\",\"@id\":\"https:\\\/\\\/eurotrail.info\\\/#\\\/schema\\\/logo\\\/image\\\/\",\"url\":\"https:\\\/\\\/eurotrail.info\\\/wp\\\/wp-content\\\/uploads\\\/2023\\\/07\\\/ET-logo-quote_NL-scaled.jpg\",\"contentUrl\":\"https:\\\/\\\/eurotrail.info\\\/wp\\\/wp-content\\\/uploads\\\/2023\\\/07\\\/ET-logo-quote_NL-scaled.jpg\",\"width\":2560,\"height\":675,\"caption\":\"Eurotrail | The way we camp!\"},\"image\":{\"@id\":\"https:\\\/\\\/eurotrail.info\\\/#\\\/schema\\\/logo\\\/image\\\/\"}}]}<\/script>\n<!-- \/ Yoast SEO plugin. -->","yoast_head_json":{"title":"San Marino Air tienda de autobus (180-210cm) - Eurotrail | The way we camp!","description":"Tienda independiente con toldo sobre la entrada. Construcci\u00f3n sencilla mediante sistema AirTube. Grandes ventanas con cerradura. Muchas opciones de ventilaci\u00f3n.","robots":{"index":"index","follow":"follow","max-snippet":"max-snippet:-1","max-image-preview":"max-image-preview:large","max-video-preview":"max-video-preview:-1"},"canonical":"https:\/\/eurotrail.info\/es\/producten\/caravana-autocaravana-autobus\/carpas-de-autobus\/san-marino-air-tienda-de-autobus-180-210cm\/","og_locale":"es_ES","og_type":"article","og_title":"San Marino Air tienda de autobus (180-210cm) - Eurotrail | The way we camp!","og_description":"Tienda independiente con toldo sobre la entrada. Construcci\u00f3n sencilla mediante sistema AirTube. Grandes ventanas con cerradura. Muchas opciones de ventilaci\u00f3n.","og_url":"https:\/\/eurotrail.info\/es\/producten\/caravana-autocaravana-autobus\/carpas-de-autobus\/san-marino-air-tienda-de-autobus-180-210cm\/","og_site_name":"Eurotrail | The way we camp!","article_modified_time":"2023-03-09T16:03:37+00:00","og_image":[{"width":1280,"height":811,"url":"https:\/\/eurotrail.info\/wp\/wp-content\/uploads\/2020\/01\/ETCT0172-San-Marino-Air-Set-20-1280x811.jpg","type":"image\/jpeg"}],"twitter_card":"summary_large_image","twitter_misc":{"Tiempo de lectura":"1 minute"},"schema":{"@context":"https:\/\/schema.org","@graph":[{"@type":"WebPage","@id":"https:\/\/eurotrail.info\/es\/producten\/caravana-autocaravana-autobus\/carpas-de-autobus\/san-marino-air-tienda-de-autobus-180-210cm\/","url":"https:\/\/eurotrail.info\/es\/producten\/caravana-autocaravana-autobus\/carpas-de-autobus\/san-marino-air-tienda-de-autobus-180-210cm\/","name":"San Marino Air tienda de autobus (180-210cm) - Eurotrail | The way we camp!","isPartOf":{"@id":"https:\/\/eurotrail.info\/#website"},"primaryImageOfPage":{"@id":"https:\/\/eurotrail.info\/es\/producten\/caravana-autocaravana-autobus\/carpas-de-autobus\/san-marino-air-tienda-de-autobus-180-210cm\/#primaryimage"},"image":{"@id":"https:\/\/eurotrail.info\/es\/producten\/caravana-autocaravana-autobus\/carpas-de-autobus\/san-marino-air-tienda-de-autobus-180-210cm\/#primaryimage"},"thumbnailUrl":"https:\/\/eurotrail.info\/wp\/wp-content\/uploads\/2020\/01\/ETCT0172-San-Marino-Air-Set-20.jpg","datePublished":"2020-01-30T08:36:57+00:00","dateModified":"2023-03-09T16:03:37+00:00","description":"Tienda independiente con toldo sobre la entrada. Construcci\u00f3n sencilla mediante sistema AirTube. Grandes ventanas con cerradura. Muchas opciones de ventilaci\u00f3n.","breadcrumb":{"@id":"https:\/\/eurotrail.info\/es\/producten\/caravana-autocaravana-autobus\/carpas-de-autobus\/san-marino-air-tienda-de-autobus-180-210cm\/#breadcrumb"},"inLanguage":"es-ES","potentialAction":[{"@type":"ReadAction","target":["https:\/\/eurotrail.info\/es\/producten\/caravana-autocaravana-autobus\/carpas-de-autobus\/san-marino-air-tienda-de-autobus-180-210cm\/"]}]},{"@type":"ImageObject","inLanguage":"es-ES","@id":"https:\/\/eurotrail.info\/es\/producten\/caravana-autocaravana-autobus\/carpas-de-autobus\/san-marino-air-tienda-de-autobus-180-210cm\/#primaryimage","url":"https:\/\/eurotrail.info\/wp\/wp-content\/uploads\/2020\/01\/ETCT0172-San-Marino-Air-Set-20.jpg","contentUrl":"https:\/\/eurotrail.info\/wp\/wp-content\/uploads\/2020\/01\/ETCT0172-San-Marino-Air-Set-20.jpg","width":1514,"height":959,"caption":"Vrijstaande bus tent met luifel boven de ingang"},{"@type":"BreadcrumbList","@id":"https:\/\/eurotrail.info\/es\/producten\/caravana-autocaravana-autobus\/carpas-de-autobus\/san-marino-air-tienda-de-autobus-180-210cm\/#breadcrumb","itemListElement":[{"@type":"ListItem","position":1,"name":"Home","item":"https:\/\/eurotrail.info\/es\/"},{"@type":"ListItem","position":2,"name":"Productos","item":"https:\/\/eurotrail.info\/es\/productos\/"},{"@type":"ListItem","position":3,"name":"San Marino Air tienda de autobus (180-210cm)"}]},{"@type":"WebSite","@id":"https:\/\/eurotrail.info\/#website","url":"https:\/\/eurotrail.info\/","name":"Eurotrail | The way we camp!","description":"","publisher":{"@id":"https:\/\/eurotrail.info\/#organization"},"potentialAction":[{"@type":"SearchAction","target":{"@type":"EntryPoint","urlTemplate":"https:\/\/eurotrail.info\/?s={search_term_string}"},"query-input":{"@type":"PropertyValueSpecification","valueRequired":true,"valueName":"search_term_string"}}],"inLanguage":"es-ES"},{"@type":"Organization","@id":"https:\/\/eurotrail.info\/#organization","name":"Eurotrail | The way we camp!","url":"https:\/\/eurotrail.info\/","logo":{"@type":"ImageObject","inLanguage":"es-ES","@id":"https:\/\/eurotrail.info\/#\/schema\/logo\/image\/","url":"https:\/\/eurotrail.info\/wp\/wp-content\/uploads\/2023\/07\/ET-logo-quote_NL-scaled.jpg","contentUrl":"https:\/\/eurotrail.info\/wp\/wp-content\/uploads\/2023\/07\/ET-logo-quote_NL-scaled.jpg","width":2560,"height":675,"caption":"Eurotrail | The way we camp!"},"image":{"@id":"https:\/\/eurotrail.info\/#\/schema\/logo\/image\/"}}]}},"_links":{"self":[{"href":"https:\/\/eurotrail.info\/es\/wp-json\/wp\/v2\/product\/20709","targetHints":{"allow":["GET"]}}],"collection":[{"href":"https:\/\/eurotrail.info\/es\/wp-json\/wp\/v2\/product"}],"about":[{"href":"https:\/\/eurotrail.info\/es\/wp-json\/wp\/v2\/types\/product"}],"replies":[{"embeddable":true,"href":"https:\/\/eurotrail.info\/es\/wp-json\/wp\/v2\/comments?post=20709"}],"wp:featuredmedia":[{"embeddable":true,"href":"https:\/\/eurotrail.info\/es\/wp-json\/wp\/v2\/media\/18786"}],"wp:attachment":[{"href":"https:\/\/eurotrail.info\/es\/wp-json\/wp\/v2\/media?parent=20709"}],"wp:term":[{"taxonomy":"product_brand","embeddable":true,"href":"https:\/\/eurotrail.info\/es\/wp-json\/wp\/v2\/product_brand?post=20709"},{"taxonomy":"product_cat","embeddable":true,"href":"https:\/\/eurotrail.info\/es\/wp-json\/wp\/v2\/product_cat?post=20709"},{"taxonomy":"product_tag","embeddable":true,"href":"https:\/\/eurotrail.info\/es\/wp-json\/wp\/v2\/product_tag?post=20709"}],"curies":[{"name":"wp","href":"https:\/\/api.w.org\/{rel}","templated":true}]}}