{"id":20712,"date":"2018-01-15T08:51:35","date_gmt":"2022-11-17T15:13:10","guid":{"rendered":"https:\/\/eurotrail.info\/?post_type=product&#038;p=20712"},"modified":"2022-11-17T16:13:10","modified_gmt":"2022-11-17T15:13:10","slug":"pisa-carpa-de-autobus","status":"publish","type":"product","link":"https:\/\/eurotrail.info\/es\/producten\/caravana-autocaravana-autobus\/carpas-de-autobus\/pisa-carpa-de-autobus\/","title":{"rendered":"Pisa carpa de autob\u00fas"},"content":{"rendered":"<p>La Pisa es una tienda de campa\u00f1a ligera para autob\u00fas que tambi\u00e9n se puede utilizar como toldo.<\/p>\n<p>La carpa solo tiene un poste de proa y, por lo tanto, es muy r\u00e1pida y f\u00e1cil de instalar. Los paneles laterales y la pared frontal se pueden abrir completamente con cremallera, creando un pr\u00e1ctico toldo. Las ventanas transparentes est\u00e1n equipadas con cubiertas. El toldo fijo te protege de la lluvia al entrar en la tienda y tambi\u00e9n ofrece sombra adicional.<\/p>\n<p>El Pisa\u00a0es ideal para uso de fin de semana o vacaciones cortas. La fijaci\u00f3n al autob\u00fas es particularmente r\u00e1pida utilizando la barra de techo y las abrazaderas suministradas (incluidas) o con velcro en la barandilla del techo o con la cuerda de 7 mm en el multiriel.<\/p>\n<p>incluido clavijas, cuerdas de sujeci\u00f3n y una bolsa de transporte resistente.<\/p>\n<p>Altura de conexi\u00f3n: 190-210cm<br \/>\nTama\u00f1o: 270x200cm<br \/>\nTejido exterior: 100 % poli\u00e9ster, columna de agua 3000 mm, todas las costuras est\u00e1n selladas.<br \/>\nPostes: poste de techo y poste de toldo de fibra de vidrio de 12,7 mm, montantes de acero, barra de techo de acero.<br \/>\nAltura: 200cm<br \/>\nPeso: 7,8 kg.<br \/>\nTama\u00f1o del paquete: 75x\u00d825cm<\/p>\n<p><a href=\"https:\/\/youtu.be\/7OvhAuIIMqU\">Horario de construccion Pisa\u00a0<\/a><\/p>\n","protected":false},"excerpt":{"rendered":"<p>La Pisa es una tienda de campa\u00f1a ligera para autob\u00fas que tambi\u00e9n se puede utilizar como toldo. La carpa solo tiene un poste de proa&hellip;<\/p>\n","protected":false},"featured_media":18285,"comment_status":"open","ping_status":"closed","template":"","meta":{"_acf_changed":false},"product_brand":[],"product_cat":[330],"product_tag":[],"class_list":{"0":"post-20712","1":"product","2":"type-product","3":"status-publish","4":"has-post-thumbnail","6":"product_cat-carpas-de-autobus","8":"first","9":"instock","10":"shipping-taxable","11":"product-type-simple"},"acf":[],"yoast_head":"<!-- This site is optimized with the Yoast SEO plugin v27.4 - https:\/\/yoast.com\/product\/yoast-seo-wordpress\/ -->\n<title>Pisa carpa de autob\u00fas - Eurotrail | The way we camp!<\/title>\n<meta name=\"description\" content=\"La Pisa es una tienda de campa\u00f1a ligera para autob\u00fas que tambi\u00e9n se puede utilizar como toldo.\" \/>\n<meta name=\"robots\" content=\"index, follow, max-snippet:-1, max-image-preview:large, max-video-preview:-1\" \/>\n<link rel=\"canonical\" href=\"https:\/\/eurotrail.info\/es\/producten\/caravana-autocaravana-autobus\/carpas-de-autobus\/pisa-carpa-de-autobus\/\" \/>\n<meta property=\"og:locale\" content=\"es_ES\" \/>\n<meta property=\"og:type\" content=\"article\" \/>\n<meta property=\"og:title\" content=\"Pisa carpa de autob\u00fas - Eurotrail | The way we camp!\" \/>\n<meta property=\"og:description\" content=\"La Pisa es una tienda de campa\u00f1a ligera para autob\u00fas que tambi\u00e9n se puede utilizar como toldo.\" \/>\n<meta property=\"og:url\" content=\"https:\/\/eurotrail.info\/es\/producten\/caravana-autocaravana-autobus\/carpas-de-autobus\/pisa-carpa-de-autobus\/\" \/>\n<meta property=\"og:site_name\" content=\"Eurotrail | The way we camp!\" \/>\n<meta property=\"og:image\" content=\"https:\/\/eurotrail.info\/wp\/wp-content\/uploads\/2018\/01\/pisa-4a-1280x852.jpg\" \/>\n\t<meta property=\"og:image:width\" content=\"1280\" \/>\n\t<meta property=\"og:image:height\" content=\"852\" \/>\n\t<meta property=\"og:image:type\" content=\"image\/jpeg\" \/>\n<meta name=\"twitter:card\" content=\"summary_large_image\" \/>\n<meta name=\"twitter:label1\" content=\"Tiempo de lectura\" \/>\n\t<meta name=\"twitter:data1\" content=\"1 minute\" \/>\n<script type=\"application\/ld+json\" class=\"yoast-schema-graph\">{\"@context\":\"https:\\\/\\\/schema.org\",\"@graph\":[{\"@type\":\"WebPage\",\"@id\":\"https:\\\/\\\/eurotrail.info\\\/es\\\/producten\\\/caravana-autocaravana-autobus\\\/carpas-de-autobus\\\/pisa-carpa-de-autobus\\\/\",\"url\":\"https:\\\/\\\/eurotrail.info\\\/es\\\/producten\\\/caravana-autocaravana-autobus\\\/carpas-de-autobus\\\/pisa-carpa-de-autobus\\\/\",\"name\":\"Pisa carpa de autob\u00fas - Eurotrail | The way we camp!\",\"isPartOf\":{\"@id\":\"https:\\\/\\\/eurotrail.info\\\/#website\"},\"primaryImageOfPage\":{\"@id\":\"https:\\\/\\\/eurotrail.info\\\/es\\\/producten\\\/caravana-autocaravana-autobus\\\/carpas-de-autobus\\\/pisa-carpa-de-autobus\\\/#primaryimage\"},\"image\":{\"@id\":\"https:\\\/\\\/eurotrail.info\\\/es\\\/producten\\\/caravana-autocaravana-autobus\\\/carpas-de-autobus\\\/pisa-carpa-de-autobus\\\/#primaryimage\"},\"thumbnailUrl\":\"https:\\\/\\\/eurotrail.info\\\/wp\\\/wp-content\\\/uploads\\\/2018\\\/01\\\/pisa-4a.jpg\",\"datePublished\":\"2022-11-17T15:13:10+00:00\",\"description\":\"La Pisa es una tienda de campa\u00f1a ligera para autob\u00fas que tambi\u00e9n se puede utilizar como toldo.\",\"breadcrumb\":{\"@id\":\"https:\\\/\\\/eurotrail.info\\\/es\\\/producten\\\/caravana-autocaravana-autobus\\\/carpas-de-autobus\\\/pisa-carpa-de-autobus\\\/#breadcrumb\"},\"inLanguage\":\"es-ES\",\"potentialAction\":[{\"@type\":\"ReadAction\",\"target\":[\"https:\\\/\\\/eurotrail.info\\\/es\\\/producten\\\/caravana-autocaravana-autobus\\\/carpas-de-autobus\\\/pisa-carpa-de-autobus\\\/\"]}]},{\"@type\":\"ImageObject\",\"inLanguage\":\"es-ES\",\"@id\":\"https:\\\/\\\/eurotrail.info\\\/es\\\/producten\\\/caravana-autocaravana-autobus\\\/carpas-de-autobus\\\/pisa-carpa-de-autobus\\\/#primaryimage\",\"url\":\"https:\\\/\\\/eurotrail.info\\\/wp\\\/wp-content\\\/uploads\\\/2018\\\/01\\\/pisa-4a.jpg\",\"contentUrl\":\"https:\\\/\\\/eurotrail.info\\\/wp\\\/wp-content\\\/uploads\\\/2018\\\/01\\\/pisa-4a.jpg\",\"width\":1772,\"height\":1179,\"caption\":\"De Pisa is een lichtgewicht bustent die tevens als luifel gebruikt kan worden.\"},{\"@type\":\"BreadcrumbList\",\"@id\":\"https:\\\/\\\/eurotrail.info\\\/es\\\/producten\\\/caravana-autocaravana-autobus\\\/carpas-de-autobus\\\/pisa-carpa-de-autobus\\\/#breadcrumb\",\"itemListElement\":[{\"@type\":\"ListItem\",\"position\":1,\"name\":\"Home\",\"item\":\"https:\\\/\\\/eurotrail.info\\\/es\\\/\"},{\"@type\":\"ListItem\",\"position\":2,\"name\":\"Productos\",\"item\":\"https:\\\/\\\/eurotrail.info\\\/es\\\/productos\\\/\"},{\"@type\":\"ListItem\",\"position\":3,\"name\":\"Pisa carpa de autob\u00fas\"}]},{\"@type\":\"WebSite\",\"@id\":\"https:\\\/\\\/eurotrail.info\\\/#website\",\"url\":\"https:\\\/\\\/eurotrail.info\\\/\",\"name\":\"Eurotrail | The way we camp!\",\"description\":\"\",\"publisher\":{\"@id\":\"https:\\\/\\\/eurotrail.info\\\/#organization\"},\"potentialAction\":[{\"@type\":\"SearchAction\",\"target\":{\"@type\":\"EntryPoint\",\"urlTemplate\":\"https:\\\/\\\/eurotrail.info\\\/?s={search_term_string}\"},\"query-input\":{\"@type\":\"PropertyValueSpecification\",\"valueRequired\":true,\"valueName\":\"search_term_string\"}}],\"inLanguage\":\"es-ES\"},{\"@type\":\"Organization\",\"@id\":\"https:\\\/\\\/eurotrail.info\\\/#organization\",\"name\":\"Eurotrail | The way we camp!\",\"url\":\"https:\\\/\\\/eurotrail.info\\\/\",\"logo\":{\"@type\":\"ImageObject\",\"inLanguage\":\"es-ES\",\"@id\":\"https:\\\/\\\/eurotrail.info\\\/#\\\/schema\\\/logo\\\/image\\\/\",\"url\":\"https:\\\/\\\/eurotrail.info\\\/wp\\\/wp-content\\\/uploads\\\/2023\\\/07\\\/ET-logo-quote_NL-scaled.jpg\",\"contentUrl\":\"https:\\\/\\\/eurotrail.info\\\/wp\\\/wp-content\\\/uploads\\\/2023\\\/07\\\/ET-logo-quote_NL-scaled.jpg\",\"width\":2560,\"height\":675,\"caption\":\"Eurotrail | The way we camp!\"},\"image\":{\"@id\":\"https:\\\/\\\/eurotrail.info\\\/#\\\/schema\\\/logo\\\/image\\\/\"}}]}<\/script>\n<!-- \/ Yoast SEO plugin. -->","yoast_head_json":{"title":"Pisa carpa de autob\u00fas - Eurotrail | The way we camp!","description":"La Pisa es una tienda de campa\u00f1a ligera para autob\u00fas que tambi\u00e9n se puede utilizar como toldo.","robots":{"index":"index","follow":"follow","max-snippet":"max-snippet:-1","max-image-preview":"max-image-preview:large","max-video-preview":"max-video-preview:-1"},"canonical":"https:\/\/eurotrail.info\/es\/producten\/caravana-autocaravana-autobus\/carpas-de-autobus\/pisa-carpa-de-autobus\/","og_locale":"es_ES","og_type":"article","og_title":"Pisa carpa de autob\u00fas - Eurotrail | The way we camp!","og_description":"La Pisa es una tienda de campa\u00f1a ligera para autob\u00fas que tambi\u00e9n se puede utilizar como toldo.","og_url":"https:\/\/eurotrail.info\/es\/producten\/caravana-autocaravana-autobus\/carpas-de-autobus\/pisa-carpa-de-autobus\/","og_site_name":"Eurotrail | The way we camp!","og_image":[{"width":1280,"height":852,"url":"https:\/\/eurotrail.info\/wp\/wp-content\/uploads\/2018\/01\/pisa-4a-1280x852.jpg","type":"image\/jpeg"}],"twitter_card":"summary_large_image","twitter_misc":{"Tiempo de lectura":"1 minute"},"schema":{"@context":"https:\/\/schema.org","@graph":[{"@type":"WebPage","@id":"https:\/\/eurotrail.info\/es\/producten\/caravana-autocaravana-autobus\/carpas-de-autobus\/pisa-carpa-de-autobus\/","url":"https:\/\/eurotrail.info\/es\/producten\/caravana-autocaravana-autobus\/carpas-de-autobus\/pisa-carpa-de-autobus\/","name":"Pisa carpa de autob\u00fas - Eurotrail | The way we camp!","isPartOf":{"@id":"https:\/\/eurotrail.info\/#website"},"primaryImageOfPage":{"@id":"https:\/\/eurotrail.info\/es\/producten\/caravana-autocaravana-autobus\/carpas-de-autobus\/pisa-carpa-de-autobus\/#primaryimage"},"image":{"@id":"https:\/\/eurotrail.info\/es\/producten\/caravana-autocaravana-autobus\/carpas-de-autobus\/pisa-carpa-de-autobus\/#primaryimage"},"thumbnailUrl":"https:\/\/eurotrail.info\/wp\/wp-content\/uploads\/2018\/01\/pisa-4a.jpg","datePublished":"2022-11-17T15:13:10+00:00","description":"La Pisa es una tienda de campa\u00f1a ligera para autob\u00fas que tambi\u00e9n se puede utilizar como toldo.","breadcrumb":{"@id":"https:\/\/eurotrail.info\/es\/producten\/caravana-autocaravana-autobus\/carpas-de-autobus\/pisa-carpa-de-autobus\/#breadcrumb"},"inLanguage":"es-ES","potentialAction":[{"@type":"ReadAction","target":["https:\/\/eurotrail.info\/es\/producten\/caravana-autocaravana-autobus\/carpas-de-autobus\/pisa-carpa-de-autobus\/"]}]},{"@type":"ImageObject","inLanguage":"es-ES","@id":"https:\/\/eurotrail.info\/es\/producten\/caravana-autocaravana-autobus\/carpas-de-autobus\/pisa-carpa-de-autobus\/#primaryimage","url":"https:\/\/eurotrail.info\/wp\/wp-content\/uploads\/2018\/01\/pisa-4a.jpg","contentUrl":"https:\/\/eurotrail.info\/wp\/wp-content\/uploads\/2018\/01\/pisa-4a.jpg","width":1772,"height":1179,"caption":"De Pisa is een lichtgewicht bustent die tevens als luifel gebruikt kan worden."},{"@type":"BreadcrumbList","@id":"https:\/\/eurotrail.info\/es\/producten\/caravana-autocaravana-autobus\/carpas-de-autobus\/pisa-carpa-de-autobus\/#breadcrumb","itemListElement":[{"@type":"ListItem","position":1,"name":"Home","item":"https:\/\/eurotrail.info\/es\/"},{"@type":"ListItem","position":2,"name":"Productos","item":"https:\/\/eurotrail.info\/es\/productos\/"},{"@type":"ListItem","position":3,"name":"Pisa carpa de autob\u00fas"}]},{"@type":"WebSite","@id":"https:\/\/eurotrail.info\/#website","url":"https:\/\/eurotrail.info\/","name":"Eurotrail | The way we camp!","description":"","publisher":{"@id":"https:\/\/eurotrail.info\/#organization"},"potentialAction":[{"@type":"SearchAction","target":{"@type":"EntryPoint","urlTemplate":"https:\/\/eurotrail.info\/?s={search_term_string}"},"query-input":{"@type":"PropertyValueSpecification","valueRequired":true,"valueName":"search_term_string"}}],"inLanguage":"es-ES"},{"@type":"Organization","@id":"https:\/\/eurotrail.info\/#organization","name":"Eurotrail | The way we camp!","url":"https:\/\/eurotrail.info\/","logo":{"@type":"ImageObject","inLanguage":"es-ES","@id":"https:\/\/eurotrail.info\/#\/schema\/logo\/image\/","url":"https:\/\/eurotrail.info\/wp\/wp-content\/uploads\/2023\/07\/ET-logo-quote_NL-scaled.jpg","contentUrl":"https:\/\/eurotrail.info\/wp\/wp-content\/uploads\/2023\/07\/ET-logo-quote_NL-scaled.jpg","width":2560,"height":675,"caption":"Eurotrail | The way we camp!"},"image":{"@id":"https:\/\/eurotrail.info\/#\/schema\/logo\/image\/"}}]}},"_links":{"self":[{"href":"https:\/\/eurotrail.info\/es\/wp-json\/wp\/v2\/product\/20712","targetHints":{"allow":["GET"]}}],"collection":[{"href":"https:\/\/eurotrail.info\/es\/wp-json\/wp\/v2\/product"}],"about":[{"href":"https:\/\/eurotrail.info\/es\/wp-json\/wp\/v2\/types\/product"}],"replies":[{"embeddable":true,"href":"https:\/\/eurotrail.info\/es\/wp-json\/wp\/v2\/comments?post=20712"}],"wp:featuredmedia":[{"embeddable":true,"href":"https:\/\/eurotrail.info\/es\/wp-json\/wp\/v2\/media\/18285"}],"wp:attachment":[{"href":"https:\/\/eurotrail.info\/es\/wp-json\/wp\/v2\/media?parent=20712"}],"wp:term":[{"taxonomy":"product_brand","embeddable":true,"href":"https:\/\/eurotrail.info\/es\/wp-json\/wp\/v2\/product_brand?post=20712"},{"taxonomy":"product_cat","embeddable":true,"href":"https:\/\/eurotrail.info\/es\/wp-json\/wp\/v2\/product_cat?post=20712"},{"taxonomy":"product_tag","embeddable":true,"href":"https:\/\/eurotrail.info\/es\/wp-json\/wp\/v2\/product_tag?post=20712"}],"curies":[{"name":"wp","href":"https:\/\/api.w.org\/{rel}","templated":true}]}}