{"id":20715,"date":"2020-11-24T14:45:17","date_gmt":"2022-11-17T15:23:04","guid":{"rendered":"https:\/\/eurotrail.info\/?post_type=product&#038;p=20715"},"modified":"2022-11-17T16:23:05","modified_gmt":"2022-11-17T15:23:05","slug":"tienda-interior-universal-cabina-para-dormir","status":"publish","type":"product","link":"https:\/\/eurotrail.info\/es\/producten\/caravana-autocaravana-autobus\/bajo-carpas-interiores\/tienda-interior-universal-cabina-para-dormir\/","title":{"rendered":"Tienda interior universal\/cabina para dormir"},"content":{"rendered":"<p>Este 2 pers. La tienda interior se puede utilizar en cualquier lugar como cabina para dormir. En el toldo como lugar adicional para dormir o en cualquier otra tienda de campa\u00f1a o tienda de campa\u00f1a. Es independiente y cabe en cualquier lugar. Parte inferior de resistente l\u00e1mina de PE y paredes y techo de nailon transpirable. La gran puerta de malla permite una f\u00e1cil entrada. Se pliega peque\u00f1o. incluido caja de almacenamiento<\/p>\n<p>Material: nailon transpirable.<br \/>\nAbajo: hoja de PE<br \/>\nPostes: fibra de vidrio<br \/>\nDimensiones: 210x145x145 (LxAnxAl)<br \/>\nEmbalado: 60 x \u00d8 10cm<br \/>\nPeso: 1950 gr.<\/p>\n","protected":false},"excerpt":{"rendered":"<p>Este 2 pers. La tienda interior se puede utilizar en cualquier lugar como cabina para dormir. En el toldo como lugar adicional para dormir o&hellip;<\/p>\n","protected":false},"featured_media":19175,"comment_status":"open","ping_status":"closed","template":"","meta":{"_acf_changed":false},"product_brand":[],"product_cat":[336,329],"product_tag":[],"class_list":{"0":"post-20715","1":"product","2":"type-product","3":"status-publish","4":"has-post-thumbnail","6":"product_cat-bajo-carpas-interiores","7":"product_cat-caravana-autocaravana-autobus","9":"first","10":"instock","11":"shipping-taxable","12":"product-type-simple"},"acf":[],"yoast_head":"<!-- This site is optimized with the Yoast SEO plugin v27.4 - https:\/\/yoast.com\/product\/yoast-seo-wordpress\/ -->\n<title>Tienda interior universal\/cabina para dormir - Eurotrail | The way we camp!<\/title>\n<meta name=\"description\" content=\"Este 2 pers. La tienda interior se puede utilizar en cualquier lugar como cabina para dormir. En el toldo como lugar adicional para dormir o en cualquier otra tienda de campa\u00f1a o tienda de campa\u00f1a\" \/>\n<meta name=\"robots\" content=\"index, follow, max-snippet:-1, max-image-preview:large, max-video-preview:-1\" \/>\n<link rel=\"canonical\" href=\"https:\/\/eurotrail.info\/es\/producten\/caravana-autocaravana-autobus\/bajo-carpas-interiores\/tienda-interior-universal-cabina-para-dormir\/\" \/>\n<meta property=\"og:locale\" content=\"es_ES\" \/>\n<meta property=\"og:type\" content=\"article\" \/>\n<meta property=\"og:title\" content=\"Tienda interior universal\/cabina para dormir - Eurotrail | The way we camp!\" \/>\n<meta property=\"og:description\" content=\"Este 2 pers. La tienda interior se puede utilizar en cualquier lugar como cabina para dormir. En el toldo como lugar adicional para dormir o en cualquier otra tienda de campa\u00f1a o tienda de campa\u00f1a\" \/>\n<meta property=\"og:url\" content=\"https:\/\/eurotrail.info\/es\/producten\/caravana-autocaravana-autobus\/bajo-carpas-interiores\/tienda-interior-universal-cabina-para-dormir\/\" \/>\n<meta property=\"og:site_name\" content=\"Eurotrail | The way we camp!\" \/>\n<meta property=\"article:modified_time\" content=\"2022-11-17T15:23:05+00:00\" \/>\n<meta property=\"og:image\" content=\"https:\/\/eurotrail.info\/wp\/wp-content\/uploads\/2020\/11\/ETCT0096-Freestanding-Innertent-21.jpg\" \/>\n\t<meta property=\"og:image:width\" content=\"1772\" \/>\n\t<meta property=\"og:image:height\" content=\"1501\" \/>\n\t<meta property=\"og:image:type\" content=\"image\/jpeg\" \/>\n<meta name=\"twitter:card\" content=\"summary_large_image\" \/>\n<meta name=\"twitter:label1\" content=\"Tiempo de lectura\" \/>\n\t<meta name=\"twitter:data1\" content=\"1 minute\" \/>\n<script type=\"application\/ld+json\" class=\"yoast-schema-graph\">{\"@context\":\"https:\\\/\\\/schema.org\",\"@graph\":[{\"@type\":\"WebPage\",\"@id\":\"https:\\\/\\\/eurotrail.info\\\/es\\\/producten\\\/caravana-autocaravana-autobus\\\/bajo-carpas-interiores\\\/tienda-interior-universal-cabina-para-dormir\\\/\",\"url\":\"https:\\\/\\\/eurotrail.info\\\/es\\\/producten\\\/caravana-autocaravana-autobus\\\/bajo-carpas-interiores\\\/tienda-interior-universal-cabina-para-dormir\\\/\",\"name\":\"Tienda interior universal\\\/cabina para dormir - Eurotrail | The way we camp!\",\"isPartOf\":{\"@id\":\"https:\\\/\\\/eurotrail.info\\\/#website\"},\"primaryImageOfPage\":{\"@id\":\"https:\\\/\\\/eurotrail.info\\\/es\\\/producten\\\/caravana-autocaravana-autobus\\\/bajo-carpas-interiores\\\/tienda-interior-universal-cabina-para-dormir\\\/#primaryimage\"},\"image\":{\"@id\":\"https:\\\/\\\/eurotrail.info\\\/es\\\/producten\\\/caravana-autocaravana-autobus\\\/bajo-carpas-interiores\\\/tienda-interior-universal-cabina-para-dormir\\\/#primaryimage\"},\"thumbnailUrl\":\"https:\\\/\\\/eurotrail.info\\\/wp\\\/wp-content\\\/uploads\\\/2020\\\/11\\\/ETCT0096-Freestanding-Innertent-21.jpg\",\"datePublished\":\"2022-11-17T15:23:04+00:00\",\"dateModified\":\"2022-11-17T15:23:05+00:00\",\"description\":\"Este 2 pers. La tienda interior se puede utilizar en cualquier lugar como cabina para dormir. En el toldo como lugar adicional para dormir o en cualquier otra tienda de campa\u00f1a o tienda de campa\u00f1a\",\"breadcrumb\":{\"@id\":\"https:\\\/\\\/eurotrail.info\\\/es\\\/producten\\\/caravana-autocaravana-autobus\\\/bajo-carpas-interiores\\\/tienda-interior-universal-cabina-para-dormir\\\/#breadcrumb\"},\"inLanguage\":\"es-ES\",\"potentialAction\":[{\"@type\":\"ReadAction\",\"target\":[\"https:\\\/\\\/eurotrail.info\\\/es\\\/producten\\\/caravana-autocaravana-autobus\\\/bajo-carpas-interiores\\\/tienda-interior-universal-cabina-para-dormir\\\/\"]}]},{\"@type\":\"ImageObject\",\"inLanguage\":\"es-ES\",\"@id\":\"https:\\\/\\\/eurotrail.info\\\/es\\\/producten\\\/caravana-autocaravana-autobus\\\/bajo-carpas-interiores\\\/tienda-interior-universal-cabina-para-dormir\\\/#primaryimage\",\"url\":\"https:\\\/\\\/eurotrail.info\\\/wp\\\/wp-content\\\/uploads\\\/2020\\\/11\\\/ETCT0096-Freestanding-Innertent-21.jpg\",\"contentUrl\":\"https:\\\/\\\/eurotrail.info\\\/wp\\\/wp-content\\\/uploads\\\/2020\\\/11\\\/ETCT0096-Freestanding-Innertent-21.jpg\",\"width\":1772,\"height\":1501},{\"@type\":\"BreadcrumbList\",\"@id\":\"https:\\\/\\\/eurotrail.info\\\/es\\\/producten\\\/caravana-autocaravana-autobus\\\/bajo-carpas-interiores\\\/tienda-interior-universal-cabina-para-dormir\\\/#breadcrumb\",\"itemListElement\":[{\"@type\":\"ListItem\",\"position\":1,\"name\":\"Home\",\"item\":\"https:\\\/\\\/eurotrail.info\\\/es\\\/\"},{\"@type\":\"ListItem\",\"position\":2,\"name\":\"Productos\",\"item\":\"https:\\\/\\\/eurotrail.info\\\/es\\\/productos\\\/\"},{\"@type\":\"ListItem\",\"position\":3,\"name\":\"Tienda interior universal\\\/cabina para dormir\"}]},{\"@type\":\"WebSite\",\"@id\":\"https:\\\/\\\/eurotrail.info\\\/#website\",\"url\":\"https:\\\/\\\/eurotrail.info\\\/\",\"name\":\"Eurotrail | The way we camp!\",\"description\":\"\",\"publisher\":{\"@id\":\"https:\\\/\\\/eurotrail.info\\\/#organization\"},\"potentialAction\":[{\"@type\":\"SearchAction\",\"target\":{\"@type\":\"EntryPoint\",\"urlTemplate\":\"https:\\\/\\\/eurotrail.info\\\/?s={search_term_string}\"},\"query-input\":{\"@type\":\"PropertyValueSpecification\",\"valueRequired\":true,\"valueName\":\"search_term_string\"}}],\"inLanguage\":\"es-ES\"},{\"@type\":\"Organization\",\"@id\":\"https:\\\/\\\/eurotrail.info\\\/#organization\",\"name\":\"Eurotrail | The way we camp!\",\"url\":\"https:\\\/\\\/eurotrail.info\\\/\",\"logo\":{\"@type\":\"ImageObject\",\"inLanguage\":\"es-ES\",\"@id\":\"https:\\\/\\\/eurotrail.info\\\/#\\\/schema\\\/logo\\\/image\\\/\",\"url\":\"https:\\\/\\\/eurotrail.info\\\/wp\\\/wp-content\\\/uploads\\\/2023\\\/07\\\/ET-logo-quote_NL-scaled.jpg\",\"contentUrl\":\"https:\\\/\\\/eurotrail.info\\\/wp\\\/wp-content\\\/uploads\\\/2023\\\/07\\\/ET-logo-quote_NL-scaled.jpg\",\"width\":2560,\"height\":675,\"caption\":\"Eurotrail | The way we camp!\"},\"image\":{\"@id\":\"https:\\\/\\\/eurotrail.info\\\/#\\\/schema\\\/logo\\\/image\\\/\"}}]}<\/script>\n<!-- \/ Yoast SEO plugin. -->","yoast_head_json":{"title":"Tienda interior universal\/cabina para dormir - Eurotrail | The way we camp!","description":"Este 2 pers. La tienda interior se puede utilizar en cualquier lugar como cabina para dormir. En el toldo como lugar adicional para dormir o en cualquier otra tienda de campa\u00f1a o tienda de campa\u00f1a","robots":{"index":"index","follow":"follow","max-snippet":"max-snippet:-1","max-image-preview":"max-image-preview:large","max-video-preview":"max-video-preview:-1"},"canonical":"https:\/\/eurotrail.info\/es\/producten\/caravana-autocaravana-autobus\/bajo-carpas-interiores\/tienda-interior-universal-cabina-para-dormir\/","og_locale":"es_ES","og_type":"article","og_title":"Tienda interior universal\/cabina para dormir - Eurotrail | The way we camp!","og_description":"Este 2 pers. La tienda interior se puede utilizar en cualquier lugar como cabina para dormir. En el toldo como lugar adicional para dormir o en cualquier otra tienda de campa\u00f1a o tienda de campa\u00f1a","og_url":"https:\/\/eurotrail.info\/es\/producten\/caravana-autocaravana-autobus\/bajo-carpas-interiores\/tienda-interior-universal-cabina-para-dormir\/","og_site_name":"Eurotrail | The way we camp!","article_modified_time":"2022-11-17T15:23:05+00:00","og_image":[{"width":1772,"height":1501,"url":"https:\/\/eurotrail.info\/wp\/wp-content\/uploads\/2020\/11\/ETCT0096-Freestanding-Innertent-21.jpg","type":"image\/jpeg"}],"twitter_card":"summary_large_image","twitter_misc":{"Tiempo de lectura":"1 minute"},"schema":{"@context":"https:\/\/schema.org","@graph":[{"@type":"WebPage","@id":"https:\/\/eurotrail.info\/es\/producten\/caravana-autocaravana-autobus\/bajo-carpas-interiores\/tienda-interior-universal-cabina-para-dormir\/","url":"https:\/\/eurotrail.info\/es\/producten\/caravana-autocaravana-autobus\/bajo-carpas-interiores\/tienda-interior-universal-cabina-para-dormir\/","name":"Tienda interior universal\/cabina para dormir - Eurotrail | The way we camp!","isPartOf":{"@id":"https:\/\/eurotrail.info\/#website"},"primaryImageOfPage":{"@id":"https:\/\/eurotrail.info\/es\/producten\/caravana-autocaravana-autobus\/bajo-carpas-interiores\/tienda-interior-universal-cabina-para-dormir\/#primaryimage"},"image":{"@id":"https:\/\/eurotrail.info\/es\/producten\/caravana-autocaravana-autobus\/bajo-carpas-interiores\/tienda-interior-universal-cabina-para-dormir\/#primaryimage"},"thumbnailUrl":"https:\/\/eurotrail.info\/wp\/wp-content\/uploads\/2020\/11\/ETCT0096-Freestanding-Innertent-21.jpg","datePublished":"2022-11-17T15:23:04+00:00","dateModified":"2022-11-17T15:23:05+00:00","description":"Este 2 pers. La tienda interior se puede utilizar en cualquier lugar como cabina para dormir. En el toldo como lugar adicional para dormir o en cualquier otra tienda de campa\u00f1a o tienda de campa\u00f1a","breadcrumb":{"@id":"https:\/\/eurotrail.info\/es\/producten\/caravana-autocaravana-autobus\/bajo-carpas-interiores\/tienda-interior-universal-cabina-para-dormir\/#breadcrumb"},"inLanguage":"es-ES","potentialAction":[{"@type":"ReadAction","target":["https:\/\/eurotrail.info\/es\/producten\/caravana-autocaravana-autobus\/bajo-carpas-interiores\/tienda-interior-universal-cabina-para-dormir\/"]}]},{"@type":"ImageObject","inLanguage":"es-ES","@id":"https:\/\/eurotrail.info\/es\/producten\/caravana-autocaravana-autobus\/bajo-carpas-interiores\/tienda-interior-universal-cabina-para-dormir\/#primaryimage","url":"https:\/\/eurotrail.info\/wp\/wp-content\/uploads\/2020\/11\/ETCT0096-Freestanding-Innertent-21.jpg","contentUrl":"https:\/\/eurotrail.info\/wp\/wp-content\/uploads\/2020\/11\/ETCT0096-Freestanding-Innertent-21.jpg","width":1772,"height":1501},{"@type":"BreadcrumbList","@id":"https:\/\/eurotrail.info\/es\/producten\/caravana-autocaravana-autobus\/bajo-carpas-interiores\/tienda-interior-universal-cabina-para-dormir\/#breadcrumb","itemListElement":[{"@type":"ListItem","position":1,"name":"Home","item":"https:\/\/eurotrail.info\/es\/"},{"@type":"ListItem","position":2,"name":"Productos","item":"https:\/\/eurotrail.info\/es\/productos\/"},{"@type":"ListItem","position":3,"name":"Tienda interior universal\/cabina para dormir"}]},{"@type":"WebSite","@id":"https:\/\/eurotrail.info\/#website","url":"https:\/\/eurotrail.info\/","name":"Eurotrail | The way we camp!","description":"","publisher":{"@id":"https:\/\/eurotrail.info\/#organization"},"potentialAction":[{"@type":"SearchAction","target":{"@type":"EntryPoint","urlTemplate":"https:\/\/eurotrail.info\/?s={search_term_string}"},"query-input":{"@type":"PropertyValueSpecification","valueRequired":true,"valueName":"search_term_string"}}],"inLanguage":"es-ES"},{"@type":"Organization","@id":"https:\/\/eurotrail.info\/#organization","name":"Eurotrail | The way we camp!","url":"https:\/\/eurotrail.info\/","logo":{"@type":"ImageObject","inLanguage":"es-ES","@id":"https:\/\/eurotrail.info\/#\/schema\/logo\/image\/","url":"https:\/\/eurotrail.info\/wp\/wp-content\/uploads\/2023\/07\/ET-logo-quote_NL-scaled.jpg","contentUrl":"https:\/\/eurotrail.info\/wp\/wp-content\/uploads\/2023\/07\/ET-logo-quote_NL-scaled.jpg","width":2560,"height":675,"caption":"Eurotrail | The way we camp!"},"image":{"@id":"https:\/\/eurotrail.info\/#\/schema\/logo\/image\/"}}]}},"_links":{"self":[{"href":"https:\/\/eurotrail.info\/es\/wp-json\/wp\/v2\/product\/20715","targetHints":{"allow":["GET"]}}],"collection":[{"href":"https:\/\/eurotrail.info\/es\/wp-json\/wp\/v2\/product"}],"about":[{"href":"https:\/\/eurotrail.info\/es\/wp-json\/wp\/v2\/types\/product"}],"replies":[{"embeddable":true,"href":"https:\/\/eurotrail.info\/es\/wp-json\/wp\/v2\/comments?post=20715"}],"wp:featuredmedia":[{"embeddable":true,"href":"https:\/\/eurotrail.info\/es\/wp-json\/wp\/v2\/media\/19175"}],"wp:attachment":[{"href":"https:\/\/eurotrail.info\/es\/wp-json\/wp\/v2\/media?parent=20715"}],"wp:term":[{"taxonomy":"product_brand","embeddable":true,"href":"https:\/\/eurotrail.info\/es\/wp-json\/wp\/v2\/product_brand?post=20715"},{"taxonomy":"product_cat","embeddable":true,"href":"https:\/\/eurotrail.info\/es\/wp-json\/wp\/v2\/product_cat?post=20715"},{"taxonomy":"product_tag","embeddable":true,"href":"https:\/\/eurotrail.info\/es\/wp-json\/wp\/v2\/product_tag?post=20715"}],"curies":[{"name":"wp","href":"https:\/\/api.w.org\/{rel}","templated":true}]}}