{"id":20717,"date":"2018-01-10T14:27:39","date_gmt":"2018-01-10T13:27:39","guid":{"rendered":"https:\/\/eurotrail.info\/?post_type=product&#038;p=20717"},"modified":"2023-02-13T16:51:31","modified_gmt":"2023-02-13T15:51:31","slug":"tetera-plegable-de-silicona","status":"publish","type":"product","link":"https:\/\/eurotrail.info\/es\/producten\/domestico\/aparatos-electricos\/tetera-plegable-de-silicona\/","title":{"rendered":"Tetera plegable de silicona"},"content":{"rendered":"<p>Hervidor plegable de 0,8 ltr. contenido, hecho de material de silicona, pr\u00e1ctico y que ahorra espacio.<br \/>\nEl hervidor est\u00e1 hecho de material de silicona con un fondo de PP y un elemento calefactor de acero inoxidable. La tapa se puede abrir autom\u00e1ticamente. El hervidor es f\u00e1cil de plegar y, por lo tanto, ocupa poco espacio, ideal para usar en el campamento en la caravana o tienda de campa\u00f1a.<\/p>\n<p>Color disponible: antracita<\/p>\n<p>Material: silicona (resistente a altas temperaturas) y PP, elemento calefactor de acero inoxidable.<br \/>\nAbridor autom\u00e1tico de tapas<br \/>\nContenido: 0,8 litros<br \/>\nHervir en seco y protecci\u00f3n contra sobrecalentamiento.<br \/>\nLuz indicadora<br \/>\nTiempo hasta el punto de ebullici\u00f3n: \u00b1 5 min.<br \/>\nCable de alimentaci\u00f3n: 0,75 cm<br \/>\nSeguridad aprobada: CE,GS,ROHS,LFGB,CB,cUL<br \/>\nPotencia: 220-240V &#8211; 50\/60Hz &#8211; 900-1100W<\/p>\n<p>Dimensiones: \u00d812,5x17x18cm<br \/>\nPlegado: \u00d812,5x17x12,5cm<br \/>\nPeso: 560gr.<\/p>\n","protected":false},"excerpt":{"rendered":"<p>Hervidor plegable de 0,8 ltr. contenido, hecho de material de silicona, pr\u00e1ctico y que ahorra espacio. El hervidor est\u00e1 hecho de material de silicona con&hellip;<\/p>\n","protected":false},"featured_media":19030,"comment_status":"open","ping_status":"closed","template":"","meta":{"_acf_changed":false},"product_brand":[],"product_cat":[339,344],"product_tag":[],"class_list":{"0":"post-20717","1":"product","2":"type-product","3":"status-publish","4":"has-post-thumbnail","6":"product_cat-aparatos-electricos","7":"product_cat-articulos-de-cocina-plegables-de-silicona","9":"first","10":"instock","11":"shipping-taxable","12":"product-type-simple"},"acf":[],"yoast_head":"<!-- This site is optimized with the Yoast SEO plugin v27.4 - https:\/\/yoast.com\/product\/yoast-seo-wordpress\/ -->\n<title>Tetera plegable de silicona - Eurotrail | The way we camp!<\/title>\n<meta name=\"description\" content=\"Hervidor plegable de 0,8 ltr. contenido, hecho de material de silicona, pr\u00e1ctico y que ahorra espacio.\" \/>\n<meta name=\"robots\" content=\"index, follow, max-snippet:-1, max-image-preview:large, max-video-preview:-1\" \/>\n<link rel=\"canonical\" href=\"https:\/\/eurotrail.info\/es\/producten\/domestico\/aparatos-electricos\/tetera-plegable-de-silicona\/\" \/>\n<meta property=\"og:locale\" content=\"es_ES\" \/>\n<meta property=\"og:type\" content=\"article\" \/>\n<meta property=\"og:title\" content=\"Tetera plegable de silicona - Eurotrail | The way we camp!\" \/>\n<meta property=\"og:description\" content=\"Hervidor plegable de 0,8 ltr. contenido, hecho de material de silicona, pr\u00e1ctico y que ahorra espacio.\" \/>\n<meta property=\"og:url\" content=\"https:\/\/eurotrail.info\/es\/producten\/domestico\/aparatos-electricos\/tetera-plegable-de-silicona\/\" \/>\n<meta property=\"og:site_name\" content=\"Eurotrail | The way we camp!\" \/>\n<meta property=\"article:modified_time\" content=\"2023-02-13T15:51:31+00:00\" \/>\n<meta property=\"og:image\" content=\"https:\/\/eurotrail.info\/wp\/wp-content\/uploads\/2018\/01\/ETKW0011_0200_1.jpg\" \/>\n\t<meta property=\"og:image:width\" content=\"1726\" \/>\n\t<meta property=\"og:image:height\" content=\"1894\" \/>\n\t<meta property=\"og:image:type\" content=\"image\/jpeg\" \/>\n<meta name=\"twitter:card\" content=\"summary_large_image\" \/>\n<meta name=\"twitter:label1\" content=\"Tiempo de lectura\" \/>\n\t<meta name=\"twitter:data1\" content=\"1 minute\" \/>\n<script type=\"application\/ld+json\" class=\"yoast-schema-graph\">{\"@context\":\"https:\\\/\\\/schema.org\",\"@graph\":[{\"@type\":\"WebPage\",\"@id\":\"https:\\\/\\\/eurotrail.info\\\/es\\\/producten\\\/domestico\\\/aparatos-electricos\\\/tetera-plegable-de-silicona\\\/\",\"url\":\"https:\\\/\\\/eurotrail.info\\\/es\\\/producten\\\/domestico\\\/aparatos-electricos\\\/tetera-plegable-de-silicona\\\/\",\"name\":\"Tetera plegable de silicona - Eurotrail | The way we camp!\",\"isPartOf\":{\"@id\":\"https:\\\/\\\/eurotrail.info\\\/#website\"},\"primaryImageOfPage\":{\"@id\":\"https:\\\/\\\/eurotrail.info\\\/es\\\/producten\\\/domestico\\\/aparatos-electricos\\\/tetera-plegable-de-silicona\\\/#primaryimage\"},\"image\":{\"@id\":\"https:\\\/\\\/eurotrail.info\\\/es\\\/producten\\\/domestico\\\/aparatos-electricos\\\/tetera-plegable-de-silicona\\\/#primaryimage\"},\"thumbnailUrl\":\"https:\\\/\\\/eurotrail.info\\\/wp\\\/wp-content\\\/uploads\\\/2018\\\/01\\\/ETKW0011_0200_1.jpg\",\"datePublished\":\"2018-01-10T13:27:39+00:00\",\"dateModified\":\"2023-02-13T15:51:31+00:00\",\"description\":\"Hervidor plegable de 0,8 ltr. contenido, hecho de material de silicona, pr\u00e1ctico y que ahorra espacio.\",\"breadcrumb\":{\"@id\":\"https:\\\/\\\/eurotrail.info\\\/es\\\/producten\\\/domestico\\\/aparatos-electricos\\\/tetera-plegable-de-silicona\\\/#breadcrumb\"},\"inLanguage\":\"es-ES\",\"potentialAction\":[{\"@type\":\"ReadAction\",\"target\":[\"https:\\\/\\\/eurotrail.info\\\/es\\\/producten\\\/domestico\\\/aparatos-electricos\\\/tetera-plegable-de-silicona\\\/\"]}]},{\"@type\":\"ImageObject\",\"inLanguage\":\"es-ES\",\"@id\":\"https:\\\/\\\/eurotrail.info\\\/es\\\/producten\\\/domestico\\\/aparatos-electricos\\\/tetera-plegable-de-silicona\\\/#primaryimage\",\"url\":\"https:\\\/\\\/eurotrail.info\\\/wp\\\/wp-content\\\/uploads\\\/2018\\\/01\\\/ETKW0011_0200_1.jpg\",\"contentUrl\":\"https:\\\/\\\/eurotrail.info\\\/wp\\\/wp-content\\\/uploads\\\/2018\\\/01\\\/ETKW0011_0200_1.jpg\",\"width\":1726,\"height\":1894,\"caption\":\"Opvouwbare water ketel gemaakt van siliconen materiaal, praktisch en ruimte besparend.\"},{\"@type\":\"BreadcrumbList\",\"@id\":\"https:\\\/\\\/eurotrail.info\\\/es\\\/producten\\\/domestico\\\/aparatos-electricos\\\/tetera-plegable-de-silicona\\\/#breadcrumb\",\"itemListElement\":[{\"@type\":\"ListItem\",\"position\":1,\"name\":\"Home\",\"item\":\"https:\\\/\\\/eurotrail.info\\\/es\\\/\"},{\"@type\":\"ListItem\",\"position\":2,\"name\":\"Productos\",\"item\":\"https:\\\/\\\/eurotrail.info\\\/es\\\/productos\\\/\"},{\"@type\":\"ListItem\",\"position\":3,\"name\":\"Tetera plegable de silicona\"}]},{\"@type\":\"WebSite\",\"@id\":\"https:\\\/\\\/eurotrail.info\\\/#website\",\"url\":\"https:\\\/\\\/eurotrail.info\\\/\",\"name\":\"Eurotrail | The way we camp!\",\"description\":\"\",\"publisher\":{\"@id\":\"https:\\\/\\\/eurotrail.info\\\/#organization\"},\"potentialAction\":[{\"@type\":\"SearchAction\",\"target\":{\"@type\":\"EntryPoint\",\"urlTemplate\":\"https:\\\/\\\/eurotrail.info\\\/?s={search_term_string}\"},\"query-input\":{\"@type\":\"PropertyValueSpecification\",\"valueRequired\":true,\"valueName\":\"search_term_string\"}}],\"inLanguage\":\"es-ES\"},{\"@type\":\"Organization\",\"@id\":\"https:\\\/\\\/eurotrail.info\\\/#organization\",\"name\":\"Eurotrail | The way we camp!\",\"url\":\"https:\\\/\\\/eurotrail.info\\\/\",\"logo\":{\"@type\":\"ImageObject\",\"inLanguage\":\"es-ES\",\"@id\":\"https:\\\/\\\/eurotrail.info\\\/#\\\/schema\\\/logo\\\/image\\\/\",\"url\":\"https:\\\/\\\/eurotrail.info\\\/wp\\\/wp-content\\\/uploads\\\/2023\\\/07\\\/ET-logo-quote_NL-scaled.jpg\",\"contentUrl\":\"https:\\\/\\\/eurotrail.info\\\/wp\\\/wp-content\\\/uploads\\\/2023\\\/07\\\/ET-logo-quote_NL-scaled.jpg\",\"width\":2560,\"height\":675,\"caption\":\"Eurotrail | The way we camp!\"},\"image\":{\"@id\":\"https:\\\/\\\/eurotrail.info\\\/#\\\/schema\\\/logo\\\/image\\\/\"}}]}<\/script>\n<!-- \/ Yoast SEO plugin. -->","yoast_head_json":{"title":"Tetera plegable de silicona - Eurotrail | The way we camp!","description":"Hervidor plegable de 0,8 ltr. contenido, hecho de material de silicona, pr\u00e1ctico y que ahorra espacio.","robots":{"index":"index","follow":"follow","max-snippet":"max-snippet:-1","max-image-preview":"max-image-preview:large","max-video-preview":"max-video-preview:-1"},"canonical":"https:\/\/eurotrail.info\/es\/producten\/domestico\/aparatos-electricos\/tetera-plegable-de-silicona\/","og_locale":"es_ES","og_type":"article","og_title":"Tetera plegable de silicona - Eurotrail | The way we camp!","og_description":"Hervidor plegable de 0,8 ltr. contenido, hecho de material de silicona, pr\u00e1ctico y que ahorra espacio.","og_url":"https:\/\/eurotrail.info\/es\/producten\/domestico\/aparatos-electricos\/tetera-plegable-de-silicona\/","og_site_name":"Eurotrail | The way we camp!","article_modified_time":"2023-02-13T15:51:31+00:00","og_image":[{"width":1726,"height":1894,"url":"https:\/\/eurotrail.info\/wp\/wp-content\/uploads\/2018\/01\/ETKW0011_0200_1.jpg","type":"image\/jpeg"}],"twitter_card":"summary_large_image","twitter_misc":{"Tiempo de lectura":"1 minute"},"schema":{"@context":"https:\/\/schema.org","@graph":[{"@type":"WebPage","@id":"https:\/\/eurotrail.info\/es\/producten\/domestico\/aparatos-electricos\/tetera-plegable-de-silicona\/","url":"https:\/\/eurotrail.info\/es\/producten\/domestico\/aparatos-electricos\/tetera-plegable-de-silicona\/","name":"Tetera plegable de silicona - Eurotrail | The way we camp!","isPartOf":{"@id":"https:\/\/eurotrail.info\/#website"},"primaryImageOfPage":{"@id":"https:\/\/eurotrail.info\/es\/producten\/domestico\/aparatos-electricos\/tetera-plegable-de-silicona\/#primaryimage"},"image":{"@id":"https:\/\/eurotrail.info\/es\/producten\/domestico\/aparatos-electricos\/tetera-plegable-de-silicona\/#primaryimage"},"thumbnailUrl":"https:\/\/eurotrail.info\/wp\/wp-content\/uploads\/2018\/01\/ETKW0011_0200_1.jpg","datePublished":"2018-01-10T13:27:39+00:00","dateModified":"2023-02-13T15:51:31+00:00","description":"Hervidor plegable de 0,8 ltr. contenido, hecho de material de silicona, pr\u00e1ctico y que ahorra espacio.","breadcrumb":{"@id":"https:\/\/eurotrail.info\/es\/producten\/domestico\/aparatos-electricos\/tetera-plegable-de-silicona\/#breadcrumb"},"inLanguage":"es-ES","potentialAction":[{"@type":"ReadAction","target":["https:\/\/eurotrail.info\/es\/producten\/domestico\/aparatos-electricos\/tetera-plegable-de-silicona\/"]}]},{"@type":"ImageObject","inLanguage":"es-ES","@id":"https:\/\/eurotrail.info\/es\/producten\/domestico\/aparatos-electricos\/tetera-plegable-de-silicona\/#primaryimage","url":"https:\/\/eurotrail.info\/wp\/wp-content\/uploads\/2018\/01\/ETKW0011_0200_1.jpg","contentUrl":"https:\/\/eurotrail.info\/wp\/wp-content\/uploads\/2018\/01\/ETKW0011_0200_1.jpg","width":1726,"height":1894,"caption":"Opvouwbare water ketel gemaakt van siliconen materiaal, praktisch en ruimte besparend."},{"@type":"BreadcrumbList","@id":"https:\/\/eurotrail.info\/es\/producten\/domestico\/aparatos-electricos\/tetera-plegable-de-silicona\/#breadcrumb","itemListElement":[{"@type":"ListItem","position":1,"name":"Home","item":"https:\/\/eurotrail.info\/es\/"},{"@type":"ListItem","position":2,"name":"Productos","item":"https:\/\/eurotrail.info\/es\/productos\/"},{"@type":"ListItem","position":3,"name":"Tetera plegable de silicona"}]},{"@type":"WebSite","@id":"https:\/\/eurotrail.info\/#website","url":"https:\/\/eurotrail.info\/","name":"Eurotrail | The way we camp!","description":"","publisher":{"@id":"https:\/\/eurotrail.info\/#organization"},"potentialAction":[{"@type":"SearchAction","target":{"@type":"EntryPoint","urlTemplate":"https:\/\/eurotrail.info\/?s={search_term_string}"},"query-input":{"@type":"PropertyValueSpecification","valueRequired":true,"valueName":"search_term_string"}}],"inLanguage":"es-ES"},{"@type":"Organization","@id":"https:\/\/eurotrail.info\/#organization","name":"Eurotrail | The way we camp!","url":"https:\/\/eurotrail.info\/","logo":{"@type":"ImageObject","inLanguage":"es-ES","@id":"https:\/\/eurotrail.info\/#\/schema\/logo\/image\/","url":"https:\/\/eurotrail.info\/wp\/wp-content\/uploads\/2023\/07\/ET-logo-quote_NL-scaled.jpg","contentUrl":"https:\/\/eurotrail.info\/wp\/wp-content\/uploads\/2023\/07\/ET-logo-quote_NL-scaled.jpg","width":2560,"height":675,"caption":"Eurotrail | The way we camp!"},"image":{"@id":"https:\/\/eurotrail.info\/#\/schema\/logo\/image\/"}}]}},"_links":{"self":[{"href":"https:\/\/eurotrail.info\/es\/wp-json\/wp\/v2\/product\/20717","targetHints":{"allow":["GET"]}}],"collection":[{"href":"https:\/\/eurotrail.info\/es\/wp-json\/wp\/v2\/product"}],"about":[{"href":"https:\/\/eurotrail.info\/es\/wp-json\/wp\/v2\/types\/product"}],"replies":[{"embeddable":true,"href":"https:\/\/eurotrail.info\/es\/wp-json\/wp\/v2\/comments?post=20717"}],"wp:featuredmedia":[{"embeddable":true,"href":"https:\/\/eurotrail.info\/es\/wp-json\/wp\/v2\/media\/19030"}],"wp:attachment":[{"href":"https:\/\/eurotrail.info\/es\/wp-json\/wp\/v2\/media?parent=20717"}],"wp:term":[{"taxonomy":"product_brand","embeddable":true,"href":"https:\/\/eurotrail.info\/es\/wp-json\/wp\/v2\/product_brand?post=20717"},{"taxonomy":"product_cat","embeddable":true,"href":"https:\/\/eurotrail.info\/es\/wp-json\/wp\/v2\/product_cat?post=20717"},{"taxonomy":"product_tag","embeddable":true,"href":"https:\/\/eurotrail.info\/es\/wp-json\/wp\/v2\/product_tag?post=20717"}],"curies":[{"name":"wp","href":"https:\/\/api.w.org\/{rel}","templated":true}]}}