{"id":20722,"date":"2020-11-25T17:10:25","date_gmt":"2022-11-17T15:33:38","guid":{"rendered":"https:\/\/eurotrail.info\/?post_type=product&#038;p=20722"},"modified":"2022-11-17T16:33:38","modified_gmt":"2022-11-17T15:33:38","slug":"juego-de-sartenes-kingston-7-piezas","status":"publish","type":"product","link":"https:\/\/eurotrail.info\/es\/producten\/domestico\/conjuntos-de-sartenes-de-acero-inoxidable\/juego-de-sartenes-kingston-7-piezas\/","title":{"rendered":"Juego de sartenes Kingston &#8211; 7 piezas"},"content":{"rendered":"<p>Juego completo de sartenes con vaporera\/colador de acero inoxidable resistente y duradero. El set consta de 3 sartenes con tapas de cristal y un colador\/colador. Los mangos de las ollas y el mango de la tapa est\u00e1n provistos de silicona resistente al calor. Modelo alto, por lo tanto, adecuado para fogatas m\u00e1s peque\u00f1as. Las sartenes tienen un fondo de c\u00e1psula y, por lo tanto, son adecuadas para todas las fuentes de calor, como gas, electricidad, cer\u00e1mica o inducci\u00f3n.<\/p>\n<p>\u00d8 14x13cm, 1,8 ltr., 557 gr.<br \/>\n\u00d8 16x15cm, 2,7 litros, 725 gr.<br \/>\n\u00d8 18x17cm, 3,9 ltr., 864 gr.<br \/>\nvaporera\/colador \u00d8 18x8cm, 286 gr.<\/p>\n","protected":false},"excerpt":{"rendered":"<p>Juego completo de sartenes con vaporera\/colador de acero inoxidable resistente y duradero. El set consta de 3 sartenes con tapas de cristal y un colador\/colador.&hellip;<\/p>\n","protected":false},"featured_media":19257,"comment_status":"open","ping_status":"closed","template":"","meta":{"_acf_changed":false},"product_brand":[],"product_cat":[343,337],"product_tag":[],"class_list":{"0":"post-20722","1":"product","2":"type-product","3":"status-publish","4":"has-post-thumbnail","6":"product_cat-conjuntos-de-sartenes-de-acero-inoxidable","7":"product_cat-domestico","9":"first","10":"instock","11":"shipping-taxable","12":"product-type-simple"},"acf":[],"yoast_head":"<!-- This site is optimized with the Yoast SEO plugin v27.4 - https:\/\/yoast.com\/product\/yoast-seo-wordpress\/ -->\n<title>Juego de sartenes Kingston - 7 piezas - Eurotrail | The way we camp!<\/title>\n<meta name=\"description\" content=\"Juego completo de sartenes con vaporera\/colador de acero inoxidable resistente y duradero. El set consta de 3 sartenes con tapas de cristal y un colador\/colador.\" \/>\n<meta name=\"robots\" content=\"index, follow, max-snippet:-1, max-image-preview:large, max-video-preview:-1\" \/>\n<link rel=\"canonical\" href=\"https:\/\/eurotrail.info\/es\/producten\/domestico\/conjuntos-de-sartenes-de-acero-inoxidable\/juego-de-sartenes-kingston-7-piezas\/\" \/>\n<meta property=\"og:locale\" content=\"es_ES\" \/>\n<meta property=\"og:type\" content=\"article\" \/>\n<meta property=\"og:title\" content=\"Juego de sartenes Kingston - 7 piezas - Eurotrail | The way we camp!\" \/>\n<meta property=\"og:description\" content=\"Juego completo de sartenes con vaporera\/colador de acero inoxidable resistente y duradero. El set consta de 3 sartenes con tapas de cristal y un colador\/colador.\" \/>\n<meta property=\"og:url\" content=\"https:\/\/eurotrail.info\/es\/producten\/domestico\/conjuntos-de-sartenes-de-acero-inoxidable\/juego-de-sartenes-kingston-7-piezas\/\" \/>\n<meta property=\"og:site_name\" content=\"Eurotrail | The way we camp!\" \/>\n<meta property=\"og:image\" content=\"https:\/\/eurotrail.info\/wp\/wp-content\/uploads\/2020\/11\/ETKW5221-Kingston-set-21.jpg\" \/>\n\t<meta property=\"og:image:width\" content=\"1772\" \/>\n\t<meta property=\"og:image:height\" content=\"920\" \/>\n\t<meta property=\"og:image:type\" content=\"image\/jpeg\" \/>\n<meta name=\"twitter:card\" content=\"summary_large_image\" \/>\n<meta name=\"twitter:label1\" content=\"Tiempo de lectura\" \/>\n\t<meta name=\"twitter:data1\" content=\"1 minute\" \/>\n<script type=\"application\/ld+json\" class=\"yoast-schema-graph\">{\"@context\":\"https:\\\/\\\/schema.org\",\"@graph\":[{\"@type\":\"WebPage\",\"@id\":\"https:\\\/\\\/eurotrail.info\\\/es\\\/producten\\\/domestico\\\/conjuntos-de-sartenes-de-acero-inoxidable\\\/juego-de-sartenes-kingston-7-piezas\\\/\",\"url\":\"https:\\\/\\\/eurotrail.info\\\/es\\\/producten\\\/domestico\\\/conjuntos-de-sartenes-de-acero-inoxidable\\\/juego-de-sartenes-kingston-7-piezas\\\/\",\"name\":\"Juego de sartenes Kingston - 7 piezas - Eurotrail | The way we camp!\",\"isPartOf\":{\"@id\":\"https:\\\/\\\/eurotrail.info\\\/#website\"},\"primaryImageOfPage\":{\"@id\":\"https:\\\/\\\/eurotrail.info\\\/es\\\/producten\\\/domestico\\\/conjuntos-de-sartenes-de-acero-inoxidable\\\/juego-de-sartenes-kingston-7-piezas\\\/#primaryimage\"},\"image\":{\"@id\":\"https:\\\/\\\/eurotrail.info\\\/es\\\/producten\\\/domestico\\\/conjuntos-de-sartenes-de-acero-inoxidable\\\/juego-de-sartenes-kingston-7-piezas\\\/#primaryimage\"},\"thumbnailUrl\":\"https:\\\/\\\/eurotrail.info\\\/wp\\\/wp-content\\\/uploads\\\/2020\\\/11\\\/ETKW5221-Kingston-set-21.jpg\",\"datePublished\":\"2022-11-17T15:33:38+00:00\",\"description\":\"Juego completo de sartenes con vaporera\\\/colador de acero inoxidable resistente y duradero. El set consta de 3 sartenes con tapas de cristal y un colador\\\/colador.\",\"breadcrumb\":{\"@id\":\"https:\\\/\\\/eurotrail.info\\\/es\\\/producten\\\/domestico\\\/conjuntos-de-sartenes-de-acero-inoxidable\\\/juego-de-sartenes-kingston-7-piezas\\\/#breadcrumb\"},\"inLanguage\":\"es-ES\",\"potentialAction\":[{\"@type\":\"ReadAction\",\"target\":[\"https:\\\/\\\/eurotrail.info\\\/es\\\/producten\\\/domestico\\\/conjuntos-de-sartenes-de-acero-inoxidable\\\/juego-de-sartenes-kingston-7-piezas\\\/\"]}]},{\"@type\":\"ImageObject\",\"inLanguage\":\"es-ES\",\"@id\":\"https:\\\/\\\/eurotrail.info\\\/es\\\/producten\\\/domestico\\\/conjuntos-de-sartenes-de-acero-inoxidable\\\/juego-de-sartenes-kingston-7-piezas\\\/#primaryimage\",\"url\":\"https:\\\/\\\/eurotrail.info\\\/wp\\\/wp-content\\\/uploads\\\/2020\\\/11\\\/ETKW5221-Kingston-set-21.jpg\",\"contentUrl\":\"https:\\\/\\\/eurotrail.info\\\/wp\\\/wp-content\\\/uploads\\\/2020\\\/11\\\/ETKW5221-Kingston-set-21.jpg\",\"width\":1772,\"height\":920},{\"@type\":\"BreadcrumbList\",\"@id\":\"https:\\\/\\\/eurotrail.info\\\/es\\\/producten\\\/domestico\\\/conjuntos-de-sartenes-de-acero-inoxidable\\\/juego-de-sartenes-kingston-7-piezas\\\/#breadcrumb\",\"itemListElement\":[{\"@type\":\"ListItem\",\"position\":1,\"name\":\"Home\",\"item\":\"https:\\\/\\\/eurotrail.info\\\/es\\\/\"},{\"@type\":\"ListItem\",\"position\":2,\"name\":\"Productos\",\"item\":\"https:\\\/\\\/eurotrail.info\\\/es\\\/productos\\\/\"},{\"@type\":\"ListItem\",\"position\":3,\"name\":\"Juego de sartenes Kingston &#8211; 7 piezas\"}]},{\"@type\":\"WebSite\",\"@id\":\"https:\\\/\\\/eurotrail.info\\\/#website\",\"url\":\"https:\\\/\\\/eurotrail.info\\\/\",\"name\":\"Eurotrail | The way we camp!\",\"description\":\"\",\"publisher\":{\"@id\":\"https:\\\/\\\/eurotrail.info\\\/#organization\"},\"potentialAction\":[{\"@type\":\"SearchAction\",\"target\":{\"@type\":\"EntryPoint\",\"urlTemplate\":\"https:\\\/\\\/eurotrail.info\\\/?s={search_term_string}\"},\"query-input\":{\"@type\":\"PropertyValueSpecification\",\"valueRequired\":true,\"valueName\":\"search_term_string\"}}],\"inLanguage\":\"es-ES\"},{\"@type\":\"Organization\",\"@id\":\"https:\\\/\\\/eurotrail.info\\\/#organization\",\"name\":\"Eurotrail | The way we camp!\",\"url\":\"https:\\\/\\\/eurotrail.info\\\/\",\"logo\":{\"@type\":\"ImageObject\",\"inLanguage\":\"es-ES\",\"@id\":\"https:\\\/\\\/eurotrail.info\\\/#\\\/schema\\\/logo\\\/image\\\/\",\"url\":\"https:\\\/\\\/eurotrail.info\\\/wp\\\/wp-content\\\/uploads\\\/2023\\\/07\\\/ET-logo-quote_NL-scaled.jpg\",\"contentUrl\":\"https:\\\/\\\/eurotrail.info\\\/wp\\\/wp-content\\\/uploads\\\/2023\\\/07\\\/ET-logo-quote_NL-scaled.jpg\",\"width\":2560,\"height\":675,\"caption\":\"Eurotrail | The way we camp!\"},\"image\":{\"@id\":\"https:\\\/\\\/eurotrail.info\\\/#\\\/schema\\\/logo\\\/image\\\/\"}}]}<\/script>\n<!-- \/ Yoast SEO plugin. -->","yoast_head_json":{"title":"Juego de sartenes Kingston - 7 piezas - Eurotrail | The way we camp!","description":"Juego completo de sartenes con vaporera\/colador de acero inoxidable resistente y duradero. El set consta de 3 sartenes con tapas de cristal y un colador\/colador.","robots":{"index":"index","follow":"follow","max-snippet":"max-snippet:-1","max-image-preview":"max-image-preview:large","max-video-preview":"max-video-preview:-1"},"canonical":"https:\/\/eurotrail.info\/es\/producten\/domestico\/conjuntos-de-sartenes-de-acero-inoxidable\/juego-de-sartenes-kingston-7-piezas\/","og_locale":"es_ES","og_type":"article","og_title":"Juego de sartenes Kingston - 7 piezas - Eurotrail | The way we camp!","og_description":"Juego completo de sartenes con vaporera\/colador de acero inoxidable resistente y duradero. El set consta de 3 sartenes con tapas de cristal y un colador\/colador.","og_url":"https:\/\/eurotrail.info\/es\/producten\/domestico\/conjuntos-de-sartenes-de-acero-inoxidable\/juego-de-sartenes-kingston-7-piezas\/","og_site_name":"Eurotrail | The way we camp!","og_image":[{"width":1772,"height":920,"url":"https:\/\/eurotrail.info\/wp\/wp-content\/uploads\/2020\/11\/ETKW5221-Kingston-set-21.jpg","type":"image\/jpeg"}],"twitter_card":"summary_large_image","twitter_misc":{"Tiempo de lectura":"1 minute"},"schema":{"@context":"https:\/\/schema.org","@graph":[{"@type":"WebPage","@id":"https:\/\/eurotrail.info\/es\/producten\/domestico\/conjuntos-de-sartenes-de-acero-inoxidable\/juego-de-sartenes-kingston-7-piezas\/","url":"https:\/\/eurotrail.info\/es\/producten\/domestico\/conjuntos-de-sartenes-de-acero-inoxidable\/juego-de-sartenes-kingston-7-piezas\/","name":"Juego de sartenes Kingston - 7 piezas - Eurotrail | The way we camp!","isPartOf":{"@id":"https:\/\/eurotrail.info\/#website"},"primaryImageOfPage":{"@id":"https:\/\/eurotrail.info\/es\/producten\/domestico\/conjuntos-de-sartenes-de-acero-inoxidable\/juego-de-sartenes-kingston-7-piezas\/#primaryimage"},"image":{"@id":"https:\/\/eurotrail.info\/es\/producten\/domestico\/conjuntos-de-sartenes-de-acero-inoxidable\/juego-de-sartenes-kingston-7-piezas\/#primaryimage"},"thumbnailUrl":"https:\/\/eurotrail.info\/wp\/wp-content\/uploads\/2020\/11\/ETKW5221-Kingston-set-21.jpg","datePublished":"2022-11-17T15:33:38+00:00","description":"Juego completo de sartenes con vaporera\/colador de acero inoxidable resistente y duradero. El set consta de 3 sartenes con tapas de cristal y un colador\/colador.","breadcrumb":{"@id":"https:\/\/eurotrail.info\/es\/producten\/domestico\/conjuntos-de-sartenes-de-acero-inoxidable\/juego-de-sartenes-kingston-7-piezas\/#breadcrumb"},"inLanguage":"es-ES","potentialAction":[{"@type":"ReadAction","target":["https:\/\/eurotrail.info\/es\/producten\/domestico\/conjuntos-de-sartenes-de-acero-inoxidable\/juego-de-sartenes-kingston-7-piezas\/"]}]},{"@type":"ImageObject","inLanguage":"es-ES","@id":"https:\/\/eurotrail.info\/es\/producten\/domestico\/conjuntos-de-sartenes-de-acero-inoxidable\/juego-de-sartenes-kingston-7-piezas\/#primaryimage","url":"https:\/\/eurotrail.info\/wp\/wp-content\/uploads\/2020\/11\/ETKW5221-Kingston-set-21.jpg","contentUrl":"https:\/\/eurotrail.info\/wp\/wp-content\/uploads\/2020\/11\/ETKW5221-Kingston-set-21.jpg","width":1772,"height":920},{"@type":"BreadcrumbList","@id":"https:\/\/eurotrail.info\/es\/producten\/domestico\/conjuntos-de-sartenes-de-acero-inoxidable\/juego-de-sartenes-kingston-7-piezas\/#breadcrumb","itemListElement":[{"@type":"ListItem","position":1,"name":"Home","item":"https:\/\/eurotrail.info\/es\/"},{"@type":"ListItem","position":2,"name":"Productos","item":"https:\/\/eurotrail.info\/es\/productos\/"},{"@type":"ListItem","position":3,"name":"Juego de sartenes Kingston &#8211; 7 piezas"}]},{"@type":"WebSite","@id":"https:\/\/eurotrail.info\/#website","url":"https:\/\/eurotrail.info\/","name":"Eurotrail | The way we camp!","description":"","publisher":{"@id":"https:\/\/eurotrail.info\/#organization"},"potentialAction":[{"@type":"SearchAction","target":{"@type":"EntryPoint","urlTemplate":"https:\/\/eurotrail.info\/?s={search_term_string}"},"query-input":{"@type":"PropertyValueSpecification","valueRequired":true,"valueName":"search_term_string"}}],"inLanguage":"es-ES"},{"@type":"Organization","@id":"https:\/\/eurotrail.info\/#organization","name":"Eurotrail | The way we camp!","url":"https:\/\/eurotrail.info\/","logo":{"@type":"ImageObject","inLanguage":"es-ES","@id":"https:\/\/eurotrail.info\/#\/schema\/logo\/image\/","url":"https:\/\/eurotrail.info\/wp\/wp-content\/uploads\/2023\/07\/ET-logo-quote_NL-scaled.jpg","contentUrl":"https:\/\/eurotrail.info\/wp\/wp-content\/uploads\/2023\/07\/ET-logo-quote_NL-scaled.jpg","width":2560,"height":675,"caption":"Eurotrail | The way we camp!"},"image":{"@id":"https:\/\/eurotrail.info\/#\/schema\/logo\/image\/"}}]}},"_links":{"self":[{"href":"https:\/\/eurotrail.info\/es\/wp-json\/wp\/v2\/product\/20722","targetHints":{"allow":["GET"]}}],"collection":[{"href":"https:\/\/eurotrail.info\/es\/wp-json\/wp\/v2\/product"}],"about":[{"href":"https:\/\/eurotrail.info\/es\/wp-json\/wp\/v2\/types\/product"}],"replies":[{"embeddable":true,"href":"https:\/\/eurotrail.info\/es\/wp-json\/wp\/v2\/comments?post=20722"}],"wp:featuredmedia":[{"embeddable":true,"href":"https:\/\/eurotrail.info\/es\/wp-json\/wp\/v2\/media\/19257"}],"wp:attachment":[{"href":"https:\/\/eurotrail.info\/es\/wp-json\/wp\/v2\/media?parent=20722"}],"wp:term":[{"taxonomy":"product_brand","embeddable":true,"href":"https:\/\/eurotrail.info\/es\/wp-json\/wp\/v2\/product_brand?post=20722"},{"taxonomy":"product_cat","embeddable":true,"href":"https:\/\/eurotrail.info\/es\/wp-json\/wp\/v2\/product_cat?post=20722"},{"taxonomy":"product_tag","embeddable":true,"href":"https:\/\/eurotrail.info\/es\/wp-json\/wp\/v2\/product_tag?post=20722"}],"curies":[{"name":"wp","href":"https:\/\/api.w.org\/{rel}","templated":true}]}}