{"id":20724,"date":"2019-01-21T09:51:12","date_gmt":"2019-01-21T08:51:12","guid":{"rendered":"https:\/\/eurotrail.info\/?post_type=product&#038;p=20724"},"modified":"2022-11-17T16:37:47","modified_gmt":"2022-11-17T15:37:47","slug":"sartenes-rimini-inoxidable-asas-plegables","status":"publish","type":"product","link":"https:\/\/eurotrail.info\/es\/producten\/domestico\/conjuntos-de-sartenes-de-acero-inoxidable\/sartenes-rimini-inoxidable-asas-plegables\/","title":{"rendered":"Sartenes Rimini inoxidable asas plegables"},"content":{"rendered":"<p>Sartenes de acero inoxidable de alta calidad con asas plegables. Estas asas plegables aseguran que las sartenes se puedan apilar completamente una dentro de la otra y, por lo tanto, ocupen poco espacio. Los mangos est\u00e1n provistos de una silicona resistente al calor y protectora. El set consta de 2 sartenes con tapas de cristal. El fondo tiene un fondo de c\u00e1psula y es adecuado para todas las fuentes de calor, incluida la inducci\u00f3n. Este juego tambi\u00e9n es apto para lavavajillas.<\/p>\n<p>Material: rvs<br \/>\nTapa: Vidrio<\/p>\n<p>Sart\u00e9n S: \u00d8 16x10cm, 1,9 ltr., 700 gr<br \/>\nSart\u00e9n L: \u00d8 20,5x15cm, 5,7 ltr., 1200 gr.<\/p>\n","protected":false},"excerpt":{"rendered":"<p>Sartenes de acero inoxidable de alta calidad con asas plegables. Estas asas plegables aseguran que las sartenes se puedan apilar completamente una dentro de la&hellip;<\/p>\n","protected":false},"featured_media":18435,"comment_status":"open","ping_status":"closed","template":"","meta":{"_acf_changed":false},"product_brand":[],"product_cat":[343,337],"product_tag":[],"class_list":{"0":"post-20724","1":"product","2":"type-product","3":"status-publish","4":"has-post-thumbnail","6":"product_cat-conjuntos-de-sartenes-de-acero-inoxidable","7":"product_cat-domestico","9":"first","10":"instock","11":"shipping-taxable","12":"product-type-simple"},"acf":[],"yoast_head":"<!-- This site is optimized with the Yoast SEO plugin v27.4 - https:\/\/yoast.com\/product\/yoast-seo-wordpress\/ -->\n<title>Sartenes Rimini inoxidable asas plegables - Eurotrail | The way we camp!<\/title>\n<meta name=\"description\" content=\"Sartenes de acero inoxidable de alta calidad con asas plegables. Estas asas plegables aseguran que las sartenes se puedan apilar completamente una dentro de la otra y, por lo tanto, ocupen poco espacio.\" \/>\n<meta name=\"robots\" content=\"index, follow, max-snippet:-1, max-image-preview:large, max-video-preview:-1\" \/>\n<link rel=\"canonical\" href=\"https:\/\/eurotrail.info\/es\/producten\/domestico\/conjuntos-de-sartenes-de-acero-inoxidable\/sartenes-rimini-inoxidable-asas-plegables\/\" \/>\n<meta property=\"og:locale\" content=\"es_ES\" \/>\n<meta property=\"og:type\" content=\"article\" \/>\n<meta property=\"og:title\" content=\"Sartenes Rimini inoxidable asas plegables - Eurotrail | The way we camp!\" \/>\n<meta property=\"og:description\" content=\"Sartenes de acero inoxidable de alta calidad con asas plegables. Estas asas plegables aseguran que las sartenes se puedan apilar completamente una dentro de la otra y, por lo tanto, ocupen poco espacio.\" \/>\n<meta property=\"og:url\" content=\"https:\/\/eurotrail.info\/es\/producten\/domestico\/conjuntos-de-sartenes-de-acero-inoxidable\/sartenes-rimini-inoxidable-asas-plegables\/\" \/>\n<meta property=\"og:site_name\" content=\"Eurotrail | The way we camp!\" \/>\n<meta property=\"article:modified_time\" content=\"2022-11-17T15:37:47+00:00\" \/>\n<meta property=\"og:image\" content=\"https:\/\/eurotrail.info\/wp\/wp-content\/uploads\/2019\/01\/ETKW5216-Rimini-set-19-2.jpg\" \/>\n\t<meta property=\"og:image:width\" content=\"1772\" \/>\n\t<meta property=\"og:image:height\" content=\"1060\" \/>\n\t<meta property=\"og:image:type\" content=\"image\/jpeg\" \/>\n<meta name=\"twitter:card\" content=\"summary_large_image\" \/>\n<meta name=\"twitter:label1\" content=\"Tiempo de lectura\" \/>\n\t<meta name=\"twitter:data1\" content=\"1 minute\" \/>\n<script type=\"application\/ld+json\" class=\"yoast-schema-graph\">{\"@context\":\"https:\\\/\\\/schema.org\",\"@graph\":[{\"@type\":\"WebPage\",\"@id\":\"https:\\\/\\\/eurotrail.info\\\/es\\\/producten\\\/domestico\\\/conjuntos-de-sartenes-de-acero-inoxidable\\\/sartenes-rimini-inoxidable-asas-plegables\\\/\",\"url\":\"https:\\\/\\\/eurotrail.info\\\/es\\\/producten\\\/domestico\\\/conjuntos-de-sartenes-de-acero-inoxidable\\\/sartenes-rimini-inoxidable-asas-plegables\\\/\",\"name\":\"Sartenes Rimini inoxidable asas plegables - Eurotrail | The way we camp!\",\"isPartOf\":{\"@id\":\"https:\\\/\\\/eurotrail.info\\\/#website\"},\"primaryImageOfPage\":{\"@id\":\"https:\\\/\\\/eurotrail.info\\\/es\\\/producten\\\/domestico\\\/conjuntos-de-sartenes-de-acero-inoxidable\\\/sartenes-rimini-inoxidable-asas-plegables\\\/#primaryimage\"},\"image\":{\"@id\":\"https:\\\/\\\/eurotrail.info\\\/es\\\/producten\\\/domestico\\\/conjuntos-de-sartenes-de-acero-inoxidable\\\/sartenes-rimini-inoxidable-asas-plegables\\\/#primaryimage\"},\"thumbnailUrl\":\"https:\\\/\\\/eurotrail.info\\\/wp\\\/wp-content\\\/uploads\\\/2019\\\/01\\\/ETKW5216-Rimini-set-19-2.jpg\",\"datePublished\":\"2019-01-21T08:51:12+00:00\",\"dateModified\":\"2022-11-17T15:37:47+00:00\",\"description\":\"Sartenes de acero inoxidable de alta calidad con asas plegables. Estas asas plegables aseguran que las sartenes se puedan apilar completamente una dentro de la otra y, por lo tanto, ocupen poco espacio.\",\"breadcrumb\":{\"@id\":\"https:\\\/\\\/eurotrail.info\\\/es\\\/producten\\\/domestico\\\/conjuntos-de-sartenes-de-acero-inoxidable\\\/sartenes-rimini-inoxidable-asas-plegables\\\/#breadcrumb\"},\"inLanguage\":\"es-ES\",\"potentialAction\":[{\"@type\":\"ReadAction\",\"target\":[\"https:\\\/\\\/eurotrail.info\\\/es\\\/producten\\\/domestico\\\/conjuntos-de-sartenes-de-acero-inoxidable\\\/sartenes-rimini-inoxidable-asas-plegables\\\/\"]}]},{\"@type\":\"ImageObject\",\"inLanguage\":\"es-ES\",\"@id\":\"https:\\\/\\\/eurotrail.info\\\/es\\\/producten\\\/domestico\\\/conjuntos-de-sartenes-de-acero-inoxidable\\\/sartenes-rimini-inoxidable-asas-plegables\\\/#primaryimage\",\"url\":\"https:\\\/\\\/eurotrail.info\\\/wp\\\/wp-content\\\/uploads\\\/2019\\\/01\\\/ETKW5216-Rimini-set-19-2.jpg\",\"contentUrl\":\"https:\\\/\\\/eurotrail.info\\\/wp\\\/wp-content\\\/uploads\\\/2019\\\/01\\\/ETKW5216-Rimini-set-19-2.jpg\",\"width\":1772,\"height\":1060,\"caption\":\"Hoogwaardige roestvrijstalen pannen voorzien van inklapbare handgrepen.\"},{\"@type\":\"BreadcrumbList\",\"@id\":\"https:\\\/\\\/eurotrail.info\\\/es\\\/producten\\\/domestico\\\/conjuntos-de-sartenes-de-acero-inoxidable\\\/sartenes-rimini-inoxidable-asas-plegables\\\/#breadcrumb\",\"itemListElement\":[{\"@type\":\"ListItem\",\"position\":1,\"name\":\"Home\",\"item\":\"https:\\\/\\\/eurotrail.info\\\/es\\\/\"},{\"@type\":\"ListItem\",\"position\":2,\"name\":\"Productos\",\"item\":\"https:\\\/\\\/eurotrail.info\\\/es\\\/productos\\\/\"},{\"@type\":\"ListItem\",\"position\":3,\"name\":\"Sartenes Rimini inoxidable asas plegables\"}]},{\"@type\":\"WebSite\",\"@id\":\"https:\\\/\\\/eurotrail.info\\\/#website\",\"url\":\"https:\\\/\\\/eurotrail.info\\\/\",\"name\":\"Eurotrail | The way we camp!\",\"description\":\"\",\"publisher\":{\"@id\":\"https:\\\/\\\/eurotrail.info\\\/#organization\"},\"potentialAction\":[{\"@type\":\"SearchAction\",\"target\":{\"@type\":\"EntryPoint\",\"urlTemplate\":\"https:\\\/\\\/eurotrail.info\\\/?s={search_term_string}\"},\"query-input\":{\"@type\":\"PropertyValueSpecification\",\"valueRequired\":true,\"valueName\":\"search_term_string\"}}],\"inLanguage\":\"es-ES\"},{\"@type\":\"Organization\",\"@id\":\"https:\\\/\\\/eurotrail.info\\\/#organization\",\"name\":\"Eurotrail | The way we camp!\",\"url\":\"https:\\\/\\\/eurotrail.info\\\/\",\"logo\":{\"@type\":\"ImageObject\",\"inLanguage\":\"es-ES\",\"@id\":\"https:\\\/\\\/eurotrail.info\\\/#\\\/schema\\\/logo\\\/image\\\/\",\"url\":\"https:\\\/\\\/eurotrail.info\\\/wp\\\/wp-content\\\/uploads\\\/2023\\\/07\\\/ET-logo-quote_NL-scaled.jpg\",\"contentUrl\":\"https:\\\/\\\/eurotrail.info\\\/wp\\\/wp-content\\\/uploads\\\/2023\\\/07\\\/ET-logo-quote_NL-scaled.jpg\",\"width\":2560,\"height\":675,\"caption\":\"Eurotrail | The way we camp!\"},\"image\":{\"@id\":\"https:\\\/\\\/eurotrail.info\\\/#\\\/schema\\\/logo\\\/image\\\/\"}}]}<\/script>\n<!-- \/ Yoast SEO plugin. -->","yoast_head_json":{"title":"Sartenes Rimini inoxidable asas plegables - Eurotrail | The way we camp!","description":"Sartenes de acero inoxidable de alta calidad con asas plegables. Estas asas plegables aseguran que las sartenes se puedan apilar completamente una dentro de la otra y, por lo tanto, ocupen poco espacio.","robots":{"index":"index","follow":"follow","max-snippet":"max-snippet:-1","max-image-preview":"max-image-preview:large","max-video-preview":"max-video-preview:-1"},"canonical":"https:\/\/eurotrail.info\/es\/producten\/domestico\/conjuntos-de-sartenes-de-acero-inoxidable\/sartenes-rimini-inoxidable-asas-plegables\/","og_locale":"es_ES","og_type":"article","og_title":"Sartenes Rimini inoxidable asas plegables - Eurotrail | The way we camp!","og_description":"Sartenes de acero inoxidable de alta calidad con asas plegables. Estas asas plegables aseguran que las sartenes se puedan apilar completamente una dentro de la otra y, por lo tanto, ocupen poco espacio.","og_url":"https:\/\/eurotrail.info\/es\/producten\/domestico\/conjuntos-de-sartenes-de-acero-inoxidable\/sartenes-rimini-inoxidable-asas-plegables\/","og_site_name":"Eurotrail | The way we camp!","article_modified_time":"2022-11-17T15:37:47+00:00","og_image":[{"width":1772,"height":1060,"url":"https:\/\/eurotrail.info\/wp\/wp-content\/uploads\/2019\/01\/ETKW5216-Rimini-set-19-2.jpg","type":"image\/jpeg"}],"twitter_card":"summary_large_image","twitter_misc":{"Tiempo de lectura":"1 minute"},"schema":{"@context":"https:\/\/schema.org","@graph":[{"@type":"WebPage","@id":"https:\/\/eurotrail.info\/es\/producten\/domestico\/conjuntos-de-sartenes-de-acero-inoxidable\/sartenes-rimini-inoxidable-asas-plegables\/","url":"https:\/\/eurotrail.info\/es\/producten\/domestico\/conjuntos-de-sartenes-de-acero-inoxidable\/sartenes-rimini-inoxidable-asas-plegables\/","name":"Sartenes Rimini inoxidable asas plegables - Eurotrail | The way we camp!","isPartOf":{"@id":"https:\/\/eurotrail.info\/#website"},"primaryImageOfPage":{"@id":"https:\/\/eurotrail.info\/es\/producten\/domestico\/conjuntos-de-sartenes-de-acero-inoxidable\/sartenes-rimini-inoxidable-asas-plegables\/#primaryimage"},"image":{"@id":"https:\/\/eurotrail.info\/es\/producten\/domestico\/conjuntos-de-sartenes-de-acero-inoxidable\/sartenes-rimini-inoxidable-asas-plegables\/#primaryimage"},"thumbnailUrl":"https:\/\/eurotrail.info\/wp\/wp-content\/uploads\/2019\/01\/ETKW5216-Rimini-set-19-2.jpg","datePublished":"2019-01-21T08:51:12+00:00","dateModified":"2022-11-17T15:37:47+00:00","description":"Sartenes de acero inoxidable de alta calidad con asas plegables. Estas asas plegables aseguran que las sartenes se puedan apilar completamente una dentro de la otra y, por lo tanto, ocupen poco espacio.","breadcrumb":{"@id":"https:\/\/eurotrail.info\/es\/producten\/domestico\/conjuntos-de-sartenes-de-acero-inoxidable\/sartenes-rimini-inoxidable-asas-plegables\/#breadcrumb"},"inLanguage":"es-ES","potentialAction":[{"@type":"ReadAction","target":["https:\/\/eurotrail.info\/es\/producten\/domestico\/conjuntos-de-sartenes-de-acero-inoxidable\/sartenes-rimini-inoxidable-asas-plegables\/"]}]},{"@type":"ImageObject","inLanguage":"es-ES","@id":"https:\/\/eurotrail.info\/es\/producten\/domestico\/conjuntos-de-sartenes-de-acero-inoxidable\/sartenes-rimini-inoxidable-asas-plegables\/#primaryimage","url":"https:\/\/eurotrail.info\/wp\/wp-content\/uploads\/2019\/01\/ETKW5216-Rimini-set-19-2.jpg","contentUrl":"https:\/\/eurotrail.info\/wp\/wp-content\/uploads\/2019\/01\/ETKW5216-Rimini-set-19-2.jpg","width":1772,"height":1060,"caption":"Hoogwaardige roestvrijstalen pannen voorzien van inklapbare handgrepen."},{"@type":"BreadcrumbList","@id":"https:\/\/eurotrail.info\/es\/producten\/domestico\/conjuntos-de-sartenes-de-acero-inoxidable\/sartenes-rimini-inoxidable-asas-plegables\/#breadcrumb","itemListElement":[{"@type":"ListItem","position":1,"name":"Home","item":"https:\/\/eurotrail.info\/es\/"},{"@type":"ListItem","position":2,"name":"Productos","item":"https:\/\/eurotrail.info\/es\/productos\/"},{"@type":"ListItem","position":3,"name":"Sartenes Rimini inoxidable asas plegables"}]},{"@type":"WebSite","@id":"https:\/\/eurotrail.info\/#website","url":"https:\/\/eurotrail.info\/","name":"Eurotrail | The way we camp!","description":"","publisher":{"@id":"https:\/\/eurotrail.info\/#organization"},"potentialAction":[{"@type":"SearchAction","target":{"@type":"EntryPoint","urlTemplate":"https:\/\/eurotrail.info\/?s={search_term_string}"},"query-input":{"@type":"PropertyValueSpecification","valueRequired":true,"valueName":"search_term_string"}}],"inLanguage":"es-ES"},{"@type":"Organization","@id":"https:\/\/eurotrail.info\/#organization","name":"Eurotrail | The way we camp!","url":"https:\/\/eurotrail.info\/","logo":{"@type":"ImageObject","inLanguage":"es-ES","@id":"https:\/\/eurotrail.info\/#\/schema\/logo\/image\/","url":"https:\/\/eurotrail.info\/wp\/wp-content\/uploads\/2023\/07\/ET-logo-quote_NL-scaled.jpg","contentUrl":"https:\/\/eurotrail.info\/wp\/wp-content\/uploads\/2023\/07\/ET-logo-quote_NL-scaled.jpg","width":2560,"height":675,"caption":"Eurotrail | The way we camp!"},"image":{"@id":"https:\/\/eurotrail.info\/#\/schema\/logo\/image\/"}}]}},"_links":{"self":[{"href":"https:\/\/eurotrail.info\/es\/wp-json\/wp\/v2\/product\/20724","targetHints":{"allow":["GET"]}}],"collection":[{"href":"https:\/\/eurotrail.info\/es\/wp-json\/wp\/v2\/product"}],"about":[{"href":"https:\/\/eurotrail.info\/es\/wp-json\/wp\/v2\/types\/product"}],"replies":[{"embeddable":true,"href":"https:\/\/eurotrail.info\/es\/wp-json\/wp\/v2\/comments?post=20724"}],"wp:featuredmedia":[{"embeddable":true,"href":"https:\/\/eurotrail.info\/es\/wp-json\/wp\/v2\/media\/18435"}],"wp:attachment":[{"href":"https:\/\/eurotrail.info\/es\/wp-json\/wp\/v2\/media?parent=20724"}],"wp:term":[{"taxonomy":"product_brand","embeddable":true,"href":"https:\/\/eurotrail.info\/es\/wp-json\/wp\/v2\/product_brand?post=20724"},{"taxonomy":"product_cat","embeddable":true,"href":"https:\/\/eurotrail.info\/es\/wp-json\/wp\/v2\/product_cat?post=20724"},{"taxonomy":"product_tag","embeddable":true,"href":"https:\/\/eurotrail.info\/es\/wp-json\/wp\/v2\/product_tag?post=20724"}],"curies":[{"name":"wp","href":"https:\/\/api.w.org\/{rel}","templated":true}]}}