{"id":20730,"date":"2020-11-20T15:21:35","date_gmt":"2022-11-21T14:42:29","guid":{"rendered":"https:\/\/eurotrail.info\/?post_type=product&#038;p=20730"},"modified":"2022-11-21T15:43:05","modified_gmt":"2022-11-21T14:43:05","slug":"lampara-matamosquitos-recargable","status":"publish","type":"product","link":"https:\/\/eurotrail.info\/es\/producten\/domestico\/lampara-de-mosquitos\/lampara-matamosquitos-recargable\/","title":{"rendered":"L\u00e1mpara matamosquitos &#8211; recargable"},"content":{"rendered":"<p>L\u00e1mpara antimosquitos recargable de dise\u00f1o elegante y elegante con tubo LED. El dise\u00f1o anular de 360\u2070 maximiza el efecto de atraer insectos. Ideal para usar en el camping en la caravana, toldo, tienda familiar o en cualquier otro lugar.<br \/>\nEl tubo LED emite una fuerte luz ultravioleta que ataca a los mosquitos en un \u00e1rea de 12 m2, ahorra energ\u00eda (hasta un 50 %) y ofrece una larga vida \u00fatil (12000-15000 horas). Bandeja de recogida extra\u00edble para recoger los mosquitos muertos. Asa arqueada para llevar la l\u00e1mpara. La rejilla de tensi\u00f3n de 1000V mata al insecto al instante. La potente bater\u00eda de litio recargable ofrece suficiente energ\u00eda para trabajar hasta 6 a 7 horas.<\/p>\n<p><a href=\"https:\/\/eurotrail.info\/wp\/wp-content\/uploads\/2020\/11\/Muggenlamp-manual-.pdf\">Eurotrail Insect Zapper manual<\/a><\/p>\n<p>Material: ABS\/como<br \/>\nTubo LED: G5 T5 BL F4W LED<br \/>\nPotencia: 4 vatios<br \/>\nColor blanco<br \/>\nBater\u00eda recargable: \u00a05200MA Litio 6 horas de carga \/ 7 horas. usar<br \/>\nTama\u00f1o: 31 x \u00d8 18 cm<br \/>\nPeso: 790 gr.<\/p>\n","protected":false},"excerpt":{"rendered":"<p>L\u00e1mpara antimosquitos recargable de dise\u00f1o elegante y elegante con tubo LED. El dise\u00f1o anular de 360\u2070 maximiza el efecto de atraer insectos. Ideal para usar&hellip;<\/p>\n","protected":false},"featured_media":19131,"comment_status":"open","ping_status":"closed","template":"","meta":{"_acf_changed":false},"product_brand":[],"product_cat":[337,342],"product_tag":[],"class_list":{"0":"post-20730","1":"product","2":"type-product","3":"status-publish","4":"has-post-thumbnail","6":"product_cat-domestico","7":"product_cat-lampara-de-mosquitos","9":"first","10":"instock","11":"shipping-taxable","12":"product-type-simple"},"acf":[],"yoast_head":"<!-- This site is optimized with the Yoast SEO plugin v27.4 - https:\/\/yoast.com\/product\/yoast-seo-wordpress\/ -->\n<title>L\u00e1mpara matamosquitos - recargable - Eurotrail | The way we camp!<\/title>\n<meta name=\"description\" content=\"L\u00e1mpara antimosquitos recargable de dise\u00f1o elegante y elegante con tubo LED. El dise\u00f1o anular de 360\u2070 maximiza el efecto de atraer insectos.\" \/>\n<meta name=\"robots\" content=\"index, follow, max-snippet:-1, max-image-preview:large, max-video-preview:-1\" \/>\n<link rel=\"canonical\" href=\"https:\/\/eurotrail.info\/es\/producten\/domestico\/lampara-de-mosquitos\/lampara-matamosquitos-recargable\/\" \/>\n<meta property=\"og:locale\" content=\"es_ES\" \/>\n<meta property=\"og:type\" content=\"article\" \/>\n<meta property=\"og:title\" content=\"L\u00e1mpara matamosquitos - recargable - Eurotrail | The way we camp!\" \/>\n<meta property=\"og:description\" content=\"L\u00e1mpara antimosquitos recargable de dise\u00f1o elegante y elegante con tubo LED. El dise\u00f1o anular de 360\u2070 maximiza el efecto de atraer insectos.\" \/>\n<meta property=\"og:url\" content=\"https:\/\/eurotrail.info\/es\/producten\/domestico\/lampara-de-mosquitos\/lampara-matamosquitos-recargable\/\" \/>\n<meta property=\"og:site_name\" content=\"Eurotrail | The way we camp!\" \/>\n<meta property=\"article:modified_time\" content=\"2022-11-21T14:43:05+00:00\" \/>\n<meta property=\"og:image\" content=\"https:\/\/eurotrail.info\/wp\/wp-content\/uploads\/2020\/11\/ETLT1536-Mosquito-lamp-Rechargable-Set-21.jpg\" \/>\n\t<meta property=\"og:image:width\" content=\"894\" \/>\n\t<meta property=\"og:image:height\" content=\"1772\" \/>\n\t<meta property=\"og:image:type\" content=\"image\/jpeg\" \/>\n<meta name=\"twitter:card\" content=\"summary_large_image\" \/>\n<meta name=\"twitter:label1\" content=\"Tiempo de lectura\" \/>\n\t<meta name=\"twitter:data1\" content=\"1 minute\" \/>\n<script type=\"application\/ld+json\" class=\"yoast-schema-graph\">{\"@context\":\"https:\\\/\\\/schema.org\",\"@graph\":[{\"@type\":\"WebPage\",\"@id\":\"https:\\\/\\\/eurotrail.info\\\/es\\\/producten\\\/domestico\\\/lampara-de-mosquitos\\\/lampara-matamosquitos-recargable\\\/\",\"url\":\"https:\\\/\\\/eurotrail.info\\\/es\\\/producten\\\/domestico\\\/lampara-de-mosquitos\\\/lampara-matamosquitos-recargable\\\/\",\"name\":\"L\u00e1mpara matamosquitos - recargable - Eurotrail | The way we camp!\",\"isPartOf\":{\"@id\":\"https:\\\/\\\/eurotrail.info\\\/#website\"},\"primaryImageOfPage\":{\"@id\":\"https:\\\/\\\/eurotrail.info\\\/es\\\/producten\\\/domestico\\\/lampara-de-mosquitos\\\/lampara-matamosquitos-recargable\\\/#primaryimage\"},\"image\":{\"@id\":\"https:\\\/\\\/eurotrail.info\\\/es\\\/producten\\\/domestico\\\/lampara-de-mosquitos\\\/lampara-matamosquitos-recargable\\\/#primaryimage\"},\"thumbnailUrl\":\"https:\\\/\\\/eurotrail.info\\\/wp\\\/wp-content\\\/uploads\\\/2020\\\/11\\\/ETLT1536-Mosquito-lamp-Rechargable-Set-21.jpg\",\"datePublished\":\"2022-11-21T14:42:29+00:00\",\"dateModified\":\"2022-11-21T14:43:05+00:00\",\"description\":\"L\u00e1mpara antimosquitos recargable de dise\u00f1o elegante y elegante con tubo LED. El dise\u00f1o anular de 360\u2070 maximiza el efecto de atraer insectos.\",\"breadcrumb\":{\"@id\":\"https:\\\/\\\/eurotrail.info\\\/es\\\/producten\\\/domestico\\\/lampara-de-mosquitos\\\/lampara-matamosquitos-recargable\\\/#breadcrumb\"},\"inLanguage\":\"es-ES\",\"potentialAction\":[{\"@type\":\"ReadAction\",\"target\":[\"https:\\\/\\\/eurotrail.info\\\/es\\\/producten\\\/domestico\\\/lampara-de-mosquitos\\\/lampara-matamosquitos-recargable\\\/\"]}]},{\"@type\":\"ImageObject\",\"inLanguage\":\"es-ES\",\"@id\":\"https:\\\/\\\/eurotrail.info\\\/es\\\/producten\\\/domestico\\\/lampara-de-mosquitos\\\/lampara-matamosquitos-recargable\\\/#primaryimage\",\"url\":\"https:\\\/\\\/eurotrail.info\\\/wp\\\/wp-content\\\/uploads\\\/2020\\\/11\\\/ETLT1536-Mosquito-lamp-Rechargable-Set-21.jpg\",\"contentUrl\":\"https:\\\/\\\/eurotrail.info\\\/wp\\\/wp-content\\\/uploads\\\/2020\\\/11\\\/ETLT1536-Mosquito-lamp-Rechargable-Set-21.jpg\",\"width\":894,\"height\":1772},{\"@type\":\"BreadcrumbList\",\"@id\":\"https:\\\/\\\/eurotrail.info\\\/es\\\/producten\\\/domestico\\\/lampara-de-mosquitos\\\/lampara-matamosquitos-recargable\\\/#breadcrumb\",\"itemListElement\":[{\"@type\":\"ListItem\",\"position\":1,\"name\":\"Home\",\"item\":\"https:\\\/\\\/eurotrail.info\\\/es\\\/\"},{\"@type\":\"ListItem\",\"position\":2,\"name\":\"Productos\",\"item\":\"https:\\\/\\\/eurotrail.info\\\/es\\\/productos\\\/\"},{\"@type\":\"ListItem\",\"position\":3,\"name\":\"L\u00e1mpara matamosquitos &#8211; recargable\"}]},{\"@type\":\"WebSite\",\"@id\":\"https:\\\/\\\/eurotrail.info\\\/#website\",\"url\":\"https:\\\/\\\/eurotrail.info\\\/\",\"name\":\"Eurotrail | The way we camp!\",\"description\":\"\",\"publisher\":{\"@id\":\"https:\\\/\\\/eurotrail.info\\\/#organization\"},\"potentialAction\":[{\"@type\":\"SearchAction\",\"target\":{\"@type\":\"EntryPoint\",\"urlTemplate\":\"https:\\\/\\\/eurotrail.info\\\/?s={search_term_string}\"},\"query-input\":{\"@type\":\"PropertyValueSpecification\",\"valueRequired\":true,\"valueName\":\"search_term_string\"}}],\"inLanguage\":\"es-ES\"},{\"@type\":\"Organization\",\"@id\":\"https:\\\/\\\/eurotrail.info\\\/#organization\",\"name\":\"Eurotrail | The way we camp!\",\"url\":\"https:\\\/\\\/eurotrail.info\\\/\",\"logo\":{\"@type\":\"ImageObject\",\"inLanguage\":\"es-ES\",\"@id\":\"https:\\\/\\\/eurotrail.info\\\/#\\\/schema\\\/logo\\\/image\\\/\",\"url\":\"https:\\\/\\\/eurotrail.info\\\/wp\\\/wp-content\\\/uploads\\\/2023\\\/07\\\/ET-logo-quote_NL-scaled.jpg\",\"contentUrl\":\"https:\\\/\\\/eurotrail.info\\\/wp\\\/wp-content\\\/uploads\\\/2023\\\/07\\\/ET-logo-quote_NL-scaled.jpg\",\"width\":2560,\"height\":675,\"caption\":\"Eurotrail | The way we camp!\"},\"image\":{\"@id\":\"https:\\\/\\\/eurotrail.info\\\/#\\\/schema\\\/logo\\\/image\\\/\"}}]}<\/script>\n<!-- \/ Yoast SEO plugin. -->","yoast_head_json":{"title":"L\u00e1mpara matamosquitos - recargable - Eurotrail | The way we camp!","description":"L\u00e1mpara antimosquitos recargable de dise\u00f1o elegante y elegante con tubo LED. El dise\u00f1o anular de 360\u2070 maximiza el efecto de atraer insectos.","robots":{"index":"index","follow":"follow","max-snippet":"max-snippet:-1","max-image-preview":"max-image-preview:large","max-video-preview":"max-video-preview:-1"},"canonical":"https:\/\/eurotrail.info\/es\/producten\/domestico\/lampara-de-mosquitos\/lampara-matamosquitos-recargable\/","og_locale":"es_ES","og_type":"article","og_title":"L\u00e1mpara matamosquitos - recargable - Eurotrail | The way we camp!","og_description":"L\u00e1mpara antimosquitos recargable de dise\u00f1o elegante y elegante con tubo LED. El dise\u00f1o anular de 360\u2070 maximiza el efecto de atraer insectos.","og_url":"https:\/\/eurotrail.info\/es\/producten\/domestico\/lampara-de-mosquitos\/lampara-matamosquitos-recargable\/","og_site_name":"Eurotrail | The way we camp!","article_modified_time":"2022-11-21T14:43:05+00:00","og_image":[{"width":894,"height":1772,"url":"https:\/\/eurotrail.info\/wp\/wp-content\/uploads\/2020\/11\/ETLT1536-Mosquito-lamp-Rechargable-Set-21.jpg","type":"image\/jpeg"}],"twitter_card":"summary_large_image","twitter_misc":{"Tiempo de lectura":"1 minute"},"schema":{"@context":"https:\/\/schema.org","@graph":[{"@type":"WebPage","@id":"https:\/\/eurotrail.info\/es\/producten\/domestico\/lampara-de-mosquitos\/lampara-matamosquitos-recargable\/","url":"https:\/\/eurotrail.info\/es\/producten\/domestico\/lampara-de-mosquitos\/lampara-matamosquitos-recargable\/","name":"L\u00e1mpara matamosquitos - recargable - Eurotrail | The way we camp!","isPartOf":{"@id":"https:\/\/eurotrail.info\/#website"},"primaryImageOfPage":{"@id":"https:\/\/eurotrail.info\/es\/producten\/domestico\/lampara-de-mosquitos\/lampara-matamosquitos-recargable\/#primaryimage"},"image":{"@id":"https:\/\/eurotrail.info\/es\/producten\/domestico\/lampara-de-mosquitos\/lampara-matamosquitos-recargable\/#primaryimage"},"thumbnailUrl":"https:\/\/eurotrail.info\/wp\/wp-content\/uploads\/2020\/11\/ETLT1536-Mosquito-lamp-Rechargable-Set-21.jpg","datePublished":"2022-11-21T14:42:29+00:00","dateModified":"2022-11-21T14:43:05+00:00","description":"L\u00e1mpara antimosquitos recargable de dise\u00f1o elegante y elegante con tubo LED. El dise\u00f1o anular de 360\u2070 maximiza el efecto de atraer insectos.","breadcrumb":{"@id":"https:\/\/eurotrail.info\/es\/producten\/domestico\/lampara-de-mosquitos\/lampara-matamosquitos-recargable\/#breadcrumb"},"inLanguage":"es-ES","potentialAction":[{"@type":"ReadAction","target":["https:\/\/eurotrail.info\/es\/producten\/domestico\/lampara-de-mosquitos\/lampara-matamosquitos-recargable\/"]}]},{"@type":"ImageObject","inLanguage":"es-ES","@id":"https:\/\/eurotrail.info\/es\/producten\/domestico\/lampara-de-mosquitos\/lampara-matamosquitos-recargable\/#primaryimage","url":"https:\/\/eurotrail.info\/wp\/wp-content\/uploads\/2020\/11\/ETLT1536-Mosquito-lamp-Rechargable-Set-21.jpg","contentUrl":"https:\/\/eurotrail.info\/wp\/wp-content\/uploads\/2020\/11\/ETLT1536-Mosquito-lamp-Rechargable-Set-21.jpg","width":894,"height":1772},{"@type":"BreadcrumbList","@id":"https:\/\/eurotrail.info\/es\/producten\/domestico\/lampara-de-mosquitos\/lampara-matamosquitos-recargable\/#breadcrumb","itemListElement":[{"@type":"ListItem","position":1,"name":"Home","item":"https:\/\/eurotrail.info\/es\/"},{"@type":"ListItem","position":2,"name":"Productos","item":"https:\/\/eurotrail.info\/es\/productos\/"},{"@type":"ListItem","position":3,"name":"L\u00e1mpara matamosquitos &#8211; recargable"}]},{"@type":"WebSite","@id":"https:\/\/eurotrail.info\/#website","url":"https:\/\/eurotrail.info\/","name":"Eurotrail | The way we camp!","description":"","publisher":{"@id":"https:\/\/eurotrail.info\/#organization"},"potentialAction":[{"@type":"SearchAction","target":{"@type":"EntryPoint","urlTemplate":"https:\/\/eurotrail.info\/?s={search_term_string}"},"query-input":{"@type":"PropertyValueSpecification","valueRequired":true,"valueName":"search_term_string"}}],"inLanguage":"es-ES"},{"@type":"Organization","@id":"https:\/\/eurotrail.info\/#organization","name":"Eurotrail | The way we camp!","url":"https:\/\/eurotrail.info\/","logo":{"@type":"ImageObject","inLanguage":"es-ES","@id":"https:\/\/eurotrail.info\/#\/schema\/logo\/image\/","url":"https:\/\/eurotrail.info\/wp\/wp-content\/uploads\/2023\/07\/ET-logo-quote_NL-scaled.jpg","contentUrl":"https:\/\/eurotrail.info\/wp\/wp-content\/uploads\/2023\/07\/ET-logo-quote_NL-scaled.jpg","width":2560,"height":675,"caption":"Eurotrail | The way we camp!"},"image":{"@id":"https:\/\/eurotrail.info\/#\/schema\/logo\/image\/"}}]}},"_links":{"self":[{"href":"https:\/\/eurotrail.info\/es\/wp-json\/wp\/v2\/product\/20730","targetHints":{"allow":["GET"]}}],"collection":[{"href":"https:\/\/eurotrail.info\/es\/wp-json\/wp\/v2\/product"}],"about":[{"href":"https:\/\/eurotrail.info\/es\/wp-json\/wp\/v2\/types\/product"}],"replies":[{"embeddable":true,"href":"https:\/\/eurotrail.info\/es\/wp-json\/wp\/v2\/comments?post=20730"}],"wp:featuredmedia":[{"embeddable":true,"href":"https:\/\/eurotrail.info\/es\/wp-json\/wp\/v2\/media\/19131"}],"wp:attachment":[{"href":"https:\/\/eurotrail.info\/es\/wp-json\/wp\/v2\/media?parent=20730"}],"wp:term":[{"taxonomy":"product_brand","embeddable":true,"href":"https:\/\/eurotrail.info\/es\/wp-json\/wp\/v2\/product_brand?post=20730"},{"taxonomy":"product_cat","embeddable":true,"href":"https:\/\/eurotrail.info\/es\/wp-json\/wp\/v2\/product_cat?post=20730"},{"taxonomy":"product_tag","embeddable":true,"href":"https:\/\/eurotrail.info\/es\/wp-json\/wp\/v2\/product_tag?post=20730"}],"curies":[{"name":"wp","href":"https:\/\/api.w.org\/{rel}","templated":true}]}}