{"id":20731,"date":"2019-01-21T13:03:27","date_gmt":"2022-11-21T14:45:48","guid":{"rendered":"https:\/\/eurotrail.info\/?post_type=product&#038;p=20731"},"modified":"2022-11-21T15:45:48","modified_gmt":"2022-11-21T14:45:48","slug":"lampara-de-mosquitos-2-1","status":"publish","type":"product","link":"https:\/\/eurotrail.info\/es\/producten\/domestico\/lampara-de-mosquitos\/lampara-de-mosquitos-2-1\/","title":{"rendered":"L\u00e1mpara de mosquitos 2-1"},"content":{"rendered":"<p>L\u00e1mpara antimosquitos recargable con funci\u00f3n 2-1. La l\u00e1mpara da una luz brillante y con la luz ultravioleta especial tambi\u00e9n funciona como trampa para mosquitos. La luz violeta UV-LED atrae a los mosquitos en un radio de 5 metros, que luego son eliminados autom\u00e1ticamente por la espiral. La l\u00e1mpara funciona sin qu\u00edmicos ni l\u00edquidos y es 100% segura para ni\u00f1os y animales. Equipado con gancho, resistente a salpicaduras (IP44) y f\u00e1cil de limpiar. Perfecto para uso al aire libre en \u00e1reas m\u00e1s peque\u00f1as como carpas peque\u00f1as o carpas interiores. Uso: cuando la l\u00e1mpara est\u00e1 encendida 7 horas, con l\u00e1mpara violeta 8 horas. Tiempo de carga 3 horas.<\/p>\n<p>Potencia: iluminaci\u00f3n 3W,<br \/>\n: Mosquito UV-LED 365-395nm, 2W<br \/>\nCarga: USB DC5v 1000MA<br \/>\nRejilla: voltaje 2000V<br \/>\n\u00c1rea efectiva: 5 mtr. di\u00e1metro<br \/>\nMaterial: ABS con tapa de silicona.<br \/>\nL\u00e1mpara: SMD 2835<br \/>\nL\u00famenes: 70LM<br \/>\nAcumulador: 2000MAH<\/p>\n","protected":false},"excerpt":{"rendered":"<p>L\u00e1mpara antimosquitos recargable con funci\u00f3n 2-1. La l\u00e1mpara da una luz brillante y con la luz ultravioleta especial tambi\u00e9n funciona como trampa para mosquitos. La&hellip;<\/p>\n","protected":false},"featured_media":18482,"comment_status":"open","ping_status":"closed","template":"","meta":{"_acf_changed":false},"product_brand":[],"product_cat":[337,342],"product_tag":[],"class_list":{"0":"post-20731","1":"product","2":"type-product","3":"status-publish","4":"has-post-thumbnail","6":"product_cat-domestico","7":"product_cat-lampara-de-mosquitos","9":"first","10":"instock","11":"shipping-taxable","12":"product-type-simple"},"acf":[],"yoast_head":"<!-- This site is optimized with the Yoast SEO plugin v27.4 - https:\/\/yoast.com\/product\/yoast-seo-wordpress\/ -->\n<title>L\u00e1mpara de mosquitos 2-1 - Eurotrail | The way we camp!<\/title>\n<meta name=\"description\" content=\"L\u00e1mpara antimosquitos recargable con funci\u00f3n 2-1. La l\u00e1mpara da una luz brillante y con la luz ultravioleta especial tambi\u00e9n funciona como trampa para mosquitos.\" \/>\n<meta name=\"robots\" content=\"index, follow, max-snippet:-1, max-image-preview:large, max-video-preview:-1\" \/>\n<link rel=\"canonical\" href=\"https:\/\/eurotrail.info\/es\/producten\/domestico\/lampara-de-mosquitos\/lampara-de-mosquitos-2-1\/\" \/>\n<meta property=\"og:locale\" content=\"es_ES\" \/>\n<meta property=\"og:type\" content=\"article\" \/>\n<meta property=\"og:title\" content=\"L\u00e1mpara de mosquitos 2-1 - Eurotrail | The way we camp!\" \/>\n<meta property=\"og:description\" content=\"L\u00e1mpara antimosquitos recargable con funci\u00f3n 2-1. La l\u00e1mpara da una luz brillante y con la luz ultravioleta especial tambi\u00e9n funciona como trampa para mosquitos.\" \/>\n<meta property=\"og:url\" content=\"https:\/\/eurotrail.info\/es\/producten\/domestico\/lampara-de-mosquitos\/lampara-de-mosquitos-2-1\/\" \/>\n<meta property=\"og:site_name\" content=\"Eurotrail | The way we camp!\" \/>\n<meta property=\"og:image\" content=\"https:\/\/eurotrail.info\/wp\/wp-content\/uploads\/2019\/01\/ETLT1511-Mosquito-killer-UV-on.jpg\" \/>\n\t<meta property=\"og:image:width\" content=\"633\" \/>\n\t<meta property=\"og:image:height\" content=\"993\" \/>\n\t<meta property=\"og:image:type\" content=\"image\/jpeg\" \/>\n<meta name=\"twitter:card\" content=\"summary_large_image\" \/>\n<meta name=\"twitter:label1\" content=\"Tiempo de lectura\" \/>\n\t<meta name=\"twitter:data1\" content=\"1 minute\" \/>\n<script type=\"application\/ld+json\" class=\"yoast-schema-graph\">{\"@context\":\"https:\\\/\\\/schema.org\",\"@graph\":[{\"@type\":\"WebPage\",\"@id\":\"https:\\\/\\\/eurotrail.info\\\/es\\\/producten\\\/domestico\\\/lampara-de-mosquitos\\\/lampara-de-mosquitos-2-1\\\/\",\"url\":\"https:\\\/\\\/eurotrail.info\\\/es\\\/producten\\\/domestico\\\/lampara-de-mosquitos\\\/lampara-de-mosquitos-2-1\\\/\",\"name\":\"L\u00e1mpara de mosquitos 2-1 - Eurotrail | The way we camp!\",\"isPartOf\":{\"@id\":\"https:\\\/\\\/eurotrail.info\\\/#website\"},\"primaryImageOfPage\":{\"@id\":\"https:\\\/\\\/eurotrail.info\\\/es\\\/producten\\\/domestico\\\/lampara-de-mosquitos\\\/lampara-de-mosquitos-2-1\\\/#primaryimage\"},\"image\":{\"@id\":\"https:\\\/\\\/eurotrail.info\\\/es\\\/producten\\\/domestico\\\/lampara-de-mosquitos\\\/lampara-de-mosquitos-2-1\\\/#primaryimage\"},\"thumbnailUrl\":\"https:\\\/\\\/eurotrail.info\\\/wp\\\/wp-content\\\/uploads\\\/2019\\\/01\\\/ETLT1511-Mosquito-killer-UV-on.jpg\",\"datePublished\":\"2022-11-21T14:45:48+00:00\",\"description\":\"L\u00e1mpara antimosquitos recargable con funci\u00f3n 2-1. La l\u00e1mpara da una luz brillante y con la luz ultravioleta especial tambi\u00e9n funciona como trampa para mosquitos.\",\"breadcrumb\":{\"@id\":\"https:\\\/\\\/eurotrail.info\\\/es\\\/producten\\\/domestico\\\/lampara-de-mosquitos\\\/lampara-de-mosquitos-2-1\\\/#breadcrumb\"},\"inLanguage\":\"es-ES\",\"potentialAction\":[{\"@type\":\"ReadAction\",\"target\":[\"https:\\\/\\\/eurotrail.info\\\/es\\\/producten\\\/domestico\\\/lampara-de-mosquitos\\\/lampara-de-mosquitos-2-1\\\/\"]}]},{\"@type\":\"ImageObject\",\"inLanguage\":\"es-ES\",\"@id\":\"https:\\\/\\\/eurotrail.info\\\/es\\\/producten\\\/domestico\\\/lampara-de-mosquitos\\\/lampara-de-mosquitos-2-1\\\/#primaryimage\",\"url\":\"https:\\\/\\\/eurotrail.info\\\/wp\\\/wp-content\\\/uploads\\\/2019\\\/01\\\/ETLT1511-Mosquito-killer-UV-on.jpg\",\"contentUrl\":\"https:\\\/\\\/eurotrail.info\\\/wp\\\/wp-content\\\/uploads\\\/2019\\\/01\\\/ETLT1511-Mosquito-killer-UV-on.jpg\",\"width\":633,\"height\":993,\"caption\":\"Het blauwe UV-LED licht trekt de muggen aan binnen een straal van 5 mtr,\"},{\"@type\":\"BreadcrumbList\",\"@id\":\"https:\\\/\\\/eurotrail.info\\\/es\\\/producten\\\/domestico\\\/lampara-de-mosquitos\\\/lampara-de-mosquitos-2-1\\\/#breadcrumb\",\"itemListElement\":[{\"@type\":\"ListItem\",\"position\":1,\"name\":\"Home\",\"item\":\"https:\\\/\\\/eurotrail.info\\\/es\\\/\"},{\"@type\":\"ListItem\",\"position\":2,\"name\":\"Productos\",\"item\":\"https:\\\/\\\/eurotrail.info\\\/es\\\/productos\\\/\"},{\"@type\":\"ListItem\",\"position\":3,\"name\":\"L\u00e1mpara de mosquitos 2-1\"}]},{\"@type\":\"WebSite\",\"@id\":\"https:\\\/\\\/eurotrail.info\\\/#website\",\"url\":\"https:\\\/\\\/eurotrail.info\\\/\",\"name\":\"Eurotrail | The way we camp!\",\"description\":\"\",\"publisher\":{\"@id\":\"https:\\\/\\\/eurotrail.info\\\/#organization\"},\"potentialAction\":[{\"@type\":\"SearchAction\",\"target\":{\"@type\":\"EntryPoint\",\"urlTemplate\":\"https:\\\/\\\/eurotrail.info\\\/?s={search_term_string}\"},\"query-input\":{\"@type\":\"PropertyValueSpecification\",\"valueRequired\":true,\"valueName\":\"search_term_string\"}}],\"inLanguage\":\"es-ES\"},{\"@type\":\"Organization\",\"@id\":\"https:\\\/\\\/eurotrail.info\\\/#organization\",\"name\":\"Eurotrail | The way we camp!\",\"url\":\"https:\\\/\\\/eurotrail.info\\\/\",\"logo\":{\"@type\":\"ImageObject\",\"inLanguage\":\"es-ES\",\"@id\":\"https:\\\/\\\/eurotrail.info\\\/#\\\/schema\\\/logo\\\/image\\\/\",\"url\":\"https:\\\/\\\/eurotrail.info\\\/wp\\\/wp-content\\\/uploads\\\/2023\\\/07\\\/ET-logo-quote_NL-scaled.jpg\",\"contentUrl\":\"https:\\\/\\\/eurotrail.info\\\/wp\\\/wp-content\\\/uploads\\\/2023\\\/07\\\/ET-logo-quote_NL-scaled.jpg\",\"width\":2560,\"height\":675,\"caption\":\"Eurotrail | The way we camp!\"},\"image\":{\"@id\":\"https:\\\/\\\/eurotrail.info\\\/#\\\/schema\\\/logo\\\/image\\\/\"}}]}<\/script>\n<!-- \/ Yoast SEO plugin. -->","yoast_head_json":{"title":"L\u00e1mpara de mosquitos 2-1 - Eurotrail | The way we camp!","description":"L\u00e1mpara antimosquitos recargable con funci\u00f3n 2-1. La l\u00e1mpara da una luz brillante y con la luz ultravioleta especial tambi\u00e9n funciona como trampa para mosquitos.","robots":{"index":"index","follow":"follow","max-snippet":"max-snippet:-1","max-image-preview":"max-image-preview:large","max-video-preview":"max-video-preview:-1"},"canonical":"https:\/\/eurotrail.info\/es\/producten\/domestico\/lampara-de-mosquitos\/lampara-de-mosquitos-2-1\/","og_locale":"es_ES","og_type":"article","og_title":"L\u00e1mpara de mosquitos 2-1 - Eurotrail | The way we camp!","og_description":"L\u00e1mpara antimosquitos recargable con funci\u00f3n 2-1. La l\u00e1mpara da una luz brillante y con la luz ultravioleta especial tambi\u00e9n funciona como trampa para mosquitos.","og_url":"https:\/\/eurotrail.info\/es\/producten\/domestico\/lampara-de-mosquitos\/lampara-de-mosquitos-2-1\/","og_site_name":"Eurotrail | The way we camp!","og_image":[{"width":633,"height":993,"url":"https:\/\/eurotrail.info\/wp\/wp-content\/uploads\/2019\/01\/ETLT1511-Mosquito-killer-UV-on.jpg","type":"image\/jpeg"}],"twitter_card":"summary_large_image","twitter_misc":{"Tiempo de lectura":"1 minute"},"schema":{"@context":"https:\/\/schema.org","@graph":[{"@type":"WebPage","@id":"https:\/\/eurotrail.info\/es\/producten\/domestico\/lampara-de-mosquitos\/lampara-de-mosquitos-2-1\/","url":"https:\/\/eurotrail.info\/es\/producten\/domestico\/lampara-de-mosquitos\/lampara-de-mosquitos-2-1\/","name":"L\u00e1mpara de mosquitos 2-1 - Eurotrail | The way we camp!","isPartOf":{"@id":"https:\/\/eurotrail.info\/#website"},"primaryImageOfPage":{"@id":"https:\/\/eurotrail.info\/es\/producten\/domestico\/lampara-de-mosquitos\/lampara-de-mosquitos-2-1\/#primaryimage"},"image":{"@id":"https:\/\/eurotrail.info\/es\/producten\/domestico\/lampara-de-mosquitos\/lampara-de-mosquitos-2-1\/#primaryimage"},"thumbnailUrl":"https:\/\/eurotrail.info\/wp\/wp-content\/uploads\/2019\/01\/ETLT1511-Mosquito-killer-UV-on.jpg","datePublished":"2022-11-21T14:45:48+00:00","description":"L\u00e1mpara antimosquitos recargable con funci\u00f3n 2-1. La l\u00e1mpara da una luz brillante y con la luz ultravioleta especial tambi\u00e9n funciona como trampa para mosquitos.","breadcrumb":{"@id":"https:\/\/eurotrail.info\/es\/producten\/domestico\/lampara-de-mosquitos\/lampara-de-mosquitos-2-1\/#breadcrumb"},"inLanguage":"es-ES","potentialAction":[{"@type":"ReadAction","target":["https:\/\/eurotrail.info\/es\/producten\/domestico\/lampara-de-mosquitos\/lampara-de-mosquitos-2-1\/"]}]},{"@type":"ImageObject","inLanguage":"es-ES","@id":"https:\/\/eurotrail.info\/es\/producten\/domestico\/lampara-de-mosquitos\/lampara-de-mosquitos-2-1\/#primaryimage","url":"https:\/\/eurotrail.info\/wp\/wp-content\/uploads\/2019\/01\/ETLT1511-Mosquito-killer-UV-on.jpg","contentUrl":"https:\/\/eurotrail.info\/wp\/wp-content\/uploads\/2019\/01\/ETLT1511-Mosquito-killer-UV-on.jpg","width":633,"height":993,"caption":"Het blauwe UV-LED licht trekt de muggen aan binnen een straal van 5 mtr,"},{"@type":"BreadcrumbList","@id":"https:\/\/eurotrail.info\/es\/producten\/domestico\/lampara-de-mosquitos\/lampara-de-mosquitos-2-1\/#breadcrumb","itemListElement":[{"@type":"ListItem","position":1,"name":"Home","item":"https:\/\/eurotrail.info\/es\/"},{"@type":"ListItem","position":2,"name":"Productos","item":"https:\/\/eurotrail.info\/es\/productos\/"},{"@type":"ListItem","position":3,"name":"L\u00e1mpara de mosquitos 2-1"}]},{"@type":"WebSite","@id":"https:\/\/eurotrail.info\/#website","url":"https:\/\/eurotrail.info\/","name":"Eurotrail | The way we camp!","description":"","publisher":{"@id":"https:\/\/eurotrail.info\/#organization"},"potentialAction":[{"@type":"SearchAction","target":{"@type":"EntryPoint","urlTemplate":"https:\/\/eurotrail.info\/?s={search_term_string}"},"query-input":{"@type":"PropertyValueSpecification","valueRequired":true,"valueName":"search_term_string"}}],"inLanguage":"es-ES"},{"@type":"Organization","@id":"https:\/\/eurotrail.info\/#organization","name":"Eurotrail | The way we camp!","url":"https:\/\/eurotrail.info\/","logo":{"@type":"ImageObject","inLanguage":"es-ES","@id":"https:\/\/eurotrail.info\/#\/schema\/logo\/image\/","url":"https:\/\/eurotrail.info\/wp\/wp-content\/uploads\/2023\/07\/ET-logo-quote_NL-scaled.jpg","contentUrl":"https:\/\/eurotrail.info\/wp\/wp-content\/uploads\/2023\/07\/ET-logo-quote_NL-scaled.jpg","width":2560,"height":675,"caption":"Eurotrail | The way we camp!"},"image":{"@id":"https:\/\/eurotrail.info\/#\/schema\/logo\/image\/"}}]}},"_links":{"self":[{"href":"https:\/\/eurotrail.info\/es\/wp-json\/wp\/v2\/product\/20731","targetHints":{"allow":["GET"]}}],"collection":[{"href":"https:\/\/eurotrail.info\/es\/wp-json\/wp\/v2\/product"}],"about":[{"href":"https:\/\/eurotrail.info\/es\/wp-json\/wp\/v2\/types\/product"}],"replies":[{"embeddable":true,"href":"https:\/\/eurotrail.info\/es\/wp-json\/wp\/v2\/comments?post=20731"}],"wp:featuredmedia":[{"embeddable":true,"href":"https:\/\/eurotrail.info\/es\/wp-json\/wp\/v2\/media\/18482"}],"wp:attachment":[{"href":"https:\/\/eurotrail.info\/es\/wp-json\/wp\/v2\/media?parent=20731"}],"wp:term":[{"taxonomy":"product_brand","embeddable":true,"href":"https:\/\/eurotrail.info\/es\/wp-json\/wp\/v2\/product_brand?post=20731"},{"taxonomy":"product_cat","embeddable":true,"href":"https:\/\/eurotrail.info\/es\/wp-json\/wp\/v2\/product_cat?post=20731"},{"taxonomy":"product_tag","embeddable":true,"href":"https:\/\/eurotrail.info\/es\/wp-json\/wp\/v2\/product_tag?post=20731"}],"curies":[{"name":"wp","href":"https:\/\/api.w.org\/{rel}","templated":true}]}}