{"id":20732,"date":"2018-01-08T16:45:53","date_gmt":"2022-11-21T14:47:57","guid":{"rendered":"https:\/\/eurotrail.info\/?post_type=product&#038;p=20732"},"modified":"2022-11-21T15:47:58","modified_gmt":"2022-11-21T14:47:58","slug":"linterna-de-camping-recargable-leon","status":"publish","type":"product","link":"https:\/\/eurotrail.info\/es\/producten\/alivio\/linterna-de-camping-recargable-leon\/","title":{"rendered":"Linterna de camping recargable Leon"},"content":{"rendered":"<p>L\u00e1mpara de camping recargable con luz clara y brillante de hasta 1000 l\u00famenes. Caja resistente fabricada en ABS y recubierta de goma. Asa de transporte. 4 modos de funcionamiento: luz fr\u00eda, luz c\u00e1lida suave, combinaci\u00f3n de fr\u00edo\/calor, luz estrobosc\u00f3pica, funci\u00f3n de atenuaci\u00f3n. Gancho especial en la parte inferior para funci\u00f3n de colgar.<\/p>\n<p>\u00a1El Le\u00f3n tambi\u00e9n se puede usar como un banco de energ\u00eda con el que puede recargar f\u00e1cilmente su tel\u00e9fono m\u00f3vil!<\/p>\n<p>Cargado por: 3.7V, construido en bater\u00eda de litio de 4000 MAH<br \/>\nRecargable: entrada USB o micro USB (cable de carga incluido)<br \/>\nTiempo de ejecuci\u00f3n: luz fr\u00eda \u00b1 5 horas, luz c\u00e1lida \u00b1 7 horas, combinado (1000 l\u00famenes) 3 horas.<\/p>\n<p>Tama\u00f1o: 10&#215;9.5x19cm<br \/>\nPeso: 490 gr.<\/p>\n","protected":false},"excerpt":{"rendered":"<p>L\u00e1mpara de camping recargable con luz clara y brillante de hasta 1000 l\u00famenes. Caja resistente fabricada en ABS y recubierta de goma. Asa de transporte.&hellip;<\/p>\n","protected":false},"featured_media":18135,"comment_status":"open","ping_status":"closed","template":"","meta":{"_acf_changed":false},"product_brand":[],"product_cat":[379],"product_tag":[],"class_list":{"0":"post-20732","1":"product","2":"type-product","3":"status-publish","4":"has-post-thumbnail","6":"product_cat-alivio","8":"first","9":"instock","10":"shipping-taxable","11":"product-type-simple"},"acf":[],"yoast_head":"<!-- This site is optimized with the Yoast SEO plugin v27.3 - https:\/\/yoast.com\/product\/yoast-seo-wordpress\/ -->\n<title>Linterna de camping recargable Leon - Eurotrail | The way we camp!<\/title>\n<meta name=\"description\" content=\"L\u00e1mpara de camping recargable con luz clara y brillante de hasta 1000 l\u00famenes. Caja resistente fabricada en ABS y recubierta de goma. Asa de transporte.\" \/>\n<meta name=\"robots\" content=\"index, follow, max-snippet:-1, max-image-preview:large, max-video-preview:-1\" \/>\n<link rel=\"canonical\" href=\"https:\/\/eurotrail.info\/es\/producten\/alivio\/linterna-de-camping-recargable-leon\/\" \/>\n<meta property=\"og:locale\" content=\"es_ES\" \/>\n<meta property=\"og:type\" content=\"article\" \/>\n<meta property=\"og:title\" content=\"Linterna de camping recargable Leon - Eurotrail | The way we camp!\" \/>\n<meta property=\"og:description\" content=\"L\u00e1mpara de camping recargable con luz clara y brillante de hasta 1000 l\u00famenes. Caja resistente fabricada en ABS y recubierta de goma. Asa de transporte.\" \/>\n<meta property=\"og:url\" content=\"https:\/\/eurotrail.info\/es\/producten\/alivio\/linterna-de-camping-recargable-leon\/\" \/>\n<meta property=\"og:site_name\" content=\"Eurotrail | The way we camp!\" \/>\n<meta property=\"article:modified_time\" content=\"2022-11-21T14:47:58+00:00\" \/>\n<meta property=\"og:image\" content=\"https:\/\/eurotrail.info\/wp\/wp-content\/uploads\/2018\/01\/ETLT1176-L\u00e9on-1000-17.jpg\" \/>\n\t<meta property=\"og:image:width\" content=\"1491\" \/>\n\t<meta property=\"og:image:height\" content=\"1772\" \/>\n\t<meta property=\"og:image:type\" content=\"image\/jpeg\" \/>\n<meta name=\"twitter:card\" content=\"summary_large_image\" \/>\n<meta name=\"twitter:label1\" content=\"Tiempo de lectura\" \/>\n\t<meta name=\"twitter:data1\" content=\"1 minute\" \/>\n<script type=\"application\/ld+json\" class=\"yoast-schema-graph\">{\"@context\":\"https:\\\/\\\/schema.org\",\"@graph\":[{\"@type\":\"WebPage\",\"@id\":\"https:\\\/\\\/eurotrail.info\\\/es\\\/producten\\\/alivio\\\/linterna-de-camping-recargable-leon\\\/\",\"url\":\"https:\\\/\\\/eurotrail.info\\\/es\\\/producten\\\/alivio\\\/linterna-de-camping-recargable-leon\\\/\",\"name\":\"Linterna de camping recargable Leon - Eurotrail | The way we camp!\",\"isPartOf\":{\"@id\":\"https:\\\/\\\/eurotrail.info\\\/#website\"},\"primaryImageOfPage\":{\"@id\":\"https:\\\/\\\/eurotrail.info\\\/es\\\/producten\\\/alivio\\\/linterna-de-camping-recargable-leon\\\/#primaryimage\"},\"image\":{\"@id\":\"https:\\\/\\\/eurotrail.info\\\/es\\\/producten\\\/alivio\\\/linterna-de-camping-recargable-leon\\\/#primaryimage\"},\"thumbnailUrl\":\"https:\\\/\\\/eurotrail.info\\\/wp\\\/wp-content\\\/uploads\\\/2018\\\/01\\\/ETLT1176-L\u00e9on-1000-17.jpg\",\"datePublished\":\"2022-11-21T14:47:57+00:00\",\"dateModified\":\"2022-11-21T14:47:58+00:00\",\"description\":\"L\u00e1mpara de camping recargable con luz clara y brillante de hasta 1000 l\u00famenes. Caja resistente fabricada en ABS y recubierta de goma. Asa de transporte.\",\"breadcrumb\":{\"@id\":\"https:\\\/\\\/eurotrail.info\\\/es\\\/producten\\\/alivio\\\/linterna-de-camping-recargable-leon\\\/#breadcrumb\"},\"inLanguage\":\"es-ES\",\"potentialAction\":[{\"@type\":\"ReadAction\",\"target\":[\"https:\\\/\\\/eurotrail.info\\\/es\\\/producten\\\/alivio\\\/linterna-de-camping-recargable-leon\\\/\"]}]},{\"@type\":\"ImageObject\",\"inLanguage\":\"es-ES\",\"@id\":\"https:\\\/\\\/eurotrail.info\\\/es\\\/producten\\\/alivio\\\/linterna-de-camping-recargable-leon\\\/#primaryimage\",\"url\":\"https:\\\/\\\/eurotrail.info\\\/wp\\\/wp-content\\\/uploads\\\/2018\\\/01\\\/ETLT1176-L\u00e9on-1000-17.jpg\",\"contentUrl\":\"https:\\\/\\\/eurotrail.info\\\/wp\\\/wp-content\\\/uploads\\\/2018\\\/01\\\/ETLT1176-L\u00e9on-1000-17.jpg\",\"width\":1491,\"height\":1772,\"caption\":\"Oplaadbare camping lamp met heldere licht tot 1000 lumen\"},{\"@type\":\"BreadcrumbList\",\"@id\":\"https:\\\/\\\/eurotrail.info\\\/es\\\/producten\\\/alivio\\\/linterna-de-camping-recargable-leon\\\/#breadcrumb\",\"itemListElement\":[{\"@type\":\"ListItem\",\"position\":1,\"name\":\"Home\",\"item\":\"https:\\\/\\\/eurotrail.info\\\/es\\\/\"},{\"@type\":\"ListItem\",\"position\":2,\"name\":\"Productos\",\"item\":\"https:\\\/\\\/eurotrail.info\\\/es\\\/productos\\\/\"},{\"@type\":\"ListItem\",\"position\":3,\"name\":\"Linterna de camping recargable Leon\"}]},{\"@type\":\"WebSite\",\"@id\":\"https:\\\/\\\/eurotrail.info\\\/#website\",\"url\":\"https:\\\/\\\/eurotrail.info\\\/\",\"name\":\"Eurotrail | The way we camp!\",\"description\":\"\",\"publisher\":{\"@id\":\"https:\\\/\\\/eurotrail.info\\\/#organization\"},\"potentialAction\":[{\"@type\":\"SearchAction\",\"target\":{\"@type\":\"EntryPoint\",\"urlTemplate\":\"https:\\\/\\\/eurotrail.info\\\/?s={search_term_string}\"},\"query-input\":{\"@type\":\"PropertyValueSpecification\",\"valueRequired\":true,\"valueName\":\"search_term_string\"}}],\"inLanguage\":\"es-ES\"},{\"@type\":\"Organization\",\"@id\":\"https:\\\/\\\/eurotrail.info\\\/#organization\",\"name\":\"Eurotrail | The way we camp!\",\"url\":\"https:\\\/\\\/eurotrail.info\\\/\",\"logo\":{\"@type\":\"ImageObject\",\"inLanguage\":\"es-ES\",\"@id\":\"https:\\\/\\\/eurotrail.info\\\/#\\\/schema\\\/logo\\\/image\\\/\",\"url\":\"https:\\\/\\\/eurotrail.info\\\/wp\\\/wp-content\\\/uploads\\\/2023\\\/07\\\/ET-logo-quote_NL-scaled.jpg\",\"contentUrl\":\"https:\\\/\\\/eurotrail.info\\\/wp\\\/wp-content\\\/uploads\\\/2023\\\/07\\\/ET-logo-quote_NL-scaled.jpg\",\"width\":2560,\"height\":675,\"caption\":\"Eurotrail | The way we camp!\"},\"image\":{\"@id\":\"https:\\\/\\\/eurotrail.info\\\/#\\\/schema\\\/logo\\\/image\\\/\"}}]}<\/script>\n<!-- \/ Yoast SEO plugin. -->","yoast_head_json":{"title":"Linterna de camping recargable Leon - Eurotrail | The way we camp!","description":"L\u00e1mpara de camping recargable con luz clara y brillante de hasta 1000 l\u00famenes. Caja resistente fabricada en ABS y recubierta de goma. Asa de transporte.","robots":{"index":"index","follow":"follow","max-snippet":"max-snippet:-1","max-image-preview":"max-image-preview:large","max-video-preview":"max-video-preview:-1"},"canonical":"https:\/\/eurotrail.info\/es\/producten\/alivio\/linterna-de-camping-recargable-leon\/","og_locale":"es_ES","og_type":"article","og_title":"Linterna de camping recargable Leon - Eurotrail | The way we camp!","og_description":"L\u00e1mpara de camping recargable con luz clara y brillante de hasta 1000 l\u00famenes. Caja resistente fabricada en ABS y recubierta de goma. Asa de transporte.","og_url":"https:\/\/eurotrail.info\/es\/producten\/alivio\/linterna-de-camping-recargable-leon\/","og_site_name":"Eurotrail | The way we camp!","article_modified_time":"2022-11-21T14:47:58+00:00","og_image":[{"width":1491,"height":1772,"url":"https:\/\/eurotrail.info\/wp\/wp-content\/uploads\/2018\/01\/ETLT1176-L\u00e9on-1000-17.jpg","type":"image\/jpeg"}],"twitter_card":"summary_large_image","twitter_misc":{"Tiempo de lectura":"1 minute"},"schema":{"@context":"https:\/\/schema.org","@graph":[{"@type":"WebPage","@id":"https:\/\/eurotrail.info\/es\/producten\/alivio\/linterna-de-camping-recargable-leon\/","url":"https:\/\/eurotrail.info\/es\/producten\/alivio\/linterna-de-camping-recargable-leon\/","name":"Linterna de camping recargable Leon - Eurotrail | The way we camp!","isPartOf":{"@id":"https:\/\/eurotrail.info\/#website"},"primaryImageOfPage":{"@id":"https:\/\/eurotrail.info\/es\/producten\/alivio\/linterna-de-camping-recargable-leon\/#primaryimage"},"image":{"@id":"https:\/\/eurotrail.info\/es\/producten\/alivio\/linterna-de-camping-recargable-leon\/#primaryimage"},"thumbnailUrl":"https:\/\/eurotrail.info\/wp\/wp-content\/uploads\/2018\/01\/ETLT1176-L\u00e9on-1000-17.jpg","datePublished":"2022-11-21T14:47:57+00:00","dateModified":"2022-11-21T14:47:58+00:00","description":"L\u00e1mpara de camping recargable con luz clara y brillante de hasta 1000 l\u00famenes. Caja resistente fabricada en ABS y recubierta de goma. Asa de transporte.","breadcrumb":{"@id":"https:\/\/eurotrail.info\/es\/producten\/alivio\/linterna-de-camping-recargable-leon\/#breadcrumb"},"inLanguage":"es-ES","potentialAction":[{"@type":"ReadAction","target":["https:\/\/eurotrail.info\/es\/producten\/alivio\/linterna-de-camping-recargable-leon\/"]}]},{"@type":"ImageObject","inLanguage":"es-ES","@id":"https:\/\/eurotrail.info\/es\/producten\/alivio\/linterna-de-camping-recargable-leon\/#primaryimage","url":"https:\/\/eurotrail.info\/wp\/wp-content\/uploads\/2018\/01\/ETLT1176-L\u00e9on-1000-17.jpg","contentUrl":"https:\/\/eurotrail.info\/wp\/wp-content\/uploads\/2018\/01\/ETLT1176-L\u00e9on-1000-17.jpg","width":1491,"height":1772,"caption":"Oplaadbare camping lamp met heldere licht tot 1000 lumen"},{"@type":"BreadcrumbList","@id":"https:\/\/eurotrail.info\/es\/producten\/alivio\/linterna-de-camping-recargable-leon\/#breadcrumb","itemListElement":[{"@type":"ListItem","position":1,"name":"Home","item":"https:\/\/eurotrail.info\/es\/"},{"@type":"ListItem","position":2,"name":"Productos","item":"https:\/\/eurotrail.info\/es\/productos\/"},{"@type":"ListItem","position":3,"name":"Linterna de camping recargable Leon"}]},{"@type":"WebSite","@id":"https:\/\/eurotrail.info\/#website","url":"https:\/\/eurotrail.info\/","name":"Eurotrail | The way we camp!","description":"","publisher":{"@id":"https:\/\/eurotrail.info\/#organization"},"potentialAction":[{"@type":"SearchAction","target":{"@type":"EntryPoint","urlTemplate":"https:\/\/eurotrail.info\/?s={search_term_string}"},"query-input":{"@type":"PropertyValueSpecification","valueRequired":true,"valueName":"search_term_string"}}],"inLanguage":"es-ES"},{"@type":"Organization","@id":"https:\/\/eurotrail.info\/#organization","name":"Eurotrail | The way we camp!","url":"https:\/\/eurotrail.info\/","logo":{"@type":"ImageObject","inLanguage":"es-ES","@id":"https:\/\/eurotrail.info\/#\/schema\/logo\/image\/","url":"https:\/\/eurotrail.info\/wp\/wp-content\/uploads\/2023\/07\/ET-logo-quote_NL-scaled.jpg","contentUrl":"https:\/\/eurotrail.info\/wp\/wp-content\/uploads\/2023\/07\/ET-logo-quote_NL-scaled.jpg","width":2560,"height":675,"caption":"Eurotrail | The way we camp!"},"image":{"@id":"https:\/\/eurotrail.info\/#\/schema\/logo\/image\/"}}]}},"_links":{"self":[{"href":"https:\/\/eurotrail.info\/es\/wp-json\/wp\/v2\/product\/20732","targetHints":{"allow":["GET"]}}],"collection":[{"href":"https:\/\/eurotrail.info\/es\/wp-json\/wp\/v2\/product"}],"about":[{"href":"https:\/\/eurotrail.info\/es\/wp-json\/wp\/v2\/types\/product"}],"replies":[{"embeddable":true,"href":"https:\/\/eurotrail.info\/es\/wp-json\/wp\/v2\/comments?post=20732"}],"wp:featuredmedia":[{"embeddable":true,"href":"https:\/\/eurotrail.info\/es\/wp-json\/wp\/v2\/media\/18135"}],"wp:attachment":[{"href":"https:\/\/eurotrail.info\/es\/wp-json\/wp\/v2\/media?parent=20732"}],"wp:term":[{"taxonomy":"product_brand","embeddable":true,"href":"https:\/\/eurotrail.info\/es\/wp-json\/wp\/v2\/product_brand?post=20732"},{"taxonomy":"product_cat","embeddable":true,"href":"https:\/\/eurotrail.info\/es\/wp-json\/wp\/v2\/product_cat?post=20732"},{"taxonomy":"product_tag","embeddable":true,"href":"https:\/\/eurotrail.info\/es\/wp-json\/wp\/v2\/product_tag?post=20732"}],"curies":[{"name":"wp","href":"https:\/\/api.w.org\/{rel}","templated":true}]}}